{"id":1651,"date":"2021-05-13T07:20:10","date_gmt":"2021-05-13T07:20:10","guid":{"rendered":"https:\/\/taizypackaging.com\/?p=1651"},"modified":"2024-07-16T16:40:42","modified_gmt":"2024-07-16T08:40:42","slug":"bread-packing-machine-4","status":"publish","type":"product","link":"https:\/\/taizypackaging.com\/pt\/bread-packing-machine\/","title":{"rendered":"M\u00e1quina de embalagem de p\u00e3o"},"content":{"rendered":"<div class=\"kk-star-ratings kksr-auto kksr-align-left kksr-valign-top\"     data-payload='{&quot;align&quot;:&quot;left&quot;,&quot;id&quot;:&quot;1651&quot;,&quot;slug&quot;:&quot;default&quot;,&quot;valign&quot;:&quot;top&quot;,&quot;ignore&quot;:&quot;&quot;,&quot;reference&quot;:&quot;auto&quot;,&quot;class&quot;:&quot;&quot;,&quot;count&quot;:&quot;29&quot;,&quot;legendonly&quot;:&quot;&quot;,&quot;readonly&quot;:&quot;&quot;,&quot;score&quot;:&quot;4.7&quot;,&quot;starsonly&quot;:&quot;&quot;,&quot;best&quot;:&quot;5&quot;,&quot;gap&quot;:&quot;5&quot;,&quot;greet&quot;:&quot;Rate this product&quot;,&quot;legend&quot;:&quot;4.7\\\/5 - (29 votes)&quot;,&quot;size&quot;:&quot;24&quot;,&quot;title&quot;:&quot;Bread Packing Machine&quot;,&quot;width&quot;:&quot;133.8&quot;,&quot;_legend&quot;:&quot;{score}\\\/{best} - ({count} {votes})&quot;,&quot;font_factor&quot;:&quot;1.25&quot;}'>              <div class=\"kksr-stars\">      <div class=\"kksr-stars-inactive\">             <div class=\"kksr-star\" data-star=\"1\" style=\"padding-right: 5px\">               <div class=\"kksr-icon\" style=\"width: 24px; height: 24px;\"><\/div>         <\/div>             <div class=\"kksr-star\" data-star=\"2\" style=\"padding-right: 5px\">               <div class=\"kksr-icon\" style=\"width: 24px; height: 24px;\"><\/div>         <\/div>             <div class=\"kksr-star\" data-star=\"3\" style=\"padding-right: 5px\">               <div class=\"kksr-icon\" style=\"width: 24px; height: 24px;\"><\/div>         <\/div>             <div class=\"kksr-star\" data-star=\"4\" style=\"padding-right: 5px\">               <div class=\"kksr-icon\" style=\"width: 24px; height: 24px;\"><\/div>         <\/div>             <div class=\"kksr-star\" data-star=\"5\" style=\"padding-right: 5px\">               <div class=\"kksr-icon\" style=\"width: 24px; height: 24px;\"><\/div>         <\/div>     <\/div>      <div class=\"kksr-stars-active\" style=\"width: 133.8px;\">             <div class=\"kksr-star\" style=\"padding-right: 5px\">               <div class=\"kksr-icon\" style=\"width: 24px; height: 24px;\"><\/div>         <\/div>             <div class=\"kksr-star\" style=\"padding-right: 5px\">               <div class=\"kksr-icon\" style=\"width: 24px; height: 24px;\"><\/div>         <\/div>             <div class=\"kksr-star\" style=\"padding-right: 5px\">               <div class=\"kksr-icon\" style=\"width: 24px; height: 24px;\"><\/div>         <\/div>             <div class=\"kksr-star\" style=\"padding-right: 5px\">               <div class=\"kksr-icon\" style=\"width: 24px; height: 24px;\"><\/div>         <\/div>             <div class=\"kksr-star\" style=\"padding-right: 5px\">               <div class=\"kksr-icon\" style=\"width: 24px; height: 24px;\"><\/div>         <\/div>     <\/div> <\/div>                   <div class=\"kksr-legend\" style=\"font-size: 19.2px;\">             4,7\/5 - (29 votos)    <\/div>     <\/div>  <p class=\"translation-block\">A<strong> m\u00e1quina de embalagem de p\u00e3o<\/strong> \u00e9 um tipo de m\u00e1quina de fluxo horizontal, pelo que tamb\u00e9m \u00e9 chamada de <strong>m\u00e1quina de embalagem de p\u00e3o<\/strong>. Pode concluir automaticamente o processo de alimenta\u00e7\u00e3o, fabrico de sacos, selagem e corte. A nossa m\u00e1quina autom\u00e1tica de embalagem de p\u00e3o pode aumentar significativamente a sua efici\u00eancia e beneficiar o seu projeto. <\/p>    <p class=\"translation-block\">\u00c9 adequada para embalar v\u00e1rios produtos alimentares e n\u00e3o alimentares, como p\u00e3o, pastelaria, bolachas, vegetais, frutas, m\u00e1scaras faciais, chocolate e muitos outros produtos. A Taizy Packaging Machinery LTD \u00e9 um fabricante profissional de <strong>m\u00e1quinas de embalagem de p\u00e3o<\/strong> com vasta experi\u00eancia. Bem-vindo a contactar-nos para obter o melhor pre\u00e7o. <\/p>   <figure class=\"wp-block-embed-youtube wp-block-embed is-type-video is-provider-youtube wp-embed-aspect-16-9 wp-has-aspect-ratio\"><div class=\"lyte-wrapper fourthree\" title=\"Embalagem de p\u00e3o\/m\u00e1quina de embalagem de pastelaria\/m\u00e1quina de embalagem de p\u00e3o\/m\u00e1quina de embalagem autom\u00e1tica de p\u00e3o\" style=\"width:960px;max-width:100%;margin:5px auto;\"><div class=\"lyMe hidef\" id=\"WYL_KB7bKQwdDSI\" itemprop=\"video\" itemscope itemtype=\"https:\/\/schema.org\/VideoObject\"><div><meta itemprop=\"thumbnailUrl\" content=\"https:\/\/taizypackaging.com\/wp-content\/plugins\/wp-youtube-lyte\/lyteCache.php?origThumbUrl=https%3A%2F%2Fi.ytimg.com%2Fvi%2FKB7bKQwdDSI%2Fhqdefault.jpg\" \/><meta itemprop=\"embedURL\" content=\"https:\/\/www.youtube.com\/embed\/KB7bKQwdDSI\" \/><meta itemprop=\"duration\" content=\"PT1M32S\" \/><meta itemprop=\"uploadDate\" content=\"2020-12-08T07:36:08Z\" \/><\/div><div id=\"lyte_KB7bKQwdDSI\" data-src=\"https:\/\/taizypackaging.com\/wp-content\/plugins\/wp-youtube-lyte\/lyteCache.php?origThumbUrl=https%3A%2F%2Fi.ytimg.com%2Fvi%2FKB7bKQwdDSI%2Fhqdefault.jpg\" class=\"pL\"><div class=\"tC\"><div class=\"tT\" itemprop=\"name\">Embalagem de p\u00e3o\/m\u00e1quina de embalagem de pastelaria\/m\u00e1quina de embalagem de p\u00e3o\/m\u00e1quina de embalagem autom\u00e1tica de p\u00e3o<\/div><\/div><div class=\"play\"><\/div><div class=\"ctrl\"><div class=\"Lctrl\"><\/div><div class=\"Rctrl\"><\/div><\/div><\/div><noscript><a href=\"https:\/\/youtu.be\/KB7bKQwdDSI\" rel=\"nofollow noopener\" target=\"_blank\"><img loading=\"lazy\" decoding=\"async\" src=\"https:\/\/taizypackaging.com\/wp-content\/plugins\/wp-youtube-lyte\/lyteCache.php?origThumbUrl=https%3A%2F%2Fi.ytimg.com%2Fvi%2FKB7bKQwdDSI%2F0.jpg\" alt=\"Embalagem de p\u00e3o\/m\u00e1quina de embalagem de pastelaria\/m\u00e1quina de embalagem de p\u00e3o\/m\u00e1quina de embalagem autom\u00e1tica de p\u00e3o\" width=\"960\" height=\"700\" \/><br \/>Assista a este v\u00eddeo no YouTube<\/a><\/noscript><meta itemprop=\"description\" content=\"Website: https:\/\/taizypackaging.com\/ WhatsApp for factory price: +8617320158259 This bread packing machine can pack all kinds of bread, long loaf, sliced bread, small bread, pastry, sachima. and many more. According to your own packaging, you can configure date printing, inflation, brush and so on.\"><\/div><\/div><div class=\"lL\" style=\"max-width:100%;width:960px;margin:5px auto;\"><\/div><figcaption>v\u00eddeo da m\u00e1quina de embalagem de p\u00e3o<\/figcaption><\/figure>   <h2 class=\"wp-block-heading\" id=\"what-is-bread-packing-machine\">O que \u00e9 uma m\u00e1quina de embalar p\u00e3o? <\/h2>    <p class=\"translation-block\">A m\u00e1quina de embalagem de p\u00e3o Taizy \u00e9 um tipo de m\u00e1quina de embalagem tipo almofada. O p\u00e3o \u00e9 macio, pelo que as m\u00e1quinas de embalagem comuns n\u00e3o conseguem embalar o p\u00e3o individualmente. Devido \u00e0 sua estrutura \u00fanica e razo\u00e1vel, a m\u00e1quina de embalagem tipo almofada pode concluir a embalagem totalmente autom\u00e1tica de p\u00e3o. E n\u00e3o danificar a sua forma. Com um sistema de controlo <a href=\"https:\/\/en.wikipedia.org\/wiki\/Programmable_logic_controller\" target=\"_blank\" rel=\"noopener\">PLC<\/a> inteligente e tecnologia avan\u00e7ada, uma m\u00e1quina de embalagem de fluxo tipo almofada \u00e9 muito f\u00e1cil de operar. Isto pode poupar significativamente os seus custos de m\u00e3o de obra. <\/p>    <figure class=\"wp-block-image size-full\"><img loading=\"lazy\" decoding=\"async\" width=\"750\" height=\"500\" src=\"https:\/\/taizypackaging.com\/wp-content\/uploads\/2021\/05\/bread-packing-machine-2.jpg\" alt=\"m\u00e1quina de embalagem de p\u00e3o\" class=\"wp-image-3486\" srcset=\"https:\/\/taizypackaging.com\/wp-content\/uploads\/2021\/05\/bread-packing-machine-2.jpg 750w, https:\/\/taizypackaging.com\/wp-content\/uploads\/2021\/05\/bread-packing-machine-2-300x200.jpg 300w\" sizes=\"auto, (max-width: 750px) 100vw, 750px\" \/><figcaption class=\"wp-element-caption\">m\u00e1quina de embalagem de p\u00e3o<\/figcaption><\/figure>    <h2 class=\"wp-block-heading\" id=\"h-packaging-sample-of-the-horizontal-packing-machine\">Aplica\u00e7\u00f5es da m\u00e1quina de embalar p\u00e3o<\/h2>    <p>Esta m\u00e1quina \u00e9 amplamente utilizada para embalagens de alimentos, como p\u00e3o, chocolate, biscoitos, vegetais, frutas, etc. Al\u00e9m disso, tamb\u00e9m \u00e9 adequada para outros produtos como acess\u00f3rios de metal, necessidades di\u00e1rias, pl\u00e1sticos e outros campos. <\/p>    <figure class=\"wp-block-image size-large\"><img decoding=\"async\" src=\"https:\/\/taizypackaging.com\/wp-content\/uploads\/2021\/05\/packing-sample.jpg\" alt=\"amostra de embalagem\" class=\"wp-image-1664\"\/><figcaption class=\"wp-element-caption\">amostra de embalagem<\/figcaption><\/figure>    <h2 class=\"wp-block-heading\" id=\"h-the-structure-of-the-bread-packaging-machine\">Estruturas da m\u00e1quina de embalar p\u00e3o<\/h2>    <p>A m\u00e1quina de embalagem horizontal compreende uma \u00e1rea de controle inglesa, eixo de filme em rolo de liga\u00e7\u00e3o, temperatura control\u00e1vel em tempo real, \u00e1rea de veda\u00e7\u00e3o e impressora de data. Cada parte controla fun\u00e7\u00f5es diferentes. Uma breve introdu\u00e7\u00e3o \u00e0 m\u00e1quina de embalagem de p\u00e3o \u00e9 a seguinte.<\/p>    <ol class=\"wp-block-list\"> <li><strong>Idioma ingl\u00eas dispon\u00edvel<\/strong><br>Nossa m\u00e1quina de embalagem de p\u00e3o adota uma grande tela sens\u00edvel ao toque, o m\u00e9todo de entrada adota o modo de comuta\u00e7\u00e3o chin\u00eas e ingl\u00eas<\/li>    <li><strong> Eixo de filme em rolo de liga\u00e7\u00e3o<\/strong><br>O eixo de filme em rolo interligado funciona melhor do que um eixo de filme em rolo \u00fanico. Porque existem muitos tipos de materiais para o filme<\/li>    <li><strong>Temperatura control\u00e1vel em tempo real<\/strong><br>Quando a m\u00e1quina embaladora de travesseiros come\u00e7a a embalar, de acordo com as caracter\u00edsticas do material do filme, recomendamos ajustar a temperatura para cerca de 125 graus Celsius para garantir um bom efeito de veda\u00e7\u00e3o<\/li>    <li> <strong>\u00c1rea de veda\u00e7\u00e3o<\/strong><br>O filme em rolo \u00e9 pr\u00e9-embalado atrav\u00e9s da \u00e1rea selada a quente. Os dois rolos s\u00e3o chamados de roda de selagem de filme.<\/li>    <li><strong>Impressora de data\u00a0<\/strong><br>O dispositivo de impressora pode imprimir a data, n\u00famero de s\u00e9rie de produ\u00e7\u00e3o, c\u00f3digo QR, etc.<\/li> <\/ol>    <figure class=\"wp-block-image size-full\"><img decoding=\"async\" src=\"https:\/\/taizypackaging.com\/wp-content\/uploads\/2021\/05\/bread-packaging-machine-structure.jpg\" alt=\"estrutura da m\u00e1quina de embalagem de p\u00e3o\" class=\"wp-image-3489\"\/><figcaption class=\"wp-element-caption\">estrutura da m\u00e1quina de embalagem de p\u00e3o<\/figcaption><\/figure>    <h2 class=\"wp-block-heading\" id=\"h-the-working-principle-of-the-bread-packaging-machine\">Princ\u00edpio de funcionamento da m\u00e1quina de embalar p\u00e3o<\/h2>    <ul class=\"wp-block-list\"> <li>A m\u00e1quina de embalagem de p\u00e3o \u00e9 uma m\u00e1quina de embalagem cont\u00ednua com forte capacidade de embalagem, adequada para diversas especifica\u00e7\u00f5es de produtos aliment\u00edcios e n\u00e3o aliment\u00edcios.<\/li>    <li>A m\u00e1quina de embalagem de travesseiros adota m\u00e9todos de corte e caminhada, e o rastreamento ocular fotoel\u00e9trico de alta sensibilidade n\u00e3o fecha sacos vazios ou corta diagonalmente.<\/li>    <li>A m\u00e1quina de embalagem horizontal adota controle de conversor de frequ\u00eancia duplo, o que economiza tempo e filme ao mesmo tempo<\/li>    <li>A interface de controle homem-m\u00e1quina e a fun\u00e7\u00e3o de diagn\u00f3stico autom\u00e1tico s\u00e3o adotadas na opera\u00e7\u00e3o, e a falha do equipamento \u00e9 f\u00e1cil de detectar.<\/li> <\/ul>    <h2 class=\"wp-block-heading\" id=\"h-power-equipment-of-the-bread-packing-machine\">O sistema de energia da m\u00e1quina de embalar p\u00e3o<\/h2>    <p>A energia utilizada pela m\u00e1quina de embalar p\u00e3o \u00e9 um motor. A maioria das m\u00e1quinas de embalagem geralmente usa motores de frequ\u00eancia vari\u00e1vel e servomotores tamb\u00e9m podem ser usados. Uma m\u00e1quina possui dois motores. O grande motor controla a correia transportadora na entrada, o transportador na sa\u00edda e o cortador. Um pequeno motor controla o rolo de filme.<\/p>    <p>Servomotores podem ser utilizados no corte de embalagens de produtos com comprimentos irregulares. O servo motor pode detectar automaticamente o comprimento de corte do objeto para evitar erros de corte. Por exemplo, ao embalar macarr\u00e3o, vegetais, frutas e outros produtos, o servo motor \u00e9 a melhor escolha porque o comprimento da embalagem desses produtos n\u00e3o \u00e9 fixo.<\/p>    <figure class=\"wp-block-gallery has-nested-images columns-default is-cropped wp-block-gallery-2 is-layout-flex wp-block-gallery-is-layout-flex\"> <figure class=\"wp-block-image size-large\"><img loading=\"lazy\" decoding=\"async\" width=\"720\" height=\"540\" data-id=\"1828\" src=\"https:\/\/taizypackaging.com\/wp-content\/uploads\/2021\/05\/variable-frequency-motor.jpg\" alt=\"motor de frequ\u00eancia vari\u00e1vel\" class=\"wp-image-1828\" srcset=\"https:\/\/taizypackaging.com\/wp-content\/uploads\/2021\/05\/variable-frequency-motor.jpg 720w, https:\/\/taizypackaging.com\/wp-content\/uploads\/2021\/05\/variable-frequency-motor-300x225.jpg 300w\" sizes=\"auto, (max-width: 720px) 100vw, 720px\" \/><figcaption class=\"wp-element-caption\">motor de frequ\u00eancia vari\u00e1vel<\/figcaption><\/figure>    <figure class=\"wp-block-image size-large\"><img loading=\"lazy\" decoding=\"async\" width=\"720\" height=\"540\" data-id=\"1827\" src=\"https:\/\/taizypackaging.com\/wp-content\/uploads\/2021\/05\/servo-motor.jpg\" alt=\"servo motor\" class=\"wp-image-1827\" srcset=\"https:\/\/taizypackaging.com\/wp-content\/uploads\/2021\/05\/servo-motor.jpg 720w, https:\/\/taizypackaging.com\/wp-content\/uploads\/2021\/05\/servo-motor-300x225.jpg 300w\" sizes=\"auto, (max-width: 720px) 100vw, 720px\" \/><figcaption class=\"wp-element-caption\">servo motor<\/figcaption><\/figure> <\/figure>    <h2 class=\"wp-block-heading\" id=\"h-main-performance-and-structural-characteristics\">Principais vantagens e caracter\u00edsticas estruturais<\/h2>    <ol class=\"wp-block-list\"> <li>Controle duplo do inversor, o comprimento do saco \u00e9 definido e cortado imediatamente, n\u00e3o h\u00e1 necessidade de ajustar o trecho vazio, um passo no lugar, economizando tempo e filme.<\/li>    <li>Interface homem-m\u00e1quina, configura\u00e7\u00e3o de par\u00e2metros conveniente e r\u00e1pida.<\/li>    <li>Fun\u00e7\u00e3o de autodiagn\u00f3stico de falhas, exibi\u00e7\u00e3o clara de falhas.<\/li>    <li>Rastreamento fotoel\u00e9trico de marca de cor ocular de alta sensibilidade, veda\u00e7\u00e3o de entrada digital e posi\u00e7\u00e3o de corte, tornando a posi\u00e7\u00e3o de veda\u00e7\u00e3o e corte mais precisa.<\/li>    <li>O controle PID independente de temperatura \u00e9 mais adequado para v\u00e1rios materiais de embalagem.<\/li>    <li>Fun\u00e7\u00e3o de parada de posicionamento, sem faca presa, sem filme residual.<\/li>    <li>Sistema de transmiss\u00e3o simples, trabalho mais confi\u00e1vel e manuten\u00e7\u00e3o mais conveniente.<\/li>    <li>Todos os controles s\u00e3o realizados por software, o que \u00e9 conveniente para ajuste de fun\u00e7\u00e3o e atualiza\u00e7\u00e3o de tecnologia, e nunca fica atrasado.<\/li> <\/ol>    <h2 class=\"wp-block-heading\">Pre\u00e7o da m\u00e1quina de embalagem de p\u00e3o<\/h2>    <p>Voc\u00ea est\u00e1 curioso para saber o custo de uma m\u00e1quina de embalar p\u00e3o? O pre\u00e7o de uma m\u00e1quina de embalar p\u00e3o pode variar de acordo com fatores como caracter\u00edsticas, capacidade e marca. Para encontrar o melhor neg\u00f3cio, considere suas necessidades espec\u00edficas de embalagem e compare op\u00e7\u00f5es de fornecedores confi\u00e1veis.<\/p>    <p>Quer voc\u00ea administre uma pequena padaria ou uma produ\u00e7\u00e3o em grande escala, investir em equipamentos eficientes de embalagem de p\u00e3o \u00e9 crucial para otimizar seu fluxo de trabalho. Explore nosso guia completo para descobrir os fatores que influenciam o pre\u00e7o dos equipamentos de embalagem de p\u00e3o e tomar uma decis\u00e3o informada para o seu neg\u00f3cio.<\/p>    <h2 class=\"wp-block-heading\" id=\"h-two-types-of-tz-450-horizontal-packaging-machines\">Dois tipos de m\u00e1quinas de embalagem de p\u00e3o TZ-450<\/h2>    <p>O filme em rolo da m\u00e1quina de embalagem de p\u00e3o possui dois modos de transporte, nomeadamente alimenta\u00e7\u00e3o superior e alimenta\u00e7\u00e3o inferior. O filme em rolo est\u00e1 na parte superior da m\u00e1quina para o alimentador superior, o primeiro pode ser ajustado e o cortador vertical est\u00e1 dentro da m\u00e1quina. <\/p>    <p>M\u00e1quina de embalagem de papel com alimenta\u00e7\u00e3o descendente, o rolo de filme fica embaixo da m\u00e1quina e o primeiro n\u00e3o \u00e9 ajust\u00e1vel. Voc\u00ea pode adquirir diferentes formadores para alterar a largura de corte. No processo de utiliza\u00e7\u00e3o do motor, voc\u00ea pode ajustar a largura de corte da m\u00e1quina de acordo com suas necessidades. A circunfer\u00eancia m\u00e1xima de corte do TZ-450 \u00e9 450 mm.<\/p>    <figure class=\"wp-block-image size-large\"><img decoding=\"async\" src=\"https:\/\/taizypackaging.com\/wp-content\/uploads\/2021\/05\/horizontal-packing-machine.jpg\" alt=\"m\u00e1quina de embalagem horizontal\" class=\"wp-image-1665\"\/><figcaption class=\"wp-element-caption\">m\u00e1quina de embalagem horizontal<\/figcaption><\/figure>    <h2 class=\"wp-block-heading\" id=\"h-parameters-of-the-bread-packing-machine\">Par\u00e2metros da m\u00e1quina de embalar p\u00e3o<\/h2>    <figure class=\"wp-block-table\"><table><tbody><tr><td>Modelo<\/td><td>TH-450<\/td><\/tr><tr><td>Largura do filme<\/td><td>M\u00e1x. 450mm<\/td><\/tr><tr><td>Comprimento do saco<\/td><td>130-450mm<\/td><\/tr><tr><td>Largura de fabrica\u00e7\u00e3o de sacolas<\/td><td>50-180mm<\/td><\/tr><tr><td>Altura do produto<\/td><td>M\u00e1x.70mm<\/td><\/tr><tr><td>Di\u00e2metro do rolo de filme<\/td><td>M\u00e1x. 320 mm<\/td><\/tr><tr><td>Velocidade de embalagem<\/td><td>30-180 sacos\/min<\/td><\/tr><tr><td>Especifica\u00e7\u00f5es de energia<\/td><td>220 V, 50\/60 Hz, 2,6 KVA<\/td><\/tr><tr><td>Tamanho da m\u00e1quina<\/td><td>(C)4020\u00d7(L)820\u00d7(A)1450<\/td><\/tr><tr><td>Qualidade da m\u00e1quina<\/td><td>900Kg<\/td><\/tr><tr><td>Observa\u00e7\u00f5es<\/td><td>ser capaz de personalizar&nbsp;<\/td><\/tr><\/tbody><\/table><figcaption class=\"wp-element-caption\">m\u00e1quina de embalagem de p\u00e3o<\/figcaption><\/figure>    <p>A m\u00e1quina embaladora de p\u00e3o modelo TH-450 pode embalar de 30 a 180 pacotes de produtos por minuto. O tamanho da m\u00e1quina \u00e9 4020x820x1450mm. voc\u00ea tem alguma necessidade especial, podemos fornecer um servi\u00e7o de personaliza\u00e7\u00e3o exclusivo para voc\u00ea. Bem-vindo a entrar em contato conosco para obter a cota\u00e7\u00e3o mais recente.<\/p>    <p class=\"translation-block\">Na nossa empresa, tamb\u00e9m temos outras m\u00e1quinas de embalagem \u00e0 venda, como m\u00e1quinas de <a href=\"https:\/\/taizypackaging.com\/pt\/vacuum-packing-machine\/\">embalagem a v\u00e1cuo<\/a>, m\u00e1quinas de <a href=\"https:\/\/taizypackaging.com\/pt\/spice-packing-machine\/\">embalagem de p\u00f3<\/a>, e assim por diante.<\/p>    <h2 class=\"wp-block-heading\" id=\"h-machine-accessories-or-toolbox\">Exibi\u00e7\u00e3o da caixa de ferramentas<\/h2>    <p>Esta m\u00e1quina de embalagem horizontal est\u00e1 equipada com uma caixa de ferramentas. A caixa de ferramentas inclui chaves inglesas, chaves de fenda, 9 tamanhos de chaves Allen, cortadores, correias de motor e dois fios de aquecimento. Voc\u00ea pode instalar e operar a m\u00e1quina de acordo com as instru\u00e7\u00f5es. A m\u00e1quina embaladora de p\u00e3o \u00e9 f\u00e1cil de instalar e operar. Nossa equipe t\u00e9cnica da empresa Taizy Machinery fornecer\u00e1 orienta\u00e7\u00e3o a qualquer momento.<\/p>    <figure class=\"wp-block-image size-large\"><img decoding=\"async\" src=\"https:\/\/taizypackaging.com\/wp-content\/uploads\/2021\/05\/toolbox.jpg\" alt=\"Caixa de ferramentas\" class=\"wp-image-1666\"\/><figcaption class=\"wp-element-caption\">Caixa de ferramentas<\/figcaption><\/figure>","protected":false},"excerpt":{"rendered":"<p>A m\u00e1quina embaladora TZ-450 \u00e9 um modelo de m\u00e1quina embaladora horizontal. Tem ampla aplica\u00e7\u00e3o em diversos campos, incluindo embalagem de p\u00e3o, macarr\u00e3o, vegetais, produtos m\u00e9dicos e assim por diante.<\/p>","protected":false},"author":1,"featured_media":4892,"parent":0,"template":"","tags":[78,183,259,304,513],"product-type":[659],"class_list":["post-1651","product","type-product","status-publish","has-post-thumbnail","hentry","tag-bread","tag-fruits","tag-loaf","tag-noodles","tag-vegetables","product-type-granule-packing-machines"],"_links":{"self":[{"href":"https:\/\/taizypackaging.com\/pt\/wp-json\/wp\/v2\/product\/1651","targetHints":{"allow":["GET"]}}],"collection":[{"href":"https:\/\/taizypackaging.com\/pt\/wp-json\/wp\/v2\/product"}],"about":[{"href":"https:\/\/taizypackaging.com\/pt\/wp-json\/wp\/v2\/types\/product"}],"author":[{"embeddable":true,"href":"https:\/\/taizypackaging.com\/pt\/wp-json\/wp\/v2\/users\/1"}],"wp:featuredmedia":[{"embeddable":true,"href":"https:\/\/taizypackaging.com\/pt\/wp-json\/wp\/v2\/media\/4892"}],"wp:attachment":[{"href":"https:\/\/taizypackaging.com\/pt\/wp-json\/wp\/v2\/media?parent=1651"}],"wp:term":[{"taxonomy":"post_tag","embeddable":true,"href":"https:\/\/taizypackaging.com\/pt\/wp-json\/wp\/v2\/tags?post=1651"},{"taxonomy":"product-type","embeddable":true,"href":"https:\/\/taizypackaging.com\/pt\/wp-json\/wp\/v2\/product-type?post=1651"}],"curies":[{"name":"wp","href":"https:\/\/api.w.org\/{rel}","templated":true}]}}