{"id":1722,"date":"2021-05-14T09:51:35","date_gmt":"2021-05-14T09:51:35","guid":{"rendered":"https:\/\/taizypackaging.com\/?p=1722"},"modified":"2024-07-16T16:52:46","modified_gmt":"2024-07-16T08:52:46","slug":"vegetable-packing-machine","status":"publish","type":"product","link":"https:\/\/taizypackaging.com\/pt\/vegetable-packing-machine\/","title":{"rendered":"M\u00e1quina de embalagem de vegetais"},"content":{"rendered":"<div class=\"kk-star-ratings kksr-auto kksr-align-left kksr-valign-top\"     data-payload='{&quot;align&quot;:&quot;left&quot;,&quot;id&quot;:&quot;1722&quot;,&quot;slug&quot;:&quot;default&quot;,&quot;valign&quot;:&quot;top&quot;,&quot;ignore&quot;:&quot;&quot;,&quot;reference&quot;:&quot;auto&quot;,&quot;class&quot;:&quot;&quot;,&quot;count&quot;:&quot;5&quot;,&quot;legendonly&quot;:&quot;&quot;,&quot;readonly&quot;:&quot;&quot;,&quot;score&quot;:&quot;4.7&quot;,&quot;starsonly&quot;:&quot;&quot;,&quot;best&quot;:&quot;5&quot;,&quot;gap&quot;:&quot;5&quot;,&quot;greet&quot;:&quot;Rate this product&quot;,&quot;legend&quot;:&quot;4.7\\\/5 - (5 votes)&quot;,&quot;size&quot;:&quot;24&quot;,&quot;title&quot;:&quot;Vegetable Packing Machine&quot;,&quot;width&quot;:&quot;133.8&quot;,&quot;_legend&quot;:&quot;{score}\\\/{best} - ({count} {votes})&quot;,&quot;font_factor&quot;:&quot;1.25&quot;}'>              <div class=\"kksr-stars\">      <div class=\"kksr-stars-inactive\">             <div class=\"kksr-star\" data-star=\"1\" style=\"padding-right: 5px\">               <div class=\"kksr-icon\" style=\"width: 24px; height: 24px;\"><\/div>         <\/div>             <div class=\"kksr-star\" data-star=\"2\" style=\"padding-right: 5px\">               <div class=\"kksr-icon\" style=\"width: 24px; height: 24px;\"><\/div>         <\/div>             <div class=\"kksr-star\" data-star=\"3\" style=\"padding-right: 5px\">               <div class=\"kksr-icon\" style=\"width: 24px; height: 24px;\"><\/div>         <\/div>             <div class=\"kksr-star\" data-star=\"4\" style=\"padding-right: 5px\">               <div class=\"kksr-icon\" style=\"width: 24px; height: 24px;\"><\/div>         <\/div>             <div class=\"kksr-star\" data-star=\"5\" style=\"padding-right: 5px\">               <div class=\"kksr-icon\" style=\"width: 24px; height: 24px;\"><\/div>         <\/div>     <\/div>      <div class=\"kksr-stars-active\" style=\"width: 133.8px;\">             <div class=\"kksr-star\" style=\"padding-right: 5px\">               <div class=\"kksr-icon\" style=\"width: 24px; height: 24px;\"><\/div>         <\/div>             <div class=\"kksr-star\" style=\"padding-right: 5px\">               <div class=\"kksr-icon\" style=\"width: 24px; height: 24px;\"><\/div>         <\/div>             <div class=\"kksr-star\" style=\"padding-right: 5px\">               <div class=\"kksr-icon\" style=\"width: 24px; height: 24px;\"><\/div>         <\/div>             <div class=\"kksr-star\" style=\"padding-right: 5px\">               <div class=\"kksr-icon\" style=\"width: 24px; height: 24px;\"><\/div>         <\/div>             <div class=\"kksr-star\" style=\"padding-right: 5px\">               <div class=\"kksr-icon\" style=\"width: 24px; height: 24px;\"><\/div>         <\/div>     <\/div> <\/div>                   <div class=\"kksr-legend\" style=\"font-size: 19.2px;\">             4,7\/5 - (5 votos)    <\/div>     <\/div>  <p class=\"translation-block\">A <strong>m\u00e1quina de embalar vegetais<\/strong> foi concebida para embalar automaticamente frutas e vegetais. \u00c9 um tipo de m\u00e1quina de embalagem flow wrap, tamb\u00e9m chamada de m\u00e1quina de embalar vegetais. As m\u00e1quinas de embalar vegetais podem completar estas tarefas: forma\u00e7\u00e3o de sacos, embalagem, selagem e corte. \u00c9 uma ferramenta de embalagem super eficiente para v\u00e1rias frutas e vegetais para supermercados. Com um sistema de controlo avan\u00e7ado e motor de marca, a m\u00e1quina de embalar vegetais Taizy \u00e0 venda tem um desempenho bastante elevado e boa qualidade. Al\u00e9m disso, a ado\u00e7\u00e3o de uma estrutura totalmente em a\u00e7o inoxid\u00e1vel \u00e9 dur\u00e1vel e fi\u00e1vel. Bem-vindo a contactar-nos para o melhor pre\u00e7o. <\/p>    <h2 class=\"wp-block-heading\" id=\"h-working-video-of-the-frozen-food-packing-machine\">V\u00eddeo de funcionamento da m\u00e1quina de embalagem de vegetais<\/h2>   <figure class=\"wp-block-embed-youtube wp-block-embed is-type-video is-provider-youtube wp-embed-aspect-16-9 wp-has-aspect-ratio\"><div class=\"lyte-wrapper fourthree\" title=\"M\u00e1quina autom\u00e1tica de embalagem de frutas e vegetais para supermercado | M\u00e1quina de embalagem de fluxo de alimentos\" style=\"width:960px;max-width:100%;margin:5px auto;\"><div class=\"lyMe hidef\" id=\"WYL_PKEaxerS08Q\" itemprop=\"video\" itemscope itemtype=\"https:\/\/schema.org\/VideoObject\"><div><meta itemprop=\"thumbnailUrl\" content=\"https:\/\/taizypackaging.com\/wp-content\/plugins\/wp-youtube-lyte\/lyteCache.php?origThumbUrl=https%3A%2F%2Fi.ytimg.com%2Fvi%2FPKEaxerS08Q%2Fmaxresdefault.jpg\" \/><meta itemprop=\"embedURL\" content=\"https:\/\/www.youtube.com\/embed\/PKEaxerS08Q\" \/><meta itemprop=\"duration\" content=\"PT2M4S\" \/><meta itemprop=\"uploadDate\" content=\"2022-01-25T06:45:27Z\" \/><\/div><div id=\"lyte_PKEaxerS08Q\" data-src=\"https:\/\/taizypackaging.com\/wp-content\/plugins\/wp-youtube-lyte\/lyteCache.php?origThumbUrl=https%3A%2F%2Fi.ytimg.com%2Fvi%2FPKEaxerS08Q%2Fmaxresdefault.jpg\" class=\"pL\"><div class=\"tC\"><div class=\"tT\" itemprop=\"name\">M\u00e1quina autom\u00e1tica de embalagem de frutas e vegetais para supermercado | M\u00e1quina de embalagem de fluxo de alimentos<\/div><\/div><div class=\"play\"><\/div><div class=\"ctrl\"><div class=\"Lctrl\"><\/div><div class=\"Rctrl\"><\/div><\/div><\/div><noscript><a href=\"https:\/\/youtu.be\/PKEaxerS08Q\" rel=\"nofollow noopener\" target=\"_blank\"><img loading=\"lazy\" decoding=\"async\" src=\"https:\/\/taizypackaging.com\/wp-content\/plugins\/wp-youtube-lyte\/lyteCache.php?origThumbUrl=https%3A%2F%2Fi.ytimg.com%2Fvi%2FPKEaxerS08Q%2F0.jpg\" alt=\"M\u00e1quina autom\u00e1tica de embalagem de frutas e vegetais para supermercado | M\u00e1quina de embalagem de fluxo de alimentos\" width=\"960\" height=\"700\" \/><br \/>Assista a este v\u00eddeo no YouTube<\/a><\/noscript><meta itemprop=\"description\" content=\"#vegetablepacking #foodpacking #flowwrapping EMAIL: info@taizypackaging.com TEL\/WHATSAPP: +86 18837171591 USEFUL REFERENCE: https:\/\/taizypackaging.com\/vegetable-packing-machine\/ In fact, this kind of fruit and vegetable packing machine is a horizontal flow wrapping machine. This machine is suitable for packing various food products, such as fruits, vegetables, biscuits, bread, frozen food, etc. Besides, it can also package non-food products like a face mask, soap, etc. Features of Fruits and Vegetable Packing Machine 1. Good performance, low maintenance; 2. Improve the production efficiency, so as to bring more profits; 3. Advanced technology, elegant appearance, high reputation; 4. Manual is replaced by the mechanical, so that reduce the workforce cost; 5. Intelligent PLC control system, easy to operate. You may also like these videos from us: Food vacuum sealer: https:\/\/www.youtube.com\/watch?v=aPYp44oAyio Super-efficient snacks packing machine: https:\/\/www.youtube.com\/watch?v=mfQQ28r7qzY EMAIL: info@taizypackaging.com TEL\/WHATSAPP: +86 18837171591 Click here for more details: https:\/\/taizypackaging.com\/vegetable-packing-machine\/\"><\/div><\/div><div class=\"lL\" style=\"max-width:100%;width:960px;margin:5px auto;\"><\/div><figcaption><\/figcaption><\/figure>   <h2 class=\"wp-block-heading\" id=\"vegetable-packaging-effect-display\">Exibi\u00e7\u00e3o de efeito de embalagem vegetal <\/h2>    <p class=\"translation-block\">Este conjunto de m\u00e1quinas de embalar vegetais \u00e9 adequado para v\u00e1rias frutas e vegetais, como verduras, <a href=\"https:\/\/en.wikipedia.org\/wiki\/Tomato\" target=\"_blank\" rel=\"noopener\">tomates<\/a>, pepinos, feij\u00f5es-verde, etc. Al\u00e9m disso, tamb\u00e9m \u00e9 ideal para outros produtos alimentares como p\u00e3o, bolachas, doces, chocolate, noodles, massa, etc. Este tipo de m\u00e1quina suporta apenas o m\u00e9todo de selagem traseira. <\/p>    <figure class=\"wp-block-image size-large\"><img decoding=\"async\" src=\"https:\/\/taizypackaging.com\/wp-content\/uploads\/2021\/05\/Fruits-and-frozen-food-packaging.jpg\" alt=\"Embalagens de frutas e alimentos congelados\" class=\"wp-image-1741\"\/><figcaption class=\"wp-element-caption\">Embalagens de frutas e alimentos congelados<\/figcaption><\/figure>    <h2 class=\"wp-block-heading\" id=\"h-working-process-of-the-frozen-food-packing-machine\">Processo de trabalho da\u00a0m\u00e1quina de embalar vegetais<\/h2>    <p>1. A plataforma do filme se encarrega do transporte dos alimentos.<br>2. O filme \u00e9 instalado no dispositivo de rolo de filme. Pode embrulhar os produtos de forma constante quando os produtos chegam.<br>3. A pe\u00e7a formadora controla a embalagem do produto. Conclui com o cortador vertical, o cortador horizontal e o tubo de aquecimento. \u00c9 a parte mais importante do processo de embalagem.<br>5. Por \u00faltimo, o produto acabado \u00e9 produzido pela correia transportadora.<\/p>    <figure class=\"wp-block-image size-large\"><img decoding=\"async\" src=\"https:\/\/taizypackaging.com\/wp-content\/uploads\/2021\/05\/components-of-the-horizontal-packing-machine.jpg\" alt=\"componentes da m\u00e1quina de embalagem horizontal\" class=\"wp-image-1768\"\/><figcaption class=\"wp-element-caption\">componentes da m\u00e1quina de embalagem horizontal<\/figcaption><\/figure>    <h2 class=\"wp-block-heading\" id=\"h-technical-parameters\">Par\u00e2metros t\u00e9cnicos da m\u00e1quina de embalagem de vegetais Taizy<\/h2>    <figure class=\"wp-block-table\"><table><tbody><tr><td>Modelo<\/td><td>TH-250<\/td><td>TH-350<\/td><td>TH-450<\/td><td>TH-600<\/td><\/tr><tr><td>Comprimento do saco<\/td><td>100-600mm<\/td><td>100-600mm<\/td><td>100-600mm<\/td><td>120-600mm<\/td><\/tr><tr><td>Largura da bolsa<\/td><td>50-110mm<\/td><td>50-160mm<\/td><td>50-210mm<\/td><td>50-280mm<\/td><\/tr><tr><td>Altura da bolsa<\/td><td>M\u00e1x. 40 mm<\/td><td>M\u00e1x. 100 mm<\/td><td>M\u00e1x. 100 mm<\/td><td>M\u00e1x. 100 mm<\/td><\/tr><tr><td>Velocidade de embalagem<\/td><td>5-200 sacos\/min<\/td><td>5-200 sacos\/min<\/td><td>5-200 sacos\/min<\/td><td>30-180 sacos\/min<\/td><\/tr><tr><td>Poder<\/td><td>220 V, 50\/60 Hz, 2,4 KVA<\/td><td>220 V, 50\/60 Hz, 2,4 KVA<\/td><td>220 V, 50\/60 Hz, 2,6 KVA<\/td><td>220 V, 50\/60 Hz, 3,4 KVA<\/td><\/tr><tr><td>Tamanho da m\u00e1quina<\/td><td>(C)4020*(L)720*(A)1450mm<\/td><td>(C)4020*(L)720*(A)1450mm<\/td><td>(C)4020*(L)720*(A)1450mm<\/td><td>(C)4380*(L)970*(A)1500mm<\/td><\/tr><tr><td>Peso<\/td><td>800Kg<\/td><td>800Kg<\/td><td>900Kg<\/td><td>960Kg<\/td><\/tr><\/tbody><\/table><\/figure>    <p>Na Taizy Packaging Machinery, temos v\u00e1rios modelos de m\u00e1quinas de embalagem de vegetais \u00e0 venda. Cada m\u00e1quina possui diferentes velocidades e tamanhos de embalagem, etc. Voc\u00ea pode escolher de acordo com suas necessidades.<\/p>    <h2 class=\"wp-block-heading\" id=\"h-features-and-advantages-of-the-frozen-food-packing-machine\">Caracter\u00edsticas e vantagens da m\u00e1quina embaladora de frutas e vegetais<\/h2>    <p>1. Voc\u00ea pode ajustar o painel de opera\u00e7\u00e3o de acordo com os diferentes materiais de embalagem.<br>2. A m\u00e1quina de embalagem horizontal de vegetais pode ser equipada com uma \u00fanica faca, uma faca dupla e tr\u00eas facas para corte.<br>3. \u00c9 conveniente definir par\u00e2metros com um sistema de controle PLC inteligente. <br>4. O rastreamento do cursor de alta sensibilidade e a entrada digital da posi\u00e7\u00e3o de veda\u00e7\u00e3o e corte tornam a posi\u00e7\u00e3o de veda\u00e7\u00e3o e corte mais precisa.<br>5. O sistema de transmiss\u00e3o \u00e9 simples, a opera\u00e7\u00e3o \u00e9 mais confi\u00e1vel e a manuten\u00e7\u00e3o \u00e9 mais conveniente.<br>6. A m\u00e1quina embaladora de almofadas horizontal possui uma fun\u00e7\u00e3o de autodiagn\u00f3stico de falhas, de modo que a falha \u00e9 exibida rapidamente.<br>7. Controle duplo do inversor e o comprimento do saco \u00e9 definido e cortado imediatamente. N\u00e3o h\u00e1 necessidade de ajustar o funcionamento vazio e uma etapa est\u00e1 instalada. Todo o processo de embalagem economiza tempo e filme.<br>8. Um PID independente controla a temperatura, o que \u00e9 mais adequado para v\u00e1rios materiais de embalagem.<\/p>    <figure class=\"wp-block-image size-full\"><img loading=\"lazy\" decoding=\"async\" width=\"750\" height=\"500\" src=\"https:\/\/taizypackaging.com\/wp-content\/uploads\/2021\/05\/bread-packing-machine-2.jpg\" alt=\"m\u00e1quina de embalagem de p\u00e3o\" class=\"wp-image-3486\" srcset=\"https:\/\/taizypackaging.com\/wp-content\/uploads\/2021\/05\/bread-packing-machine-2.jpg 750w, https:\/\/taizypackaging.com\/wp-content\/uploads\/2021\/05\/bread-packing-machine-2-300x200.jpg 300w\" sizes=\"auto, (max-width: 750px) 100vw, 750px\" \/><figcaption class=\"wp-element-caption\">m\u00e1quina de embalagem de travesseiro horizontal<\/figcaption><\/figure>    <h2 class=\"wp-block-heading\" id=\"what-is-the-common-packaging-materials-for-vegetables\">Quais s\u00e3o os materiais de embalagem comuns para vegetais?<\/h2>    <p class=\"translation-block\">Os <strong>sacos de pl\u00e1stico<\/strong> (filme de polietileno) s\u00e3o os materiais de embalagem comuns para frutas e vegetais. N\u00e3o s\u00f3 o baixo custo dos pl\u00e1sticos, mas tamb\u00e9m as caracter\u00edsticas transparentes e a f\u00e1cil inspe\u00e7\u00e3o do conte\u00fado. \u00c9 mais atraente para os clientes. Al\u00e9m disso, as m\u00e1quinas de ensacamento autom\u00e1ticas podem reduzir ainda mais os custos. E equipadas com m\u00e1quinas de suporte como m\u00e1quinas de <a href=\"https:\/\/taizypackaging.com\/pt\/single-chamber-vacuum-packing-machine\/\">embalagem a v\u00e1cuo<\/a> de vegetais e sistemas de carregamento de ar, podem satisfazer diferentes requisitos de embalagem espec\u00edficos. Estudos demonstraram que tais embalagens prolongam significativamente a vida \u00fatil dos produtos frescos. A explos\u00e3o de produtos pr\u00e9-cortados deve-se, em parte, \u00e0 disponibilidade de atmosfera de embalagem melhorada.<\/p>    <h2 class=\"wp-block-heading\" id=\"h-why-should-we-pack-products-by-packing-machines\">Por que voc\u00ea precisa de uma m\u00e1quina autom\u00e1tica de embalagem de vegetais?<\/h2>    <ol class=\"wp-block-list\"> <li>A princ\u00edpio, a embalagem do produto servia apenas para portabilidade e transporte.<\/li>    <li>Com a melhoria do padr\u00e3o de vida das pessoas, elementos de beleza s\u00e3o continuamente adicionados para tornar o produto mais lindo e agrad\u00e1vel.<\/li>    <li>A concorr\u00eancia no mercado est\u00e1 a tornar-se cada vez mais acirrada e \u00e9 necess\u00e1rio procurar a diferencia\u00e7\u00e3o em todos os aspectos para atrair a aten\u00e7\u00e3o dos consumidores. A embalagem tornou-se um importante meio de diferencia\u00e7\u00e3o.<\/li>    <li>A embalagem adiciona elementos de marca e se torna um importante ve\u00edculo para exibir a imagem de uma marca.<\/li>    <li>O surgimento da Internet tornou as compras mais convenientes e tamb\u00e9m facilitou a mudan\u00e7a dos consumidores. A fun\u00e7\u00e3o de comunica\u00e7\u00e3o das embalagens dos produtos est\u00e1 se tornando cada vez mais proeminente.<\/li> <\/ol>    <h2 class=\"wp-block-heading\" id=\"why-choose-us\">Porque escolher-nos? <\/h2>    <p class=\"translation-block\">Com rica experi\u00eancia em design, pesquisa, produ\u00e7\u00e3o e fornecimento de m\u00e1quinas de embalagem de vegetais de qualidade, a Taizy ajudou muitos pequenos empres\u00e1rios a iniciar os seus projetos. As nossas <a href=\"https:\/\/taizypackaging.com\/pt\/horizontal-packing-machine\/\">m\u00e1quinas de embalagem horizontal<\/a> foram exportadas com sucesso para mais de 30 pa\u00edses e regi\u00f5es. Porqu\u00ea as <a href=\"https:\/\/taizypackaging.com\/pt\/\">m\u00e1quinas de embalagem Taizy<\/a> s\u00e3o t\u00e3o populares? Acreditamos que n\u00e3o s\u00f3 devido ao pre\u00e7o competitivo, mas tamb\u00e9m \u00e0 excelente qualidade e servi\u00e7o atencioso. Todas estas coisas fazem da Taizy uma marca de m\u00e1quinas de embalagem forte e fi\u00e1vel. Se quiser iniciar o seu projeto de embalagem de vegetais, bem-vindo a contactar-nos para informa\u00e7\u00f5es \u00fateis. <\/p>    <figure class=\"wp-block-image size-large\"><img loading=\"lazy\" decoding=\"async\" width=\"720\" height=\"540\" src=\"https:\/\/taizypackaging.com\/wp-content\/uploads\/2021\/05\/machine-display.jpg\" alt=\"f\u00e1brica de m\u00e1quinas de embalagem de vegetais\" class=\"wp-image-1743\" srcset=\"https:\/\/taizypackaging.com\/wp-content\/uploads\/2021\/05\/machine-display.jpg 720w, https:\/\/taizypackaging.com\/wp-content\/uploads\/2021\/05\/machine-display-300x225.jpg 300w\" sizes=\"auto, (max-width: 720px) 100vw, 720px\" \/><figcaption class=\"wp-element-caption\">f\u00e1brica de m\u00e1quinas de embalagem de vegetais<\/figcaption><\/figure>    <h2 class=\"wp-block-heading\" id=\"h-cases\">M\u00e1quinas de embalagem de vegetais vendidas para os EUA<\/h2>    <p>Em outubro passado, um cliente dos Estados Unidos nos disse que queria embalar feij\u00e3o longo. Recomendamos essas m\u00e1quinas de embalagem de vegetais para ele. Depois de receber a mercadoria, ele ficou muito satisfeito com o efeito e a efici\u00eancia da embalagem da m\u00e1quina. Ele disse que depois de usar a m\u00e1quina de embalagem, seus produtos venderam melhor do que antes.<\/p>    <figure class=\"wp-block-image size-large\"><img decoding=\"async\" src=\"https:\/\/taizypackaging.com\/wp-content\/uploads\/2021\/05\/packinging-machine-shipment.jpg\" alt=\"remessa de m\u00e1quina de embalagem\" class=\"wp-image-1747\"\/><figcaption class=\"wp-element-caption\">remessa de m\u00e1quina de embalagem<\/figcaption><\/figure>","protected":false},"excerpt":{"rendered":"<p>Vegetable packing machine is designed for automatically packaging fruits and vegetables. It is a kind of flow wrap machine, also called a vegetable wrapping machine. Vegetable packaging machines can complete these tasks, bag forming, bag packing, sealing, and cutting process. It is a terribly super-efficient packaging tool for various fruits and vegetables for supermarkets. With [&hellip;]<\/p>\n","protected":false},"author":1,"featured_media":4148,"parent":0,"template":"","tags":[571,570,569],"product-type":[664],"class_list":["post-1722","product","type-product","status-publish","has-post-thumbnail","hentry","tag-vegetable-packaging-machine","tag-vegetable-wrapping-machine","tag-vegetbale-packing-machine","product-type-horizontal-flow-wrapping-machines"],"_links":{"self":[{"href":"https:\/\/taizypackaging.com\/pt\/wp-json\/wp\/v2\/product\/1722","targetHints":{"allow":["GET"]}}],"collection":[{"href":"https:\/\/taizypackaging.com\/pt\/wp-json\/wp\/v2\/product"}],"about":[{"href":"https:\/\/taizypackaging.com\/pt\/wp-json\/wp\/v2\/types\/product"}],"author":[{"embeddable":true,"href":"https:\/\/taizypackaging.com\/pt\/wp-json\/wp\/v2\/users\/1"}],"wp:featuredmedia":[{"embeddable":true,"href":"https:\/\/taizypackaging.com\/pt\/wp-json\/wp\/v2\/media\/4148"}],"wp:attachment":[{"href":"https:\/\/taizypackaging.com\/pt\/wp-json\/wp\/v2\/media?parent=1722"}],"wp:term":[{"taxonomy":"post_tag","embeddable":true,"href":"https:\/\/taizypackaging.com\/pt\/wp-json\/wp\/v2\/tags?post=1722"},{"taxonomy":"product-type","embeddable":true,"href":"https:\/\/taizypackaging.com\/pt\/wp-json\/wp\/v2\/product-type?post=1722"}],"curies":[{"name":"wp","href":"https:\/\/api.w.org\/{rel}","templated":true}]}}