{"id":1848,"date":"2021-05-19T10:36:19","date_gmt":"2021-05-19T10:36:19","guid":{"rendered":"https:\/\/taizypackaging.com\/?p=1848"},"modified":"2024-08-07T09:52:30","modified_gmt":"2024-08-07T01:52:30","slug":"milk-powder-packing-machine","status":"publish","type":"product","link":"https:\/\/taizypackaging.com\/pt\/milk-powder-packing-machine\/","title":{"rendered":"M\u00e1quina de embalagem de leite em p\u00f3"},"content":{"rendered":"<div class=\"kk-star-ratings kksr-auto kksr-align-left kksr-valign-top\"     data-payload='{&quot;align&quot;:&quot;left&quot;,&quot;id&quot;:&quot;1848&quot;,&quot;slug&quot;:&quot;default&quot;,&quot;valign&quot;:&quot;top&quot;,&quot;ignore&quot;:&quot;&quot;,&quot;reference&quot;:&quot;auto&quot;,&quot;class&quot;:&quot;&quot;,&quot;count&quot;:&quot;23&quot;,&quot;legendonly&quot;:&quot;&quot;,&quot;readonly&quot;:&quot;&quot;,&quot;score&quot;:&quot;4.9&quot;,&quot;starsonly&quot;:&quot;&quot;,&quot;best&quot;:&quot;5&quot;,&quot;gap&quot;:&quot;5&quot;,&quot;greet&quot;:&quot;Rate this product&quot;,&quot;legend&quot;:&quot;4.9\\\/5 - (23 votes)&quot;,&quot;size&quot;:&quot;24&quot;,&quot;title&quot;:&quot;Milk Powder Packing Machine&quot;,&quot;width&quot;:&quot;139.6&quot;,&quot;_legend&quot;:&quot;{score}\\\/{best} - ({count} {votes})&quot;,&quot;font_factor&quot;:&quot;1.25&quot;}'>              <div class=\"kksr-stars\">      <div class=\"kksr-stars-inactive\">             <div class=\"kksr-star\" data-star=\"1\" style=\"padding-right: 5px\">               <div class=\"kksr-icon\" style=\"width: 24px; height: 24px;\"><\/div>         <\/div>             <div class=\"kksr-star\" data-star=\"2\" style=\"padding-right: 5px\">               <div class=\"kksr-icon\" style=\"width: 24px; height: 24px;\"><\/div>         <\/div>             <div class=\"kksr-star\" data-star=\"3\" style=\"padding-right: 5px\">               <div class=\"kksr-icon\" style=\"width: 24px; height: 24px;\"><\/div>         <\/div>             <div class=\"kksr-star\" data-star=\"4\" style=\"padding-right: 5px\">               <div class=\"kksr-icon\" style=\"width: 24px; height: 24px;\"><\/div>         <\/div>             <div class=\"kksr-star\" data-star=\"5\" style=\"padding-right: 5px\">               <div class=\"kksr-icon\" style=\"width: 24px; height: 24px;\"><\/div>         <\/div>     <\/div>      <div class=\"kksr-stars-active\" style=\"width: 139.6px;\">             <div class=\"kksr-star\" style=\"padding-right: 5px\">               <div class=\"kksr-icon\" style=\"width: 24px; height: 24px;\"><\/div>         <\/div>             <div class=\"kksr-star\" style=\"padding-right: 5px\">               <div class=\"kksr-icon\" style=\"width: 24px; height: 24px;\"><\/div>         <\/div>             <div class=\"kksr-star\" style=\"padding-right: 5px\">               <div class=\"kksr-icon\" style=\"width: 24px; height: 24px;\"><\/div>         <\/div>             <div class=\"kksr-star\" style=\"padding-right: 5px\">               <div class=\"kksr-icon\" style=\"width: 24px; height: 24px;\"><\/div>         <\/div>             <div class=\"kksr-star\" style=\"padding-right: 5px\">               <div class=\"kksr-icon\" style=\"width: 24px; height: 24px;\"><\/div>         <\/div>     <\/div> <\/div>                   <div class=\"kksr-legend\" style=\"font-size: 19.2px;\">             4,9\/5 - (23 votos)    <\/div>     <\/div>  <p class=\"translation-block\">A Taizy <strong>M\u00e1quina de Embalagem de Leite em P\u00f3<\/strong> \u00e9 um tipo de m\u00e1quina de embalagem autom\u00e1tica de saquetas. Esta <strong>m\u00e1quina autom\u00e1tica de embalagem de p\u00f3<\/strong> pode completar todo o processo de pesagem, enchimento, fabrico de sacos, selagem, corte e impress\u00e3o de datas. <\/p>    <p>Com um painel de controle inteligente, \u00e9 muito f\u00e1cil de operar. Al\u00e9m disso, o pre\u00e7o da m\u00e1quina embaladora de leite em p\u00f3 \u00e9 muito baixo e favor\u00e1vel. <\/p>    <p>Com as caracter\u00edsticas de tamanho pequeno e pre\u00e7o acess\u00edvel, a m\u00e1quina embaladora de leite em p\u00f3 \u00e9 uma \u00f3tima ferramenta de embalagem para iniciar seu pequeno projeto. <\/p>   <figure class=\"wp-block-embed-youtube wp-block-embed is-type-video is-provider-youtube wp-embed-aspect-16-9 wp-has-aspect-ratio\"><div class=\"lyte-wrapper fourthree\" title=\"M\u00e1quina de embalagem de p\u00f3 eficiente: Processo de embalagem para v\u00e1rios materiais em p\u00f3\" style=\"width:960px;max-width:100%;margin:5px auto;\"><div class=\"lyMe hidef\" id=\"WYL_qpBoN7O74Ws\" itemprop=\"video\" itemscope itemtype=\"https:\/\/schema.org\/VideoObject\"><div><meta itemprop=\"thumbnailUrl\" content=\"https:\/\/taizypackaging.com\/wp-content\/plugins\/wp-youtube-lyte\/lyteCache.php?origThumbUrl=https%3A%2F%2Fi.ytimg.com%2Fvi%2FqpBoN7O74Ws%2Fmaxresdefault.jpg\" \/><meta itemprop=\"embedURL\" content=\"https:\/\/www.youtube.com\/embed\/qpBoN7O74Ws\" \/><meta itemprop=\"duration\" content=\"PT2M12S\" \/><meta itemprop=\"uploadDate\" content=\"2023-05-23T07:46:19Z\" \/><\/div><div id=\"lyte_qpBoN7O74Ws\" data-src=\"https:\/\/taizypackaging.com\/wp-content\/plugins\/wp-youtube-lyte\/lyteCache.php?origThumbUrl=https%3A%2F%2Fi.ytimg.com%2Fvi%2FqpBoN7O74Ws%2Fmaxresdefault.jpg\" class=\"pL\"><div class=\"tC\"><div class=\"tT\" itemprop=\"name\">M\u00e1quina de embalagem de p\u00f3 eficiente: Processo de embalagem para v\u00e1rios materiais em p\u00f3<\/div><\/div><div class=\"play\"><\/div><div class=\"ctrl\"><div class=\"Lctrl\"><\/div><div class=\"Rctrl\"><\/div><\/div><\/div><noscript><a href=\"https:\/\/youtu.be\/qpBoN7O74Ws\" rel=\"nofollow noopener\" target=\"_blank\"><img loading=\"lazy\" decoding=\"async\" src=\"https:\/\/taizypackaging.com\/wp-content\/plugins\/wp-youtube-lyte\/lyteCache.php?origThumbUrl=https%3A%2F%2Fi.ytimg.com%2Fvi%2FqpBoN7O74Ws%2F0.jpg\" alt=\"M\u00e1quina de embalagem de p\u00f3 eficiente: Processo de embalagem para v\u00e1rios materiais em p\u00f3\" width=\"960\" height=\"700\" \/><br \/>Assista a este v\u00eddeo no YouTube<\/a><\/noscript><meta itemprop=\"description\" content=\"#powderpackingmachine #spice #spicepackingmachine #packing #packagingmachine Website: https:\/\/packingmachineforsale.com\/spice-packing-machine\/ Email: info@packingmachineforsale.com WhatsApp: +86 19139754781 In this YouTube video, we showcase an efficient powder packing machine as it flawlessly packages different powder materials. Witness the seamless packaging process and discover how this machine revolutionizes the powder packaging industry. Website: https:\/\/packingmachineforsale.com\/spice-packing-machine\/ Email: info@packingmachineforsale.com WhatsApp: +86 19139754781\"><\/div><\/div><div class=\"lL\" style=\"max-width:100%;width:960px;margin:5px auto;\"><\/div><figcaption>v\u00eddeo da m\u00e1quina de ensacamento de leite em p\u00f3<\/figcaption><\/figure>   <h2 class=\"wp-block-heading\" id=\"h-advantages-and-characteristics-of-milk-powder-packaging-machine\">Vantagens do equipamento autom\u00e1tico de embalagem de leite em p\u00f3<\/h2>    <ol class=\"wp-block-list\"> <li>Toda a m\u00e1quina \u00e9 feita de <strong>a\u00e7o inoxid\u00e1vel<\/strong>, que \u00e9 resistente e dur\u00e1vel.<\/li>    <li>A m\u00e1quina de embalagem de p\u00f3 com tripula\u00e7\u00e3o helicoidal pode <strong>completar automaticamente o processo de medi\u00e7\u00e3o, enchimento, selagem e corte<\/strong>.<\/li>    <li>Esta m\u00e1quina est\u00e1 equipada com um <strong>Tela sens\u00edvel ao toque de controle PLC e uma \u00e1rea de exibi\u00e7\u00e3o em ingl\u00eas<\/strong>, portanto, a interface de opera\u00e7\u00e3o \u00e9 amig\u00e1vel.<\/li>    <li>Esta m\u00e1quina de embalagem de p\u00f3 inclinada est\u00e1 equipada com um <strong>sistema de detec\u00e7\u00e3o fotoel\u00e9trica autom\u00e1tica<\/strong>, e o corte \u00e9 preciso.<\/li>    <li>Ele adota o<strong> m\u00e9todo de alimenta\u00e7\u00e3o de parafuso obl\u00edquo<\/strong>, que pode ajustar diretamente o peso da embalagem durante o processo de embalagem.<\/li>    <li>Pudermos <strong>equipar o equipamento com uma m\u00e1quina de codifica\u00e7\u00e3o, dispositivo de ventila\u00e7\u00e3o, dispositivo de exaust\u00e3o, m\u00e1quina de remo\u00e7\u00e3o de poeira<\/strong>e outros dispositivos de acordo com suas necessidades.<\/li> <\/ol>    <figure class=\"wp-block-gallery has-nested-images columns-default is-cropped wp-block-gallery-2 is-layout-flex wp-block-gallery-is-layout-flex\"> <figure class=\"wp-block-image size-large\"><img loading=\"lazy\" decoding=\"async\" width=\"540\" height=\"720\" data-id=\"4954\" src=\"https:\/\/taizypackaging.com\/wp-content\/uploads\/2023\/09\/inner-structure.webp\" alt=\"estrutura interna\" class=\"wp-image-4954\" srcset=\"https:\/\/taizypackaging.com\/wp-content\/uploads\/2023\/09\/inner-structure.webp 540w, https:\/\/taizypackaging.com\/wp-content\/uploads\/2023\/09\/inner-structure-225x300.webp 225w\" sizes=\"auto, (max-width: 540px) 100vw, 540px\" \/><figcaption class=\"wp-element-caption\">estrutura interna<\/figcaption><\/figure>    <figure class=\"wp-block-image size-large\"><img loading=\"lazy\" decoding=\"async\" width=\"720\" height=\"540\" data-id=\"4955\" src=\"https:\/\/taizypackaging.com\/wp-content\/uploads\/2023\/09\/motor.webp\" alt=\"motor\" class=\"wp-image-4955\" srcset=\"https:\/\/taizypackaging.com\/wp-content\/uploads\/2023\/09\/motor.webp 720w, https:\/\/taizypackaging.com\/wp-content\/uploads\/2023\/09\/motor-300x225.webp 300w\" sizes=\"auto, (max-width: 720px) 100vw, 720px\" \/><figcaption class=\"wp-element-caption\">motor<\/figcaption><\/figure> <\/figure>    <h2 class=\"wp-block-heading\" id=\"h-technical-parameters\">Par\u00e2metros t\u00e9cnicos da m\u00e1quina de embalagem de p\u00f3<\/h2>    <figure class=\"wp-block-table\"><table><tbody><tr><td>Modelo<\/td><td>TZ-320<\/td><\/tr><tr><td>Estilo de embalagem (estilo saco)<\/td><td>Veda\u00e7\u00e3o de 3 lados\/veda\u00e7\u00e3o traseira\/veda\u00e7\u00e3o de 4 lados<\/td><\/tr><tr><td>Velocidade de embalagem<\/td><td>20-80 sacos\/min<\/td><\/tr><tr><td>Consumo de energia<\/td><td>1,8 kW<\/td><\/tr><tr><td>Material<\/td><td>a\u00e7o inoxid\u00e1vel 304<\/td><\/tr><tr><td>Peso<\/td><td>250kg<\/td><\/tr><tr><td>Dimens\u00f5es<\/td><td>650*1050*1950mm<\/td><\/tr><tr><td>Peso da embalagem<\/td><td>0-80g<\/td><\/tr><tr><td>Largura da bolsa<\/td><td>20-150 mm<\/td><\/tr><tr><td>Comprimento do saco<\/td><td>30-180mm<\/td><\/tr><\/tbody><\/table><figcaption class=\"wp-element-caption\">m\u00e1quina de embalagem de leite em p\u00f3 para venda<\/figcaption><\/figure>    <p>A m\u00e1quina embaladora de leite em p\u00f3 TZ-320 pode embalar de 20 a 80 sacos de leite em p\u00f3 por minuto. O peso da embalagem pode ser ajustado entre 0-80g. <\/p>    <p>Voc\u00ea pode escolher entre uma variedade de m\u00e9todos de embalagem, como veda\u00e7\u00e3o em tr\u00eas lados, veda\u00e7\u00e3o em quatro lados e veda\u00e7\u00e3o traseira. <\/p>    <p>Voc\u00ea precisa de uma m\u00e1quina embaladora de leite em p\u00f3 de alta qualidade? Entre em contato conosco para obter a cota\u00e7\u00e3o mais recente.<\/p>   <div class=\"wp-block-image\"> <figure class=\"aligncenter size-large\"><img loading=\"lazy\" decoding=\"async\" width=\"720\" height=\"540\" src=\"https:\/\/taizypackaging.com\/wp-content\/uploads\/2021\/05\/machine-display-3.jpg\" alt=\"exibi\u00e7\u00e3o de m\u00e1quinas de embalagem de leite em p\u00f3\" class=\"wp-image-1980\" srcset=\"https:\/\/taizypackaging.com\/wp-content\/uploads\/2021\/05\/machine-display-3.jpg 720w, https:\/\/taizypackaging.com\/wp-content\/uploads\/2021\/05\/machine-display-3-300x225.jpg 300w\" sizes=\"auto, (max-width: 720px) 100vw, 720px\" \/><figcaption class=\"wp-element-caption\">exibi\u00e7\u00e3o de m\u00e1quinas de embalagem de leite em p\u00f3<\/figcaption><\/figure> <\/div>   <h2 class=\"wp-block-heading\" id=\"h-the-application-area-of-the-milk-powder-packaging-machine\">Aplica\u00e7\u00f5es da m\u00e1quina embaladora de leite em p\u00f3<\/h2>    <p>A m\u00e1quina embaladora de leite em p\u00f3 seco \u00e9 uma m\u00e1quina autom\u00e1tica de enchimento e selagem de p\u00f3. \u00c9 adequado para embalar p\u00f3 de fluxo livre e seu peso m\u00e1ximo de embalagem \u00e9 de 80g.<\/p>    <p>Al\u00e9m da embalagem do saco de leite em p\u00f3, pode ser aplicado para embalar diversos produtos em p\u00f3 seco, como detergente em p\u00f3, especiarias em p\u00f3, pimenta em p\u00f3, gengibre em p\u00f3, a\u00e7afr\u00e3o em p\u00f3, tingimento em p\u00f3, tempero em p\u00f3, farinha, caf\u00e9 em p\u00f3, curry em p\u00f3 , cacau em p\u00f3, masala em p\u00f3, erva em p\u00f3, p\u00f3 qu\u00edmico, etc. <\/p>   <div class=\"wp-block-image\"> <figure class=\"aligncenter size-large\"><img decoding=\"async\" src=\"https:\/\/taizypackaging.com\/wp-content\/uploads\/2021\/05\/application-of-the-powder-packing-machine.jpg\" alt=\"aplica\u00e7\u00e3o da m\u00e1quina de embalagem de p\u00f3\" class=\"wp-image-1857\"\/><figcaption class=\"wp-element-caption\">aplica\u00e7\u00e3o da m\u00e1quina de embalagem de p\u00f3<\/figcaption><\/figure> <\/div>   <h2 class=\"wp-block-heading\" id=\"h-structure-of-the-milk-powder-packing-machine\">Estrutura da m\u00e1quina embaladora autom\u00e1tica de leite em p\u00f3<\/h2>    <p>A m\u00e1quina de embalagem de leite em p\u00f3 \u00e9 composta principalmente por um funil, um formador, um dispositivo de alimenta\u00e7\u00e3o por rosca, um dispositivo de pesagem autom\u00e1tica, um dispositivo de selagem, uma tela PLC inglesa e um sistema el\u00e9trico de rastreamento ocular.<\/p>   <div class=\"wp-block-image\"> <figure class=\"aligncenter size-full\"><img decoding=\"async\" src=\"https:\/\/taizypackaging.com\/wp-content\/uploads\/2021\/05\/milk-powder-packing-machine-structure.jpg\" alt=\"estrutura da m\u00e1quina de embalagem de leite em p\u00f3\" class=\"wp-image-3549\"\/><figcaption class=\"wp-element-caption\">estrutura da m\u00e1quina de embalagem de leite em p\u00f3<\/figcaption><\/figure> <\/div>   <h2 class=\"wp-block-heading\" id=\"h-optional-devices-for-milk-powder-packing-machine\">Dispositivos opcionais para m\u00e1quina de embalagem de sach\u00eas de leite em p\u00f3<\/h2>    <ol class=\"wp-block-list\"> <li><strong>M\u00e1quina de codifica\u00e7\u00e3o<\/strong>. A m\u00e1quina de codifica\u00e7\u00e3o de fita imprime claramente e n\u00e3o \u00e9 f\u00e1cil de apagar. \u00c9 higi\u00eanico e limpo. N\u00e3o precisamos nos preocupar com a polui\u00e7\u00e3o da tinta.<\/li>    <li>Pudermos <strong>adicione uma l\u00e1grima<\/strong> na veda\u00e7\u00e3o do saco para facilitar o rasgo do saco.<\/li>    <li><strong>Dispositivo de perfura\u00e7\u00e3o<\/strong>. Fa\u00e7a furos de v\u00e1rios formatos na borda da bolsa, que s\u00e3o convenientes para pendurar na prateleira e f\u00e1ceis de exibir.<\/li>    <li><strong>Dispositivo de conex\u00e3o de bolsa.<\/strong> O dispositivo pode ser configurado com qualquer n\u00famero de sacolas conectadas para atender \u00e0 demanda do consumidor.<\/li> <\/ol>   <div class=\"wp-block-image\"> <figure class=\"aligncenter size-large\"><img decoding=\"async\" src=\"https:\/\/taizypackaging.com\/wp-content\/uploads\/2021\/05\/packing-sample-1.jpg\" alt=\"amostra de embalagem\" class=\"wp-image-1982\"\/><figcaption class=\"wp-element-caption\">amostra de embalagem<\/figcaption><\/figure> <\/div>   <h2 class=\"wp-block-heading\" id=\"how-do-you-package-milk-powder\">Como voc\u00ea embala o leite em p\u00f3?<\/h2>   <div id=\"rank-math-howto\" class=\"rank-math-block\" > <div class=\"rank-math-howto-description\">  <\/div>  <div class=\"rank-math-steps\"> <div id=\"howto-step-1722928890591\" class=\"rank-math-step\"> <h3 class=\"rank-math-step-title\">Instalando o filme de embalagem<\/h3> <div class=\"rank-math-step-content\"><p>Instale o filme de embalagem na posi\u00e7\u00e3o designada da m\u00e1quina.<\/p> <\/div> <\/div> <div id=\"howto-step-1722928838177\" class=\"rank-math-step\"> <h3 class=\"rank-math-step-title\">Definir par\u00e2metros da m\u00e1quina<\/h3> <div class=\"rank-math-step-content\"><p>Defina os par\u00e2metros da m\u00e1quina conforme necess\u00e1rio, como peso da embalagem, tamanho do saco, etc.<\/p> <\/div> <\/div> <div id=\"howto-step-1722928933063\" class=\"rank-math-step\"> <h3 class=\"rank-math-step-title\">Recheio de leite em p\u00f3<\/h3> <div class=\"rank-math-step-content\"><p>Despeje o leite em p\u00f3 no reservat\u00f3rio da m\u00e1quina de embalagem de p\u00f3.<\/p> <\/div> <\/div> <div id=\"howto-step-1722928950168\" class=\"rank-math-step\"> <h3 class=\"rank-math-step-title\">Iniciando a m\u00e1quina<\/h3> <div class=\"rank-math-step-content\"><p>Inicie a m\u00e1quina de embalagem de p\u00f3 para inici\u00e1-la.<\/p> <\/div> <\/div> <div id=\"howto-step-1722994807072\" class=\"rank-math-step\"> <h3 class=\"rank-math-step-title\">Embalagem de leite em p\u00f3<\/h3> <div class=\"rank-math-step-content\"><p>A m\u00e1quina embalar\u00e1 o leite em p\u00f3 de acordo com o tamanho e peso definidos.<\/p> <\/div> <\/div> <div id=\"howto-step-1722928998080\" class=\"rank-math-step\"> <h3 class=\"rank-math-step-title\">Coletando o leite em p\u00f3 embalado<\/h3> <div class=\"rank-math-step-content\"><p>Cartonize o leite em p\u00f3 embalado e prepare-o para transporte.<\/p> <\/div> <\/div> <\/div> <\/div>       <h2 class=\"wp-block-heading\" id=\"h-toolboxes\">Caixas de ferramentas da pequena m\u00e1quina de embalagem de p\u00f3<\/h2>    <p>Esta m\u00e1quina de embalagem de p\u00f3 est\u00e1 equipada com uma caixa de ferramentas. A caixa de ferramentas inclui um cortador, um tubo de aquecimento, uma linha de detec\u00e7\u00e3o de temperatura, um rel\u00e9 e uma roda de desenho de filme. <\/p>    <p>Tubos de aquecimento, termopares, chaves de fenda, chaves ajust\u00e1veis, escovas de lat\u00e3o, escovas comuns, chaves hexagonais, chaves de fenda e outros acess\u00f3rios tamb\u00e9m ser\u00e3o entregues a voc\u00ea.<\/p>   <div class=\"wp-block-image\"> <figure class=\"aligncenter size-large\"><img decoding=\"async\" src=\"https:\/\/taizypackaging.com\/wp-content\/uploads\/2021\/05\/toolbox-1.jpg\" alt=\"Caixa de ferramentas\" class=\"wp-image-1859\"\/><figcaption class=\"wp-element-caption\">Caixa de ferramentas<\/figcaption><\/figure> <\/div>   <h2 class=\"wp-block-heading\" id=\"milk-powder-packing-machine-exported-to-pakistan\">M\u00e1quina de embalagem de leite em p\u00f3 exportada para o Paquist\u00e3o <\/h2>    <p>Em janeiro, nossa m\u00e1quina de embalagem de sach\u00eas de p\u00f3 foi vendida para o Paquist\u00e3o. O cliente testou e operou a m\u00e1quina. Ele est\u00e1 muito satisfeito com a efici\u00eancia da m\u00e1quina e o efeito da embalagem. Ele expressou seus sinceros agradecimentos a n\u00f3s. <\/p>    <p>Prometemos que ofereceremos aos clientes a experi\u00eancia de servi\u00e7o de compra mais satisfat\u00f3ria. Se voc\u00ea encontrar problemas de uso, pode entrar em contato conosco a qualquer momento. <\/p>    <p>Nossos t\u00e9cnicos qualificados propor\u00e3o solu\u00e7\u00f5es profissionais para voc\u00ea. Al\u00e9m disso, estamos envolvidos na exporta\u00e7\u00e3o de m\u00e1quinas de embalagem h\u00e1 10 anos e somos profissionais e confi\u00e1veis.<\/p>   <div class=\"wp-block-image\"> <figure class=\"aligncenter size-large\"><img loading=\"lazy\" decoding=\"async\" width=\"720\" height=\"540\" src=\"https:\/\/taizypackaging.com\/wp-content\/uploads\/2021\/05\/customer-feedback.jpg\" alt=\"feedback do cliente\" class=\"wp-image-1860\" srcset=\"https:\/\/taizypackaging.com\/wp-content\/uploads\/2021\/05\/customer-feedback.jpg 720w, https:\/\/taizypackaging.com\/wp-content\/uploads\/2021\/05\/customer-feedback-300x225.jpg 300w\" sizes=\"auto, (max-width: 720px) 100vw, 720px\" \/><figcaption class=\"wp-element-caption\">feedback do cliente<\/figcaption><\/figure> <\/div>   <h2 class=\"wp-block-heading\">Por que os clientes escolhem nossa m\u00e1quina de embalagem de p\u00f3?<\/h2>    <p>Os trabalhadores da nossa f\u00e1brica s\u00e3o todos especialistas qualificados e t\u00eam uma melhor compreens\u00e3o da estrutura de cada parte da m\u00e1quina. Al\u00e9m disso, eles possuem um bom dom\u00ednio da tecnologia de soldagem profissional. <\/p>    <p>Nosso inspetor profissional de qualidade do produto visitar\u00e1 a m\u00e1quina do trabalhador de tempos em tempos para verificar o progresso e os resultados do trabalho.<\/p>    <p>Eles tamb\u00e9m verificar\u00e3o os procedimentos de soldagem e revestimento. Ap\u00f3s a verifica\u00e7\u00e3o, eles registrar\u00e3o os resultados da inspe\u00e7\u00e3o das m\u00e1quinas. A m\u00e1quina n\u00e3o ser\u00e1 armazenada at\u00e9 que seja considerada qualificada.<\/p>    <p>Portanto, todas as m\u00e1quinas que vendemos s\u00e3o rigorosamente inspecionadas. \u00c9 caracterizado por uma baixa taxa de falhas e longa vida \u00fatil.<\/p>   <div class=\"wp-block-image\"> <figure class=\"aligncenter size-large\"><img decoding=\"async\" src=\"https:\/\/taizypackaging.com\/wp-content\/uploads\/2021\/05\/factory.jpg\" alt=\"nossa f\u00e1brica de m\u00e1quinas de embalagem\" class=\"wp-image-1861\"\/><figcaption class=\"wp-element-caption\">nossa f\u00e1brica de m\u00e1quinas de embalagem<\/figcaption><\/figure> <\/div>   <h2 class=\"wp-block-heading\" id=\"h-q-a\">Perguntas frequentes sobre nossa m\u00e1quina de embalagem de p\u00f3<\/h2>   <div id=\"rank-math-faq\" class=\"rank-math-block\"> <div class=\"rank-math-list\"> <div id=\"faq-question-1722930814042\" class=\"rank-math-list-item\"> <h3 class=\"rank-math-question\">Se a embaladora de leite em p\u00f3 apresentar algum problema, como resolv\u00ea-lo?<\/h3> <div class=\"rank-math-answer\">  <p>Voc\u00ea nos fornece um v\u00eddeo de feedback e verificaremos o que aconteceu.<br \/>Quando um problema com a m\u00e1quina surgir devido a uma opera\u00e7\u00e3o inadequada, forneceremos as pe\u00e7as pelo pre\u00e7o original para voc\u00ea. <br \/>Se n\u00e3o for m\u00e1 conduta humana, forneceremos pe\u00e7as gratuitamente.<\/p>  <\/div> <\/div> <div id=\"faq-question-1722930906361\" class=\"rank-math-list-item\"> <h3 class=\"rank-math-question\">Qual \u00e9 a forma de embalagem da m\u00e1quina na remessa?<\/h3> <div class=\"rank-math-answer\">  <p>A m\u00e1quina \u00e9 embrulhada em filme pl\u00e1stico antes de ser embalada, para evitar umidade no mar.<br \/>Se necess\u00e1rio, colocaremos a m\u00e1quina em uma caixa de madeira livre de fumiga\u00e7\u00e3o, forrada com arame met\u00e1lico.<br \/>Temos um rigoroso sistema de controle de qualidade. Antes do envio, tiraremos fotos e v\u00eddeos para voc\u00ea.<\/p>  <\/div> <\/div> <div id=\"faq-question-1722930984396\" class=\"rank-math-list-item\"> <h3 class=\"rank-math-question\">Qual \u00e9 a voltagem da m\u00e1quina de embalagem de leite em p\u00f3?<\/h3> <div class=\"rank-math-answer\">  <p>Personalizaremos a tens\u00e3o de acordo com suas necessidades.<\/p>  <\/div> <\/div> <div id=\"faq-question-1722931008913\" class=\"rank-math-list-item\"> <h3 class=\"rank-math-question\">Quanto tempo dura o per\u00edodo de garantia?<\/h3> <div class=\"rank-math-answer\">  <p>Fornecemos 24 meses de garantia de qualidade. Ao mesmo tempo, oferecemos manuten\u00e7\u00e3o vital\u00edcia.<\/p>  <\/div> <\/div> <div id=\"faq-question-1722931030793\" class=\"rank-math-list-item\"> <h3 class=\"rank-math-question\">Como instalar e operar a m\u00e1quina embaladora de leite em p\u00f3?<br><\/h3> <div class=\"rank-math-answer\">  <p>Manuais em ingl\u00eas e tutoriais em v\u00eddeo ir\u00e3o ajud\u00e1-lo a operar a m\u00e1quina. Voc\u00ea tamb\u00e9m pode entrar em contato com nossos trabalhadores t\u00e9cnicos para ajud\u00e1-lo.<\/p>  <\/div> <\/div> <div id=\"faq-question-1722931096745\" class=\"rank-math-list-item\"> <h3 class=\"rank-math-question\">Quanto tempo posso receber a m\u00e1quina ap\u00f3s o pagamento?<\/h3> <div class=\"rank-math-answer\">  <p>Esta m\u00e1quina de embalagem de p\u00f3 est\u00e1 cheia em estoque. Assim, enviaremos as m\u00e1quinas para voc\u00ea ap\u00f3s o seu pagamento.<\/p>  <\/div> <\/div> <\/div> <\/div>   <h2 class=\"wp-block-heading\" id=\"conclusion\">Contate-nos para um or\u00e7amento gratuito!<\/h2>    <p>Como um dos principais fabricantes de m\u00e1quinas de embalagem de p\u00f3 na China, oferecemos uma gama completa de m\u00e1quinas de embalagem de p\u00f3. <\/p>    <p class=\"translation-block\">Al\u00e9m da m\u00e1quina de embalagem de leite em p\u00f3, existem <a href=\"https:\/\/taizypackaging.com\/pt\/spices-packing-machine-powder-packing-machine-type2\/\">m\u00e1quinas de embalagem de especiarias<\/a>, m\u00e1quinas de embalagem de farinha e <a href=\"https:\/\/taizypackaging.com\/pt\/semi-automatic-powder-packaging-machine-auger-filling-machine\/\">m\u00e1quinas de enchimento de p\u00f3 semiautom\u00e1ticas<\/a> \u00e0 venda na f\u00e1brica Taizy. <\/p>    <p>Todas as nossas m\u00e1quinas de embalagem s\u00e3o projetadas e fabricadas de acordo com padr\u00f5es internacionais. Contate-nos hoje para iniciar seu projeto!<\/p>","protected":false},"excerpt":{"rendered":"<p>Esta m\u00e1quina de embalagem de p\u00f3 inclinada pode completar a medi\u00e7\u00e3o e embalagem autom\u00e1tica de p\u00f3s, como leite em p\u00f3, leite de soja em p\u00f3, pasta de gergelim, p\u00f3 de raiz de l\u00f3tus e assim por diante. Seu maior peso de embalagem \u00e9 de 80g. A embalagem de p\u00f3 inclinada \u00e9 adequada para embalagens de sach\u00eas pequenos. <\/p>","protected":false},"author":1,"featured_media":3557,"parent":0,"template":"","tags":[264,275,283,375,409,436,454,457,478],"product-type":[660],"class_list":["post-1848","product","type-product","status-publish","has-post-thumbnail","hentry","tag-lotcus-root-powder","tag-medical-powder","tag-milk-powder","tag-powder-packing","tag-seasoning-powder","tag-spice","tag-suffron","tag-sulfur-powder","tag-tea-milk-powder","product-type-powder-packing-machines"],"_links":{"self":[{"href":"https:\/\/taizypackaging.com\/pt\/wp-json\/wp\/v2\/product\/1848","targetHints":{"allow":["GET"]}}],"collection":[{"href":"https:\/\/taizypackaging.com\/pt\/wp-json\/wp\/v2\/product"}],"about":[{"href":"https:\/\/taizypackaging.com\/pt\/wp-json\/wp\/v2\/types\/product"}],"author":[{"embeddable":true,"href":"https:\/\/taizypackaging.com\/pt\/wp-json\/wp\/v2\/users\/1"}],"wp:featuredmedia":[{"embeddable":true,"href":"https:\/\/taizypackaging.com\/pt\/wp-json\/wp\/v2\/media\/3557"}],"wp:attachment":[{"href":"https:\/\/taizypackaging.com\/pt\/wp-json\/wp\/v2\/media?parent=1848"}],"wp:term":[{"taxonomy":"post_tag","embeddable":true,"href":"https:\/\/taizypackaging.com\/pt\/wp-json\/wp\/v2\/tags?post=1848"},{"taxonomy":"product-type","embeddable":true,"href":"https:\/\/taizypackaging.com\/pt\/wp-json\/wp\/v2\/product-type?post=1848"}],"curies":[{"name":"wp","href":"https:\/\/api.w.org\/{rel}","templated":true}]}}