{"id":187,"date":"2020-08-24T07:21:44","date_gmt":"2020-08-24T07:21:44","guid":{"rendered":"https:\/\/taizypackaging.com\/?p=187"},"modified":"2024-07-16T17:37:40","modified_gmt":"2024-07-16T09:37:40","slug":"candy-packing-machine","status":"publish","type":"product","link":"https:\/\/taizypackaging.com\/pt\/candy-packing-machine\/","title":{"rendered":"M\u00e1quina de embalagem de doces"},"content":{"rendered":"<div class=\"kk-star-ratings kksr-auto kksr-align-left kksr-valign-top\"     data-payload='{&quot;align&quot;:&quot;left&quot;,&quot;id&quot;:&quot;187&quot;,&quot;slug&quot;:&quot;default&quot;,&quot;valign&quot;:&quot;top&quot;,&quot;ignore&quot;:&quot;&quot;,&quot;reference&quot;:&quot;auto&quot;,&quot;class&quot;:&quot;&quot;,&quot;count&quot;:&quot;25&quot;,&quot;legendonly&quot;:&quot;&quot;,&quot;readonly&quot;:&quot;&quot;,&quot;score&quot;:&quot;4.6&quot;,&quot;starsonly&quot;:&quot;&quot;,&quot;best&quot;:&quot;5&quot;,&quot;gap&quot;:&quot;5&quot;,&quot;greet&quot;:&quot;Rate this product&quot;,&quot;legend&quot;:&quot;4.6\\\/5 - (25 votes)&quot;,&quot;size&quot;:&quot;24&quot;,&quot;title&quot;:&quot;Candy Packing Machine&quot;,&quot;width&quot;:&quot;130.9&quot;,&quot;_legend&quot;:&quot;{score}\\\/{best} - ({count} {votes})&quot;,&quot;font_factor&quot;:&quot;1.25&quot;}'>              <div class=\"kksr-stars\">      <div class=\"kksr-stars-inactive\">             <div class=\"kksr-star\" data-star=\"1\" style=\"padding-right: 5px\">               <div class=\"kksr-icon\" style=\"width: 24px; height: 24px;\"><\/div>         <\/div>             <div class=\"kksr-star\" data-star=\"2\" style=\"padding-right: 5px\">               <div class=\"kksr-icon\" style=\"width: 24px; height: 24px;\"><\/div>         <\/div>             <div class=\"kksr-star\" data-star=\"3\" style=\"padding-right: 5px\">               <div class=\"kksr-icon\" style=\"width: 24px; height: 24px;\"><\/div>         <\/div>             <div class=\"kksr-star\" data-star=\"4\" style=\"padding-right: 5px\">               <div class=\"kksr-icon\" style=\"width: 24px; height: 24px;\"><\/div>         <\/div>             <div class=\"kksr-star\" data-star=\"5\" style=\"padding-right: 5px\">               <div class=\"kksr-icon\" style=\"width: 24px; height: 24px;\"><\/div>         <\/div>     <\/div>      <div class=\"kksr-stars-active\" style=\"width: 130.9px;\">             <div class=\"kksr-star\" style=\"padding-right: 5px\">               <div class=\"kksr-icon\" style=\"width: 24px; height: 24px;\"><\/div>         <\/div>             <div class=\"kksr-star\" style=\"padding-right: 5px\">               <div class=\"kksr-icon\" style=\"width: 24px; height: 24px;\"><\/div>         <\/div>             <div class=\"kksr-star\" style=\"padding-right: 5px\">               <div class=\"kksr-icon\" style=\"width: 24px; height: 24px;\"><\/div>         <\/div>             <div class=\"kksr-star\" style=\"padding-right: 5px\">               <div class=\"kksr-icon\" style=\"width: 24px; height: 24px;\"><\/div>         <\/div>             <div class=\"kksr-star\" style=\"padding-right: 5px\">               <div class=\"kksr-icon\" style=\"width: 24px; height: 24px;\"><\/div>         <\/div>     <\/div> <\/div>                   <div class=\"kksr-legend\" style=\"font-size: 19.2px;\">             4,6\/5 - (25 votos)    <\/div>     <\/div>  <p class=\"translation-block\">A <strong>m\u00e1quina de embalar doces<\/strong> \u00e9 um tipo de m\u00e1quina de embalagem horizontal flow wrapper. Possui caracter\u00edsticas de alta efici\u00eancia, alta precis\u00e3o e facilidade de opera\u00e7\u00e3o. Com um sistema de transporte, servomotor e sistema de controle avan\u00e7ado, pode completar automaticamente o processo de embalagem, selagem e corte. Portanto, uma m\u00e1quina autom\u00e1tica de embalagem de doces pode definitivamente aumentar sua produtividade e economizar custos. Como fabricante l\u00edder de m\u00e1quinas de embalagem na China, fornecemos excelentes solu\u00e7\u00f5es de embalagem de doces para clientes em todo o mundo. Voc\u00ea tem algum interesse? Envie-nos um e-mail ou ligue para n\u00f3s para obter a melhor cota\u00e7\u00e3o. <\/p>   <figure class=\"wp-block-embed-youtube wp-block-embed is-type-video is-provider-youtube wp-embed-aspect-16-9 wp-has-aspect-ratio\"><div class=\"lyte-wrapper fourthree\" title=\"M\u00e1quina automatizada de embalagem de p\u00e3o\/leite\/chocolate\/macarr\u00e3o\/massas\/legumes\/doces\" style=\"width:960px;max-width:100%;margin:5px auto;\"><div class=\"lyMe hidef\" id=\"WYL_ky0B3I2mrVM\" itemprop=\"video\" itemscope itemtype=\"https:\/\/schema.org\/VideoObject\"><div><meta itemprop=\"thumbnailUrl\" content=\"https:\/\/taizypackaging.com\/wp-content\/plugins\/wp-youtube-lyte\/lyteCache.php?origThumbUrl=https%3A%2F%2Fi.ytimg.com%2Fvi%2Fky0B3I2mrVM%2Fhqdefault.jpg\" \/><meta itemprop=\"embedURL\" content=\"https:\/\/www.youtube.com\/embed\/ky0B3I2mrVM\" \/><meta itemprop=\"duration\" content=\"PT4M42S\" \/><meta itemprop=\"uploadDate\" content=\"2020-09-25T03:30:06Z\" \/><\/div><div id=\"lyte_ky0B3I2mrVM\" data-src=\"https:\/\/taizypackaging.com\/wp-content\/plugins\/wp-youtube-lyte\/lyteCache.php?origThumbUrl=https%3A%2F%2Fi.ytimg.com%2Fvi%2Fky0B3I2mrVM%2Fhqdefault.jpg\" class=\"pL\"><div class=\"tC\"><div class=\"tT\" itemprop=\"name\">M\u00e1quina automatizada de embalagem de p\u00e3o\/leite\/chocolate\/macarr\u00e3o\/massas\/legumes\/doces<\/div><\/div><div class=\"play\"><\/div><div class=\"ctrl\"><div class=\"Lctrl\"><\/div><div class=\"Rctrl\"><\/div><\/div><\/div><noscript><a href=\"https:\/\/youtu.be\/ky0B3I2mrVM\" rel=\"nofollow noopener\" target=\"_blank\"><img loading=\"lazy\" decoding=\"async\" src=\"https:\/\/taizypackaging.com\/wp-content\/plugins\/wp-youtube-lyte\/lyteCache.php?origThumbUrl=https%3A%2F%2Fi.ytimg.com%2Fvi%2Fky0B3I2mrVM%2F0.jpg\" alt=\"M\u00e1quina automatizada de embalagem de p\u00e3o\/leite\/chocolate\/macarr\u00e3o\/massas\/legumes\/doces\" width=\"960\" height=\"700\" \/><br \/>Assista a este v\u00eddeo no YouTube<\/a><\/noscript><meta itemprop=\"description\" content=\"Website for More details: https:\/\/taizypackaging.com\/ Food packaging machine: https:\/\/www.youtube.com\/watchv=R77RQ1DBtjc&amp;t=107s Tea Packaging Machine: https:\/\/www.youtube.com\/watch?v=HtHDwv_bSE8 WhatsApp for factory price: https:\/\/wa.me\/17320158259 Shown in the video are all packaging samples. The machine can not only pack the materials in the video, but also pack a lot. At the same time we also produced coffee packaging machine, spice packaging machine, juice packaging machine, biscuit packaging machine, cookie packaging machine, meat packaging machine, etc.\"><\/div><\/div><div class=\"lL\" style=\"max-width:100%;width:960px;margin:5px auto;\"><\/div><figcaption><\/figcaption><\/figure>   <h2 class=\"wp-block-heading\" id=\"what-is-candy-wrapping-machine\">O que \u00e9 m\u00e1quina de embrulhar doces? <\/h2>    <p>A m\u00e1quina de embalar doces ou m\u00e1quina de embalar doces \u00e9 um tipo de m\u00e1quina de embalar travesseiros. Pode completar o processo de embalagem, selagem e corte da linha de produ\u00e7\u00e3o de doces. Al\u00e9m de doces, a embaladora tipo travesseiro tamb\u00e9m pode ser aplicada na embalagem de diversos outros mantimentos, como biscoitos, p\u00e3es, padaria, wafers, sabonetes, m\u00e1scaras faciais, pap\u00e9is faciais, len\u00e7os umedecidos, etc. sistema de transporte. Com f\u00e1cil opera\u00e7\u00e3o e um sistema de controle inteligente, pode aumentar muito a produtividade de sua f\u00e1brica de alimentos. <\/p>    <h2 class=\"wp-block-heading\" id=\"h-applications-of-the-horizontal-packaging-machine\">Aplica\u00e7\u00f5es da embaladora horizontal<\/h2>    <p>A embaladora horizontal TZ-450 \u00e9 um modelo de m\u00e1quina horizontal. \u00c9 adequado para materiais de embalagem com largura m\u00e1xima de filme de 250 mm. Os par\u00e2metros t\u00e9cnicos detalhados s\u00e3o mostrados no final da passagem. A m\u00e1quina embaladora de doces tem amplas aplica\u00e7\u00f5es em embalagens de doces, embalagens de chocolate, embalagens de talheres descart\u00e1veis, embalagens de seringas, embalagens de m\u00e1scaras, etc.<\/p>    <figure class=\"wp-block-image size-large\"><img decoding=\"async\" src=\"https:\/\/taizypackaging.com\/wp-content\/uploads\/2020\/08\/candy-packing-and-syringe-packaging.jpg\" alt=\"embalagem de doces e embalagem de seringas\" class=\"wp-image-1778\"\/><figcaption class=\"wp-element-caption\">embalagem de doces e embalagem de seringas<\/figcaption><\/figure>    <h2 class=\"wp-block-heading\" id=\"h-types-of-candy-packing-machines-for-sale\">Tipos de m\u00e1quinas de embalagem de doces para venda <\/h2>    <p>Existem dois modos de transporte para o filme em rolo da m\u00e1quina de embalagem de doces, que s\u00e3o a alimenta\u00e7\u00e3o superior e a alimenta\u00e7\u00e3o inferior. O filme em rolo est\u00e1 na parte superior da m\u00e1quina para o alimentador superior, o primeiro pode ser ajustado e o cortador vertical est\u00e1 dentro da m\u00e1quina. M\u00e1quina de embalagem de papel com alimenta\u00e7\u00e3o descendente, o rolo de filme fica embaixo da m\u00e1quina e o primeiro n\u00e3o \u00e9 ajust\u00e1vel. Voc\u00ea pode adquirir diferentes formadores para alterar a largura de corte. Diferentes m\u00e1quinas de embalagem de travesseiros s\u00e3o ideais para diferentes itens. Com boa qualidade e pre\u00e7o competitivo para m\u00e1quinas de embalagem, nossas m\u00e1quinas de embalagem de doces s\u00e3o bastante populares em todo o mundo. <\/p>    <figure class=\"wp-block-image size-large\"><img decoding=\"async\" src=\"https:\/\/taizypackaging.com\/wp-content\/uploads\/2021\/05\/horizontal-packing-machine.jpg\" alt=\"m\u00e1quina de embalagem horizontal\" class=\"wp-image-1665\"\/><figcaption class=\"wp-element-caption\">m\u00e1quina de embalagem horizontal<\/figcaption><\/figure>    <h2 class=\"wp-block-heading\" id=\"h-the-structure-feature-of-the-candy-packing-machine\">A caracter\u00edstica estrutural da m\u00e1quina de embalagem de doces<\/h2>    <ol class=\"wp-block-list\" type=\"1\"> <li>A plataforma de alimenta\u00e7\u00e3o \u00e9 feita de a\u00e7o inoxid\u00e1vel. Este material \u00e9 dur\u00e1vel.<\/li>    <li>Pode ser equipado com faca \u00fanica, faca dupla e corte com tr\u00eas facas.<\/li>    <li>O display torna a configura\u00e7\u00e3o dos par\u00e2metros f\u00e1cil e r\u00e1pida. Adota plataforma de controle inglesa. <\/li>    <li>O rastreamento do cursor de alta sensibilidade e a entrada digital da veda\u00e7\u00e3o tornam a veda\u00e7\u00e3o e a posi\u00e7\u00e3o de corte mais precisas.<\/li>    <li>O sistema de transmiss\u00e3o \u00e9 simples e a opera\u00e7\u00e3o \u00e9 mais confi\u00e1vel. Al\u00e9m disso, a manuten\u00e7\u00e3o \u00e9 mais conveniente.<\/li>    <li>Esta m\u00e1quina de embalar doces \u00e9 vers\u00e1til. Pode embalar produtos em diferentes campos.<\/li> <\/ol>    <figure class=\"wp-block-image size-large\"><img decoding=\"async\" src=\"https:\/\/taizypackaging.com\/wp-content\/uploads\/2020\/08\/Pillow-type-Packaging-Machine-1-2.jpg\" alt=\"m\u00e1quina de embalagem tipo travesseiro\" class=\"wp-image-1256\"\/><figcaption class=\"wp-element-caption\">m\u00e1quina de embalagem tipo travesseiro<\/figcaption><\/figure>    <h2 class=\"wp-block-heading\" id=\"h-the-performance-advantages-of-the-candy-packaging-machine\">As vantagens de desempenho da m\u00e1quina de embalagem de doces<\/h2>    <ol class=\"wp-block-list\" type=\"1\"> <li>Objetos de tamanhos diferentes podem ser embalados trocando-os por diferentes formatos.<\/li>    <li>A velocidade do cortador \u00e9 ajust\u00e1vel. Voc\u00ea pode ajustar a velocidade do cortador definindo os par\u00e2metros na tela de controle.<\/li>    <li>A velocidade do cortador \u00e9 ajust\u00e1vel e a temperatura de corte \u00e9 controlada por uma tela de controle PID independente. \u00c9 adequado para v\u00e1rios materiais de embalagem.<\/li>    <li>Voc\u00ea pode alterar a largura do pacote ajustando a parte anterior.<\/li> <\/ol>    <figure class=\"wp-block-image size-large\"><img decoding=\"async\" src=\"https:\/\/taizypackaging.com\/wp-content\/uploads\/2020\/08\/components-of-the-candy-packing-machine.jpg\" alt=\"componentes da m\u00e1quina de embalagem de doces\" class=\"wp-image-1794\"\/><figcaption class=\"wp-element-caption\">componentes da m\u00e1quina de embalagem de doces<\/figcaption><\/figure>    <h2 class=\"wp-block-heading\" id=\"package-style\">Estilo do pacote<\/h2>    <figure class=\"wp-block-image size-large\"><img decoding=\"async\" src=\"https:\/\/taizypackaging.com\/wp-content\/uploads\/2020\/08\/pillow-type-packing-machine-1.jpg\" alt=\"m\u00e1quina de embalagem tipo travesseiro\" class=\"wp-image-852\"\/><figcaption class=\"wp-element-caption\">m\u00e1quina de embalagem tipo travesseiro<\/figcaption><\/figure>    <h2 class=\"wp-block-heading\" id=\"h-q-a\">Perguntas e respostas<\/h2>    <div class=\"schema-faq wp-block-yoast-faq-block\"><div class=\"schema-faq-section\" id=\"faq-question-1616468169204\"><strong class=\"schema-faq-question\">1. Quantos m\u00e9todos de embalagem existem?<\/strong> <p class=\"schema-faq-answer\">Uma m\u00e1quina de embalagem tipo travesseiro s\u00f3 pode vedar novamente.<\/p> <\/div> <div class=\"schema-faq-section\" id=\"faq-question-1616468188611\"><strong class=\"schema-faq-question\">2. O modelador \u00e9 ajust\u00e1vel?<\/strong> <p class=\"schema-faq-answer\">N\u00e3o, \u00e9 poss\u00edvel embalar objetos de diferentes tamanhos alterando o modelador.<\/p> <\/div> <div class=\"schema-faq-section\" id=\"faq-question-1616468252884\"><strong class=\"schema-faq-question\">3. Como dividir e enviar esta m\u00e1quina se eu compr\u00e1-la?<\/strong> <p class=\"schema-faq-answer\">Geralmente, \u00e9 entregue em duas partes.<\/p> <\/div> <div class=\"schema-faq-section\" id=\"faq-question-1616468264004\"><strong class=\"schema-faq-question\">4. Que tipo de m\u00e1quina de embalagem voc\u00ea vende?<\/strong> <p class=\"schema-faq-answer\">Al\u00e9m disso, temos uma m\u00e1quina de embalagem a v\u00e1cuo de travesseiros, m\u00e1quina de embalagem de travesseiros para doces, m\u00e1quina de embalagem de travesseiros horizontal, etc.<\/p> <\/div> <div class=\"schema-faq-section\" id=\"faq-question-1616468276012\"><strong class=\"schema-faq-question\">5. O cliente pode escolher o motor?<\/strong> <p class=\"schema-faq-answer\">Sim pode. Al\u00e9m dos motores comuns, servomotores tamb\u00e9m podem ser selecionados. A embaladora tipo travesseiro \u00e9 equipada com um servo motor, para que possa detectar automaticamente o comprimento do material. E ent\u00e3o ser\u00e1 cortado ap\u00f3s detectar o material. Quando os materiais n\u00e3o chegam, o filme da embalagem e o cortador n\u00e3o funcionam para evitar desperd\u00edcios. Os servomotores s\u00e3o mais caros que os motores comuns.<\/p> <\/div> <\/div>    <h2 class=\"wp-block-heading\" id=\"h-the-working-video-of-the-horizontal-flow-wrapping-packaging-machine\">O v\u00eddeo de trabalho da m\u00e1quina de embalagem de fluxo horizontal<\/h2>    <h2 class=\"wp-block-heading\" id=\"h-technical-parameter-of-the-candy-packing-machine\">&nbsp;Par\u00e2metro t\u00e9cnico da m\u00e1quina de embalagem de doces<\/h2>    <figure class=\"wp-block-table\"><table><tbody><tr><td>Largura do filme<\/td><td>M\u00e1x. 250 mm<\/td><\/tr><tr><td>Comprimento do saco<\/td><td>45-220mm<\/td><\/tr><tr><td>Largura da bolsa<\/td><td>30-110mm<\/td><\/tr><tr><td>Altura do produto<\/td><td>M\u00e1x.40 mm<\/td><\/tr><tr><td>Capacidade<\/td><td>40-330 sacos\/min<\/td><\/tr><tr><td>Poder<\/td><td>2,4 kW<\/td><\/tr><tr><td>Peso<\/td><td>800kg<\/td><\/tr><tr><td>Dimens\u00e3o<\/td><td>3770*670*1450mm<\/td><\/tr><tr><td>observa\u00e7\u00e3o<\/td><td>ser capaz de personalizar<\/td><\/tr><\/tbody><\/table><\/figure>    <h2 class=\"wp-block-heading\" id=\"h-contact-us-to-start-your-business\">Entre em contato conosco para iniciar seu neg\u00f3cio<\/h2>    <p>A m\u00e1quina de embalagem de doces refere-se a uma m\u00e1quina de embalagem tipo travesseiro. \u00c9 um produto em destaque em nossa empresa devido \u00e0s suas enormes aplica\u00e7\u00f5es na fabrica\u00e7\u00e3o industrial. Exportamos m\u00e1quinas de embrulhar almofadas com sucesso para 30 pa\u00edses e regi\u00f5es todos os anos. Com pre\u00e7os competitivos e bom servi\u00e7o p\u00f3s-venda, as m\u00e1quinas de embalagem Taizy s\u00e3o altamente elogiadas pelos nossos clientes em todo o mundo. Voc\u00ea est\u00e1 procurando um fabricante confi\u00e1vel de m\u00e1quinas de embalagem para beneficiar seu projeto? Deixe suas necessidades abaixo e entraremos em contato com voc\u00ea em algumas horas.<\/p>","protected":false},"excerpt":{"rendered":"<p>Candy packing machine is a type of horizontal flow wrapping machine. It has the features of high efficiency, high accuracy, and easy operation. With a conveyor system, servo motor, and advanced control system, it can automatically complete the process of wrapping, sealing, and cutting. Therefore, an automatic candy packaging machine can definitely enhance your productivity [&hellip;]<\/p>\n","protected":false},"author":1,"featured_media":4147,"parent":0,"template":"","tags":[88,609,555,556],"product-type":[664],"class_list":["post-187","product","type-product","status-publish","has-post-thumbnail","hentry","tag-candy","tag-candy-packaging","tag-candy-packing-machine","tag-candy-wrapping-machine","product-type-horizontal-flow-wrapping-machines"],"_links":{"self":[{"href":"https:\/\/taizypackaging.com\/pt\/wp-json\/wp\/v2\/product\/187","targetHints":{"allow":["GET"]}}],"collection":[{"href":"https:\/\/taizypackaging.com\/pt\/wp-json\/wp\/v2\/product"}],"about":[{"href":"https:\/\/taizypackaging.com\/pt\/wp-json\/wp\/v2\/types\/product"}],"author":[{"embeddable":true,"href":"https:\/\/taizypackaging.com\/pt\/wp-json\/wp\/v2\/users\/1"}],"wp:featuredmedia":[{"embeddable":true,"href":"https:\/\/taizypackaging.com\/pt\/wp-json\/wp\/v2\/media\/4147"}],"wp:attachment":[{"href":"https:\/\/taizypackaging.com\/pt\/wp-json\/wp\/v2\/media?parent=187"}],"wp:term":[{"taxonomy":"post_tag","embeddable":true,"href":"https:\/\/taizypackaging.com\/pt\/wp-json\/wp\/v2\/tags?post=187"},{"taxonomy":"product-type","embeddable":true,"href":"https:\/\/taizypackaging.com\/pt\/wp-json\/wp\/v2\/product-type?post=187"}],"curies":[{"name":"wp","href":"https:\/\/api.w.org\/{rel}","templated":true}]}}