{"id":1882,"date":"2021-05-21T08:46:25","date_gmt":"2021-05-21T08:46:25","guid":{"rendered":"https:\/\/taizypackaging.com\/?p=1882"},"modified":"2024-01-17T16:13:45","modified_gmt":"2024-01-17T08:13:45","slug":"spice-packing-machine","status":"publish","type":"product","link":"https:\/\/taizypackaging.com\/pt\/spice-packing-machine\/","title":{"rendered":"M\u00e1quina de embalagem de especiarias"},"content":{"rendered":"<div class=\"kk-star-ratings kksr-auto kksr-align-left kksr-valign-top\"     data-payload='{&quot;align&quot;:&quot;left&quot;,&quot;id&quot;:&quot;1882&quot;,&quot;slug&quot;:&quot;default&quot;,&quot;valign&quot;:&quot;top&quot;,&quot;ignore&quot;:&quot;&quot;,&quot;reference&quot;:&quot;auto&quot;,&quot;class&quot;:&quot;&quot;,&quot;count&quot;:&quot;16&quot;,&quot;legendonly&quot;:&quot;&quot;,&quot;readonly&quot;:&quot;&quot;,&quot;score&quot;:&quot;4.9&quot;,&quot;starsonly&quot;:&quot;&quot;,&quot;best&quot;:&quot;5&quot;,&quot;gap&quot;:&quot;5&quot;,&quot;greet&quot;:&quot;Rate this product&quot;,&quot;legend&quot;:&quot;4.9\\\/5 - (16 votes)&quot;,&quot;size&quot;:&quot;24&quot;,&quot;title&quot;:&quot;Spice Packing Machine&quot;,&quot;width&quot;:&quot;139.6&quot;,&quot;_legend&quot;:&quot;{score}\\\/{best} - ({count} {votes})&quot;,&quot;font_factor&quot;:&quot;1.25&quot;}'>              <div class=\"kksr-stars\">      <div class=\"kksr-stars-inactive\">             <div class=\"kksr-star\" data-star=\"1\" style=\"padding-right: 5px\">               <div class=\"kksr-icon\" style=\"width: 24px; height: 24px;\"><\/div>         <\/div>             <div class=\"kksr-star\" data-star=\"2\" style=\"padding-right: 5px\">               <div class=\"kksr-icon\" style=\"width: 24px; height: 24px;\"><\/div>         <\/div>             <div class=\"kksr-star\" data-star=\"3\" style=\"padding-right: 5px\">               <div class=\"kksr-icon\" style=\"width: 24px; height: 24px;\"><\/div>         <\/div>             <div class=\"kksr-star\" data-star=\"4\" style=\"padding-right: 5px\">               <div class=\"kksr-icon\" style=\"width: 24px; height: 24px;\"><\/div>         <\/div>             <div class=\"kksr-star\" data-star=\"5\" style=\"padding-right: 5px\">               <div class=\"kksr-icon\" style=\"width: 24px; height: 24px;\"><\/div>         <\/div>     <\/div>      <div class=\"kksr-stars-active\" style=\"width: 139.6px;\">             <div class=\"kksr-star\" style=\"padding-right: 5px\">               <div class=\"kksr-icon\" style=\"width: 24px; height: 24px;\"><\/div>         <\/div>             <div class=\"kksr-star\" style=\"padding-right: 5px\">               <div class=\"kksr-icon\" style=\"width: 24px; height: 24px;\"><\/div>         <\/div>             <div class=\"kksr-star\" style=\"padding-right: 5px\">               <div class=\"kksr-icon\" style=\"width: 24px; height: 24px;\"><\/div>         <\/div>             <div class=\"kksr-star\" style=\"padding-right: 5px\">               <div class=\"kksr-icon\" style=\"width: 24px; height: 24px;\"><\/div>         <\/div>             <div class=\"kksr-star\" style=\"padding-right: 5px\">               <div class=\"kksr-icon\" style=\"width: 24px; height: 24px;\"><\/div>         <\/div>     <\/div> <\/div>                   <div class=\"kksr-legend\" style=\"font-size: 19.2px;\">             4,9\/5 - (16 votos)    <\/div>     <\/div>  <p class=\"translation-block\">A <strong>m\u00e1quina de embalagem de especiarias<\/strong> oferecida \u00e9 uma <strong>m\u00e1quina autom\u00e1tica de formar, encher e selar verticalmente<\/strong>. Ela pode finalizar o processo de pesagem, enchimento, fabrica\u00e7\u00e3o de sacos, selagem e corte. Especiarias s\u00e3o amplamente utilizadas como ingredientes alimentares importantes. Elas podem tornar os alimentos mais deliciosos ou com melhor apar\u00eancia. <\/p>    <p class=\"translation-block\">A m\u00e1quina de embalagem de especiarias da Taizy \u00e9 aplicada para embalar v\u00e1rios p\u00f3s de especiarias, como p\u00f3 de pimenta, p\u00f3 de a\u00e7afr\u00e3o, pimenta-do-reino, p\u00f3 de gengibre, <a href=\"https:\/\/en.wikipedia.org\/wiki\/Garam_masala\" target=\"_blank\" rel=\"noopener\">masala<\/a>, p\u00f3 de curry, etc. Com pe\u00e7as de marca e tecnologia avan\u00e7ada, esta <strong>m\u00e1quina de embalagem de pequenos sach\u00eas de p\u00f3<\/strong> possui alto desempenho e boa qualidade. Sinta-se \u00e0 vontade para nos contatar para um or\u00e7amento gratuito para iniciar seu pequeno neg\u00f3cio. <\/p>   <figure class=\"wp-block-embed-youtube wp-block-embed is-type-video is-provider-youtube wp-embed-aspect-16-9 wp-has-aspect-ratio\"><div class=\"lyte-wrapper fourthree\" title=\"M\u00e1quina autom\u00e1tica de embalagem de bolsas em p\u00f3 para farinha, especiarias, caf\u00e9 em p\u00f3 10g, 50g, 200g, 1kg\" style=\"width:960px;max-width:100%;margin:5px auto;\"><div class=\"lyMe hidef\" id=\"WYL_qe2aNDHzdDQ\" itemprop=\"video\" itemscope itemtype=\"https:\/\/schema.org\/VideoObject\"><div><meta itemprop=\"thumbnailUrl\" content=\"https:\/\/taizypackaging.com\/wp-content\/plugins\/wp-youtube-lyte\/lyteCache.php?origThumbUrl=https%3A%2F%2Fi.ytimg.com%2Fvi%2Fqe2aNDHzdDQ%2Fmaxresdefault.jpg\" \/><meta itemprop=\"embedURL\" content=\"https:\/\/www.youtube.com\/embed\/qe2aNDHzdDQ\" \/><meta itemprop=\"duration\" content=\"PT1M39S\" \/><meta itemprop=\"uploadDate\" content=\"2022-01-27T07:42:21Z\" \/><\/div><div id=\"lyte_qe2aNDHzdDQ\" data-src=\"https:\/\/taizypackaging.com\/wp-content\/plugins\/wp-youtube-lyte\/lyteCache.php?origThumbUrl=https%3A%2F%2Fi.ytimg.com%2Fvi%2Fqe2aNDHzdDQ%2Fmaxresdefault.jpg\" class=\"pL\"><div class=\"tC\"><div class=\"tT\" itemprop=\"name\">M\u00e1quina autom\u00e1tica de embalagem de bolsas em p\u00f3 para farinha, especiarias, caf\u00e9 em p\u00f3 10g, 50g, 200g, 1kg<\/div><\/div><div class=\"play\"><\/div><div class=\"ctrl\"><div class=\"Lctrl\"><\/div><div class=\"Rctrl\"><\/div><\/div><\/div><noscript><a href=\"https:\/\/youtu.be\/qe2aNDHzdDQ\" rel=\"nofollow noopener\" target=\"_blank\"><img loading=\"lazy\" decoding=\"async\" src=\"https:\/\/taizypackaging.com\/wp-content\/plugins\/wp-youtube-lyte\/lyteCache.php?origThumbUrl=https%3A%2F%2Fi.ytimg.com%2Fvi%2Fqe2aNDHzdDQ%2F0.jpg\" alt=\"M\u00e1quina autom\u00e1tica de embalagem de bolsas em p\u00f3 para farinha, especiarias, caf\u00e9 em p\u00f3 10g, 50g, 200g, 1kg\" width=\"960\" height=\"700\" \/><br \/>Assista a este v\u00eddeo no YouTube<\/a><\/noscript><meta itemprop=\"description\" content=\"#powderpackingmachine #powderpackaging #packingmachine EMAIL: info@taizypackaging.com TEL\/WHATSAPP: +86 18837171591 WEBSITE: https:\/\/taizypackaging.com\/powder-packaging-machine\/ This set automatic powder packing machine is packing for 10g, 20g, 100g, 200g, 400g, 1kg powder products. Equipment: auger filler, screw conveyor, PLC control panel, packing machine, sealing device, cutting device, date printer. This machine is ideal for packaging various flow powder products like detergent powder, washing powder, spice powder, chili powder, coffee powder, rice powder, protein powder, masala powder, milk powder, ginger powder, tea powder, curry powder, bleaching powder, etc. Weighing methods: The powder pouch packing machine can be weighed according to the screw speed. The screw can rotate at 180 degrees, 270 degrees, and 360 degrees. Sealing methods: The powder packing machine can be back sealing, three-side sealing, and four-side sealing. You may also like these videos: Powder packing machine 1kg~3kg: https:\/\/www.youtube.com\/watch?v=OSG84yTnpxY&amp;t=154s&amp;ab_channel=TaizyPackagingMachinery Semi automatic powder filling machine 10kg, 20kg: https:\/\/www.youtube.com\/watch?v=F5tlcnSb8q4&amp;ab_channel=TaizyPackagingMachinery EMAIL: info@taizypackaging.com TEL\/WHATSAPP: +86 18837171591\"><\/div><\/div><div class=\"lL\" style=\"max-width:100%;width:960px;margin:5px auto;\"><\/div><figcaption><\/figcaption><\/figure>   <h2 class=\"wp-block-heading\" id=\"h-the-application-scope-of-the-spices-powder-packing-machine\">Aplica\u00e7\u00f5es\u00a0da m\u00e1quina de embalagem de especiarias para venda <\/h2>    <p>A m\u00e1quina de embalagem de especiarias em p\u00f3 pode completar automaticamente o processo de contagem de peso, enchimento de materiais e embalagem de sacos. \u00c9 adequado para embalar v\u00e1rios produtos em p\u00f3.<\/p>    <p>Esta m\u00e1quina de embalagem de especiarias em p\u00f3 tem um design razo\u00e1vel e uma estrutura simples. E \u00e9 f\u00e1cil de operar e manter. O peso m\u00e1ximo da embalagem desta m\u00e1quina \u00e9 de 200g. <\/p>    <p>A embalagem precisa escolher materiais com boa fluidez, como pimenta em p\u00f3, gengibre em p\u00f3, a\u00e7afr\u00e3o em p\u00f3, caf\u00e9 em p\u00f3, prote\u00edna em p\u00f3, glicose em p\u00f3, sab\u00e3o em p\u00f3 e outros materiais. <\/p>    <p class=\"translation-block\">Se voc\u00ea escolher produtos com baixa fluidez, como a\u00e7\u00facar mascavo e sal, o erro de peso da embalagem se tornar\u00e1 maior. Voc\u00ea pode nos informar o p\u00f3 que deseja embalar, e n\u00f3s recomendaremos uma <a href=\"https:\/\/taizypackaging.com\/pt\/powder-packaging-machine\/\">m\u00e1quina de embalagem de p\u00f3<\/a> adequada para voc\u00ea.<\/p>    <figure class=\"wp-block-image size-large\"><img decoding=\"async\" src=\"https:\/\/taizypackaging.com\/wp-content\/uploads\/2021\/05\/application-of-powder-packing-machine.jpg\" alt=\"aplica\u00e7\u00e3o de m\u00e1quina de embalagem de p\u00f3\" class=\"wp-image-1895\"\/><figcaption class=\"wp-element-caption\">aplica\u00e7\u00e3o de m\u00e1quina de embalagem de p\u00f3<\/figcaption><\/figure>    <h2 class=\"wp-block-heading\" id=\"h-structure-of-powder-packing-machine\">Detalhes da estrutura da m\u00e1quina de embalagem de bolsas de especiarias em p\u00f3<\/h2>    <p>Esta m\u00e1quina embaladora de bolsas de p\u00f3 possui principalmente dois sistemas, um sistema de enchimento e um sistema de embalagem. Eles t\u00eam muitas pe\u00e7as, como tela de toque de controle PLC, filme em rolo, formador de saco, sem-fim de p\u00f3, recipiente, motor, m\u00e1quina de codifica\u00e7\u00e3o, tampa de prote\u00e7\u00e3o do cortador e estrutura de corpo em a\u00e7o inoxid\u00e1vel dur\u00e1vel. Esta m\u00e1quina embaladora de especiarias tem um tamanho muito pequeno e um pre\u00e7o acess\u00edvel. Se voc\u00ea est\u00e1 procurando uma pequena m\u00e1quina de embalagem de p\u00f3 para beneficiar seu projeto, esta m\u00e1quina \u00e9 perfeita. <\/p>    <figure class=\"wp-block-image size-large\"><img decoding=\"async\" src=\"https:\/\/taizypackaging.com\/wp-content\/uploads\/2021\/05\/structure-of-powder-packing-machine.jpg\" alt=\"estrutura da m\u00e1quina de embalagem de especiarias\" class=\"wp-image-1892\"\/><figcaption class=\"wp-element-caption\">estrutura da m\u00e1quina de embalagem de p\u00f3<\/figcaption><\/figure>    <h2 class=\"wp-block-heading\" id=\"h-the-working-process-of-the-spices-powder-packaging-machine\">Processo de trabalho da m\u00e1quina de embalagem de especiarias em p\u00f3<\/h2>    <p>O processo de trabalho da m\u00e1quina: colocar materiais na tremonha - misturar materiais - pesagem de rosca - transportar materiais - selagem t\u00e9rmica vertical - exporta\u00e7\u00e3o de produto acabado.<\/p>    <ol class=\"wp-block-list\"> <li>A m\u00e1quina de embalagem de p\u00f3 adota interruptores de chave. Os par\u00e2metros da fun\u00e7\u00e3o podem ser definidos na tela do PLC. Como velocidade de embalagem, temperatura de selagem a quente, peso da embalagem, etc.<\/li>    <li>Na opera\u00e7\u00e3o da m\u00e1quina de embalagem de p\u00f3, o motor aciona o saco para fabric\u00e1-lo com alta precis\u00e3o<br>A m\u00e1quina embaladora de bolsas de p\u00f3 pode ser pesada de acordo com a velocidade da rosca. O parafuso pode girar 180 graus, 270 graus e 360 \u200b\u200bgraus.<\/li>    <li>Na embalagem de materiais em p\u00f3, existem elevados requisitos quanto \u00e0 est\u00e9tica da embalagem. A m\u00e1quina de embalagem de p\u00f3 adota c\u00f3digo de cores de rastreamento autom\u00e1tico, elimina de forma inteligente o c\u00f3digo de cores falsas e completa automaticamente o posicionamento e o comprimento da embalagem.<\/li>    <li>Na selagem da m\u00e1quina de embalagem de p\u00f3, \u00e9 usada a selagem a quente. E voc\u00ea pode definir a temperatura de selagem a quente de acordo com os diferentes materiais de embalagem.<\/li> <\/ol>    <h2 class=\"wp-block-heading\" id=\"h-machine-display\">Exibi\u00e7\u00e3o da m\u00e1quina de embalagem de especiarias<\/h2>    <figure class=\"wp-block-image size-large\"><img loading=\"lazy\" decoding=\"async\" width=\"720\" height=\"540\" src=\"https:\/\/taizypackaging.com\/wp-content\/uploads\/2021\/05\/machines-display.jpg\" alt=\"exibi\u00e7\u00e3o de m\u00e1quinas\" class=\"wp-image-1893\" srcset=\"https:\/\/taizypackaging.com\/wp-content\/uploads\/2021\/05\/machines-display.jpg 720w, https:\/\/taizypackaging.com\/wp-content\/uploads\/2021\/05\/machines-display-300x225.jpg 300w\" sizes=\"auto, (max-width: 720px) 100vw, 720px\" \/><figcaption class=\"wp-element-caption\">exibi\u00e7\u00e3o de m\u00e1quinas<\/figcaption><\/figure>    <h2 class=\"wp-block-heading\" id=\"h-classification-of-powder-free-flowing-and-non-free-flowing\">Tipos de produtos em p\u00f3: fluidos e n\u00e3o fluidos<\/h2>    <p>Os p\u00f3s podem ser divididos em duas categorias de acordo com sua fluidez: p\u00f3s de fluxo livre e p\u00f3s de fluxo n\u00e3o livre.<\/p>    <p>Para p\u00f3s de fluxo livre, como o sal, a densidade do sal n\u00e3o aumentar\u00e1 pela aplica\u00e7\u00e3o de press\u00e3o sobre ele. Eles s\u00e3o \u201cfluidos livremente\u201d. E geralmente n\u00e3o mant\u00eam sua forma durante a opera\u00e7\u00e3o.<\/p>    <p>Quando as part\u00edculas s\u00e3o pegajosas, o produto em p\u00f3 \u00e9 considerado de fluxo n\u00e3o livre. Como a\u00e7\u00facar mascavo ou leite em p\u00f3. Eles tendem a manter sua forma durante a opera\u00e7\u00e3o e podem ser compactados sob press\u00e3o.<\/p>    <p>Produtos de fluxo livre caem facilmente sob a a\u00e7\u00e3o da gravidade, enquanto produtos de fluxo livre requerem compacta\u00e7\u00e3o adequada e processamento \u201cassistido\u201d durante o processo de embalagem devido \u00e0 sua coes\u00e3o. Portanto, os dois tipos de materiais requerem um sistema de envase completamente diferente para transportar os produtos corretamente.<\/p>    <p>A m\u00e1quina de embalagem de especiarias em p\u00f3 pode ser usada para embalar p\u00f3 de fluxo livre e n\u00e3o de fluxo livre. O m\u00e9todo de pesagem e transporte de materiais com um parafuso de press\u00e3o obl\u00edquo tem um bom efeito de embalagem e um peso de embalagem preciso.<\/p>    <figure class=\"wp-block-image size-large\"><img decoding=\"async\" src=\"https:\/\/taizypackaging.com\/wp-content\/uploads\/2021\/05\/classification-of-the-powder.jpg\" alt=\"classifica\u00e7\u00e3o do p\u00f3\" class=\"wp-image-1886\"\/><figcaption class=\"wp-element-caption\">classifica\u00e7\u00e3o do p\u00f3<\/figcaption><\/figure>    <h2 class=\"wp-block-heading\" id=\"what-is-the-cost-of-spice-packing-machine\">Qual \u00e9 o custo de uma m\u00e1quina de embalar especiarias? <\/h2>    <p>O custo de uma m\u00e1quina embaladora de especiarias est\u00e1 intimamente relacionado a v\u00e1rios fatores. <\/p>    <p>Em primeiro lugar, os tipos de m\u00e1quinas. Existem muitos tipos de m\u00e1quinas embaladoras de bolsas de especiarias para atender a diferentes necessidades, como pequenas m\u00e1quinas embaladoras de p\u00f3, m\u00e1quinas autom\u00e1ticas de embalagem de p\u00f3 de 1kg ~ 3kg e m\u00e1quinas semiautom\u00e1ticas de envase de p\u00f3. Seus pre\u00e7os s\u00e3o diferentes. Por exemplo, o pre\u00e7o de uma pequena m\u00e1quina de selagem e enchimento de p\u00f3 \u00e9 geralmente de v\u00e1rios milhares de d\u00f3lares, e os pre\u00e7os de outras m\u00e1quinas de embalagem de p\u00f3 est\u00e3o acima de 10 mil d\u00f3lares. <\/p>    <p>Em segundo lugar, os par\u00e2metros da m\u00e1quina. Os pre\u00e7os das m\u00e1quinas embaladoras de especiarias do mesmo tipo de m\u00e1quina s\u00e3o diferentes. Por exemplo, a pequena m\u00e1quina de embalagem de especiarias em p\u00f3 \u00e0 venda aqui tem diferentes modelos ou par\u00e2metros para diferentes tamanhos de sacos e outros requisitos personalizados. <\/p>    <p>Em terceiro lugar, o custo da m\u00e1quina de embalagem de especiarias est\u00e1 relacionado a alguns fatores externos, como custo de envio, taxa de c\u00e2mbio, etc. <\/p>    <h2 class=\"wp-block-heading\" id=\"h-optional-devices-for-spices-powder-packing-machine\">Dispositivos opcionais para m\u00e1quina de embalagem de especiarias em p\u00f3<\/h2>    <p>1. Dispositivo de codifica\u00e7\u00e3o: A m\u00e1quina de codifica\u00e7\u00e3o de fita imprime claramente e n\u00e3o \u00e9 f\u00e1cil de apagar. \u00c9 higi\u00eanico e limpo. N\u00e3o precisamos nos preocupar com a polui\u00e7\u00e3o por petr\u00f3leo.<br>2. Adicione um rasgo na veda\u00e7\u00e3o do saco para facilitar o rasgo do saco.<br>3. Dispositivo de perfura\u00e7\u00e3o: Fa\u00e7a furos de v\u00e1rios formatos na borda da bolsa, o que \u00e9 conveniente para pendurar na prateleira e f\u00e1cil de exibir.<br>4. Dispositivo de conex\u00e3o de sacola: Qualquer n\u00famero de dispositivos de conex\u00e3o de sacola (sem corte) pode ser configurado para atender \u00e0s necessidades de compra em massa dos consumidores.<\/p>    <h2 class=\"wp-block-heading\" id=\"h-the-measurement-method-of-the-powder-packaging-machine\">O m\u00e9todo de pesagem da m\u00e1quina de embalagem de p\u00f3<\/h2>    <p>A m\u00e1quina de embalagem de especiarias em p\u00f3 usa um parafuso para medi\u00e7\u00e3o do material. A m\u00e1quina embaladora de bolsas de p\u00f3 pode ser pesada de acordo com a velocidade da rosca. O parafuso pode girar 180 graus, 270 graus e 360 \u200b\u200bgraus. <\/p>    <p>Existem tr\u00eas tipos de parafusos para m\u00e1quinas de embalagem de p\u00f3. Eles s\u00e3o parafusos de press\u00e3o horizontais, parafusos de press\u00e3o obl\u00edquos e parafusos de press\u00e3o diretos. N\u00e3o importa o tipo de parafuso, o efeito de medi\u00e7\u00e3o \u00e9 melhor do que outros m\u00e9todos e melhora muito o ambiente da embalagem. <\/p>    <p>A dosagem por parafuso evita a polui\u00e7\u00e3o por poeira e a infec\u00e7\u00e3o cruzada de materiais. Este \u00e9 o benef\u00edcio de uma m\u00e1quina de embalagem de p\u00f3 que usa medi\u00e7\u00e3o por parafuso.<\/p>    <h2 class=\"wp-block-heading\" id=\"h-outstanding-advantages\">Vantagens do equipamento de embalagem de especiarias <\/h2>    <ol class=\"wp-block-list\"> <li>Tela de toque LCD em ingl\u00eas, sistema de controle PLC. O modelo de funcionamento da m\u00e1quina de embalagem de p\u00f3 fica claro \u00e0 primeira vista.<\/li>    <li>A estrutura e o layout de toda a m\u00e1quina s\u00e3o razo\u00e1veis. Mude as variedades de embalagens, limpas, higi\u00eanicas e convenientes.<\/li>    <li>O motor \u00e9 usado como equipamento de energia. Assim, a m\u00e1quina funciona rapidamente, o que melhora muito a efici\u00eancia da embalagem.<\/li>    <li>Substitua os acess\u00f3rios do parafuso, o mesmo equipamento pode atender aos requisitos de medi\u00e7\u00e3o de especifica\u00e7\u00f5es diferentes.<\/li> <\/ol>    <figure class=\"wp-block-image size-large is-resized\"><img decoding=\"async\" src=\"https:\/\/taizypackaging.com\/wp-content\/uploads\/2021\/05\/individual-part-of-the-powder-packaging-machines.jpg\" alt=\"parte individual das m\u00e1quinas de embalagem de p\u00f3\" class=\"wp-image-1896\" style=\"width:720px;height:auto\"\/><figcaption class=\"wp-element-caption\">parte individual das m\u00e1quinas de embalagem de p\u00f3<\/figcaption><\/figure>    <h2 class=\"wp-block-heading\" id=\"h-warm-tips\">Dicas quentes sobre a opera\u00e7\u00e3o da m\u00e1quina de embalagem de temperos<\/h2>    <ol class=\"wp-block-list\"> <li><strong>Observe os requisitos corretos<\/strong><br>Ao usar a m\u00e1quina de embalagem de especiarias em p\u00f3 da empresa Taizy, voc\u00ea deve us\u00e1-la corretamente. Porque v\u00e1rias especifica\u00e7\u00f5es e modelos possuem diferentes caracter\u00edsticas funcionais durante o uso. E haver\u00e1 diferentes requisitos em uso. Voc\u00ea deve compreender as instru\u00e7\u00f5es operacionais espec\u00edficas.<\/li>    <li><strong>Evite opera\u00e7\u00f5es ilegais<\/strong><br>Existem algumas pequenas falhas na m\u00e1quina de embalagem de especiarias em p\u00f3. Mas tamb\u00e9m pode mostrar o efeito da opera\u00e7\u00e3o normal. Por\u00e9m, isso n\u00e3o significa que n\u00e3o haver\u00e1 problemas no processo de utiliza\u00e7\u00e3o. Se voc\u00ea deseja obter um melhor efeito de uso e uma vida \u00fatil mais longa, n\u00e3o deve operar violando os regulamentos. E \u00e9 necess\u00e1ria uma manuten\u00e7\u00e3o razo\u00e1vel.<\/li> <\/ol>    <h2 class=\"wp-block-heading\" id=\"conclusion\">Conclus\u00e3o<\/h2>    <p class=\"translation-block\">Com rica experi\u00eancia e forte capacidade na pesquisa e fabrica\u00e7\u00e3o de equipamentos de embalagem, nossa m\u00e1quina de embalagem de especiarias foi exportada com sucesso para mais de 30 pa\u00edses. Al\u00e9m das m\u00e1quinas de embalagem de especiarias, fornecemos m\u00e1quinas de embalagem de <a href=\"https:\/\/taizypackaging.com\/pt\/powder-filling-machine\/\">farinha<\/a>, m\u00e1quinas de embalagem de p\u00f3 detergente, m\u00e1quinas de embalagem de <a href=\"https:\/\/taizypackaging.com\/pt\/milk-powder-packing-machine\/\">p\u00f3 de leite<\/a>, m\u00e1quinas de embalagem de p\u00f3 de caf\u00e9, etc. <\/p>","protected":false},"excerpt":{"rendered":"<p>A m\u00e1quina de embalagem de especiarias oferecida \u00e9 uma m\u00e1quina vertical autom\u00e1tica de preenchimento e selagem. Pode finalizar o processo de pesagem, enchimento, confec\u00e7\u00e3o de sacos, selagem e corte. \u00c9 adequado para embalar pimenta em p\u00f3, gengibre em p\u00f3, c\u00farcuma em p\u00f3, etc. <\/p>","protected":false},"author":1,"featured_media":4880,"parent":0,"template":"","tags":[575,576,574,572],"product-type":[660],"class_list":["post-1882","product","type-product","status-publish","has-post-thumbnail","hentry","tag-spice-packing-equipment","tag-spice-pouch-packing-machine","tag-spices-packaging-machine","tag-spices-packing-machine","product-type-powder-packing-machines"],"_links":{"self":[{"href":"https:\/\/taizypackaging.com\/pt\/wp-json\/wp\/v2\/product\/1882","targetHints":{"allow":["GET"]}}],"collection":[{"href":"https:\/\/taizypackaging.com\/pt\/wp-json\/wp\/v2\/product"}],"about":[{"href":"https:\/\/taizypackaging.com\/pt\/wp-json\/wp\/v2\/types\/product"}],"author":[{"embeddable":true,"href":"https:\/\/taizypackaging.com\/pt\/wp-json\/wp\/v2\/users\/1"}],"wp:featuredmedia":[{"embeddable":true,"href":"https:\/\/taizypackaging.com\/pt\/wp-json\/wp\/v2\/media\/4880"}],"wp:attachment":[{"href":"https:\/\/taizypackaging.com\/pt\/wp-json\/wp\/v2\/media?parent=1882"}],"wp:term":[{"taxonomy":"post_tag","embeddable":true,"href":"https:\/\/taizypackaging.com\/pt\/wp-json\/wp\/v2\/tags?post=1882"},{"taxonomy":"product-type","embeddable":true,"href":"https:\/\/taizypackaging.com\/pt\/wp-json\/wp\/v2\/product-type?post=1882"}],"curies":[{"name":"wp","href":"https:\/\/api.w.org\/{rel}","templated":true}]}}