{"id":1908,"date":"2021-05-22T11:15:47","date_gmt":"2021-05-22T11:15:47","guid":{"rendered":"https:\/\/taizypackaging.com\/?p=1908"},"modified":"2024-07-16T18:13:18","modified_gmt":"2024-07-16T10:13:18","slug":"semi-automatic-powder-filling-machine","status":"publish","type":"product","link":"https:\/\/taizypackaging.com\/pt\/semi-automatic-powder-filling-machine\/","title":{"rendered":"M\u00e1quina envasadora de p\u00f3 semiautom\u00e1tica"},"content":{"rendered":"<div class=\"kk-star-ratings kksr-auto kksr-align-left kksr-valign-top\"     data-payload='{&quot;align&quot;:&quot;left&quot;,&quot;id&quot;:&quot;1908&quot;,&quot;slug&quot;:&quot;default&quot;,&quot;valign&quot;:&quot;top&quot;,&quot;ignore&quot;:&quot;&quot;,&quot;reference&quot;:&quot;auto&quot;,&quot;class&quot;:&quot;&quot;,&quot;count&quot;:&quot;14&quot;,&quot;legendonly&quot;:&quot;&quot;,&quot;readonly&quot;:&quot;&quot;,&quot;score&quot;:&quot;4.8&quot;,&quot;starsonly&quot;:&quot;&quot;,&quot;best&quot;:&quot;5&quot;,&quot;gap&quot;:&quot;5&quot;,&quot;greet&quot;:&quot;Rate this product&quot;,&quot;legend&quot;:&quot;4.8\\\/5 - (14 votes)&quot;,&quot;size&quot;:&quot;24&quot;,&quot;title&quot;:&quot;Semi Automatic Powder Filling Machine&quot;,&quot;width&quot;:&quot;136.7&quot;,&quot;_legend&quot;:&quot;{score}\\\/{best} - ({count} {votes})&quot;,&quot;font_factor&quot;:&quot;1.25&quot;}'>              <div class=\"kksr-stars\">      <div class=\"kksr-stars-inactive\">             <div class=\"kksr-star\" data-star=\"1\" style=\"padding-right: 5px\">               <div class=\"kksr-icon\" style=\"width: 24px; height: 24px;\"><\/div>         <\/div>             <div class=\"kksr-star\" data-star=\"2\" style=\"padding-right: 5px\">               <div class=\"kksr-icon\" style=\"width: 24px; height: 24px;\"><\/div>         <\/div>             <div class=\"kksr-star\" data-star=\"3\" style=\"padding-right: 5px\">               <div class=\"kksr-icon\" style=\"width: 24px; height: 24px;\"><\/div>         <\/div>             <div class=\"kksr-star\" data-star=\"4\" style=\"padding-right: 5px\">               <div class=\"kksr-icon\" style=\"width: 24px; height: 24px;\"><\/div>         <\/div>             <div class=\"kksr-star\" data-star=\"5\" style=\"padding-right: 5px\">               <div class=\"kksr-icon\" style=\"width: 24px; height: 24px;\"><\/div>         <\/div>     <\/div>      <div class=\"kksr-stars-active\" style=\"width: 136.7px;\">             <div class=\"kksr-star\" style=\"padding-right: 5px\">               <div class=\"kksr-icon\" style=\"width: 24px; height: 24px;\"><\/div>         <\/div>             <div class=\"kksr-star\" style=\"padding-right: 5px\">               <div class=\"kksr-icon\" style=\"width: 24px; height: 24px;\"><\/div>         <\/div>             <div class=\"kksr-star\" style=\"padding-right: 5px\">               <div class=\"kksr-icon\" style=\"width: 24px; height: 24px;\"><\/div>         <\/div>             <div class=\"kksr-star\" style=\"padding-right: 5px\">               <div class=\"kksr-icon\" style=\"width: 24px; height: 24px;\"><\/div>         <\/div>             <div class=\"kksr-star\" style=\"padding-right: 5px\">               <div class=\"kksr-icon\" style=\"width: 24px; height: 24px;\"><\/div>         <\/div>     <\/div> <\/div>                   <div class=\"kksr-legend\" style=\"font-size: 19.2px;\">             4,8\/5 - (14 votos)    <\/div>     <\/div>  <p class=\"translation-block\"><strong>M\u00e1quina de enchimento de p\u00f3 semi-autom\u00e1tica<\/strong>, ou <strong>m\u00e1quina de enchimento por rosca<\/strong> aqui \u00e9 projetada para produtos em p\u00f3 de 1kg~10kg. \u00c9 adequada para o enchimento de v\u00e1rios produtos em p\u00f3 seco, como leite em p\u00f3, p\u00f3 de especiarias, p\u00f3 de pimenta, p\u00f3 de caf\u00e9, p\u00f3 de detergente, farinha, p\u00f3 qu\u00edmico, etc. Com as caracter\u00edsticas de baixo custo e alta efici\u00eancia, a <strong>m\u00e1quina de enchimento e selagem de p\u00f3<\/strong> <strong>semi-autom\u00e1tica<\/strong> pode melhorar extremamente sua produtividade e beneficiar seu projeto. Como um fabricante e exportador l\u00edder de m\u00e1quinas de enchimento por rosca na China, fornecemos uma gama completa de m\u00e1quinas de enchimento com forte capacidade de personaliza\u00e7\u00e3o e entrega r\u00e1pida. Bem-vindo a nos consultar para uma lista de pre\u00e7os gratuita. <\/p>   <figure class=\"wp-block-embed-youtube wp-block-embed is-type-video is-provider-youtube wp-embed-aspect-16-9 wp-has-aspect-ratio\"><div class=\"lyte-wrapper fourthree\" title=\"M\u00e1quina envasadora de p\u00f3 semiautom\u00e1tica de baixo custo supereficiente de 1KG a 10KG\" style=\"width:960px;max-width:100%;margin:5px auto;\"><div class=\"lyMe hidef\" id=\"WYL_6j2Dz4i-eWY\" itemprop=\"video\" itemscope itemtype=\"https:\/\/schema.org\/VideoObject\"><div><meta itemprop=\"thumbnailUrl\" content=\"https:\/\/taizypackaging.com\/wp-content\/plugins\/wp-youtube-lyte\/lyteCache.php?origThumbUrl=https%3A%2F%2Fi.ytimg.com%2Fvi%2F6j2Dz4i-eWY%2Fmaxresdefault.jpg\" \/><meta itemprop=\"embedURL\" content=\"https:\/\/www.youtube.com\/embed\/6j2Dz4i-eWY\" \/><meta itemprop=\"duration\" content=\"PT3M26S\" \/><meta itemprop=\"uploadDate\" content=\"2022-02-10T07:29:03Z\" \/><\/div><meta itemprop=\"accessibilityFeature\" content=\"captions\" \/><div id=\"lyte_6j2Dz4i-eWY\" data-src=\"https:\/\/taizypackaging.com\/wp-content\/plugins\/wp-youtube-lyte\/lyteCache.php?origThumbUrl=https%3A%2F%2Fi.ytimg.com%2Fvi%2F6j2Dz4i-eWY%2Fmaxresdefault.jpg\" class=\"pL\"><div class=\"tC\"><div class=\"tT\" itemprop=\"name\">M\u00e1quina envasadora de p\u00f3 semiautom\u00e1tica de baixo custo supereficiente de 1KG a 10KG<\/div><\/div><div class=\"play\"><\/div><div class=\"ctrl\"><div class=\"Lctrl\"><\/div><div class=\"Rctrl\"><\/div><\/div><\/div><noscript><a href=\"https:\/\/youtu.be\/6j2Dz4i-eWY\" rel=\"nofollow noopener\" target=\"_blank\"><img loading=\"lazy\" decoding=\"async\" src=\"https:\/\/taizypackaging.com\/wp-content\/plugins\/wp-youtube-lyte\/lyteCache.php?origThumbUrl=https%3A%2F%2Fi.ytimg.com%2Fvi%2F6j2Dz4i-eWY%2F0.jpg\" alt=\"M\u00e1quina envasadora de p\u00f3 semiautom\u00e1tica de baixo custo supereficiente de 1KG a 10KG\" width=\"960\" height=\"700\" \/><br \/>Assista a este v\u00eddeo no YouTube<\/a><\/noscript><meta itemprop=\"description\" content=\"#powderfillingmachine #powderfiller #fillingmachine EMAIL: info@taizypackaging.com TEL\/WHATSAPP: +86 18837171591 USEFUL LINK: https:\/\/taizypackaging.com\/semi-automatic-powder-packaging-machine-auger-filling-machine\/ This semi automatic powder filling machine is designed for small and medium production needs. It has low cost and super-efficient. It is suitable for the filling of various dry powder products, such as milk powder, spices powder, chili powder, coffee powder, detergent powder, flour, chemical powder, curry powder, tea powder, rice powder, cocoa powder, nutrition powder, herb powder, etc. The semi automatic powder filling machine mainly consists of these parts, a feeding machine, a PLC touch screen, electronic scale, inlet, and outlet. All our filling machines are adopted stainless steel material and advanced technology, durable and super-efficient. Besides, there are various sealing machines available. In short, we support a complete automatic powder filling machine to fit your business. You may also like these videos: Automatic powder filling machine 5kg ~ 50kg: https:\/\/www.youtube.com\/watch?v=F5tlcnSb8q4 Automatic VFFS powder machine: https:\/\/www.youtube.com\/watch?v=qe2aNDHzdDQ EMAIL: info@taizypackaging.com TEL\/WHATSAPP: +86 18837171591 USEFUL LINK: https:\/\/taizypackaging.com\/semi-automatic-powder-packaging-machine-auger-filling-machine\/\"><\/div><\/div><div class=\"lL\" style=\"max-width:100%;width:960px;margin:5px auto;\"><\/div><figcaption><\/figcaption><\/figure>   <h2 class=\"wp-block-heading\" id=\"h-structure-of-the-semi-automatic-packing-machine\">Estruturas da m\u00e1quina envasadora de p\u00f3 semiautom\u00e1tica<\/h2>    <p>A m\u00e1quina envasadora de p\u00f3 semiautom\u00e1tica consiste principalmente nessas pe\u00e7as, uma m\u00e1quina de alimenta\u00e7\u00e3o, uma tela de toque PLC, uma balan\u00e7a eletr\u00f4nica, uma entrada e uma sa\u00edda. Todas as nossas m\u00e1quinas de envase adotam material de a\u00e7o inoxid\u00e1vel e tecnologia avan\u00e7ada, dur\u00e1vel e supereficiente. Al\u00e9m disso, existem v\u00e1rias m\u00e1quinas de selagem dispon\u00edveis. Resumindo, oferecemos suporte a uma m\u00e1quina de envase autom\u00e1tica de p\u00f3 completa para atender ao seu neg\u00f3cio. <\/p>    <figure class=\"wp-block-image size-large\"><img decoding=\"async\" src=\"https:\/\/taizypackaging.com\/wp-content\/uploads\/2021\/05\/structure-of-semi-automatic-powder-packing-machine.jpg\" alt=\"estrutura da m\u00e1quina de embalagem de p\u00f3 semiautom\u00e1tica\" class=\"wp-image-1936\"\/><figcaption class=\"wp-element-caption\">estrutura de uma m\u00e1quina semiautom\u00e1tica de embalagem de p\u00f3<\/figcaption><\/figure>    <h2 class=\"wp-block-heading\" id=\"h-technical-parameters-of-the-semi-automatic-packaging-machine\">Par\u00e2metros t\u00e9cnicos da m\u00e1quina manual de envase de p\u00f3<\/h2>    <figure class=\"wp-block-table is-style-stripes\"><table><tbody><tr><td>Poder<\/td><td>&nbsp;AC380V 900W<\/td><\/tr><tr><td>Especifica\u00e7\u00e3o de embalagem<\/td><td>&nbsp;1-10kg<\/td><\/tr><tr><td>Precis\u00e3o da embalagem &nbsp;&nbsp;&nbsp;<\/td><td>&nbsp;\u00b11%<\/td><\/tr><tr><td>Velocidade de embalagem<\/td><td>&nbsp;500-1500 sacos\/hora (dependendo das especifica\u00e7\u00f5es e materiais da embalagem)<\/td><\/tr><tr><td>Tamanho da m\u00e1quina<\/td><td>&nbsp;1000\u00d7850\u00d71850mm<\/td><\/tr><tr><td>Peso&nbsp;<\/td><td>&nbsp;280kg<\/td><\/tr><\/tbody><\/table><\/figure>    <h2 class=\"wp-block-heading\" id=\"h-workflow-of-semi-automatic-auger-filling-machine\">Princ\u00edpio de funcionamento da m\u00e1quina de enchimento de p\u00f3 seco sem-fim<\/h2>    <ul class=\"wp-block-list\"> <li>Primeiramente \u00e9 necess\u00e1rio adicionar manualmente a mat\u00e9ria-prima ao silo, ou estar equipado com um alimentador de material, \u00e9 f\u00e1cil alimentar a mat\u00e9ria. <\/li>    <li>Em segundo lugar, voc\u00ea pode definir a velocidade da embalagem, o peso da embalagem e outros par\u00e2metros t\u00e9cnicos atrav\u00e9s da tela sens\u00edvel ao toque de controle PLC inteligente.<\/li>    <li>Em terceiro lugar, o usu\u00e1rio precisa colocar a embalagem ou garrafa na porta de descarga.<\/li>    <li>Em quarto lugar, ligue o interruptor e a m\u00e1quina de embalagem poder\u00e1 funcionar normalmente.<\/li> <\/ul>    <p>A m\u00e1quina envasadora de p\u00f3 semiautom\u00e1tica adota uma combina\u00e7\u00e3o de supress\u00e3o de parafuso e tecnologia de pesagem eletr\u00f4nica. A m\u00e1quina adota controle de microcomputador. Esta m\u00e1quina de envase de parafusos possui enchimento quantitativo autom\u00e1tico, enchimento autom\u00e1tico e corre\u00e7\u00e3o autom\u00e1tica de erros. Ao mesmo tempo, possui fun\u00e7\u00f5es como contagem e limpeza. <\/p>    <h2 class=\"wp-block-heading\" id=\"h-features-and-advantages-of-semi-automatic-powder-packing-machine\">Caracter\u00edsticas e vantagens da m\u00e1quina envasadora de p\u00f3 semiautom\u00e1tica<\/h2>    <p>1. Esta m\u00e1quina de enchimento semiautom\u00e1tica com eixo helicoidal \u00e9 feita de a\u00e7o inoxid\u00e1vel dur\u00e1vel.\u00a0\u00c9 f\u00e1cil de limpar e evita contamina\u00e7\u00e3o cruzada;<\/p>    <p>2. Esta m\u00e1quina semiautom\u00e1tica de embalagem de p\u00f3 integra m\u00e1quina, eletricidade, luz e instrumento em um s\u00f3. \u00c9 controlado por um microcomputador de chip \u00fanico.\u00a0Possui fun\u00e7\u00f5es como quantitativo autom\u00e1tico, preenchimento autom\u00e1tico e ajuste autom\u00e1tico de erros de medi\u00e7\u00e3o;<\/p>    <p>3. Velocidade r\u00e1pida: adote corte em espiral e tecnologia de controle de luz;<\/p>    <p>4. Alta precis\u00e3o: usando motor de passo e tecnologia de pesagem eletr\u00f4nica;<\/p>    <p>5. Ampla gama de embalagens: a mesma m\u00e1quina de embalagem quantitativa pode ser ajustada continuamente dentro de 1-10 kg atrav\u00e9s do teclado da balan\u00e7a eletr\u00f4nica e substituir as diferentes especifica\u00e7\u00f5es do parafuso de obtura\u00e7\u00e3o;<\/p>    <p>7. Ampla faixa de aplica\u00e7\u00e3o: podem ser usados \u200b\u200bmateriais em p\u00f3 e em p\u00f3 com certa fluidez;<\/p>    <p>8. Erros causados \u200b\u200bpor altera\u00e7\u00f5es na propor\u00e7\u00e3o de materiais e n\u00edveis de materiais podem ser rastreados e corrigidos automaticamente;<\/p>    <p>9. A tela sens\u00edvel ao toque do PLC ajusta as fun\u00e7\u00f5es da m\u00e1quina. A m\u00e1quina empacotadora semiautom\u00e1tica com trado s\u00f3 precisa de ensacamento manual e a boca do saco \u00e9 limpa e f\u00e1cil de selar.<\/p>    <h2 class=\"wp-block-heading\" id=\"applications-of-the-powder-filling-and-sealing-machine\">Aplica\u00e7\u00f5es da m\u00e1quina de enchimento e selagem de p\u00f3 <\/h2>    <p>A m\u00e1quina de enchimento e selagem de p\u00f3 tem uma ampla gama de aplica\u00e7\u00f5es. Por um lado, \u00e9 ideal para o manuseio de embalagens de detergente em p\u00f3, pimenta em p\u00f3, ch\u00e1 em p\u00f3, caf\u00e9 em p\u00f3, leite em p\u00f3, arroz em p\u00f3, curry em p\u00f3, cacau em p\u00f3, nutri\u00e7\u00e3o em p\u00f3, p\u00f3 qu\u00edmico, ervas em p\u00f3, etc. por outro lado, pode ser adequado para diferentes recipientes, como sacos e garrafas. Envie-nos uma consulta para iniciar seu projeto. <\/p>    <figure class=\"wp-block-image size-full\"><img decoding=\"async\" src=\"https:\/\/taizypackaging.com\/wp-content\/uploads\/2021\/05\/powder-packing-sample.jpg\" alt=\"amostra de embalagem em p\u00f3\" class=\"wp-image-1934\"\/><figcaption class=\"wp-element-caption\">amostra de embalagem em p\u00f3<\/figcaption><\/figure>    <h2 class=\"wp-block-heading\" id=\"h-semi-automatic-powder-packing-machine-price\">Qual \u00e9 o pre\u00e7o da m\u00e1quina de envase de p\u00f3? <\/h2>    <p>Esta m\u00e1quina envasadora de p\u00f3 semiautom\u00e1tica possui diferentes modelos, incluindo modelos com tela sens\u00edvel ao toque PLC e modelos com bot\u00e3o. Ao mesmo tempo, os par\u00e2metros espec\u00edficos dos diferentes modelos tamb\u00e9m s\u00e3o diferentes. Al\u00e9m disso, o tamanho do silo tamb\u00e9m pode ser personalizado. Portanto, o pre\u00e7o final tamb\u00e9m \u00e9 diferente. Voc\u00ea pode entrar em contato conosco para nos informar suas necessidades espec\u00edficas, iremos equip\u00e1-lo com a m\u00e1quina mais adequada e favor\u00e1vel para beneficiar seu projeto.<\/p>    <h2 class=\"wp-block-heading\" id=\"h-machine-display\">Exibi\u00e7\u00e3o de m\u00e1quinas<\/h2>    <p>Temos dois tipos de m\u00e1quinas \u00e0 venda. Eles t\u00eam um sistema de controle diferente. O primeiro utiliza teclas e o outro utiliza uma tela de controle do PLC. Os par\u00e2metros detalhados das duas m\u00e1quinas tamb\u00e9m s\u00e3o diferentes.<\/p>    <figure class=\"wp-block-image size-large\"><img decoding=\"async\" src=\"https:\/\/taizypackaging.com\/wp-content\/uploads\/2021\/05\/two-types-of-machines.jpg\" alt=\"dois tipos de m\u00e1quinas\" class=\"wp-image-1932\"\/><figcaption class=\"wp-element-caption\">dois tipos de m\u00e1quinas de enchimento de p\u00f3 semiautom\u00e1ticas<\/figcaption><\/figure>    <h2 class=\"wp-block-heading\" id=\"h-difference-between-a-semi-automatic-packaging-machine-and-an-automatic-machine\">Diferen\u00e7as entre uma m\u00e1quina de envase semiautom\u00e1tica e uma m\u00e1quina de embalagem autom\u00e1tica<\/h2>    <ol class=\"wp-block-list\"> <li>Efici\u00eancia de produ\u00e7\u00e3o diferente. O <a href=\"https:\/\/taizypackaging.com\/pt\/spices-packing-machine-powder-packing-machine-type2\/\">m\u00e1quina autom\u00e1tica de embalagem de p\u00f3<\/a> adota tecnologia avan\u00e7ada totalmente autom\u00e1tica. Portanto, a efici\u00eancia de produ\u00e7\u00e3o \u00e9 superior \u00e0 da m\u00e1quina de embalagem semiautom\u00e1tica. Ao mesmo tempo, pode economizar muito trabalho.<\/li>    <li>A faixa ajust\u00e1vel de alimenta\u00e7\u00e3o autom\u00e1tica da m\u00e1quina embaladora de p\u00f3 \u00e9 relativamente estreita. Enquanto a faixa de ajuste de alimenta\u00e7\u00e3o da m\u00e1quina de embalagem semiautom\u00e1tica \u00e9 mais ampla. <\/li>    <li>Em termos do grau de automa\u00e7\u00e3o, a diferen\u00e7a entre semiautom\u00e1tico e totalmente autom\u00e1tico \u00e9 que um depende de m\u00e3o de obra e o outro \u00e9 opera\u00e7\u00e3o n\u00e3o tripulada.<\/li>    <li>O pre\u00e7o \u00e9 diferente. O pre\u00e7o da m\u00e1quina de embalagem semiautom\u00e1tica \u00e9 mais favor\u00e1vel e econ\u00f4mico.<\/li> <\/ol>    <h2 class=\"wp-block-heading\" id=\"h-which-packing-machine-should-we-choose-automatic-or-semi-automatic-machines\">Qual voc\u00ea deve escolher: embaladora autom\u00e1tica ou embaladora semiautom\u00e1tica?<\/h2>    <p>Em resumo, em termos de tecnologia, a embaladora autom\u00e1tica apresenta vantagens mais avan\u00e7adas. A m\u00e1quina de embalagem semiautom\u00e1tica tamb\u00e9m tem suas vantagens, como vantagens de pre\u00e7o. No processo de produ\u00e7\u00e3o, existem pr\u00f3s e contras entre os dois.<\/p>    <p>Portanto, os clientes empresariais devem considerar cuidadosamente o processo de sele\u00e7\u00e3o do equipamento. Escolha a m\u00e1quina de acordo com os produtos que deseja embalar e as condi\u00e7\u00f5es reais. A direita \u00e9 a melhor.<\/p>    <h2 class=\"wp-block-heading\" id=\"h-additional-equipment-sealing-machine-feeding-machine\">Equipamento adicional: m\u00e1quina seladora, m\u00e1quina de alimenta\u00e7\u00e3o<\/h2>    <p>A m\u00e1quina de p\u00f3 semiautom\u00e1tica pode completar o processo de pesagem e enchimento. Depois disso, \u00e9 necess\u00e1rio selar manualmente a embalagem do produto com uma seladora. Portanto, uma m\u00e1quina de selagem \u00e9 \u00fatil. <\/p>    <figure class=\"wp-block-image size-large\"><img loading=\"lazy\" decoding=\"async\" width=\"720\" height=\"540\" src=\"https:\/\/taizypackaging.com\/wp-content\/uploads\/2021\/05\/sealing-machine.jpg\" alt=\"m\u00e1quina de selar\" class=\"wp-image-1931\" srcset=\"https:\/\/taizypackaging.com\/wp-content\/uploads\/2021\/05\/sealing-machine.jpg 720w, https:\/\/taizypackaging.com\/wp-content\/uploads\/2021\/05\/sealing-machine-300x225.jpg 300w\" sizes=\"auto, (max-width: 720px) 100vw, 720px\" \/><figcaption class=\"wp-element-caption\">m\u00e1quina de selar<\/figcaption><\/figure>    <h3 class=\"wp-block-heading\" id=\"h-multifunctional-film-continuous-sealing-machine-th-900\">M\u00e1quina de selagem cont\u00ednua de filme multifuncional TH-900<\/h3>    <h4 class=\"wp-block-heading\" id=\"h-application-range\">Faixas de aplica\u00e7\u00e3o<\/h4>    <p>Esta m\u00e1quina seladora pode ser usada para embalar e selar produtos. Pode selar sacos de alimentos, rem\u00e9dios, cosm\u00e9ticos di\u00e1rios, produtos locais, produtos qu\u00edmicos, produtos eletr\u00f4nicos, sementes de vegetais, ferragens, etc. \u00c9 amplamente utilizado em f\u00e1bricas, lojas, departamentos de varejo, ind\u00fastrias de servi\u00e7os e outras ind\u00fastrias. Combinar a m\u00e1quina seladora com a m\u00e1quina embaladora semiautom\u00e1tica \u00e9 a melhor escolha.<\/p>    <h4 class=\"wp-block-heading\" id=\"h-advantages\">Vantagens<\/h4>    <ol class=\"wp-block-list\"> <li>Este equipamento possui veda\u00e7\u00e3o firme e alta efici\u00eancia;<\/li>    <li>A estrutura \u00e9 simples, compacta e pequena;<\/li>    <li>Apar\u00eancia bonita, tecnologia avan\u00e7ada, baixo consumo de energia;<\/li>    <li>Opera\u00e7\u00e3o conveniente, manuten\u00e7\u00e3o e outras vantagens.<\/li>    <li>Voc\u00ea pode equipar a m\u00e1quina de selagem com rodas de grava\u00e7\u00e3o e rodas de impress\u00e3o. As fontes podem ser alteradas conforme necess\u00e1rio.<\/li>    <li>Pode funcionar continuamente por 24 horas, com forte desempenho e baixas taxas de falhas.<\/li> <\/ol>    <h4 class=\"wp-block-heading\" id=\"h-technical-parameters\">&nbsp;Par\u00e2metros t\u00e9cnicos da m\u00e1quina seladora TH-900 <\/h4>    <figure class=\"wp-block-table\"><table><tbody><tr><td>Fonte de energia:<\/td><td>220V 50Hz 520W<\/td><\/tr><tr><td>Largura de veda\u00e7\u00e3o:<\/td><td>5-14mm ajust\u00e1vel<\/td><\/tr><tr><td>Material de veda\u00e7\u00e3o:&nbsp;<\/td><td>0,03-0,80mm<\/td><\/tr><tr><td>Capacidade de veda\u00e7\u00e3o do saco:<\/td><td>at\u00e9 55 sacos\/min (100mm)<\/td><\/tr><tr><td>Velocidade de selagem:<\/td><td>0-12m\/min<\/td><\/tr><tr><td>Faixa de temperatura:&nbsp;<\/td><td>0-300\u2103<\/td><\/tr><tr><td>Dimens\u00f5es:<\/td><td>810\u00d7370\u00d7310mm<\/td><\/tr><tr><td>O n\u00famero de caracteres impressos:<\/td><td>\u226439 caracteres<\/td><\/tr><tr><td>Peso:<\/td><td>17,5kg<\/td><\/tr><\/tbody><\/table><\/figure>    <h3 class=\"wp-block-heading\" id=\"h-feeder\">M\u00e1quina de alimenta\u00e7\u00e3o <\/h3>    <p>Voc\u00ea pode alimentar o silo manualmente ou comprar um alimentador. E pode ser alimentado automaticamente por alimenta\u00e7\u00e3o por parafuso.<\/p>    <h4 class=\"wp-block-heading\" id=\"h-application-field\">Campo de aplica\u00e7\u00e3o<\/h4>    <p>O alimentador deve corresponder a uma m\u00e1quina semiautom\u00e1tica de envase de p\u00f3. Pode completar a alimenta\u00e7\u00e3o autom\u00e1tica da m\u00e1quina. Melhora efetivamente a efici\u00eancia da embalagem e reduz os custos de m\u00e3o de obra.<\/p>    <h4 class=\"wp-block-heading\" id=\"h-features\">Caracter\u00edsticas<\/h4>    <ol class=\"wp-block-list\"> <li>\u00c9 usado em conjunto com a m\u00e1quina de enchimento sem-fim semiautom\u00e1tica. E \u00e9 controlado pela m\u00e1quina de embalagem.<\/li>    <li>Conjunto com interruptor para facilitar a limpeza.<\/li>    <li>O silo est\u00e1 equipado com vibrador para uma alimenta\u00e7\u00e3o mais suave,<\/li> <\/ol>    <figure class=\"wp-block-gallery has-nested-images columns-default is-cropped wp-block-gallery-2 is-layout-flex wp-block-gallery-is-layout-flex\"> <figure class=\"wp-block-image size-large\"><img loading=\"lazy\" decoding=\"async\" width=\"720\" height=\"540\" data-id=\"1930\" src=\"https:\/\/taizypackaging.com\/wp-content\/uploads\/2021\/05\/feeder.jpg\" alt=\"alimentador\" class=\"wp-image-1930\" srcset=\"https:\/\/taizypackaging.com\/wp-content\/uploads\/2021\/05\/feeder.jpg 720w, https:\/\/taizypackaging.com\/wp-content\/uploads\/2021\/05\/feeder-300x225.jpg 300w\" sizes=\"auto, (max-width: 720px) 100vw, 720px\" \/><figcaption class=\"wp-element-caption\">alimentador<\/figcaption><\/figure>    <figure class=\"wp-block-image size-large\"><img decoding=\"async\" data-id=\"1938\" src=\"https:\/\/taizypackaging.com\/wp-content\/uploads\/2021\/05\/powder-packing-machine-with-feeder.jpg\" alt=\"m\u00e1quina de embalagem de p\u00f3 com alimentador\" class=\"wp-image-1938\"\/><figcaption class=\"wp-element-caption\">m\u00e1quina de embalagem de p\u00f3 com alimentador<\/figcaption><\/figure> <\/figure>    <h4 class=\"wp-block-heading\" id=\"h-technical-parameters-1\">Par\u00e2metros t\u00e9cnicos da m\u00e1quina de alimenta\u00e7\u00e3o de p\u00f3 sem-fim Taizy <\/h4>    <figure class=\"wp-block-table\"><table><tbody><tr><td>Capacidade de eleva\u00e7\u00e3o<\/td><td>1000-3000Kg\/H<\/td><\/tr><tr><td>Volume da caixa de material<\/td><td>100-300Kg<\/td><\/tr><tr><td>Altura de carregamento&nbsp;&nbsp;<\/td><td>2000mm (altura pode ser personalizada)<\/td><\/tr><tr><td>Pot\u00eancia de tens\u00e3o &nbsp;<\/td><td>AC380v 1100W<\/td><\/tr><tr><td>Material&nbsp;&nbsp;<\/td><td>Tipo de a\u00e7o inoxid\u00e1vel<\/td><\/tr><tr><td>Peso<\/td><td>150kg<\/td><\/tr><\/tbody><\/table><\/figure>    <h2 class=\"wp-block-heading\" id=\"h-q-a\">Perguntas e respostas<\/h2>   <div id=\"rank-math-faq\" class=\"rank-math-block\"> <div class=\"rank-math-list\"> <div id=\"faq-question-1673343355980\" class=\"rank-math-list-item\"> <h3 class=\"rank-math-question\">1. Como \u00e9 enviado?<br><\/h3> <div class=\"rank-math-answer\">  <p>Iremos embal\u00e1-lo em caixa de madeira compensada. E pode evitar que a m\u00e1quina se estrague.<\/p>  <\/div> <\/div> <div id=\"faq-question-1673343360459\" class=\"rank-math-list-item\"> <h3 class=\"rank-math-question\">2. Como entrar em contato conosco?<br><\/h3> <div class=\"rank-math-answer\">  <p class=\"translation-block\">Voc\u00ea pode preencher suas informa\u00e7\u00f5es em nosso <a href=\"https:\/\/taizypackaging.com\/pt\/\" target=\"_blank\" rel=\"noreferrer noopener\">site da empresa Taizy<\/a>. Em seguida, nosso gerente de vendas entrar\u00e1 em contato com voc\u00ea sobre os detalhes.<\/p>  <\/div> <\/div> <div id=\"faq-question-1673343369083\" class=\"rank-math-list-item\"> <h3 class=\"rank-math-question\">3. Que tipo de material de embalagem podemos escolher?<br><\/h3> <div class=\"rank-math-answer\">  <p>Sacos pl\u00e1sticos, garrafas e materiais de n\u00e1ilon s\u00e3o adequados.<\/p>  <\/div> <\/div> <div id=\"faq-question-1673343379188\" class=\"rank-math-list-item\"> <h3 class=\"rank-math-question\">4. Qual \u00e9 a faixa de peso da embalagem?<br><\/h3> <div class=\"rank-math-answer\">  <p>0-5 kg \u200b\u200best\u00e1 OK. Se voc\u00ea quiser embalar mais p\u00f3, podemos personalizar o silo para voc\u00ea. Seu peso m\u00e1ximo de embalagem pode chegar a 10 KG.<\/p>  <\/div> <\/div> <\/div> <\/div>","protected":false},"excerpt":{"rendered":"<p>A m\u00e1quina de embalagem \u00e9 adequada para embalagem quantitativa de p\u00f3 e materiais em p\u00f3 nas ind\u00fastrias qu\u00edmica, aliment\u00edcia, agr\u00edcola e de produtos secund\u00e1rios. Pode embalar p\u00f3s de 1-10KG.<\/p>","protected":false},"author":1,"featured_media":1928,"parent":0,"template":"","tags":[578,373,565],"product-type":[660],"class_list":["post-1908","product","type-product","status-publish","has-post-thumbnail","hentry","tag-auger-filler","tag-powder-filling-and-sealing-machine","tag-powder-filling-machine","product-type-powder-packing-machines"],"_links":{"self":[{"href":"https:\/\/taizypackaging.com\/pt\/wp-json\/wp\/v2\/product\/1908","targetHints":{"allow":["GET"]}}],"collection":[{"href":"https:\/\/taizypackaging.com\/pt\/wp-json\/wp\/v2\/product"}],"about":[{"href":"https:\/\/taizypackaging.com\/pt\/wp-json\/wp\/v2\/types\/product"}],"author":[{"embeddable":true,"href":"https:\/\/taizypackaging.com\/pt\/wp-json\/wp\/v2\/users\/1"}],"wp:featuredmedia":[{"embeddable":true,"href":"https:\/\/taizypackaging.com\/pt\/wp-json\/wp\/v2\/media\/1928"}],"wp:attachment":[{"href":"https:\/\/taizypackaging.com\/pt\/wp-json\/wp\/v2\/media?parent=1908"}],"wp:term":[{"taxonomy":"post_tag","embeddable":true,"href":"https:\/\/taizypackaging.com\/pt\/wp-json\/wp\/v2\/tags?post=1908"},{"taxonomy":"product-type","embeddable":true,"href":"https:\/\/taizypackaging.com\/pt\/wp-json\/wp\/v2\/product-type?post=1908"}],"curies":[{"name":"wp","href":"https:\/\/api.w.org\/{rel}","templated":true}]}}