{"id":1947,"date":"2021-05-25T08:49:22","date_gmt":"2021-05-25T08:49:22","guid":{"rendered":"https:\/\/taizypackaging.com\/?p=1947"},"modified":"2024-07-16T18:10:36","modified_gmt":"2024-07-16T10:10:36","slug":"powder-filling-machine-3","status":"publish","type":"product","link":"https:\/\/taizypackaging.com\/pt\/powder-filling-machine\/","title":{"rendered":"M\u00e1quina de enchimento de p\u00f3"},"content":{"rendered":"<div class=\"kk-star-ratings kksr-auto kksr-align-left kksr-valign-top\"     data-payload='{&quot;align&quot;:&quot;left&quot;,&quot;id&quot;:&quot;1947&quot;,&quot;slug&quot;:&quot;default&quot;,&quot;valign&quot;:&quot;top&quot;,&quot;ignore&quot;:&quot;&quot;,&quot;reference&quot;:&quot;auto&quot;,&quot;class&quot;:&quot;&quot;,&quot;count&quot;:&quot;18&quot;,&quot;legendonly&quot;:&quot;&quot;,&quot;readonly&quot;:&quot;&quot;,&quot;score&quot;:&quot;4.6&quot;,&quot;starsonly&quot;:&quot;&quot;,&quot;best&quot;:&quot;5&quot;,&quot;gap&quot;:&quot;5&quot;,&quot;greet&quot;:&quot;Rate this product&quot;,&quot;legend&quot;:&quot;4.6\\\/5 - (18 votes)&quot;,&quot;size&quot;:&quot;24&quot;,&quot;title&quot;:&quot;Powder Filling Machine&quot;,&quot;width&quot;:&quot;130.9&quot;,&quot;_legend&quot;:&quot;{score}\\\/{best} - ({count} {votes})&quot;,&quot;font_factor&quot;:&quot;1.25&quot;}'>              <div class=\"kksr-stars\">      <div class=\"kksr-stars-inactive\">             <div class=\"kksr-star\" data-star=\"1\" style=\"padding-right: 5px\">               <div class=\"kksr-icon\" style=\"width: 24px; height: 24px;\"><\/div>         <\/div>             <div class=\"kksr-star\" data-star=\"2\" style=\"padding-right: 5px\">               <div class=\"kksr-icon\" style=\"width: 24px; height: 24px;\"><\/div>         <\/div>             <div class=\"kksr-star\" data-star=\"3\" style=\"padding-right: 5px\">               <div class=\"kksr-icon\" style=\"width: 24px; height: 24px;\"><\/div>         <\/div>             <div class=\"kksr-star\" data-star=\"4\" style=\"padding-right: 5px\">               <div class=\"kksr-icon\" style=\"width: 24px; height: 24px;\"><\/div>         <\/div>             <div class=\"kksr-star\" data-star=\"5\" style=\"padding-right: 5px\">               <div class=\"kksr-icon\" style=\"width: 24px; height: 24px;\"><\/div>         <\/div>     <\/div>      <div class=\"kksr-stars-active\" style=\"width: 130.9px;\">             <div class=\"kksr-star\" style=\"padding-right: 5px\">               <div class=\"kksr-icon\" style=\"width: 24px; height: 24px;\"><\/div>         <\/div>             <div class=\"kksr-star\" style=\"padding-right: 5px\">               <div class=\"kksr-icon\" style=\"width: 24px; height: 24px;\"><\/div>         <\/div>             <div class=\"kksr-star\" style=\"padding-right: 5px\">               <div class=\"kksr-icon\" style=\"width: 24px; height: 24px;\"><\/div>         <\/div>             <div class=\"kksr-star\" style=\"padding-right: 5px\">               <div class=\"kksr-icon\" style=\"width: 24px; height: 24px;\"><\/div>         <\/div>             <div class=\"kksr-star\" style=\"padding-right: 5px\">               <div class=\"kksr-icon\" style=\"width: 24px; height: 24px;\"><\/div>         <\/div>     <\/div> <\/div>                   <div class=\"kksr-legend\" style=\"font-size: 19.2px;\">             4,6\/5 - (18 votos)    <\/div>     <\/div>  <p class=\"translation-block\">Esta <strong>m\u00e1quina de enchimento de p\u00f3<\/strong> foi concebida para manusear produtos em p\u00f3 de 10kg, 15kg, 20kg, 30kg, 40kg e um m\u00e1ximo de 50kg. Equipado com uma m\u00e1quina de alimenta\u00e7\u00e3o e uma m\u00e1quina de selagem, pode completar o processo de pesagem, enchimento e selagem. O <strong>equipamento de enchimento de p\u00f3 com parafuso<\/strong> \u00e9 amplamente utilizado para embalar v\u00e1rios p\u00f3s secos, como p\u00f3 de detergente, p\u00f3 de malagueta, p\u00f3 de especiarias, p\u00f3 de leite, p\u00f3 de cimento, p\u00f3 de ervas, p\u00f3 nutricional, etc. Tem as vantagens de super efici\u00eancia e alto desempenho. E esta <strong>m\u00e1quina de pesagem e enchimento de p\u00f3<\/strong> \u00e9 adequada para projetos com enorme procura de produ\u00e7\u00e3o. Contacte-nos hoje para beneficiar o seu neg\u00f3cio. Al\u00e9m disso, estamos a recrutar agentes em todo o mundo para enriquecer juntos. Contacte-nos agora. <\/p>   <figure class=\"wp-block-embed-youtube wp-block-embed is-type-video is-provider-youtube wp-embed-aspect-16-9 wp-has-aspect-ratio\"><div class=\"lyte-wrapper fourthree\" title=\"M\u00e1quina de enchimento semiautom\u00e1tica de sem-fim\/p\u00f3 10kg\/15kg\/20kg\/25kg para farinha, especiarias, sab\u00e3o em p\u00f3\" style=\"width:960px;max-width:100%;margin:5px auto;\"><div class=\"lyMe hidef\" id=\"WYL_F5tlcnSb8q4\" itemprop=\"video\" itemscope itemtype=\"https:\/\/schema.org\/VideoObject\"><div><meta itemprop=\"thumbnailUrl\" content=\"https:\/\/taizypackaging.com\/wp-content\/plugins\/wp-youtube-lyte\/lyteCache.php?origThumbUrl=https%3A%2F%2Fi.ytimg.com%2Fvi%2FF5tlcnSb8q4%2Fmaxresdefault.jpg\" \/><meta itemprop=\"embedURL\" content=\"https:\/\/www.youtube.com\/embed\/F5tlcnSb8q4\" \/><meta itemprop=\"duration\" content=\"PT3M52S\" \/><meta itemprop=\"uploadDate\" content=\"2022-01-27T07:03:44Z\" \/><\/div><meta itemprop=\"accessibilityFeature\" content=\"captions\" \/><div id=\"lyte_F5tlcnSb8q4\" data-src=\"https:\/\/taizypackaging.com\/wp-content\/plugins\/wp-youtube-lyte\/lyteCache.php?origThumbUrl=https%3A%2F%2Fi.ytimg.com%2Fvi%2FF5tlcnSb8q4%2Fmaxresdefault.jpg\" class=\"pL\"><div class=\"tC\"><div class=\"tT\" itemprop=\"name\">M\u00e1quina de enchimento semiautom\u00e1tica de sem-fim\/p\u00f3 10kg\/15kg\/20kg\/25kg para farinha, especiarias, sab\u00e3o em p\u00f3<\/div><\/div><div class=\"play\"><\/div><div class=\"ctrl\"><div class=\"Lctrl\"><\/div><div class=\"Rctrl\"><\/div><\/div><\/div><noscript><a href=\"https:\/\/youtu.be\/F5tlcnSb8q4\" rel=\"nofollow noopener\" target=\"_blank\"><img loading=\"lazy\" decoding=\"async\" src=\"https:\/\/taizypackaging.com\/wp-content\/plugins\/wp-youtube-lyte\/lyteCache.php?origThumbUrl=https%3A%2F%2Fi.ytimg.com%2Fvi%2FF5tlcnSb8q4%2F0.jpg\" alt=\"M\u00e1quina de enchimento semiautom\u00e1tica de sem-fim\/p\u00f3 10kg\/15kg\/20kg\/25kg para farinha, especiarias, sab\u00e3o em p\u00f3\" width=\"960\" height=\"700\" \/><br \/>Assista a este v\u00eddeo no YouTube<\/a><\/noscript><meta itemprop=\"description\" content=\"#powderfillingmachine #fillingmachine #augerfiller EMAIL: info@taizypackaging.com TEL\/WHATSAPP: +86 18837171591 WEBSITE: https:\/\/taizypackaging.com\/flour-maize-flour-packaging-machine-powder-packaging-machine-5-50kg\/ Semi automatic powder filling machine can fill all kinds of powder products like flour, spices, detergent powder, chili powder, protein powder, milk powder, etc. This machine is a completely stainless steel body structure with contact parts. Machine can fill from 5kg to 50kg or other custom weights depending on your requirements. The machine mainly includes four parts: automatic weighing device, conveying device, sewing device, and computer control. It has a reasonable structure, a beautiful appearance. These videos may also help you: Automatic powder packaging machine: https:\/\/www.youtube.com\/watch?v=LDNsCTtMz5E&amp;t=61s&amp;ab_channel=TaizyPackagingMachinery EMAIL: info@taizypackaging.com TEL\/WHATSAPP: +86 18837171591 MORE INFO: https:\/\/taizypackaging.com\/flour-maize-flour-packaging-machine-powder-packaging-machine-5-50kg\/\"><\/div><\/div><div class=\"lL\" style=\"max-width:100%;width:960px;margin:5px auto;\"><\/div><figcaption><\/figcaption><\/figure>   <h2 class=\"wp-block-heading\" id=\"h-structure-of-flour-packaging-machine\">Estruturas da m\u00e1quina autom\u00e1tica de envase de p\u00f3<\/h2>    <p class=\"translation-block\"><strong>A m\u00e1quina inclui principalmente quatro partes:<\/strong> dispositivo de pesagem autom\u00e1tico, dispositivo de transporte, dispositivo de costura e sistema de controlo por computador. Tem uma estrutura razo\u00e1vel e uma apar\u00eancia atrativa, f\u00e1cil de operar e limpar. Al\u00e9m disso, a m\u00e1quina de embalagem de farinha economiza energia e custos. E a fun\u00e7\u00e3o de pesagem \u00e9 precisa. Al\u00e9m disso, a m\u00e1quina de enchimento e selagem de p\u00f3 pode ser equipada com uma m\u00e1quina de alimenta\u00e7\u00e3o, facilitando a alimenta\u00e7\u00e3o de mat\u00e9rias-primas.  <\/p>    <figure class=\"wp-block-image size-large\"><img decoding=\"async\" src=\"https:\/\/taizypackaging.com\/wp-content\/uploads\/2021\/05\/structure-of-flour-packing-machine.jpg\" alt=\"estrutura da m\u00e1quina de embalagem de farinha\" class=\"wp-image-1960\"\/><figcaption class=\"wp-element-caption\">estrutura da m\u00e1quina de enchimento de p\u00f3<\/figcaption><\/figure>    <h2 class=\"wp-block-heading\" id=\"h-parameters-of-the-flour-packing-machine\">Par\u00e2metros da m\u00e1quina de embalagem e enchimento de p\u00f3<\/h2>    <figure class=\"wp-block-table is-style-stripes\"><table><tbody><tr><td>Faixa de peso da embalagem<\/td><td>5-50kg<\/td><\/tr><tr><td>Faixa de quantidade de embalagem<\/td><td>3-4 sacos\/min<\/td><\/tr><tr><td>Poder<\/td><td>2,2 kW<\/td><\/tr><tr><td>Material<\/td><td>201 a\u00e7o inoxid\u00e1vel<\/td><\/tr><tr><td>Dimens\u00f5es<\/td><td>comprimento 2.000 \u00d7 largura 800 \u00d7 altura 2.500 (mm)<\/td><\/tr><\/tbody><\/table><\/figure>    <h2 class=\"wp-block-heading\" id=\"how-much-does-a-powder-filling-machine-cost\">Quanto custa uma m\u00e1quina de envase de p\u00f3?<\/h2>    <p>Na verdade, o custo de uma m\u00e1quina de envase de p\u00f3 est\u00e1 relacionado a muitos fatores, consistindo principalmente de fatores externos e internos. Para fatores externos, como custo de envio, taxa de c\u00e2mbio internacional, fabricante da m\u00e1quina de envase, etc. Para fatores internos, como tipos de m\u00e1quinas, materiais da m\u00e1quina, marca do motor, etc. Portanto, ao comprar uma m\u00e1quina envasadora de p\u00f3, \u00e9 importante que voc\u00ea conhe\u00e7a exatamente suas necessidades. Se voc\u00ea n\u00e3o sabe qual escolher, consulte nossos especialistas qualificados para sugest\u00f5es. <\/p>    <figure class=\"wp-block-image size-full\"><img loading=\"lazy\" decoding=\"async\" width=\"720\" height=\"540\" src=\"https:\/\/taizypackaging.com\/wp-content\/uploads\/2021\/05\/powder-filling-machine.jpg\" alt=\"m\u00e1quina de enchimento de p\u00f3\" class=\"wp-image-3623\" srcset=\"https:\/\/taizypackaging.com\/wp-content\/uploads\/2021\/05\/powder-filling-machine.jpg 720w, https:\/\/taizypackaging.com\/wp-content\/uploads\/2021\/05\/powder-filling-machine-300x225.jpg 300w\" sizes=\"auto, (max-width: 720px) 100vw, 720px\" \/><figcaption class=\"wp-element-caption\">m\u00e1quina de enchimento de p\u00f3<\/figcaption><\/figure>    <h2 class=\"wp-block-heading\" id=\"h-working-process-of-flour-packaging-machine\">Processo de trabalho da m\u00e1quina autom\u00e1tica de embalagem e enchimento de p\u00f3<\/h2>    <p class=\"translation-block\"><strong>Processo de Trabalho:<\/strong> Coloca\u00e7\u00e3o de material \u2192 Coloca\u00e7\u00e3o manual de saco \u2192 Enchimento autom\u00e1tico \u2192 Pesagem autom\u00e1tica \u2192 Transporte autom\u00e1tico \u2192 Selagem autom\u00e1tica \u2192 Finalizado<br>Al\u00e9m disso, o saco de embalagem e os dispositivos de selagem s\u00e3o diferentes. Pode escolher um adequado de acordo com as suas necessidades reais.<\/p>    <h2 class=\"wp-block-heading\" id=\"h-weighing-method-of-flour-packaging-machine\">M\u00e9todo de pesagem da m\u00e1quina de enchimento de p\u00f3<\/h2>    <p class=\"translation-block\">A m\u00e1quina de enchimento e embalagem de p\u00f3 utiliza uma escala de embalagem quantitativa por computador TH-25. Esta escala \u00e9 uma nova gera\u00e7\u00e3o de escalas de embalagem inteligentes desenvolvidas pela <a href=\"https:\/\/taizypackaging.com\/pt\/\">Taizy company<\/a>. A parte principal da m\u00e1quina de embalagem adota corte r\u00e1pido por fluxo livre ou corte por propuls\u00e3o de parafuso. O seu m\u00e9todo de medi\u00e7\u00e3o \u00e9 medi\u00e7\u00e3o por balde. A m\u00e1quina de embalagem utiliza tecnologia avan\u00e7ada de convers\u00e3o de frequ\u00eancia para alimenta\u00e7\u00e3o e medi\u00e7\u00e3o em pequena escala. Entretanto, adota tecnologia avan\u00e7ada de controlo digital por convers\u00e3o de frequ\u00eancia e tecnologia anti-interfer\u00eancia. Esta tecnologia pode realizar compensa\u00e7\u00e3o e corre\u00e7\u00e3o autom\u00e1tica de erros.<\/p>    <figure class=\"wp-block-image size-large\"><img decoding=\"async\" src=\"https:\/\/taizypackaging.com\/wp-content\/uploads\/2021\/05\/Computer-automatic-packaging-scale.jpg\" alt=\"Balan\u00e7a de embalagem autom\u00e1tica de computador\" class=\"wp-image-1968\"\/><figcaption class=\"wp-element-caption\">Balan\u00e7a de embalagem autom\u00e1tica de computador<\/figcaption><\/figure>    <h2 class=\"wp-block-heading\" id=\"h-benefits-of-using-flour-packaging-machine\">Benef\u00edcios de usar m\u00e1quina de envase de p\u00f3 seco<\/h2>    <p>1 A aplica\u00e7\u00e3o de uma balan\u00e7a autom\u00e1tica de embalagem de p\u00f3 melhora o ambiente de trabalho e a efici\u00eancia. Al\u00e9m disso, o uso de m\u00e1quinas de embalagem pode reduzir os custos de m\u00e3o de obra.<\/p>    <p>2. De acordo com os diferentes materiais da embalagem, escolha uma m\u00e1quina de costura dobr\u00e1vel ou uma m\u00e1quina de selagem a quente. Os acess\u00f3rios t\u00eam bom desempenho. E a tecnologia da m\u00e1quina de embalagem de p\u00f3 est\u00e1 muito madura;<\/p>    <p>3. Esta m\u00e1quina de embalagem resolve o problema de material pegajoso e material a granel na embalagem de p\u00f3.<\/p>    <p>4. O uso de m\u00e1quinas de embalagem melhora muito a velocidade de embalagem de p\u00f3.<\/p>    <h2 class=\"wp-block-heading\" id=\"h-why-use-a-packaging-machine-to-package-flour\">Por que usar uma m\u00e1quina de embalagem para embalar p\u00f3?<\/h2>    <p>O produto em p\u00f3 em si \u00e9 relativamente fino. Portanto, a poeira no processo de embalagem \u00e9 relativamente grande. A opera\u00e7\u00e3o manual n\u00e3o \u00e9 apenas lenta, mas tamb\u00e9m a sa\u00fade dos funcion\u00e1rios n\u00e3o \u00e9 garantida. Este problema pode ser totalmente resolvido com a utiliza\u00e7\u00e3o da balan\u00e7a autom\u00e1tica para embalagem de p\u00f3 produzida pela nossa empresa. Para f\u00e1bricas de p\u00f3s aliment\u00edcios ou qu\u00edmicos, \u00e9 necess\u00e1rio adquirir uma m\u00e1quina autom\u00e1tica de envase de p\u00f3. <\/p>    <h2 class=\"wp-block-heading\" id=\"h-how-to-choose-the-most-suitable-flour-packaging-machine\">Como escolher a m\u00e1quina envasadora de p\u00f3 mais adequada?<\/h2>    <p>Ao escolher esta escala, forne\u00e7a as seguintes informa\u00e7\u00f5es. Ent\u00e3o, nossos engenheiros t\u00e9cnicos podem fornecer o plano de configura\u00e7\u00e3o t\u00e9cnica mais preciso. <\/p>    <ol class=\"wp-block-list\"> <li><strong>As caracter\u00edsticas dos materiais de embalagem:<\/strong> gr\u00e2nulos ou p\u00f3s, tamanho ou malha do material, teor de umidade, etc.<\/li>    <li><strong>Caracter\u00edsticas do saco de embalagem:<\/strong> comprimento e largura do saco, saco de tecido ou saco de papel ou sacos pl\u00e1sticos.<\/li>    <li>Detalhes da produ\u00e7\u00e3o esperada e m\u00e9todo de alimenta\u00e7\u00e3o. E se o site tem limita\u00e7\u00f5es.<\/li> <\/ol>    <figure class=\"wp-block-image size-large\"><img loading=\"lazy\" decoding=\"async\" width=\"720\" height=\"540\" src=\"https:\/\/taizypackaging.com\/wp-content\/uploads\/2021\/05\/machine-display-2.jpg\" alt=\"exibi\u00e7\u00e3o de m\u00e1quina de embalagem de farinha\" class=\"wp-image-1961\" srcset=\"https:\/\/taizypackaging.com\/wp-content\/uploads\/2021\/05\/machine-display-2.jpg 720w, https:\/\/taizypackaging.com\/wp-content\/uploads\/2021\/05\/machine-display-2-300x225.jpg 300w\" sizes=\"auto, (max-width: 720px) 100vw, 720px\" \/><figcaption class=\"wp-element-caption\">exibi\u00e7\u00e3o de m\u00e1quina de embalagem de farinha<\/figcaption><\/figure>    <h2 class=\"wp-block-heading\" id=\"h-optional-accessories\">Acess\u00f3rios opcionais<\/h2>    <p class=\"translation-block\"><strong>Dispositivo de selagem: <\/strong><\/p>    <p>Voc\u00ea pode escolher a m\u00e1quina seladora de acordo com suas necessidades. Como m\u00e1quinas de selagem de pl\u00e1stico, m\u00e1quinas de selagem a v\u00e1cuo ou outras m\u00e1quinas de selagem.<\/p>    <figure class=\"wp-block-image size-large\"><img decoding=\"async\" src=\"https:\/\/taizypackaging.com\/wp-content\/uploads\/2021\/05\/sealing-device-2.jpg\" alt=\"dispositivo de selagem da m\u00e1quina de embalagem de farinha \" class=\"wp-image-1967\"\/><figcaption class=\"wp-element-caption\">dispositivo de selagem da m\u00e1quina de embalagem de farinha <\/figcaption><\/figure>    <p class=\"translation-block\"><strong>Dispositivo de alimenta\u00e7\u00e3o: <\/strong><\/p>    <p>Voc\u00ea tamb\u00e9m pode comprar um alimentador. A m\u00e1quina de alimenta\u00e7\u00e3o pode transportar automaticamente diversos materiais para a m\u00e1quina de embalagem e a tremonha, o que reduz a intensidade de trabalho dos trabalhadores e resolve o problema de transbordamento de poeira durante a alimenta\u00e7\u00e3o. Este m\u00e9todo de alimenta\u00e7\u00e3o pode evitar que a poeira polua o meio ambiente e melhorar o ambiente de trabalho. Ao mesmo tempo, tamb\u00e9m reduz a polui\u00e7\u00e3o do meio ambiente e do pessoal dos materiais e atende ao padr\u00e3o GMP.<\/p>    <figure class=\"wp-block-image size-large\"><img loading=\"lazy\" decoding=\"async\" width=\"720\" height=\"540\" src=\"https:\/\/taizypackaging.com\/wp-content\/uploads\/2021\/05\/feeder.jpg\" alt=\"alimentador desta m\u00e1quina de enchimento de gr\u00e2nulos\" class=\"wp-image-1930\" srcset=\"https:\/\/taizypackaging.com\/wp-content\/uploads\/2021\/05\/feeder.jpg 720w, https:\/\/taizypackaging.com\/wp-content\/uploads\/2021\/05\/feeder-300x225.jpg 300w\" sizes=\"auto, (max-width: 720px) 100vw, 720px\" \/><figcaption class=\"wp-element-caption\">alimentador desta m\u00e1quina de enchimento de gr\u00e2nulos<\/figcaption><\/figure>    <h2 class=\"wp-block-heading\" id=\"h-technical-advantages-of-flour-packaging-machine\">Vantagens t\u00e9cnicas da m\u00e1quina de enchimento de p\u00f3<\/h2>    <p>\u25cf O equipamento de enchimento de p\u00f3 adota um processo de produ\u00e7\u00e3o de pulveriza\u00e7\u00e3o eletrost\u00e1tica.<br>\u25cf Possui sensores de suspens\u00e3o independentes. Portanto, esta m\u00e1quina de embalagem possui uma transmiss\u00e3o de sinal est\u00e1vel e pesagem precisa.<br>\u25cf Seu host adota tecnologia de convers\u00e3o de frequ\u00eancia.<br>\u25cf Adota um sensor infravermelho e corte servo. Desta forma, economiza-se mais energia e economiza-se energia.<br>\u25cf Ele pode armazenar automaticamente a produ\u00e7\u00e3o por turno, a produ\u00e7\u00e3o di\u00e1ria e a produ\u00e7\u00e3o cumulativa.<\/p>    <h2 class=\"wp-block-heading\" id=\"h-value-added-services\">Servi\u00e7os de valor acrescentado<\/h2>    <p class=\"translation-block\">1. <strong>Controlo de Qualidade:<\/strong> Temos um sistema de controlo de qualidade rigoroso. Antes do envio, tiraremos fotos e v\u00eddeos para si.<br>2. <strong>Servi\u00e7o p\u00f3s-venda:<\/strong> 24 horas online e manuten\u00e7\u00e3o vital\u00edcia. Manual em ingl\u00eas e ensino em v\u00eddeo.<br>3. <strong>Tempo de produ\u00e7\u00e3o:<\/strong> 20-25 dias<\/p>    <h2 class=\"wp-block-heading\" id=\"h-q-a\">Perguntas e respostas sobre o equipamento de enchimento de p\u00f3 Taizy<\/h2>    <ol class=\"wp-block-list\"> <li>Qual \u00e9 o pre\u00e7o da m\u00e1quina de envase de p\u00f3?<br>Os detalhes espec\u00edficos da m\u00e1quina de envase de p\u00f3 podem ser personalizados. Al\u00e9m disso, voc\u00ea pode escolher diferentes m\u00e1quinas de selagem. Portanto, o pre\u00e7o tamb\u00e9m \u00e9 diferente. Voc\u00ea pode nos informar suas necessidades e n\u00f3s decidiremos o pre\u00e7o final.<\/li>    <li>Qual a faixa de peso que pode ser acondicionada em embalagens de p\u00f3?<br>Peso da embalagem: 5-50kg<\/li>    <li>De que material \u00e9 feita a m\u00e1quina de embalagem?<br>\u00c9 feito de a\u00e7o inoxid\u00e1vel 201.<\/li>    <li>O transporte da m\u00e1quina de embalagem \u00e9 seguro?                                                                                                  As m\u00e1quinas s\u00e3o embrulhadas em filme pl\u00e1stico antes de serem embaladas, para evitar a umidade do mar. As m\u00e1quinas s\u00e3o colocadas em uma caixa de madeira livre de fumiga\u00e7\u00e3o, forrada com arame met\u00e1lico se necess\u00e1rio.<\/li>    <li>Qual filme de embalagem posso escolher para embalar farinha?<br>Sacos de papel, sacos de tecido revestidos por pel\u00edcula, sacos compostos de dupla camada.<\/li>    <li>Qual \u00e9 a forma de pagamento?<br>Pagamento 100% por transfer\u00eancia banc\u00e1ria ou cart\u00e3o de cr\u00e9dito. Tamb\u00e9m alteraremos os m\u00e9todos de pagamento de acordo com suas necessidades.<\/li> <\/ol>","protected":false},"excerpt":{"rendered":"<p>Esta m\u00e1quina de embalagem de farinha oferece conveni\u00eancia para embalagem de p\u00f3. \u00c9 adequado para materiais de embalagem de 5kg-50kg. Sua velocidade de embalagem \u00e9 r\u00e1pida. A embalagem de p\u00f3s por m\u00e1quina \u00e9 higi\u00eanica e segura.<\/p>","protected":false},"author":1,"featured_media":1958,"parent":0,"template":"","tags":[565],"product-type":[660],"class_list":["post-1947","product","type-product","status-publish","has-post-thumbnail","hentry","tag-powder-filling-machine","product-type-powder-packing-machines"],"_links":{"self":[{"href":"https:\/\/taizypackaging.com\/pt\/wp-json\/wp\/v2\/product\/1947","targetHints":{"allow":["GET"]}}],"collection":[{"href":"https:\/\/taizypackaging.com\/pt\/wp-json\/wp\/v2\/product"}],"about":[{"href":"https:\/\/taizypackaging.com\/pt\/wp-json\/wp\/v2\/types\/product"}],"author":[{"embeddable":true,"href":"https:\/\/taizypackaging.com\/pt\/wp-json\/wp\/v2\/users\/1"}],"wp:featuredmedia":[{"embeddable":true,"href":"https:\/\/taizypackaging.com\/pt\/wp-json\/wp\/v2\/media\/1958"}],"wp:attachment":[{"href":"https:\/\/taizypackaging.com\/pt\/wp-json\/wp\/v2\/media?parent=1947"}],"wp:term":[{"taxonomy":"post_tag","embeddable":true,"href":"https:\/\/taizypackaging.com\/pt\/wp-json\/wp\/v2\/tags?post=1947"},{"taxonomy":"product-type","embeddable":true,"href":"https:\/\/taizypackaging.com\/pt\/wp-json\/wp\/v2\/product-type?post=1947"}],"curies":[{"name":"wp","href":"https:\/\/api.w.org\/{rel}","templated":true}]}}