{"id":1985,"date":"2021-06-02T02:50:38","date_gmt":"2021-06-02T02:50:38","guid":{"rendered":"https:\/\/taizypackaging.com\/?p=1985"},"modified":"2024-07-16T17:47:35","modified_gmt":"2024-07-16T09:47:35","slug":"semi-automatic-liquid-filling-machine","status":"publish","type":"product","link":"https:\/\/taizypackaging.com\/pt\/semi-automatic-liquid-filling-machine\/","title":{"rendered":"M\u00e1quina de enchimento de l\u00edquidos semiautom\u00e1tica"},"content":{"rendered":"<div class=\"kk-star-ratings kksr-auto kksr-align-left kksr-valign-top\"     data-payload='{&quot;align&quot;:&quot;left&quot;,&quot;id&quot;:&quot;1985&quot;,&quot;slug&quot;:&quot;default&quot;,&quot;valign&quot;:&quot;top&quot;,&quot;ignore&quot;:&quot;&quot;,&quot;reference&quot;:&quot;auto&quot;,&quot;class&quot;:&quot;&quot;,&quot;count&quot;:&quot;25&quot;,&quot;legendonly&quot;:&quot;&quot;,&quot;readonly&quot;:&quot;&quot;,&quot;score&quot;:&quot;4.6&quot;,&quot;starsonly&quot;:&quot;&quot;,&quot;best&quot;:&quot;5&quot;,&quot;gap&quot;:&quot;5&quot;,&quot;greet&quot;:&quot;Rate this product&quot;,&quot;legend&quot;:&quot;4.6\\\/5 - (25 votes)&quot;,&quot;size&quot;:&quot;24&quot;,&quot;title&quot;:&quot;Semi Automatic Liquid Filling Machine&quot;,&quot;width&quot;:&quot;130.9&quot;,&quot;_legend&quot;:&quot;{score}\\\/{best} - ({count} {votes})&quot;,&quot;font_factor&quot;:&quot;1.25&quot;}'>              <div class=\"kksr-stars\">      <div class=\"kksr-stars-inactive\">             <div class=\"kksr-star\" data-star=\"1\" style=\"padding-right: 5px\">               <div class=\"kksr-icon\" style=\"width: 24px; height: 24px;\"><\/div>         <\/div>             <div class=\"kksr-star\" data-star=\"2\" style=\"padding-right: 5px\">               <div class=\"kksr-icon\" style=\"width: 24px; height: 24px;\"><\/div>         <\/div>             <div class=\"kksr-star\" data-star=\"3\" style=\"padding-right: 5px\">               <div class=\"kksr-icon\" style=\"width: 24px; height: 24px;\"><\/div>         <\/div>             <div class=\"kksr-star\" data-star=\"4\" style=\"padding-right: 5px\">               <div class=\"kksr-icon\" style=\"width: 24px; height: 24px;\"><\/div>         <\/div>             <div class=\"kksr-star\" data-star=\"5\" style=\"padding-right: 5px\">               <div class=\"kksr-icon\" style=\"width: 24px; height: 24px;\"><\/div>         <\/div>     <\/div>      <div class=\"kksr-stars-active\" style=\"width: 130.9px;\">             <div class=\"kksr-star\" style=\"padding-right: 5px\">               <div class=\"kksr-icon\" style=\"width: 24px; height: 24px;\"><\/div>         <\/div>             <div class=\"kksr-star\" style=\"padding-right: 5px\">               <div class=\"kksr-icon\" style=\"width: 24px; height: 24px;\"><\/div>         <\/div>             <div class=\"kksr-star\" style=\"padding-right: 5px\">               <div class=\"kksr-icon\" style=\"width: 24px; height: 24px;\"><\/div>         <\/div>             <div class=\"kksr-star\" style=\"padding-right: 5px\">               <div class=\"kksr-icon\" style=\"width: 24px; height: 24px;\"><\/div>         <\/div>             <div class=\"kksr-star\" style=\"padding-right: 5px\">               <div class=\"kksr-icon\" style=\"width: 24px; height: 24px;\"><\/div>         <\/div>     <\/div> <\/div>                   <div class=\"kksr-legend\" style=\"font-size: 19.2px;\">             4,6\/5 - (25 votos)    <\/div>     <\/div>  <p class=\"translation-block\"><strong>Semi automatic liquid filling machine<\/strong> \u00e9 uma ferramenta de embalagem de l\u00edquidos de baixo custo. \u00c9 bastante ideal <strong>equipamento de enchimento de l\u00edquidos<\/strong> para pequeno neg\u00f3cio. Uma <strong>m\u00e1quina de enchimento de l\u00edquidos manual<\/strong> \u00e9 amplamente utilizada na ind\u00fastria de bebidas, cosm\u00e9ticos e qu\u00edmica. Este tipo de <strong>pequena m\u00e1quina de enchimento de l\u00edquidos de bancada<\/strong> \u00e9 adequado para sacos, garrafas e latas. Com uma estrutura simples e tamanho pequeno, \u00e9 muito flex\u00edvel e f\u00e1cil de operar. A Taizy Machinery Co., Ltd tem uma experi\u00eancia muito rica no design, pesquisa, fabrica\u00e7\u00e3o e exporta\u00e7\u00e3o de uma m\u00e1quina de enchimento de l\u00edquidos confi\u00e1vel. Contacte-nos hoje para um <strong>pre\u00e7o de m\u00e1quina de enchimento de l\u00edquidos semi-autom\u00e1tica<\/strong> gratuito. <\/p>    <h2 class=\"wp-block-heading\" id=\"what-is-a-liquid-filling-machine\">O que \u00e9 uma m\u00e1quina de envase de l\u00edquidos? <\/h2>    <p>A m\u00e1quina de envase de l\u00edquidos ou envasadora de l\u00edquidos \u00e9 um equipamento essencial em muitas ind\u00fastrias, como bebidas, qu\u00edmica, cosm\u00e9tica e farmac\u00eautica. Esses produtos l\u00edquidos precisam ser embalados em bolsas, garrafas ou latas atraentes. Com as m\u00e1quinas de envase de l\u00edquidos, o l\u00edquido pode ser embalado de maneira f\u00e1cil e eficiente em recipientes, sem muito desperd\u00edcio. Em compara\u00e7\u00e3o com a opera\u00e7\u00e3o manual, a m\u00e1quina de envase de l\u00edquidos semiautom\u00e1tica economiza mais custos e m\u00e3o de obra. Uma m\u00e1quina de envase de l\u00edquidos pode ser dividida em uma m\u00e1quina de envase de l\u00edquidos manual, uma m\u00e1quina de envase de l\u00edquidos semiautom\u00e1tica e uma m\u00e1quina de envase de l\u00edquidos totalmente autom\u00e1tica. Diferentes tipos t\u00eam caracter\u00edsticas e vantagens totalmente diferentes. Se voc\u00ea n\u00e3o tem certeza de qual \u00e9 o melhor para o seu projeto, consulte nosso especialista gratuitamente. <\/p>    <figure class=\"wp-block-image size-full\"><img decoding=\"async\" src=\"https:\/\/taizypackaging.com\/wp-content\/uploads\/2021\/06\/semi-automatic-liquid-filling-machine-1.jpg\" alt=\"m\u00e1quina de enchimento de l\u00edquidos semiautom\u00e1tica\" class=\"wp-image-3658\"\/><figcaption>m\u00e1quina de enchimento de l\u00edquidos semiautom\u00e1tica<\/figcaption><\/figure>    <h2 class=\"wp-block-heading\" id=\"h-application-field-of-semi-automatic-liquid-filling-machine\">Aplica\u00e7\u00f5es da m\u00e1quina de envase de l\u00edquidos semiautom\u00e1tica<\/h2>    <p>A m\u00e1quina envasadora de l\u00edquidos semiautom\u00e1tica \u00e9 amplamente utilizada no envase quantitativo de l\u00edquidos nas ind\u00fastrias de medicamentos, alimentos, bebidas, produtos qu\u00edmicos di\u00e1rios, \u00f3leos, condimentos, cosm\u00e9ticos, etc. , vinhos, licores, xaropes, \u00f3leos comest\u00edveis, sabores e fragr\u00e2ncias, xampus, g\u00e9is de banho, desinfetantes para as m\u00e3os, desinfetantes, detergentes, lubrificantes, \u00f3leos de freio, anticongelantes, pesticidas, herbicidas e assim por diante. Esta m\u00e1quina de envase de l\u00edquidos semiautom\u00e1tica tem uma velocidade de enchimento r\u00e1pida e pesagem precisa. \u00c9 a melhor escolha para projetos de pequeno e m\u00e9dio porte.<\/p>    <figure class=\"wp-block-image size-large\"><img decoding=\"async\" src=\"https:\/\/taizypackaging.com\/wp-content\/uploads\/2021\/06\/packing-sample.jpg\" alt=\"amostra de embalagem\" class=\"wp-image-2027\"\/><figcaption>amostra de embalagem<\/figcaption><\/figure>    <h2 class=\"wp-block-heading\" id=\"h-working-principle-of-semi-automatic-liquid-filling-machine\">Princ\u00edpio de funcionamento da m\u00e1quina de envase de l\u00edquidos semiautom\u00e1tica<\/h2>    <p>A m\u00e1quina de envase semiautom\u00e1tica \u00e9 uma m\u00e1quina de envase de pist\u00e3o. Um pist\u00e3o \u00e9 acionado por um cilindro para extrair e ejetar materiais. Uma v\u00e1lvula unidirecional pode controlar o fluxo de materiais. E um interruptor reed pode controlar o curso do cilindro. Desta forma, o volume de enchimento \u00e9 ajust\u00e1vel.<\/p>    <h2 class=\"wp-block-heading\" id=\"h-model-and-filling-volume-range-of-semi-automatic-liquid-packing-machine\">Modelo e faixa de volume de enchimento da m\u00e1quina de envase de l\u00edquidos semiautom\u00e1tica<\/h2>    <figure class=\"wp-block-table\"><table><tbody><tr><td>Modo50<\/td><td>5-50ML &nbsp;&nbsp;&nbsp;&nbsp;&nbsp;&nbsp;&nbsp;<\/td><\/tr><tr><td>Modo100<\/td><td>10-100ML<\/td><\/tr><tr><td>Modo300<\/td><td>30-300ML<\/td><\/tr><tr><td>Modo500<\/td><td>50-500ML<\/td><\/tr><tr><td>Modo1000<\/td><td>100-1000ML<\/td><\/tr><tr><td>Modo2500<\/td><td>250-2500ML<\/td><\/tr><tr><td>Modo3000<\/td><td>300-3000ML<\/td><\/tr><tr><td>Modo5000<\/td><td>500-5000ML<\/td><\/tr><\/tbody><\/table><\/figure>    <h2 class=\"wp-block-heading\" id=\"h-the-structure-and-characteristics-of-semi-automatic-liquid-filling-machine\">Caracter\u00edsticas estruturais da m\u00e1quina de envase de l\u00edquidos semiautom\u00e1tica<\/h2>    <ol class=\"wp-block-list\"><li>A m\u00e1quina de envase de l\u00edquidos \u00e9 do tipo pist\u00e3o semiautom\u00e1tica. Possui um design razo\u00e1vel, estrutura compacta e opera\u00e7\u00e3o conveniente.<\/li><li>As pe\u00e7as em contato com materiais utilizam a\u00e7o inoxid\u00e1vel 304. Este material atende aos requisitos GMP.<\/li><li>O volume de enchimento e a velocidade de enchimento s\u00e3o ajust\u00e1veis. E a precis\u00e3o do enchimento \u00e9 alta.<\/li><li>A antepara de enchimento adota dispositivos de enchimento anti-gotejamento, anti-desenho e eleva\u00e7\u00e3o.<\/li><li>Esta m\u00e1quina de envase de l\u00edquidos pode ser convertida em um sistema de envase de transbordamento com v\u00e1rios cabe\u00e7otes, \u00e0 prova de explos\u00e3o.<\/li><\/ol>    <figure class=\"wp-block-image size-large\"><img decoding=\"async\" src=\"https:\/\/taizypackaging.com\/wp-content\/uploads\/2021\/06\/structure-of-semi-automatic-liquid-filling-machine.jpg\" alt=\"estrutura da m\u00e1quina de envase de l\u00edquidos semiautom\u00e1tica\" class=\"wp-image-2034\"\/><figcaption>estrutura da m\u00e1quina de envase de l\u00edquidos semiautom\u00e1tica<\/figcaption><\/figure>    <h2 class=\"wp-block-heading\" id=\"h-technical-advantages\">Vantagens t\u00e9cnicas<\/h2>    <p>1. Como o material de enchimento desta m\u00e1quina de envase de l\u00edquidos \u00e9 geralmente l\u00edquido ou l\u00edquido viscoso, \u00e9 f\u00e1cil ficar \u00famido, portanto, o corpo \u00e9 feito de uma combina\u00e7\u00e3o de a\u00e7o inoxid\u00e1vel e liga de alum\u00ednio, que n\u00e3o enferruja facilmente mesmo em um ambiente \u00famido e garante o material de higiene.<\/p>    <p>2. A m\u00e1quina utiliza um sistema duplo de controle de press\u00e3o de ar, que \u00e9 especialmente adequado para uso em um ambiente com requisitos \u00e0 prova de explos\u00e3o e possui alta seguran\u00e7a;<\/p>    <p>3 Quando a m\u00e1quina precisar parar ao abastecer inje\u00e7\u00e3o, toner, xarope, etc., basta desligar a chave pneum\u00e1tica, o pist\u00e3o retornar\u00e1 automaticamente \u00e0 posi\u00e7\u00e3o inicial e o enchimento ir\u00e1 parar.<\/p>    <h2 class=\"wp-block-heading\" id=\"h-machine-details\">Detalhes da m\u00e1quina de equipamento de enchimento de l\u00edquidos<\/h2>    <figure class=\"wp-block-image size-large is-resized\"><img loading=\"lazy\" decoding=\"async\" src=\"https:\/\/taizypackaging.com\/wp-content\/uploads\/2021\/06\/machine-details.jpg\" alt=\"detalhes da m\u00e1quina\" class=\"wp-image-2036\" width=\"840\" height=\"409\"\/><figcaption>detalhes da m\u00e1quina de enchimento de l\u00edquidos<\/figcaption><\/figure>    <h2 class=\"wp-block-heading\" id=\"h-optional-device\">Dispositivo opcional<\/h2>    <p>Na empresa Taizy, voc\u00ea tamb\u00e9m pode optar por outros dispositivos para atender \u00e0s suas diferentes demandas.<\/p>    <ol class=\"wp-block-list\"><li>A tremonha pode ser equipada com um dispositivo de aquecimento. Se precisar, voc\u00ea pode equipar a m\u00e1quina com um dispositivo de aquecimento de l\u00edquidos.<\/li><li>A tremonha pode ser equipada com uma haste agitadora. O agitador pode misturar o l\u00edquido uniformemente.<\/li><li>Todas as m\u00e1quinas est\u00e3o equipadas com compressores de ar. Pode garantir o enchimento seguro e preciso de l\u00edquidos.<\/li><li>Dispositivo de veda\u00e7\u00e3o. Dispositivo de selagem a v\u00e1cuo ou outros tipos de m\u00e1quina de selagem.<\/li><li>Codificador. Codificadores de fita, codificadores jato de tinta, codificadores laser e outras m\u00e1quinas de codifica\u00e7\u00e3o.<\/li><li>Voc\u00ea pode configurar v\u00e1rios bicos para a m\u00e1quina de embalagem. Isso pode aumentar a velocidade de enchimento.<\/li><\/ol>    <h2 class=\"wp-block-heading\" id=\"h-machine-display\">Exibi\u00e7\u00e3o da m\u00e1quina de enchimento de l\u00edquido Taizy<\/h2>    <div class=\"wp-block-columns is-layout-flex wp-container-core-columns-is-layout-9d6595d7 wp-block-columns-is-layout-flex\"> <div class=\"wp-block-column is-layout-flow wp-block-column-is-layout-flow\"> <figure class=\"wp-block-image size-full\"><img decoding=\"async\" src=\"https:\/\/taizypackaging.com\/wp-content\/uploads\/2021\/06\/semi-automatic-liquid-filling-machine-factory.jpg\" alt=\"f\u00e1brica de m\u00e1quinas de enchimento de l\u00edquidos semiautom\u00e1ticas\" class=\"wp-image-3661\"\/><figcaption>f\u00e1brica de m\u00e1quinas de enchimento de l\u00edquidos semiautom\u00e1ticas<\/figcaption><\/figure> <\/div>    <div class=\"wp-block-column is-layout-flow wp-block-column-is-layout-flow\"> <figure class=\"wp-block-image size-full\"><img loading=\"lazy\" decoding=\"async\" width=\"720\" height=\"540\" src=\"https:\/\/taizypackaging.com\/wp-content\/uploads\/2021\/06\/machine-stock.jpg\" alt=\"estoque de m\u00e1quinas\" class=\"wp-image-2181\" srcset=\"https:\/\/taizypackaging.com\/wp-content\/uploads\/2021\/06\/machine-stock.jpg 720w, https:\/\/taizypackaging.com\/wp-content\/uploads\/2021\/06\/machine-stock-300x225.jpg 300w\" sizes=\"auto, (max-width: 720px) 100vw, 720px\" \/><figcaption>estoque de m\u00e1quina de envase de l\u00edquidos semiautom\u00e1tica<\/figcaption><\/figure> <\/div> <\/div>    <h2 class=\"wp-block-heading\" id=\"h-warm-tips-during-operation\">Dicas quentes durante a opera\u00e7\u00e3o<\/h2>    <ol class=\"wp-block-list\"><li>Antes de limpar, \u00e9 necess\u00e1rio verificar se o ar comprimido est\u00e1 desligado. Caso n\u00e3o tenha desligado, desligue o ar comprimido;<\/li><li>\u00c9 terminantemente proibido o uso de solventes org\u00e2nicos para limpeza da m\u00e1quina, como xileno, \u00e1gua de banana, hipoclorito de s\u00f3dio, etc.;<\/li><li>Depois de limpar todas as pe\u00e7as desta envasadora semiautom\u00e1tica, deve-se come\u00e7ar a instilar as pe\u00e7as at\u00e9 que estejam secas. E certifique-se de que nenhuma \u00e1gua e outros artigos diversos entrem na m\u00e1quina;<\/li><li>Utilize a fonte de energia e g\u00e1s que atenda aos requisitos;<\/li><li>Voc\u00ea deve desligar a fonte de ar e a fonte de alimenta\u00e7\u00e3o primeiro. Em seguida, desmonte e lave a m\u00e1quina de envase quantitativa semiautom\u00e1tica;<\/li><li>Depois de desligar o interruptor de alimenta\u00e7\u00e3o, h\u00e1 tens\u00e3o em alguns circuitos semiautom\u00e1ticos da m\u00e1quina de envase de l\u00edquidos. Portanto, voc\u00ea deve desligar a energia principal em caso de falha no reparo.<\/li><\/ol>    <h2 class=\"wp-block-heading\" id=\"h-cleaning-and-maintenance\">Limpeza e manuten\u00e7\u00e3o de enchedora de l\u00edquidos semiautom\u00e1tica<\/h2>    <ol class=\"wp-block-list\"><li>Antes de limpar a m\u00e1quina envasadora de l\u00edquidos semiautom\u00e1tica. Voc\u00ea deve limpar os materiais l\u00edquidos restantes na m\u00e1quina. Em seguida, encha o tanque com fluido de limpeza. \u00c9 melhor usar \u00e1gua morna, \u00e1lcool, \u00e1gua com sab\u00e3o ou outros l\u00edquidos de limpeza, se necess\u00e1rio;<\/li><li> Ao limpar, certifique-se de que o O-ring esteja instalado corretamente. Em seguida, ligue a m\u00e1quina e deixe-a circular o enchimento at\u00e9 que todas as partes em contato com o material estejam bem limpas. Estes incluem cilindros de pist\u00e3o, cabe\u00e7as de pist\u00e3o, an\u00e9is de veda\u00e7\u00e3o, v\u00e1lvulas unidirecionais, cabe\u00e7as de enchimento, barris, tremonhas, etc;<\/li><li>Limpe todos os an\u00e9is de veda\u00e7\u00e3o desta m\u00e1quina de envase semiautom\u00e1tica. Voc\u00ea deve limpar o anel de veda\u00e7\u00e3o do pist\u00e3o e o anel de veda\u00e7\u00e3o plano da v\u00e1lvula. Al\u00e9m disso, substitua o anel de veda\u00e7\u00e3o rachado e danificado.<\/li><\/ol>    <h2 class=\"wp-block-heading\" id=\"h-shipment\">Pronto para enviar <\/h2>    <p class=\"translation-block\">All <a href=\"https:\/\/taizypackaging.com\/pt\/liquid-pouch-packing-machine\/\">liquid packing machines<\/a> are wrapped in plastic film before packing. And it will avoid moisture in the sea. The machines are put in a wooden case which is free of fumigation, lined with metal wire if necessary. All machines undergo strict expectations before shipping. And we will take video and pictures of the shipment for you.<\/p>    <figure class=\"wp-block-image size-large\"><img decoding=\"async\" src=\"https:\/\/taizypackaging.com\/wp-content\/uploads\/2021\/06\/shipment-1.jpg\" alt=\"m\u00e1quinas de envase de l\u00edquidos prontas para envio\" class=\"wp-image-2183\"\/><figcaption>m\u00e1quinas de envase de l\u00edquidos prontas para envio<\/figcaption><\/figure>    <h2 class=\"wp-block-heading\" id=\"h-q-a\">Perguntas e respostas<\/h2>    <ol class=\"wp-block-list\"><li>Qual \u00e9 o pre\u00e7o da envasadora de l\u00edquidos semiautom\u00e1tica?<br>Todos os tipos de m\u00e1quinas de envase podem ser customizados, por isso os pre\u00e7os tamb\u00e9m s\u00e3o diferentes. Determinaremos o pre\u00e7o final de acordo com os detalhes.<\/li><li>Que l\u00edquido pode ser preenchido?<br>L\u00edquidos com fluidez relativamente boa, sucos, bebidas, leite, ch\u00e1, sab\u00e3o em p\u00f3, \u00e1gua e outros materiais l\u00edquidos.<\/li><li>Que tipo de embalagem utiliza o l\u00edquido de enchimento?<br>V\u00e1rios tipos de embalagens, como sacos pl\u00e1sticos e garrafas, podem ser usados. Normalmente, a forma engarrafada \u00e9 mais comum.<\/li><li>Quantos materiais podem ser embalados?<br>S\u00e3o oito modelos de m\u00e1quinas semiautom\u00e1ticas de envase de l\u00edquidos. O volume da embalagem varia de 5-5000ML.<\/li><\/ol>","protected":false},"excerpt":{"rendered":"<p>Semi automatic liquid filling machine is a low-cost liquid packaging tool. It is quite ideal liquid filling equipment for small business. A manual liquid filling machine is widely used in the beverage, cosmetics and chemical industry. This kind of small table top liquid filling machine is suitable for bags, bottles, and cans. With a simple [&hellip;]<\/p>\n","protected":false},"author":1,"featured_media":2026,"parent":0,"template":"","tags":[75,255,257,582],"product-type":[661],"class_list":["post-1985","product","type-product","status-publish","has-post-thumbnail","hentry","tag-bottle-filling-machine","tag-liquid-filler","tag-liquid-filling-machine","tag-liquid-pouch-filling-machine","product-type-liquid-packing-machines"],"_links":{"self":[{"href":"https:\/\/taizypackaging.com\/pt\/wp-json\/wp\/v2\/product\/1985","targetHints":{"allow":["GET"]}}],"collection":[{"href":"https:\/\/taizypackaging.com\/pt\/wp-json\/wp\/v2\/product"}],"about":[{"href":"https:\/\/taizypackaging.com\/pt\/wp-json\/wp\/v2\/types\/product"}],"author":[{"embeddable":true,"href":"https:\/\/taizypackaging.com\/pt\/wp-json\/wp\/v2\/users\/1"}],"wp:featuredmedia":[{"embeddable":true,"href":"https:\/\/taizypackaging.com\/pt\/wp-json\/wp\/v2\/media\/2026"}],"wp:attachment":[{"href":"https:\/\/taizypackaging.com\/pt\/wp-json\/wp\/v2\/media?parent=1985"}],"wp:term":[{"taxonomy":"post_tag","embeddable":true,"href":"https:\/\/taizypackaging.com\/pt\/wp-json\/wp\/v2\/tags?post=1985"},{"taxonomy":"product-type","embeddable":true,"href":"https:\/\/taizypackaging.com\/pt\/wp-json\/wp\/v2\/product-type?post=1985"}],"curies":[{"name":"wp","href":"https:\/\/api.w.org\/{rel}","templated":true}]}}