{"id":2003,"date":"2021-05-28T10:46:43","date_gmt":"2021-05-28T10:46:43","guid":{"rendered":"https:\/\/taizypackaging.com\/?p=2003"},"modified":"2023-10-24T17:03:47","modified_gmt":"2023-10-24T09:03:47","slug":"semi-automatic-paste-filling-machine","status":"publish","type":"product","link":"https:\/\/taizypackaging.com\/pt\/semi-automatic-paste-filling-machine\/","title":{"rendered":"M\u00e1quina de enchimento de pasta"},"content":{"rendered":"<div class=\"kk-star-ratings kksr-auto kksr-align-left kksr-valign-top\"     data-payload='{&quot;align&quot;:&quot;left&quot;,&quot;id&quot;:&quot;2003&quot;,&quot;slug&quot;:&quot;default&quot;,&quot;valign&quot;:&quot;top&quot;,&quot;ignore&quot;:&quot;&quot;,&quot;reference&quot;:&quot;auto&quot;,&quot;class&quot;:&quot;&quot;,&quot;count&quot;:&quot;20&quot;,&quot;legendonly&quot;:&quot;&quot;,&quot;readonly&quot;:&quot;&quot;,&quot;score&quot;:&quot;4.6&quot;,&quot;starsonly&quot;:&quot;&quot;,&quot;best&quot;:&quot;5&quot;,&quot;gap&quot;:&quot;5&quot;,&quot;greet&quot;:&quot;Rate this product&quot;,&quot;legend&quot;:&quot;4.6\\\/5 - (20 votes)&quot;,&quot;size&quot;:&quot;24&quot;,&quot;title&quot;:&quot;Paste Filling Machine&quot;,&quot;width&quot;:&quot;130.9&quot;,&quot;_legend&quot;:&quot;{score}\\\/{best} - ({count} {votes})&quot;,&quot;font_factor&quot;:&quot;1.25&quot;}'>              <div class=\"kksr-stars\">      <div class=\"kksr-stars-inactive\">             <div class=\"kksr-star\" data-star=\"1\" style=\"padding-right: 5px\">               <div class=\"kksr-icon\" style=\"width: 24px; height: 24px;\"><\/div>         <\/div>             <div class=\"kksr-star\" data-star=\"2\" style=\"padding-right: 5px\">               <div class=\"kksr-icon\" style=\"width: 24px; height: 24px;\"><\/div>         <\/div>             <div class=\"kksr-star\" data-star=\"3\" style=\"padding-right: 5px\">               <div class=\"kksr-icon\" style=\"width: 24px; height: 24px;\"><\/div>         <\/div>             <div class=\"kksr-star\" data-star=\"4\" style=\"padding-right: 5px\">               <div class=\"kksr-icon\" style=\"width: 24px; height: 24px;\"><\/div>         <\/div>             <div class=\"kksr-star\" data-star=\"5\" style=\"padding-right: 5px\">               <div class=\"kksr-icon\" style=\"width: 24px; height: 24px;\"><\/div>         <\/div>     <\/div>      <div class=\"kksr-stars-active\" style=\"width: 130.9px;\">             <div class=\"kksr-star\" style=\"padding-right: 5px\">               <div class=\"kksr-icon\" style=\"width: 24px; height: 24px;\"><\/div>         <\/div>             <div class=\"kksr-star\" style=\"padding-right: 5px\">               <div class=\"kksr-icon\" style=\"width: 24px; height: 24px;\"><\/div>         <\/div>             <div class=\"kksr-star\" style=\"padding-right: 5px\">               <div class=\"kksr-icon\" style=\"width: 24px; height: 24px;\"><\/div>         <\/div>             <div class=\"kksr-star\" style=\"padding-right: 5px\">               <div class=\"kksr-icon\" style=\"width: 24px; height: 24px;\"><\/div>         <\/div>             <div class=\"kksr-star\" style=\"padding-right: 5px\">               <div class=\"kksr-icon\" style=\"width: 24px; height: 24px;\"><\/div>         <\/div>     <\/div> <\/div>                   <div class=\"kksr-legend\" style=\"font-size: 19.2px;\">             4,6\/5 - (20 votos)    <\/div>     <\/div>  <p class=\"translation-block\"><strong>A m\u00e1quina de enchimento de pasta<\/strong> \u00e9 projetada e fabricada para manusear v\u00e1rios produtos em pasta, como pur\u00ea de tomate, pasta de dente, mel, molho, ketchup, desinfetante para as m\u00e3os, etc. Ela tem um tamanho pequeno. Al\u00e9m disso, com uma estrutura simples e um bom design, uma <strong>m\u00e1quina de enchimento de pasta semi-autom\u00e1tica<\/strong> \u00e9 muito f\u00e1cil de operar e manter. Al\u00e9m disso, baixo custo e grandes caracter\u00edsticas de desempenho beneficiar\u00e3o muito seu projeto. Como um fabricante e fornecedor l\u00edder de m\u00e1quinas de enchimento, fornecemos m\u00e1quinas de enchimento de pasta padr\u00e3o e personalizadas para venda. Tamb\u00e9m fornecemos v\u00e1rios equipamentos de apoio para atender \u00e0s suas necessidades, como desmisturador de garrafas, m\u00e1quina de tampagem, m\u00e1quina de selagem, m\u00e1quina de rotulagem, m\u00e1quina de codifica\u00e7\u00e3o, etc. Envie uma mensagem para iniciar seu neg\u00f3cio de sucesso. <\/p>   <figure class=\"wp-block-embed-youtube wp-block-embed is-type-video is-provider-youtube wp-embed-aspect-16-9 wp-has-aspect-ratio\"><div class=\"lyte-wrapper fourthree\" title=\"M\u00e1quina envasadora semiautom\u00e1tica de manteiga de amendoim | M\u00e1quina de enchimento de pasta manual\" style=\"width:960px;max-width:100%;margin:5px auto;\"><div class=\"lyMe hidef\" id=\"WYL_yt5JE0PnNjo\" itemprop=\"video\" itemscope itemtype=\"https:\/\/schema.org\/VideoObject\"><div><meta itemprop=\"thumbnailUrl\" content=\"https:\/\/taizypackaging.com\/wp-content\/plugins\/wp-youtube-lyte\/lyteCache.php?origThumbUrl=https%3A%2F%2Fi.ytimg.com%2Fvi%2Fyt5JE0PnNjo%2Fhqdefault.jpg\" \/><meta itemprop=\"embedURL\" content=\"https:\/\/www.youtube.com\/embed\/yt5JE0PnNjo\" \/><meta itemprop=\"duration\" content=\"PT1M11S\" \/><meta itemprop=\"uploadDate\" content=\"2021-06-11T10:06:47Z\" \/><\/div><meta itemprop=\"accessibilityFeature\" content=\"captions\" \/><div id=\"lyte_yt5JE0PnNjo\" data-src=\"https:\/\/taizypackaging.com\/wp-content\/plugins\/wp-youtube-lyte\/lyteCache.php?origThumbUrl=https%3A%2F%2Fi.ytimg.com%2Fvi%2Fyt5JE0PnNjo%2Fhqdefault.jpg\" class=\"pL\"><div class=\"tC\"><div class=\"tT\" itemprop=\"name\">M\u00e1quina envasadora semiautom\u00e1tica de manteiga de amendoim | M\u00e1quina de enchimento de pasta manual<\/div><\/div><div class=\"play\"><\/div><div class=\"ctrl\"><div class=\"Lctrl\"><\/div><div class=\"Rctrl\"><\/div><\/div><\/div><noscript><a href=\"https:\/\/youtu.be\/yt5JE0PnNjo\" rel=\"nofollow noopener\" target=\"_blank\"><img loading=\"lazy\" decoding=\"async\" src=\"https:\/\/taizypackaging.com\/wp-content\/plugins\/wp-youtube-lyte\/lyteCache.php?origThumbUrl=https%3A%2F%2Fi.ytimg.com%2Fvi%2Fyt5JE0PnNjo%2F0.jpg\" alt=\"M\u00e1quina envasadora semiautom\u00e1tica de manteiga de amendoim | M\u00e1quina de enchimento de pasta manual\" width=\"960\" height=\"700\" \/><br \/>Assista a este v\u00eddeo no YouTube<\/a><\/noscript><meta itemprop=\"description\" content=\"Whatsapp\/Wechat\/Tel:+86 19139754781 Website: https:\/\/taizypackaging.com\/semi-automatic-paste-filling-machine\/ The semi-automatic paste filling machine has a perfect function for filling various kinds of paste. It can fill paste in bags or bottles efficiently. It is suitable for filling tomato paste, peanut butter, miso, gelatin. shampoo, cosmetics, cleaning products, detergents, sauces, etc. Website: https:\/\/taizypackaging.com\/semi-automatic-paste-filling-machine\/ Whatsapp\/Wechat\/Tel:+86 19139754781 Welcome to contact me for more details.\"><\/div><\/div><div class=\"lL\" style=\"max-width:100%;width:960px;margin:5px auto;\"><\/div><figcaption><\/figcaption><\/figure>   <h2 class=\"wp-block-heading\" id=\"what-is-a-paste-flling-machine\">O que \u00e9 uma m\u00e1quina de envase de pasta? <\/h2>    <p>A m\u00e1quina envasadora de pasta semiautom\u00e1tica \u00e9 adequada para envasar todos os tipos de pastas. \u00c9 uma pequena m\u00e1quina de envase. Voc\u00ea pode usar uma garrafa ou saco para segurar a pasta. A precis\u00e3o de enchimento atinge \u00b11%. Ao encher, a cabe\u00e7a de enchimento \u00e9 estendida para dentro da garrafa para evitar que o l\u00edquido respingue, e o bico de enchimento aumenta gradualmente com o n\u00edvel do l\u00edquido. Al\u00e9m disso, a cabe\u00e7a de enchimento possui um dispositivo de travamento especial para evitar que o bico de enchimento goteje ap\u00f3s o enchimento. Este m\u00e9todo de enchimento \u00e9 muito adequado para o enchimento de pasta por pequenas e m\u00e9dias empresas. Seja pelo pre\u00e7o ou pela fun\u00e7\u00e3o, \u00e9 sempre a melhor escolha.<\/p>    <h2 class=\"wp-block-heading\" id=\"h-application-field-of-semi-automatic-paste-packaging-machine\">Amplas aplica\u00e7\u00f5es de m\u00e1quina de enchimento de pasta manual<\/h2>    <p>A m\u00e1quina envasadora de pasta manual \u00e9 aplicada principalmente em ind\u00fastrias aliment\u00edcias, qu\u00edmicas di\u00e1rias, medicinais e especiais. Pode ser usado para manusear mel, manteiga, pasta de dente, pasta de tomate, molho de pimenta, manteiga de amendoim, xampu, desinfetante para as m\u00e3os, molho de alho, cremes, detergentes, condicionadores de cabelo, cola, cosm\u00e9ticos e outras pastas. Tanto o volume de enchimento como a velocidade de enchimento s\u00e3o ajust\u00e1veis. Esta m\u00e1quina \u00e9 semiautom\u00e1tica e precisa coletar manualmente a pasta na sa\u00edda junto com os sacos, garrafas ou latas. Todo o processo \u00e9 f\u00e1cil de operar e a velocidade de enchimento da m\u00e1quina tamb\u00e9m \u00e9 muito r\u00e1pida e precisa.<\/p>    <figure class=\"wp-block-image size-full\"><img decoding=\"async\" src=\"https:\/\/taizypackaging.com\/wp-content\/uploads\/2021\/05\/paste-filling-machine-applications.jpg\" alt=\"aplica\u00e7\u00f5es de m\u00e1quinas de enchimento de pasta\" class=\"wp-image-4052\"\/><figcaption class=\"wp-element-caption\">aplica\u00e7\u00f5es de m\u00e1quinas de enchimento de pasta<\/figcaption><\/figure>    <h2 class=\"wp-block-heading\" id=\"h-working-process-of-semi-automatic-paste-filling-machine\">Processo de trabalho da m\u00e1quina de enchimento manual de pasta<\/h2>    <p>Primeiramente, o material precisa ser colocado na tremonha. Em segundo lugar, voc\u00ea precisa ajustar o cilindro para definir o volume de enchimento necess\u00e1rio. Em terceiro lugar, defina a velocidade de enchimento da pasta e comece a encher. Ao preencher a pasta, voc\u00ea pode optar por concluir o pr\u00f3ximo preenchimento pelo bot\u00e3o manual ap\u00f3s preencher um produto. Voc\u00ea tamb\u00e9m pode definir a velocidade de enchimento e ligar o interruptor. E a m\u00e1quina completar\u00e1 automaticamente o pr\u00f3ximo enchimento.<\/p>    <h2 class=\"wp-block-heading\" id=\"h-machine-details-display-and-introduction\">Exibi\u00e7\u00e3o e introdu\u00e7\u00e3o de detalhes da m\u00e1quina<\/h2>    <ol class=\"wp-block-list\"> <li><strong>Estrutura de a\u00e7o inoxid\u00e1vel<\/strong> <br>A m\u00e1quina de envase de l\u00edquidos semiautom\u00e1tica e a parte de contato do material adotam uma estrutura de a\u00e7o inoxid\u00e1vel 304. Este material est\u00e1 em conformidade com os padr\u00f5es GMP.<\/li>    <li><strong>Funil de grande capacidade<\/strong><br>A tremonha permite que a m\u00e1quina de envase funcione de forma cont\u00ednua e eficiente. \u00c9 feito de a\u00e7o inoxid\u00e1vel de qualidade alimentar. A tremonha funciona bem com a m\u00e1quina de envase de pasta manual, diferente de <a rel=\"noreferrer noopener\" href=\"https:\/\/taizypackaging.com\/pt\/fully-automatic-paste-filling-machine-for-100-5000ml\/\" target=\"_blank\">m\u00e1quina de enchimento de pasta totalmente autom\u00e1tica<\/a>.<\/li>    <li><strong>Bocal anti-gotejamento e v\u00e1lvula rotativa <\/strong><br>O bocal de sa\u00edda \u00e9 \u00e0 prova de gotejamento. Este dispositivo \u00e9 f\u00e1cil de desmontar e substituir. A v\u00e1lvula rotativa controla o processo de transfer\u00eancia da pasta. N\u00e3o \u00e9 f\u00e1cil ficar entupido e n\u00e3o escorre.<\/li>    <li><strong>Cilindro<\/strong> <br>O cilindro tem forte pot\u00eancia e press\u00e3o de ar est\u00e1vel, o que pode suportar bem o processo de enchimento. Voc\u00ea pode ajustar o bot\u00e3o para controlar a velocidade de trabalho e a velocidade de enchimento do cilindro de g\u00e1s.<\/li>    <li><strong>Medidor de press\u00e3o de ar avan\u00e7ado e manopla rotativa <br><\/strong>Um man\u00f4metro de ar \u00e9 usado para monitorar com precis\u00e3o as mudan\u00e7as na press\u00e3o do ar. O volume de enchimento pode ser ajustado girando a al\u00e7a.<\/li> <\/ol>    <figure class=\"wp-block-image size-large\"><img loading=\"lazy\" decoding=\"async\" width=\"1024\" height=\"512\" src=\"https:\/\/taizypackaging.com\/wp-content\/uploads\/2021\/05\/structure-of-the-semi-automatic-paste-filling-machine-1-1024x512.jpg\" alt=\"estrutura da m\u00e1quina envasadora de pasta semiautom\u00e1tica\" class=\"wp-image-2020\" srcset=\"https:\/\/taizypackaging.com\/wp-content\/uploads\/2021\/05\/structure-of-the-semi-automatic-paste-filling-machine-1-1024x512.jpg 1024w, https:\/\/taizypackaging.com\/wp-content\/uploads\/2021\/05\/structure-of-the-semi-automatic-paste-filling-machine-1-300x150.jpg 300w, https:\/\/taizypackaging.com\/wp-content\/uploads\/2021\/05\/structure-of-the-semi-automatic-paste-filling-machine-1-768x384.jpg 768w, https:\/\/taizypackaging.com\/wp-content\/uploads\/2021\/05\/structure-of-the-semi-automatic-paste-filling-machine-1.jpg 1080w\" sizes=\"auto, (max-width: 1024px) 100vw, 1024px\" \/><figcaption class=\"wp-element-caption\">estrutura da m\u00e1quina envasadora de pasta semiautom\u00e1tica<\/figcaption><\/figure>    <h2 class=\"wp-block-heading\" id=\"h-technical-parameters-of-the-filling-machine\">Par\u00e2metros t\u00e9cnicos da m\u00e1quina de envase quantitativa de pasta<\/h2>    <p>(Tome o Modo 500, por exemplo, e outros par\u00e2metros s\u00e3o os mesmos)<\/p>    <figure class=\"wp-block-table is-style-stripes\"><table><tbody><tr><td>modelo<\/td><td>500 (8 modelos no total)<\/td><\/tr><tr><td>Material de enchimento<\/td><td>Colar<\/td><\/tr><tr><td>Faixa de enchimento<\/td><td>50-500ML (8 faixas no total)<\/td><\/tr><tr><td>Equipado com press\u00e3o de ar<\/td><td>0,4-0,6MPa<\/td><\/tr><tr><td>escopo de toler\u00e2ncia |<\/td><td>0.50%<\/td><\/tr><tr><td>Cabe\u00e7a de enchimento<\/td><td>Solteiro<\/td><\/tr><\/tbody><\/table><\/figure>    <h2 class=\"wp-block-heading\" id=\"h-working-principle-of-semi-automatic-paste-filling-machine\">Princ\u00edpio de funcionamento da m\u00e1quina envasadora de pasta semiautom\u00e1tica<\/h2>    <p>A m\u00e1quina envasadora de pasta semiautom\u00e1tica \u00e9 uma m\u00e1quina envasadora autom\u00e1tica de pist\u00e3o. Ele usa o princ\u00edpio de tr\u00eas vias de um pist\u00e3o e uma v\u00e1lvula rotativa acionada por um cilindro para extrair e ejetar materiais de alta concentra\u00e7\u00e3o. A m\u00e1quina envasadora de pasta semiautom\u00e1tica usa um interruptor magn\u00e9tico para controlar o curso do cilindro e ajustar o volume de enchimento.<br>A velocidade de enchimento da m\u00e1quina de enchimento de pasta pode ser obtida ajustando a v\u00e1lvula borboleta.<\/p>    <figure class=\"wp-block-image size-large\"><img loading=\"lazy\" decoding=\"async\" width=\"1024\" height=\"381\" src=\"https:\/\/taizypackaging.com\/wp-content\/uploads\/2021\/05\/machine-details-1024x381.jpg\" alt=\"colar detalhes da m\u00e1quina de enchimento\" class=\"wp-image-2023\" srcset=\"https:\/\/taizypackaging.com\/wp-content\/uploads\/2021\/05\/machine-details-1024x381.jpg 1024w, https:\/\/taizypackaging.com\/wp-content\/uploads\/2021\/05\/machine-details-300x112.jpg 300w, https:\/\/taizypackaging.com\/wp-content\/uploads\/2021\/05\/machine-details-768x286.jpg 768w, https:\/\/taizypackaging.com\/wp-content\/uploads\/2021\/05\/machine-details-jpg.webp 1080w\" sizes=\"auto, (max-width: 1024px) 100vw, 1024px\" \/><figcaption class=\"wp-element-caption\">colar detalhes da m\u00e1quina de enchimento<\/figcaption><\/figure>    <h2 class=\"wp-block-heading\" id=\"h-advantages-of-semi-automatic-paste-filling-machine\">Vantagens not\u00e1veis \u200b\u200bda m\u00e1quina de enchimento de pasta<\/h2>    <p>1. Devido ao controle pneum\u00e1tico e ao posicionamento mec\u00e2nico, a precis\u00e3o do enchimento \u00e9 alta. A precis\u00e3o de enchimento pode chegar a + -1%.<br>2. Estrutura simples e bom design, f\u00e1cil de operar e manter.<br>3. Com opera\u00e7\u00e3o manual e pneum\u00e1tica.<br>4. Use componentes pneum\u00e1ticos e de alta qualidade.<br>5. F\u00e1cil de desmontar e instalar, f\u00e1cil de limpar.<\/p>    <h2 class=\"wp-block-heading\" id=\"h-factors-affecting-the-work-of-semi-automatic-paste-filling-machine\">Fatores que afetam o desempenho da m\u00e1quina envasadora de pasta semiautom\u00e1tica<\/h2>    <ol class=\"wp-block-list\"> <li>A precis\u00e3o de enchimento da m\u00e1quina envasadora de pasta semiautom\u00e1tica \u00e9 afetada por muitos fatores. A influ\u00eancia da estabilidade da press\u00e3o do ar, uniformidade do material, velocidade de enchimento, etc.<\/li>    <li>A velocidade de enchimento da m\u00e1quina envasadora de pasta semiautom\u00e1tica ser\u00e1 afetada pela viscosidade do material, pelo curso do cilindro, pelo tamanho do bico de enchimento e pela profici\u00eancia do operador.<\/li>    <li>Esta m\u00e1quina possui dois m\u00e9todos de enchimento: pedal e autom\u00e1tico. Os dois m\u00e9todos de enchimento podem ser alternados \u00e0 vontade.<\/li>    <li>A v\u00e1lvula rotativa usada nesta m\u00e1quina \u00e9 de material tetrafluoroetileno resistente ao desgaste, resistente a \u00e1cidos e a altas temperaturas.<\/li>    <li>N\u00e3o bata ou colida \u00e0 vontade durante a limpeza. Se a opera\u00e7\u00e3o for inadequada, afetar\u00e1 a vida \u00fatil da m\u00e1quina.<\/li> <\/ol>    <figure class=\"wp-block-image size-full\"><img decoding=\"async\" src=\"https:\/\/taizypackaging.com\/wp-content\/uploads\/2021\/05\/paste-filling-machine-factory.jpg\" alt=\"f\u00e1brica de m\u00e1quinas de enchimento de pasta\" class=\"wp-image-3638\"\/><figcaption class=\"wp-element-caption\">f\u00e1brica de m\u00e1quinas de enchimento de pasta<\/figcaption><\/figure>    <h2 class=\"wp-block-heading\" id=\"h-filling-volume-range-and-method-of-adjustment\">Faixa de volume de enchimento e m\u00e9todo de ajuste<\/h2>    <p class=\"translation-block\">Existem 8 modos de m\u00e1quinas de enchimento de pasta no total na empresa <a href=\"https:\/\/taizypackaging.com\/pt\/\">Taizy Packaging Machinery<\/a>. Seus par\u00e2metros t\u00e9cnicos detalhados est\u00e3o na \u00faltima parte deste texto. A faixa de volume de enchimento \u00e9 a seguinte.<\/p>    <h3 class=\"wp-block-heading\" id=\"h-filling-volume-range\">Preenchendo dados de faixa de volume<\/h3>    <figure class=\"wp-block-table\"><table><tbody><tr><td>Modo50<\/td><td>5-50ML &nbsp;&nbsp;&nbsp;&nbsp;&nbsp;&nbsp;&nbsp;<\/td><\/tr><tr><td>Modo100<\/td><td>10-100ML<\/td><\/tr><tr><td>Modo300<\/td><td>30-300ML<\/td><\/tr><tr><td>Modo500<\/td><td>50-500ML<\/td><\/tr><tr><td>Modo1000<\/td><td>100-1000ML<\/td><\/tr><tr><td>Modo2500<\/td><td>250-2500ML<\/td><\/tr><tr><td>Modo3000<\/td><td>300-3000ML<\/td><\/tr><tr><td>Modo5000<\/td><td>500-5000ML<\/td><\/tr><\/tbody><\/table><\/figure>    <figure class=\"wp-block-image size-large\"><img loading=\"lazy\" decoding=\"async\" width=\"720\" height=\"540\" src=\"https:\/\/taizypackaging.com\/wp-content\/uploads\/2021\/05\/different-models.jpg\" alt=\"modelos diferentes\" class=\"wp-image-2019\" srcset=\"https:\/\/taizypackaging.com\/wp-content\/uploads\/2021\/05\/different-models.jpg 720w, https:\/\/taizypackaging.com\/wp-content\/uploads\/2021\/05\/different-models-300x225.jpg 300w\" sizes=\"auto, (max-width: 720px) 100vw, 720px\" \/><figcaption class=\"wp-element-caption\">modelos diferentes<\/figcaption><\/figure>    <h3 class=\"wp-block-heading\" id=\"h-method-of-adjustment\">M\u00e9todo de ajuste<\/h3>    <p>Voc\u00ea precisa definir o volume da pasta de acordo com a escala da bomba de pasta. Voc\u00ea pode usar uma balan\u00e7a eletr\u00f4nica para verificar se o peso definido est\u00e1 correto. Como a densidade da pasta \u00e9 diferente, \u00e9 necess\u00e1rio ajust\u00e1-la de acordo com o peso da pasta que deseja embalar. Caso a embalagem utilize contagem de volume, basta ajustar diretamente a escala da bomba de pasta.<\/p>    <h2 class=\"wp-block-heading\" id=\"h-two-types-of-hopper\">Dois tipos de funil de equipamento de enchimento de pasta<\/h2>    <h3 class=\"wp-block-heading\" id=\"h-vertical-hopper\"> Tremonha vertical<\/h3>    <p>O funil em forma de cone \u00e9 adequado para embalar todos os tipos de pastas. Caso necessite embalar pasta com gr\u00e2nulos, configuraremos um misturador para a tremonha da m\u00e1quina. Isso pode deixar o recheio da pasta mais uniforme.<\/p>    <figure class=\"wp-block-image size-large\"><img decoding=\"async\" src=\"https:\/\/taizypackaging.com\/wp-content\/uploads\/2021\/05\/cone-hopper.jpg\" alt=\"funil de cone\" class=\"wp-image-2016\"\/><figcaption class=\"wp-element-caption\">funil de cone<\/figcaption><\/figure>    <h3 class=\"wp-block-heading\" id=\"h-u-shaped-hopper\">Funil em forma de U<\/h3>    <p>A tremonha em forma de U \u00e9 mais adequada para embalagens com pasta granular. Devido ao volume e formato da tremonha em forma de U, a pasta com part\u00edculas pode ser misturada de maneira mais uniforme. Este tipo de funil pode efetivamente evitar a deposi\u00e7\u00e3o de part\u00edculas e o enchimento irregular da pasta.<\/p>    <figure class=\"wp-block-image size-large\"><img decoding=\"async\" src=\"https:\/\/taizypackaging.com\/wp-content\/uploads\/2021\/05\/U-shaped-hopper.jpg\" alt=\"Funil em forma de U\" class=\"wp-image-2017\"\/><figcaption class=\"wp-element-caption\">Funil em forma de U<\/figcaption><\/figure>    <h2 class=\"wp-block-heading\" id=\"h-q-a\">Perguntas e respostas sobre o enchimento manual de pasta Taizy <\/h2>    <ol class=\"wp-block-list\"> <li>Como ajustar a velocidade de enchimento?<br>Voc\u00ea pode ajustar o bot\u00e3o para controlar a velocidade de enchimento do cilindro de g\u00e1s.<\/li>    <li>A pasta com part\u00edculas pode ser embalada?<br>Sim. Equiparemos a m\u00e1quina com um agitador. Pode impedir o ac\u00famulo de material e a precipita\u00e7\u00e3o.<\/li>    <li>Como limpar a m\u00e1quina de envase de pasta?<br>Limpe a m\u00e1quina de enchimento com \u00e1gua. N\u00e3o h\u00e1 necessidade de desmontar o dispositivo. Caso encontre algum problema durante a limpeza, voc\u00ea pode entrar em contato com nossos t\u00e9cnicos a qualquer momento.<\/li>    <li>Os materiais armazenados no cilindro da m\u00e1quina de envase ser\u00e3o danificados?<br>N\u00e3o. O material entra na m\u00e1quina de envase e fica em ambiente de v\u00e1cuo. N\u00e3o est\u00e1 em contato com o ar, por isso n\u00e3o se quebra.<\/li>    <li>Como ajustar o volume de enchimento?<br>O volume de enchimento pode ser ajustado girando a al\u00e7a.<\/li> <\/ol>","protected":false},"excerpt":{"rendered":"<p>Paste filling machine is designed and manufactured for handling various paste products, such as tomato paste, toothpaste, honey, sauce, ketchup, hand sanitizer, etc. It has a small size. Besides, with a simple structure and good design, a semi automatic paste filling machine is very easy to operate and maintain. Moreover, low cost and great performance [&hellip;]<\/p>\n","protected":false},"author":1,"featured_media":2013,"parent":0,"template":"","tags":[579,581,580],"product-type":[662],"class_list":["post-2003","product","type-product","status-publish","has-post-thumbnail","hentry","tag-paste-filling-machine","tag-tomato-paste-filling-machine","tag-toothpaste-filling-machine","product-type-paste-packing-machines"],"_links":{"self":[{"href":"https:\/\/taizypackaging.com\/pt\/wp-json\/wp\/v2\/product\/2003","targetHints":{"allow":["GET"]}}],"collection":[{"href":"https:\/\/taizypackaging.com\/pt\/wp-json\/wp\/v2\/product"}],"about":[{"href":"https:\/\/taizypackaging.com\/pt\/wp-json\/wp\/v2\/types\/product"}],"author":[{"embeddable":true,"href":"https:\/\/taizypackaging.com\/pt\/wp-json\/wp\/v2\/users\/1"}],"wp:featuredmedia":[{"embeddable":true,"href":"https:\/\/taizypackaging.com\/pt\/wp-json\/wp\/v2\/media\/2013"}],"wp:attachment":[{"href":"https:\/\/taizypackaging.com\/pt\/wp-json\/wp\/v2\/media?parent=2003"}],"wp:term":[{"taxonomy":"post_tag","embeddable":true,"href":"https:\/\/taizypackaging.com\/pt\/wp-json\/wp\/v2\/tags?post=2003"},{"taxonomy":"product-type","embeddable":true,"href":"https:\/\/taizypackaging.com\/pt\/wp-json\/wp\/v2\/product-type?post=2003"}],"curies":[{"name":"wp","href":"https:\/\/api.w.org\/{rel}","templated":true}]}}