{"id":2053,"date":"2021-06-05T08:02:24","date_gmt":"2021-06-05T08:02:24","guid":{"rendered":"https:\/\/taizypackaging.com\/?p=2053"},"modified":"2024-07-16T17:54:44","modified_gmt":"2024-07-16T09:54:44","slug":"fully-automatic-paste-filling-machine-for-100-5000ml","status":"publish","type":"product","link":"https:\/\/taizypackaging.com\/pt\/fully-automatic-paste-filling-machine-for-100-5000ml\/","title":{"rendered":"M\u00e1quina autom\u00e1tica de enchimento de pasta"},"content":{"rendered":"<div class=\"kk-star-ratings kksr-auto kksr-align-left kksr-valign-top\"     data-payload='{&quot;align&quot;:&quot;left&quot;,&quot;id&quot;:&quot;2053&quot;,&quot;slug&quot;:&quot;default&quot;,&quot;valign&quot;:&quot;top&quot;,&quot;ignore&quot;:&quot;&quot;,&quot;reference&quot;:&quot;auto&quot;,&quot;class&quot;:&quot;&quot;,&quot;count&quot;:&quot;15&quot;,&quot;legendonly&quot;:&quot;&quot;,&quot;readonly&quot;:&quot;&quot;,&quot;score&quot;:&quot;4.9&quot;,&quot;starsonly&quot;:&quot;&quot;,&quot;best&quot;:&quot;5&quot;,&quot;gap&quot;:&quot;5&quot;,&quot;greet&quot;:&quot;Rate this product&quot;,&quot;legend&quot;:&quot;4.9\\\/5 - (15 votes)&quot;,&quot;size&quot;:&quot;24&quot;,&quot;title&quot;:&quot;Automatic Paste Filling Machine&quot;,&quot;width&quot;:&quot;139.6&quot;,&quot;_legend&quot;:&quot;{score}\\\/{best} - ({count} {votes})&quot;,&quot;font_factor&quot;:&quot;1.25&quot;}'>              <div class=\"kksr-stars\">      <div class=\"kksr-stars-inactive\">             <div class=\"kksr-star\" data-star=\"1\" style=\"padding-right: 5px\">               <div class=\"kksr-icon\" style=\"width: 24px; height: 24px;\"><\/div>         <\/div>             <div class=\"kksr-star\" data-star=\"2\" style=\"padding-right: 5px\">               <div class=\"kksr-icon\" style=\"width: 24px; height: 24px;\"><\/div>         <\/div>             <div class=\"kksr-star\" data-star=\"3\" style=\"padding-right: 5px\">               <div class=\"kksr-icon\" style=\"width: 24px; height: 24px;\"><\/div>         <\/div>             <div class=\"kksr-star\" data-star=\"4\" style=\"padding-right: 5px\">               <div class=\"kksr-icon\" style=\"width: 24px; height: 24px;\"><\/div>         <\/div>             <div class=\"kksr-star\" data-star=\"5\" style=\"padding-right: 5px\">               <div class=\"kksr-icon\" style=\"width: 24px; height: 24px;\"><\/div>         <\/div>     <\/div>      <div class=\"kksr-stars-active\" style=\"width: 139.6px;\">             <div class=\"kksr-star\" style=\"padding-right: 5px\">               <div class=\"kksr-icon\" style=\"width: 24px; height: 24px;\"><\/div>         <\/div>             <div class=\"kksr-star\" style=\"padding-right: 5px\">               <div class=\"kksr-icon\" style=\"width: 24px; height: 24px;\"><\/div>         <\/div>             <div class=\"kksr-star\" style=\"padding-right: 5px\">               <div class=\"kksr-icon\" style=\"width: 24px; height: 24px;\"><\/div>         <\/div>             <div class=\"kksr-star\" style=\"padding-right: 5px\">               <div class=\"kksr-icon\" style=\"width: 24px; height: 24px;\"><\/div>         <\/div>             <div class=\"kksr-star\" style=\"padding-right: 5px\">               <div class=\"kksr-icon\" style=\"width: 24px; height: 24px;\"><\/div>         <\/div>     <\/div> <\/div>                   <div class=\"kksr-legend\" style=\"font-size: 19.2px;\">             4,9\/5 - (15 votos)    <\/div>     <\/div>  <p class=\"translation-block\"><strong>M\u00e1quina autom\u00e1tica de enchimento de pasta<\/strong> aqui \u00e9 um tipo de m\u00e1quina de enchimento de garrafas. A largura e altura do transportador podem ser ajustadas para se adequar a v\u00e1rias garrafas. Esta <strong>m\u00e1quina de enchimento de pasta<\/strong> \u00e9 adequada para embalagem de creme, pasta de curry, pasta de pimenta, pasta alimentar, pasta de gengibre, pasta de lim\u00e3o, pasta de tomate, molho, etc. Al\u00e9m disso, esta m\u00e1quina pode ser equipada com um embaralhador de garrafas, m\u00e1quina de tampagem e m\u00e1quina de etiquetagem para formar uma linha de enchimento de pasta totalmente autom\u00e1tica. Como um fabricante e fornecedor l\u00edder de equipamentos de enchimento de pasta na China, a Taizy Packaging Machinery tem rica experi\u00eancia e forte capacidade. Bem-vindo a entrar em contato conosco para o melhor <strong>pre\u00e7o da m\u00e1quina de enchimento de pasta<\/strong>. <\/p>   <figure class=\"wp-block-embed-youtube wp-block-embed is-type-video is-provider-youtube wp-embed-aspect-16-9 wp-has-aspect-ratio\"><div class=\"lyte-wrapper fourthree\" title=\"M\u00e1quina autom\u00e1tica de enchimento de pasta para enchimento de pasta de tomate, mel, manteiga, molho de pimenta\" style=\"width:960px;max-width:100%;margin:5px auto;\"><div class=\"lyMe hidef\" id=\"WYL_EwhasMp_vJI\" itemprop=\"video\" itemscope itemtype=\"https:\/\/schema.org\/VideoObject\"><div><meta itemprop=\"thumbnailUrl\" content=\"https:\/\/taizypackaging.com\/wp-content\/plugins\/wp-youtube-lyte\/lyteCache.php?origThumbUrl=https%3A%2F%2Fi.ytimg.com%2Fvi%2FEwhasMp_vJI%2Fhqdefault.jpg\" \/><meta itemprop=\"embedURL\" content=\"https:\/\/www.youtube.com\/embed\/EwhasMp_vJI\" \/><meta itemprop=\"duration\" content=\"PT2M13S\" \/><meta itemprop=\"uploadDate\" content=\"2021-06-15T02:32:56Z\" \/><\/div><meta itemprop=\"accessibilityFeature\" content=\"captions\" \/><div id=\"lyte_EwhasMp_vJI\" data-src=\"https:\/\/taizypackaging.com\/wp-content\/plugins\/wp-youtube-lyte\/lyteCache.php?origThumbUrl=https%3A%2F%2Fi.ytimg.com%2Fvi%2FEwhasMp_vJI%2Fhqdefault.jpg\" class=\"pL\"><div class=\"tC\"><div class=\"tT\" itemprop=\"name\">M\u00e1quina autom\u00e1tica de enchimento de pasta para enchimento de pasta de tomate, mel, manteiga, molho de pimenta<\/div><\/div><div class=\"play\"><\/div><div class=\"ctrl\"><div class=\"Lctrl\"><\/div><div class=\"Rctrl\"><\/div><\/div><\/div><noscript><a href=\"https:\/\/youtu.be\/EwhasMp_vJI\" rel=\"nofollow noopener\" target=\"_blank\"><img loading=\"lazy\" decoding=\"async\" src=\"https:\/\/taizypackaging.com\/wp-content\/plugins\/wp-youtube-lyte\/lyteCache.php?origThumbUrl=https%3A%2F%2Fi.ytimg.com%2Fvi%2FEwhasMp_vJI%2F0.jpg\" alt=\"M\u00e1quina autom\u00e1tica de enchimento de pasta para enchimento de pasta de tomate, mel, manteiga, molho de pimenta\" width=\"960\" height=\"700\" \/><br \/>Assista a este v\u00eddeo no YouTube<\/a><\/noscript><meta itemprop=\"description\" content=\"Website: https:\/\/taizypackaging.com\/fully-automatic-paste-filling-machine-for-100-5000ml\/ Whatsapp\/Wechat\/Tel:+86 19139754781 The automatic paste filling machine can complete all kinds of paste filling. The machine adopts multiple filling heads, such as a 4-head automatic filling machine, 6-head automatic filling machine, etc. The number of filling heads is customizable. This can effectively increase the filling speed of the machine. The fully automatic paste filling machine can save a lot of human resource costs. At the same time, the filling accuracy is high. Safe and hygienic filling products are welcomed by people. It can be filled with various pastes. For example sauce, jam, butter, salad dressing, ketchup, chili sauce, honey, and other viscous liquids or other materials. The machine can be customized according to customer needs. Website: https:\/\/taizypackaging.com\/fully-automatic-paste-filling-machine-for-100-5000ml\/ Whatsapp\/Wechat\/Tel:+86 19139754781\"><\/div><\/div><div class=\"lL\" style=\"max-width:100%;width:960px;margin:5px auto;\"><\/div><figcaption><\/figcaption><\/figure>   <h2 class=\"wp-block-heading\" id=\"h-a-brief-introduction-of-fully-automatic-paste-filling-machine\">Introdu\u00e7\u00e3o da\u00a0m\u00e1quina autom\u00e1tica de envase de pasta<\/h2>    <p>A m\u00e1quina autom\u00e1tica de envase de pasta pode concluir todos os tipos de envase de pasta. A m\u00e1quina adota v\u00e1rias cabe\u00e7as de enchimento, como uma m\u00e1quina de enchimento autom\u00e1tica de 4 cabe\u00e7as, uma m\u00e1quina de enchimento autom\u00e1tica de 6 cabe\u00e7as, etc. Isso pode aumentar muito a velocidade de enchimento da m\u00e1quina. A\u00a0m\u00e1quina de envase de pasta totalmente autom\u00e1tica\u00a0pode economizar muitos custos de m\u00e3o de obra. Ao mesmo tempo, a precis\u00e3o do enchimento \u00e9 alta. Produtos de enchimento seguros e higi\u00eanicos s\u00e3o bem recebidos pelas pessoas. Al\u00e9m disso, oferecemos suporte a servi\u00e7os personalizados para atender \u00e0s suas necessidades espec\u00edficas. <\/p>    <figure class=\"wp-block-image size-full\"><img decoding=\"async\" src=\"https:\/\/taizypackaging.com\/wp-content\/uploads\/2021\/06\/automatic-paste-filling-machine-3.jpg\" alt=\"m\u00e1quina de enchimento autom\u00e1tica de pasta\" class=\"wp-image-3676\"\/><figcaption class=\"wp-element-caption\">m\u00e1quina de enchimento autom\u00e1tica de pasta<\/figcaption><\/figure>    <h2 class=\"wp-block-heading\" id=\"h-application-field-of-quantitative-paste-filling-machine\">Aplica\u00e7\u00f5es da m\u00e1quina de enchimento de pasta quantitativa<\/h2>    <p>A\u00a0m\u00e1quina de envase quantitativa de pasta\u00a0tem uma ampla gama de aplica\u00e7\u00f5es e \u00e9 adequada para os requisitos de envase de produtos industriais de pequeno e m\u00e9dio porte. As m\u00e1quinas de envase de pasta t\u00eam amplas aplica\u00e7\u00f5es nas ind\u00fastrias aliment\u00edcia, qu\u00edmica, cosm\u00e9tica e farmac\u00eautica, como pasta de tomate, molho, mel, manteiga, molho de pimenta, pasta de gergelim, pasta de carne bovina, manteiga de amendoim, detergente, desinfetante para as m\u00e3os, condicionador de cabelo, cosm\u00e9ticos, cola, xampu, etc. E m\u00e1quina de envase de pasta de tomate, m\u00e1quina de envase de pasta de dente, m\u00e1quina de envase de pasta de creme, m\u00e1quina de envase de pasta de pimenta e outras m\u00e1quinas de envase de molho s\u00e3o muito comumente usadas.\u00a0Esta m\u00e1quina pode preench\u00ea-los automaticamente.<\/p>    <figure class=\"wp-block-image size-full\"><img decoding=\"async\" src=\"https:\/\/taizypackaging.com\/wp-content\/uploads\/2021\/06\/paste-filling-machine-applications.jpg\" alt=\"aplica\u00e7\u00f5es de m\u00e1quinas de enchimento de pasta\" class=\"wp-image-4109\"\/><figcaption class=\"wp-element-caption\">aplica\u00e7\u00f5es de m\u00e1quinas de enchimento de pasta<\/figcaption><\/figure>    <h2 class=\"wp-block-heading\" id=\"h-machine-parameters\">Par\u00e2metros da m\u00e1quina de enchimento autom\u00e1tica de pasta Taizy<\/h2>    <figure class=\"wp-block-table is-style-stripes\"><table><tbody><tr><td>Faixa de enchimento<\/td><td>50-1000ml<\/td><\/tr><tr><td>Poder<\/td><td>Regula\u00e7\u00e3o da velocidade de convers\u00e3o de frequ\u00eancia<\/td><\/tr><tr><td>Fonte de energia<\/td><td>220v\/50hz<\/td><\/tr><tr><td>Precis\u00e3o de preenchimento<\/td><td>\u00b11%<\/td><\/tr><tr><td>Velocidade de enchimento<\/td><td>2.000 a 2.400 garrafas\/hora<\/td><\/tr><tr><td>Observa\u00e7\u00e3o<\/td><td>suporte ao servi\u00e7o personalizado<\/td><\/tr><\/tbody><\/table><\/figure>    <h2 class=\"wp-block-heading\" id=\"h-working-principle-of-fully-automatic-paste-filling-machine\">Princ\u00edpio de funcionamento da m\u00e1quina autom\u00e1tica de envase de pasta<\/h2>    <p>A m\u00e1quina de envase autom\u00e1tica de pasta\u00a0\u00e9 uma\u00a0m\u00e1quina de envase de pist\u00e3o. Pode\u00a0encher pastas de diferentes viscosidades. A m\u00e1quina usa um cilindro para empurrar o pist\u00e3o\u00a0e\u00a0componentes pneum\u00e1ticos de alta qualidade. Pode finalizar o enchimento quantitativo da pasta. O material ser\u00e1 bombeado atrav\u00e9s da m\u00e1quina de enchimento de pist\u00e3o alternativo sob a a\u00e7\u00e3o do cilindro. O cilindro do curso de bombeamento \u00e9 ajustado por uma v\u00e1lvula de sinal para ajustar o volume de enchimento necess\u00e1rio para obter um enchimento preciso.<\/p>    <h2 class=\"wp-block-heading\" id=\"h-structure-display-of-paste-filling-machine\">Detalhes da estrutura da m\u00e1quina de enchimento de pasta<\/h2>    <p>A m\u00e1quina autom\u00e1tica de envase de pasta consiste nessas pe\u00e7as, uma tremonha, bicos de enchimento, dispositivo anti-gotejamento, painel de opera\u00e7\u00e3o, transportador, olho el\u00e9trico, bot\u00e3o girat\u00f3rio para ajuste de altura, caixa da m\u00e1quina, etc. \u00e9 muito f\u00e1cil de operar e manter.  Al\u00e9m disso, todas as nossas m\u00e1quinas adotam material de a\u00e7o inoxid\u00e1vel. Portanto, nossa m\u00e1quina envasadora de pasta \u00e9 dur\u00e1vel e tem bom desempenho. Para mais detalhes pode entrar em contato conosco a qualquer momento. <\/p>    <figure class=\"wp-block-image size-large\"><img decoding=\"async\" src=\"https:\/\/taizypackaging.com\/wp-content\/uploads\/2021\/06\/structure-of-automtatic-paste-filling-machine.jpg\" alt=\"estrutura da m\u00e1quina de enchimento de pasta autom\u00e1tica\" class=\"wp-image-2069\"\/><figcaption class=\"wp-element-caption\">estrutura da m\u00e1quina autom\u00e1tica de envase de pasta<\/figcaption><\/figure>    <h2 class=\"wp-block-heading\" id=\"h-machine-details-and-functions-of-each-part\">Fun\u00e7\u00f5es da m\u00e1quina de cada pe\u00e7a<\/h2>    <ol class=\"wp-block-list\"> <li><strong>Tela sens\u00edvel ao toque:<\/strong> A tela sens\u00edvel ao toque do PLC pode ajustar rapidamente os par\u00e2metros da m\u00e1quina<\/li>    <li><strong>Correia transportadora:<\/strong> a largura de banda de alimenta\u00e7\u00e3o e transporte \u00e9 de 101 MM. Garrafas largas podem ser personalizadas com uma correia transportadora de 154 mm<\/li>    <li><strong>V\u00e1lvula reguladora de press\u00e3o:<\/strong> Ele pode ajustar a vaz\u00e3o da pasta para ajustar a velocidade de enlatamento.<\/li>    <li><strong>V\u00e1lvula reguladora:<\/strong> Pode ajustar o curso do cilindro para ajustar o volume de digitaliza\u00e7\u00e3o.<\/li> <\/ol>    <figure class=\"wp-block-image size-large\"><img decoding=\"async\" src=\"https:\/\/taizypackaging.com\/wp-content\/uploads\/2021\/06\/machine-details-1.jpg\" alt=\"detalhes da m\u00e1quina\" class=\"wp-image-2083\"\/><figcaption class=\"wp-element-caption\">detalhes da m\u00e1quina<\/figcaption><\/figure>    <h2 class=\"wp-block-heading\" id=\"h-features-of-automatic-paste-filling-machine\">Caracter\u00edsticas da m\u00e1quina de enchimento autom\u00e1tica de pasta Taizy<\/h2>    <p id=\"h-features-of-automatic-paste-filling-machine\">1. A m\u00e1quina \u00e9 feita de a\u00e7o inoxid\u00e1vel. Al\u00e9m disso, a parte de contato com o material utiliza a\u00e7o inoxid\u00e1vel 304. Este material \u00e9 dur\u00e1vel e est\u00e1 em conformidade com os padr\u00f5es nacionais;<\/p>    <p id=\"h-features-of-automatic-paste-filling-machine\">2. Componentes pneum\u00e1ticos de alta qualidade, desempenho est\u00e1vel;<\/p>    <p>3. O bocal de enchimento adota dispositivos de enchimento anti-gotejamento, anti-desenho e levantamento;<\/p>    <p>4. Tela sens\u00edvel ao toque e opera\u00e7\u00e3o, a depura\u00e7\u00e3o \u00e9 simples e conveniente;<\/p>    <p>5. Princ\u00edpio quantitativo do pist\u00e3o, usando controle PLC, boa precis\u00e3o de enchimento;<\/p>    <p>6. As pe\u00e7as em contato com os materiais s\u00e3o fabricadas em a\u00e7o inoxid\u00e1vel tipo 304\/316, que atende aos padr\u00f5es GMP;<\/p>    <p>7. N\u00e3o h\u00e1 necessidade de substituir pe\u00e7as. Al\u00e9m disso, \u00e9 f\u00e1cil de depurar e torn\u00e1-lo adequado para garrafas de diferentes formatos e tamanhos;<\/p>    <p>8. As al\u00e7as de ajuste do volume de enchimento e a velocidade de enchimento s\u00e3o ajust\u00e1veis \u200b\u200ba qualquer momento. E a precis\u00e3o do enchimento \u00e9 alta;<\/p>    <figure class=\"wp-block-gallery has-nested-images columns-default is-cropped wp-block-gallery-2 is-layout-flex wp-block-gallery-is-layout-flex\"> <figure class=\"wp-block-image size-large\"><img loading=\"lazy\" decoding=\"async\" width=\"750\" height=\"509\" data-id=\"2071\" src=\"https:\/\/taizypackaging.com\/wp-content\/uploads\/2021\/06\/paste-filling-machine1.jpg\" alt=\"m\u00e1quina de enchimento de pasta1\" class=\"wp-image-2071\" srcset=\"https:\/\/taizypackaging.com\/wp-content\/uploads\/2021\/06\/paste-filling-machine1.jpg 750w, https:\/\/taizypackaging.com\/wp-content\/uploads\/2021\/06\/paste-filling-machine1-300x204.jpg 300w\" sizes=\"auto, (max-width: 750px) 100vw, 750px\" \/><figcaption class=\"wp-element-caption\">m\u00e1quina de enchimento de pasta tipo um<\/figcaption><\/figure>    <figure class=\"wp-block-image size-large\"><img decoding=\"async\" data-id=\"2072\" src=\"https:\/\/taizypackaging.com\/wp-content\/uploads\/2021\/06\/paste-filling-machine2.jpg\" alt=\"m\u00e1quina de enchimento de pasta2\" class=\"wp-image-2072\"\/><figcaption class=\"wp-element-caption\">m\u00e1quina de enchimento de pasta tipo dois<\/figcaption><\/figure> <\/figure>    <h2 class=\"wp-block-heading\" id=\"h-optional-equipment-for-fully-automatic-paste-filling-machine\">Equipamento opcional para m\u00e1quina autom\u00e1tica de envase de pasta<\/h2>    <p>1. Ao encontrar materiais f\u00e1ceis de solidificar, como chocolate, a fun\u00e7\u00e3o de aquecimento pode ser adicionada. Adicionaremos uma fun\u00e7\u00e3o de aquecimento \u00e0 tremonha da m\u00e1quina.<\/p>    <p>2. Voc\u00ea pode adicionar um eixo de agita\u00e7\u00e3o para a m\u00e1quina de enchimento de pasta. Pode prevenir eficazmente a deposi\u00e7\u00e3o de materiais particulados.<\/p>    <p>3. O flutuador de n\u00edvel de l\u00edquido pode ser adicionado para detectar automaticamente quanto material resta no cilindro.<\/p>    <p>4. Voc\u00ea pode escolher um modelo de servo motor. Todos os par\u00e2metros s\u00e3o ajust\u00e1veis \u200b\u200bna tela sens\u00edvel ao toque. E isso economiza tempo e esfor\u00e7o.<\/p>    <p>5. Voc\u00ea pode equipar a m\u00e1quina de envase com uma m\u00e1quina de tampar. Ap\u00f3s o enchimento, as garrafas precisam ser seladas. Diferentes m\u00e1quinas tampadoras s\u00e3o opcionais. E voc\u00ea pode escolher equipamentos de veda\u00e7\u00e3o de acordo com diferentes materiais de enchimento. Como m\u00e1quinas de nivelamento a v\u00e1cuo e m\u00e1quinas de nivelamento de pl\u00e1stico.<\/p>    <p>6. Se precisar, podemos equipar a m\u00e1quina com um codificador. Existem muitos tipos de codificadores. Portanto, voc\u00ea pode escolher de acordo com suas necessidades.<\/p>    <figure class=\"wp-block-gallery has-nested-images columns-default is-cropped wp-block-gallery-3 is-layout-flex wp-block-gallery-is-layout-flex\"> <figure class=\"wp-block-image size-large\"><img decoding=\"async\" data-id=\"2080\" src=\"https:\/\/taizypackaging.com\/wp-content\/uploads\/2021\/06\/vacuum-capping-device-1.jpg\" alt=\"dispositivo de tampagem a v\u00e1cuo\" class=\"wp-image-2080\"\/><figcaption class=\"wp-element-caption\">dispositivo de tampagem a v\u00e1cuo<\/figcaption><\/figure>    <figure class=\"wp-block-image size-large\"><img loading=\"lazy\" decoding=\"async\" width=\"720\" height=\"540\" data-id=\"2079\" src=\"https:\/\/taizypackaging.com\/wp-content\/uploads\/2021\/06\/capping-device.jpg\" alt=\"dispositivo de nivelamento\" class=\"wp-image-2079\" srcset=\"https:\/\/taizypackaging.com\/wp-content\/uploads\/2021\/06\/capping-device.jpg 720w, https:\/\/taizypackaging.com\/wp-content\/uploads\/2021\/06\/capping-device-300x225.jpg 300w\" sizes=\"auto, (max-width: 720px) 100vw, 720px\" \/><figcaption class=\"wp-element-caption\">dispositivo de nivelamento<\/figcaption><\/figure> <\/figure>    <h2 class=\"wp-block-heading\" id=\"h-q-a\">Perguntas e respostas sobre o equipamento de enchimento de pasta Taizy<\/h2>    <p>1. Quais materiais a m\u00e1quina autom\u00e1tica de envase de pasta pode ser usada para embalar?<\/p>    <p>Principalmente \u00f3leo enlatado, mel, desinfetante para as m\u00e3os, xampu, sab\u00e3o em p\u00f3, \u00e1gua, tahine, manteiga de amendoim, molho de pimenta, mel, etc.<\/p>    <p>2. Qual \u00e9 a faixa de peso da m\u00e1quina?<\/p>    <p>A faixa de peso que a m\u00e1quina autom\u00e1tica de embalagem de pasta pode embalar \u00e9 geralmente de 100-1000ml. E o peso m\u00e1ximo da embalagem pode chegar a 5000ml.<\/p>    <p>3. Como ajustar a velocidade de enchimento?<\/p>    <p>Voc\u00ea pode ajustar o regulador de press\u00e3o para ajustar a vaz\u00e3o, ajustando assim a velocidade de enlatamento. Ao mesmo tempo, a tela sens\u00edvel ao toque do PLC pode definir par\u00e2metros de ajuste de velocidade.<\/p>    <p>4. Qual \u00e9 a faixa de di\u00e2metro da garrafa de embalagem?<\/p>    <p>A faixa de di\u00e2metro da garrafa de embalagem \u00e9 de 35 mm a 1000 mm.<\/p>    <p>5. Qual \u00e9 a tens\u00e3o necess\u00e1ria para esta m\u00e1quina?<\/p>    <p>A tens\u00e3o da m\u00e1quina pode ser personalizada. E voc\u00ea pode nos contar suas necessidades.<\/p>    <h2 class=\"wp-block-heading\" id=\"are-you-interested-a-paste-filling-machine\">Voc\u00ea est\u00e1 interessado em uma m\u00e1quina de envase de pasta? <\/h2>    <p class=\"translation-block\">A m\u00e1quina autom\u00e1tica de enchimento de pasta \u00e9 popular por seu baixo custo e alto desempenho. \u00c9 adequada para v\u00e1rios estilos de garrafa. Comparado com <a href=\"https:\/\/taizypackaging.com\/pt\/paste-packaging-machine\/\">m\u00e1quina de embalagem de pasta totalmente autom\u00e1tica<\/a>, tem um melhor custo-benef\u00edcio. E comparado com a m\u00e1quina de enchimento de pasta semiautom\u00e1tica, tem maior efici\u00eancia. Em resumo, esta m\u00e1quina de enchimento de pasta pode beneficiar grandemente seu projeto e gerar mais lucro para voc\u00ea. Entre em contato conosco hoje para um grande desconto. <\/p>","protected":false},"excerpt":{"rendered":"<p>Automatic paste filling machine here is a type of bottle filling machine. The conveyor width and height can be adjusted to suit various bottles. This paste filling machine is suitable for packaging cream, curry paste, chili paste, food paste, ginger paste, lime paste, tomato paste, sauce, etc. Besides, this machine can be equipped with a [&hellip;]<\/p>\n","protected":false},"author":1,"featured_media":2195,"parent":0,"template":"","tags":[583,579],"product-type":[662],"class_list":["post-2053","product","type-product","status-publish","has-post-thumbnail","hentry","tag-automatic-paste-filling-machine","tag-paste-filling-machine","product-type-paste-packing-machines"],"_links":{"self":[{"href":"https:\/\/taizypackaging.com\/pt\/wp-json\/wp\/v2\/product\/2053","targetHints":{"allow":["GET"]}}],"collection":[{"href":"https:\/\/taizypackaging.com\/pt\/wp-json\/wp\/v2\/product"}],"about":[{"href":"https:\/\/taizypackaging.com\/pt\/wp-json\/wp\/v2\/types\/product"}],"author":[{"embeddable":true,"href":"https:\/\/taizypackaging.com\/pt\/wp-json\/wp\/v2\/users\/1"}],"wp:featuredmedia":[{"embeddable":true,"href":"https:\/\/taizypackaging.com\/pt\/wp-json\/wp\/v2\/media\/2195"}],"wp:attachment":[{"href":"https:\/\/taizypackaging.com\/pt\/wp-json\/wp\/v2\/media?parent=2053"}],"wp:term":[{"taxonomy":"post_tag","embeddable":true,"href":"https:\/\/taizypackaging.com\/pt\/wp-json\/wp\/v2\/tags?post=2053"},{"taxonomy":"product-type","embeddable":true,"href":"https:\/\/taizypackaging.com\/pt\/wp-json\/wp\/v2\/product-type?post=2053"}],"curies":[{"name":"wp","href":"https:\/\/api.w.org\/{rel}","templated":true}]}}