{"id":208,"date":"2020-08-24T11:06:21","date_gmt":"2020-08-24T11:06:21","guid":{"rendered":"https:\/\/taizypackaging.com\/?p=208"},"modified":"2022-12-14T06:07:55","modified_gmt":"2022-12-14T06:07:55","slug":"powder-packaging-machine","status":"publish","type":"product","link":"https:\/\/taizypackaging.com\/pt\/powder-packaging-machine\/","title":{"rendered":"M\u00e1quina de embalagem de p\u00f3"},"content":{"rendered":"<div class=\"kk-star-ratings kksr-auto kksr-align-left kksr-valign-top\"     data-payload='{&quot;align&quot;:&quot;left&quot;,&quot;id&quot;:&quot;208&quot;,&quot;slug&quot;:&quot;default&quot;,&quot;valign&quot;:&quot;top&quot;,&quot;ignore&quot;:&quot;&quot;,&quot;reference&quot;:&quot;auto&quot;,&quot;class&quot;:&quot;&quot;,&quot;count&quot;:&quot;13&quot;,&quot;legendonly&quot;:&quot;&quot;,&quot;readonly&quot;:&quot;&quot;,&quot;score&quot;:&quot;4.8&quot;,&quot;starsonly&quot;:&quot;&quot;,&quot;best&quot;:&quot;5&quot;,&quot;gap&quot;:&quot;5&quot;,&quot;greet&quot;:&quot;Rate this product&quot;,&quot;legend&quot;:&quot;4.8\\\/5 - (13 votes)&quot;,&quot;size&quot;:&quot;24&quot;,&quot;title&quot;:&quot;Powder Packaging Machine&quot;,&quot;width&quot;:&quot;136.7&quot;,&quot;_legend&quot;:&quot;{score}\\\/{best} - ({count} {votes})&quot;,&quot;font_factor&quot;:&quot;1.25&quot;}'>              <div class=\"kksr-stars\">      <div class=\"kksr-stars-inactive\">             <div class=\"kksr-star\" data-star=\"1\" style=\"padding-right: 5px\">               <div class=\"kksr-icon\" style=\"width: 24px; height: 24px;\"><\/div>         <\/div>             <div class=\"kksr-star\" data-star=\"2\" style=\"padding-right: 5px\">               <div class=\"kksr-icon\" style=\"width: 24px; height: 24px;\"><\/div>         <\/div>             <div class=\"kksr-star\" data-star=\"3\" style=\"padding-right: 5px\">               <div class=\"kksr-icon\" style=\"width: 24px; height: 24px;\"><\/div>         <\/div>             <div class=\"kksr-star\" data-star=\"4\" style=\"padding-right: 5px\">               <div class=\"kksr-icon\" style=\"width: 24px; height: 24px;\"><\/div>         <\/div>             <div class=\"kksr-star\" data-star=\"5\" style=\"padding-right: 5px\">               <div class=\"kksr-icon\" style=\"width: 24px; height: 24px;\"><\/div>         <\/div>     <\/div>      <div class=\"kksr-stars-active\" style=\"width: 136.7px;\">             <div class=\"kksr-star\" style=\"padding-right: 5px\">               <div class=\"kksr-icon\" style=\"width: 24px; height: 24px;\"><\/div>         <\/div>             <div class=\"kksr-star\" style=\"padding-right: 5px\">               <div class=\"kksr-icon\" style=\"width: 24px; height: 24px;\"><\/div>         <\/div>             <div class=\"kksr-star\" style=\"padding-right: 5px\">               <div class=\"kksr-icon\" style=\"width: 24px; height: 24px;\"><\/div>         <\/div>             <div class=\"kksr-star\" style=\"padding-right: 5px\">               <div class=\"kksr-icon\" style=\"width: 24px; height: 24px;\"><\/div>         <\/div>             <div class=\"kksr-star\" style=\"padding-right: 5px\">               <div class=\"kksr-icon\" style=\"width: 24px; height: 24px;\"><\/div>         <\/div>     <\/div> <\/div>                   <div class=\"kksr-legend\" style=\"font-size: 19.2px;\">             4,8\/5 - (13 votos)    <\/div>     <\/div>  <p class=\"translation-block\"><strong>Powder packaging machine<\/strong> foi concebida e fabricada para lidar com v\u00e1rias embalagens de p\u00f3 seco, tais como farinha, p\u00f3 de caf\u00e9, detergente em p\u00f3, pimenta em p\u00f3, masala, curry powder, leite em p\u00f3, etc. De acordo com o peso de embalagem dos itens, existe uma pequena m\u00e1quina vertical de embalagem de p\u00f3 e uma grande m\u00e1quina de embalagem de p\u00f3. A primeira \u00e9 adequada para embalar itens de 1 grama a 1 kg. E a grande m\u00e1quina de embalagem de p\u00f3 com parafuso pode embalar itens de 1 kg a 3 kg. Diferentes tipos de m\u00e1quinas de enchimento e fechamento de p\u00f3 t\u00eam caracter\u00edsticas e pre\u00e7os diferentes, e uma escolha deve ser totalmente de acordo com a situa\u00e7\u00e3o real do seu projeto. Al\u00e9m disso, v\u00e1rios sistemas de enchimento de p\u00f3 manuais de baixo custo est\u00e3o dispon\u00edveis na Taizy Packaging Machinery LTD. Algum interesse? Deixe os seus requisitos detalhados para excelentes solu\u00e7\u00f5es de embalagem de saquinhos de p\u00f3 seco. <\/p>    <h2 class=\"wp-block-heading\" id=\"h-small-powder-sachet-packaging-machine-for-sale\">M\u00e1quina de embalagem de sach\u00eas de p\u00f3 pequeno para venda <\/h2>    <p>A pequena m\u00e1quina de embalagem de p\u00f3 pode ser dividida em tr\u00eas tipos: tipo de parafuso de press\u00e3o direta, tipo de parafuso de press\u00e3o obl\u00edqua e tipo de parafuso de press\u00e3o plana. O sistema de alimenta\u00e7\u00e3o\u00a0\u00e9 totalmente diferente daquele da m\u00e1quina de embalagem de gr\u00e2nulos. \u00c9 adequado para embalar leite em p\u00f3, farinha, temperos em p\u00f3, medicamentos veterin\u00e1rios, aditivos e muitos outros itens alimentares em p\u00f3. Com um tamanho pequeno e pre\u00e7o acess\u00edvel, esta pequena m\u00e1quina vertical de enchimento e selagem de p\u00f3 \u00e9 ideal para sua pequena empresa. Pequeno investimento e grande retorno. <\/p>    <figure class=\"wp-block-image size-full\"><img decoding=\"async\" src=\"https:\/\/taizypackaging.com\/wp-content\/uploads\/2020\/08\/powder-pouch-packing-machine-3.jpg\" alt=\"m\u00e1quina de embalagem de bolsa de p\u00f3\" class=\"wp-image-4889\"\/><figcaption class=\"wp-element-caption\">m\u00e1quina de embalagem de bolsa de p\u00f3<\/figcaption><\/figure>    <h2 class=\"wp-block-heading\" id=\"h-technical-parameters\">Par\u00e2metros t\u00e9cnicos da m\u00e1quina de p\u00f3 VFFS pequena<\/h2>    <figure class=\"wp-block-table\"><table><tbody><tr><td>Pacote<\/td><td>Veda\u00e7\u00e3o traseira, veda\u00e7\u00e3o de 3 lados, veda\u00e7\u00e3o de 4 lados<\/td><\/tr><tr><td>Velocidade de embalagem<\/td><td>24-60 sacos\/min<\/td><\/tr><tr><td>Comprimento do saco<\/td><td>30-180mm<\/td><\/tr><tr><td>Largura da bolsa<\/td><td>25-145mm<\/td><\/tr><tr><td>Faixa de pesagem<\/td><td>0,5-3ml, 3-10ml, 10-60ml, 40-220ml<\/td><\/tr><tr><td>Poder<\/td><td>2,2 kW<\/td><\/tr><tr><td>Peso<\/td><td>280kg<\/td><\/tr><tr><td>Tamanho<\/td><td>650*1050*1950mm<\/td><\/tr><tr><td>Tamanho da caixa<\/td><td>1100*750*1820mm<\/td><\/tr><\/tbody><\/table><\/figure>    <h2 class=\"wp-block-heading\" id=\"1kg-to-3kg-automatic-powder-packing-machine-for-sale\">M\u00e1quina autom\u00e1tica de embalagem de p\u00f3 de 1kg a 3kg para venda<\/h2>    <p class=\"translation-block\">A m\u00e1quina autom\u00e1tica de embalagem de p\u00f3 de 1 kg a 3 kg \u00e9 extremamente adequada para projetos com grande procura de produ\u00e7\u00e3o. Pode completar automaticamente o processo de alimenta\u00e7\u00e3o, pesagem, enchimento, veda\u00e7\u00e3o, corte e codifica\u00e7\u00e3o. Para ser honesto, esta <a href=\"https:\/\/taizypackaging.com\/pt\/automatic-powder-packaging-machine-for-10g-3000g\/\">m\u00e1quina autom\u00e1tica de embalagem de p\u00f3 1 kg - 3 kg<\/a> \u00e9 muito eficiente e econ\u00f4mica. Se a sua f\u00e1brica ou projeto tem uma alta demanda de produ\u00e7\u00e3o, este equipamento de embalagem de p\u00f3 \u00e9 ideal para si. Sinta-se \u00e0 vontade para nos contactar para a melhor lista de pre\u00e7os.  <\/p>    <figure class=\"wp-block-image size-full\"><img loading=\"lazy\" decoding=\"async\" width=\"600\" height=\"450\" src=\"https:\/\/taizypackaging.com\/wp-content\/uploads\/2020\/08\/automatic-large-powder-packing-machine.jpg\" alt=\"m\u00e1quina autom\u00e1tica de embalagem de p\u00f3 grande\" class=\"wp-image-3257\" srcset=\"https:\/\/taizypackaging.com\/wp-content\/uploads\/2020\/08\/automatic-large-powder-packing-machine.jpg 600w, https:\/\/taizypackaging.com\/wp-content\/uploads\/2020\/08\/automatic-large-powder-packing-machine-300x225.jpg 300w\" sizes=\"auto, (max-width: 600px) 100vw, 600px\" \/><figcaption class=\"wp-element-caption\">m\u00e1quina autom\u00e1tica de embalagem de p\u00f3 grande<\/figcaption><\/figure>    <h2 class=\"wp-block-heading\" id=\"h-what-is-a-powder-packing-machine\">O que \u00e9 uma m\u00e1quina de embalagem de p\u00f3? <\/h2>    <p>A m\u00e1quina de embalagem de p\u00f3 \u00e9 projetada para embalar produtos em p\u00f3 seco que s\u00e3o dif\u00edceis de transportar manualmente. Uma m\u00e1quina autom\u00e1tica de embalagem de p\u00f3 consiste em um sistema de enchimento e um sistema de veda\u00e7\u00e3o. E uma m\u00e1quina envasadora de p\u00f3 semiautom\u00e1tica \u00e9 composta principalmente por um sistema transportador, elevadores, etc. Possui uma estrutura simples em compara\u00e7\u00e3o com uma m\u00e1quina envasadora autom\u00e1tica. Sua maior vantagem \u00e9 que a m\u00e1quina embaladora de p\u00f3 pode gerar lucro rapidamente. <\/p>    <h2 class=\"wp-block-heading\" id=\"h-applications-of-automatic-powder-filling-sealing-machine\">Aplica\u00e7\u00f5es da m\u00e1quina autom\u00e1tica de enchimento e selagem de p\u00f3<\/h2>    <p>A m\u00e1quina autom\u00e1tica de embalagem de p\u00f3 \u00e9 amplamente utilizada na ind\u00fastria aliment\u00edcia e qu\u00edmica. Pode embalar todos os tipos de materiais em p\u00f3 seco, como detergente em p\u00f3, pimenta em p\u00f3, caf\u00e9 em p\u00f3, ch\u00e1 em p\u00f3, leite em p\u00f3, farinha, masala, sab\u00e3o em p\u00f3, especiarias em p\u00f3, gengibre em p\u00f3, a\u00e7afr\u00e3o em p\u00f3, curry em p\u00f3, cacau em p\u00f3, nutri\u00e7\u00e3o p\u00f3, p\u00f3 de ervas, etc. Como fabricante e fornecedor l\u00edder de equipamentos para embalagem de p\u00f3, oferecemos um forte servi\u00e7o personalizado para atender \u00e0s suas necessidades espec\u00edficas. Bem-vindo para entrar em contato conosco para obter a melhor solu\u00e7\u00e3o de embalagem em p\u00f3. <\/p>    <figure class=\"wp-block-image size-full\"><img decoding=\"async\" src=\"https:\/\/taizypackaging.com\/wp-content\/uploads\/2020\/08\/dry-powder-items-1.jpg\" alt=\"itens em p\u00f3 seco\" class=\"wp-image-3269\"\/><figcaption class=\"wp-element-caption\">itens em p\u00f3 seco<\/figcaption><\/figure>    <h3 class=\"wp-block-heading\" id=\"h-how-to-choose-a-suitable-powder-packaging-machine\">Como escolher uma m\u00e1quina de embalagem de p\u00f3 adequada? <\/h3>    <p>O peso de um \u00fanico saco da m\u00e1quina embaladora de p\u00f3 obl\u00edqua pode ser embalado em at\u00e9 80 gramas, o que \u00e9 adequado para p\u00f3 sem poeira voadora. A m\u00e1quina de embalagem de p\u00f3 de press\u00e3o direta e a m\u00e1quina de embalagem de p\u00f3 de press\u00e3o plana podem embalar qualquer p\u00f3, mas o peso de um \u00fanico saco de press\u00e3o direta pode ser relatado como 1 kg, e o peso de um \u00fanico saco de press\u00e3o plana pode ser de at\u00e9 200 gramas . A embalagem pode ser um selo traseiro, um selo de tr\u00eas lados e um selo de quatro lados. Diferentes demandas de produ\u00e7\u00e3o e or\u00e7amentos exigem diferentes m\u00e1quinas de enchimento e selagem de p\u00f3. Se voc\u00ea ainda tiver d\u00favidas sobre qual m\u00e1quina comprar, envie-nos um e-mail ou simplesmente ligue para obter ajuda profissional de nossos especialistas. <\/p>    <figure class=\"wp-block-image size-full\"><img decoding=\"async\" src=\"https:\/\/taizypackaging.com\/wp-content\/uploads\/2020\/08\/powder-packing-machine-structure.jpg\" alt=\"estrutura da m\u00e1quina de embalagem de p\u00f3\" class=\"wp-image-4043\"\/><figcaption class=\"wp-element-caption\">estrutura da m\u00e1quina de embalagem de p\u00f3<\/figcaption><\/figure>    <h2 class=\"wp-block-heading\" id=\"h-weighing-methods-and-sealing-methods\">M\u00e9todos de pesagem e m\u00e9todos de veda\u00e7\u00e3o<\/h2>    <p class=\"translation-block\"><strong>M\u00e9todos de pesagem: <\/strong>A m\u00e1quina de embalagem de saquinhos de p\u00f3 pode ser pesada de acordo com a velocidade do parafuso. O parafuso pode girar a 180 graus, 270 graus e 360 graus.<\/p>    <p class=\"translation-block\"><strong>M\u00e9todos de veda\u00e7\u00e3o:<\/strong> A m\u00e1quina de embalagem de p\u00f3 pode vedar por tr\u00e1s, com veda\u00e7\u00e3o de tr\u00eas lados e com veda\u00e7\u00e3o de quatro lados.<\/p>    <figure class=\"wp-block-image size-large\"> <\/figure>    <figure class=\"wp-block-image alignnone wp-image-833 size-full\"><img decoding=\"async\" src=\"https:\/\/taizypackaging.com\/wp-content\/uploads\/2020\/08\/powder-packing.jpg\" alt=\"embalagem em p\u00f3\" class=\"wp-image-833\"\/><figcaption class=\"wp-element-caption\">embalagem em p\u00f3<\/figcaption><\/figure>    <figcaption>Estilo de embalagem com veda\u00e7\u00e3o traseira, veda\u00e7\u00e3o em tr\u00eas lados, veda\u00e7\u00e3o em quatro lados<\/figcaption>    <p class=\"translation-block\"><strong>Dispositivos Opcionais:<\/strong> dispositivo de embalagem cont\u00ednua, dispositivo de infla\u00e7\u00e3o, dispositivo de codifica\u00e7\u00e3o.<\/p>    <h2 class=\"wp-block-heading\" id=\"h-features-of-dry-powder-packing-machine\">Caracter\u00edsticas da m\u00e1quina embaladora de p\u00f3 seco<\/h2>    <p>O parafuso \u00e9 feito de a\u00e7o inoxid\u00e1vel, especialmente fabricado e soldado manualmente. Possui estrutura simples e design razo\u00e1vel, por isso \u00e9 muito f\u00e1cil de operar, instalar e manter. Al\u00e9m disso, adotamos sistemas de controle PLC de computador inteligente e v\u00e1rios idiomas dispon\u00edveis. E nosso equipamento de embalagem de p\u00f3 possui caracter\u00edsticas de alta qualidade, velocidade r\u00e1pida, alta efici\u00eancia e precis\u00e3o. <\/p>    <figure class=\"wp-block-image size-large\"><img decoding=\"async\" src=\"https:\/\/taizypackaging.com\/wp-content\/uploads\/2020\/08\/Screw-Details.jpg\" alt=\"parafuso sem-fim\" class=\"wp-image-214\"\/><figcaption class=\"wp-element-caption\">parafuso sem-fim <\/figcaption><\/figure>    <h2 class=\"wp-block-heading\" id=\"h-f-q\">Perguntas e Perguntas Frequentes<\/h2>   <div id=\"rank-math-faq\" class=\"rank-math-block\"> <div class=\"rank-math-list\"> <div id=\"faq-question-1670912527427\" class=\"rank-math-list-item\"> <h3 class=\"rank-math-question\"><strong>1. Quais materiais s\u00e3o usados \u200b\u200bna m\u00e1quina de embalagem de p\u00f3?<\/strong><\/h3> <div class=\"rank-math-answer\">  <p>A m\u00e1quina \u00e9 toda em a\u00e7o inox, e a parte em contato com o material \u00e9 em a\u00e7o inox 304.<\/p>  <\/div> <\/div> <div id=\"faq-question-1670912533380\" class=\"rank-math-list-item\"> <h3 class=\"rank-math-question\"><strong>2. Esta m\u00e1quina est\u00e1 equipada com cursor?<\/strong><\/h3> <div class=\"rank-math-answer\">  <p>\u00c9 sim. Foi instalado na f\u00e1brica.<\/p>  <\/div> <\/div> <div id=\"faq-question-1670912543772\" class=\"rank-math-list-item\"> <h3 class=\"rank-math-question\"><strong>3. O peso da embalagem \u00e9 ajust\u00e1vel?<\/strong><\/h3> <div class=\"rank-math-answer\">  <p>Sim pode. Se quiser ajustar a faixa de 1 a 10 gramas, voc\u00ea pode ajustar a velocidade do parafuso para concluir o ajuste de peso.<\/p>  <\/div> <\/div> <div id=\"faq-question-1670912557028\" class=\"rank-math-list-item\"> <h3 class=\"rank-math-question\"><strong>4. Voc\u00ea pode fornecer um filme de embalagem?<\/strong><\/h3> <div class=\"rank-math-answer\">  <p>Sim, n\u00f3s podemos. Mas voc\u00ea precisa nos informar seus requisitos de embalagem.<\/p>  <\/div> <\/div> <\/div> <\/div>   <h2 class=\"wp-block-heading\" id=\"h-customer-case\">Caso do cliente<\/h2>    <p class=\"translation-block\">Atualmente, vendemos m\u00e1quina de embalagem de especiarias pequena, <a href=\"https:\/\/taizypackaging.com\/pt\/powder-detergent-packaging-machine\/\">m\u00e1quina de embalagem de detergente em p\u00f3<\/a>, m\u00e1quina de embalagem de pimenta em p\u00f3, m\u00e1quina de embalagem de detergente para roupa, <a href=\"https:\/\/taizypackaging.com\/pt\/milk-powder-packing-machine\/\">m\u00e1quina de embalagem de leite em p\u00f3<\/a>,  m\u00e1quina de embalagem de sach\u00eas de especiarias, m\u00e1quina de embalagem de p\u00f3 de especiarias para o Nepal, M\u00e9xico, L\u00edbia, Congo, Botswana, o Reino Unido, Sri Lanka, Ar\u00e1bia Saudita, Canad\u00e1, Nig\u00e9ria, e muitos outros pa\u00edses.<\/p>    <p>Se voc\u00ea deseja saber o pre\u00e7o da m\u00e1quina de embalagem de p\u00f3, entre em contato conosco e iremos fornecer-lhe solu\u00e7\u00f5es de embalagem imediatamente.<\/p>    <figure class=\"wp-block-image size-full\"><img decoding=\"async\" src=\"https:\/\/taizypackaging.com\/wp-content\/uploads\/2020\/08\/powder-packaging-machine-factory.jpg\" alt=\"f\u00e1brica de m\u00e1quinas de embalagem de p\u00f3\" class=\"wp-image-4044\"\/><figcaption class=\"wp-element-caption\">f\u00e1brica de m\u00e1quinas de embalagem de p\u00f3<\/figcaption><\/figure>    <h2 class=\"wp-block-heading\" id=\"h-get-in-touch-with-us-today\">Entre em contato conosco hoje!<\/h2>    <p>A m\u00e1quina de embalagem de p\u00f3 \u00e9 altamente importante para a ind\u00fastria aliment\u00edcia e qu\u00edmica. Pode melhorar muito sua produtividade e economizar custos de m\u00e3o de obra. Alta efici\u00eancia, opera\u00e7\u00e3o autom\u00e1tica e alto retorno s\u00e3o suas principais vantagens. A Taizy Packaging Machinery LTD tem uma capacidade bastante forte para fornecer solu\u00e7\u00f5es de embalagem de p\u00f3 padr\u00e3o e personalizadas. Al\u00e9m disso, contamos com equipe qualificada para garantir a entrega r\u00e1pida e a alta qualidade de nossas m\u00e1quinas. Deixe seus requisitos, enviaremos detalhes ou or\u00e7amentos gratuitos o mais r\u00e1pido poss\u00edvel. <\/p>    <p>&nbsp;<\/p>","protected":false},"excerpt":{"rendered":"<p>Uma m\u00e1quina de embalagem de p\u00f3 \u00e9 um tipo de m\u00e1quina usada para encher e selar sacos ou recipientes com materiais em p\u00f3. \u00e9 adequado para embalar farinha, caf\u00e9 em p\u00f3, detergente em p\u00f3, pimenta em p\u00f3, masala em p\u00f3, curry em p\u00f3, leite em p\u00f3, etc.<\/p>","protected":false},"author":1,"featured_media":4889,"parent":0,"template":"","tags":[161,190,283,360,387,409,450],"product-type":[660],"class_list":["post-208","product","type-product","status-publish","has-post-thumbnail","hentry","tag-flour","tag-ginger-powder","tag-milk-powder","tag-plantain-flour-packaging-machine","tag-red-chili-powder","tag-seasoning-powder","tag-strarch","product-type-powder-packing-machines"],"_links":{"self":[{"href":"https:\/\/taizypackaging.com\/pt\/wp-json\/wp\/v2\/product\/208","targetHints":{"allow":["GET"]}}],"collection":[{"href":"https:\/\/taizypackaging.com\/pt\/wp-json\/wp\/v2\/product"}],"about":[{"href":"https:\/\/taizypackaging.com\/pt\/wp-json\/wp\/v2\/types\/product"}],"author":[{"embeddable":true,"href":"https:\/\/taizypackaging.com\/pt\/wp-json\/wp\/v2\/users\/1"}],"wp:featuredmedia":[{"embeddable":true,"href":"https:\/\/taizypackaging.com\/pt\/wp-json\/wp\/v2\/media\/4889"}],"wp:attachment":[{"href":"https:\/\/taizypackaging.com\/pt\/wp-json\/wp\/v2\/media?parent=208"}],"wp:term":[{"taxonomy":"post_tag","embeddable":true,"href":"https:\/\/taizypackaging.com\/pt\/wp-json\/wp\/v2\/tags?post=208"},{"taxonomy":"product-type","embeddable":true,"href":"https:\/\/taizypackaging.com\/pt\/wp-json\/wp\/v2\/product-type?post=208"}],"curies":[{"name":"wp","href":"https:\/\/api.w.org\/{rel}","templated":true}]}}