{"id":2200,"date":"2021-06-15T01:48:59","date_gmt":"2021-06-15T01:48:59","guid":{"rendered":"https:\/\/taizypackaging.com\/?p=2200"},"modified":"2024-07-17T17:01:45","modified_gmt":"2024-07-17T09:01:45","slug":"semi-automatic-round-bottle-labeling-machine-for-sale","status":"publish","type":"product","link":"https:\/\/taizypackaging.com\/pt\/semi-automatic-round-bottle-labeling-machine-for-sale\/","title":{"rendered":"M\u00e1quina rotuladora semiautom\u00e1tica de garrafas redondas"},"content":{"rendered":"<div class=\"kk-star-ratings kksr-auto kksr-align-left kksr-valign-top\"     data-payload='{&quot;align&quot;:&quot;left&quot;,&quot;id&quot;:&quot;2200&quot;,&quot;slug&quot;:&quot;default&quot;,&quot;valign&quot;:&quot;top&quot;,&quot;ignore&quot;:&quot;&quot;,&quot;reference&quot;:&quot;auto&quot;,&quot;class&quot;:&quot;&quot;,&quot;count&quot;:&quot;22&quot;,&quot;legendonly&quot;:&quot;&quot;,&quot;readonly&quot;:&quot;&quot;,&quot;score&quot;:&quot;4.6&quot;,&quot;starsonly&quot;:&quot;&quot;,&quot;best&quot;:&quot;5&quot;,&quot;gap&quot;:&quot;5&quot;,&quot;greet&quot;:&quot;Rate this product&quot;,&quot;legend&quot;:&quot;4.6\\\/5 - (22 votes)&quot;,&quot;size&quot;:&quot;24&quot;,&quot;title&quot;:&quot;Semi Automatic Round Bottle Labeling Machine&quot;,&quot;width&quot;:&quot;130.9&quot;,&quot;_legend&quot;:&quot;{score}\\\/{best} - ({count} {votes})&quot;,&quot;font_factor&quot;:&quot;1.25&quot;}'>              <div class=\"kksr-stars\">      <div class=\"kksr-stars-inactive\">             <div class=\"kksr-star\" data-star=\"1\" style=\"padding-right: 5px\">               <div class=\"kksr-icon\" style=\"width: 24px; height: 24px;\"><\/div>         <\/div>             <div class=\"kksr-star\" data-star=\"2\" style=\"padding-right: 5px\">               <div class=\"kksr-icon\" style=\"width: 24px; height: 24px;\"><\/div>         <\/div>             <div class=\"kksr-star\" data-star=\"3\" style=\"padding-right: 5px\">               <div class=\"kksr-icon\" style=\"width: 24px; height: 24px;\"><\/div>         <\/div>             <div class=\"kksr-star\" data-star=\"4\" style=\"padding-right: 5px\">               <div class=\"kksr-icon\" style=\"width: 24px; height: 24px;\"><\/div>         <\/div>             <div class=\"kksr-star\" data-star=\"5\" style=\"padding-right: 5px\">               <div class=\"kksr-icon\" style=\"width: 24px; height: 24px;\"><\/div>         <\/div>     <\/div>      <div class=\"kksr-stars-active\" style=\"width: 130.9px;\">             <div class=\"kksr-star\" style=\"padding-right: 5px\">               <div class=\"kksr-icon\" style=\"width: 24px; height: 24px;\"><\/div>         <\/div>             <div class=\"kksr-star\" style=\"padding-right: 5px\">               <div class=\"kksr-icon\" style=\"width: 24px; height: 24px;\"><\/div>         <\/div>             <div class=\"kksr-star\" style=\"padding-right: 5px\">               <div class=\"kksr-icon\" style=\"width: 24px; height: 24px;\"><\/div>         <\/div>             <div class=\"kksr-star\" style=\"padding-right: 5px\">               <div class=\"kksr-icon\" style=\"width: 24px; height: 24px;\"><\/div>         <\/div>             <div class=\"kksr-star\" style=\"padding-right: 5px\">               <div class=\"kksr-icon\" style=\"width: 24px; height: 24px;\"><\/div>         <\/div>     <\/div> <\/div>                   <div class=\"kksr-legend\" style=\"font-size: 19.2px;\">             4,6\/5 - (22 votos)    <\/div>     <\/div>  <p class=\"translation-block\">A <strong>m\u00e1quina semiautom\u00e1tica de etiquetagem de garrafas redondas<\/strong> \u00e9 uma etiquetadora de garrafas de mesa pequena. Possui um tamanho muito pequeno e baixo custo. Portanto, \u00e9 port\u00e1til e muito popular para pequenos projetos. Al\u00e9m disso, a m\u00e1quina semiautom\u00e1tica de etiquetagem de garrafas redondas tem uma ampla gama de aplica\u00e7\u00f5es. Pode ser aplicada para etiquetar v\u00e1rias garrafas de vidro, garrafas de pl\u00e1stico, garrafas de metal, latas, frascos, etc. Al\u00e9m disso, esta m\u00e1quina de etiquetagem de garrafas \u00e0 venda pode etiquetar 20~40 garrafas por minuto. O que \u00e9 super eficiente e de alto desempenho. Como um fabricante e exportador famoso de m\u00e1quinas de etiquetagem na China, fornecemos excelentes <strong>m\u00e1quinas manuais de etiquetagem de garrafas<\/strong> e <strong><a href=\"https:\/\/taizypackaging.com\/pt\/round-bottle-labeling-machine\/\">m\u00e1quinas autom\u00e1ticas de etiquetagem de garrafas<\/a><\/strong> com bons pre\u00e7os e entrega r\u00e1pida. Al\u00e9m disso, uma m\u00e1quina de etiquetagem de garrafas planas est\u00e1 dispon\u00edvel. E apoiamos o servi\u00e7o personalizado. Contacte-nos hoje para iniciar o seu neg\u00f3cio. <\/p>   <figure class=\"wp-block-embed-youtube wp-block-embed is-type-video is-provider-youtube wp-embed-aspect-16-9 wp-has-aspect-ratio\"><div class=\"lyte-wrapper fourthree\" title=\"Rotuladora manual de garrafas | Rotuladora semiautom\u00e1tica de garrafas redondas\" style=\"width:960px;max-width:100%;margin:5px auto;\"><div class=\"lyMe hidef\" id=\"WYL_QKmFg0QAAyg\" itemprop=\"video\" itemscope itemtype=\"https:\/\/schema.org\/VideoObject\"><div><meta itemprop=\"thumbnailUrl\" content=\"https:\/\/taizypackaging.com\/wp-content\/plugins\/wp-youtube-lyte\/lyteCache.php?origThumbUrl=https%3A%2F%2Fi.ytimg.com%2Fvi%2FQKmFg0QAAyg%2Fhqdefault.jpg\" \/><meta itemprop=\"embedURL\" content=\"https:\/\/www.youtube.com\/embed\/QKmFg0QAAyg\" \/><meta itemprop=\"duration\" content=\"PT30S\" \/><meta itemprop=\"uploadDate\" content=\"2021-06-15T01:53:28Z\" \/><\/div><meta itemprop=\"accessibilityFeature\" content=\"captions\" \/><div id=\"lyte_QKmFg0QAAyg\" data-src=\"https:\/\/taizypackaging.com\/wp-content\/plugins\/wp-youtube-lyte\/lyteCache.php?origThumbUrl=https%3A%2F%2Fi.ytimg.com%2Fvi%2FQKmFg0QAAyg%2Fhqdefault.jpg\" class=\"pL\"><div class=\"tC\"><div class=\"tT\" itemprop=\"name\">Rotuladora manual de garrafas | Rotuladora semiautom\u00e1tica de garrafas redondas<\/div><\/div><div class=\"play\"><\/div><div class=\"ctrl\"><div class=\"Lctrl\"><\/div><div class=\"Rctrl\"><\/div><\/div><\/div><noscript><a href=\"https:\/\/youtu.be\/QKmFg0QAAyg\" rel=\"nofollow noopener\" target=\"_blank\"><img loading=\"lazy\" decoding=\"async\" src=\"https:\/\/taizypackaging.com\/wp-content\/plugins\/wp-youtube-lyte\/lyteCache.php?origThumbUrl=https%3A%2F%2Fi.ytimg.com%2Fvi%2FQKmFg0QAAyg%2F0.jpg\" alt=\"Rotuladora manual de garrafas | Rotuladora semiautom\u00e1tica de garrafas redondas\" width=\"960\" height=\"700\" \/><br \/>Assista a este v\u00eddeo no YouTube<\/a><\/noscript><meta itemprop=\"description\" content=\"Whatsapp\/Wechat\/Tel:+86 19139754781 Website: https:\/\/taizypackaging.com\/semi-automatic-round-bottle-labeling-machine-for-sale\/ The manual bottle labeling machine has wide application in labeling various cans, glass bottles, plastic bottles, etc. Because of its mini shape and high-quality performance, it is very popular among customers. A semi-automatic round bottle labeling machine is a piece of ideal equipment for small and medium-sized beverage, food, medicine, and chemical plants. We also have automatic labeling machines such as the automatic positioning round bottle labeling machine and flat labeling machines. You can choose the right labeling machine according to your needs. Whatsapp\/Wechat\/Tel:+86 19139754781 Website: https:\/\/taizypackaging.com\/semi-automatic-round-bottle-labeling-machine-for-sale\/\"><\/div><\/div><div class=\"lL\" style=\"max-width:100%;width:960px;margin:5px auto;\"><\/div><figcaption><\/figcaption><\/figure>   <h2 class=\"wp-block-heading\" id=\"h-introduction-of-semi-automatic-round-bottle-labeling-machine\">O que \u00e9 uma etiquetadora de garrafas? <\/h2>    <p class=\"translation-block\">M\u00e1quina de etiquetagem de garrafas ou etiquetadora de garrafas \u00e9 usada para etiquetar garrafas, latas ou frascos autom\u00e1tica ou manualmente. Isto pode melhorar muito a sua produtividade. A longo prazo, uma m\u00e1quina de etiquetagem de garrafas pode poupar os seus custos e libertar a sua m\u00e3o de obra. Como todos sabemos, uma etiqueta n\u00e3o significa o conte\u00fado dos recipientes. Ela apresenta a imagem da nossa marca e mostra ao comprador a primeira impress\u00e3o do seu produto. Uma etiquetadora de garrafas \u00e9 mais precisa e eficiente do que um ser humano. No entanto, existem v\u00e1rias m\u00e1quinas de etiquetagem de garrafas no mercado, como m\u00e1quinas de etiquetagem de garrafas redondas, <a href=\"https:\/\/taizypackaging.com\/pt\/automatic-flat-labeling-machine\/\">m\u00e1quinas de etiquetagem de garrafas planas<\/a>, m\u00e1quinas de etiquetagem de garrafas quadradas e m\u00e1quinas de etiquetagem de garrafas de mesa. Qual delas \u00e9 a melhor para si deve ser de acordo com a sua situa\u00e7\u00e3o real. <\/p>    <h2 class=\"wp-block-heading\" id=\"h-the-application-of-semi-automatic-round-bottle-labeling-machine\">Aplica\u00e7\u00f5es da etiquetadora semiautom\u00e1tica de garrafas redondas<\/h2>    <p class=\"translation-block\">A etiquetadora de garrafas redondas \u00e9 um tipo de m\u00e1quina manual de etiquetagem de garrafas. Esta \u00e9 uma m\u00e1quina de etiquetagem adequada para etiquetar garrafas redondas como garrafas PET, garrafas de pl\u00e1stico, garrafas de vidro, garrafas de metal, latas e frascos. \u00c9 adequada para etiquetagem de produtos em v\u00e1rios campos. A m\u00e1quina manual de etiquetagem de garrafas pode etiquetar metal, \u00f3leo, medicamentos, roupas, iogurte, leite fresco, cosm\u00e9ticos, produtos de cuidados capilares, bebidas de sumo, bebidas gaseificadas e outros produtos. Pode etiquetar a garrafa com precis\u00e3o, e a forma de etiquetagem \u00e9 autoadesiva. Geralmente \u00e9 o equipamento adicional de uma m\u00e1quina de enchimento de l\u00edquidos e de uma <a href=\"https:\/\/taizypackaging.com\/pt\/fully-automatic-paste-filling-machine-for-100-5000ml\/\" target=\"_blank\" rel=\"noreferrer noopener\">m\u00e1quina de enchimento de pastas<\/a>.<\/p>    <figure class=\"wp-block-image size-large\"><img decoding=\"async\" src=\"https:\/\/taizypackaging.com\/wp-content\/uploads\/2021\/06\/labeling-sample.jpg\" alt=\"M\u00e1quina de rotulagem semiautom\u00e1tica de garrafas redondas usa\" class=\"wp-image-2207\"\/><figcaption class=\"wp-element-caption\">M\u00e1quina de rotulagem semiautom\u00e1tica de garrafas redondas usa<\/figcaption><\/figure>    <h2 class=\"wp-block-heading\" id=\"semi-automatic-round-bottle-labeling-machine-parameters\">Par\u00e2metros da m\u00e1quina de rotulagem de garrafas redondas semiautom\u00e1ticas<\/h2>    <figure class=\"wp-block-table\"><table><tbody><tr><td>Modelo<\/td><td>TZ-100<\/td><\/tr><tr><td>Poder<\/td><td>100W<\/td><\/tr><tr><td>Di\u00e2metro da garrafa<\/td><td>15-120mm<\/td><\/tr><tr><td>Velocidade da etiqueta<\/td><td>20-40 garrafas\/min<\/td><\/tr><tr><td>Tamanho da etiqueta<\/td><td>W26L25-W150L300<\/td><\/tr><tr><td>O di\u00e2metro interno do rolo de etiquetas<\/td><td>75mm<\/td><\/tr><tr><td>Di\u00e2metro externo do rolo de etiqueta<\/td><td>275mm<\/td><\/tr><tr><td>Tamanho da m\u00e1quina<\/td><td>650*345*450mm<\/td><\/tr><\/tbody><\/table><\/figure>    <h2 class=\"wp-block-heading\" id=\"h-workflow-and-video-of-semi-automatic-labeling-machine\">Fluxo de trabalho e v\u00eddeo da etiquetadora semiautom\u00e1tica<\/h2>    <ol class=\"wp-block-list\"> <li>O fluxo de trabalho espec\u00edfico \u00e9 o seguinte: Segure o bra\u00e7o oscilante da garrafa de press\u00e3o contra a garrafa redonda a ser rotulada.<\/li>    <li>O bra\u00e7o que pressiona a garrafa toca automaticamente o interruptor para ligar a correia do motor atual.<\/li>    <li>O papel de etiqueta gira para completar o trabalho de etiquetagem.<\/li> <\/ol>    <p>Durante a opera\u00e7\u00e3o, voc\u00ea pode etiquetar garrafas redondas de diferentes especifica\u00e7\u00f5es sem alterar nenhum acess\u00f3rio. Uma etiquetadora pode atender \u00e0 maioria das necessidades de etiquetagem de garrafas redondas. E iremos orient\u00e1-lo na opera\u00e7\u00e3o e manuten\u00e7\u00e3o da etiquetadora de garrafas redondas.<\/p>    <h2 class=\"wp-block-heading\" id=\"h-structure-of-manual-bottle-labeling-machine\">Detalhes da estrutura da etiquetadora manual de garrafas<\/h2>    <p>A etiquetadora manual \u00e9 composta principalmente por um motor, uma estrutura de posicionamento, uma bandeja de etiquetas, um olhal el\u00e9trico, um bra\u00e7o de press\u00e3o de garrafas, um rolo de posicionamento, uma placa de remo\u00e7\u00e3o de etiquetas e um interruptor de toque. Possui uma estrutura muito simples e um design perfeito, por isso \u00e9 f\u00e1cil de operar e manter. Al\u00e9m disso, a ado\u00e7\u00e3o de um motor famoso e a etiquetadora de garrafas para venda t\u00eam uma longa vida \u00fatil e bom desempenho. <\/p>    <figure class=\"wp-block-image size-large\"><img decoding=\"async\" src=\"https:\/\/taizypackaging.com\/wp-content\/uploads\/2021\/06\/structure-of-semi-automatic-labeling-machine.jpg\" alt=\"estrutura da etiquetadora semiautom\u00e1tica\" class=\"wp-image-2208\"\/><figcaption class=\"wp-element-caption\">estrutura da etiquetadora semiautom\u00e1tica<\/figcaption><\/figure>    <h2 class=\"wp-block-heading\" id=\"h-features-of-the-semi-automatic-round-bottle-labeling-machine\">Recursos\u00a0da etiquetadora semiautom\u00e1tica de garrafas redondas<\/h2>    <ol class=\"wp-block-list\"> <li>A m\u00e1quina \u00e9 feita de material de liga de alum\u00ednio.\u00a0Possui caracter\u00edsticas de peso, leveza, opera\u00e7\u00e3o simples e assim por diante.<\/li>    <li>O uso de olhos el\u00e9tricos avan\u00e7ados pode aumentar a sensibilidade de detec\u00e7\u00e3o de etiquetas. Possui\u00a0alta\u00a0precis\u00e3o de rotulagem e\u00a0design engenhoso. Voc\u00ea\u00a0s\u00f3 precisa colocar a garrafa\u00a0para finalizar a rotulagem autom\u00e1tica.<\/li>    <li>A etiquetadora manual de garrafas usa rolos de borracha de alta qualidade com bom desempenho de transmiss\u00e3o e opera\u00e7\u00e3o mais f\u00e1cil.<\/li>    <li>O bra\u00e7o oscilante de alum\u00ednio estendido e espesso tem uma ampla gama de aplica\u00e7\u00f5es e opera\u00e7\u00e3o mais f\u00e1cil.<\/li>    <li>Motor com freio s\u00edncrono, motor de alta pot\u00eancia e alta velocidade. A etiquetadora de adesivos para garrafas redondas pode funcionar de forma est\u00e1vel por um longo tempo.<\/li>    <li>O ajuste de posi\u00e7\u00e3o\u00a0simplifica a troca de rotulagem de garrafas de diferentes especifica\u00e7\u00f5es. E\u00a0a estabilidade mec\u00e2nica foi bastante melhorada.<\/li>    <li>Design de desktop\u00a0e estrutura simplificada. A etiquetadora manual de garrafas tem uma apar\u00eancia compacta e fun\u00e7\u00f5es poderosas.<\/li> <\/ol>    <h2 class=\"wp-block-heading\" id=\"h-machine-details-presentation\">Sistema semiautom\u00e1tico de etiquetadora de garrafas redondas<\/h2>    <ol class=\"wp-block-list\"> <li>O posicionamento da fibra \u00e9 mais preciso.<\/li>    <li>A etiquetadora manual possui uma bandeja de alimenta\u00e7\u00e3o de papel ajust\u00e1vel. Pode se adaptar a todos os tipos de etiquetas nas especifica\u00e7\u00f5es e \u00e9 f\u00e1cil de instalar.<\/li>    <li>A m\u00e1quina est\u00e1 equipada com rolos de recolha. O processo de rotulagem \u00e9 ajust\u00e1vel, seguro e conveniente. Isso pode melhorar a efici\u00eancia do trabalho.<\/li>    <li>Apoie o tubo Kun. \u00c9 conveniente ajustar e possui uma ampla gama de aplica\u00e7\u00f5es. Pode ser personalizado.<\/li>    <li>A etiquetadora semiautom\u00e1tica de garrafas redondas possui todas as porcas de a\u00e7o inoxid\u00e1vel. Este tipo de porca n\u00e3o deforma e \u00e9 dur\u00e1vel.<\/li>    <li>A fonte de alimenta\u00e7\u00e3o est\u00e1 equipada com uma fun\u00e7\u00e3o de prote\u00e7\u00e3o contra sobrecorrente. Se exceder a faixa normal de uso, o fus\u00edvel queimar\u00e1 automaticamente para proteger a m\u00e1quina.<\/li>    <li>A etiquetadora \u00e9 f\u00e1cil de operar. O bra\u00e7o oscilante espesso n\u00e3o deforma e \u00e9 dur\u00e1vel.<\/li> <\/ol>    <figure class=\"wp-block-image size-large\"><img decoding=\"async\" src=\"https:\/\/taizypackaging.com\/wp-content\/uploads\/2021\/06\/machine-details-3.jpg\" alt=\"detalhes da m\u00e1quina de rotulagem de garrafas semiautom\u00e1tica\" class=\"wp-image-2210\"\/><figcaption class=\"wp-element-caption\">detalhes da m\u00e1quina de rotulagem de garrafas semiautom\u00e1tica<\/figcaption><\/figure>    <h2 class=\"wp-block-heading\" id=\"why-choose-us-as-your-top-bottle-labeling-machine-manufacturer\">Por que nos escolher como seu principal fabricante de rotuladoras de garrafas?<\/h2>    <p class=\"translation-block\">Como uma empresa de <a href=\"https:\/\/taizypackaging.com\/pt\/\">m\u00e1quinas de embalagem<\/a> forte e confi\u00e1vel, a Taizy tem mais de 10 anos de experi\u00eancia em m\u00e1quinas alimentares e equipamentos de embalagem. <a href=\"https:\/\/taizypackaging.com\/pt\/machines-category\/labeling\/\">Todas as m\u00e1quinas de etiquetagem<\/a> podem ser personalizadas \u00e0s suas necessidades. Fornecemos uma linha completa de enchimento e selagem de alimentos e linha de embalagem de produtos. Esta m\u00e1quina manual de etiquetagem de garrafas tem um pre\u00e7o razo\u00e1vel, qualidade est\u00e1vel e desempenho avan\u00e7ado. Forneceremos servi\u00e7os \u00edntimos pr\u00e9-venda e p\u00f3s-venda. Se tiver alguma d\u00favida sobre a m\u00e1quina semiautom\u00e1tica de etiquetagem de garrafas ou quiser obter um or\u00e7amento gratuito, contacte-nos ou deixe os seus requisitos abaixo. <\/p>    <figure class=\"wp-block-image size-large\"><img decoding=\"async\" src=\"https:\/\/taizypackaging.com\/wp-content\/uploads\/2021\/06\/factory.jpg\" alt=\"f\u00e1brica de m\u00e1quinas de rotulagem\" class=\"wp-image-2209\"\/><figcaption class=\"wp-element-caption\">f\u00e1brica de m\u00e1quinas de rotulagem<\/figcaption><\/figure>    <h2 class=\"wp-block-heading\" id=\"h-q-a\">Perguntas e respostas sobre a etiquetadora semiautom\u00e1tica de garrafas Taizy<\/h2>    <p>1. Que tipo de garrafas a etiquetadora pode embalar?<\/p>    <p>Garrafas redondas de pl\u00e1stico, garrafas de vidro, garrafas de metal, potes, latas e assim por diante.<\/p>    <p>2. A etiquetadora pode rotular a garrafa em 1 c\u00edrculo ou meio c\u00edrculo?<\/p>    <p>Claro. Voc\u00ea pode ajustar a largura do pacote desejado de acordo com suas necessidades.<\/p>    <p>3. Qual \u00e9 a velocidade da etiquetadora?<\/p>    <p>Esta \u00e9 uma etiquetadora manual. Pessoas diferentes t\u00eam velocidades de rotulagem diferentes.<\/p>    <p>4. Qual \u00e9 o di\u00e2metro da garrafa que a etiquetadora pode embalar?<\/p>    <p>A etiquetadora pode etiquetar garrafas com di\u00e2metro acima de 3,5 cm. Se voc\u00ea deseja rotular garrafas com di\u00e2metro inferior a 3,5 cm, voc\u00ea pode escolher uma etiquetadora horizontal.<\/p>","protected":false},"excerpt":{"rendered":"<p>Semi automatic round bottle labeling machine is a small tabletop bottle labeler. It has a highly small size and low cost. Therefore, it is portable and very popular for small projects. Besides, the semi-automatic round bottle labeling machine has a wide range of applications. It can be applied for labeling various glass bottles, plastic bottles, [&hellip;]<\/p>\n","protected":false},"author":1,"featured_media":2206,"parent":0,"template":"","tags":[587,398],"product-type":[663],"class_list":["post-2200","product","type-product","status-publish","has-post-thumbnail","hentry","tag-bottle-labeling-machine","tag-round-bottle-labeling-machine","product-type-bottle-filling-production-line"],"_links":{"self":[{"href":"https:\/\/taizypackaging.com\/pt\/wp-json\/wp\/v2\/product\/2200","targetHints":{"allow":["GET"]}}],"collection":[{"href":"https:\/\/taizypackaging.com\/pt\/wp-json\/wp\/v2\/product"}],"about":[{"href":"https:\/\/taizypackaging.com\/pt\/wp-json\/wp\/v2\/types\/product"}],"author":[{"embeddable":true,"href":"https:\/\/taizypackaging.com\/pt\/wp-json\/wp\/v2\/users\/1"}],"wp:featuredmedia":[{"embeddable":true,"href":"https:\/\/taizypackaging.com\/pt\/wp-json\/wp\/v2\/media\/2206"}],"wp:attachment":[{"href":"https:\/\/taizypackaging.com\/pt\/wp-json\/wp\/v2\/media?parent=2200"}],"wp:term":[{"taxonomy":"post_tag","embeddable":true,"href":"https:\/\/taizypackaging.com\/pt\/wp-json\/wp\/v2\/tags?post=2200"},{"taxonomy":"product-type","embeddable":true,"href":"https:\/\/taizypackaging.com\/pt\/wp-json\/wp\/v2\/product-type?post=2200"}],"curies":[{"name":"wp","href":"https:\/\/api.w.org\/{rel}","templated":true}]}}