{"id":223,"date":"2020-08-25T07:30:31","date_gmt":"2020-08-25T07:30:31","guid":{"rendered":"https:\/\/taizypackaging.com\/?p=223"},"modified":"2024-07-16T17:58:55","modified_gmt":"2024-07-16T09:58:55","slug":"paste-packaging-machine","status":"publish","type":"product","link":"https:\/\/taizypackaging.com\/pt\/paste-packaging-machine\/","title":{"rendered":"M\u00e1quina de embalagem de pasta"},"content":{"rendered":"<div class=\"kk-star-ratings kksr-auto kksr-align-left kksr-valign-top\"     data-payload='{&quot;align&quot;:&quot;left&quot;,&quot;id&quot;:&quot;223&quot;,&quot;slug&quot;:&quot;default&quot;,&quot;valign&quot;:&quot;top&quot;,&quot;ignore&quot;:&quot;&quot;,&quot;reference&quot;:&quot;auto&quot;,&quot;class&quot;:&quot;&quot;,&quot;count&quot;:&quot;23&quot;,&quot;legendonly&quot;:&quot;&quot;,&quot;readonly&quot;:&quot;&quot;,&quot;score&quot;:&quot;4.6&quot;,&quot;starsonly&quot;:&quot;&quot;,&quot;best&quot;:&quot;5&quot;,&quot;gap&quot;:&quot;5&quot;,&quot;greet&quot;:&quot;Rate this product&quot;,&quot;legend&quot;:&quot;4.6\\\/5 - (23 votes)&quot;,&quot;size&quot;:&quot;24&quot;,&quot;title&quot;:&quot;Paste Packing Machine&quot;,&quot;width&quot;:&quot;130.9&quot;,&quot;_legend&quot;:&quot;{score}\\\/{best} - ({count} {votes})&quot;,&quot;font_factor&quot;:&quot;1.25&quot;}'>              <div class=\"kksr-stars\">      <div class=\"kksr-stars-inactive\">             <div class=\"kksr-star\" data-star=\"1\" style=\"padding-right: 5px\">               <div class=\"kksr-icon\" style=\"width: 24px; height: 24px;\"><\/div>         <\/div>             <div class=\"kksr-star\" data-star=\"2\" style=\"padding-right: 5px\">               <div class=\"kksr-icon\" style=\"width: 24px; height: 24px;\"><\/div>         <\/div>             <div class=\"kksr-star\" data-star=\"3\" style=\"padding-right: 5px\">               <div class=\"kksr-icon\" style=\"width: 24px; height: 24px;\"><\/div>         <\/div>             <div class=\"kksr-star\" data-star=\"4\" style=\"padding-right: 5px\">               <div class=\"kksr-icon\" style=\"width: 24px; height: 24px;\"><\/div>         <\/div>             <div class=\"kksr-star\" data-star=\"5\" style=\"padding-right: 5px\">               <div class=\"kksr-icon\" style=\"width: 24px; height: 24px;\"><\/div>         <\/div>     <\/div>      <div class=\"kksr-stars-active\" style=\"width: 130.9px;\">             <div class=\"kksr-star\" style=\"padding-right: 5px\">               <div class=\"kksr-icon\" style=\"width: 24px; height: 24px;\"><\/div>         <\/div>             <div class=\"kksr-star\" style=\"padding-right: 5px\">               <div class=\"kksr-icon\" style=\"width: 24px; height: 24px;\"><\/div>         <\/div>             <div class=\"kksr-star\" style=\"padding-right: 5px\">               <div class=\"kksr-icon\" style=\"width: 24px; height: 24px;\"><\/div>         <\/div>             <div class=\"kksr-star\" style=\"padding-right: 5px\">               <div class=\"kksr-icon\" style=\"width: 24px; height: 24px;\"><\/div>         <\/div>             <div class=\"kksr-star\" style=\"padding-right: 5px\">               <div class=\"kksr-icon\" style=\"width: 24px; height: 24px;\"><\/div>         <\/div>     <\/div> <\/div>                   <div class=\"kksr-legend\" style=\"font-size: 19.2px;\">             4,6\/5 - (23 votos)    <\/div>     <\/div>  <p class=\"translation-block\"><strong>A m\u00e1quina de embalagens em pur\u00e9<\/strong> foi concebida para materiais em pur\u00e9 que n\u00e3o t\u00eam boa fluidez, como manteiga de amendoim, pur\u00e9 de tomate, manteiga de s\u00e9samo, pasta dent\u00edrica, pasta de gengibre com alho, pur\u00e9 de curry, creme cosm\u00e9tico, lo\u00e7\u00e3o, etc. Pode concluir automaticamente o processo de pesagem, enchimento, selagem e corte. \u00c9, sem d\u00favida, uma excelente ferramenta de embalagens para a sua f\u00e1brica. Com boa qualidade e pre\u00e7os competitivos, o Taizy <strong>equipment de embalagens em pur\u00e9<\/strong> tem sido exportado com sucesso para mais de 30 pa\u00edses e regi\u00f5es. Se estiver interessado nesta m\u00e1quina, contacte-nos para o melhor or\u00e7amento. <\/p>    <h2 class=\"wp-block-heading\" id=\"paste-packing-machine-working-video\">V\u00eddeo de funcionamento da m\u00e1quina de embalagem de pasta <\/h2>   <figure class=\"wp-block-embed-youtube wp-block-embed is-type-video is-provider-youtube wp-embed-aspect-16-9 wp-has-aspect-ratio\"><div class=\"lyte-wrapper fourthree\" title=\"M\u00e1quina autom\u00e1tica supereficiente para embalagem de bolsas de pasta para molho, ketchup, mel e manteiga\" style=\"width:960px;max-width:100%;margin:5px auto;\"><div class=\"lyMe hidef\" id=\"WYL_32VXxg043VA\" itemprop=\"video\" itemscope itemtype=\"https:\/\/schema.org\/VideoObject\"><div><meta itemprop=\"thumbnailUrl\" content=\"https:\/\/taizypackaging.com\/wp-content\/plugins\/wp-youtube-lyte\/lyteCache.php?origThumbUrl=https%3A%2F%2Fi.ytimg.com%2Fvi%2F32VXxg043VA%2Fmaxresdefault.jpg\" \/><meta itemprop=\"embedURL\" content=\"https:\/\/www.youtube.com\/embed\/32VXxg043VA\" \/><meta itemprop=\"duration\" content=\"PT4M14S\" \/><meta itemprop=\"uploadDate\" content=\"2022-01-18T04:21:51Z\" \/><\/div><div id=\"lyte_32VXxg043VA\" data-src=\"https:\/\/taizypackaging.com\/wp-content\/plugins\/wp-youtube-lyte\/lyteCache.php?origThumbUrl=https%3A%2F%2Fi.ytimg.com%2Fvi%2F32VXxg043VA%2Fmaxresdefault.jpg\" class=\"pL\"><div class=\"tC\"><div class=\"tT\" itemprop=\"name\">M\u00e1quina autom\u00e1tica supereficiente para embalagem de bolsas de pasta para molho, ketchup, mel e manteiga<\/div><\/div><div class=\"play\"><\/div><div class=\"ctrl\"><div class=\"Lctrl\"><\/div><div class=\"Rctrl\"><\/div><\/div><\/div><noscript><a href=\"https:\/\/youtu.be\/32VXxg043VA\" rel=\"nofollow noopener\" target=\"_blank\"><img loading=\"lazy\" decoding=\"async\" src=\"https:\/\/taizypackaging.com\/wp-content\/plugins\/wp-youtube-lyte\/lyteCache.php?origThumbUrl=https%3A%2F%2Fi.ytimg.com%2Fvi%2F32VXxg043VA%2F0.jpg\" alt=\"M\u00e1quina autom\u00e1tica supereficiente para embalagem de bolsas de pasta para molho, ketchup, mel e manteiga\" width=\"960\" height=\"700\" \/><br \/>Assista a este v\u00eddeo no YouTube<\/a><\/noscript><meta itemprop=\"description\" content=\"Email: Email: info@taizypackaging.com Tel\/ WhatsApp: +86 18837171591 https:\/\/taizypackaging.com\/paste-packaging-machine\/ Automatic paste pouch packing machine is suitable for packing various paste items, such as sauce, honey, ketchup, butter, etc. It has a small size and attractive price. And it can greatly improve your efficiency and benefit your project. Advantages of automatic liquid packing machine 1. Wide range of packaging: suitable for liquids of various states and properties; 2. Convenient operation: PLC control and man-machine interface operating system make the operation intuitive and convenient; 3. Suitable for different types of packaging bags; 4. Perfect prevention system to ensure the yield rate and not waste bags and materials; 5. The packaging part of the machine adopts stainless steel materials to ensure the sanitation of the materials and comply with GMP standards; 6. The high degree of automation: unmanned in the whole process of weighing and packaging, automatic alarm when a failure occurs; 7. The liquid packaging machine adopts a waterproof design. You can wash it with water. it will reduce the difficulty of cleaning and increases the service life of the machine. Email: Email: info@taizypackaging.com Tel\/ WhatsApp: +86 18837171591\"><\/div><\/div><div class=\"lL\" style=\"max-width:100%;width:960px;margin:5px auto;\"><\/div><figcaption><\/figcaption><\/figure>   <h2 class=\"wp-block-heading\" id=\"h-applications-of-paste-packing-machine\">Aplica\u00e7\u00f5es da M\u00e1quina Embaladora de Pasta<\/h2>    <p class=\"translation-block\">A m\u00e1quina de embalar molhos \u00e9 uma <strong>m\u00e1quina de embalar pur\u00eas em sacos completamente autom\u00e1tica<\/strong>. Assim, possui fun\u00e7\u00f5es como fabrico autom\u00e1tico de sacos, enchimento quantitativo, identifica\u00e7\u00e3o fotoel\u00e9trica, selagem a quente e impress\u00e3o de data. Como sabemos, uma m\u00e1quina de embalar em saco \u00e9 adequada para materiais l\u00edquidos em pur\u00e9 nos sectores de condimentos alimentares, bebidas, medicina, qu\u00edmica di\u00e1ria, molhos, fertilizantes foliares, sacos de \u00f3leo, mel, champ\u00f4, cosm\u00e9ticos e outros embalagens de materiais.<\/p>    <figure class=\"wp-block-image size-full\"><img decoding=\"async\" src=\"https:\/\/taizypackaging.com\/wp-content\/uploads\/2020\/08\/paste-packing-machine-applications.jpg\" alt=\"aplica\u00e7\u00f5es de m\u00e1quinas de embalagem de pasta\" class=\"wp-image-4056\"\/><figcaption class=\"wp-element-caption\">aplica\u00e7\u00f5es de m\u00e1quinas de embalagem de pasta<\/figcaption><\/figure>    <h2 class=\"wp-block-heading\" id=\"h-product-parameter-of-paste-filling-packing-machine\">Par\u00e2metro do produto da m\u00e1quina de embalagem e enchimento de pasta<\/h2>    <figure class=\"wp-block-table\"><table><tbody><tr><td>Embalagem<\/td><td>Veda\u00e7\u00e3o traseira, veda\u00e7\u00e3o de 3 lados, veda\u00e7\u00e3o de 4 lados<\/td><\/tr><tr><td>Velocidade de embalagem<\/td><td>24-60 sacos\/min<\/td><\/tr><tr><td>Comprimento do saco<\/td><td>30-150 mm<\/td><\/tr><tr><td>Largura da bolsa<\/td><td>25-145mm<\/td><\/tr><tr><td>Faixa de pesagem<\/td><td>40ml ou 20-100ml<\/td><\/tr><tr><td>Poder<\/td><td>2,2 kW<\/td><\/tr><tr><td>Press\u00e3o do ar<\/td><td>0,6-0,7 MP<\/td><\/tr><tr><td>Peso<\/td><td>280kg<\/td><\/tr><tr><td>Tamanho<\/td><td>1150*700*1750mm<\/td><\/tr><tr><td>Tamanho da caixa<\/td><td>1100*750*1820mm<\/td><\/tr><\/tbody><\/table><\/figure>    <h2 class=\"wp-block-heading\" id=\"h-structures-of-automatic-paste-packaging-machine\">Estruturas da M\u00e1quina Autom\u00e1tica de Embalagem de Pasta<\/h2>    <p>Uma m\u00e1quina autom\u00e1tica de embalagem de pasta de molho consiste principalmente em um sistema de alimenta\u00e7\u00e3o e um sistema de embalagem. Inclui uma bobina de filme, funil, painel de controle PLC, m\u00e1quina de press\u00e3o de ar, dispositivo de selagem a quente, tampa protetora e roda de tra\u00e7\u00e3o de filme. Todas as nossas m\u00e1quinas de embalagem de pasta s\u00e3o usadas em material de a\u00e7o inoxid\u00e1vel, dur\u00e1vel e confi\u00e1vel. Esta m\u00e1quina possui uma estrutura muito simples e um design razo\u00e1vel. Portanto, \u00e9 bastante f\u00e1cil de operar e manter. Al\u00e9m disso, a Taizy Packaging Machinery oferece um servi\u00e7o p\u00f3s-venda \u00edntimo e confi\u00e1vel para resolver seus problemas em tempo h\u00e1bil. <\/p>    <figure class=\"wp-block-image size-full\"><img loading=\"lazy\" decoding=\"async\" width=\"720\" height=\"540\" src=\"https:\/\/taizypackaging.com\/wp-content\/uploads\/2020\/08\/paste-packing-machine-structure.jpg\" alt=\"estrutura da m\u00e1quina de embalagem de pasta\" class=\"wp-image-4057\" srcset=\"https:\/\/taizypackaging.com\/wp-content\/uploads\/2020\/08\/paste-packing-machine-structure.jpg 720w, https:\/\/taizypackaging.com\/wp-content\/uploads\/2020\/08\/paste-packing-machine-structure-300x225.jpg 300w\" sizes=\"auto, (max-width: 720px) 100vw, 720px\" \/><figcaption class=\"wp-element-caption\">estrutura da m\u00e1quina de embalagem de pasta<\/figcaption><\/figure>    <h2 class=\"wp-block-heading\" id=\"h-advantages-of-paste-pouch-packing-machine\">Vantagens da m\u00e1quina embaladora de bolsas para pasta<\/h2>    <p class=\"translation-block\"><strong>A m\u00e1quina de embalar pur\u00eas em saco<\/strong> adota integra\u00e7\u00e3o eletromec\u00e2nica, um sistema de controlo de microcomputador dual CPU e um ecr\u00e3 LCD de grande dimens\u00e3o. Al\u00e9m disso, a m\u00e1quina de embalagem de pur\u00eas para molhos adota um sistema de controlo por fotoeletricidade com rastreio de corre\u00e7\u00e3o. Est\u00e1 equipada com um motor de passo de alta precis\u00e3o e posiciona com precis\u00e3o o padr\u00e3o de cada saco de embalagem. <\/p>    <p>Um sistema de controle completa a sincroniza\u00e7\u00e3o, comprimento fixo, posicionamento e velocidade de toda a m\u00e1quina.  O mais importante \u00e9 que ele pode diagnosticar falhas automaticamente. Voc\u00ea pode optar por equipar-se com uma m\u00e1quina de codifica\u00e7\u00e3o de fita ou um dispositivo de codifica\u00e7\u00e3o de est\u00eancil. A m\u00e1quina embaladora de molho de ketchup pode concluir automaticamente uma s\u00e9rie de a\u00e7\u00f5es, como confec\u00e7\u00e3o de sacos, enchimento, contagem, selagem e corte. <\/p>    <p>N\u00e3o h\u00e1 necessidade de parar durante todo o processo de ajuste e n\u00e3o h\u00e1 necessidade de parar ao ajustar o peso.<\/p>    <figure class=\"wp-block-image size-full\"><img decoding=\"async\" src=\"https:\/\/taizypackaging.com\/wp-content\/uploads\/2020\/08\/paste-packaging-machine-pump.jpg\" alt=\"bomba de m\u00e1quina de embalagem de pasta\" class=\"wp-image-4058\"\/><figcaption class=\"wp-element-caption\">bomba de m\u00e1quina de embalagem de pasta<\/figcaption><\/figure>    <h2 class=\"wp-block-heading\" id=\"h-packaging-methods-and-packaging-materials\">M\u00e9todos de embalagem e materiais de embalagem<\/h2>    <h3 class=\"wp-block-heading\" id=\"h-package-method\">M\u00e9todo de pacote<\/h3>    <p>Esta m\u00e1quina de embalagem de pasta suporta m\u00e9todos de veda\u00e7\u00e3o traseira, veda\u00e7\u00e3o de tr\u00eas lados e veda\u00e7\u00e3o de quatro lados. Al\u00e9m disso, oferece diversos m\u00e9todos de selagem de sacos, como zigue-zague, saco de corrente, saco reto, etc. <\/p>    <figure class=\"wp-block-gallery has-nested-images columns-3 is-cropped wp-block-gallery-2 is-layout-flex wp-block-gallery-is-layout-flex\"> <figure class=\"wp-block-image size-large\"><a href=\"https:\/\/taizypackaging.com\/wp-content\/uploads\/2020\/08\/chili-sauce-packing.jpg\"><img decoding=\"async\" data-id=\"1132\" src=\"https:\/\/taizypackaging.com\/wp-content\/uploads\/2020\/08\/chili-sauce-packing.jpg\" alt=\"embalagem de molho de pimenta\" class=\"wp-image-1132\"\/><\/a><\/figure>    <figure class=\"wp-block-image size-large\"><a href=\"https:\/\/taizypackaging.com\/wp-content\/uploads\/2020\/08\/chain-bag.jpg\"><img decoding=\"async\" data-id=\"1130\" src=\"https:\/\/taizypackaging.com\/wp-content\/uploads\/2020\/08\/chain-bag.jpg\" alt=\"bolsa de corrente\" class=\"wp-image-1130\"\/><\/a><\/figure>    <figure class=\"wp-block-image size-large\"><a href=\"https:\/\/taizypackaging.com\/wp-content\/uploads\/2020\/08\/Shampoo-packaging.jpg\"><img decoding=\"async\" data-id=\"1133\" src=\"https:\/\/taizypackaging.com\/wp-content\/uploads\/2020\/08\/Shampoo-packaging.jpg\" alt=\"Embalagem de shampoo\" class=\"wp-image-1133\"\/><\/a><\/figure> <\/figure>    <h3 class=\"wp-block-heading\" id=\"h-packing-film-material\">Material de filme de embalagem<\/h3>    <div class=\"wp-block-columns is-layout-flex wp-container-core-columns-is-layout-9d6595d7 wp-block-columns-is-layout-flex\"> <div class=\"wp-block-column is-layout-flow wp-block-column-is-layout-flow\"> <figure class=\"wp-block-image size-full\"><img decoding=\"async\" src=\"https:\/\/taizypackaging.com\/wp-content\/uploads\/2020\/08\/packaging-film-3.jpg\" alt=\"filme de embalagem\" class=\"wp-image-4068\"\/><\/figure> <\/div>    <div class=\"wp-block-column is-layout-flow wp-block-column-is-layout-flow\"> <figure class=\"wp-block-image size-full\"><img decoding=\"async\" src=\"https:\/\/taizypackaging.com\/wp-content\/uploads\/2020\/08\/packing-film.jpg\" alt=\"filme de embalagem\" class=\"wp-image-4069\"\/><\/figure> <\/div> <\/div>    <h2 class=\"wp-block-heading\" id=\"h-why-choose-us-as-your-top-paste-packaging-machine-manufacturer\">Por que nos escolher como seu principal fabricante de m\u00e1quinas de embalagem de pasta? <\/h2>    <p>Somos fabricantes profissionais de m\u00e1quinas de embalagem de molhos. Nossa empresa atua nesta \u00e1rea h\u00e1 mais de dez anos. Podemos fornecer m\u00e1quinas de alta qualidade e um servi\u00e7o p\u00f3s-venda perfeito. Nossa f\u00e1brica possui um grande estoque de m\u00e1quinas de embalagem, e enviaremos as m\u00e1quinas na primeira vez que recebermos seu pedido. Todas as m\u00e1quinas de embalagem s\u00e3o personaliz\u00e1veis.<\/p>    <figure class=\"wp-block-image size-full\"><img decoding=\"async\" src=\"https:\/\/taizypackaging.com\/wp-content\/uploads\/2020\/08\/paste-packing-machine-factory.jpg\" alt=\"f\u00e1brica de m\u00e1quinas de embalagem de pasta\" class=\"wp-image-4065\"\/><figcaption class=\"wp-element-caption\">f\u00e1brica de m\u00e1quinas de embalagem de pasta<\/figcaption><\/figure>    <h2 class=\"wp-block-heading\" id=\"h-customer-case\">Caso do cliente<\/h2>    <p>No in\u00edcio de outubro, nosso cliente equatoriano deixou uma mensagem em nosso site. Ele disse que queria uma m\u00e1quina de embalar pasta para embalar ketchup. Ele trabalha em uma loja particular de macarr\u00e3o. Ent\u00e3o ele quer embalar o ketchup em saquinhos pequenos, que sejam f\u00e1ceis de transportar. De acordo com seu or\u00e7amento, recomendamos a ele a menor embaladora de pasta. Como sabemos, o ketchup \u00e9 um alimento \u00e1cido, adequado para filmes de embalagem PET, AL, PET, PE. Al\u00e9m disso, o cliente necessita de um dispositivo f\u00e1cil de rasgar. Al\u00e9m disso, ele queria embalar materiais pastosos, como molhos, molho picante e tahine. Ent\u00e3o mandamos para ele duas bombas de pasta. A velocidade de embalagem \u00e9 controlada em 20 sacos por minuto.<\/p>    <h2 class=\"wp-block-heading\" id=\"details-of-paste-packing-equipment\">Detalhes do equipamento de embalagem de pasta <\/h2>    <figure class=\"wp-block-image size-full\"><img decoding=\"async\" src=\"https:\/\/taizypackaging.com\/wp-content\/uploads\/2020\/08\/paste-packing-machine-details.jpg\" alt=\"colar detalhes da m\u00e1quina de embalagem\" class=\"wp-image-4060\"\/><figcaption class=\"wp-element-caption\">colar detalhes da m\u00e1quina de embalagem<\/figcaption><\/figure>    <p>&nbsp;<\/p>","protected":false},"excerpt":{"rendered":"<p>Paste packing machine is designed for paste materials that do not have good fluidity, such as peanut butter, tomato paste, sesame butter, toothpaste, ginger garlic paste, curry paste, cosmetic cream, lotion, etc. It can automatically finish the process of weighing, filling, sealing, and cutting. It is absolutely a great packaging tool for your factory. With [&hellip;]<\/p>\n","protected":false},"author":1,"featured_media":765,"parent":0,"template":"","tags":[338,584,585],"product-type":[662],"class_list":["post-223","product","type-product","status-publish","has-post-thumbnail","hentry","tag-paste-packing-machine","tag-tomato-paste-packing-machine","tag-toothpaste-packing-machine","product-type-paste-packing-machines"],"_links":{"self":[{"href":"https:\/\/taizypackaging.com\/pt\/wp-json\/wp\/v2\/product\/223","targetHints":{"allow":["GET"]}}],"collection":[{"href":"https:\/\/taizypackaging.com\/pt\/wp-json\/wp\/v2\/product"}],"about":[{"href":"https:\/\/taizypackaging.com\/pt\/wp-json\/wp\/v2\/types\/product"}],"author":[{"embeddable":true,"href":"https:\/\/taizypackaging.com\/pt\/wp-json\/wp\/v2\/users\/1"}],"wp:featuredmedia":[{"embeddable":true,"href":"https:\/\/taizypackaging.com\/pt\/wp-json\/wp\/v2\/media\/765"}],"wp:attachment":[{"href":"https:\/\/taizypackaging.com\/pt\/wp-json\/wp\/v2\/media?parent=223"}],"wp:term":[{"taxonomy":"post_tag","embeddable":true,"href":"https:\/\/taizypackaging.com\/pt\/wp-json\/wp\/v2\/tags?post=223"},{"taxonomy":"product-type","embeddable":true,"href":"https:\/\/taizypackaging.com\/pt\/wp-json\/wp\/v2\/product-type?post=223"}],"curies":[{"name":"wp","href":"https:\/\/api.w.org\/{rel}","templated":true}]}}