{"id":2233,"date":"2021-07-07T08:37:41","date_gmt":"2021-07-07T08:37:41","guid":{"rendered":"https:\/\/taizypackaging.com\/?p=2233"},"modified":"2024-07-17T17:00:37","modified_gmt":"2024-07-17T09:00:37","slug":"round-bottle-labeling-machine","status":"publish","type":"product","link":"https:\/\/taizypackaging.com\/pt\/round-bottle-labeling-machine\/","title":{"rendered":"M\u00e1quina autom\u00e1tica de rotulagem de garrafas redondas"},"content":{"rendered":"<div class=\"kk-star-ratings kksr-auto kksr-align-left kksr-valign-top\"     data-payload='{&quot;align&quot;:&quot;left&quot;,&quot;id&quot;:&quot;2233&quot;,&quot;slug&quot;:&quot;default&quot;,&quot;valign&quot;:&quot;top&quot;,&quot;ignore&quot;:&quot;&quot;,&quot;reference&quot;:&quot;auto&quot;,&quot;class&quot;:&quot;&quot;,&quot;count&quot;:&quot;11&quot;,&quot;legendonly&quot;:&quot;&quot;,&quot;readonly&quot;:&quot;&quot;,&quot;score&quot;:&quot;4.6&quot;,&quot;starsonly&quot;:&quot;&quot;,&quot;best&quot;:&quot;5&quot;,&quot;gap&quot;:&quot;5&quot;,&quot;greet&quot;:&quot;Rate this product&quot;,&quot;legend&quot;:&quot;4.6\\\/5 - (11 votes)&quot;,&quot;size&quot;:&quot;24&quot;,&quot;title&quot;:&quot;Automatic Round Bottle Labeling Machine&quot;,&quot;width&quot;:&quot;130.9&quot;,&quot;_legend&quot;:&quot;{score}\\\/{best} - ({count} {votes})&quot;,&quot;font_factor&quot;:&quot;1.25&quot;}'>              <div class=\"kksr-stars\">      <div class=\"kksr-stars-inactive\">             <div class=\"kksr-star\" data-star=\"1\" style=\"padding-right: 5px\">               <div class=\"kksr-icon\" style=\"width: 24px; height: 24px;\"><\/div>         <\/div>             <div class=\"kksr-star\" data-star=\"2\" style=\"padding-right: 5px\">               <div class=\"kksr-icon\" style=\"width: 24px; height: 24px;\"><\/div>         <\/div>             <div class=\"kksr-star\" data-star=\"3\" style=\"padding-right: 5px\">               <div class=\"kksr-icon\" style=\"width: 24px; height: 24px;\"><\/div>         <\/div>             <div class=\"kksr-star\" data-star=\"4\" style=\"padding-right: 5px\">               <div class=\"kksr-icon\" style=\"width: 24px; height: 24px;\"><\/div>         <\/div>             <div class=\"kksr-star\" data-star=\"5\" style=\"padding-right: 5px\">               <div class=\"kksr-icon\" style=\"width: 24px; height: 24px;\"><\/div>         <\/div>     <\/div>      <div class=\"kksr-stars-active\" style=\"width: 130.9px;\">             <div class=\"kksr-star\" style=\"padding-right: 5px\">               <div class=\"kksr-icon\" style=\"width: 24px; height: 24px;\"><\/div>         <\/div>             <div class=\"kksr-star\" style=\"padding-right: 5px\">               <div class=\"kksr-icon\" style=\"width: 24px; height: 24px;\"><\/div>         <\/div>             <div class=\"kksr-star\" style=\"padding-right: 5px\">               <div class=\"kksr-icon\" style=\"width: 24px; height: 24px;\"><\/div>         <\/div>             <div class=\"kksr-star\" style=\"padding-right: 5px\">               <div class=\"kksr-icon\" style=\"width: 24px; height: 24px;\"><\/div>         <\/div>             <div class=\"kksr-star\" style=\"padding-right: 5px\">               <div class=\"kksr-icon\" style=\"width: 24px; height: 24px;\"><\/div>         <\/div>     <\/div> <\/div>                   <div class=\"kksr-legend\" style=\"font-size: 19.2px;\">             4,6\/5 - (11 votos)    <\/div>     <\/div>  <p class=\"translation-block\"><strong>A m\u00e1quina de rotulagem autom\u00e1tica para garrafas redondas<\/strong> pode concluir completamente o processo de rotulagem de v\u00e1rias garrafas. \u00c9 adequada para garrafas pl\u00e1sticas, garrafas de vidro, garrafas met\u00e1licas, latas redondas, potes, etc. Como sabemos, o r\u00f3tulo \u00e9 importante para um produto, n\u00e3o s\u00f3 representa uma marca, mas tamb\u00e9m mostra aos compradores a primeira impress\u00e3o do seu produto. Esta m\u00e1quina de rotulagem autom\u00e1tica pode ajudar a rotular seus produtos de forma atraente e bonita. <strong>Taizy<\/strong> \u00e9 um fabricante profissional de m\u00e1quinas de rotulagem na China, fornecendo v\u00e1rias m\u00e1quinas de rotulagem de garrafas \u00e0 venda, como m\u00e1quina de rotulagem autom\u00e1tica, <a href=\"https:\/\/taizypackaging.com\/pt\/semi-automatic-round-bottle-labeling-machine-for-sale\/\">m\u00e1quina de rotulagem semi-autom\u00e1tica<\/a>, e m\u00e1quina de rotulagem plana. Todas as nossas m\u00e1quinas s\u00e3o projetadas e fabricadas de acordo com padr\u00f5es internacionais. Voc\u00ea est\u00e1 interessado em uma m\u00e1quina de rotulagem de garrafas? Entre em contato conosco para uma lista de pre\u00e7os gratuita. <\/p>   <figure class=\"wp-block-embed-youtube wp-block-embed is-type-video is-provider-youtube wp-embed-aspect-16-9 wp-has-aspect-ratio\"><div class=\"lyte-wrapper fourthree\" title=\"Rotuladoras autom\u00e1ticas de garrafas redondas\" style=\"width:960px;max-width:100%;margin:5px auto;\"><div class=\"lyMe hidef\" id=\"WYL_CCdx5K88i5Q\" itemprop=\"video\" itemscope itemtype=\"https:\/\/schema.org\/VideoObject\"><div><meta itemprop=\"thumbnailUrl\" content=\"https:\/\/taizypackaging.com\/wp-content\/plugins\/wp-youtube-lyte\/lyteCache.php?origThumbUrl=https%3A%2F%2Fi.ytimg.com%2Fvi%2FCCdx5K88i5Q%2Fmaxresdefault.jpg\" \/><meta itemprop=\"embedURL\" content=\"https:\/\/www.youtube.com\/embed\/CCdx5K88i5Q\" \/><meta itemprop=\"duration\" content=\"PT2M59S\" \/><meta itemprop=\"uploadDate\" content=\"2021-07-07T06:05:11Z\" \/><\/div><meta itemprop=\"accessibilityFeature\" content=\"captions\" \/><div id=\"lyte_CCdx5K88i5Q\" data-src=\"https:\/\/taizypackaging.com\/wp-content\/plugins\/wp-youtube-lyte\/lyteCache.php?origThumbUrl=https%3A%2F%2Fi.ytimg.com%2Fvi%2FCCdx5K88i5Q%2Fmaxresdefault.jpg\" class=\"pL\"><div class=\"tC\"><div class=\"tT\" itemprop=\"name\">Rotuladoras autom\u00e1ticas de garrafas redondas<\/div><\/div><div class=\"play\"><\/div><div class=\"ctrl\"><div class=\"Lctrl\"><\/div><div class=\"Rctrl\"><\/div><\/div><\/div><noscript><a href=\"https:\/\/youtu.be\/CCdx5K88i5Q\" rel=\"nofollow noopener\" target=\"_blank\"><img loading=\"lazy\" decoding=\"async\" src=\"https:\/\/taizypackaging.com\/wp-content\/plugins\/wp-youtube-lyte\/lyteCache.php?origThumbUrl=https%3A%2F%2Fi.ytimg.com%2Fvi%2FCCdx5K88i5Q%2F0.jpg\" alt=\"Rotuladoras autom\u00e1ticas de garrafas redondas\" width=\"960\" height=\"700\" \/><br \/>Assista a este v\u00eddeo no YouTube<\/a><\/noscript><meta itemprop=\"description\" content=\"Whatsapp\/Wechat\/Tel\uff1a+86 19139754781 Learn more details:https:\/\/taizypackaging.com\/round-bottle-labeling-machine\/ Automatic positioning round bottle labeling machine is suitable for labeling on the circumference of round bottles, single and double labels can be applied, and the spacing between the front and back double labels can be flexibly adjusted, such as jelly bottles, food round cans, etc. It is widely used in cosmetics, food, medicine, sterilized water, and other industries. Selecting a circumferential positioning detection device can realize labeling at the specified position on the circumferential surface.\"><\/div><\/div><div class=\"lL\" style=\"max-width:100%;width:960px;margin:5px auto;\"><\/div><figcaption><\/figcaption><\/figure>   <h2 class=\"wp-block-heading\" id=\"h-introduction-of-round-bottle-labeling-machine\">Introdu\u00e7\u00e3o da etiquetadora autom\u00e1tica de garrafas redondas<\/h2>    <p class=\"translation-block\">A m\u00e1quina de rotulagem autom\u00e1tica com posicionamento redondo \u00e9 adequada para rotulagem em toda a circunfer\u00eancia de garrafas redondas, r\u00f3tulos simples e duplos podem ser aplicados. O intervalo entre os dois r\u00f3tulos pode ser ajustado de forma flex\u00edvel. \u00c9 amplamente utilizada em cosm\u00e9ticos, alimentos, medicamentos, \u00e1gua esterilizada e outras ind\u00fastrias. A m\u00e1quina de rotulagem autom\u00e1tica com posicionamento redondo pode ser usada com outras m\u00e1quinas, como as <a rel=\"noreferrer noopener\" href=\"https:\/\/taizypackaging.com\/pt\/automatic-liquid-filling-machine\/\" target=\"_blank\">m\u00e1quinas autom\u00e1ticas de enchimento de l\u00edquidos<\/a>.<\/p>    <h2 class=\"wp-block-heading\" id=\"h-application-of-automatic-round-bottle-labeling-machine\">Aplica\u00e7\u00f5es da etiquetadora autom\u00e1tica de garrafas redondas<\/h2>    <p>Como o rotulador de garrafas redondas de posicionamento autom\u00e1tico pode aplicar r\u00f3tulos, filmes autoadesivos, c\u00f3digos de supervis\u00e3o eletr\u00f4nicos e c\u00f3digos de barras na circunfer\u00eancia de produtos cil\u00edndricos, ele pode realizar as fun\u00e7\u00f5es de circunfer\u00eancia circular, semicircular, rotulagem circular dupla-face, etc. Portanto, \u00e9 amplamente utilizado na rotulagem de recipientes em diversos setores, como bebidas, produtos qu\u00edmicos di\u00e1rios, alimentos, farmac\u00eauticos, petroqu\u00edmicos, cosm\u00e9ticos, etc.<\/p>    <figure class=\"wp-block-image size-large\"><img decoding=\"async\" src=\"https:\/\/taizypackaging.com\/wp-content\/uploads\/2021\/07\/labeling-machines-for-all-kinds-of-bottles.jpg\" alt=\"aplica\u00e7\u00f5es de m\u00e1quinas autom\u00e1ticas de rotulagem de garrafas redondas\" class=\"wp-image-2235\"\/><figcaption class=\"wp-element-caption\">aplica\u00e7\u00f5es de m\u00e1quinas autom\u00e1ticas de rotulagem de garrafas redondas<\/figcaption><\/figure>    <h2 class=\"wp-block-heading\" id=\"h-machine-parameters\">Par\u00e2metros da m\u00e1quina de rotulagem autom\u00e1tica de garrafas redondas <\/h2>    <figure class=\"wp-block-table is-style-stripes\"><table><tbody><tr><td>Poder<\/td><td>CA 220 V\/500 W\/50\/60 Hz<\/td><\/tr><tr><td>Faixa de quantidade de embalagem<\/td><td>0~25 garrafa\/min<\/td><\/tr><tr><td>Precis\u00e3o de rotulagem<\/td><td>\u00b11 mm<\/td><\/tr><tr><td>Faixa de rotulagem aplic\u00e1vel<\/td><td>Altura: 15 ~ 200 mm Comprimento: 20 ~ 400 mm<\/td><\/tr><tr><td>Fornecimento m\u00e1ximo de etiquetagem<\/td><td>Di\u00e2metro: 400mm Di\u00e2metro do tambor: 76mm<\/td><\/tr><tr><td>Peso<\/td><td>200kg<\/td><\/tr><\/tbody><\/table><\/figure>    <h2 class=\"wp-block-heading\" id=\"h-features-of-automatic-round-bottle-labeler\">Recursos da etiquetadora autom\u00e1tica de garrafas redondas<\/h2>    <ol class=\"wp-block-list\" id=\"block-aeff97e6-c0a4-4095-bf9a-28e5d9015ede\"> <li><strong>Ampla gama de aplica\u00e7\u00f5es:<\/strong>&nbsp;Metal, vidro, pl\u00e1stico, PET e outros objetos de diversos materiais podem ser adaptados; Etiquetas autoadesivas, filme autoadesivo, c\u00f3digo de supervis\u00e3o eletr\u00f4nico, c\u00f3digo de barras e etiquetas de c\u00f3digo bidimensional tamb\u00e9m podem ser adaptadas.<\/li>    <li><strong>Preciso e confi\u00e1vel:<\/strong>&nbsp;Bom efeito de rotulagem, precis\u00e3o \u00b1 1mm; Usando PLC + acionamento de motor de passo de subdivis\u00e3o para alimentar o padr\u00e3o, o padr\u00e3o de entrega; Usando mecanismo de freio de came, tens\u00e3o uniforme, para garantir que a correia da etiqueta esteja esticada, reduza a retirada da etiqueta, para garantir a detec\u00e7\u00e3o precisa da etiqueta; Correia de etiqueta ao redor do mecanismo de corre\u00e7\u00e3o, para evitar o desvio da etiqueta para a esquerda e para a direita, para garantir a precis\u00e3o da etiqueta.<\/li>    <li><strong>Controle inteligente e opera\u00e7\u00e3o simples:<\/strong>&nbsp;Design humanizado, controle de programa\u00e7\u00e3o PLC, opera\u00e7\u00e3o com tela de toque colorida grande, interface de opera\u00e7\u00e3o chinesa completa, fun\u00e7\u00e3o de mem\u00f3ria de dados poderosa e conveniente e intuitiva, pode armazenar 50 grupos de par\u00e2metros de rotulagem, opera\u00e7\u00e3o simples e r\u00e1pida; Indica\u00e7\u00e3o de falha perfeita e fun\u00e7\u00e3o de ajuda.<\/li>    <li><strong>Excelente sele\u00e7\u00e3o e qualidade de materiais:<\/strong>&nbsp;Usamos a\u00e7o inoxid\u00e1vel e placas de liga de alum\u00ednio de alta qualidade como material principal, que s\u00e3o r\u00edgidos e n\u00e3o deformados, livres de ferrugem e bonitos. Ao mesmo tempo, s\u00e3o fabricados de acordo com o sistema de gest\u00e3o de qualidade ISO9001, nosso produto foca na qualidade e na experi\u00eancia do usu\u00e1rio, em linha com os excelentes padr\u00f5es de fabrica\u00e7\u00e3o da GMP.<\/li> <\/ol>    <h2 class=\"wp-block-heading\" id=\"how-does-an-automatic-bottle-labeling-machine-work\">Como funciona uma etiquetadora autom\u00e1tica de garrafas?<\/h2>    <ol class=\"wp-block-list\"> <li>Coloque a correia transportadora do produto que pode ser conectada \u00e0 linha de montagem<\/li>    <li>Transporte<\/li>    <li>Separa\u00e7\u00e3o<\/li>    <li>Teste<\/li>    <li>Posicionamento<\/li>    <li>Rotulagem e reetiquetagem<\/li>    <li>Coletando produtos rotulados<\/li> <\/ol>    <h2 class=\"wp-block-heading\" id=\"h-structure-of-automatic-labeling-machine-for-round-bottles\">Estruturas de etiquetadora autom\u00e1tica para garrafas redondas<\/h2>    <p>Uma etiquetadora autom\u00e1tica de garrafas consiste principalmente nessas pe\u00e7as, um sistema de painel de controle, transportador, bobina, roda de rotulagem, roda de parada de garrafas, slot para cart\u00e3o de etiquetagem, roda de largura ajust\u00e1vel, roda de ajuste de altura, estrutura do corpo em a\u00e7o inoxid\u00e1vel. Com um design razo\u00e1vel, a etiquetadora de garrafas \u00e9 f\u00e1cil de instalar, operar e manter. Al\u00e9m disso, todas as nossas m\u00e1quinas utilizam motores famosos e materiais dur\u00e1veis, que tornam o equipamento longa vida \u00fatil e bom desempenho. <\/p>    <figure class=\"wp-block-image size-large\"><img decoding=\"async\" src=\"https:\/\/taizypackaging.com\/wp-content\/uploads\/2021\/07\/structure-of-automatic-round-bottle-labeling-machine.jpg\" alt=\"estrutura da m\u00e1quina de rotulagem autom\u00e1tica de garrafas\" class=\"wp-image-2236\"\/><figcaption class=\"wp-element-caption\">estrutura da m\u00e1quina de rotulagem autom\u00e1tica de garrafas<\/figcaption><\/figure>    <h2 class=\"wp-block-heading\" id=\"h-operating-principle-and-procedure-of-round-bottle-sticker-labeling-machine\">Princ\u00edpio de funcionamento da etiquetadora de adesivos para garrafas redondas<\/h2>    <p>Princ\u00edpio de funcionamento: Coloque o produto na esteira transportadora, entre no mecanismo de divis\u00e3o de garrafas, ap\u00f3s o mecanismo de divis\u00e3o de garrafas separar o produto, o sensor detecta a passagem do produto e envia de volta o sinal para o sistema de controle de rotulagem, na posi\u00e7\u00e3o apropriada o controle o sistema controla o motor correspondente para enviar a etiqueta e fix\u00e1-la na posi\u00e7\u00e3o do produto a ser rotulado e, ao mesmo tempo, sobrepor a etiqueta, a a\u00e7\u00e3o de rotulagem \u00e9 conclu\u00edda.<\/p>    <h2 class=\"wp-block-heading\" id=\"h-details-of-sticker-labeling-machine-for-round-bottles\">Detalhes da etiquetadora de adesivos para garrafas redondas<\/h2>    <figure class=\"wp-block-image size-large\"><img loading=\"lazy\" decoding=\"async\" width=\"720\" height=\"540\" src=\"https:\/\/taizypackaging.com\/wp-content\/uploads\/2021\/07\/The-details-of-automatic-round-bottle-labeling-machine.jpg\" alt=\"\" class=\"wp-image-2237\" srcset=\"https:\/\/taizypackaging.com\/wp-content\/uploads\/2021\/07\/The-details-of-automatic-round-bottle-labeling-machine.jpg 720w, https:\/\/taizypackaging.com\/wp-content\/uploads\/2021\/07\/The-details-of-automatic-round-bottle-labeling-machine-300x225.jpg 300w\" sizes=\"auto, (max-width: 720px) 100vw, 720px\" \/><figcaption class=\"wp-element-caption\">Detalhes da etiquetadora de adesivos para garrafas redondas<\/figcaption><\/figure>    <h2 class=\"wp-block-heading\" id=\"lable-printer-machine-for-bottles-factory\">M\u00e1quina impressora de etiquetas para f\u00e1brica de garrafas<\/h2>    <p class=\"translation-block\"><a href=\"https:\/\/taizypackaging.com\/pt\/\">Taizy Packaging Machinery Co., Ltd<\/a> tem mais de 10 anos de experi\u00eancia em equipamentos de rotulagem, vendemos milhares de m\u00e1quinas para mais de 30 pa\u00edses e regi\u00f5es, e oferecemos servi\u00e7o personalizado de acordo com suas diferentes necessidades. Enquanto isso, temos um sistema de envio completo para garantir que todos os produtos sejam devidamente embalados. E temos uma equipe altamente qualificada para garantir o bom desempenho e a entrega r\u00e1pida de nossas m\u00e1quinas. Procurando uma f\u00e1brica confi\u00e1vel e robusta de m\u00e1quinas de rotulagem de garrafas? Deixe sua mensagem e n\u00f3s entraremos em contato com voc\u00ea o mais r\u00e1pido poss\u00edvel. <\/p>    <figure class=\"wp-block-image size-large\"><img decoding=\"async\" src=\"https:\/\/taizypackaging.com\/wp-content\/uploads\/2021\/07\/The-shipment-of-round-bottle-sticker-labeling-machine.jpg\" alt=\"m\u00e1quina de rotulagem de garrafas pronta para envio\" class=\"wp-image-2238\"\/><figcaption class=\"wp-element-caption\">m\u00e1quina de rotulagem de garrafas pronta para envio<\/figcaption><\/figure>    <h2 class=\"wp-block-heading\" id=\"h-faq\">Perguntas frequentes sobre etiquetadora autom\u00e1tica para venda <\/h2>    <div class=\"schema-faq wp-block-yoast-faq-block\"><div class=\"schema-faq-section\" id=\"faq-question-1625640161458\"><strong class=\"schema-faq-question\">1. Que tipo de garrafas podem ser rotuladas por uma etiquetadora autom\u00e1tica de garrafas redondas?<\/strong> <p class=\"schema-faq-answer\">Esta m\u00e1quina \u00e9 principalmente para etiquetar etiquetas simples e duplas em v\u00e1rios tipos de produtos cil\u00edndricos ou c\u00f4nicos, como garrafas redondas e latas redondas.<\/p> <\/div> <div class=\"schema-faq-section\" id=\"faq-question-1625640192022\"><strong class=\"schema-faq-question\">2.Que tipo de material pode ser rotulado nas garrafas?<\/strong> <p class=\"schema-faq-answer\">Diferentes materiais como metal, vidro, pl\u00e1stico, PET, etc. Podem ser adaptados.<\/p> <\/div> <div class=\"schema-faq-section\" id=\"faq-question-1625640278918\"><strong class=\"schema-faq-question\">3.Quais s\u00e3o os tipos de r\u00f3tulos para rotulagem?<\/strong> <p class=\"schema-faq-answer\">Etiquetas autoadesivas, filme autoadesivo, c\u00f3digo de supervis\u00e3o eletr\u00f4nico, c\u00f3digo de barras, etiquetas de c\u00f3digo bidimensional, etc.<\/p> <\/div> <div class=\"schema-faq-section\" id=\"faq-question-1625640303419\"><strong class=\"schema-faq-question\">4. Qual o tamanho do di\u00e2metro da garrafa que pode ser rotulado?<\/strong> <p class=\"schema-faq-answer\">\u00c9 adequado para garrafas redondas com di\u00e2metro igual ou superior a 35m. Podemos personalizar a etiquetadora de acordo com suas necessidades. Uma etiquetadora horizontal \u00e9 necess\u00e1ria para etiquetagem abaixo de 35 mm.<\/p> <\/div> <div class=\"schema-faq-section\" id=\"faq-question-1625640337070\"><strong class=\"schema-faq-question\">5.Um motor pode rotular uma ampla variedade de di\u00e2metros de garrafas?<\/strong> <p class=\"schema-faq-answer\">Sim pode. \u00c9 compat\u00edvel com m\u00faltiplos di\u00e2metros de produtos rotulados pela mesma m\u00e1quina. Os dispositivos opcionais de detec\u00e7\u00e3o de posicionamento podem realizar rotulagem de posicionamento circunferencial. Pode ser modificado ou customizado de acordo com o tamanho e caracter\u00edsticas dos produtos a serem rotulados.<\/p> <\/div> <div class=\"schema-faq-section\" id=\"faq-question-1625640376538\"><strong class=\"schema-faq-question\">6. Qual \u00e9 a diferen\u00e7a entre uma etiquetadora autom\u00e1tica de garrafas redondas e uma etiquetadora semiautom\u00e1tica de garrafas redondas?<\/strong> <p class=\"schema-faq-answer translation-block\">A m\u00e1quina de rotulagem autom\u00e1tica para garrafas redondas \u00e9 mais eficaz e adequada para processamento de produ\u00e7\u00e3o com maior sa\u00edda. A semi-autom\u00e1tica requer coloca\u00e7\u00e3o manual de produtos na rotulagem da m\u00e1quina e recebimento manual de materiais, a velocidade de rotulagem \u00e9 mais lenta do que a m\u00e1quina de rotulagem autom\u00e1tica <a href=\"https:\/\/taizypackaging.com\/pt\/machines-category\/labeling\/\" target=\"_blank\" rel=\"noreferrer noopener\">m\u00e1quina de rotulagem<\/a>.<\/p> <\/div> <div class=\"schema-faq-section\" id=\"faq-question-1625640466393\"><strong class=\"schema-faq-question\">7. Qual \u00e9 o pre\u00e7o da etiquetadora autom\u00e1tica de garrafas redondas?<\/strong> <p class=\"schema-faq-answer\">Diferentes modelos de m\u00e1quinas t\u00eam pre\u00e7os diferentes, entre em contato conosco para obter um or\u00e7amento.<\/p> <\/div> <\/div>    <h2 class=\"wp-block-heading\" id=\"related-bottle-labeling-machine-for-sale\">M\u00e1quina de rotulagem de garrafas relacionada para venda<\/h2>    <p class=\"translation-block\">Al\u00e9m desta m\u00e1quina de rotulagem autom\u00e1tica para garrafas redondas, a Taizy Machinery Co., Ltd fornece muitas outras m\u00e1quinas de rotulagem de qualidade, como m\u00e1quina de rotulagem autom\u00e1tica plana e <a href=\"https:\/\/taizypackaging.com\/pt\/automatic-flat-labeling-machine\/\">m\u00e1quina de rotulagem autom\u00e1tica para garrafas planas<\/a>. Todas essas m\u00e1quinas est\u00e3o dispon\u00edveis conosco agora a pre\u00e7os competitivos. Voc\u00ea est\u00e1 interessado nessas m\u00e1quinas? Entre em contato conosco para mais detalhes. <\/p>","protected":false},"excerpt":{"rendered":"<p>Automatic round bottle labeling machine can completely finish the labeling process of various bottles. It is suitable for plastic bottles, glass bottles, metal bottles, round cans, jars, etc. As we know, the label is important for a product, it not only represents a brand but also shows buyers the first impression of your product. This [&hellip;]<\/p>\n","protected":false},"author":1,"featured_media":2241,"parent":0,"template":"","tags":[587,398],"product-type":[663],"class_list":["post-2233","product","type-product","status-publish","has-post-thumbnail","hentry","tag-bottle-labeling-machine","tag-round-bottle-labeling-machine","product-type-bottle-filling-production-line"],"_links":{"self":[{"href":"https:\/\/taizypackaging.com\/pt\/wp-json\/wp\/v2\/product\/2233","targetHints":{"allow":["GET"]}}],"collection":[{"href":"https:\/\/taizypackaging.com\/pt\/wp-json\/wp\/v2\/product"}],"about":[{"href":"https:\/\/taizypackaging.com\/pt\/wp-json\/wp\/v2\/types\/product"}],"author":[{"embeddable":true,"href":"https:\/\/taizypackaging.com\/pt\/wp-json\/wp\/v2\/users\/1"}],"wp:featuredmedia":[{"embeddable":true,"href":"https:\/\/taizypackaging.com\/pt\/wp-json\/wp\/v2\/media\/2241"}],"wp:attachment":[{"href":"https:\/\/taizypackaging.com\/pt\/wp-json\/wp\/v2\/media?parent=2233"}],"wp:term":[{"taxonomy":"post_tag","embeddable":true,"href":"https:\/\/taizypackaging.com\/pt\/wp-json\/wp\/v2\/tags?post=2233"},{"taxonomy":"product-type","embeddable":true,"href":"https:\/\/taizypackaging.com\/pt\/wp-json\/wp\/v2\/product-type?post=2233"}],"curies":[{"name":"wp","href":"https:\/\/api.w.org\/{rel}","templated":true}]}}