{"id":2316,"date":"2021-07-19T09:36:01","date_gmt":"2021-07-19T09:36:01","guid":{"rendered":"https:\/\/taizypackaging.com\/?p=2316"},"modified":"2024-07-17T17:30:05","modified_gmt":"2024-07-17T09:30:05","slug":"vacuum-capping-machine-for-sale","status":"publish","type":"product","link":"https:\/\/taizypackaging.com\/pt\/vacuum-capping-machine-for-sale\/","title":{"rendered":"M\u00e1quina tampadora a v\u00e1cuo"},"content":{"rendered":"<div class=\"kk-star-ratings kksr-auto kksr-align-left kksr-valign-top\"     data-payload='{&quot;align&quot;:&quot;left&quot;,&quot;id&quot;:&quot;2316&quot;,&quot;slug&quot;:&quot;default&quot;,&quot;valign&quot;:&quot;top&quot;,&quot;ignore&quot;:&quot;&quot;,&quot;reference&quot;:&quot;auto&quot;,&quot;class&quot;:&quot;&quot;,&quot;count&quot;:&quot;30&quot;,&quot;legendonly&quot;:&quot;&quot;,&quot;readonly&quot;:&quot;&quot;,&quot;score&quot;:&quot;4.7&quot;,&quot;starsonly&quot;:&quot;&quot;,&quot;best&quot;:&quot;5&quot;,&quot;gap&quot;:&quot;5&quot;,&quot;greet&quot;:&quot;Rate this product&quot;,&quot;legend&quot;:&quot;4.7\\\/5 - (30 votes)&quot;,&quot;size&quot;:&quot;24&quot;,&quot;title&quot;:&quot;Vacuum Capping Machine&quot;,&quot;width&quot;:&quot;133.8&quot;,&quot;_legend&quot;:&quot;{score}\\\/{best} - ({count} {votes})&quot;,&quot;font_factor&quot;:&quot;1.25&quot;}'>              <div class=\"kksr-stars\">      <div class=\"kksr-stars-inactive\">             <div class=\"kksr-star\" data-star=\"1\" style=\"padding-right: 5px\">               <div class=\"kksr-icon\" style=\"width: 24px; height: 24px;\"><\/div>         <\/div>             <div class=\"kksr-star\" data-star=\"2\" style=\"padding-right: 5px\">               <div class=\"kksr-icon\" style=\"width: 24px; height: 24px;\"><\/div>         <\/div>             <div class=\"kksr-star\" data-star=\"3\" style=\"padding-right: 5px\">               <div class=\"kksr-icon\" style=\"width: 24px; height: 24px;\"><\/div>         <\/div>             <div class=\"kksr-star\" data-star=\"4\" style=\"padding-right: 5px\">               <div class=\"kksr-icon\" style=\"width: 24px; height: 24px;\"><\/div>         <\/div>             <div class=\"kksr-star\" data-star=\"5\" style=\"padding-right: 5px\">               <div class=\"kksr-icon\" style=\"width: 24px; height: 24px;\"><\/div>         <\/div>     <\/div>      <div class=\"kksr-stars-active\" style=\"width: 133.8px;\">             <div class=\"kksr-star\" style=\"padding-right: 5px\">               <div class=\"kksr-icon\" style=\"width: 24px; height: 24px;\"><\/div>         <\/div>             <div class=\"kksr-star\" style=\"padding-right: 5px\">               <div class=\"kksr-icon\" style=\"width: 24px; height: 24px;\"><\/div>         <\/div>             <div class=\"kksr-star\" style=\"padding-right: 5px\">               <div class=\"kksr-icon\" style=\"width: 24px; height: 24px;\"><\/div>         <\/div>             <div class=\"kksr-star\" style=\"padding-right: 5px\">               <div class=\"kksr-icon\" style=\"width: 24px; height: 24px;\"><\/div>         <\/div>             <div class=\"kksr-star\" style=\"padding-right: 5px\">               <div class=\"kksr-icon\" style=\"width: 24px; height: 24px;\"><\/div>         <\/div>     <\/div> <\/div>                   <div class=\"kksr-legend\" style=\"font-size: 19.2px;\">             4,7\/5 - (30 votos)    <\/div>     <\/div>  <p class=\"translation-block\"><strong>M\u00e1quina de selagem a v\u00e1cuo<\/strong> \u00e9 um tipo de m\u00e1quina de selagem de tampas de garrafas semiautom\u00e1tica. Entretanto, \u00e9 tamb\u00e9m uma m\u00e1quina de selagem rotativa. Esta <strong>m\u00e1quina de selagem a v\u00e1cuo<\/strong> \u00e9 aplicada principalmente na selagem a v\u00e1cuo para garrafas redondas, garrafas quadradas, garrafas caneladas e outras garrafas de vidro, frascos e latas. \u00c9 amplamente utilizada em muitas ind\u00fastrias como a ind\u00fastria alimentar e de bebidas, e a ind\u00fastria farmac\u00eautica. Uma <strong>m\u00e1quina de selagem de garrafas de vidro<\/strong> tem uma grande procura em todos os setores. Em suma, onde quer que as garrafas sejam enchidas, s\u00e3o necess\u00e1rias m\u00e1quinas de selagem a v\u00e1cuo. Esta \u00e9 absolutamente uma \u00f3tima oportunidade para o seu neg\u00f3cio. Contacte-nos hoje para obter informa\u00e7\u00f5es detalhadas de compra. <\/p>    <h2 class=\"wp-block-heading\" id=\"vacuum-capping-machine-working-video\">V\u00eddeo de funcionamento da m\u00e1quina de tampar a v\u00e1cuo <\/h2>   <figure class=\"wp-block-embed-youtube wp-block-embed is-type-video is-provider-youtube wp-embed-aspect-16-9 wp-has-aspect-ratio\"><div class=\"lyte-wrapper fourthree\" title=\"M\u00e1quina tampadora a v\u00e1cuo para frascos de vidro, garrafas e recipientes Semiauto | Bom desempenho e baixo custo\" style=\"width:960px;max-width:100%;margin:5px auto;\"><div class=\"lyMe hidef\" id=\"WYL_BWf1Jd0ly80\" itemprop=\"video\" itemscope itemtype=\"https:\/\/schema.org\/VideoObject\"><div><meta itemprop=\"thumbnailUrl\" content=\"https:\/\/taizypackaging.com\/wp-content\/plugins\/wp-youtube-lyte\/lyteCache.php?origThumbUrl=https%3A%2F%2Fi.ytimg.com%2Fvi%2FBWf1Jd0ly80%2Fmaxresdefault.jpg\" \/><meta itemprop=\"embedURL\" content=\"https:\/\/www.youtube.com\/embed\/BWf1Jd0ly80\" \/><meta itemprop=\"duration\" content=\"PT1M9S\" \/><meta itemprop=\"uploadDate\" content=\"2022-02-17T03:05:20Z\" \/><\/div><meta itemprop=\"accessibilityFeature\" content=\"captions\" \/><div id=\"lyte_BWf1Jd0ly80\" data-src=\"https:\/\/taizypackaging.com\/wp-content\/plugins\/wp-youtube-lyte\/lyteCache.php?origThumbUrl=https%3A%2F%2Fi.ytimg.com%2Fvi%2FBWf1Jd0ly80%2Fmaxresdefault.jpg\" class=\"pL\"><div class=\"tC\"><div class=\"tT\" itemprop=\"name\">M\u00e1quina tampadora a v\u00e1cuo para frascos de vidro, garrafas e recipientes Semiauto | Bom desempenho e baixo custo<\/div><\/div><div class=\"play\"><\/div><div class=\"ctrl\"><div class=\"Lctrl\"><\/div><div class=\"Rctrl\"><\/div><\/div><\/div><noscript><a href=\"https:\/\/youtu.be\/BWf1Jd0ly80\" rel=\"nofollow noopener\" target=\"_blank\"><img loading=\"lazy\" decoding=\"async\" src=\"https:\/\/taizypackaging.com\/wp-content\/plugins\/wp-youtube-lyte\/lyteCache.php?origThumbUrl=https%3A%2F%2Fi.ytimg.com%2Fvi%2FBWf1Jd0ly80%2F0.jpg\" alt=\"M\u00e1quina tampadora a v\u00e1cuo para frascos de vidro, garrafas e recipientes Semiauto | Bom desempenho e baixo custo\" width=\"960\" height=\"700\" \/><br \/>Assista a este v\u00eddeo no YouTube<\/a><\/noscript><meta itemprop=\"description\" content=\"#vacuumcapping #bottlecapper #cappingmachine EMAIL: info@taizypackaging.com TEL\/WHATSAPP: +86 18837171591 USEFUL LINK: https:\/\/taizypackaging.com\/vacuum-capping-machine-for-sale\/ This vacuum capping machine is a semi automatic bottle capper. It is suitable for various glass bottles and jars. And it is widely used in lots of industries like the food &amp; beverage industry, pharmaceutical industry. Vacuum capping machine has a wide range of applications, such as sesame sauce, chili sauce, peanut butter, jam, canned peach, bird&#039;s nest, beer, wine, oil, milk, etc. A semi auto vacuum capping machine is usually used together with a paste filling machine, when the sauce or liquid is filled, the bottle and the cap are put together on the machine for capping. Vacuum bottle capping machine uses a PLC control screen, Chinese and English languages available. You can set capping time, vacuum time on it easily. Besides, this semi automatic bottle capping machine has 4 vacuum capping heads, high efficiency. Moreover, with stainless steel body materials, the bottle capper is durable and has a long service life. What is more, it has two fixed cylinders, 4 wheels, a rotary cylinder, and a workbox. You may also like these videos: Automatic paste filling machine: https:\/\/www.youtube.com\/watch?v=EwhasMp_vJI Automatic round bottle labeling machine: https:\/\/www.youtube.com\/watch?v=CCdx5K88i5Q Automatic bottle capping machine: https:\/\/www.youtube.com\/watch?v=w6hJUqlY1gk EMAIL: info@taizypackaging.com TEL\/WHATSAPP: +86 18837171591 USEFUL LINK: https:\/\/taizypackaging.com\/vacuum-capping-machine-for-sale\/\"><\/div><\/div><div class=\"lL\" style=\"max-width:100%;width:960px;margin:5px auto;\"><\/div><figcaption><\/figcaption><\/figure>   <p class=\"translation-block\"><strong>Princ\u00edpio de funcionamento:<\/strong> Coloque as garrafas de vidro no molde, e o molde \u00e9 girado intermitentemente pelo prato girat\u00f3rio com a\u00e7\u00e3o em quatro partes iguais. O mecanismo de reten\u00e7\u00e3o da garrafa segura firmemente a garrafa, depois o molde \u00e9 levado para a esta\u00e7\u00e3o de selagem, e o atuador rotativo \u00e9 pressionado para baixo e selado para formar a cavidade de v\u00e1cuo.<\/p>    <h2 class=\"wp-block-heading\" id=\"h-introduction-of-vacuum-capping-machine\">Aplica\u00e7\u00f5es de m\u00e1quinas tampadoras a v\u00e1cuo <\/h2>    <p class=\"translation-block\">A m\u00e1quina de selagem a v\u00e1cuo \u00e9 usada principalmente para a selagem a v\u00e1cuo de v\u00e1rias garrafas de vidro com tampa de estanho. Tem uma vasta gama de aplica\u00e7\u00f5es, como molho de s\u00e9samo, molho de malagueta, manteiga de amendoim, compota, p\u00eassego em lata, ninho de p\u00e1ssaro, cerveja, vinho, \u00f3leo, leite, etc. Uma m\u00e1quina de selagem a v\u00e1cuo semiautom\u00e1tica forma um espa\u00e7o completamente fechado que previne eficazmente o crescimento bacteriano, a oxida\u00e7\u00e3o e a deteriora\u00e7\u00e3o. Tem o efeito de preserva\u00e7\u00e3o da qualidade. Ali\u00e1s, uma m\u00e1quina de selagem a v\u00e1cuo \u00e9 geralmente usada em conjunto com uma <a rel=\"noreferrer noopener\" href=\"https:\/\/taizypackaging.com\/pt\/semi-automatic-paste-filling-machine\/\" target=\"_blank\">m\u00e1quina de enchimento de pastas<\/a>, quando o molho ou l\u00edquido \u00e9 enchido, a garrafa e a tampa s\u00e3o colocadas juntas na m\u00e1quina para selagem.<\/p>    <figure class=\"wp-block-image size-full\"><img decoding=\"async\" src=\"https:\/\/taizypackaging.com\/wp-content\/uploads\/2021\/07\/vacuum-capping-machine-applications.jpg\" alt=\"aplica\u00e7\u00f5es de m\u00e1quinas de tampar a v\u00e1cuo\" class=\"wp-image-3778\"\/><figcaption class=\"wp-element-caption\">aplica\u00e7\u00f5es de m\u00e1quinas de tampar a v\u00e1cuo<\/figcaption><\/figure>    <h2 class=\"wp-block-heading\" id=\"h-the-structure-of-vacuum-bottle-capping-machine\">Caracter\u00edsticas estruturais da m\u00e1quina tampadora de garrafas a v\u00e1cuo <\/h2>    <p>A m\u00e1quina tampadora de garrafas a v\u00e1cuo usa uma tela de controle PLC e os idiomas chin\u00eas e ingl\u00eas est\u00e3o dispon\u00edveis. Voc\u00ea pode definir o tempo de limite e o tempo de aspira\u00e7\u00e3o facilmente. Al\u00e9m disso, esta m\u00e1quina tampadora de garrafas semiautom\u00e1tica possui 4 cabe\u00e7as tampadoras a v\u00e1cuo, de alta efici\u00eancia. Al\u00e9m disso, com materiais de corpo em a\u00e7o inoxid\u00e1vel, a tampadora de garrafas \u00e9 dur\u00e1vel e tem uma longa vida \u00fatil. Al\u00e9m disso, possui dois cilindros fixos, 4 rodas, um cilindro rotativo e uma caixa de trabalho. <\/p>    <figure class=\"wp-block-image size-full\"><img decoding=\"async\" src=\"https:\/\/taizypackaging.com\/wp-content\/uploads\/2021\/07\/vacuum-capping-machine-structure.jpg\" alt=\"estrutura da m\u00e1quina tampando a v\u00e1cuo\" class=\"wp-image-3780\"\/><figcaption class=\"wp-element-caption\">estrutura da m\u00e1quina tampando a v\u00e1cuo<\/figcaption><\/figure>    <h2 class=\"wp-block-heading\" id=\"h-machine-parameters\">Par\u00e2metros da tampadora de garrafas de vidro a v\u00e1cuo<\/h2>    <figure class=\"wp-block-table is-style-stripes\"><table class=\"has-fixed-layout\"><tbody><tr><td>Poder<\/td><td>220V\/50Hz\/1,5KW<\/td><\/tr><tr><td>Press\u00e3o do ar<\/td><td>0,5~0,8MPa<\/td><\/tr><tr><td>Capacidade<\/td><td>10~15 garrafas\/min<\/td><\/tr><tr><td>Di\u00e2metro da tampa de rosca<\/td><td>Pode ser personalizado<\/td><\/tr><tr><td>Tamanho da garrafa<\/td><td>Pode ser personalizado<\/td><\/tr><tr><td>Tamanho da m\u00e1quina<\/td><td>650*750*1600mm<\/td><\/tr><tr><td>Peso<\/td><td>180Kg<\/td><\/tr><\/tbody><\/table><\/figure>    <h2 class=\"wp-block-heading\" id=\"h-features-of-vacuum-capping-machine\">Caracter\u00edsticas de desempenho da m\u00e1quina de tampar a v\u00e1cuo Taizy para venda<\/h2>    <ul class=\"wp-block-list\"> <li>A m\u00e1quina de tampar a v\u00e1cuo adota o m\u00e9todo de evacua\u00e7\u00e3o da bomba de v\u00e1cuo para garantir um alto grau de v\u00e1cuo e melhorar a efici\u00eancia e a qualidade da veda\u00e7\u00e3o.<\/li>    <li>A m\u00e1quina tampadora a v\u00e1cuo semiautom\u00e1tica adota um sistema de controle PLC, a opera\u00e7\u00e3o simples atrav\u00e9s do display pode ajustar diferentes modos e par\u00e2metros.<\/li>    <li>O design exclusivo da m\u00e1quina pode ser compat\u00edvel com diferentes tamanhos e formatos de tampas, e os moldes de garrafas e cabe\u00e7as de tampa podem ser personalizados de acordo com as diferentes necessidades dos clientes.<\/li>    <li>Toda a m\u00e1quina \u00e9 feita de a\u00e7o inoxid\u00e1vel 304 com resist\u00eancia \u00e0 corros\u00e3o, resist\u00eancia ao calor e bons benef\u00edcios de processabilidade para prolongar a vida \u00fatil da m\u00e1quina.<\/li>    <li>Os principais componentes pneum\u00e1ticos e el\u00e9tricos utilizam marcas de renome internacional para garantir um desempenho est\u00e1vel e confi\u00e1vel.<\/li>    <li> Vale ressaltar que nossas m\u00e1quinas s\u00e3o equipadas com separadores \u00e1gua-\u00f3leo, que geralmente n\u00e3o s\u00e3o configurados por outros fabricantes. Sabemos que este tipo de m\u00e1quina precisa ser usada em combina\u00e7\u00e3o com um compressor de ar para criar um ambiente de v\u00e1cuo, e este separador \u00e1gua-\u00f3leo e compressor de ar juntos podem prolongar a vida \u00fatil do cilindro. Tamb\u00e9m pode impedir que o cilindro entre \u00e1gua e acelerar os danos \u00e0 m\u00e1quina.<\/li> <\/ul>    <h2 class=\"wp-block-heading\" id=\"h-details-of-vacuum-capping-machine-semi-automatic\">Detalhes da m\u00e1quina tampadora a v\u00e1cuo semiautom\u00e1tica<\/h2>    <figure class=\"wp-block-image size-large\"><img decoding=\"async\" src=\"https:\/\/taizypackaging.com\/wp-content\/uploads\/2021\/07\/\u753b\u677f-2.jpg\" alt=\"\" class=\"wp-image-2319\"\/><\/figure>    <h2 class=\"wp-block-heading\" id=\"h-why-do-we-need-vacuum-capping\">Por que precisamos de tampagem a v\u00e1cuo? <\/h2>    <p>Como todos sabemos, os alimentos embalados a v\u00e1cuo t\u00eam frequentemente uma vida \u00fatil longa, porque a embalagem a v\u00e1cuo reduz o oxig\u00e9nio na atmosfera, limita o crescimento de bact\u00e9rias aer\u00f3bicas ou fungos e evita a evapora\u00e7\u00e3o de componentes vol\u00e1teis. Ao mesmo tempo, a embalagem a v\u00e1cuo evita o uso de conservantes, o que, em certa medida, restaura o valor nutricional do pr\u00f3prio alimento. Finalmente, os itens embalados a v\u00e1cuo tamb\u00e9m t\u00eam menos probabilidade de serem danificados durante o transporte.<\/p>    <h2 class=\"wp-block-heading\" id=\"bottle-capping-machines-exported-to-cameroon-africa\">M\u00e1quinas de tampar garrafas exportadas para Camar\u00f5es, \u00c1frica<\/h2>    <p class=\"translation-block\">No m\u00eas passado, um cliente dos Camar\u00f5es, \u00c1frica, encomendou uma m\u00e1quina de selagem a v\u00e1cuo atrav\u00e9s do nosso <a href=\"https:\/\/taizypackaging.com\/pt\/\">website oficial da empresa Taizy<\/a>. Durante o acompanhamento, o cliente enviou-nos fotos reais do produto ap\u00f3s a embalagem. Ele ficou satisfeito com a qualidade e o efeito de embalagem da nossa m\u00e1quina e expressou a sua vontade de cooperar connosco nos pr\u00f3ximos anos. A nossa equipa fez sugest\u00f5es correspondentes sobre o uso e manuten\u00e7\u00e3o da m\u00e1quina de acordo com o ambiente da f\u00e1brica.<\/p>    <figure class=\"wp-block-image size-large\"><img decoding=\"async\" src=\"https:\/\/taizypackaging.com\/wp-content\/uploads\/2021\/07\/\u5ba2\u6237\u53cd\u9988\u56fe.jpg\" alt=\"\" class=\"wp-image-2320\"\/><figcaption class=\"wp-element-caption\">fotos ao vivo do nosso cliente<\/figcaption><\/figure>    <h2 class=\"wp-block-heading\" id=\"h-cleaning-and-maintenance\">M\u00e9todos de manuten\u00e7\u00e3o da m\u00e1quina seladora de garrafas a v\u00e1cuo Taizy<\/h2>    <ul class=\"wp-block-list\"> <li>Limpe a superf\u00edcie da mesa da m\u00e1quina e do molde regularmente (voc\u00ea deve desligar a energia e o fornecimento de ar primeiro)<\/li>    <li>Lubrifique regularmente as pe\u00e7as m\u00f3veis, como eixos rotativos e trilhos-guia<\/li>    <li>O \u00f3leo da bomba de v\u00e1cuo deve ser substitu\u00eddo regularmente, geralmente uma vez a cada 3-6 meses.<\/li>    <li>Limpe os filtros de ar regularmente<\/li>    <li>Na opera\u00e7\u00e3o normal da bomba de v\u00e1cuo, mantenha o \u00f3leo da bomba de v\u00e1cuo na bomba n\u00e3o abaixo da marca de \u00f3leo. N\u00e3o misture com diferentes marcas e modelos de \u00f3leo de bomba de v\u00e1cuo ao reabastecer.<\/li> <\/ul>    <h2 class=\"wp-block-heading\" id=\"get-a-free-quote\">Fa\u00e7a um or\u00e7amento gr\u00e1tis!<\/h2>    <p class=\"translation-block\">M\u00e1quinas de selagem a v\u00e1cuo para venda a partir de n\u00f3s t\u00eam bom desempenho e o melhor pre\u00e7o. Este tipo de m\u00e1quina de embalagem de garrafas \u00e9 muito popular em todo o mundo. Al\u00e9m disso, uma <a href=\"https:\/\/taizypackaging.com\/pt\/automatic-capping-machine\/\">m\u00e1quina de selagem autom\u00e1tica de garrafas<\/a> est\u00e1 dispon\u00edvel a partir de n\u00f3s. Tem caracter\u00edsticas e vantagens diferentes em compara\u00e7\u00e3o com a m\u00e1quina apresentada. Quer obter mais informa\u00e7\u00f5es \u00fateis ou uma lista de pre\u00e7os gratuita? Deixe os seus requisitos e entraremos em contacto consigo o mais rapidamente poss\u00edvel.  <\/p>","protected":false},"excerpt":{"rendered":"<p>Vacuum capping machine here is a type of semi automatic bottle cap sealing machine. Meanwhile, it is also a rotary capping machine. This vacuum bottle capping machine is mainly applied in vacuum capping for round bottles, square bottles, fluted bottles, and other glass bottles, jars, and cans. It is widely used in lots of industries [&hellip;]<\/p>\n","protected":false},"author":1,"featured_media":2323,"parent":0,"template":"","tags":[588,90,497,498],"product-type":[668],"class_list":["post-2316","product","type-product","status-publish","has-post-thumbnail","hentry","tag-bottle-capping-machine","tag-capping-machine","tag-vacuum-capping","tag-vacuum-capping-machine","product-type-supporting-equipment"],"_links":{"self":[{"href":"https:\/\/taizypackaging.com\/pt\/wp-json\/wp\/v2\/product\/2316","targetHints":{"allow":["GET"]}}],"collection":[{"href":"https:\/\/taizypackaging.com\/pt\/wp-json\/wp\/v2\/product"}],"about":[{"href":"https:\/\/taizypackaging.com\/pt\/wp-json\/wp\/v2\/types\/product"}],"author":[{"embeddable":true,"href":"https:\/\/taizypackaging.com\/pt\/wp-json\/wp\/v2\/users\/1"}],"wp:featuredmedia":[{"embeddable":true,"href":"https:\/\/taizypackaging.com\/pt\/wp-json\/wp\/v2\/media\/2323"}],"wp:attachment":[{"href":"https:\/\/taizypackaging.com\/pt\/wp-json\/wp\/v2\/media?parent=2316"}],"wp:term":[{"taxonomy":"post_tag","embeddable":true,"href":"https:\/\/taizypackaging.com\/pt\/wp-json\/wp\/v2\/tags?post=2316"},{"taxonomy":"product-type","embeddable":true,"href":"https:\/\/taizypackaging.com\/pt\/wp-json\/wp\/v2\/product-type?post=2316"}],"curies":[{"name":"wp","href":"https:\/\/api.w.org\/{rel}","templated":true}]}}