{"id":2429,"date":"2021-07-25T07:50:54","date_gmt":"2021-07-25T07:50:54","guid":{"rendered":"https:\/\/taizypackaging.com\/?p=2429"},"modified":"2024-07-17T16:58:32","modified_gmt":"2024-07-17T08:58:32","slug":"automatic-capping-machine","status":"publish","type":"product","link":"https:\/\/taizypackaging.com\/pt\/automatic-capping-machine\/","title":{"rendered":"M\u00e1quina tampadora autom\u00e1tica"},"content":{"rendered":"<div class=\"kk-star-ratings kksr-auto kksr-align-left kksr-valign-top\"     data-payload='{&quot;align&quot;:&quot;left&quot;,&quot;id&quot;:&quot;2429&quot;,&quot;slug&quot;:&quot;default&quot;,&quot;valign&quot;:&quot;top&quot;,&quot;ignore&quot;:&quot;&quot;,&quot;reference&quot;:&quot;auto&quot;,&quot;class&quot;:&quot;&quot;,&quot;count&quot;:&quot;20&quot;,&quot;legendonly&quot;:&quot;&quot;,&quot;readonly&quot;:&quot;&quot;,&quot;score&quot;:&quot;4.6&quot;,&quot;starsonly&quot;:&quot;&quot;,&quot;best&quot;:&quot;5&quot;,&quot;gap&quot;:&quot;5&quot;,&quot;greet&quot;:&quot;Rate this product&quot;,&quot;legend&quot;:&quot;4.6\\\/5 - (20 votes)&quot;,&quot;size&quot;:&quot;24&quot;,&quot;title&quot;:&quot;Automatic Capping Machine&quot;,&quot;width&quot;:&quot;130.9&quot;,&quot;_legend&quot;:&quot;{score}\\\/{best} - ({count} {votes})&quot;,&quot;font_factor&quot;:&quot;1.25&quot;}'>              <div class=\"kksr-stars\">      <div class=\"kksr-stars-inactive\">             <div class=\"kksr-star\" data-star=\"1\" style=\"padding-right: 5px\">               <div class=\"kksr-icon\" style=\"width: 24px; height: 24px;\"><\/div>         <\/div>             <div class=\"kksr-star\" data-star=\"2\" style=\"padding-right: 5px\">               <div class=\"kksr-icon\" style=\"width: 24px; height: 24px;\"><\/div>         <\/div>             <div class=\"kksr-star\" data-star=\"3\" style=\"padding-right: 5px\">               <div class=\"kksr-icon\" style=\"width: 24px; height: 24px;\"><\/div>         <\/div>             <div class=\"kksr-star\" data-star=\"4\" style=\"padding-right: 5px\">               <div class=\"kksr-icon\" style=\"width: 24px; height: 24px;\"><\/div>         <\/div>             <div class=\"kksr-star\" data-star=\"5\" style=\"padding-right: 5px\">               <div class=\"kksr-icon\" style=\"width: 24px; height: 24px;\"><\/div>         <\/div>     <\/div>      <div class=\"kksr-stars-active\" style=\"width: 130.9px;\">             <div class=\"kksr-star\" style=\"padding-right: 5px\">               <div class=\"kksr-icon\" style=\"width: 24px; height: 24px;\"><\/div>         <\/div>             <div class=\"kksr-star\" style=\"padding-right: 5px\">               <div class=\"kksr-icon\" style=\"width: 24px; height: 24px;\"><\/div>         <\/div>             <div class=\"kksr-star\" style=\"padding-right: 5px\">               <div class=\"kksr-icon\" style=\"width: 24px; height: 24px;\"><\/div>         <\/div>             <div class=\"kksr-star\" style=\"padding-right: 5px\">               <div class=\"kksr-icon\" style=\"width: 24px; height: 24px;\"><\/div>         <\/div>             <div class=\"kksr-star\" style=\"padding-right: 5px\">               <div class=\"kksr-icon\" style=\"width: 24px; height: 24px;\"><\/div>         <\/div>     <\/div> <\/div>                   <div class=\"kksr-legend\" style=\"font-size: 19.2px;\">             4,6\/5 - (20 votos)    <\/div>     <\/div>  <p class=\"translation-block\"><strong>M\u00e1quina de tampar autom\u00e1tica<\/strong> aqui \u00e9 um tipo de m\u00e1quina de tampar garrafas de pl\u00e1stico. \u00c9 adequada para selar v\u00e1rias garrafas, frascos e latas de pl\u00e1stico. E a <strong>m\u00e1quina autom\u00e1tica de tampar garrafas<\/strong> \u00e9 amplamente utilizada nas ind\u00fastrias alimentar e de bebidas, qu\u00edmica, cosm\u00e9tica e farmac\u00eautica. Podemos dizer que as empresas enchem garrafas, latas, recipientes, precisam de m\u00e1quinas de tampar para garantir que o produto seja selado de forma estanque e eficiente. Como um fabricante de m\u00e1quinas de tampar forte e confi\u00e1vel na China, a Taizy Packaging Machinery fornece excelentes <strong>m\u00e1quinas de selar garrafas<\/strong> de acordo com os padr\u00f5es internacionais. Bem-vindo a contactar-nos para o melhor pre\u00e7o. <\/p>    <h2 class=\"wp-block-heading\" id=\"h-what-is-automatic-capping-machine\">O que \u00e9 m\u00e1quina tampadora autom\u00e1tica? <\/h2>    <p>A m\u00e1quina tampadora autom\u00e1tica pode girar a tampa com rosca, por meio de um motor comum com quatro garras para apertar a tampa. Esta m\u00e1quina tem a forma de tampa abrasiva, f\u00e1cil de ajustar. A velocidade de limite pode ser ajustada arbitrariamente de acordo com a sa\u00edda do usu\u00e1rio. Possui um design razo\u00e1vel, estrutura compacta e alta efici\u00eancia de nivelamento. A tampa n\u00e3o escorrega e quebra, o processo de trabalho \u00e9 est\u00e1vel e confi\u00e1vel. Esta m\u00e1quina tampadora autom\u00e1tica tem uma longa vida \u00fatil, opera\u00e7\u00e3o simples e f\u00e1cil manuten\u00e7\u00e3o. \u00c9 amplamente utilizado nas ind\u00fastrias farmac\u00eautica, aliment\u00edcia, qu\u00edmica e outras.<\/p>    <figure class=\"wp-block-image size-full\"><img loading=\"lazy\" decoding=\"async\" width=\"720\" height=\"540\" src=\"https:\/\/taizypackaging.com\/wp-content\/uploads\/2021\/07\/automatic-bottle-capping-machine.jpg\" alt=\"m\u00e1quina tampadora autom\u00e1tica de garrafas\" class=\"wp-image-3798\" srcset=\"https:\/\/taizypackaging.com\/wp-content\/uploads\/2021\/07\/automatic-bottle-capping-machine.jpg 720w, https:\/\/taizypackaging.com\/wp-content\/uploads\/2021\/07\/automatic-bottle-capping-machine-300x225.jpg 300w\" sizes=\"auto, (max-width: 720px) 100vw, 720px\" \/><figcaption>m\u00e1quina tampadora autom\u00e1tica de garrafas<\/figcaption><\/figure>    <h2 class=\"wp-block-heading\" id=\"structure-details-of-automatic-capper-machine\"> Detalhes da estrutura da m\u00e1quina tampadora autom\u00e1tica<\/h2>    <p>Esta m\u00e1quina de nivelamento autom\u00e1tica consiste principalmente destas pe\u00e7as, um motor de marca, sistema de controle PLC, transportador, motor de fric\u00e7\u00e3o, roda de ajuste, corpo de a\u00e7o inoxid\u00e1vel, tampa de press\u00e3o, etc. Esta m\u00e1quina pode realizar o processo de nivelamento autom\u00e1tico para v\u00e1rias garrafas pl\u00e1sticas. Com um sistema de controle PLC inteligente, \u00e9 f\u00e1cil de operar atrav\u00e9s de uma grande tela sens\u00edvel ao toque. Al\u00e9m disso, possui rodas, f\u00e1ceis de movimentar. Al\u00e9m disso, adotando material dur\u00e1vel de a\u00e7o inoxid\u00e1vel 304, a m\u00e1quina de nivelamento autom\u00e1tica tem uma longa vida \u00fatil e bom desempenho. <\/p>    <figure class=\"wp-block-image size-full\"><img decoding=\"async\" src=\"https:\/\/taizypackaging.com\/wp-content\/uploads\/2021\/07\/automatic-capping-machine-structure.jpg\" alt=\"estrutura de m\u00e1quina tampando autom\u00e1tica\" class=\"wp-image-3806\"\/><figcaption>estrutura de m\u00e1quina tampando autom\u00e1tica<\/figcaption><\/figure>    <h2 class=\"wp-block-heading\" id=\"how-does-a-screw-bottle-capping-machine-work\">Como funciona uma m\u00e1quina tampadora de garrafas de rosca? <\/h2>   <figure class=\"wp-block-embed-youtube wp-block-embed is-type-video is-provider-youtube wp-embed-aspect-16-9 wp-has-aspect-ratio\"><div class=\"lyte-wrapper fourthree\" title=\"M\u00e1quina tampadora autom\u00e1tica | M\u00e1quina de tampar parafuso\" style=\"width:960px;max-width:100%;margin:5px auto;\"><div class=\"lyMe hidef\" id=\"WYL_w6hJUqlY1gk\" itemprop=\"video\" itemscope itemtype=\"https:\/\/schema.org\/VideoObject\"><div><meta itemprop=\"thumbnailUrl\" content=\"https:\/\/taizypackaging.com\/wp-content\/plugins\/wp-youtube-lyte\/lyteCache.php?origThumbUrl=https%3A%2F%2Fi.ytimg.com%2Fvi%2Fw6hJUqlY1gk%2Fmaxresdefault.jpg\" \/><meta itemprop=\"embedURL\" content=\"https:\/\/www.youtube.com\/embed\/w6hJUqlY1gk\" \/><meta itemprop=\"duration\" content=\"PT28S\" \/><meta itemprop=\"uploadDate\" content=\"2021-07-25T02:19:35Z\" \/><\/div><div id=\"lyte_w6hJUqlY1gk\" data-src=\"https:\/\/taizypackaging.com\/wp-content\/plugins\/wp-youtube-lyte\/lyteCache.php?origThumbUrl=https%3A%2F%2Fi.ytimg.com%2Fvi%2Fw6hJUqlY1gk%2Fmaxresdefault.jpg\" class=\"pL\"><div class=\"tC\"><div class=\"tT\" itemprop=\"name\">M\u00e1quina tampadora autom\u00e1tica | M\u00e1quina de tampar parafuso<\/div><\/div><div class=\"play\"><\/div><div class=\"ctrl\"><div class=\"Lctrl\"><\/div><div class=\"Rctrl\"><\/div><\/div><\/div><noscript><a href=\"https:\/\/youtu.be\/w6hJUqlY1gk\" rel=\"nofollow noopener\" target=\"_blank\"><img loading=\"lazy\" decoding=\"async\" src=\"https:\/\/taizypackaging.com\/wp-content\/plugins\/wp-youtube-lyte\/lyteCache.php?origThumbUrl=https%3A%2F%2Fi.ytimg.com%2Fvi%2Fw6hJUqlY1gk%2F0.jpg\" alt=\"M\u00e1quina tampadora autom\u00e1tica | M\u00e1quina de tampar parafuso\" width=\"960\" height=\"700\" \/><br \/>Assista a este v\u00eddeo no YouTube<\/a><\/noscript><meta itemprop=\"description\" content=\"WhatsApp\/Wechat\/Tel:+86 19139754781 An automatic capping machine can rotate the cap with thread, by ordinary motor drive four claws to tighten the cap. This machine is in the form of abrasive capping, easy to adjust. The capping speed can be adjusted arbitrarily according to the user&#039;s output. You can learn more information on:https:\/\/taizypackaging.com\/automatic-capping-machine-four-wheels-screw-capping-machine\/\"><\/div><\/div><div class=\"lL\" style=\"max-width:100%;width:960px;margin:5px auto;\"><\/div><figcaption>O fluxo de trabalho da m\u00e1quina tampadora autom\u00e1tica<\/figcaption><\/figure>   <h2 class=\"wp-block-heading\" id=\"h-machine-parameters\">Par\u00e2metros autom\u00e1ticos da m\u00e1quina tampadora de garrafas<\/h2>    <figure class=\"wp-block-table is-style-stripes\"><table><tbody><tr><td>Poder                       <\/td><td>CA220V \/ 50Hz\/300w<\/td><\/tr><tr><td>Virar<\/td><td>15~70mm 40~100mm<\/td><\/tr><tr><td>Capacidade<\/td><td>0-40 garrafas\/min<\/td><\/tr><tr><td>Di\u00e2metro das garrafas<\/td><td>50~280mm<\/td><\/tr><tr><td>Press\u00e3o do ar<\/td><td>0,4 ~ 0,6 MPa<\/td><\/tr><tr><td>Peso<\/td><td>108kg<\/td><\/tr><tr><td>Tamanho da m\u00e1quina<\/td><td>3500x470x1600mm<\/td><\/tr><\/tbody><\/table><\/figure>    <h2 class=\"wp-block-heading\" id=\"awesome-features-of-taizy-automatic-capping-machine-for-sale\">Recursos impressionantes da m\u00e1quina de nivelamento autom\u00e1tico Taizy para venda<\/h2>    <ul class=\"wp-block-list\"><li>\u00c9 adequado para muitos tipos de tampas, como tampa espiral, tampa anti-roubo, tampa anti-crian\u00e7a e outras tampas de pl\u00e1stico.<\/li><li>A estrutura da m\u00e1quina tampadora de rosca autom\u00e1tica \u00e9 compacta e razo\u00e1vel. Pode operar de forma independente ou em conjunto com outras m\u00e1quinas, como <a href=\"https:\/\/taizypackaging.com\/pt\/automatic-liquid-filling-machine\/\">m\u00e1quina de enchimento de l\u00edquidos<\/a> para aumentar a produtividade.<\/li><li>As placas de fric\u00e7\u00e3o mec\u00e2nica tradicionais levam a um aperto irregular da tampa. A situa\u00e7\u00e3o pode ser alterada pelo uso de um forte dispositivo eletromagn\u00e9tico de torque da tampa esquerda.<\/li><li>A m\u00e1quina adota uma tela toc\u00e1vel. O cliente pode ajustar a velocidade de opera\u00e7\u00e3o da correia transportadora, o comprimento da tampa e a dist\u00e2ncia de opera\u00e7\u00e3o da correia transportadora lateral na tela, que \u00e9 muito flex\u00edvel.<\/li><li>A correia transportadora \u00e9 acionada pelo motor e a correia transportadora pode ser personalizada de acordo com o tamanho da garrafa.<\/li><\/ul>    <h2 class=\"wp-block-heading\" id=\"what-is-the-difference-between-an-automatic-and-a-semi-automatic-bottle-capping-machine\">Qual \u00e9 a diferen\u00e7a entre uma m\u00e1quina tampadora de garrafas autom\u00e1tica e uma semiautom\u00e1tica?<\/h2>    <p class=\"translation-block\">Em primeiro lugar, as garrafas aplic\u00e1veis das duas s\u00e3o diferentes. Uma <a rel=\"noreferrer noopener\" href=\"https:\/\/taizypackaging.com\/pt\/vacuum-capping-machine-for-sale\/\" target=\"_blank\">m\u00e1quina de tampar a v\u00e1cuo<\/a> pode criar um ambiente de v\u00e1cuo, pelo que \u00e9 utilizada principalmente para embalar garrafas de vidro de alimentos. A m\u00e1quina de tampar autom\u00e1tica tem uma tampa de press\u00e3o para segurar a tampa e evitar deslizamentos, pelo que \u00e9 utilizada principalmente para embalar garrafas mais r\u00edgidas. Em seguida, uma m\u00e1quina de tampar autom\u00e1tica pode ser usada com outras m\u00e1quinas sem opera\u00e7\u00e3o manual. A m\u00e1quina de tampar a v\u00e1cuo requer que uma pessoa coloque manualmente as garrafas nos moldes. Finalmente, os seus pre\u00e7os s\u00e3o diferentes. Se quiser saber mais informa\u00e7\u00f5es sobre custos, envie-nos um e-mail ou contacte-nos via WhatsApp para uma resposta r\u00e1pida. <\/p>    <figure class=\"wp-block-image size-full\"><img decoding=\"async\" src=\"https:\/\/taizypackaging.com\/wp-content\/uploads\/2021\/07\/automatic-capping-machine-1.jpg\" alt=\"m\u00e1quina tampando autom\u00e1tica\" class=\"wp-image-3790\"\/><figcaption>m\u00e1quina tampando autom\u00e1tica<\/figcaption><\/figure>    <h2 class=\"wp-block-heading\" id=\"q-a-about-taizy-bottle-capping-machine\">Perguntas e respostas sobre a m\u00e1quina tampadora de garrafas Taizy<\/h2>    <p id=\"q-a\">1. Para que tipo de garrafas esta m\u00e1quina de tampar \u00e9 usada principalmente?<\/p>    <p>A m\u00e1quina \u00e9 aplicada principalmente a v\u00e1rios tipos de medicamentos, medicina veterin\u00e1ria, alimentos, cosm\u00e9ticos, sabonetes, detergentes, pesticidas, tampas autom\u00e1ticas de garrafas da ind\u00fastria de lubrificantes.<\/p>    <p>2. Qual \u00e9 o material da m\u00e1quina?<\/p>    <p>Toda a m\u00e1quina \u00e9 feita de a\u00e7o inoxid\u00e1vel 304 com resist\u00eancia \u00e0 corros\u00e3o, resist\u00eancia ao calor e boa processabilidade para prolongar a vida \u00fatil da m\u00e1quina.<\/p>    <p>3. Esta m\u00e1quina pode ser usada para tampar potes ou outras garrafas de vidro?<\/p>    <p>N\u00e3o, esta m\u00e1quina \u00e9 adequada para tampar garrafas pl\u00e1sticas. Se voc\u00ea deseja tampar recipientes como potes ou garrafas de vidro, recomendo nossa m\u00e1quina de tampar a v\u00e1cuo.<\/p>    <p>4. Qual \u00e9 o pre\u00e7o da m\u00e1quina tampadora autom\u00e1tica?<\/p>    <p class=\"translation-block\">Na <a rel=\"noreferrer noopener\" href=\"https:\/\/taizypackaging.com\/pt\/\" target=\"_blank\">Taizy company<\/a>, as nossas m\u00e1quinas podem ser personalizadas de acordo com as necessidades do cliente, por favor contacte-nos diretamente para pre\u00e7os espec\u00edficos.<\/p>    <h2 class=\"wp-block-heading\" id=\"related-machines-for-sale\">M\u00e1quinas relacionadas \u00e0 venda <\/h2>    <p class=\"translation-block\">Uma m\u00e1quina de tampar autom\u00e1tica \u00e9 geralmente usada com uma m\u00e1quina de enchimento de l\u00edquidos\/pastas e uma <a href=\"https:\/\/taizypackaging.com\/pt\/machines-category\/labeling\/\">m\u00e1quina de rotulagem<\/a>. Elas podem trabalhar juntas para criar uma linha de produ\u00e7\u00e3o completa de enchimento de l\u00edquidos\/pastas. A Taizy \u00e9 um fornecedor de solu\u00e7\u00f5es de embalagem poderoso e confi\u00e1vel na China, atualmente, estas m\u00e1quinas da nossa empresa foram exportadas com sucesso para mais de 50 pa\u00edses e regi\u00f5es. Quer obter o melhor pre\u00e7o? Deixe os seus requisitos e n\u00f3s responderemos o mais r\u00e1pido poss\u00edvel. <\/p>","protected":false},"excerpt":{"rendered":"<p>Automatic capping machine here is a kind of plastic bottle capping machine. It is suitable for sealing various plastic bottles, jars, and cans. And the automatic bottle capping machine is widely used in the food &amp; beverage, chemical, cosmetics, pharmaceuticals industries. We can say that companies fill bottles, cans, containers, they need capping machines to [&hellip;]<\/p>\n","protected":false},"author":1,"featured_media":2434,"parent":0,"template":"","tags":[48,588,90],"product-type":[663],"class_list":["post-2429","product","type-product","status-publish","has-post-thumbnail","hentry","tag-automatic-filling-machine","tag-bottle-capping-machine","tag-capping-machine","product-type-bottle-filling-production-line"],"_links":{"self":[{"href":"https:\/\/taizypackaging.com\/pt\/wp-json\/wp\/v2\/product\/2429","targetHints":{"allow":["GET"]}}],"collection":[{"href":"https:\/\/taizypackaging.com\/pt\/wp-json\/wp\/v2\/product"}],"about":[{"href":"https:\/\/taizypackaging.com\/pt\/wp-json\/wp\/v2\/types\/product"}],"author":[{"embeddable":true,"href":"https:\/\/taizypackaging.com\/pt\/wp-json\/wp\/v2\/users\/1"}],"wp:featuredmedia":[{"embeddable":true,"href":"https:\/\/taizypackaging.com\/pt\/wp-json\/wp\/v2\/media\/2434"}],"wp:attachment":[{"href":"https:\/\/taizypackaging.com\/pt\/wp-json\/wp\/v2\/media?parent=2429"}],"wp:term":[{"taxonomy":"post_tag","embeddable":true,"href":"https:\/\/taizypackaging.com\/pt\/wp-json\/wp\/v2\/tags?post=2429"},{"taxonomy":"product-type","embeddable":true,"href":"https:\/\/taizypackaging.com\/pt\/wp-json\/wp\/v2\/product-type?post=2429"}],"curies":[{"name":"wp","href":"https:\/\/api.w.org\/{rel}","templated":true}]}}