{"id":2444,"date":"2021-07-28T07:44:51","date_gmt":"2021-07-28T07:44:51","guid":{"rendered":"https:\/\/taizypackaging.com\/?p=2444"},"modified":"2024-07-16T18:31:24","modified_gmt":"2024-07-16T10:31:24","slug":"automatic-shrink-wrap-machine","status":"publish","type":"product","link":"https:\/\/taizypackaging.com\/pt\/automatic-shrink-wrap-machine\/","title":{"rendered":"M\u00e1quina autom\u00e1tica de embalagem retr\u00e1til"},"content":{"rendered":"<div class=\"kk-star-ratings kksr-auto kksr-align-left kksr-valign-top\"     data-payload='{&quot;align&quot;:&quot;left&quot;,&quot;id&quot;:&quot;2444&quot;,&quot;slug&quot;:&quot;default&quot;,&quot;valign&quot;:&quot;top&quot;,&quot;ignore&quot;:&quot;&quot;,&quot;reference&quot;:&quot;auto&quot;,&quot;class&quot;:&quot;&quot;,&quot;count&quot;:&quot;27&quot;,&quot;legendonly&quot;:&quot;&quot;,&quot;readonly&quot;:&quot;&quot;,&quot;score&quot;:&quot;4.8&quot;,&quot;starsonly&quot;:&quot;&quot;,&quot;best&quot;:&quot;5&quot;,&quot;gap&quot;:&quot;5&quot;,&quot;greet&quot;:&quot;Rate this product&quot;,&quot;legend&quot;:&quot;4.8\\\/5 - (27 votes)&quot;,&quot;size&quot;:&quot;24&quot;,&quot;title&quot;:&quot;Automatic Shrink Wrap Machine&quot;,&quot;width&quot;:&quot;136.7&quot;,&quot;_legend&quot;:&quot;{score}\\\/{best} - ({count} {votes})&quot;,&quot;font_factor&quot;:&quot;1.25&quot;}'>              <div class=\"kksr-stars\">      <div class=\"kksr-stars-inactive\">             <div class=\"kksr-star\" data-star=\"1\" style=\"padding-right: 5px\">               <div class=\"kksr-icon\" style=\"width: 24px; height: 24px;\"><\/div>         <\/div>             <div class=\"kksr-star\" data-star=\"2\" style=\"padding-right: 5px\">               <div class=\"kksr-icon\" style=\"width: 24px; height: 24px;\"><\/div>         <\/div>             <div class=\"kksr-star\" data-star=\"3\" style=\"padding-right: 5px\">               <div class=\"kksr-icon\" style=\"width: 24px; height: 24px;\"><\/div>         <\/div>             <div class=\"kksr-star\" data-star=\"4\" style=\"padding-right: 5px\">               <div class=\"kksr-icon\" style=\"width: 24px; height: 24px;\"><\/div>         <\/div>             <div class=\"kksr-star\" data-star=\"5\" style=\"padding-right: 5px\">               <div class=\"kksr-icon\" style=\"width: 24px; height: 24px;\"><\/div>         <\/div>     <\/div>      <div class=\"kksr-stars-active\" style=\"width: 136.7px;\">             <div class=\"kksr-star\" style=\"padding-right: 5px\">               <div class=\"kksr-icon\" style=\"width: 24px; height: 24px;\"><\/div>         <\/div>             <div class=\"kksr-star\" style=\"padding-right: 5px\">               <div class=\"kksr-icon\" style=\"width: 24px; height: 24px;\"><\/div>         <\/div>             <div class=\"kksr-star\" style=\"padding-right: 5px\">               <div class=\"kksr-icon\" style=\"width: 24px; height: 24px;\"><\/div>         <\/div>             <div class=\"kksr-star\" style=\"padding-right: 5px\">               <div class=\"kksr-icon\" style=\"width: 24px; height: 24px;\"><\/div>         <\/div>             <div class=\"kksr-star\" style=\"padding-right: 5px\">               <div class=\"kksr-icon\" style=\"width: 24px; height: 24px;\"><\/div>         <\/div>     <\/div> <\/div>                   <div class=\"kksr-legend\" style=\"font-size: 19.2px;\">             4,8\/5 - (27 votos)    <\/div>     <\/div>  <p class=\"translation-block\">A <strong>m\u00e1quina autom\u00e1tica de termoencolhimento<\/strong> tem uma gama extremamente vasta de aplica\u00e7\u00f5es na sociedade moderna. A <strong>m\u00e1quina de termoencolhimento<\/strong> \u00e9 adequada para uma variedade de produtos, como livros, cosm\u00e9ticos, lou\u00e7as, brinquedos, m\u00e1scaras, escovas de dentes, medicamentos, necessidades di\u00e1rias, etc. H\u00e1 uma tend\u00eancia crescente para esta <strong>m\u00e1quina de embalagem retr\u00e1til<\/strong> no mercado global. Na Taizy Packaging Machinery, podemos dar-lhe orienta\u00e7\u00f5es \u00fateis de compra e fornecer excelentes m\u00e1quinas autom\u00e1ticas de termoencolhimento. <\/p>    <h2 class=\"wp-block-heading\" id=\"h-the-working-process-of-automatic-heat-shrink-cutter\">V\u00eddeo de trabalho da m\u00e1quina autom\u00e1tica de embalagem termorretr\u00e1til<\/h2>   <figure class=\"wp-block-embed-youtube wp-block-embed is-type-video is-provider-youtube wp-embed-aspect-16-9 wp-has-aspect-ratio\"><div class=\"lyte-wrapper fourthree\" title=\"M\u00e1quina autom\u00e1tica de embalagem retr\u00e1til | Cortador termorretr\u00e1til autom\u00e1tico\" style=\"width:960px;max-width:100%;margin:5px auto;\"><div class=\"lyMe hidef\" id=\"WYL_dyFayXTAn-s\" itemprop=\"video\" itemscope itemtype=\"https:\/\/schema.org\/VideoObject\"><div><meta itemprop=\"thumbnailUrl\" content=\"https:\/\/taizypackaging.com\/wp-content\/plugins\/wp-youtube-lyte\/lyteCache.php?origThumbUrl=https%3A%2F%2Fi.ytimg.com%2Fvi%2FdyFayXTAn-s%2Fmaxresdefault.jpg\" \/><meta itemprop=\"embedURL\" content=\"https:\/\/www.youtube.com\/embed\/dyFayXTAn-s\" \/><meta itemprop=\"duration\" content=\"PT1M52S\" \/><meta itemprop=\"uploadDate\" content=\"2021-07-28T09:46:36Z\" \/><\/div><meta itemprop=\"accessibilityFeature\" content=\"captions\" \/><div id=\"lyte_dyFayXTAn-s\" data-src=\"https:\/\/taizypackaging.com\/wp-content\/plugins\/wp-youtube-lyte\/lyteCache.php?origThumbUrl=https%3A%2F%2Fi.ytimg.com%2Fvi%2FdyFayXTAn-s%2Fmaxresdefault.jpg\" class=\"pL\"><div class=\"tC\"><div class=\"tT\" itemprop=\"name\">M\u00e1quina autom\u00e1tica de embalagem retr\u00e1til | Cortador termorretr\u00e1til autom\u00e1tico<\/div><\/div><div class=\"play\"><\/div><div class=\"ctrl\"><div class=\"Lctrl\"><\/div><div class=\"Rctrl\"><\/div><\/div><\/div><noscript><a href=\"https:\/\/youtu.be\/dyFayXTAn-s\" rel=\"nofollow noopener\" target=\"_blank\"><img loading=\"lazy\" decoding=\"async\" src=\"https:\/\/taizypackaging.com\/wp-content\/plugins\/wp-youtube-lyte\/lyteCache.php?origThumbUrl=https%3A%2F%2Fi.ytimg.com%2Fvi%2FdyFayXTAn-s%2F0.jpg\" alt=\"M\u00e1quina autom\u00e1tica de embalagem retr\u00e1til | Cortador termorretr\u00e1til autom\u00e1tico\" width=\"960\" height=\"700\" \/><br \/>Assista a este v\u00eddeo no YouTube<\/a><\/noscript><meta itemprop=\"description\" content=\"WhatsApp\/Wechat\/Tel:+86 19139754781 Our company&#039;s automatic shrink wrap machine is an L-type heat shrink film wrapping machine, widely used for mass production packaging flowing operation. You can learn more information on :https:\/\/taizypackaging.com\/automatic-shrink-wrap-machine\/\"><\/div><\/div><div class=\"lL\" style=\"max-width:100%;width:960px;margin:5px auto;\"><\/div><figcaption>O v\u00eddeo de trabalho da m\u00e1quina autom\u00e1tica de embalagem retr\u00e1til<\/figcaption><\/figure>   <h2 class=\"wp-block-heading\" id=\"what-is-an-automatic-shrink-wrap-machine\">O que \u00e9 uma m\u00e1quina autom\u00e1tica de embalagem retr\u00e1til?<\/h2>    <p id=\"what-is-an-automatic-shrink-wrap-machine\">Uma m\u00e1quina de embalagem retr\u00e1til autom\u00e1tica \u00e9 uma \u00f3tima ferramenta para embalar e selar produtos por meio de filme termorretr\u00e1til. A embalagem retr\u00e1til industrial \u00e9 amplamente utilizada em todas as esferas da vida. A embalagem retr\u00e1til \u00e9 um processo relacionado ao uso de filmes sens\u00edveis \u00e0 temperatura. Quando a temperatura atinge um certo grau, o filme encolhe firmemente em tudo o que est\u00e1 cobrindo. A m\u00e1quina de embalagem retr\u00e1til autom\u00e1tica \u00e0 venda da Taizy \u00e9 uma m\u00e1quina de embalagem de filme termorretr\u00e1til tipo L. Basta colocar o produto na correia transportadora, ele pode concluir automaticamente o processo de transporte, manga de filme, selagem e corte e embalagem termorretr\u00e1til. Esta m\u00e1quina de embalagem retr\u00e1til \u00e9 r\u00e1pida e conveniente, sendo a melhor escolha para as empresas economizarem custos de produ\u00e7\u00e3o, melhorarem a efici\u00eancia e alcan\u00e7arem a padroniza\u00e7\u00e3o das embalagens.<\/p>    <figure class=\"wp-block-image size-full\"><img loading=\"lazy\" decoding=\"async\" width=\"740\" height=\"520\" src=\"https:\/\/taizypackaging.com\/wp-content\/uploads\/2021\/07\/automatic-shrink-wrap-machine.jpg\" alt=\"m\u00e1quina autom\u00e1tica de embalagem retr\u00e1til\" class=\"wp-image-3817\" srcset=\"https:\/\/taizypackaging.com\/wp-content\/uploads\/2021\/07\/automatic-shrink-wrap-machine.jpg 740w, https:\/\/taizypackaging.com\/wp-content\/uploads\/2021\/07\/automatic-shrink-wrap-machine-300x211.jpg 300w\" sizes=\"auto, (max-width: 740px) 100vw, 740px\" \/><figcaption class=\"wp-element-caption\">m\u00e1quina autom\u00e1tica de embalagem retr\u00e1til<\/figcaption><\/figure>    <h2 class=\"wp-block-heading\" id=\"h-the-application-of-automatic-shrink-wrap-machine\">Aplica\u00e7\u00f5es da m\u00e1quina autom\u00e1tica de embalagem retr\u00e1til<\/h2>    <p>Devido \u00e0 sua forte produtividade, o cortador autom\u00e1tico termorretr\u00e1til \u00e9 amplamente utilizado em ind\u00fastrias de produ\u00e7\u00e3o em massa, como necessidades di\u00e1rias, impress\u00e3o, alimentos, eletr\u00f4nicos, eletrodom\u00e9sticos, cosm\u00e9ticos, livros, cadernos, revistas, cart\u00f5es postais, shampoo, gel de banho, tintura de cabelo, quebra-cabe\u00e7as , etc.<\/p>    <figure class=\"wp-block-image size-full\"><img decoding=\"async\" src=\"https:\/\/taizypackaging.com\/wp-content\/uploads\/2021\/07\/shrink-wrap-machine-applications.jpg\" alt=\"aplica\u00e7\u00f5es de m\u00e1quinas de embalagem retr\u00e1til\" class=\"wp-image-4106\"\/><figcaption class=\"wp-element-caption\">aplica\u00e7\u00f5es de m\u00e1quinas de embalagem retr\u00e1til<\/figcaption><\/figure>    <h2 class=\"wp-block-heading\" id=\"h-technical-parameters\">Par\u00e2metros autom\u00e1ticos da m\u00e1quina de embalagem retr\u00e1til<\/h2>    <figure class=\"wp-block-table\"><table><tbody><tr><td>Modelo<\/td><td>LC-560B<\/td><\/tr><tr><td>Tipo de veda\u00e7\u00e3o<\/td><td>Totalmente fechado<\/td><\/tr><tr><td>Fonte de energia<\/td><td>380V \/ 50 \u4e00 60Hz\/trif\u00e1sico<\/td><\/tr><tr><td>Capacidade m\u00e1xima de embalagem<\/td><td>35 pacotes\/min (depende do tamanho do produto)<\/td><\/tr><tr><td>Altura de veda\u00e7\u00e3o<\/td><td>\u2264125 mm<\/td><\/tr><tr><td>Largura da embalagem<\/td><td>\u2264350 mm<\/td><\/tr><tr><td>Tamanho do produto acabado<\/td><td>Largura + altura\u2264400mmComprimento + altura\u2264480mm<\/td><\/tr><tr><td>Tipo de filme<\/td><td>Filme de poliolefina dobrado centralmente (POF)<\/td><\/tr><tr><td>Poder total<\/td><td>1,5 kW<\/td><\/tr><tr><td>Altura de trabalho<\/td><td>780-850mm<\/td><\/tr><tr><td>Press\u00e3o do ar<\/td><td>\u22640,5MPa\uff085bar\uff09<\/td><\/tr><tr><td>Sistema de veda\u00e7\u00e3o<\/td><td>Sistema de aquecimento de temperatura constante<\/td><\/tr><tr><td>Material da m\u00e1quina<\/td><td>A\u00e7o carbono<\/td><\/tr><tr><td>Peso<\/td><td>300kg<\/td><\/tr><\/tbody><\/table><figcaption class=\"wp-element-caption\">equipamento de embalagem retr\u00e1til<\/figcaption><\/figure>    <h3 class=\"wp-block-heading\" id=\"dql-5545-automatic-l-sealer-parameters\">Par\u00e2metros do selador L autom\u00e1tico DQL-5545<\/h3>    <figure class=\"wp-block-table is-style-stripes\"><table><tbody><tr><td class=\"has-text-align-center\" data-align=\"center\">Tens\u00e3o <\/td><td class=\"has-text-align-center\" data-align=\"center\">220V\/50-60Hz\/2,2KW<\/td><\/tr><tr><td class=\"has-text-align-center\" data-align=\"center\">Capacidade de embalagem<\/td><td class=\"has-text-align-center\" data-align=\"center\">0-30 unidades\/min<\/td><\/tr><tr><td class=\"has-text-align-center\" data-align=\"center\">Tamanho m\u00e1ximo do selador<\/td><td class=\"has-text-align-center\" data-align=\"center\">POF, PVC, PE<\/td><\/tr><tr><td class=\"has-text-align-center\" data-align=\"center\">Temperatura de veda\u00e7\u00e3o<\/td><td class=\"has-text-align-center\" data-align=\"center\">140\u2103-180\u2103<\/td><\/tr><tr><td class=\"has-text-align-center\" data-align=\"center\">Espessura do filme<\/td><td class=\"has-text-align-center\" data-align=\"center\">0,015-0,1 mm<\/td><\/tr><tr><td class=\"has-text-align-center\" data-align=\"center\">Tamanho da m\u00e1quina<\/td><td class=\"has-text-align-center\" data-align=\"center\">1760*<em>900<\/em>*1580mm<\/td><\/tr><tr><td class=\"has-text-align-center\" data-align=\"center\">Filme retr\u00e1til<\/td><td class=\"has-text-align-center\" data-align=\"center\">POF, PVC, PE<\/td><\/tr><\/tbody><\/table><figcaption class=\"wp-element-caption\">par\u00e2metros autom\u00e1ticos do selador L<\/figcaption><\/figure>    <h3 class=\"wp-block-heading\" id=\"dsd-4520-shrink-tunnel-machine-parameters\">Par\u00e2metros da m\u00e1quina de t\u00fanel retr\u00e1til DSD-4520 <\/h3>    <figure class=\"wp-block-table is-style-stripes\"><table><tbody><tr><td class=\"has-text-align-center\" data-align=\"center\">Tens\u00e3o<\/td><td class=\"has-text-align-center\" data-align=\"center\">220 V\/50-60 Hz<\/td><\/tr><tr><td class=\"has-text-align-center\" data-align=\"center\">Pot\u00eancia de aquecimento<\/td><td class=\"has-text-align-center\" data-align=\"center\">12,8(kW)<\/td><\/tr><tr><td class=\"has-text-align-center\" data-align=\"center\">Velocidade de transmiss\u00e3o<\/td><td class=\"has-text-align-center\" data-align=\"center\">0-16m\/min<\/td><\/tr><tr><td class=\"has-text-align-center\" data-align=\"center\">Tamanho do t\u00fanel<\/td><td class=\"has-text-align-center\" data-align=\"center\">1200*<em>450<\/em>*200mm<\/td><\/tr><tr><td class=\"has-text-align-center\" data-align=\"center\">Carregamento do transportador<\/td><td class=\"has-text-align-center\" data-align=\"center\">10kg<\/td><\/tr><tr><td class=\"has-text-align-center\" data-align=\"center\">Tamanho da m\u00e1quina<\/td><td class=\"has-text-align-center\" data-align=\"center\">1600*<em>720<\/em>*1400mm<\/td><\/tr><\/tbody><\/table><figcaption class=\"wp-element-caption\">m\u00e1quina de t\u00fanel retr\u00e1til<\/figcaption><\/figure>    <h2 class=\"wp-block-heading\" id=\"h-the-advantages-of-automatic-shrink-wrap-machine\">Vantagens da m\u00e1quina autom\u00e1tica de embalagem retr\u00e1til<\/h2>    <ul class=\"wp-block-list\"> <li>Esta m\u00e1quina de embalagem retr\u00e1til adota controle inteligente, opera\u00e7\u00e3o simples, design humanizado e controle de programa\u00e7\u00e3o PLC. Um sistema inteligente de regula\u00e7\u00e3o de temperatura garante a estabilidade e precis\u00e3o da temperatura durante o encolhimento.<\/li>    <li>A encolhida \u00e9 equipada com tr\u00eas tubos de aquecimento \u00e0 esquerda e \u00e0 direita, e h\u00e1 um pequeno ventilador na parte superior da m\u00e1quina, que pode fazer o ar quente circular em seu interior para que os produtos possam ser totalmente embalados.<\/li>    <li>A largura da correia transportadora pode ser ajustada pela al\u00e7a para acomodar diferentes tamanhos de produtos.<\/li>    <li>A m\u00e1quina adota um sistema avan\u00e7ado de indu\u00e7\u00e3o fotoel\u00e9trica para cortar e selar os produtos com precis\u00e3o e sem erros. A l\u00e2mina da faca de corte e veda\u00e7\u00e3o \u00e9 equipada com um pano de isolamento t\u00e9rmico para evitar perda adicional de filme causada pela l\u00e2mina da faca. Ao mesmo tempo, antes de entrar na m\u00e1quina retr\u00e1til, o dispositivo de exaust\u00e3o far\u00e1 pequenos furos no filme para evitar que o filme seja aquecido de forma desigual e cause uma explos\u00e3o.<\/li>    <li>A m\u00e1quina est\u00e1 equipada com uma capa protetora de Plexiglas, que pode impedir a entrada de poeira na embalagem do produto e proteger at\u00e9 certo ponto o operador.<\/li> <\/ul>    <h2 class=\"wp-block-heading\" id=\"h-the-structure-of-automatic-heat-shrink-cutter\">Caracter\u00edsticas estruturais da embaladora termorretr\u00e1til autom\u00e1tica<\/h2>    <div class=\"wp-block-columns is-layout-flex wp-container-core-columns-is-layout-9d6595d7 wp-block-columns-is-layout-flex\"> <div class=\"wp-block-column is-layout-flow wp-block-column-is-layout-flow\"> <figure class=\"wp-block-image size-full\"><img decoding=\"async\" src=\"https:\/\/taizypackaging.com\/wp-content\/uploads\/2021\/07\/\u753b\u677f-6.jpg\" alt=\"estrutura da m\u00e1quina de envolt\u00f3rio retr\u00e1til de filme\" class=\"wp-image-2446\"\/><figcaption class=\"wp-element-caption\">estrutura da m\u00e1quina de envolt\u00f3rio retr\u00e1til de filme<\/figcaption><\/figure> <\/div>    <div class=\"wp-block-column is-layout-flow wp-block-column-is-layout-flow\"> <figure class=\"wp-block-image size-full\"><img decoding=\"async\" src=\"https:\/\/taizypackaging.com\/wp-content\/uploads\/2021\/07\/\u753b\u677f-7.jpg\" alt=\"estrutura de t\u00fanel de filme termorretr\u00e1til\" class=\"wp-image-2447\"\/><figcaption class=\"wp-element-caption\">estrutura de t\u00fanel de filme termorretr\u00e1til<\/figcaption><\/figure> <\/div> <\/div>    <h2 class=\"wp-block-heading\" id=\"why-choose-us-as-your-top-shrink-wrap-sealer-manufacturer\">Por que nos escolher como seu principal fabricante de selantes retr\u00e1teis? <\/h2>    <p class=\"translation-block\">A <a rel=\"noreferrer noopener\" href=\"https:\/\/taizypackaging.com\/pt\/\" target=\"_blank\">empresa Taizy<\/a> tem 10 anos de experi\u00eancia na ind\u00fastria de m\u00e1quinas de embalagem. E vendemos um grande n\u00famero de m\u00e1quinas para muitos pa\u00edses e regi\u00f5es, todas as nossas m\u00e1quinas podem ser personalizadas de acordo com as suas necessidades reais. T\u00e9cnicos ajustar\u00e3o as m\u00e1quinas \u00e0s suas necessidades com anteced\u00eancia. Gravaremos mais v\u00eddeos operacionais e forneceremos instru\u00e7\u00f5es remotas online ap\u00f3s o recebimento das mercadorias, ou enviaremos engenheiros para a sua f\u00e1brica para garantir que o seu projeto decorra sem problemas. Utilizamos um processo padronizado de embalagem e distribui\u00e7\u00e3o para reduzir a perda de produtos em tr\u00e2nsito. Bem-vindo a <a rel=\"noreferrer noopener\" href=\"https:\/\/taizypackaging.com\/pt\/contact-us\/\" target=\"_blank\">contactar-nos<\/a> a qualquer momento!<\/p>    <figure class=\"wp-block-image size-full\"><img decoding=\"async\" src=\"https:\/\/taizypackaging.com\/wp-content\/uploads\/2021\/07\/\u753b\u677f-8-1.jpg\" alt=\"f\u00e1brica de m\u00e1quinas de envolt\u00f3rio retr\u00e1til\" class=\"wp-image-2463\"\/><figcaption class=\"wp-element-caption\">f\u00e1brica de m\u00e1quinas de envolt\u00f3rio retr\u00e1til<\/figcaption><\/figure>","protected":false},"excerpt":{"rendered":"<p>Automatic shrink wrap machine has an extremely wide range of applications in modern society. Shrink wrapping machine is suitable for a variety of products, such as books, cosmetics, dishes, toys, masks, toothbrushes, medicines, daily necessities, etc. There is a growing trend for this shrink packing machine on the global market. At Taizy Packaging Machinery, we [&hellip;]<\/p>\n","protected":false},"author":1,"featured_media":2458,"parent":0,"template":"","tags":[545,589,590],"product-type":[668],"class_list":["post-2444","product","type-product","status-publish","has-post-thumbnail","hentry","tag-automatic-shrink-wrap-machine","tag-shrink-wrap-machine","tag-shrink-wrap-sealer","product-type-supporting-equipment"],"_links":{"self":[{"href":"https:\/\/taizypackaging.com\/pt\/wp-json\/wp\/v2\/product\/2444","targetHints":{"allow":["GET"]}}],"collection":[{"href":"https:\/\/taizypackaging.com\/pt\/wp-json\/wp\/v2\/product"}],"about":[{"href":"https:\/\/taizypackaging.com\/pt\/wp-json\/wp\/v2\/types\/product"}],"author":[{"embeddable":true,"href":"https:\/\/taizypackaging.com\/pt\/wp-json\/wp\/v2\/users\/1"}],"wp:featuredmedia":[{"embeddable":true,"href":"https:\/\/taizypackaging.com\/pt\/wp-json\/wp\/v2\/media\/2458"}],"wp:attachment":[{"href":"https:\/\/taizypackaging.com\/pt\/wp-json\/wp\/v2\/media?parent=2444"}],"wp:term":[{"taxonomy":"post_tag","embeddable":true,"href":"https:\/\/taizypackaging.com\/pt\/wp-json\/wp\/v2\/tags?post=2444"},{"taxonomy":"product-type","embeddable":true,"href":"https:\/\/taizypackaging.com\/pt\/wp-json\/wp\/v2\/product-type?post=2444"}],"curies":[{"name":"wp","href":"https:\/\/api.w.org\/{rel}","templated":true}]}}