{"id":2468,"date":"2021-07-29T01:23:33","date_gmt":"2021-07-29T01:23:33","guid":{"rendered":"https:\/\/taizypackaging.com\/?p=2468"},"modified":"2023-10-24T17:04:56","modified_gmt":"2023-10-24T09:04:56","slug":"automatic-flat-labeling-machine","status":"publish","type":"product","link":"https:\/\/taizypackaging.com\/pt\/automatic-flat-labeling-machine\/","title":{"rendered":"M\u00e1quina de etiquetagem plana"},"content":{"rendered":"<div class=\"kk-star-ratings kksr-auto kksr-align-left kksr-valign-top\"     data-payload='{&quot;align&quot;:&quot;left&quot;,&quot;id&quot;:&quot;2468&quot;,&quot;slug&quot;:&quot;default&quot;,&quot;valign&quot;:&quot;top&quot;,&quot;ignore&quot;:&quot;&quot;,&quot;reference&quot;:&quot;auto&quot;,&quot;class&quot;:&quot;&quot;,&quot;count&quot;:&quot;22&quot;,&quot;legendonly&quot;:&quot;&quot;,&quot;readonly&quot;:&quot;&quot;,&quot;score&quot;:&quot;4.9&quot;,&quot;starsonly&quot;:&quot;&quot;,&quot;best&quot;:&quot;5&quot;,&quot;gap&quot;:&quot;5&quot;,&quot;greet&quot;:&quot;Rate this product&quot;,&quot;legend&quot;:&quot;4.9\\\/5 - (22 votes)&quot;,&quot;size&quot;:&quot;24&quot;,&quot;title&quot;:&quot;Flat Labeling Machine&quot;,&quot;width&quot;:&quot;139.6&quot;,&quot;_legend&quot;:&quot;{score}\\\/{best} - ({count} {votes})&quot;,&quot;font_factor&quot;:&quot;1.25&quot;}'>              <div class=\"kksr-stars\">      <div class=\"kksr-stars-inactive\">             <div class=\"kksr-star\" data-star=\"1\" style=\"padding-right: 5px\">               <div class=\"kksr-icon\" style=\"width: 24px; height: 24px;\"><\/div>         <\/div>             <div class=\"kksr-star\" data-star=\"2\" style=\"padding-right: 5px\">               <div class=\"kksr-icon\" style=\"width: 24px; height: 24px;\"><\/div>         <\/div>             <div class=\"kksr-star\" data-star=\"3\" style=\"padding-right: 5px\">               <div class=\"kksr-icon\" style=\"width: 24px; height: 24px;\"><\/div>         <\/div>             <div class=\"kksr-star\" data-star=\"4\" style=\"padding-right: 5px\">               <div class=\"kksr-icon\" style=\"width: 24px; height: 24px;\"><\/div>         <\/div>             <div class=\"kksr-star\" data-star=\"5\" style=\"padding-right: 5px\">               <div class=\"kksr-icon\" style=\"width: 24px; height: 24px;\"><\/div>         <\/div>     <\/div>      <div class=\"kksr-stars-active\" style=\"width: 139.6px;\">             <div class=\"kksr-star\" style=\"padding-right: 5px\">               <div class=\"kksr-icon\" style=\"width: 24px; height: 24px;\"><\/div>         <\/div>             <div class=\"kksr-star\" style=\"padding-right: 5px\">               <div class=\"kksr-icon\" style=\"width: 24px; height: 24px;\"><\/div>         <\/div>             <div class=\"kksr-star\" style=\"padding-right: 5px\">               <div class=\"kksr-icon\" style=\"width: 24px; height: 24px;\"><\/div>         <\/div>             <div class=\"kksr-star\" style=\"padding-right: 5px\">               <div class=\"kksr-icon\" style=\"width: 24px; height: 24px;\"><\/div>         <\/div>             <div class=\"kksr-star\" style=\"padding-right: 5px\">               <div class=\"kksr-icon\" style=\"width: 24px; height: 24px;\"><\/div>         <\/div>     <\/div> <\/div>                   <div class=\"kksr-legend\" style=\"font-size: 19.2px;\">             4,9\/5 - (22 votos)    <\/div>     <\/div>  <p class=\"translation-block\"><strong>A m\u00e1quina de etiquetagem plana<\/strong> aqui \u00e9 uma m\u00e1quina de etiquetagem autom\u00e1tica e port\u00e1til. \u00c9 aplicada para etiquetar todos os tipos de produtos com superf\u00edcie plana como garrafas, sacos, latas, caixas, embalagens, etc. A m\u00e1quina de etiquetagem de superf\u00edcie plana pode funcionar com outros equipamentos para formar uma linha de produ\u00e7\u00e3o completa, como m\u00e1quina de enchimento, m\u00e1quina de embalagem, m\u00e1quina de selagem, m\u00e1quina de tampagem, etc. Pode enviar-nos os seus requisitos, para que possamos personalizar uma m\u00e1quina de etiquetagem plana espec\u00edfica que satisfa\u00e7a as suas necessidades. Procura um <a href=\"https:\/\/taizypackaging.com\/pt\/\">aplicador de etiquetas planas<\/a> de qualidade? Envie-nos um e-mail ou ligue-nos agora para obter uma lista de pre\u00e7os gratuita. <\/p>    <h2 class=\"wp-block-heading\" id=\"h-the-working-video-of-flax-bottle-label-applicator\">V\u00eddeo de funcionamento da etiquetadora de superf\u00edcie plana <\/h2>   <figure class=\"wp-block-embed-youtube wp-block-embed is-type-video is-provider-youtube wp-embed-aspect-16-9 wp-has-aspect-ratio\"><div class=\"lyte-wrapper fourthree\" title=\"M\u00e1quina autom\u00e1tica de etiquetagem plana\" style=\"width:960px;max-width:100%;margin:5px auto;\"><div class=\"lyMe hidef\" id=\"WYL_Ajyv04TJick\" itemprop=\"video\" itemscope itemtype=\"https:\/\/schema.org\/VideoObject\"><div><meta itemprop=\"thumbnailUrl\" content=\"https:\/\/taizypackaging.com\/wp-content\/plugins\/wp-youtube-lyte\/lyteCache.php?origThumbUrl=https%3A%2F%2Fi.ytimg.com%2Fvi%2FAjyv04TJick%2Fmaxresdefault.jpg\" \/><meta itemprop=\"embedURL\" content=\"https:\/\/www.youtube.com\/embed\/Ajyv04TJick\" \/><meta itemprop=\"duration\" content=\"PT1M6S\" \/><meta itemprop=\"uploadDate\" content=\"2021-07-28T10:36:21Z\" \/><\/div><meta itemprop=\"accessibilityFeature\" content=\"captions\" \/><div id=\"lyte_Ajyv04TJick\" data-src=\"https:\/\/taizypackaging.com\/wp-content\/plugins\/wp-youtube-lyte\/lyteCache.php?origThumbUrl=https%3A%2F%2Fi.ytimg.com%2Fvi%2FAjyv04TJick%2Fmaxresdefault.jpg\" class=\"pL\"><div class=\"tC\"><div class=\"tT\" itemprop=\"name\">M\u00e1quina autom\u00e1tica de etiquetagem plana<\/div><\/div><div class=\"play\"><\/div><div class=\"ctrl\"><div class=\"Lctrl\"><\/div><div class=\"Rctrl\"><\/div><\/div><\/div><noscript><a href=\"https:\/\/youtu.be\/Ajyv04TJick\" rel=\"nofollow noopener\" target=\"_blank\"><img loading=\"lazy\" decoding=\"async\" src=\"https:\/\/taizypackaging.com\/wp-content\/plugins\/wp-youtube-lyte\/lyteCache.php?origThumbUrl=https%3A%2F%2Fi.ytimg.com%2Fvi%2FAjyv04TJick%2F0.jpg\" alt=\"M\u00e1quina autom\u00e1tica de etiquetagem plana\" width=\"960\" height=\"700\" \/><br \/>Assista a este v\u00eddeo no YouTube<\/a><\/noscript><meta itemprop=\"description\" content=\"WhatsApp\/Wechat\/Tel:+86 19139754781 This desktop automatic flat labeling machine is mainly suitable for the following two types of labeling: flat labeling or round bottles with a diameter of less than 2cm (such as lipstick, cosmetic samples, etc.). It is widely used in the food, logistics industry. Specific performance in the courier bag or courier box on the single number labeling, food bag outer packaging labeling, fresh food labeling on the plastic box, etc. You can get more information on: https:\/\/taizypackaging.com\/automatic-flat-labeling-machine\/\"><\/div><\/div><div class=\"lL\" style=\"max-width:100%;width:960px;margin:5px auto;\"><\/div><figcaption><\/figcaption><\/figure>   <h2 class=\"wp-block-heading\" id=\"what-is-a-flat-labeling-machine\">O que \u00e9 uma etiquetadora plana? <\/h2>    <p>A rotulagem tornou-se uma etapa indispens\u00e1vel na embalagem de todos os produtos. Esta etiquetadora plana autom\u00e1tica de mesa \u00e9 adequada principalmente para os dois tipos de etiquetagem a seguir: etiquetagem plana ou garrafas redondas com di\u00e2metro inferior a 2 cm (como batom, amostras de cosm\u00e9ticos, etc.). \u00c9 amplamente utilizado na ind\u00fastria aliment\u00edcia e de log\u00edstica. Desempenho espec\u00edfico na sacola ou caixa de correio na rotulagem de n\u00famero \u00fanico, rotulagem da embalagem externa da sacola de alimentos, rotulagem de alimentos frescos na caixa de pl\u00e1stico, etc.<\/p>    <figure class=\"wp-block-image size-full\"><img decoding=\"async\" src=\"https:\/\/taizypackaging.com\/wp-content\/uploads\/2021\/07\/flat-surface-labeling-machine.jpg\" alt=\"m\u00e1quina de rotulagem de superf\u00edcie plana\" class=\"wp-image-3841\"\/><figcaption class=\"wp-element-caption\">m\u00e1quina de rotulagem de superf\u00edcie plana<\/figcaption><\/figure>    <h2 class=\"wp-block-heading\" id=\"h-why-do-we-need-a-flat-labeling-machine\">Por que precisamos de uma etiquetadora plana?<\/h2>    <ul class=\"wp-block-list\"> <li>A m\u00e1quina est\u00e1 equipada com um sistema de controle PLC, opera\u00e7\u00e3o simples e f\u00e1cil de come\u00e7ar. Tela LCD sens\u00edvel ao toque, f\u00e1cil de ajustar par\u00e2metros como velocidade de rotulagem e contagem de rotulagem.<\/li>    <li>O sistema de detec\u00e7\u00e3o fotoocular garante uma posi\u00e7\u00e3o de etiquetagem uniforme e bonita.<\/li>    <li>Toda a m\u00e1quina \u00e9 feita de a\u00e7o inoxid\u00e1vel e liga de alum\u00ednio, tem bom desempenho e \u00e9 f\u00e1cil de limpar e manter. Al\u00e9m disso, em linha com os excelentes padr\u00f5es de fabrica\u00e7\u00e3o das GMP.<\/li>    <li>A largura do transportador e a altura da etiquetagem da m\u00e1quina s\u00e3o ajust\u00e1veis \u200b\u200bcomo forma de acomodar diferentes tamanhos de produtos e etiquetas.<\/li>    <li>Uma etiquetadora plana semiautom\u00e1tica requer o giro manual do item alvo para etiquetagem. Esta m\u00e1quina autom\u00e1tica n\u00e3o requer um fluxo de trabalho complicado, \u00e9 conveniente e eficiente.<\/li>    <li>Pode participar de uma linha de produ\u00e7\u00e3o completa. Por exemplo, a m\u00e1quina antes da caixa, depois da m\u00e1quina de codifica\u00e7\u00e3o ou <a href=\"https:\/\/taizypackaging.com\/pt\/round-bottle-labeling-machine\/\" target=\"_blank\" rel=\"noreferrer noopener\">m\u00e1quina autom\u00e1tica de rotulagem de garrafas redondas<\/a> com o uso, pode melhorar significativamente a efici\u00eancia da produ\u00e7\u00e3o.<\/li> <\/ul>    <h2 class=\"wp-block-heading\" id=\"what-can-a-flat-surface-labeling-machine-used-for\">Para que pode ser usada uma etiquetadora de superf\u00edcie plana? <\/h2>    <p>Uma etiquetadora de superf\u00edcie plana \u00e9 ideal para etiquetar v\u00e1rios produtos com uma superf\u00edcie plana. Tem uma aplica\u00e7\u00e3o bastante ampla e \u00e9 amplamente utilizado na ind\u00fastria aliment\u00edcia, ind\u00fastria cosm\u00e9tica, necessidades di\u00e1rias, ind\u00fastria farmac\u00eautica e muitas outras ind\u00fastrias. Em detalhes, uma etiquetadora plana \u00e9 adequada para etiquetar garrafas planas, caixas, caixas, sacos, etc. <\/p>    <figure class=\"wp-block-image size-full\"><img decoding=\"async\" src=\"https:\/\/taizypackaging.com\/wp-content\/uploads\/2021\/07\/flat-labeling-machine-uses-1.jpg\" alt=\"m\u00e1quina de etiquetagem plana usa\" class=\"wp-image-3839\"\/><figcaption class=\"wp-element-caption\">m\u00e1quina de etiquetagem plana usa<\/figcaption><\/figure>    <h2 class=\"wp-block-heading\" id=\"h-the-details-of-flat-label-applicator\">Detalhes da estrutura da etiquetadora plana autom\u00e1tica Taizy<\/h2>    <p>A etiquetadora plana autom\u00e1tica consiste principalmente em uma estrutura de etiqueta dur\u00e1vel, suporte de etiqueta, painel operacional, olho de rastreamento el\u00e9trico, bot\u00e3o de parada de emerg\u00eancia, transportador de produtos, motor de marca, bot\u00e3o rotativo, etc. Al\u00e9m disso, o material dur\u00e1vel e o famoso motor garantem uma vida \u00fatil muito longa da nossa etiquetadora de superf\u00edcie plana. <\/p>    <figure class=\"wp-block-image size-full\"><img decoding=\"async\" src=\"https:\/\/taizypackaging.com\/wp-content\/uploads\/2021\/07\/03-3.jpg\" alt=\"detalhes da m\u00e1quina de etiqueta plana\" class=\"wp-image-2471\"\/><figcaption class=\"wp-element-caption\">detalhes da m\u00e1quina de etiqueta plana<\/figcaption><\/figure>    <h2 class=\"wp-block-heading\" id=\"h-our-service\">Por que nos escolher como seu principal fornecedor de m\u00e1quinas de etiquetagem? <\/h2>    <p class=\"translation-block\">Como <a href=\"https:\/\/taizypackaging.com\/pt\/\">fabricante e fornecedor profissional de maquinaria de embalagem<\/a>, desde o primeiro processo de produ\u00e7\u00e3o, cada etapa em linha \u00e9 adequada aos padr\u00f5es de produ\u00e7\u00e3o internacionais. Antes do envio, simularemos e configuraremos os par\u00e2metros exigidos pelos clientes com anteced\u00eancia de acordo com os seus requisitos, e esperaremos at\u00e9 que recebam os bens com apenas um pequeno ajuste ou sem qualquer ajuste. Ap\u00f3s o envio dos produtos, temos tamb\u00e9m pessoal profissional para fornecer servi\u00e7os de apoio t\u00e9cnico. Al\u00e9m disso, ap\u00f3s receber o equipamento, quaisquer quest\u00f5es podem contactar o nosso pessoal p\u00f3s-venda para obter respostas. A satisfa\u00e7\u00e3o do cliente \u00e9 uma das cren\u00e7as que a nossa empresa Taizy defende.<\/p>    <figure class=\"wp-block-image size-full\"><img loading=\"lazy\" decoding=\"async\" width=\"750\" height=\"533\" src=\"https:\/\/taizypackaging.com\/wp-content\/uploads\/2021\/07\/Taizy-flat-labeling-machine-factory.jpg\" alt=\"F\u00e1brica de m\u00e1quinas de etiquetagem plana Taizy\" class=\"wp-image-3837\" srcset=\"https:\/\/taizypackaging.com\/wp-content\/uploads\/2021\/07\/Taizy-flat-labeling-machine-factory.jpg 750w, https:\/\/taizypackaging.com\/wp-content\/uploads\/2021\/07\/Taizy-flat-labeling-machine-factory-300x213.jpg 300w\" sizes=\"auto, (max-width: 750px) 100vw, 750px\" \/><figcaption class=\"wp-element-caption\">F\u00e1brica de m\u00e1quinas de etiquetagem plana Taizy<\/figcaption><\/figure>","protected":false},"excerpt":{"rendered":"<p>The flat labeling machine here is an automatic and portable labeling machine. It is applied for labeling all kinds of products with a flat surface like bottles, bags, cans, boxes, cartons, etc. The flat surface labeling machine can work with other equipment to make a complete production line, such as a filling machine, packaging machine, [&hellip;]<\/p>\n","protected":false},"author":1,"featured_media":2474,"parent":0,"template":"","tags":[595,546],"product-type":[668],"class_list":["post-2468","product","type-product","status-publish","has-post-thumbnail","hentry","tag-flat-labeling-machine","tag-labeling-machine","product-type-supporting-equipment"],"_links":{"self":[{"href":"https:\/\/taizypackaging.com\/pt\/wp-json\/wp\/v2\/product\/2468","targetHints":{"allow":["GET"]}}],"collection":[{"href":"https:\/\/taizypackaging.com\/pt\/wp-json\/wp\/v2\/product"}],"about":[{"href":"https:\/\/taizypackaging.com\/pt\/wp-json\/wp\/v2\/types\/product"}],"author":[{"embeddable":true,"href":"https:\/\/taizypackaging.com\/pt\/wp-json\/wp\/v2\/users\/1"}],"wp:featuredmedia":[{"embeddable":true,"href":"https:\/\/taizypackaging.com\/pt\/wp-json\/wp\/v2\/media\/2474"}],"wp:attachment":[{"href":"https:\/\/taizypackaging.com\/pt\/wp-json\/wp\/v2\/media?parent=2468"}],"wp:term":[{"taxonomy":"post_tag","embeddable":true,"href":"https:\/\/taizypackaging.com\/pt\/wp-json\/wp\/v2\/tags?post=2468"},{"taxonomy":"product-type","embeddable":true,"href":"https:\/\/taizypackaging.com\/pt\/wp-json\/wp\/v2\/product-type?post=2468"}],"curies":[{"name":"wp","href":"https:\/\/api.w.org\/{rel}","templated":true}]}}