{"id":2483,"date":"2021-07-29T07:41:07","date_gmt":"2021-07-29T07:41:07","guid":{"rendered":"https:\/\/taizypackaging.com\/?p=2483"},"modified":"2024-07-16T18:26:03","modified_gmt":"2024-07-16T10:26:03","slug":"continuous-sealing-machine-for-sale","status":"publish","type":"product","link":"https:\/\/taizypackaging.com\/pt\/continuous-sealing-machine-for-sale\/","title":{"rendered":"M\u00e1quina de selagem cont\u00ednua"},"content":{"rendered":"<div class=\"kk-star-ratings kksr-auto kksr-align-left kksr-valign-top\"     data-payload='{&quot;align&quot;:&quot;left&quot;,&quot;id&quot;:&quot;2483&quot;,&quot;slug&quot;:&quot;default&quot;,&quot;valign&quot;:&quot;top&quot;,&quot;ignore&quot;:&quot;&quot;,&quot;reference&quot;:&quot;auto&quot;,&quot;class&quot;:&quot;&quot;,&quot;count&quot;:&quot;23&quot;,&quot;legendonly&quot;:&quot;&quot;,&quot;readonly&quot;:&quot;&quot;,&quot;score&quot;:&quot;4.6&quot;,&quot;starsonly&quot;:&quot;&quot;,&quot;best&quot;:&quot;5&quot;,&quot;gap&quot;:&quot;5&quot;,&quot;greet&quot;:&quot;Rate this product&quot;,&quot;legend&quot;:&quot;4.6\\\/5 - (23 votes)&quot;,&quot;size&quot;:&quot;24&quot;,&quot;title&quot;:&quot;Continuous Sealing Machine&quot;,&quot;width&quot;:&quot;130.9&quot;,&quot;_legend&quot;:&quot;{score}\\\/{best} - ({count} {votes})&quot;,&quot;font_factor&quot;:&quot;1.25&quot;}'>              <div class=\"kksr-stars\">      <div class=\"kksr-stars-inactive\">             <div class=\"kksr-star\" data-star=\"1\" style=\"padding-right: 5px\">               <div class=\"kksr-icon\" style=\"width: 24px; height: 24px;\"><\/div>         <\/div>             <div class=\"kksr-star\" data-star=\"2\" style=\"padding-right: 5px\">               <div class=\"kksr-icon\" style=\"width: 24px; height: 24px;\"><\/div>         <\/div>             <div class=\"kksr-star\" data-star=\"3\" style=\"padding-right: 5px\">               <div class=\"kksr-icon\" style=\"width: 24px; height: 24px;\"><\/div>         <\/div>             <div class=\"kksr-star\" data-star=\"4\" style=\"padding-right: 5px\">               <div class=\"kksr-icon\" style=\"width: 24px; height: 24px;\"><\/div>         <\/div>             <div class=\"kksr-star\" data-star=\"5\" style=\"padding-right: 5px\">               <div class=\"kksr-icon\" style=\"width: 24px; height: 24px;\"><\/div>         <\/div>     <\/div>      <div class=\"kksr-stars-active\" style=\"width: 130.9px;\">             <div class=\"kksr-star\" style=\"padding-right: 5px\">               <div class=\"kksr-icon\" style=\"width: 24px; height: 24px;\"><\/div>         <\/div>             <div class=\"kksr-star\" style=\"padding-right: 5px\">               <div class=\"kksr-icon\" style=\"width: 24px; height: 24px;\"><\/div>         <\/div>             <div class=\"kksr-star\" style=\"padding-right: 5px\">               <div class=\"kksr-icon\" style=\"width: 24px; height: 24px;\"><\/div>         <\/div>             <div class=\"kksr-star\" style=\"padding-right: 5px\">               <div class=\"kksr-icon\" style=\"width: 24px; height: 24px;\"><\/div>         <\/div>             <div class=\"kksr-star\" style=\"padding-right: 5px\">               <div class=\"kksr-icon\" style=\"width: 24px; height: 24px;\"><\/div>         <\/div>     <\/div> <\/div>                   <div class=\"kksr-legend\" style=\"font-size: 19.2px;\">             4,6\/5 - (23 votos)    <\/div>     <\/div>  <p class=\"translation-block\"><strong>M\u00e1quina de selagem cont\u00ednua<\/strong> aqui est\u00e1 uma m\u00e1quina port\u00e1til de selagem a quente de sacos. Cobre uma \u00e1rea pequena e \u00e9 conveniente para a mover. Al\u00e9m disso, pode lidar com v\u00e1rios tipos de sacos de pl\u00e1stico. Um pequeno investimento nestas <strong>m\u00e1quinas de selagem cont\u00ednua de sacos<\/strong> pode aumentar a sua efici\u00eancia e poupar dinheiro. A carga m\u00e1xima da mesa transportadora desta m\u00e1quina \u00e9 de 10kg. A velocidade de selagem \u00e9 de 0 a 12 sacos por minuto. Al\u00e9m disso, esta <strong>m\u00e1quina de selagem a quente de sacos<\/strong> utiliza uma voltagem de 220V, e a voltagem pode ser personalizada. A empresa Taizy Packaging Machinery fornece solu\u00e7\u00f5es de selagem padr\u00e3o e personalizadas para clientes em todo o mundo. Est\u00e1 interessado numa m\u00e1quina de selagem cont\u00ednua de qualidade? Envie-nos um e-mail e deixe a sua mensagem abaixo, responderemos em breve. <\/p>    <h2 class=\"wp-block-heading\" id=\"h-how-does-a-continuous-band-sealer-work\">Como funciona uma m\u00e1quina de selagem cont\u00ednua? <\/h2>   <figure class=\"wp-block-embed-youtube wp-block-embed is-type-video is-provider-youtube wp-embed-aspect-16-9 wp-has-aspect-ratio\"><div class=\"lyte-wrapper fourthree\" title=\"M\u00e1quina de selagem cont\u00ednua | Selador de banda\" style=\"width:960px;max-width:100%;margin:5px auto;\"><div class=\"lyMe hidef\" id=\"WYL_ixVPifOtkNY\" itemprop=\"video\" itemscope itemtype=\"https:\/\/schema.org\/VideoObject\"><div><meta itemprop=\"thumbnailUrl\" content=\"https:\/\/taizypackaging.com\/wp-content\/plugins\/wp-youtube-lyte\/lyteCache.php?origThumbUrl=https%3A%2F%2Fi.ytimg.com%2Fvi%2FixVPifOtkNY%2Fmaxresdefault.jpg\" \/><meta itemprop=\"embedURL\" content=\"https:\/\/www.youtube.com\/embed\/ixVPifOtkNY\" \/><meta itemprop=\"duration\" content=\"PT44S\" \/><meta itemprop=\"uploadDate\" content=\"2021-07-29T06:54:41Z\" \/><\/div><div id=\"lyte_ixVPifOtkNY\" data-src=\"https:\/\/taizypackaging.com\/wp-content\/plugins\/wp-youtube-lyte\/lyteCache.php?origThumbUrl=https%3A%2F%2Fi.ytimg.com%2Fvi%2FixVPifOtkNY%2Fmaxresdefault.jpg\" class=\"pL\"><div class=\"tC\"><div class=\"tT\" itemprop=\"name\">M\u00e1quina de selagem cont\u00ednua | Selador de banda<\/div><\/div><div class=\"play\"><\/div><div class=\"ctrl\"><div class=\"Lctrl\"><\/div><div class=\"Rctrl\"><\/div><\/div><\/div><noscript><a href=\"https:\/\/youtu.be\/ixVPifOtkNY\" rel=\"nofollow noopener\" target=\"_blank\"><img loading=\"lazy\" decoding=\"async\" src=\"https:\/\/taizypackaging.com\/wp-content\/plugins\/wp-youtube-lyte\/lyteCache.php?origThumbUrl=https%3A%2F%2Fi.ytimg.com%2Fvi%2FixVPifOtkNY%2F0.jpg\" alt=\"M\u00e1quina de selagem cont\u00ednua | Selador de banda\" width=\"960\" height=\"700\" \/><br \/>Assista a este v\u00eddeo no YouTube<\/a><\/noscript><meta itemprop=\"description\" content=\"WhatsApp\/Wechat\/Tel:+86 19139754781 A continuous sealing machine is used to seal bags of powders, granules, liquids, etc. This band sealer is novel in structure, simple in operation, and complete in function, pushing and sealing at one time. It has a high degree of automation, which can significantly reduce the workload of workers. You will get more information on: https:\/\/taizypackaging.com\/continuous-sealing-machine-for-sale\/\"><\/div><\/div><div class=\"lL\" style=\"max-width:100%;width:960px;margin:5px auto;\"><\/div><figcaption>O v\u00eddeo de trabalho do selador de banda<\/figcaption><\/figure>   <h2 class=\"wp-block-heading\" id=\"h-what-is-a-continuous-sealing-machine\">O que \u00e9 uma m\u00e1quina seladora de fita cont\u00ednua?<\/h2>    <p>Uma m\u00e1quina seladora cont\u00ednua \u00e9 usada para selar v\u00e1rios sacos pl\u00e1sticos de p\u00f3s, gr\u00e2nulos, l\u00edquidos, pasta, etc. Esta seladora de sacos de faixa cont\u00ednua \u00e9 nova em estrutura, f\u00e1cil de operar e completa em fun\u00e7\u00e3o, empurrando e selando ao mesmo tempo. Possui um alto grau de automa\u00e7\u00e3o, o que pode economizar significativamente seus custos. <\/p>    <figure class=\"wp-block-image size-full\"><img decoding=\"async\" src=\"https:\/\/taizypackaging.com\/wp-content\/uploads\/2021\/07\/continuous-sealing-machine.jpg\" alt=\"m\u00e1quina de selagem cont\u00ednua\" class=\"wp-image-3850\"\/><figcaption class=\"wp-element-caption\">m\u00e1quina de selagem cont\u00ednua<\/figcaption><\/figure>    <h2 class=\"wp-block-heading\" id=\"h-why-do-we-need-a-continuous-sealing-machine\">Caracter\u00edsticas e vantagens da m\u00e1quina de selagem cont\u00ednua Taizy para venda<\/h2>    <p class=\"translation-block\">Na <a href=\"https:\/\/taizypackaging.com\/pt\/\" target=\"_blank\" rel=\"noreferrer noopener\">Taizy Company<\/a>, a nossa m\u00e1quina de selagem cont\u00ednua tem as seguintes vantagens:<\/p>    <ul class=\"wp-block-list\"> <li>O corpo \u00e9 feito de a\u00e7o inoxid\u00e1vel, com bela apar\u00eancia e forte estabilidade. O tamanho pequeno da m\u00e1quina facilita a manuten\u00e7\u00e3o e a portabilidade.<\/li>    <li>O painel de opera\u00e7\u00e3o \u00e9 simples e f\u00e1cil de operar e a temperatura pode ser ajustada a qualquer momento.<\/li>    <li>O bloco de aquecimento e o bloco de resfriamento da m\u00e1quina s\u00e3o feitos de bloco de cobre puro. O bloco de aquecimento de cobre puro aquece uniformemente a \u00e1rea de veda\u00e7\u00e3o do saco e o bloco de resfriamento dissipa o calor com ar frio para ajudar a veda\u00e7\u00e3o a endurecer rapidamente. Ali\u00e1s, o bloco de aquecimento \u00e9 fixado com um pano isolante t\u00e9rmico, ent\u00e3o n\u00e3o h\u00e1 necessidade de se preocupar com o derretimento do saco devido \u00e0 alta temperatura.<\/li>    <li>A veda\u00e7\u00e3o da roda com relevo de metal \u00e9 firme e bonita, o padr\u00e3o \u00e9 claro e o recuo \u00e9 plano. A roda de tinta com roda de impress\u00e3o pode atender \u00e0s necessidades dos fabricantes para imprimir a data de produ\u00e7\u00e3o e prazo de validade, etc.<\/li> <\/ul>    <h2 class=\"wp-block-heading\" id=\"h-machine-parameters\">Par\u00e2metros da m\u00e1quina de selagem de banda cont\u00ednua<\/h2>    <figure class=\"wp-block-table is-style-stripes\"><table><tbody><tr><td class=\"has-text-align-center\" data-align=\"center\">Tens\u00e3o<\/td><td class=\"has-text-align-center\" data-align=\"center\">220V\/50Hz\/0,65KW<\/td><\/tr><tr><td class=\"has-text-align-center\" data-align=\"center\">Carga m\u00e1xima da mesa transportadora<\/td><td class=\"has-text-align-center\" data-align=\"center\">10kg<\/td><\/tr><tr><td class=\"has-text-align-center\" data-align=\"center\">Velocidade de selagem<\/td><td class=\"has-text-align-center\" data-align=\"center\">0-12 sacos\/min<\/td><\/tr><tr><td class=\"has-text-align-center\" data-align=\"center\">Dimens\u00f5es<\/td><td class=\"has-text-align-center\" data-align=\"center\">815*<em>645<\/em>*305mm<\/td><\/tr><\/tbody><\/table><\/figure>    <h2 class=\"wp-block-heading\" id=\"h-what-kind-of-bags-can-the-continuous-band-sealer-be-used-to-seal\">Que tipo de material de saco o selador de banda cont\u00ednua pode ser usado para selar?<\/h2>    <p class=\"translation-block\">Na verdade, as nossas m\u00e1quinas s\u00e3o adequadas para selar materiais termopl\u00e1sticos (PP, PE, laminados) de qualquer tamanho e comprimento. Oferecemos seladores de banda horizontais (onde o saco est\u00e1 plano na correia transportadora) e seladores de banda verticais (onde o saco est\u00e1 numa posi\u00e7\u00e3o vertical na correia transportadora). Os nossos seladores de banda podem ser utilizados numa vasta gama de aplica\u00e7\u00f5es e ind\u00fastrias, tais como farmac\u00eautica, alimentar, agr\u00edcola, qu\u00edmica di\u00e1ria, etc. Al\u00e9m disso, tamb\u00e9m deve notar os sacos utilizados para o <a rel=\"noreferrer noopener\" href=\"https:\/\/taizypackaging.com\/pt\/machines-category\/vpm\/\" target=\"_blank\">selador a v\u00e1cuo<\/a>, <a href=\"https:\/\/taizypackaging.com\/pt\/granule-filling-machine\/\">m\u00e1quina de enchimento de gr\u00e2nulos para 5-50kg<\/a>.<\/p>    <figure class=\"wp-block-image size-full\"><img loading=\"lazy\" decoding=\"async\" width=\"720\" height=\"522\" src=\"https:\/\/taizypackaging.com\/wp-content\/uploads\/2021\/07\/2.png\" alt=\"\" class=\"wp-image-2486\" srcset=\"https:\/\/taizypackaging.com\/wp-content\/uploads\/2021\/07\/2.png 720w, https:\/\/taizypackaging.com\/wp-content\/uploads\/2021\/07\/2-300x218.png 300w\" sizes=\"auto, (max-width: 720px) 100vw, 720px\" \/><figcaption class=\"wp-element-caption\">Aplica\u00e7\u00e3o de m\u00e1quina de selagem cont\u00ednua<\/figcaption><\/figure>    <h2 class=\"wp-block-heading\" id=\"h-the-structure-of-the-continuous-sealing-machine\">Detalhes da estrutura da m\u00e1quina de selagem cont\u00ednua<\/h2>    <p>A m\u00e1quina de selagem cont\u00ednua consiste principalmente destas pe\u00e7as, uma correia transportadora, mesa transportadora, interruptor de emerg\u00eancia, roda de grava\u00e7\u00e3o, bot\u00e3o de ajuste de press\u00e3o, roda de resfriamento, bloco de calor, motor, etc. e manter. Al\u00e9m disso, a constru\u00e7\u00e3o do corpo em a\u00e7o inoxid\u00e1vel garante uma longa vida \u00fatil para esta m\u00e1quina.  <\/p>    <figure class=\"wp-block-image size-full\"><img loading=\"lazy\" decoding=\"async\" width=\"720\" height=\"516\" src=\"https:\/\/taizypackaging.com\/wp-content\/uploads\/2021\/07\/3.png\" alt=\"\" class=\"wp-image-2487\" srcset=\"https:\/\/taizypackaging.com\/wp-content\/uploads\/2021\/07\/3.png 720w, https:\/\/taizypackaging.com\/wp-content\/uploads\/2021\/07\/3-300x215.png 300w\" sizes=\"auto, (max-width: 720px) 100vw, 720px\" \/><figcaption class=\"wp-element-caption\">A exibi\u00e7\u00e3o do selador de banda cont\u00ednua<\/figcaption><\/figure>    <h2 class=\"wp-block-heading\" id=\"h-the-details-of-the-continuous-band-sealer\">Os detalhes do selador de banda cont\u00ednua<\/h2>    <figure class=\"wp-block-image size-full\"><img loading=\"lazy\" decoding=\"async\" width=\"720\" height=\"540\" src=\"https:\/\/taizypackaging.com\/wp-content\/uploads\/2021\/07\/4.png\" alt=\"painel de controle da m\u00e1quina de selagem cont\u00ednua\" class=\"wp-image-2492\" srcset=\"https:\/\/taizypackaging.com\/wp-content\/uploads\/2021\/07\/4.png 720w, https:\/\/taizypackaging.com\/wp-content\/uploads\/2021\/07\/4-300x225.png 300w\" sizes=\"auto, (max-width: 720px) 100vw, 720px\" \/><figcaption class=\"wp-element-caption\">painel de controle da m\u00e1quina de selagem cont\u00ednua<\/figcaption><\/figure>    <figure class=\"wp-block-image size-full\"><img loading=\"lazy\" decoding=\"async\" width=\"720\" height=\"529\" src=\"https:\/\/taizypackaging.com\/wp-content\/uploads\/2021\/07\/5.png\" alt=\"\" class=\"wp-image-2493\" srcset=\"https:\/\/taizypackaging.com\/wp-content\/uploads\/2021\/07\/5.png 720w, https:\/\/taizypackaging.com\/wp-content\/uploads\/2021\/07\/5-300x220.png 300w\" sizes=\"auto, (max-width: 720px) 100vw, 720px\" \/><figcaption class=\"wp-element-caption\">efeito de veda\u00e7\u00e3o da m\u00e1quina seladora de saco<\/figcaption><\/figure>    <figure class=\"wp-block-image size-full\"><img loading=\"lazy\" decoding=\"async\" width=\"720\" height=\"535\" src=\"https:\/\/taizypackaging.com\/wp-content\/uploads\/2021\/07\/6.png\" alt=\"mesa transportadora de ajuste\" class=\"wp-image-2494\" srcset=\"https:\/\/taizypackaging.com\/wp-content\/uploads\/2021\/07\/6.png 720w, https:\/\/taizypackaging.com\/wp-content\/uploads\/2021\/07\/6-300x223.png 300w\" sizes=\"auto, (max-width: 720px) 100vw, 720px\" \/><figcaption class=\"wp-element-caption\">mesa transportadora de ajuste<\/figcaption><\/figure>    <h2 class=\"wp-block-heading\" id=\"related-machines-you-may-also-interested-in\">M\u00e1quinas relacionadas nas quais voc\u00ea tamb\u00e9m pode estar interessado <\/h2>    <p>A m\u00e1quina seladora de banda cont\u00ednua pode ser usada em combina\u00e7\u00e3o com outras m\u00e1quinas, como m\u00e1quina de envase, etiquetadora e m\u00e1quina de codifica\u00e7\u00e3o. Todas essas m\u00e1quinas podem formar uma linha de produ\u00e7\u00e3o completa. E oferecemos um forte servi\u00e7o personalizado para atender \u00e0s suas necessidades espec\u00edficas. Voc\u00ea est\u00e1 procurando essas m\u00e1quinas? Contacte-nos para obter uma lista de pre\u00e7os gratuita. <\/p>","protected":false},"excerpt":{"rendered":"<p>Continuous sealing machine here is a portable bag heat sealing machine. It covers a small area and is convenient to move it. Besides, it can handle various types of plastic bags. A small investment in these continuous bag sealing machines can increase your efficiency and save you money. The maximum load of the conveyor table [&hellip;]<\/p>\n","protected":false},"author":1,"featured_media":2496,"parent":0,"template":"","tags":[596,547,548],"product-type":[668],"class_list":["post-2483","product","type-product","status-publish","has-post-thumbnail","hentry","tag-bag-sealing-machine","tag-continuous-sealing-machine","tag-sealing-machine","product-type-supporting-equipment"],"_links":{"self":[{"href":"https:\/\/taizypackaging.com\/pt\/wp-json\/wp\/v2\/product\/2483","targetHints":{"allow":["GET"]}}],"collection":[{"href":"https:\/\/taizypackaging.com\/pt\/wp-json\/wp\/v2\/product"}],"about":[{"href":"https:\/\/taizypackaging.com\/pt\/wp-json\/wp\/v2\/types\/product"}],"author":[{"embeddable":true,"href":"https:\/\/taizypackaging.com\/pt\/wp-json\/wp\/v2\/users\/1"}],"wp:featuredmedia":[{"embeddable":true,"href":"https:\/\/taizypackaging.com\/pt\/wp-json\/wp\/v2\/media\/2496"}],"wp:attachment":[{"href":"https:\/\/taizypackaging.com\/pt\/wp-json\/wp\/v2\/media?parent=2483"}],"wp:term":[{"taxonomy":"post_tag","embeddable":true,"href":"https:\/\/taizypackaging.com\/pt\/wp-json\/wp\/v2\/tags?post=2483"},{"taxonomy":"product-type","embeddable":true,"href":"https:\/\/taizypackaging.com\/pt\/wp-json\/wp\/v2\/product-type?post=2483"}],"curies":[{"name":"wp","href":"https:\/\/api.w.org\/{rel}","templated":true}]}}