{"id":2500,"date":"2021-07-30T09:18:45","date_gmt":"2021-07-30T09:18:45","guid":{"rendered":"https:\/\/taizypackaging.com\/?p=2500"},"modified":"2024-07-16T18:17:34","modified_gmt":"2024-07-16T10:17:34","slug":"horizontal-bag-feeding-machine","status":"publish","type":"product","link":"https:\/\/taizypackaging.com\/pt\/horizontal-bag-feeding-machine\/","title":{"rendered":"M\u00e1quina de alimenta\u00e7\u00e3o de saco horizontal"},"content":{"rendered":"<div class=\"kk-star-ratings kksr-auto kksr-align-left kksr-valign-top\"     data-payload='{&quot;align&quot;:&quot;left&quot;,&quot;id&quot;:&quot;2500&quot;,&quot;slug&quot;:&quot;default&quot;,&quot;valign&quot;:&quot;top&quot;,&quot;ignore&quot;:&quot;&quot;,&quot;reference&quot;:&quot;auto&quot;,&quot;class&quot;:&quot;&quot;,&quot;count&quot;:&quot;6&quot;,&quot;legendonly&quot;:&quot;&quot;,&quot;readonly&quot;:&quot;&quot;,&quot;score&quot;:&quot;4.6&quot;,&quot;starsonly&quot;:&quot;&quot;,&quot;best&quot;:&quot;5&quot;,&quot;gap&quot;:&quot;5&quot;,&quot;greet&quot;:&quot;Rate this product&quot;,&quot;legend&quot;:&quot;4.6\\\/5 - (6 votes)&quot;,&quot;size&quot;:&quot;24&quot;,&quot;title&quot;:&quot;Horizontal Bag Feeding Machine&quot;,&quot;width&quot;:&quot;130.9&quot;,&quot;_legend&quot;:&quot;{score}\\\/{best} - ({count} {votes})&quot;,&quot;font_factor&quot;:&quot;1.25&quot;}'>              <div class=\"kksr-stars\">      <div class=\"kksr-stars-inactive\">             <div class=\"kksr-star\" data-star=\"1\" style=\"padding-right: 5px\">               <div class=\"kksr-icon\" style=\"width: 24px; height: 24px;\"><\/div>         <\/div>             <div class=\"kksr-star\" data-star=\"2\" style=\"padding-right: 5px\">               <div class=\"kksr-icon\" style=\"width: 24px; height: 24px;\"><\/div>         <\/div>             <div class=\"kksr-star\" data-star=\"3\" style=\"padding-right: 5px\">               <div class=\"kksr-icon\" style=\"width: 24px; height: 24px;\"><\/div>         <\/div>             <div class=\"kksr-star\" data-star=\"4\" style=\"padding-right: 5px\">               <div class=\"kksr-icon\" style=\"width: 24px; height: 24px;\"><\/div>         <\/div>             <div class=\"kksr-star\" data-star=\"5\" style=\"padding-right: 5px\">               <div class=\"kksr-icon\" style=\"width: 24px; height: 24px;\"><\/div>         <\/div>     <\/div>      <div class=\"kksr-stars-active\" style=\"width: 130.9px;\">             <div class=\"kksr-star\" style=\"padding-right: 5px\">               <div class=\"kksr-icon\" style=\"width: 24px; height: 24px;\"><\/div>         <\/div>             <div class=\"kksr-star\" style=\"padding-right: 5px\">               <div class=\"kksr-icon\" style=\"width: 24px; height: 24px;\"><\/div>         <\/div>             <div class=\"kksr-star\" style=\"padding-right: 5px\">               <div class=\"kksr-icon\" style=\"width: 24px; height: 24px;\"><\/div>         <\/div>             <div class=\"kksr-star\" style=\"padding-right: 5px\">               <div class=\"kksr-icon\" style=\"width: 24px; height: 24px;\"><\/div>         <\/div>             <div class=\"kksr-star\" style=\"padding-right: 5px\">               <div class=\"kksr-icon\" style=\"width: 24px; height: 24px;\"><\/div>         <\/div>     <\/div> <\/div>                   <div class=\"kksr-legend\" style=\"font-size: 19.2px;\">             4,6\/5 - (6 votos)    <\/div>     <\/div>  <p class=\"translation-block\"><strong>A m\u00e1quina de alimenta\u00e7\u00e3o de sacos horizontal<\/strong> \u00e9 um tipo de m\u00e1quina de embalagem para enchimento de sacos pr\u00e9-fabricados. Esta m\u00e1quina possui uma ampla gama de aplica\u00e7\u00f5es. Equipado com um sistema de alimenta\u00e7\u00e3o diferente, a m\u00e1quina de enchimento de sacos horizontal pode embalar part\u00edculas, p\u00f3s e produtos l\u00edquidos. Al\u00e9m disso, esta m\u00e1quina pode se adaptar perfeitamente a v\u00e1rios estilos de sacos, como sacos de p\u00e9, sacos de travesseiro, sacos com fecho zip, sacos planos com selagem de tr\u00eas lados, sacos com laterais expans\u00edveis, sacos de p\u00e9 com bico, etc. A Taizy Packaging Machinery oferece m\u00e1quinas de enchimento de sacos pr\u00e9-fabricados padr\u00e3o e personalizadas excelentes \u00e0 venda. Envie-nos um e-mail ou ligue para n\u00f3s para um <strong>pre\u00e7o de m\u00e1quina de alimenta\u00e7\u00e3o de saco pr\u00e9-fabricado<\/strong> gratuito. <\/p>    <h2 class=\"wp-block-heading\" id=\"horizontal-bag-feeding-machine-working-video\">V\u00eddeo de funcionamento da m\u00e1quina de alimenta\u00e7\u00e3o de saco horizontal <\/h2>   <figure class=\"wp-block-embed-youtube wp-block-embed is-type-video is-provider-youtube wp-embed-aspect-16-9 wp-has-aspect-ratio\"><div class=\"lyte-wrapper fourthree\" title=\"M\u00e1quina de embalagem de bolsas pr\u00e9-fabricadas | M\u00e1quina de enchimento e selagem de sach\u00eas tipo horizontal\" style=\"width:960px;max-width:100%;margin:5px auto;\"><div class=\"lyMe hidef\" id=\"WYL_xZWUfPAGP1w\" itemprop=\"video\" itemscope itemtype=\"https:\/\/schema.org\/VideoObject\"><div><meta itemprop=\"thumbnailUrl\" content=\"https:\/\/taizypackaging.com\/wp-content\/plugins\/wp-youtube-lyte\/lyteCache.php?origThumbUrl=https%3A%2F%2Fi.ytimg.com%2Fvi%2FxZWUfPAGP1w%2Fmaxresdefault.jpg\" \/><meta itemprop=\"embedURL\" content=\"https:\/\/www.youtube.com\/embed\/xZWUfPAGP1w\" \/><meta itemprop=\"duration\" content=\"PT4M18S\" \/><meta itemprop=\"uploadDate\" content=\"2021-07-30T03:41:54Z\" \/><\/div><meta itemprop=\"accessibilityFeature\" content=\"captions\" \/><div id=\"lyte_xZWUfPAGP1w\" data-src=\"https:\/\/taizypackaging.com\/wp-content\/plugins\/wp-youtube-lyte\/lyteCache.php?origThumbUrl=https%3A%2F%2Fi.ytimg.com%2Fvi%2FxZWUfPAGP1w%2Fmaxresdefault.jpg\" class=\"pL\"><div class=\"tC\"><div class=\"tT\" itemprop=\"name\">M\u00e1quina de embalagem de bolsas pr\u00e9-fabricadas | M\u00e1quina de enchimento e selagem de sach\u00eas tipo horizontal<\/div><\/div><div class=\"play\"><\/div><div class=\"ctrl\"><div class=\"Lctrl\"><\/div><div class=\"Rctrl\"><\/div><\/div><\/div><noscript><a href=\"https:\/\/youtu.be\/xZWUfPAGP1w\" rel=\"nofollow noopener\" target=\"_blank\"><img loading=\"lazy\" decoding=\"async\" src=\"https:\/\/taizypackaging.com\/wp-content\/plugins\/wp-youtube-lyte\/lyteCache.php?origThumbUrl=https%3A%2F%2Fi.ytimg.com%2Fvi%2FxZWUfPAGP1w%2F0.jpg\" alt=\"M\u00e1quina de embalagem de bolsas pr\u00e9-fabricadas | M\u00e1quina de enchimento e selagem de sach\u00eas tipo horizontal\" width=\"960\" height=\"700\" \/><br \/>Assista a este v\u00eddeo no YouTube<\/a><\/noscript><meta itemprop=\"description\" content=\"#premadepouch #fillsealmachine #doypackmachine WhatsApp\/Wechat\/Tel: +86 19139754781 Email: info@taizypackaging.com Useful link: https:\/\/taizypackaging.com\/horizontal-bag-feeding-machine\/ -------------------------------------------------------------------- A horizontal bag feeding machine is very versatile, it can package both powder, liquid, granule, and paste. Also, the types of bags can be various, such as stand-up pouches, zipper bags, four-side-seal bags, three-side-seal bags, paper bags, etc. This premade pouch feeding machine has multi-function by changing feeding systems. This machine can be divided into horizontal bag feeding machine for granules, horizontal bag feeding machine for powders, horizontal bag feeding machine for liquids. Performance features of horizontal bag feeding machine 1. PLC intelligent control system, support multi-language, parameter setting, machine control are particularly convenient. 2. The equipment meets the sanitary standards of food processing machinery, and the parts of the equipment in contact with materials are processed with 304 stainless steel or other materials that meet the requirements of food hygiene. Besides, it is designed in line with GMP standards. 3. The machine is equipped with an electric eye detection device: First of all, it will detect whether the bag is open or not, if the bag is not open, it will transport the bag directly to the end without any operation, and after that, there is a corresponding detection when feeding and sealing, which ensures the stable proceeding of the packaging process and saves the cost of the bag to avoid waste. -------------------------------------------------------------------- WhatsApp\/Wechat\/Tel: +86 19139754781 Email: info@taizypackaging.com Useful link: https:\/\/taizypackaging.com\/horizontal-bag-feeding-machine\/\"><\/div><\/div><div class=\"lL\" style=\"max-width:100%;width:960px;margin:5px auto;\"><\/div><figcaption>O v\u00eddeo de funcionamento da m\u00e1quina de alimenta\u00e7\u00e3o de saco horizontal<\/figcaption><\/figure>   <h2 class=\"wp-block-heading\" id=\"h-design-features-of-horizontal-bag-feeing-machine\">Caracter\u00edsticas de desempenho da m\u00e1quina de alimenta\u00e7\u00e3o de saco horizontal<\/h2>    <ul class=\"wp-block-list\"> <li>Sistemas de controle inteligente PLC, suporte multil\u00edngue, configura\u00e7\u00e3o de par\u00e2metros e controle de m\u00e1quina s\u00e3o particularmente convenientes.<\/li>    <li>Os equipamentos atendem \u00e0s normas sanit\u00e1rias de m\u00e1quinas de processamento de alimentos, e as partes do equipamento em contato com materiais s\u00e3o processadas com a\u00e7o inoxid\u00e1vel 304 ou outros materiais que atendam aos requisitos de higiene alimentar. Al\u00e9m disso, foi projetado de acordo com os padr\u00f5es GMP.<\/li>    <li>A m\u00e1quina est\u00e1 equipada com um dispositivo el\u00e9trico de detec\u00e7\u00e3o ocular: Em primeiro lugar, detectar\u00e1 se o saco est\u00e1 aberto ou n\u00e3o, se o saco n\u00e3o estiver aberto, transportar\u00e1 o saco directamente at\u00e9 ao final sem qualquer opera\u00e7\u00e3o, e depois disso, h\u00e1 uma detec\u00e7\u00e3o correspondente na alimenta\u00e7\u00e3o e selagem, o que garante o andamento est\u00e1vel do processo de embalagem e economiza o custo da sacola para evitar desperd\u00edcios.<\/li>    <li>A longa placa de arrasto na veda\u00e7\u00e3o tamb\u00e9m \u00e9 feita de a\u00e7o inoxid\u00e1vel, o que n\u00e3o s\u00f3 \u00e9 bonito como um todo, mas tamb\u00e9m desempenha um papel no amortecimento dos itens embalados at\u00e9 certo ponto.<\/li>    <li>Sistema de alarme inteligente, quando o local de veda\u00e7\u00e3o do saco pl\u00e1stico \u00e9 derretido por alta temperatura, adere ao bloco de cobre quando a m\u00e1quina ir\u00e1 alarmar automaticamente e interromper a opera\u00e7\u00e3o em tempo h\u00e1bil.<\/li> <\/ul>    <figure class=\"wp-block-image size-full\"><img loading=\"lazy\" decoding=\"async\" width=\"720\" height=\"540\" src=\"https:\/\/taizypackaging.com\/wp-content\/uploads\/2021\/07\/horizontal-bag-feeding-machine.jpg\" alt=\"m\u00e1quina de alimenta\u00e7\u00e3o de saco horizontal\" class=\"wp-image-3859\" srcset=\"https:\/\/taizypackaging.com\/wp-content\/uploads\/2021\/07\/horizontal-bag-feeding-machine.jpg 720w, https:\/\/taizypackaging.com\/wp-content\/uploads\/2021\/07\/horizontal-bag-feeding-machine-300x225.jpg 300w\" sizes=\"auto, (max-width: 720px) 100vw, 720px\" \/><figcaption class=\"wp-element-caption\">m\u00e1quina de alimenta\u00e7\u00e3o de saco horizontal<\/figcaption><\/figure>    <h2 class=\"wp-block-heading\" id=\"h-machine-parameters\">Par\u00e2metros da m\u00e1quina de alimenta\u00e7\u00e3o de saco horizontal<\/h2>    <figure class=\"wp-block-table is-style-stripes\"><table><tbody><tr><td>Poder<\/td><td>380V\/2,5KW<\/td><\/tr><tr><td>Velocidade de embalagem<\/td><td>20-50 sacos\/min<\/td><\/tr><tr><td>Dimens\u00e3o<\/td><td>100-210mm\/110-320mm(C*L)<\/td><\/tr><tr><td>Peso<\/td><td>600kg<\/td><\/tr><tr><td>Medir o escopo<\/td><td>20g-1000g<\/td><\/tr><tr><td>Consumo de ar<\/td><td>0,7m\u00b3\/min<\/td><\/tr><\/tbody><\/table><\/figure>    <h2 class=\"wp-block-heading\" id=\"h-classification-of-bag-feeding-packing-machine\">Classifica\u00e7\u00e3o da m\u00e1quina de embalagem para alimenta\u00e7\u00e3o de bolsas pr\u00e9-fabricadas<\/h2>    <p>Esta m\u00e1quina de alimenta\u00e7\u00e3o de bolsas pr\u00e9-fabricadas tem uma fun\u00e7\u00e3o multifuncional, alterando os sistemas de alimenta\u00e7\u00e3o. Esta m\u00e1quina pode ser dividida em uma m\u00e1quina de alimenta\u00e7\u00e3o de saco horizontal para gr\u00e2nulos, uma m\u00e1quina de alimenta\u00e7\u00e3o de saco horizontal para p\u00f3s, m\u00e1quina de alimenta\u00e7\u00e3o de saco horizontal para l\u00edquidos. <\/p>    <div class=\"wp-block-columns is-layout-flex wp-container-core-columns-is-layout-9d6595d7 wp-block-columns-is-layout-flex\"> <div class=\"wp-block-column is-layout-flow wp-block-column-is-layout-flow\"> <figure class=\"wp-block-image size-full\"><img decoding=\"async\" src=\"https:\/\/taizypackaging.com\/wp-content\/uploads\/2021\/07\/horizontal-bag-feeding-machine-for-powder.jpg\" alt=\"m\u00e1quina de alimenta\u00e7\u00e3o de saco horizontal para p\u00f3\" class=\"wp-image-3862\"\/><figcaption class=\"wp-element-caption\">m\u00e1quina de alimenta\u00e7\u00e3o de saco horizontal para p\u00f3<\/figcaption><\/figure> <\/div>    <div class=\"wp-block-column is-layout-flow wp-block-column-is-layout-flow\"> <figure class=\"wp-block-image size-full\"><img loading=\"lazy\" decoding=\"async\" width=\"720\" height=\"540\" src=\"https:\/\/taizypackaging.com\/wp-content\/uploads\/2021\/07\/horizontal-bag-feeding-machine-for-liquids.jpg\" alt=\"m\u00e1quina de alimenta\u00e7\u00e3o de saco horizontal para l\u00edquidos\" class=\"wp-image-3863\" srcset=\"https:\/\/taizypackaging.com\/wp-content\/uploads\/2021\/07\/horizontal-bag-feeding-machine-for-liquids.jpg 720w, https:\/\/taizypackaging.com\/wp-content\/uploads\/2021\/07\/horizontal-bag-feeding-machine-for-liquids-300x225.jpg 300w\" sizes=\"auto, (max-width: 720px) 100vw, 720px\" \/><figcaption class=\"wp-element-caption\">m\u00e1quina de alimenta\u00e7\u00e3o de saco horizontal para l\u00edquidos<\/figcaption><\/figure> <\/div> <\/div>    <div class=\"wp-block-columns is-layout-flex wp-container-core-columns-is-layout-9d6595d7 wp-block-columns-is-layout-flex\"> <div class=\"wp-block-column is-layout-flow wp-block-column-is-layout-flow\"> <figure class=\"wp-block-image size-full\"><img decoding=\"async\" src=\"https:\/\/taizypackaging.com\/wp-content\/uploads\/2021\/07\/powder-packaging-bag-style.jpg\" alt=\"estilo de saco de embalagem de p\u00f3\" class=\"wp-image-3864\"\/><figcaption class=\"wp-element-caption\">estilo de saco de embalagem de p\u00f3<\/figcaption><\/figure> <\/div>    <div class=\"wp-block-column is-layout-flow wp-block-column-is-layout-flow\"> <figure class=\"wp-block-image size-full\"><img decoding=\"async\" src=\"https:\/\/taizypackaging.com\/wp-content\/uploads\/2021\/07\/liquid-packaging-bag-style.jpg\" alt=\"estilo de saco de embalagem de l\u00edquido\" class=\"wp-image-3865\"\/><figcaption class=\"wp-element-caption\">estilo de saco de embalagem de l\u00edquido<\/figcaption><\/figure> <\/div> <\/div>    <h2 class=\"wp-block-heading\" id=\"h-construction-of-horizontal-bag-feeding-packaging-machine\">Sistema de alimenta\u00e7\u00e3o da m\u00e1quina de embalagem com alimenta\u00e7\u00e3o de saco horizontal<\/h2>    <p>O sistema de alimenta\u00e7\u00e3o depende do tipo espec\u00edfico de mat\u00e9ria-prima a ser embalada: o dispositivo de alimenta\u00e7\u00e3o por rosca (pode ser equipado com escova e outros dispositivos de remo\u00e7\u00e3o de poeira) \u00e9 geralmente utilizado para embalagens de p\u00f3; part\u00edculas pequenas, ent\u00e3o geralmente escolha a alimenta\u00e7\u00e3o da plataforma girat\u00f3ria; balan\u00e7a de quatro cabe\u00e7as e outros dispositivos eletr\u00f4nicos de alimenta\u00e7\u00e3o de balan\u00e7a combinada s\u00e3o usados \u200b\u200b\u200b\u200bprincipalmente para embalar part\u00edculas irregulares, como biscoitos, etc.; l\u00edquido ou pasta usando bombas de l\u00edquido ou pasta. O sistema de descarga \u00e9 feito de a\u00e7o inoxid\u00e1vel, adequado para uma variedade de materiais, de alta qualidade e est\u00e1vel, resistente e dur\u00e1vel.<\/p>    <p>O sistema de alimenta\u00e7\u00e3o do saco inclui pegar o saco, segur\u00e1-lo, ench\u00ea-lo e sel\u00e1-lo. A prop\u00f3sito, o sistema de alimenta\u00e7\u00e3o de sacos pode ser customizado de acordo com a necessidade do cliente caso encontre chips e outras caixas que n\u00e3o sejam f\u00e1ceis de encher, acrescentando um dispositivo de menor vibra\u00e7\u00e3o e um dispositivo de perfura\u00e7\u00e3o. Se for uma bolsa com z\u00edper, \u00e9 necess\u00e1rio um dispositivo adicional de abertura de z\u00edper.<\/p>    <p class=\"translation-block\">A m\u00e1quina precisa ser usada com um compressor de ar. Isso \u00e9 semelhante ao <a href=\"https:\/\/taizypackaging.com\/pt\/machines-category\/vpm\/\" target=\"_blank\" rel=\"noreferrer noopener\">selador a v\u00e1cuo<\/a>. A largura do saco \u00e9 inferior a 20cm, voc\u00ea pode adicionar uma m\u00e1quina de codifica\u00e7\u00e3o, como um codificador de fita. O dispositivo de selagem adota tecnologia de selagem a quente de ponta, com f\u00e1cil controle de temperatura, para diferentes materiais de filme de embalagem, espessura e adaptabilidade.<\/p>    <h2 class=\"wp-block-heading\" id=\"faqs-about-taizy-horizontal-pouch-feeding-machine\">Perguntas frequentes sobre a m\u00e1quina de alimenta\u00e7\u00e3o de bolsas horizontais Taizy<\/h2>    <p>1. Quais s\u00e3o os par\u00e2metros da m\u00e1quina?<\/p>    <p class=\"translation-block\">Porque a estrutura e os par\u00e2metros espec\u00edficos da m\u00e1quina da <a href=\"https:\/\/taizypackaging.com\/pt\/\" target=\"_blank\" rel=\"noreferrer noopener\">Taizy Company<\/a> s\u00e3o baseados nas mat\u00e9rias-primas e sacos a serem embalados pelo cliente, o tamanho espec\u00edfico precisa ser personalizado ap\u00f3s comunicarmos com o cliente, se voc\u00ea quiser entender a situa\u00e7\u00e3o espec\u00edfica, pode se comunicar diretamente conosco.<\/p>    <p>2. Esta m\u00e1quina \u00e9 totalmente autom\u00e1tica?<\/p>    <p>Sim, os trabalhadores s\u00f3 precisam preparar os sacos com anteced\u00eancia e coloc\u00e1-los na posi\u00e7\u00e3o designada, definir os par\u00e2metros fixos no painel de controle, e a m\u00e1quina ir\u00e1 agarrar automaticamente os sacos para embalagem, e os sacos ser\u00e3o conduzidos ao solo junto com a prancheta ap\u00f3s a conclus\u00e3o da embalagem, e todo o processo n\u00e3o requer opera\u00e7\u00e3o manual.<\/p>    <p>3. Esta m\u00e1quina est\u00e1 equipada com uma m\u00e1quina de codifica\u00e7\u00e3o?<\/p>    <p>A m\u00e1quina codificadora pode ser configurada de acordo com a necessidade do cliente, nossa empresa utiliza o codificador de fita. Ele usa uma fita de impress\u00e3o t\u00e9rmica em vez de impress\u00e3o com tinta, carrega e descarrega palavras especiais ao vivo para estrutura de palavras e pode estar em qualquer material de embalagem no c\u00f3digo. A impress\u00e3o \u00e9 n\u00edtida e n\u00e3o \u00e9 f\u00e1cil de apagar; higi\u00eanico e limpo, sem polui\u00e7\u00e3o de tinta, \u00e9 um m\u00e9todo de codifica\u00e7\u00e3o econ\u00f4mico e higi\u00eanico.<\/p>    <p>4. Qual \u00e9 o pre\u00e7o da m\u00e1quina alimentadora de saco horizontal?<\/p>    <p>Como nossas m\u00e1quinas s\u00e3o customizadas de acordo com as necessidades do cliente, entre em contato conosco diretamente para obter pre\u00e7os espec\u00edficos.<\/p>","protected":false},"excerpt":{"rendered":"<p>Horizontal bag feeding machine is a type of premade bag filling packaging machine. This machine has a very wide range of applications. Equipped with a different feeding system, the horizontal bag filling machine can package particles, powders, and liquid products. Besides, this machine can perfectly suit various bag styles like stand-up bags, pillow bags, zip [&hellip;]<\/p>\n","protected":false},"author":1,"featured_media":2513,"parent":0,"template":"","tags":[549,550,597],"product-type":[665],"class_list":["post-2500","product","type-product","status-publish","has-post-thumbnail","hentry","tag-bag-feeding-machine","tag-horizontal-bag-feeding-machine","tag-premade-bag-filling-machine","product-type-premade-pouch-packing-machine"],"_links":{"self":[{"href":"https:\/\/taizypackaging.com\/pt\/wp-json\/wp\/v2\/product\/2500","targetHints":{"allow":["GET"]}}],"collection":[{"href":"https:\/\/taizypackaging.com\/pt\/wp-json\/wp\/v2\/product"}],"about":[{"href":"https:\/\/taizypackaging.com\/pt\/wp-json\/wp\/v2\/types\/product"}],"author":[{"embeddable":true,"href":"https:\/\/taizypackaging.com\/pt\/wp-json\/wp\/v2\/users\/1"}],"wp:featuredmedia":[{"embeddable":true,"href":"https:\/\/taizypackaging.com\/pt\/wp-json\/wp\/v2\/media\/2513"}],"wp:attachment":[{"href":"https:\/\/taizypackaging.com\/pt\/wp-json\/wp\/v2\/media?parent=2500"}],"wp:term":[{"taxonomy":"post_tag","embeddable":true,"href":"https:\/\/taizypackaging.com\/pt\/wp-json\/wp\/v2\/tags?post=2500"},{"taxonomy":"product-type","embeddable":true,"href":"https:\/\/taizypackaging.com\/pt\/wp-json\/wp\/v2\/product-type?post=2500"}],"curies":[{"name":"wp","href":"https:\/\/api.w.org\/{rel}","templated":true}]}}