{"id":2528,"date":"2021-08-04T08:03:21","date_gmt":"2021-08-04T08:03:21","guid":{"rendered":"https:\/\/taizypackaging.com\/?p=2528"},"modified":"2024-07-16T16:49:31","modified_gmt":"2024-07-16T08:49:31","slug":"reciprocating-servo-packing-machine","status":"publish","type":"product","link":"https:\/\/taizypackaging.com\/pt\/reciprocating-servo-packing-machine\/","title":{"rendered":"M\u00e1quina de embalagem servo alternativa"},"content":{"rendered":"<div class=\"kk-star-ratings kksr-auto kksr-align-left kksr-valign-top\"     data-payload='{&quot;align&quot;:&quot;left&quot;,&quot;id&quot;:&quot;2528&quot;,&quot;slug&quot;:&quot;default&quot;,&quot;valign&quot;:&quot;top&quot;,&quot;ignore&quot;:&quot;&quot;,&quot;reference&quot;:&quot;auto&quot;,&quot;class&quot;:&quot;&quot;,&quot;count&quot;:&quot;19&quot;,&quot;legendonly&quot;:&quot;&quot;,&quot;readonly&quot;:&quot;&quot;,&quot;score&quot;:&quot;4.6&quot;,&quot;starsonly&quot;:&quot;&quot;,&quot;best&quot;:&quot;5&quot;,&quot;gap&quot;:&quot;5&quot;,&quot;greet&quot;:&quot;Rate this product&quot;,&quot;legend&quot;:&quot;4.6\\\/5 - (19 votes)&quot;,&quot;size&quot;:&quot;24&quot;,&quot;title&quot;:&quot;Reciprocating Servo Packing Machine&quot;,&quot;width&quot;:&quot;130.9&quot;,&quot;_legend&quot;:&quot;{score}\\\/{best} - ({count} {votes})&quot;,&quot;font_factor&quot;:&quot;1.25&quot;}'>              <div class=\"kksr-stars\">      <div class=\"kksr-stars-inactive\">             <div class=\"kksr-star\" data-star=\"1\" style=\"padding-right: 5px\">               <div class=\"kksr-icon\" style=\"width: 24px; height: 24px;\"><\/div>         <\/div>             <div class=\"kksr-star\" data-star=\"2\" style=\"padding-right: 5px\">               <div class=\"kksr-icon\" style=\"width: 24px; height: 24px;\"><\/div>         <\/div>             <div class=\"kksr-star\" data-star=\"3\" style=\"padding-right: 5px\">               <div class=\"kksr-icon\" style=\"width: 24px; height: 24px;\"><\/div>         <\/div>             <div class=\"kksr-star\" data-star=\"4\" style=\"padding-right: 5px\">               <div class=\"kksr-icon\" style=\"width: 24px; height: 24px;\"><\/div>         <\/div>             <div class=\"kksr-star\" data-star=\"5\" style=\"padding-right: 5px\">               <div class=\"kksr-icon\" style=\"width: 24px; height: 24px;\"><\/div>         <\/div>     <\/div>      <div class=\"kksr-stars-active\" style=\"width: 130.9px;\">             <div class=\"kksr-star\" style=\"padding-right: 5px\">               <div class=\"kksr-icon\" style=\"width: 24px; height: 24px;\"><\/div>         <\/div>             <div class=\"kksr-star\" style=\"padding-right: 5px\">               <div class=\"kksr-icon\" style=\"width: 24px; height: 24px;\"><\/div>         <\/div>             <div class=\"kksr-star\" style=\"padding-right: 5px\">               <div class=\"kksr-icon\" style=\"width: 24px; height: 24px;\"><\/div>         <\/div>             <div class=\"kksr-star\" style=\"padding-right: 5px\">               <div class=\"kksr-icon\" style=\"width: 24px; height: 24px;\"><\/div>         <\/div>             <div class=\"kksr-star\" style=\"padding-right: 5px\">               <div class=\"kksr-icon\" style=\"width: 24px; height: 24px;\"><\/div>         <\/div>     <\/div> <\/div>                   <div class=\"kksr-legend\" style=\"font-size: 19.2px;\">             4,6\/5 - (19 votos)    <\/div>     <\/div>  <p class=\"translation-block\"><strong>A m\u00e1quina de embalagem servo reciprocante<\/strong> \u00e9 um tipo de m\u00e1quina de embalagem em fluxo horizontal. Possui um novo design, uma estrutura simples e utiliza tecnologia avan\u00e7ada. Al\u00e9m disso, uma <strong>m\u00e1quina de embalagem em travesseiro reciprocante<\/strong> tem uma ampla gama de aplica\u00e7\u00f5es. Por exemplo, pode ser aplicada para embalar v\u00e1rios alimentos, vegetais, frutas, produtos de uso di\u00e1rio, etc. A Taizy Packaging Machinery tem estado envolvida no design e pesquisa de v\u00e1rias m\u00e1quinas de embalagem em travesseiro. Hoje em dia, nossa <strong>m\u00e1quina de embalagem em fluxo horizontal<\/strong> foi exportada com sucesso para mais de 50 pa\u00edses e regi\u00f5es. E ajudamos muitos parceiros a desenvolver seus pequenos neg\u00f3cios ao redor do mundo. <\/p>    <h2 class=\"wp-block-heading\" id=\"h-the-working-video-of-reciprocating-pillow-packaging-machine\">V\u00eddeo de funcionamento da m\u00e1quina de embalagem de travesseiros alternativos<\/h2>   <figure class=\"wp-block-embed-youtube wp-block-embed is-type-video is-provider-youtube wp-embed-aspect-16-9 wp-has-aspect-ratio\"><div class=\"lyte-wrapper fourthree\" title=\"M\u00e1quina de embalagem servo alternativa | m\u00e1quina de embalagem de travesseiro horizontal com servos\" style=\"width:960px;max-width:100%;margin:5px auto;\"><div class=\"lyMe hidef\" id=\"WYL_Mr0Rt9b9FEk\" itemprop=\"video\" itemscope itemtype=\"https:\/\/schema.org\/VideoObject\"><div><meta itemprop=\"thumbnailUrl\" content=\"https:\/\/taizypackaging.com\/wp-content\/plugins\/wp-youtube-lyte\/lyteCache.php?origThumbUrl=https%3A%2F%2Fi.ytimg.com%2Fvi%2FMr0Rt9b9FEk%2Fmaxresdefault.jpg\" \/><meta itemprop=\"embedURL\" content=\"https:\/\/www.youtube.com\/embed\/Mr0Rt9b9FEk\" \/><meta itemprop=\"duration\" content=\"PT3M\" \/><meta itemprop=\"uploadDate\" content=\"2021-08-03T10:20:47Z\" \/><\/div><meta itemprop=\"accessibilityFeature\" content=\"captions\" \/><div id=\"lyte_Mr0Rt9b9FEk\" data-src=\"https:\/\/taizypackaging.com\/wp-content\/plugins\/wp-youtube-lyte\/lyteCache.php?origThumbUrl=https%3A%2F%2Fi.ytimg.com%2Fvi%2FMr0Rt9b9FEk%2Fmaxresdefault.jpg\" class=\"pL\"><div class=\"tC\"><div class=\"tT\" itemprop=\"name\">M\u00e1quina de embalagem servo alternativa | m\u00e1quina de embalagem de travesseiro horizontal com servos<\/div><\/div><div class=\"play\"><\/div><div class=\"ctrl\"><div class=\"Lctrl\"><\/div><div class=\"Rctrl\"><\/div><\/div><\/div><noscript><a href=\"https:\/\/youtu.be\/Mr0Rt9b9FEk\" rel=\"nofollow noopener\" target=\"_blank\"><img loading=\"lazy\" decoding=\"async\" src=\"https:\/\/taizypackaging.com\/wp-content\/plugins\/wp-youtube-lyte\/lyteCache.php?origThumbUrl=https%3A%2F%2Fi.ytimg.com%2Fvi%2FMr0Rt9b9FEk%2F0.jpg\" alt=\"M\u00e1quina de embalagem servo alternativa | m\u00e1quina de embalagem de travesseiro horizontal com servos\" width=\"960\" height=\"700\" \/><br \/>Assista a este v\u00eddeo no YouTube<\/a><\/noscript><meta itemprop=\"description\" content=\"WhatsApp\/Wechat\/Tel:+86 19139754781 This machine can be regarded as the upgrade of a common horizontal pillow-type packing machine. Reciprocating servo packing machine is suitable for various kinds of regular objects like biscuits, bread, egg roll, instant noodle, moon cake, medicine, hardware, industrial parts, paper boxes, plates, etc. It is worth mentioning that this machine has a gusset bag device which makes the bag shape more beautiful, and enhances the product grade.\"><\/div><\/div><div class=\"lL\" style=\"max-width:100%;width:960px;margin:5px auto;\"><\/div><figcaption><\/figcaption><\/figure>   <h2 class=\"wp-block-heading\" id=\"introduction-of-reciprocating-servo-packing-machine\">Introdu\u00e7\u00e3o da m\u00e1quina de embalagem servo alternativa<\/h2>    <p>As m\u00e1quinas de embalagem alternativa podem ser consideradas como a vis\u00e3o atualizada de uma m\u00e1quina de embalagem horizontal comum do tipo travesseiro. E \u00e9 um tipo de m\u00e1quina de embalagem autom\u00e1tica. A m\u00e1quina embaladora servo rec\u00edproca \u00e9 adequada para v\u00e1rios tipos de objetos regulares como biscoitos, p\u00e3o, rolinhos de ovo, macarr\u00e3o instant\u00e2neo, bolos lunares, rem\u00e9dios, ferragens, pe\u00e7as industriais, caixas de papel, pratos, etc. dispositivo de bolsa de refor\u00e7o que torna o estilo da bolsa mais bonito e melhora a qualidade do produto.<\/p>    <figure class=\"wp-block-image size-full\"><img decoding=\"async\" src=\"https:\/\/taizypackaging.com\/wp-content\/uploads\/2021\/08\/reciprocating-servo-packing-machine.jpg\" alt=\"m\u00e1quina de embalagem servo alternativa\" class=\"wp-image-3877\"\/><figcaption class=\"wp-element-caption\">m\u00e1quina de embalagem servo alternativa<\/figcaption><\/figure>    <h2 class=\"wp-block-heading\" id=\"h-the-structure-of-reciprocating-packaging-machine\">Caracter\u00edsticas estruturais da m\u00e1quina de embalagem alternativa<\/h2>    <p>A m\u00e1quina flow pack alternativa possui uma estrutura simples. Consiste principalmente em um sistema de controle PLC inteligente, correia transportadora, dispositivo de alimenta\u00e7\u00e3o de filme, formador de saco, porta de descarga, dispositivo de veda\u00e7\u00e3o e corte, motor famoso, etc. Todas as pe\u00e7as adotam material dur\u00e1vel e tecnologia avan\u00e7ada, que garantem o bom desempenho de nosso travesseiro m\u00e1quinas de embalagem. Al\u00e9m disso, todos os acess\u00f3rios contam com atendimento personalizado da empresa Taizy para atender \u00e0s suas necessidades espec\u00edficas. <\/p>    <figure class=\"wp-block-image size-full\"><img decoding=\"async\" src=\"https:\/\/taizypackaging.com\/wp-content\/uploads\/2021\/08\/\u753b\u677f-1_\u770b\u56fe\u738b.jpg\" alt=\"\" class=\"wp-image-2530\"\/><\/figure>    <h2 class=\"wp-block-heading\" id=\"h-details-of-reciprocating-servo-packing-machine\">Detalhes da m\u00e1quina de embalagem servo alternativa<\/h2>    <p>A m\u00e1quina de embalagem servo alternativa \u00e0 venda da Taizy tem excelente desempenho. Em primeiro lugar, esta m\u00e1quina utiliza um sistema de controle PLC inteligente. Atrav\u00e9s de uma grande tela sens\u00edvel ao toque, podemos facilmente definir par\u00e2metros para controlar toda a m\u00e1quina. Em seguida, o eixo do rolo de filme multi-link \u00e9 usado para coordenar o elo de tra\u00e7\u00e3o do filme, que se adapta ao material do filme multi-rolo, e o filme rola suavemente. Em terceiro lugar, o cortador de selagem t\u00e9rmica sela as extremidades frontal e traseira dos produtos embalados para evitar enrolamentos ou lacunas na posi\u00e7\u00e3o de veda\u00e7\u00e3o. <\/p>    <div class=\"wp-block-columns is-layout-flex wp-container-core-columns-is-layout-9d6595d7 wp-block-columns-is-layout-flex\"> <div class=\"wp-block-column is-layout-flow wp-block-column-is-layout-flow\"> <figure class=\"wp-block-image size-full\"><img decoding=\"async\" src=\"https:\/\/taizypackaging.com\/wp-content\/uploads\/2021\/08\/reciprocating-packing-machine-bag-forming-system.jpg\" alt=\"sistema de forma\u00e7\u00e3o de saco para m\u00e1quina de embalagem alternativa\" class=\"wp-image-3880\"\/><figcaption class=\"wp-element-caption\">sistema de forma\u00e7\u00e3o de saco para m\u00e1quina de embalagem alternativa<\/figcaption><\/figure> <\/div>    <div class=\"wp-block-column is-layout-flow wp-block-column-is-layout-flow\"> <figure class=\"wp-block-image size-full\"><img decoding=\"async\" src=\"https:\/\/taizypackaging.com\/wp-content\/uploads\/2021\/08\/reciprocating-packing-machine-cutter.jpg\" alt=\"cortador de m\u00e1quina de embalagem alternativa\" class=\"wp-image-3881\"\/><figcaption class=\"wp-element-caption\">cortador de m\u00e1quina de embalagem alternativa<\/figcaption><\/figure> <\/div> <\/div>    <h2 class=\"wp-block-heading\" id=\"h-machine-parameters-of-reciprocating-servo-packing-machine\">Par\u00e2metros da m\u00e1quina de embalagem servo alternativa <\/h2>    <h3 class=\"wp-block-heading\" id=\"tz-450w-reciprocating-servo-packing-machine-parameters\">Par\u00e2metros da m\u00e1quina de embalagem servo alternativa TZ-450W <\/h3>    <figure class=\"wp-block-table is-style-stripes\"><table><tbody><tr><td>Largura do filme<\/td><td>M\u00e1x.450mm<\/td><\/tr><tr><td>Comprimento de fabrica\u00e7\u00e3o de sacolas<\/td><td>120~450mm<\/td><\/tr><tr><td>Largura de fabrica\u00e7\u00e3o de sacolas<\/td><td>50~160mm<\/td><\/tr><tr><td>Altura de produ\u00e7\u00e3o<\/td><td>10~100mm<\/td><\/tr><tr><td>Velocidade de embalagem<\/td><td>20-80 sacos\/min<\/td><\/tr><tr><td>Poder<\/td><td>4,2KW\/220V\/50\/60Hz<\/td><\/tr><tr><td>Dimens\u00e3o<\/td><td>(C)4380mmx(L)870mmx(A)1500mm<\/td><\/tr><tr><td>Peso<\/td><td>800Kg<\/td><\/tr><\/tbody><\/table><\/figure>    <h3 class=\"wp-block-heading\" id=\"tz-600w-reciprocating-servo-packing-machine-parameters\">Par\u00e2metros da m\u00e1quina de embalagem servo alternativa TZ-600W <\/h3>    <figure class=\"wp-block-table is-style-stripes\"><table><tbody><tr><td>Largura do filme<\/td><td>M\u00e1x600mm<\/td><\/tr><tr><td>Comprimento de fabrica\u00e7\u00e3o de sacolas<\/td><td>120~450mm<\/td><\/tr><tr><td>Largura de fabrica\u00e7\u00e3o de sacolas<\/td><td>50~200mm<\/td><\/tr><tr><td>Altura de produ\u00e7\u00e3o<\/td><td>10~100mm<\/td><\/tr><tr><td>Velocidade de embalagem<\/td><td>20-80 sacos\/min<\/td><\/tr><tr><td>Poder<\/td><td>4,6 KW\/220 V\/50\/60 Hz<\/td><\/tr><tr><td>Dimens\u00e3o<\/td><td>(C)4380mmx(L)970mmx(A)1500mm<\/td><\/tr><tr><td>Peso<\/td><td>900Kg<\/td><\/tr><\/tbody><\/table><\/figure>    <h2 class=\"wp-block-heading\" id=\"h-the-design-features-of-reciprocating-pillow-packaging-machine\">Vantagens de design da m\u00e1quina de embalagem de travesseiros alternativos<\/h2>    <ul class=\"wp-block-list\"> <li>Comparado com o sistema de veda\u00e7\u00e3o rotativa tradicional, o sistema de veda\u00e7\u00e3o alternativo pode completar simultaneamente a embalagem de produtos de diferentes alturas e comprimentos e, em termos de requinte, o sistema de veda\u00e7\u00e3o alternativo tamb\u00e9m \u00e9 superior ao sistema de veda\u00e7\u00e3o rotativo tradicional, ao mesmo tempo que garante o calor efeito de veda\u00e7\u00e3o da superf\u00edcie de veda\u00e7\u00e3o.<\/li>    <li>Se for uma m\u00e1quina comum, para embalar produtos diferentes \u00e9 necess\u00e1rio ajustar a dist\u00e2ncia entre a correia transportadora, enquanto a servoembaladora alternativa com um servomotor completo pode detectar e julgar automaticamente sem ajuste manual.<\/li>    <li>O a\u00e7o inoxid\u00e1vel de qualidade alimentar em contato com o produto \u00e9 limpo, higi\u00eanico e bonito.<\/li>    <li>Tela sens\u00edvel ao toque, display em chin\u00eas e ingl\u00eas, configura\u00e7\u00e3o de par\u00e2metros conveniente e r\u00e1pida.<\/li>    <li>Rastreamento fotoel\u00e9trico de cor ocular de alta sensibilidade, entrada digital de posi\u00e7\u00e3o de veda\u00e7\u00e3o de corte, mais preciso.<\/li>    <li>O controle autom\u00e1tico de temperatura PID \u00e9 melhor para embalagens de diferentes materiais.<\/li>    <li>Quando o produto passa para a linha de transporte do equipamento para in\u00edcio at\u00e9 o final da embalagem, todo o processo, os equipamentos de cada etapa do sistema transportador de correia se manter\u00e3o sincronizados com o produto adiante, para evitar arranh\u00f5es na superf\u00edcie do produto que afetem a beleza do produto, para garantir a qualidade da embalagem do produto.<\/li> <\/ul>    <h2 class=\"wp-block-heading\" id=\"h-about-us\">Por que escolher a Taizy?<\/h2>    <p>Temos nos concentrado na ind\u00fastria de m\u00e1quinas de embalagem h\u00e1 mais de 10 anos. Atra\u00edmos clientes de todo o mundo com nossa boa reputa\u00e7\u00e3o, produtos de alta qualidade e pre\u00e7os acess\u00edveis. Nossa f\u00e1brica reuniu engenheiros seniores e t\u00e9cnicos de primeira classe para controlar rigorosamente a qualidade dos produtos. Nosso gerente de vendas apresentar\u00e1 a m\u00e1quina em todos os aspectos por meio de diversas formas, como v\u00eddeo, fotos e telefones, e recomendar\u00e1 a m\u00e1quina mais adequada de acordo com suas necessidades. Voc\u00ea est\u00e1 interessado nesta m\u00e1quina de embalagem horizontal? Informe-nos com anteced\u00eancia e iremos fornecer-lhe uma excelente solu\u00e7\u00e3o de embalagem personalizada. <\/p>    <p class=\"translation-block\">Nossa empresa mant\u00e9m coopera\u00e7\u00e3o de longo prazo com grandes empresas de transporte nacionais para garantir que suas mercadorias sejam enviadas com a menor quantidade de perda desnecess\u00e1ria. Ao mesmo tempo, ap\u00f3s receber as mercadorias, nossa equipe de p\u00f3s-venda est\u00e1 sempre pronta para responder suas d\u00favidas e fornecer conselhos sobre a manuten\u00e7\u00e3o e cuidado da m\u00e1quina. Satisfazer nossos clientes, buscar sucesso e progredir juntos \u00e9 o objetivo que a <a href=\"https:\/\/taizypackaging.com\/pt\/\">Taizy<\/a> sempre persegue.<\/p>    <figure class=\"wp-block-image size-full\"><img decoding=\"async\" src=\"https:\/\/taizypackaging.com\/wp-content\/uploads\/2021\/08\/\u753b\u677f-9.jpg\" alt=\"f\u00e1brica de m\u00e1quinas de embalagem de travesseiros alternativos\" class=\"wp-image-2543\"\/><figcaption class=\"wp-element-caption\">f\u00e1brica de m\u00e1quinas de embalagem de travesseiros alternativos<\/figcaption><\/figure>","protected":false},"excerpt":{"rendered":"<p>Reciprocating servo packing machine is a kind of horizontal flow wrap machine. It has a new design, a simple structure, and uses advanced technology. Besides, a reciprocating pillow packaging machine has a very wide range of applications. For example, it can be applied for packing various foods, vegetables, fruits, daily necessities, etc. Taizy Packaging Machinery [&hellip;]<\/p>\n","protected":false},"author":1,"featured_media":2546,"parent":0,"template":"","tags":[559,598,599],"product-type":[664],"class_list":["post-2528","product","type-product","status-publish","has-post-thumbnail","hentry","tag-pillow-packing-machine","tag-reciprocating-flow-pack-machine","tag-reciprocating-servo-packing-machine","product-type-horizontal-flow-wrapping-machines"],"_links":{"self":[{"href":"https:\/\/taizypackaging.com\/pt\/wp-json\/wp\/v2\/product\/2528","targetHints":{"allow":["GET"]}}],"collection":[{"href":"https:\/\/taizypackaging.com\/pt\/wp-json\/wp\/v2\/product"}],"about":[{"href":"https:\/\/taizypackaging.com\/pt\/wp-json\/wp\/v2\/types\/product"}],"author":[{"embeddable":true,"href":"https:\/\/taizypackaging.com\/pt\/wp-json\/wp\/v2\/users\/1"}],"wp:featuredmedia":[{"embeddable":true,"href":"https:\/\/taizypackaging.com\/pt\/wp-json\/wp\/v2\/media\/2546"}],"wp:attachment":[{"href":"https:\/\/taizypackaging.com\/pt\/wp-json\/wp\/v2\/media?parent=2528"}],"wp:term":[{"taxonomy":"post_tag","embeddable":true,"href":"https:\/\/taizypackaging.com\/pt\/wp-json\/wp\/v2\/tags?post=2528"},{"taxonomy":"product-type","embeddable":true,"href":"https:\/\/taizypackaging.com\/pt\/wp-json\/wp\/v2\/product-type?post=2528"}],"curies":[{"name":"wp","href":"https:\/\/api.w.org\/{rel}","templated":true}]}}