{"id":2616,"date":"2021-08-10T09:58:13","date_gmt":"2021-08-10T09:58:13","guid":{"rendered":"https:\/\/taizypackaging.com\/?p=2616"},"modified":"2022-12-14T01:50:53","modified_gmt":"2022-12-14T01:50:53","slug":"granule-filling-machine-2","status":"publish","type":"product","link":"https:\/\/taizypackaging.com\/pt\/granule-filling-machine\/","title":{"rendered":"M\u00e1quina de enchimento de gr\u00e2nulos"},"content":{"rendered":"<div class=\"kk-star-ratings kksr-auto kksr-align-left kksr-valign-top\"     data-payload='{&quot;align&quot;:&quot;left&quot;,&quot;id&quot;:&quot;2616&quot;,&quot;slug&quot;:&quot;default&quot;,&quot;valign&quot;:&quot;top&quot;,&quot;ignore&quot;:&quot;&quot;,&quot;reference&quot;:&quot;auto&quot;,&quot;class&quot;:&quot;&quot;,&quot;count&quot;:&quot;8&quot;,&quot;legendonly&quot;:&quot;&quot;,&quot;readonly&quot;:&quot;&quot;,&quot;score&quot;:&quot;4.7&quot;,&quot;starsonly&quot;:&quot;&quot;,&quot;best&quot;:&quot;5&quot;,&quot;gap&quot;:&quot;5&quot;,&quot;greet&quot;:&quot;Rate this product&quot;,&quot;legend&quot;:&quot;4.7\\\/5 - (8 votes)&quot;,&quot;size&quot;:&quot;24&quot;,&quot;title&quot;:&quot;Granule Filling Machine&quot;,&quot;width&quot;:&quot;133.8&quot;,&quot;_legend&quot;:&quot;{score}\\\/{best} - ({count} {votes})&quot;,&quot;font_factor&quot;:&quot;1.25&quot;}'>              <div class=\"kksr-stars\">      <div class=\"kksr-stars-inactive\">             <div class=\"kksr-star\" data-star=\"1\" style=\"padding-right: 5px\">               <div class=\"kksr-icon\" style=\"width: 24px; height: 24px;\"><\/div>         <\/div>             <div class=\"kksr-star\" data-star=\"2\" style=\"padding-right: 5px\">               <div class=\"kksr-icon\" style=\"width: 24px; height: 24px;\"><\/div>         <\/div>             <div class=\"kksr-star\" data-star=\"3\" style=\"padding-right: 5px\">               <div class=\"kksr-icon\" style=\"width: 24px; height: 24px;\"><\/div>         <\/div>             <div class=\"kksr-star\" data-star=\"4\" style=\"padding-right: 5px\">               <div class=\"kksr-icon\" style=\"width: 24px; height: 24px;\"><\/div>         <\/div>             <div class=\"kksr-star\" data-star=\"5\" style=\"padding-right: 5px\">               <div class=\"kksr-icon\" style=\"width: 24px; height: 24px;\"><\/div>         <\/div>     <\/div>      <div class=\"kksr-stars-active\" style=\"width: 133.8px;\">             <div class=\"kksr-star\" style=\"padding-right: 5px\">               <div class=\"kksr-icon\" style=\"width: 24px; height: 24px;\"><\/div>         <\/div>             <div class=\"kksr-star\" style=\"padding-right: 5px\">               <div class=\"kksr-icon\" style=\"width: 24px; height: 24px;\"><\/div>         <\/div>             <div class=\"kksr-star\" style=\"padding-right: 5px\">               <div class=\"kksr-icon\" style=\"width: 24px; height: 24px;\"><\/div>         <\/div>             <div class=\"kksr-star\" style=\"padding-right: 5px\">               <div class=\"kksr-icon\" style=\"width: 24px; height: 24px;\"><\/div>         <\/div>             <div class=\"kksr-star\" style=\"padding-right: 5px\">               <div class=\"kksr-icon\" style=\"width: 24px; height: 24px;\"><\/div>         <\/div>     <\/div> <\/div>                   <div class=\"kksr-legend\" style=\"font-size: 19.2px;\">             4,7\/5 - (8 votos)    <\/div>     <\/div>  <p class=\"translation-block\"><strong>A m\u00e1quina de enchimento de granulados<\/strong> aqui apresentada foi concebida para uma elevada procura de produ\u00e7\u00e3o. \u00c9 comummente utilizada para produtos de 5kg a 50kg e para embalar gr\u00e3os, frutos secos, ra\u00e7\u00e3o para c\u00e3es, ra\u00e7\u00e3o para peixes, arroz, milho, fertilizantes qu\u00edmicos, etc. A <strong>m\u00e1quina de enchimento de granulados para venda<\/strong> aqui pode concluir de forma totalmente autom\u00e1tica o processo de pesagem e enchimento quantitativos. Com uma estrutura de corpo em a\u00e7o inoxid\u00e1vel e tecnologia avan\u00e7ada, esta m\u00e1quina autom\u00e1tica de enchimento de granulados tem um desempenho muito bom. Como um dos principais fabricantes de m\u00e1quinas de enchimento na China, fornecemos v\u00e1rias <strong>m\u00e1quinas de enchimento e selagem de granulados<\/strong> standard e personalizadas para satisfazer as suas necessidades. Contacte-nos hoje para uma lista de pre\u00e7os gratuita. <\/p>    <h2 class=\"wp-block-heading\" id=\"h-the-brief-introduction-of-granule-packaging-machine-for-5-50kg\">Introdu\u00e7\u00e3o de m\u00e1quina de enchimento de gr\u00e2nulos para venda <\/h2>    <p>Esta m\u00e1quina de envase de gr\u00e2nulos foi projetada para itens de 5kg a 50kg. E \u00e9 usado principalmente em gr\u00e3os, como milho, trigo, arroz, etc.; fertilizantes, tais como fertilizantes org\u00e2nicos, fertilizantes compostos e outros fertilizantes mistos; produtos qu\u00edmicos, como embalagens de polietileno, PVC, PE, PP e outros materiais granulares.<br>Os sacos s\u00e3o geralmente divididos em dois tipos, sacos pl\u00e1sticos ou sacos de tecido, a m\u00e1quina pode ser embalada em dois tipos de sacos, mas o m\u00e9todo de selagem \u00e9 diferente. Os sacos pl\u00e1sticos s\u00e3o embalados em uma m\u00e1quina de selagem a quente, enquanto os sacos de tecido s\u00e3o embalados em uma m\u00e1quina de costura.<\/p>    <figure class=\"wp-block-image size-full\"><img decoding=\"async\" src=\"https:\/\/taizypackaging.com\/wp-content\/uploads\/2021\/08\/\u753b\u677f-3_\u770b\u56fe\u738b.jpg\" alt=\"\" class=\"wp-image-2618\"\/><figcaption class=\"wp-element-caption\">Exibi\u00e7\u00e3o da m\u00e1quina de embalagem de gr\u00e2nulos de 5-50 kg<\/figcaption><\/figure>    <h2 class=\"wp-block-heading\" id=\"h-the-working-process-of-5-50kg-granule-packing-machine\">V\u00eddeo de trabalho da m\u00e1quina de embalagem de gr\u00e2nulos de 5-50 kg<\/h2>   <figure class=\"wp-block-embed-youtube wp-block-embed is-type-video is-provider-youtube wp-embed-aspect-16-9 wp-has-aspect-ratio\"><div class=\"lyte-wrapper fourthree\" title=\"M\u00e1quina autom\u00e1tica de pesagem, enchimento e selagem para feij\u00e3o, arroz, sementes, alimentos para c\u00e3es\/gatos 5KG ~ 50KG\" style=\"width:960px;max-width:100%;margin:5px auto;\"><div class=\"lyMe hidef\" id=\"WYL__E3hqS6pwhY\" itemprop=\"video\" itemscope itemtype=\"https:\/\/schema.org\/VideoObject\"><div><meta itemprop=\"thumbnailUrl\" content=\"https:\/\/taizypackaging.com\/wp-content\/plugins\/wp-youtube-lyte\/lyteCache.php?origThumbUrl=https%3A%2F%2Fi.ytimg.com%2Fvi%2F_E3hqS6pwhY%2Fmaxresdefault.jpg\" \/><meta itemprop=\"embedURL\" content=\"https:\/\/www.youtube.com\/embed\/_E3hqS6pwhY\" \/><meta itemprop=\"duration\" content=\"PT2M39S\" \/><meta itemprop=\"uploadDate\" content=\"2022-02-08T03:51:35Z\" \/><\/div><div id=\"lyte__E3hqS6pwhY\" data-src=\"https:\/\/taizypackaging.com\/wp-content\/plugins\/wp-youtube-lyte\/lyteCache.php?origThumbUrl=https%3A%2F%2Fi.ytimg.com%2Fvi%2F_E3hqS6pwhY%2Fmaxresdefault.jpg\" class=\"pL\"><div class=\"tC\"><div class=\"tT\" itemprop=\"name\">M\u00e1quina autom\u00e1tica de pesagem, enchimento e selagem para feij\u00e3o, arroz, sementes, alimentos para c\u00e3es\/gatos 5KG ~ 50KG<\/div><\/div><div class=\"play\"><\/div><div class=\"ctrl\"><div class=\"Lctrl\"><\/div><div class=\"Rctrl\"><\/div><\/div><\/div><noscript><a href=\"https:\/\/youtu.be\/_E3hqS6pwhY\" rel=\"nofollow noopener\" target=\"_blank\"><img loading=\"lazy\" decoding=\"async\" src=\"https:\/\/taizypackaging.com\/wp-content\/plugins\/wp-youtube-lyte\/lyteCache.php?origThumbUrl=https%3A%2F%2Fi.ytimg.com%2Fvi%2F_E3hqS6pwhY%2F0.jpg\" alt=\"M\u00e1quina autom\u00e1tica de pesagem, enchimento e selagem para feij\u00e3o, arroz, sementes, alimentos para c\u00e3es\/gatos 5KG ~ 50KG\" width=\"960\" height=\"700\" \/><br \/>Assista a este v\u00eddeo no YouTube<\/a><\/noscript><meta itemprop=\"description\" content=\"#bagfillingmachine #fillingmachine #weighingsealingmachine EMAIL: info@taizypackaging.com TEL\/WHATSAPP: +86 18837171591 USEFUL LINK: https:\/\/taizypackaging.com\/granule-packaging-machine-for-5-50kg\/ Automatic weighing and filling machine is designed for big bags, such as10kg, 15kg, 20kg, 30kg, 40kg, and a maximum of 50kg. This machine is suitable for packaging various particles like nuts, seeds, beans, rice, dried chilies, walnut, grains, chemical fertilizer, cat food, dog food, etc. Besides, it is ideal for both bags, bottles, cans. Features of this granule filling sealing machine 1. This machine adopts an intelligent control system, touchable display, and supports multiple national languages. It automatically calculates to ensure that the quality of each blanking is consistent. 2. Automatic belt-clamping design and conveyor belt save labor and effectively improve production efficiency. 3. Materials touched by the use of 304 stainless steel, durable, strong, clean, and hygienic. 4. Sealing machine and sewing machine with good quality, firm sealing, stable, and no air leakage. These videos may also be useful to you: Small vertical granule packing machine: https:\/\/www.youtube.com\/watch?v=RdSqEhdiWzU&amp;t=31s Super-efficient multihead weigher packing machine: https:\/\/www.youtube.com\/watch?v=mfQQ28r7qzY Semi automatic powder filling machine: https:\/\/www.youtube.com\/watch?v=F5tlcnSb8q4 EMAIL: info@taizypackaging.com TEL\/WHATSAPP: +86 18837171591 USEFUL LINK: https:\/\/taizypackaging.com\/granule-packaging-machine-for-5-50kg\/\"><\/div><\/div><div class=\"lL\" style=\"max-width:100%;width:960px;margin:5px auto;\"><\/div><figcaption><\/figcaption><\/figure>   <h2 class=\"wp-block-heading\" id=\"granule-filling-packing-machine-applications\">Aplica\u00e7\u00f5es de m\u00e1quinas de embalagem para enchimento de gr\u00e2nulos<\/h2>    <p class=\"translation-block\">Esta m\u00e1quina de enchimento e selagem de granulados \u00e9 amplamente utilizada nas ind\u00fastrias alimentar, de snacks e qu\u00edmica. \u00c9 fabricada para uma elevada procura de produ\u00e7\u00e3o. E \u00e9 ideal para embalar v\u00e1rios frutos secos, gr\u00e3os, arroz, milho, trigo, feij\u00e3o, sementes, alimentos para animais, t\u00e2maras vermelhas, malaguetas secas, nozes, fertilizantes qu\u00edmicos, e assim por diante. Al\u00e9m disso, tamb\u00e9m fornecemos m\u00e1quinas autom\u00e1ticas de embalagem de granulados em bolsas de qualidade. E se tiver uma necessidade de produ\u00e7\u00e3o elevada, temos a <a href=\"https:\/\/taizypackaging.com\/pt\/lapel-combination-packaging-machine\/\">m\u00e1quina de embalagem com multi-cabe\u00e7a<\/a> para si. <\/p>    <figure class=\"wp-block-image size-full\"><img decoding=\"async\" src=\"https:\/\/taizypackaging.com\/wp-content\/uploads\/2021\/08\/\u753b\u677f-2_\u770b\u56fe\u738b-1.jpg\" alt=\"aplica\u00e7\u00f5es de m\u00e1quinas de enchimento de gr\u00e2nulos\" class=\"wp-image-2619\"\/><figcaption class=\"wp-element-caption\">aplica\u00e7\u00f5es de m\u00e1quinas de enchimento de gr\u00e2nulos<\/figcaption><\/figure>    <h2 class=\"wp-block-heading\" id=\"h-the-structure-of-granule-packing-machine-for-5-50kg\">Caracter\u00edsticas estruturais da m\u00e1quina de envase de gr\u00e2nulos para 5-50kg<\/h2>    <p>A m\u00e1quina de envase de gr\u00e2nulos para 5kg ~ 50kg tem um design razo\u00e1vel e estrutura simples. Possui duas partes, um sistema de enchimento e um sistema de costura. Esta m\u00e1quina autom\u00e1tica de envase de gr\u00e2nulos consiste principalmente em uma ag\u00eancia quantitativa, mecanismo pneum\u00e1tico, caixa de controle de m\u00e1quina de costura, caixa de controle, m\u00e1quina de pacotes, corpo de balan\u00e7a e correia transportadora. Usando um avan\u00e7ado sistema de controle PLC, podemos definir par\u00e2metros atrav\u00e9s de uma grande tela sens\u00edvel ao toque, \u00e9 f\u00e1cil de operar e manter. <\/p>    <figure class=\"wp-block-image size-full\"><img decoding=\"async\" src=\"https:\/\/taizypackaging.com\/wp-content\/uploads\/2021\/08\/\u753b\u677f-5_\u770b\u56fe\u738b.jpg\" alt=\"estrutura da m\u00e1quina de enchimento de gr\u00e2nulos\" class=\"wp-image-2620\"\/><figcaption class=\"wp-element-caption\">estrutura da m\u00e1quina de enchimento de gr\u00e2nulos<\/figcaption><\/figure>    <h2 class=\"wp-block-heading\" id=\"h-the-design-features-of-packing-machine-for-large-granule\">Caracter\u00edsticas de design da m\u00e1quina autom\u00e1tica de enchimento e selagem de gr\u00e2nulos <\/h2>    <ul class=\"wp-block-list\"> <li>Esta m\u00e1quina adota um sistema de controle inteligente, display toc\u00e1vel e suporta v\u00e1rios idiomas internacionais. Ele calcula automaticamente para garantir que a qualidade de cada supress\u00e3o seja consistente.<\/li>    <li>O design de fixa\u00e7\u00e3o autom\u00e1tica da correia e a correia transportadora economizam trabalho e melhoram efetivamente a efici\u00eancia da produ\u00e7\u00e3o.<\/li>    <li>Os materiais tocados pelo uso de a\u00e7o inoxid\u00e1vel 304 s\u00e3o dur\u00e1veis, fortes, limpos e higi\u00eanicos.<\/li>    <li>M\u00e1quina de selagem e m\u00e1quina de costura de boa qualidade, veda\u00e7\u00e3o firme, est\u00e1vel e sem vazamento de ar.<\/li> <\/ul>    <h2 class=\"wp-block-heading\" id=\"h-faq\">Perguntas frequentes sobre a m\u00e1quina de envase de gr\u00e2nulos Taizy <\/h2>   <div id=\"rank-math-faq\" class=\"rank-math-block\"> <div class=\"rank-math-list\"> <div id=\"faq-question-1670982372820\" class=\"rank-math-list-item\"> <h3 class=\"rank-math-question\">1. Se eu quiser embalar gr\u00e2nulos com peso superior a 50kg, posso usar esta m\u00e1quina?<\/h3> <div class=\"rank-math-answer\">  <p>Esta m\u00e1quina foi projetada para embalar itens granulares de 5 a 50 kg, caso voc\u00ea precise disso, nossa f\u00e1brica possui uma m\u00e1quina embaladora e envasadora autom\u00e1tica para grandes necessidades de produ\u00e7\u00e3o, voc\u00ea pode entrar em contato conosco para informa\u00e7\u00f5es mais detalhadas. Tamb\u00e9m temos m\u00e1quinas adequadas para pequenas necessidades de produ\u00e7\u00e3o.<\/p>  <\/div> <\/div> <div id=\"faq-question-1670982376808\" class=\"rank-math-list-item\"> <h3 class=\"rank-math-question\">2. A m\u00e1quina seladora \u00e9 vendida junto com a m\u00e1quina?<\/h3> <div class=\"rank-math-answer\">  <p>Sim, est\u00e1 equipado com m\u00e1quina seladora ou m\u00e1quina de costura conforme o tipo de saco. Claro, se voc\u00ea j\u00e1 comprou uma m\u00e1quina seladora, tamb\u00e9m pode comprar uma.<\/p>  <\/div> <\/div> <div id=\"faq-question-1670982388050\" class=\"rank-math-list-item\"> <h3 class=\"rank-math-question\">3. Como est\u00e1 a precis\u00e3o da m\u00e1quina de envase?<\/h3> <div class=\"rank-math-answer\">  <p>A m\u00e1quina foi projetada razoavelmente, adota o sistema de controle PLC mais avan\u00e7ado e tem uma precis\u00e3o de \u00b1 0,2.<\/p>  <\/div> <\/div> <\/div> <\/div>   <h2 class=\"wp-block-heading\" id=\"h-packing-and-shipping\">M\u00e1quinas de envase de gr\u00e2nulos prontas para envio<\/h2>    <p class=\"translation-block\">Como as nossas m\u00e1quinas da <a rel=\"noreferrer noopener\" href=\"https:\/\/taizypackaging.com\/pt\/\" target=\"_blank\">Taizy Company<\/a> s\u00e3o vendidas em todo o mundo, a maioria \u00e9 enviada por mar. Verificaremos cuidadosamente a qualidade da m\u00e1quina antes da entrega, definiremos os par\u00e2metros com anteced\u00eancia e faremos um v\u00eddeo da m\u00e1quina em funcionamento para refer\u00eancia dos clientes. Considerando o clima e outros fatores incontrol\u00e1veis no processo de transporte, envolveremos uma camada de pel\u00edcula em todo o corpo da m\u00e1quina para evitar a humidade durante o transporte, e tamb\u00e9m personalizaremos profissionalmente a caixa de madeira para a m\u00e1quina com prote\u00e7\u00f5es m\u00faltiplas para garantir que a m\u00e1quina n\u00e3o seja danificada no processo de transporte.<\/p>    <figure class=\"wp-block-image size-full\"><img decoding=\"async\" src=\"https:\/\/taizypackaging.com\/wp-content\/uploads\/2021\/08\/\u753b\u677f-9_\u770b\u56fe\u738b.jpg\" alt=\"m\u00e1quina de enchimento de gr\u00e2nulos enviada para o exterior\" class=\"wp-image-2621\"\/><figcaption class=\"wp-element-caption\">m\u00e1quina de enchimento de gr\u00e2nulos enviada para o exterior<\/figcaption><\/figure>","protected":false},"excerpt":{"rendered":"<p>Granule filling machine here is designed for large production demand. It is commonly for items from 5kg to 50kg and used for packaging grains, nuts, dog food, fish food, rice, corn, chemical fertilizer, etc. Granule filling machine for sale here can fully automatically finish the process of quantitative weighing and filling. With stainless steel material [&hellip;]<\/p>\n","protected":false},"author":1,"featured_media":2626,"parent":0,"template":"","tags":[600,198],"product-type":[659],"class_list":["post-2616","product","type-product","status-publish","has-post-thumbnail","hentry","tag-granule-filling-machine","tag-granule-packing-machine","product-type-granule-packing-machines"],"_links":{"self":[{"href":"https:\/\/taizypackaging.com\/pt\/wp-json\/wp\/v2\/product\/2616","targetHints":{"allow":["GET"]}}],"collection":[{"href":"https:\/\/taizypackaging.com\/pt\/wp-json\/wp\/v2\/product"}],"about":[{"href":"https:\/\/taizypackaging.com\/pt\/wp-json\/wp\/v2\/types\/product"}],"author":[{"embeddable":true,"href":"https:\/\/taizypackaging.com\/pt\/wp-json\/wp\/v2\/users\/1"}],"wp:featuredmedia":[{"embeddable":true,"href":"https:\/\/taizypackaging.com\/pt\/wp-json\/wp\/v2\/media\/2626"}],"wp:attachment":[{"href":"https:\/\/taizypackaging.com\/pt\/wp-json\/wp\/v2\/media?parent=2616"}],"wp:term":[{"taxonomy":"post_tag","embeddable":true,"href":"https:\/\/taizypackaging.com\/pt\/wp-json\/wp\/v2\/tags?post=2616"},{"taxonomy":"product-type","embeddable":true,"href":"https:\/\/taizypackaging.com\/pt\/wp-json\/wp\/v2\/product-type?post=2616"}],"curies":[{"name":"wp","href":"https:\/\/api.w.org\/{rel}","templated":true}]}}