{"id":2662,"date":"2021-08-14T07:36:45","date_gmt":"2021-08-14T07:36:45","guid":{"rendered":"https:\/\/taizypackaging.com\/?p=2662"},"modified":"2024-07-17T17:49:48","modified_gmt":"2024-07-17T09:49:48","slug":"double-chamber-vacuum-packing-machine-2","status":"publish","type":"product","link":"https:\/\/taizypackaging.com\/pt\/double-chamber-vacuum-packing-machine\/","title":{"rendered":"M\u00e1quina de embalagem a v\u00e1cuo de c\u00e2mara dupla"},"content":{"rendered":"<div class=\"kk-star-ratings kksr-auto kksr-align-left kksr-valign-top\"     data-payload='{&quot;align&quot;:&quot;left&quot;,&quot;id&quot;:&quot;2662&quot;,&quot;slug&quot;:&quot;default&quot;,&quot;valign&quot;:&quot;top&quot;,&quot;ignore&quot;:&quot;&quot;,&quot;reference&quot;:&quot;auto&quot;,&quot;class&quot;:&quot;&quot;,&quot;count&quot;:&quot;20&quot;,&quot;legendonly&quot;:&quot;&quot;,&quot;readonly&quot;:&quot;&quot;,&quot;score&quot;:&quot;4.7&quot;,&quot;starsonly&quot;:&quot;&quot;,&quot;best&quot;:&quot;5&quot;,&quot;gap&quot;:&quot;5&quot;,&quot;greet&quot;:&quot;Rate this product&quot;,&quot;legend&quot;:&quot;4.7\\\/5 - (20 votes)&quot;,&quot;size&quot;:&quot;24&quot;,&quot;title&quot;:&quot;Double Chamber Vacuum Packing Machine&quot;,&quot;width&quot;:&quot;133.8&quot;,&quot;_legend&quot;:&quot;{score}\\\/{best} - ({count} {votes})&quot;,&quot;font_factor&quot;:&quot;1.25&quot;}'>              <div class=\"kksr-stars\">      <div class=\"kksr-stars-inactive\">             <div class=\"kksr-star\" data-star=\"1\" style=\"padding-right: 5px\">               <div class=\"kksr-icon\" style=\"width: 24px; height: 24px;\"><\/div>         <\/div>             <div class=\"kksr-star\" data-star=\"2\" style=\"padding-right: 5px\">               <div class=\"kksr-icon\" style=\"width: 24px; height: 24px;\"><\/div>         <\/div>             <div class=\"kksr-star\" data-star=\"3\" style=\"padding-right: 5px\">               <div class=\"kksr-icon\" style=\"width: 24px; height: 24px;\"><\/div>         <\/div>             <div class=\"kksr-star\" data-star=\"4\" style=\"padding-right: 5px\">               <div class=\"kksr-icon\" style=\"width: 24px; height: 24px;\"><\/div>         <\/div>             <div class=\"kksr-star\" data-star=\"5\" style=\"padding-right: 5px\">               <div class=\"kksr-icon\" style=\"width: 24px; height: 24px;\"><\/div>         <\/div>     <\/div>      <div class=\"kksr-stars-active\" style=\"width: 133.8px;\">             <div class=\"kksr-star\" style=\"padding-right: 5px\">               <div class=\"kksr-icon\" style=\"width: 24px; height: 24px;\"><\/div>         <\/div>             <div class=\"kksr-star\" style=\"padding-right: 5px\">               <div class=\"kksr-icon\" style=\"width: 24px; height: 24px;\"><\/div>         <\/div>             <div class=\"kksr-star\" style=\"padding-right: 5px\">               <div class=\"kksr-icon\" style=\"width: 24px; height: 24px;\"><\/div>         <\/div>             <div class=\"kksr-star\" style=\"padding-right: 5px\">               <div class=\"kksr-icon\" style=\"width: 24px; height: 24px;\"><\/div>         <\/div>             <div class=\"kksr-star\" style=\"padding-right: 5px\">               <div class=\"kksr-icon\" style=\"width: 24px; height: 24px;\"><\/div>         <\/div>     <\/div> <\/div>                   <div class=\"kksr-legend\" style=\"font-size: 19.2px;\">             4,7\/5 - (20 votos)    <\/div>     <\/div>  <p class=\"translation-block\"><strong>M\u00e1quina de embalar em v\u00e1cuo com c\u00e2mara dupla<\/strong> \u00e9 um tipo popular de m\u00e1quina de selagem a v\u00e1cuo com c\u00e2mara. Possui caracter\u00edsticas de alta efici\u00eancia e bom desempenho. Uma <strong>m\u00e1quina de embalar em v\u00e1cuo com c\u00e2mara dupla<\/strong> \u00e9 concebida e fabricada para uma demanda de produ\u00e7\u00e3o de pequena e m\u00e9dia escala. Em compara\u00e7\u00e3o com uma m\u00e1quina de embalar a v\u00e1cuo de c\u00e2mara \u00fanica, a m\u00e1quina de embalar com c\u00e2mara dupla tem dois compartimentos de trabalho e uma tampa de c\u00e2mara flex\u00edvel. Portanto, tem o dobro da velocidade de selagem a v\u00e1cuo de um selador de c\u00e2mara \u00fanica, o que \u00e9 eficiente e tem um bom custo-benef\u00edcio. Est\u00e1 \u00e0 procura de uma <strong>m\u00e1quina de selagem a v\u00e1cuo com c\u00e2mara dupla<\/strong> fi\u00e1vel? Contacte-nos hoje para obter uma lista de pre\u00e7os gratuita. <\/p>    <h2 class=\"wp-block-heading\" id=\"h-the-workflow-of-double-chamber-vacuum-packer\">V\u00eddeo de funcionamento da seladora a v\u00e1cuo de c\u00e2mara dupla<\/h2>   <figure class=\"wp-block-embed-youtube wp-block-embed is-type-video is-provider-youtube wp-embed-aspect-16-9 wp-has-aspect-ratio\"><div class=\"lyte-wrapper fourthree\" title=\"Superefici\u00eancia da m\u00e1quina de embalagem a v\u00e1cuo de c\u00e2mara dupla para carnes, frutas, vegetais, frutos do mar, etc.\" style=\"width:960px;max-width:100%;margin:5px auto;\"><div class=\"lyMe hidef\" id=\"WYL_aPYp44oAyio\" itemprop=\"video\" itemscope itemtype=\"https:\/\/schema.org\/VideoObject\"><div><meta itemprop=\"thumbnailUrl\" content=\"https:\/\/taizypackaging.com\/wp-content\/plugins\/wp-youtube-lyte\/lyteCache.php?origThumbUrl=https%3A%2F%2Fi.ytimg.com%2Fvi%2FaPYp44oAyio%2Fmaxresdefault.jpg\" \/><meta itemprop=\"embedURL\" content=\"https:\/\/www.youtube.com\/embed\/aPYp44oAyio\" \/><meta itemprop=\"duration\" content=\"PT1M\" \/><meta itemprop=\"uploadDate\" content=\"2021-08-13T01:02:39Z\" \/><\/div><div id=\"lyte_aPYp44oAyio\" data-src=\"https:\/\/taizypackaging.com\/wp-content\/plugins\/wp-youtube-lyte\/lyteCache.php?origThumbUrl=https%3A%2F%2Fi.ytimg.com%2Fvi%2FaPYp44oAyio%2Fmaxresdefault.jpg\" class=\"pL\"><div class=\"tC\"><div class=\"tT\" itemprop=\"name\">Superefici\u00eancia da m\u00e1quina de embalagem a v\u00e1cuo de c\u00e2mara dupla para carnes, frutas, vegetais, frutos do mar, etc.<\/div><\/div><div class=\"play\"><\/div><div class=\"ctrl\"><div class=\"Lctrl\"><\/div><div class=\"Rctrl\"><\/div><\/div><\/div><noscript><a href=\"https:\/\/youtu.be\/aPYp44oAyio\" rel=\"nofollow noopener\" target=\"_blank\"><img loading=\"lazy\" decoding=\"async\" src=\"https:\/\/taizypackaging.com\/wp-content\/plugins\/wp-youtube-lyte\/lyteCache.php?origThumbUrl=https%3A%2F%2Fi.ytimg.com%2Fvi%2FaPYp44oAyio%2F0.jpg\" alt=\"Superefici\u00eancia da m\u00e1quina de embalagem a v\u00e1cuo de c\u00e2mara dupla para carnes, frutas, vegetais, frutos do mar, etc.\" width=\"960\" height=\"700\" \/><br \/>Assista a este v\u00eddeo no YouTube<\/a><\/noscript><meta itemprop=\"description\" content=\"#vacuumpackaging #vacuumsealer #vacuumpacker Email: info@taizypackaging.com WhatsApp\/Wechat\/Tel:+86 18837171591 Useful link: https:\/\/taizypackaging.com\/double-chamber-vacuum-packing-machine\/ ---------------------------------------------------- The\u00a0double chamber vacuum packing machine\u00a0has two vacuum chambers. It uses a vacuum cover to work alternately on the two vacuum chambers to achieve the purpose of improving work efficiency. When one vacuum chamber is evacuating, the other vacuum chamber can place packaging items; therefore, the labor-saving device that is specially designed for the swing of the vacuum cover greatly reduces the labor intensity of the operator. Compared with a single chamber vacuum packing machine, a double chamber vacuum packing machine has higher efficiency. It is a kind of commercial vacuum packing machine. It is suitable for various meats, vegetables, fruits, seafood, etc. ---------------------------------------------------- You may also like these videos: https:\/\/www.youtube.com\/watch?v=ogHoh9d3IKc ---------------------------------------------------- Email: info@taizypackaging.com WhatsApp\/Wechat\/Tel:+86 18837171591 Useful link: https:\/\/taizypackaging.com\/double-chamber-vacuum-packing-machine\/\"><\/div><\/div><div class=\"lL\" style=\"max-width:100%;width:960px;margin:5px auto;\"><\/div><figcaption><\/figcaption><\/figure>   <h2 class=\"wp-block-heading\" id=\"h-the-brief-introduction-of-double-chamber-vacuum-packing-machine\">O que \u00e9 uma m\u00e1quina de embalagem a v\u00e1cuo de c\u00e2mara dupla? <\/h2>    <p class=\"translation-block\"><strong>Uma m\u00e1quina de embalar em v\u00e1cuo com c\u00e2mara dupla<\/strong>, tamb\u00e9m chamada de m\u00e1quina de selagem a v\u00e1cuo com c\u00e2mara dupla ou selador de v\u00e1cuo com c\u00e2mara dupla, \u00e9 um excelente equipamento comercial de embalagem a v\u00e1cuo com c\u00e2mara. Com duas c\u00e2maras, tem uma efici\u00eancia muito superior \u00e0 de uma <a href=\"https:\/\/taizypackaging.com\/pt\/single-chamber-vacuum-packing-machine\/\">m\u00e1quina de embalar em v\u00e1cuo de c\u00e2mara \u00fanica<\/a> ou a uma m\u00e1quina de embalar em v\u00e1cuo de bancada. Al\u00e9m disso, a m\u00e1quina de embalar em v\u00e1cuo com c\u00e2mara dupla usa uma tampa de v\u00e1cuo para funcionar alternadamente nas duas c\u00e2maras de v\u00e1cuo para alcan\u00e7ar o objetivo de uma excelente efici\u00eancia de embalagem a v\u00e1cuo. Quando uma c\u00e2mara de v\u00e1cuo est\u00e1 a evacuar, a outra c\u00e2mara pode colocar itens de embalagem; assim, o dispositivo que poupa m\u00e3o-de-obra, especialmente concebido para o movimento da tampa de v\u00e1cuo, reduz muito a intensidade de trabalho do operador.<\/p>    <figure class=\"wp-block-image size-full\"><img loading=\"lazy\" decoding=\"async\" width=\"720\" height=\"540\" src=\"https:\/\/taizypackaging.com\/wp-content\/uploads\/2021\/08\/double-chamber-vacuum-packing-machine.jpg\" alt=\"m\u00e1quina de embalagem a v\u00e1cuo de c\u00e2mara dupla\" class=\"wp-image-3908\" srcset=\"https:\/\/taizypackaging.com\/wp-content\/uploads\/2021\/08\/double-chamber-vacuum-packing-machine.jpg 720w, https:\/\/taizypackaging.com\/wp-content\/uploads\/2021\/08\/double-chamber-vacuum-packing-machine-300x225.jpg 300w\" sizes=\"auto, (max-width: 720px) 100vw, 720px\" \/><figcaption class=\"wp-element-caption\">m\u00e1quina de embalagem a v\u00e1cuo de c\u00e2mara dupla<\/figcaption><\/figure>    <h2 class=\"wp-block-heading\" id=\"h-the-application-of-double-chamber-vacuum-packing-machine\">Aplica\u00e7\u00f5es de m\u00e1quinas de embalagem a v\u00e1cuo de c\u00e2mara dupla<\/h2>    <p>A m\u00e1quina de embalagem a v\u00e1cuo de c\u00e2mara dupla \u00e9 adequada para selar a v\u00e1cuo v\u00e1rios produtos aliment\u00edcios usando material de membrana composta de pl\u00e1stico ou folha de alum\u00ednio. Pode embalar alimentos l\u00edquidos, semifluidos, granulados s\u00f3lidos, em p\u00f3 e pastosos, como frutas frescas, vegetais, carne, salsicha, bacon, arroz, flores, produtos qu\u00edmicos, materiais medicinais valiosos, caligrafia e pintura valiosas, componentes eletr\u00f4nicos, v\u00e1rios produtos antitra\u00e7a, anticorros\u00e3o, \u00e0 prova de umidade, antimofo e antioxidantes. Embalagem a v\u00e1cuo ou embalagem a v\u00e1cuo cheia de nitrog\u00eanio para prolongar a vida \u00fatil. Na f\u00e1brica da Taizy Packaging Machinery, fornecemos excelentes m\u00e1quinas de embalagem a v\u00e1cuo de c\u00e2mara \u00fanica e tamb\u00e9m m\u00e1quinas de embalagem a v\u00e1cuo de mesa. <\/p>    <figure class=\"wp-block-image size-full\"><img decoding=\"async\" src=\"https:\/\/taizypackaging.com\/wp-content\/uploads\/2021\/08\/vacuum-sealing-machine-applications.jpg\" alt=\"aplica\u00e7\u00f5es de m\u00e1quinas de selagem a v\u00e1cuo\" class=\"wp-image-3905\"\/><figcaption class=\"wp-element-caption\">aplica\u00e7\u00f5es de m\u00e1quinas de selagem a v\u00e1cuo<\/figcaption><\/figure>    <h2 class=\"wp-block-heading\" id=\"h-machine-parameters\">Par\u00e2metros da m\u00e1quina de embalagem a v\u00e1cuo de c\u00e2mara dupla<\/h2>    <figure class=\"wp-block-table\"><table><tbody><tr><td>Modelo<\/td><td>DZ400\/2SB<\/td><td>DZ500\/2SB<\/td><td>DZ600\/2SB<\/td><td>DZS600\/2SB<\/td><\/tr><tr><td>Poder<\/td><td>220V\/380V<\/td><td>220V\/380V<\/td><td>220V\/380V<\/td><td>220V\/380V<\/td><\/tr><tr><td>Pot\u00eancia da bomba de v\u00e1cuo<\/td><td>750 W<\/td><td>1500 W<\/td><td>1500 W<\/td><td>2250W<\/td><\/tr><tr><td>Poder de selagem<\/td><td>800W<\/td><td>1200 W<\/td><td>1500 W<\/td><td>1500 W<\/td><\/tr><tr><td>Press\u00e3o absoluta mais baixa<\/td><td>1Kpa<\/td><td>1Kpa<\/td><td>1Kpa<\/td><td>1Kpa<\/td><\/tr><tr><td>Fita selante<\/td><td>2<\/td><td>2<\/td><td>2<\/td><td>2<\/td><\/tr><tr><td>Tamanho da c\u00e2mara de v\u00e1cuo<\/td><td>440*<em>490<\/em>*70mm<\/td><td>570*<em>540<\/em>*70mm<\/td><td>720*<em>515<\/em>*70mm<\/td><td>670*<em>550<\/em>*70<\/td><\/tr><tr><td>Tamanho de veda\u00e7\u00e3o<\/td><td>400*12mm<\/td><td>500*12mm<\/td><td>600*12mm<\/td><td>600*12mm<\/td><\/tr><tr><td>Peso<\/td><td>180kg<\/td><td>230kg<\/td><td>285kg<\/td><td>320kg<\/td><\/tr><tr><td>Tamanho da m\u00e1quina<\/td><td>990*<em>630<\/em>*940 mm<\/td><td>1255*<em>700<\/em>*950mm<\/td><td>1450*<em>620<\/em>*1230mm<\/td><td>1450*<em>620<\/em>*1230mm<\/td><\/tr><\/tbody><\/table><\/figure>    <h2 class=\"wp-block-heading\" id=\"h-the-design-features-of-double-chamber-packaging-machine\">Caracter\u00edsticas de design da m\u00e1quina de embalagem de c\u00e2mara dupla<\/h2>    <ul class=\"wp-block-list\"> <li>Ampla gama de aplica\u00e7\u00f5es, tanto itens secos quanto \u00famidos podem ser embalados.<\/li>    <li>O inv\u00f3lucro de a\u00e7o inoxid\u00e1vel espessado \u00e9 forte e dur\u00e1vel, e o design \u00e9 razo\u00e1vel e bonito. O a\u00e7o inoxid\u00e1vel 304 \u00e9 utilizado em contato com a bolsa a v\u00e1cuo, o que atende \u00e0 norma.<\/li>    <li>Adote o sistema de controle inteligente plc, o ajuste da tela \u00e9 f\u00e1cil de controlar, para obter um melhor efeito de embalagem.<\/li>    <li>Design de grande espa\u00e7o de c\u00e2mara dupla, alta efici\u00eancia de trabalho.<\/li> <\/ul>    <div class=\"wp-block-columns is-layout-flex wp-container-core-columns-is-layout-9d6595d7 wp-block-columns-is-layout-flex\"> <div class=\"wp-block-column is-layout-flow wp-block-column-is-layout-flow\"> <figure class=\"wp-block-image size-full\"><img decoding=\"async\" src=\"https:\/\/taizypackaging.com\/wp-content\/uploads\/2021\/08\/vacuum-chambers.jpg\" alt=\"c\u00e2maras de v\u00e1cuo\" class=\"wp-image-3919\"\/><figcaption class=\"wp-element-caption\">c\u00e2maras de v\u00e1cuo<\/figcaption><\/figure> <\/div>    <div class=\"wp-block-column is-layout-flow wp-block-column-is-layout-flow\"> <figure class=\"wp-block-image size-full\"><img decoding=\"async\" src=\"https:\/\/taizypackaging.com\/wp-content\/uploads\/2021\/08\/stainless-steel-body-structure.jpg\" alt=\"estrutura do corpo em a\u00e7o inoxid\u00e1vel\" class=\"wp-image-3920\"\/><figcaption class=\"wp-element-caption\">estrutura do corpo em a\u00e7o inoxid\u00e1vel<\/figcaption><\/figure> <\/div> <\/div>    <div class=\"wp-block-columns is-layout-flex wp-container-core-columns-is-layout-9d6595d7 wp-block-columns-is-layout-flex\"> <div class=\"wp-block-column is-layout-flow wp-block-column-is-layout-flow\"> <figure class=\"wp-block-image size-full\"><img decoding=\"async\" src=\"https:\/\/taizypackaging.com\/wp-content\/uploads\/2021\/08\/electrical-control-box-of-the-vacuum-sealer.jpg\" alt=\"caixa de controle el\u00e9trico da seladora a v\u00e1cuo\" class=\"wp-image-3921\"\/><figcaption class=\"wp-element-caption\">caixa de controle el\u00e9trico da seladora a v\u00e1cuo<\/figcaption><\/figure> <\/div>    <div class=\"wp-block-column is-layout-flow wp-block-column-is-layout-flow\"> <figure class=\"wp-block-image size-full\"><img decoding=\"async\" src=\"https:\/\/taizypackaging.com\/wp-content\/uploads\/2021\/08\/control-panel.jpg\" alt=\"painel de controle\" class=\"wp-image-3922\"\/><figcaption class=\"wp-element-caption\">painel de controle<\/figcaption><\/figure> <\/div> <\/div>    <h2 class=\"wp-block-heading\" id=\"operation-and-maintainence-of-taizy-double-chamber-vacuum-sealer\">Opera\u00e7\u00e3o e manuten\u00e7\u00e3o da seladora a v\u00e1cuo de c\u00e2mara dupla Taizy<\/h2>    <ul class=\"wp-block-list\"> <li>As pe\u00e7as de desgaste da m\u00e1quina de embalagem a v\u00e1cuo de c\u00e2mara dupla s\u00e3o tiras de aquecimento e bombas de v\u00e1cuo. A faixa de aquecimento \u00e9 substitu\u00edda aproximadamente a cada seis meses e a bomba de v\u00e1cuo \u00e9 mantida uma vez por ano. O \u00f3leo da bomba de v\u00e1cuo precisa ser substitu\u00eddo regularmente e em momentos diferentes de acordo com a frequ\u00eancia de uso. Caso contr\u00e1rio, tamb\u00e9m afetar\u00e1 o uso normal da m\u00e1quina.<\/li>    <li>Na hora de colocar o produto \u00e9 necess\u00e1rio reservar espa\u00e7o nas duas faces para conseguir um melhor efeito de embalagem.<\/li> <\/ul>    <h2 class=\"wp-block-heading\" id=\"h-related-machines\">M\u00e1quina de embalagem a v\u00e1cuo relacionada para venda<\/h2>    <p class=\"translation-block\">A m\u00e1quina de embalar em v\u00e1cuo com c\u00e2mara dupla \u00e9 o nosso produto quente. Tem superefici\u00eancia e bom desempenho. E pode beneficiar bastante o seu pequeno neg\u00f3cio. Al\u00e9m disso, existem m\u00e1quinas industriais de embalar em v\u00e1cuo com \u00fanica c\u00e2mara e <a href=\"https:\/\/taizypackaging.com\/pt\/vacuum-packing-machine\/\">m\u00e1quinas de embalar em bancada port\u00e1teis<\/a> dispon\u00edveis na nossa f\u00e1brica. Todas as nossas m\u00e1quinas s\u00e3o desenhadas e fabricadas de acordo com padr\u00f5es internacionais. Al\u00e9m disso, as nossas m\u00e1quinas de selagem a v\u00e1cuo t\u00eam sido expedidas com sucesso para mais de 40 pa\u00edses e regi\u00f5es. Contacte-nos para obter um or\u00e7amento gratuito. <\/p>    <figure class=\"wp-block-image size-full\"><a href=\"https:\/\/taizypackaging.com\/pt\/machines-category\/vpm\/\"><img decoding=\"async\" src=\"https:\/\/taizypackaging.com\/wp-content\/uploads\/2021\/08\/\u753b\u677f-12_\u770b\u56fe\u738b.jpg\" alt=\"seladora a v\u00e1cuo de c\u00e2mara \u00fanica e seladora a v\u00e1cuo de mesa.\" class=\"wp-image-2676\"\/><\/a><figcaption class=\"wp-element-caption\">seladora a v\u00e1cuo de c\u00e2mara \u00fanica e seladora a v\u00e1cuo de mesa<\/figcaption><\/figure>","protected":false},"excerpt":{"rendered":"<p>Double chamber vacuum packing machine is a popular type of chamber vacuum sealing machine. It has features of high efficiency and good performance. A double chamber vacuum packaging machine is designed and manufactured for small and medium-sized production demand. Compared with a single chamber vacuum packing machine, a double chamber vacuum packing machine has two [&hellip;]<\/p>\n","protected":false},"author":1,"featured_media":2665,"parent":0,"template":"","tags":[137,601,507],"product-type":[666],"class_list":["post-2662","product","type-product","status-publish","has-post-thumbnail","hentry","tag-double-chamber-vacuum-packing-machine","tag-double-chamber-vacuum-sealer","tag-vacuum-packing-machine","product-type-vacuum-packaging-machines"],"_links":{"self":[{"href":"https:\/\/taizypackaging.com\/pt\/wp-json\/wp\/v2\/product\/2662","targetHints":{"allow":["GET"]}}],"collection":[{"href":"https:\/\/taizypackaging.com\/pt\/wp-json\/wp\/v2\/product"}],"about":[{"href":"https:\/\/taizypackaging.com\/pt\/wp-json\/wp\/v2\/types\/product"}],"author":[{"embeddable":true,"href":"https:\/\/taizypackaging.com\/pt\/wp-json\/wp\/v2\/users\/1"}],"wp:featuredmedia":[{"embeddable":true,"href":"https:\/\/taizypackaging.com\/pt\/wp-json\/wp\/v2\/media\/2665"}],"wp:attachment":[{"href":"https:\/\/taizypackaging.com\/pt\/wp-json\/wp\/v2\/media?parent=2662"}],"wp:term":[{"taxonomy":"post_tag","embeddable":true,"href":"https:\/\/taizypackaging.com\/pt\/wp-json\/wp\/v2\/tags?post=2662"},{"taxonomy":"product-type","embeddable":true,"href":"https:\/\/taizypackaging.com\/pt\/wp-json\/wp\/v2\/product-type?post=2662"}],"curies":[{"name":"wp","href":"https:\/\/api.w.org\/{rel}","templated":true}]}}