{"id":2690,"date":"2021-08-16T10:04:00","date_gmt":"2021-08-16T10:04:00","guid":{"rendered":"https:\/\/taizypackaging.com\/?p=2690"},"modified":"2024-07-16T18:07:13","modified_gmt":"2024-07-16T10:07:13","slug":"automatic-powder-packing-machine","status":"publish","type":"product","link":"https:\/\/taizypackaging.com\/pt\/automatic-powder-packing-machine\/","title":{"rendered":"M\u00e1quina autom\u00e1tica de embalagem de p\u00f3"},"content":{"rendered":"<div class=\"kk-star-ratings kksr-auto kksr-align-left kksr-valign-top\"     data-payload='{&quot;align&quot;:&quot;left&quot;,&quot;id&quot;:&quot;2690&quot;,&quot;slug&quot;:&quot;default&quot;,&quot;valign&quot;:&quot;top&quot;,&quot;ignore&quot;:&quot;&quot;,&quot;reference&quot;:&quot;auto&quot;,&quot;class&quot;:&quot;&quot;,&quot;count&quot;:&quot;29&quot;,&quot;legendonly&quot;:&quot;&quot;,&quot;readonly&quot;:&quot;&quot;,&quot;score&quot;:&quot;4.8&quot;,&quot;starsonly&quot;:&quot;&quot;,&quot;best&quot;:&quot;5&quot;,&quot;gap&quot;:&quot;5&quot;,&quot;greet&quot;:&quot;Rate this product&quot;,&quot;legend&quot;:&quot;4.8\\\/5 - (29 votes)&quot;,&quot;size&quot;:&quot;24&quot;,&quot;title&quot;:&quot;Automatic Powder Packing Machine&quot;,&quot;width&quot;:&quot;136.7&quot;,&quot;_legend&quot;:&quot;{score}\\\/{best} - ({count} {votes})&quot;,&quot;font_factor&quot;:&quot;1.25&quot;}'>              <div class=\"kksr-stars\">      <div class=\"kksr-stars-inactive\">             <div class=\"kksr-star\" data-star=\"1\" style=\"padding-right: 5px\">               <div class=\"kksr-icon\" style=\"width: 24px; height: 24px;\"><\/div>         <\/div>             <div class=\"kksr-star\" data-star=\"2\" style=\"padding-right: 5px\">               <div class=\"kksr-icon\" style=\"width: 24px; height: 24px;\"><\/div>         <\/div>             <div class=\"kksr-star\" data-star=\"3\" style=\"padding-right: 5px\">               <div class=\"kksr-icon\" style=\"width: 24px; height: 24px;\"><\/div>         <\/div>             <div class=\"kksr-star\" data-star=\"4\" style=\"padding-right: 5px\">               <div class=\"kksr-icon\" style=\"width: 24px; height: 24px;\"><\/div>         <\/div>             <div class=\"kksr-star\" data-star=\"5\" style=\"padding-right: 5px\">               <div class=\"kksr-icon\" style=\"width: 24px; height: 24px;\"><\/div>         <\/div>     <\/div>      <div class=\"kksr-stars-active\" style=\"width: 136.7px;\">             <div class=\"kksr-star\" style=\"padding-right: 5px\">               <div class=\"kksr-icon\" style=\"width: 24px; height: 24px;\"><\/div>         <\/div>             <div class=\"kksr-star\" style=\"padding-right: 5px\">               <div class=\"kksr-icon\" style=\"width: 24px; height: 24px;\"><\/div>         <\/div>             <div class=\"kksr-star\" style=\"padding-right: 5px\">               <div class=\"kksr-icon\" style=\"width: 24px; height: 24px;\"><\/div>         <\/div>             <div class=\"kksr-star\" style=\"padding-right: 5px\">               <div class=\"kksr-icon\" style=\"width: 24px; height: 24px;\"><\/div>         <\/div>             <div class=\"kksr-star\" style=\"padding-right: 5px\">               <div class=\"kksr-icon\" style=\"width: 24px; height: 24px;\"><\/div>         <\/div>     <\/div> <\/div>                   <div class=\"kksr-legend\" style=\"font-size: 19.2px;\">             4,8\/5 - (29 votos)    <\/div>     <\/div>  <p class=\"translation-block\"><strong>A m\u00e1quina autom\u00e1tica<\/strong> de embalagem de p\u00f3 aqui \u00e9 uma solu\u00e7\u00e3o de embalagem de p\u00f3 t\u00edpica e popular. Ela pode completar automaticamente o processo de alimenta\u00e7\u00e3o de p\u00f3, pesagem, enchimento, fabrica\u00e7\u00e3o de sacos, selagem e codifica\u00e7\u00e3o. Esta m\u00e1quina autom\u00e1tica de embalagem de p\u00f3 em sach\u00ea tem uma ampla gama de aplica\u00e7\u00f5es. \u00c9 adequada para embalar todos os tipos de produtos em p\u00f3 seco, como <strong>p\u00f3 de especiarias<\/strong>, <strong>p\u00f3 qu\u00edmico<\/strong>, <strong>p\u00f3 cosm\u00e9tico<\/strong>, <strong>p\u00f3 farmac\u00eautico<\/strong>, etc. Com automa\u00e7\u00e3o total e bom desempenho, esta m\u00e1quina de embalagem de p\u00f3 pode atender perfeitamente \u00e0 sua grande demanda de produ\u00e7\u00e3o e beneficiar o seu projeto. Se precisar de equipamento autom\u00e1tico de embalagem de p\u00f3 para impulsionar o seu neg\u00f3cio, contacte-nos hoje mesmo para uma lista de pre\u00e7os gratuita.<\/p>    <h2 class=\"wp-block-heading\" id=\"h-the-workflow-of-powder-packing-machine\">V\u00eddeo de funcionamento da m\u00e1quina autom\u00e1tica de embalagem de p\u00f3<\/h2>   <figure class=\"wp-block-embed-youtube wp-block-embed is-type-video is-provider-youtube wp-embed-aspect-16-9 wp-has-aspect-ratio\"><div class=\"lyte-wrapper fourthree\" title=\"M\u00e1quina de embalagem de farinha de banana | M\u00e1quina de embalagem vertical tipo colar autom\u00e1tica para p\u00f3\" style=\"width:960px;max-width:100%;margin:5px auto;\"><div class=\"lyMe hidef\" id=\"WYL_LDNsCTtMz5E\" itemprop=\"video\" itemscope itemtype=\"https:\/\/schema.org\/VideoObject\"><div><meta itemprop=\"thumbnailUrl\" content=\"https:\/\/taizypackaging.com\/wp-content\/plugins\/wp-youtube-lyte\/lyteCache.php?origThumbUrl=https%3A%2F%2Fi.ytimg.com%2Fvi%2FLDNsCTtMz5E%2Fmaxresdefault.jpg\" \/><meta itemprop=\"embedURL\" content=\"https:\/\/www.youtube.com\/embed\/LDNsCTtMz5E\" \/><meta itemprop=\"duration\" content=\"PT2M7S\" \/><meta itemprop=\"uploadDate\" content=\"2021-07-12T02:19:34Z\" \/><\/div><meta itemprop=\"accessibilityFeature\" content=\"captions\" \/><div id=\"lyte_LDNsCTtMz5E\" data-src=\"https:\/\/taizypackaging.com\/wp-content\/plugins\/wp-youtube-lyte\/lyteCache.php?origThumbUrl=https%3A%2F%2Fi.ytimg.com%2Fvi%2FLDNsCTtMz5E%2Fmaxresdefault.jpg\" class=\"pL\"><div class=\"tC\"><div class=\"tT\" itemprop=\"name\">M\u00e1quina de embalagem de farinha de banana | M\u00e1quina de embalagem vertical tipo colar autom\u00e1tica para p\u00f3<\/div><\/div><div class=\"play\"><\/div><div class=\"ctrl\"><div class=\"Lctrl\"><\/div><div class=\"Rctrl\"><\/div><\/div><\/div><noscript><a href=\"https:\/\/youtu.be\/LDNsCTtMz5E\" rel=\"nofollow noopener\" target=\"_blank\"><img loading=\"lazy\" decoding=\"async\" src=\"https:\/\/taizypackaging.com\/wp-content\/plugins\/wp-youtube-lyte\/lyteCache.php?origThumbUrl=https%3A%2F%2Fi.ytimg.com%2Fvi%2FLDNsCTtMz5E%2F0.jpg\" alt=\"M\u00e1quina de embalagem de farinha de banana | M\u00e1quina de embalagem vertical tipo colar autom\u00e1tica para p\u00f3\" width=\"960\" height=\"700\" \/><br \/>Assista a este v\u00eddeo no YouTube<\/a><\/noscript><meta itemprop=\"description\" content=\"#flourpackaging #plantainflour #packingmachine Email: info@taizypackaging.com WhatsApp\/Wechat\/Tel:+86 18837171591 Useful link: https:\/\/taizypackaging.com\/automatic-powder-packaging-machine-for-10g-3000g\/ --------------------------------------------------- The large plantain flour packing machine can support 1kg ~3kg powder packaging. It is widely used for the packaging of food and chemical powders, such as banana powder, flour, cornflour, cosmetic powder, spice powder, and other food packaging. It can be also used for packing chemical powders such as detergent. The machine is fastpacking, easy to operate, and highly efficient. It is very suitable for businesses with large output. This automatic powder packing machine mainly consists of two systems, a filling system, and a packing system. And it has these important parts, a material elevator, container, bag former, PLC touch screen, finished products conveyor belt, brand motor, etc. With full automation and good performance, this powder packing machine can perfectly meet your large production demand and benefit your project. If you need automatic powder packing equipment to boost your business, contact us today for a free price list. --------------------------------------------------- You may also like these videos: Dry food grinding machine: https:\/\/www.youtube.com\/watch?v=uQGQ4E7hUNs Automatic powder pouch packing machine:https:\/\/www.youtube.com\/watch?v=qe2aNDHzdDQ --------------------------------------------------- Email: info@taizypackaging.com WhatsApp\/Wechat\/Tel:+86 18837171591 Useful link: https:\/\/taizypackaging.com\/automatic-powder-packaging-machine-for-10g-3000g\/\"><\/div><\/div><div class=\"lL\" style=\"max-width:100%;width:960px;margin:5px auto;\"><\/div><figcaption><\/figcaption><\/figure>   <h2 class=\"wp-block-heading\" id=\"h-the-brief-introduction-of-automatic-powder-packaging-machine-for-10g-3000g\">O que \u00e9 uma m\u00e1quina de embalagem de p\u00f3? <\/h2>    <p class=\"translation-block\">Na verdade, uma m\u00e1quina de embalagem de p\u00f3 \u00e9 usada para lidar com v\u00e1rias embalagens de p\u00f3. Basicamente, ela pode realizar o processo de enchimento e selagem. Al\u00e9m disso, uma m\u00e1quina autom\u00e1tica de embalagem de p\u00f3 \u00e9 capaz de concluir muitas mais fun\u00e7\u00f5es. Com o desenvolvimento da ind\u00fastria de embalagens, existem diferentes tipos de equipamentos de embalagem de p\u00f3, como pequenas m\u00e1quinas verticais de embalagem de p\u00f3, m\u00e1quinas autom\u00e1ticas de embalagem de p\u00f3, <a href=\"https:\/\/taizypackaging.com\/pt\/semi-automatic-powder-packaging-machine-auger-filling-machine\/\">m\u00e1quinas semiautom\u00e1ticas de enchimento de p\u00f3<\/a>, etc. <\/p>    <p>Al\u00e9m disso, de acordo com os diferentes produtos em p\u00f3 embalados, tamb\u00e9m os chamamos da seguinte forma: <\/p>    <ul class=\"wp-block-list\"> <li>M\u00e1quina de embalagem de detergente em p\u00f3 <\/li>    <li>M\u00e1quina de embalagem de especiarias em p\u00f3 <\/li>    <li>M\u00e1quina de embalagem de pimenta em p\u00f3 <\/li>    <li>M\u00e1quina de embalagem de leite em p\u00f3<\/li>    <li>M\u00e1quina de embalagem de p\u00f3 de caf\u00e9 <\/li>    <li>M\u00e1quina de embalagem de ch\u00e1 em p\u00f3, etc.<\/li> <\/ul>    <p>Sem equipamento de embalagem de p\u00f3, n\u00e3o h\u00e1 como manusear embalagens de p\u00f3 em alta velocidade e alta efici\u00eancia.  Um pequeno investimento e ter\u00e1 um enorme retorno. <\/p>    <figure class=\"wp-block-image size-full\"><img decoding=\"async\" src=\"https:\/\/taizypackaging.com\/wp-content\/uploads\/2021\/08\/automatic-powder-packing-machine.jpg\" alt=\"m\u00e1quina autom\u00e1tica de embalagem de p\u00f3\" class=\"wp-image-3946\"\/><figcaption class=\"wp-element-caption\">m\u00e1quina autom\u00e1tica de embalagem de p\u00f3<\/figcaption><\/figure>    <h2 class=\"wp-block-heading\" id=\"h-the-design-features-of-powder-packing-machine-for-10g-3000g\">Vantagens da m\u00e1quina de embalagem de p\u00f3 totalmente autom\u00e1tica Taizy<\/h2>    <ul class=\"wp-block-list\"> <li>Sistema de controle de computador PLC importado com interface homem-m\u00e1quina; a tela sens\u00edvel ao toque \u00e9 simples e de visualiza\u00e7\u00e3o direta em opera\u00e7\u00e3o.<\/li>    <li>Posicionamento preciso com sistema servo de transporte de filme; excelente desempenho completo da m\u00e1quina e embalagem agrad\u00e1vel.<\/li>    <li>Minimize a perda com uma fun\u00e7\u00e3o completa de prote\u00e7\u00e3o contra aviso autom\u00e1tico.<\/li>    <li>Apoiada por um dispositivo m\u00e9trico, a m\u00e1quina concluir\u00e1 automaticamente todos os processos de embalagem, desde medi\u00e7\u00e3o, alimenta\u00e7\u00e3o, enchimento e confec\u00e7\u00e3o de sacos.<\/li>    <li>A m\u00e1quina pode embalar um saco de refor\u00e7o que torna o formato do saco mais bonito e melhora a qualidade do produto.<\/li> <\/ul>    <h2 class=\"wp-block-heading\" id=\"h-the-application-of-automatic-packing-machine-for-powder-spices\">Aplica\u00e7\u00f5es da m\u00e1quina autom\u00e1tica de embalagem de p\u00f3<\/h2>    <p>A m\u00e1quina autom\u00e1tica de embalagem de p\u00f3 \u00e9 indispens\u00e1vel em muitas f\u00e1bricas modernas. \u00c9 ideal para embalar p\u00f3s aliment\u00edcios, qu\u00edmicos e farmac\u00eauticos, como sab\u00e3o em p\u00f3, pimenta em p\u00f3, especiarias em p\u00f3, caf\u00e9 em p\u00f3, ch\u00e1 em p\u00f3, arroz em p\u00f3, nutri\u00e7\u00e3o em p\u00f3, curry em p\u00f3, coco em p\u00f3, masala em p\u00f3, chaha em p\u00f3, Haldi em p\u00f3 , baunilha em p\u00f3, a\u00e7afr\u00e3o em p\u00f3, a\u00e7\u00facar mascavo, farinha, leite em p\u00f3, tempero em p\u00f3, milho em p\u00f3, p\u00f3 medicinal, etc. O peso da embalagem desta m\u00e1quina de embalagem em p\u00f3 \u00e9 de 1kg a 3kg. <\/p>    <figure class=\"wp-block-image size-full\"><img decoding=\"async\" src=\"https:\/\/taizypackaging.com\/wp-content\/uploads\/2021\/08\/powder-packaging-machine-applications.jpg\" alt=\"aplica\u00e7\u00f5es de m\u00e1quinas de embalagem de p\u00f3\" class=\"wp-image-3932\"\/><figcaption class=\"wp-element-caption\">aplica\u00e7\u00f5es de m\u00e1quinas de embalagem de p\u00f3<\/figcaption><\/figure>    <h2 class=\"wp-block-heading\" id=\"h-the-structure-of-automatic-powder-packing-machine-for-10g-3000g\">Projeto de estrutura da m\u00e1quina autom\u00e1tica de embalagem de p\u00f3 Taizy<\/h2>    <p>Esta m\u00e1quina autom\u00e1tica de embalagem de p\u00f3 consiste principalmente em dois sistemas, um sistema de enchimento e um sistema de embalagem. Possui essas pe\u00e7as importantes, um elevador de material, cont\u00eainer, formador de saco, tela sens\u00edvel ao toque PLC, correia transportadora de produtos acabados, motor de marca, etc. Todas essas pe\u00e7as trabalham juntas para fazer uma m\u00e1quina de embalagem de p\u00f3 totalmente autom\u00e1tica. Al\u00e9m disso, adotaram marcas mundialmente famosas, confi\u00e1veis \u200b\u200be excelentes. Al\u00e9m disso, oferecemos suporte a servi\u00e7os personalizados para atender \u00e0s suas necessidades espec\u00edficas. <\/p>    <figure class=\"wp-block-image size-full\"><img decoding=\"async\" src=\"https:\/\/taizypackaging.com\/wp-content\/uploads\/2021\/08\/automatic-powder-packing-machine-structure.jpg\" alt=\"estrutura autom\u00e1tica da m\u00e1quina de embalagem de p\u00f3\" class=\"wp-image-3931\"\/><figcaption class=\"wp-element-caption\">estrutura autom\u00e1tica da m\u00e1quina de embalagem de p\u00f3<\/figcaption><\/figure>    <h2 class=\"wp-block-heading\" id=\"h-details-of-automatic-powder-packing-machine\">Detalhes da m\u00e1quina autom\u00e1tica de embalagem de p\u00f3<\/h2>    <p>Acess\u00f3rios de m\u00e1quinas de qualidade garantem a qualidade do equipamento de embalagem. Usamos pe\u00e7as de marcas globais e tecnologia avan\u00e7ada para garantir o bom desempenho de nossa m\u00e1quina embaladora de p\u00f3. <\/p>    <div class=\"wp-block-columns is-layout-flex wp-container-core-columns-is-layout-9d6595d7 wp-block-columns-is-layout-flex\"> <div class=\"wp-block-column is-layout-flow wp-block-column-is-layout-flow\"> <figure class=\"wp-block-image size-full\"><img loading=\"lazy\" decoding=\"async\" width=\"650\" height=\"407\" src=\"https:\/\/taizypackaging.com\/wp-content\/uploads\/2021\/08\/\u56fe\u72472.png\" alt=\"roda de puxar filme\" class=\"wp-image-2696\" srcset=\"https:\/\/taizypackaging.com\/wp-content\/uploads\/2021\/08\/\u56fe\u72472.png 650w, https:\/\/taizypackaging.com\/wp-content\/uploads\/2021\/08\/\u56fe\u72472-300x188.png 300w\" sizes=\"auto, (max-width: 650px) 100vw, 650px\" \/><figcaption class=\"wp-element-caption\">roda de puxar filme<\/figcaption><\/figure> <\/div>    <div class=\"wp-block-column is-layout-flow wp-block-column-is-layout-flow\"> <figure class=\"wp-block-image size-full\"><img loading=\"lazy\" decoding=\"async\" width=\"653\" height=\"391\" src=\"https:\/\/taizypackaging.com\/wp-content\/uploads\/2021\/08\/\u56fe\u72473.png\" alt=\"parafuso sem-fim\" class=\"wp-image-2697\" srcset=\"https:\/\/taizypackaging.com\/wp-content\/uploads\/2021\/08\/\u56fe\u72473.png 653w, https:\/\/taizypackaging.com\/wp-content\/uploads\/2021\/08\/\u56fe\u72473-300x180.png 300w\" sizes=\"auto, (max-width: 653px) 100vw, 653px\" \/><figcaption class=\"wp-element-caption\">parafuso sem-fim<\/figcaption><\/figure> <\/div> <\/div>    <div class=\"wp-block-columns is-layout-flex wp-container-core-columns-is-layout-9d6595d7 wp-block-columns-is-layout-flex\"> <div class=\"wp-block-column is-layout-flow wp-block-column-is-layout-flow\"> <figure class=\"wp-block-image size-full\"><img loading=\"lazy\" decoding=\"async\" width=\"657\" height=\"407\" src=\"https:\/\/taizypackaging.com\/wp-content\/uploads\/2021\/08\/\u56fe\u72474.png\" alt=\"Tela sens\u00edvel ao toque do CLP\" class=\"wp-image-2698\" srcset=\"https:\/\/taizypackaging.com\/wp-content\/uploads\/2021\/08\/\u56fe\u72474.png 657w, https:\/\/taizypackaging.com\/wp-content\/uploads\/2021\/08\/\u56fe\u72474-300x186.png 300w\" sizes=\"auto, (max-width: 657px) 100vw, 657px\" \/><figcaption class=\"wp-element-caption\">Tela sens\u00edvel ao toque do CLP<\/figcaption><\/figure> <\/div>    <div class=\"wp-block-column is-layout-flow wp-block-column-is-layout-flow\"> <figure class=\"wp-block-image size-full\"><img loading=\"lazy\" decoding=\"async\" width=\"654\" height=\"411\" src=\"https:\/\/taizypackaging.com\/wp-content\/uploads\/2021\/08\/\u56fe\u72476.png\" alt=\"descarregar palete inferior     \" class=\"wp-image-2700\" srcset=\"https:\/\/taizypackaging.com\/wp-content\/uploads\/2021\/08\/\u56fe\u72476.png 654w, https:\/\/taizypackaging.com\/wp-content\/uploads\/2021\/08\/\u56fe\u72476-300x189.png 300w\" sizes=\"auto, (max-width: 654px) 100vw, 654px\" \/><figcaption class=\"wp-element-caption\">descarregar palete inferior     <\/figcaption><\/figure> <\/div> <\/div>    <div class=\"wp-block-columns is-layout-flex wp-container-core-columns-is-layout-9d6595d7 wp-block-columns-is-layout-flex\"> <div class=\"wp-block-column is-layout-flow wp-block-column-is-layout-flow\"> <figure class=\"wp-block-image size-full\"><img loading=\"lazy\" decoding=\"async\" width=\"584\" height=\"356\" src=\"https:\/\/taizypackaging.com\/wp-content\/uploads\/2021\/08\/\u56fe\u72475.png\" alt=\"arame\" class=\"wp-image-2699\" srcset=\"https:\/\/taizypackaging.com\/wp-content\/uploads\/2021\/08\/\u56fe\u72475.png 584w, https:\/\/taizypackaging.com\/wp-content\/uploads\/2021\/08\/\u56fe\u72475-300x183.png 300w\" sizes=\"auto, (max-width: 584px) 100vw, 584px\" \/><figcaption class=\"wp-element-caption\">arame<\/figcaption><\/figure> <\/div>    <div class=\"wp-block-column is-layout-flow wp-block-column-is-layout-flow\"> <figure class=\"wp-block-image size-full\"><img loading=\"lazy\" decoding=\"async\" width=\"632\" height=\"360\" src=\"https:\/\/taizypackaging.com\/wp-content\/uploads\/2021\/08\/\u56fe\u72477.png\" alt=\"formador de bolsa\" class=\"wp-image-2701\" srcset=\"https:\/\/taizypackaging.com\/wp-content\/uploads\/2021\/08\/\u56fe\u72477.png 632w, https:\/\/taizypackaging.com\/wp-content\/uploads\/2021\/08\/\u56fe\u72477-300x171.png 300w\" sizes=\"auto, (max-width: 632px) 100vw, 632px\" \/><figcaption class=\"wp-element-caption\">formador de bolsa<\/figcaption><\/figure> <\/div> <\/div>    <h2 class=\"wp-block-heading\" id=\"h-the-sealing-form\">O m\u00e9todo de veda\u00e7\u00e3o desta m\u00e1quina de embalagem de p\u00f3 seco<\/h2>    <p>A m\u00e1quina de embalagem de p\u00f3 suporta apenas a veda\u00e7\u00e3o traseira.<\/p>   <div class=\"wp-block-image\"> <figure class=\"aligncenter size-full\"><img decoding=\"async\" src=\"https:\/\/taizypackaging.com\/wp-content\/uploads\/2021\/08\/01-2.jpg\" alt=\"veda\u00e7\u00e3o traseira desta m\u00e1quina autom\u00e1tica de embalagem de p\u00f3\" class=\"wp-image-2702\"\/><figcaption class=\"wp-element-caption\">veda\u00e7\u00e3o traseira desta m\u00e1quina autom\u00e1tica de embalagem de p\u00f3<\/figcaption><\/figure> <\/div>   <h2 class=\"wp-block-heading\">Equipamento de suporte desta m\u00e1quina seladora de enchimento de p\u00f3<\/h2>    <p>O transportador helicoidal tem uma ampla gama de aplica\u00e7\u00f5es, boas propriedades antiaderentes, pode adicionar defletores, tem um grande \u00e2ngulo de eleva\u00e7\u00e3o, \u00e9 f\u00e1cil de limpar e simples de manter. \u00c9 utilizado para transporte em diversos ambientes, adequado para diversas ocasi\u00f5es e usos especiais. Possui caracter\u00edsticas de alta resist\u00eancia, \u00e1cido, \u00e1lcali, \u00e1gua salgada, etc., utilizado para transporte em diversos ambientes.<\/p>    <p>A correia transportadora de sa\u00edda adota acionamento por micromotor importado, baixo ru\u00eddo, longa vida \u00fatil e pode transportar produtos acabados para a plataforma, reduzindo o desperd\u00edcio no processo de embalagem e fazendo com que as m\u00e1quinas de embalagem funcionem sem problemas.<\/p>    <figure class=\"wp-block-image size-full\"><img decoding=\"async\" src=\"https:\/\/taizypackaging.com\/wp-content\/uploads\/2021\/08\/\u753b\u677f-7_\u770b\u56fe\u738b-1.jpg\" alt=\"elevador de parafuso e correia transportadora de sa\u00edda\" class=\"wp-image-2703\"\/><figcaption class=\"wp-element-caption\">elevador de parafuso e correia transportadora de sa\u00edda<\/figcaption><\/figure>    <h2 class=\"wp-block-heading\" id=\"h-our-factory\">Por que nos escolher - Taizy Packaging Machinery <\/h2>    <p class=\"translation-block\">Estamos focados na m\u00e1quina de embalagem de p\u00f3 h\u00e1 mais de dez anos, e nossas m\u00e1quinas s\u00e3o vendidas em todo o mundo. Durante esse tempo, temos desenvolvido novas tecnologias e utilizado pe\u00e7as importadas para tentar maximizar o valor de nossas m\u00e1quinas. Todas as nossas m\u00e1quinas podem ser personalizadas de acordo com as necessidades dos clientes. Nossa empresa desenvolveu um sistema de trabalho completo, e oferecemos uma garantia de um ano ap\u00f3s voc\u00ea receber sua m\u00e1quina. Durante esse per\u00edodo, voc\u00ea pode entrar em contato com nossa equipe de p\u00f3s-venda com qualquer d\u00favida que tenha, e eles com certeza lhe dar\u00e3o uma resposta satisfat\u00f3ria. Al\u00e9m desta m\u00e1quina de embalagem de p\u00f3, fornecemos m\u00e1quinas associadas, como <a href=\"https:\/\/taizypackaging.com\/pt\/spices-packing-machine-powder-packing-machine-type2\/\" target=\"_blank\" rel=\"noreferrer noopener\">m\u00e1quinas de embalagem de especiarias<\/a>, <a href=\"https:\/\/taizypackaging.com\/pt\/milk-powder-packing-machine\/\">m\u00e1quinas de embalagem de leite em p\u00f3<\/a>, m\u00e1quinas de embalagem l\u00edquida, etc. A empresa Taizy aguarda ansiosamente uma coopera\u00e7\u00e3o de longo prazo com nossos clientes!<\/p>    <figure class=\"wp-block-image size-full\"><img decoding=\"async\" src=\"https:\/\/taizypackaging.com\/wp-content\/uploads\/2021\/08\/\u753b\u677f-8_\u770b\u56fe\u738b-2.jpg\" alt=\"f\u00e1brica de m\u00e1quinas de embalagem de p\u00f3\" class=\"wp-image-2705\"\/><figcaption class=\"wp-element-caption\">f\u00e1brica de m\u00e1quinas de embalagem de p\u00f3<\/figcaption><\/figure>    <figure class=\"wp-block-image size-full\"><img decoding=\"async\" src=\"https:\/\/taizypackaging.com\/wp-content\/uploads\/2021\/08\/\u753b\u677f-9_\u770b\u56fe\u738b-2.jpg\" alt=\"m\u00e1quina autom\u00e1tica de embalagem de p\u00f3 em estoque\" class=\"wp-image-2706\"\/><figcaption class=\"wp-element-caption\">m\u00e1quina autom\u00e1tica de embalagem de p\u00f3 em estoque<\/figcaption><\/figure>","protected":false},"excerpt":{"rendered":"<p>The automatic powder packing machine here is a typical and popular powder packaging solution. It can fully automatically complete the progress of powder feeding, weighing, filling, bag making, sealing, and coding. This automatic powder pouch packing machine has a wide range of applications. It is suitable for packaging all kinds of dry powder products like [&hellip;]<\/p>\n","protected":false},"author":1,"featured_media":2692,"parent":0,"template":"","tags":[375,387],"product-type":[660],"class_list":["post-2690","product","type-product","status-publish","has-post-thumbnail","hentry","tag-powder-packing","tag-red-chili-powder","product-type-powder-packing-machines"],"_links":{"self":[{"href":"https:\/\/taizypackaging.com\/pt\/wp-json\/wp\/v2\/product\/2690","targetHints":{"allow":["GET"]}}],"collection":[{"href":"https:\/\/taizypackaging.com\/pt\/wp-json\/wp\/v2\/product"}],"about":[{"href":"https:\/\/taizypackaging.com\/pt\/wp-json\/wp\/v2\/types\/product"}],"author":[{"embeddable":true,"href":"https:\/\/taizypackaging.com\/pt\/wp-json\/wp\/v2\/users\/1"}],"wp:featuredmedia":[{"embeddable":true,"href":"https:\/\/taizypackaging.com\/pt\/wp-json\/wp\/v2\/media\/2692"}],"wp:attachment":[{"href":"https:\/\/taizypackaging.com\/pt\/wp-json\/wp\/v2\/media?parent=2690"}],"wp:term":[{"taxonomy":"post_tag","embeddable":true,"href":"https:\/\/taizypackaging.com\/pt\/wp-json\/wp\/v2\/tags?post=2690"},{"taxonomy":"product-type","embeddable":true,"href":"https:\/\/taizypackaging.com\/pt\/wp-json\/wp\/v2\/product-type?post=2690"}],"curies":[{"name":"wp","href":"https:\/\/api.w.org\/{rel}","templated":true}]}}