{"id":2713,"date":"2021-08-20T11:40:00","date_gmt":"2021-08-20T11:40:00","guid":{"rendered":"https:\/\/taizypackaging.com\/?p=2713"},"modified":"2024-07-16T18:20:06","modified_gmt":"2024-07-16T10:20:06","slug":"carton-sealing-machine-for-sale","status":"publish","type":"product","link":"https:\/\/taizypackaging.com\/pt\/carton-sealing-machine-for-sale\/","title":{"rendered":"M\u00e1quina seladora de papel\u00e3o"},"content":{"rendered":"<div class=\"kk-star-ratings kksr-auto kksr-align-left kksr-valign-top\"     data-payload='{&quot;align&quot;:&quot;left&quot;,&quot;id&quot;:&quot;2713&quot;,&quot;slug&quot;:&quot;default&quot;,&quot;valign&quot;:&quot;top&quot;,&quot;ignore&quot;:&quot;&quot;,&quot;reference&quot;:&quot;auto&quot;,&quot;class&quot;:&quot;&quot;,&quot;count&quot;:&quot;8&quot;,&quot;legendonly&quot;:&quot;&quot;,&quot;readonly&quot;:&quot;&quot;,&quot;score&quot;:&quot;4.6&quot;,&quot;starsonly&quot;:&quot;&quot;,&quot;best&quot;:&quot;5&quot;,&quot;gap&quot;:&quot;5&quot;,&quot;greet&quot;:&quot;Rate this product&quot;,&quot;legend&quot;:&quot;4.6\\\/5 - (8 votes)&quot;,&quot;size&quot;:&quot;24&quot;,&quot;title&quot;:&quot;Carton Sealing Machine&quot;,&quot;width&quot;:&quot;130.9&quot;,&quot;_legend&quot;:&quot;{score}\\\/{best} - ({count} {votes})&quot;,&quot;font_factor&quot;:&quot;1.25&quot;}'>              <div class=\"kksr-stars\">      <div class=\"kksr-stars-inactive\">             <div class=\"kksr-star\" data-star=\"1\" style=\"padding-right: 5px\">               <div class=\"kksr-icon\" style=\"width: 24px; height: 24px;\"><\/div>         <\/div>             <div class=\"kksr-star\" data-star=\"2\" style=\"padding-right: 5px\">               <div class=\"kksr-icon\" style=\"width: 24px; height: 24px;\"><\/div>         <\/div>             <div class=\"kksr-star\" data-star=\"3\" style=\"padding-right: 5px\">               <div class=\"kksr-icon\" style=\"width: 24px; height: 24px;\"><\/div>         <\/div>             <div class=\"kksr-star\" data-star=\"4\" style=\"padding-right: 5px\">               <div class=\"kksr-icon\" style=\"width: 24px; height: 24px;\"><\/div>         <\/div>             <div class=\"kksr-star\" data-star=\"5\" style=\"padding-right: 5px\">               <div class=\"kksr-icon\" style=\"width: 24px; height: 24px;\"><\/div>         <\/div>     <\/div>      <div class=\"kksr-stars-active\" style=\"width: 130.9px;\">             <div class=\"kksr-star\" style=\"padding-right: 5px\">               <div class=\"kksr-icon\" style=\"width: 24px; height: 24px;\"><\/div>         <\/div>             <div class=\"kksr-star\" style=\"padding-right: 5px\">               <div class=\"kksr-icon\" style=\"width: 24px; height: 24px;\"><\/div>         <\/div>             <div class=\"kksr-star\" style=\"padding-right: 5px\">               <div class=\"kksr-icon\" style=\"width: 24px; height: 24px;\"><\/div>         <\/div>             <div class=\"kksr-star\" style=\"padding-right: 5px\">               <div class=\"kksr-icon\" style=\"width: 24px; height: 24px;\"><\/div>         <\/div>             <div class=\"kksr-star\" style=\"padding-right: 5px\">               <div class=\"kksr-icon\" style=\"width: 24px; height: 24px;\"><\/div>         <\/div>     <\/div> <\/div>                   <div class=\"kksr-legend\" style=\"font-size: 19.2px;\">             4,6\/5 - (8 votos)    <\/div>     <\/div>  <p class=\"translation-block\"><strong>M\u00e1quina de selagem de caixas<\/strong>, seladora de caixas, ou m\u00e1quina de veda\u00e7\u00e3o de caixas \u00e9 principalmente aplicada \u00e0 embalagem de cartonagem. Em compara\u00e7\u00e3o com a opera\u00e7\u00e3o manual, pode aumentar bastante a sua efici\u00eancia. Em resumo, pode fazer melhor do que os humanos em termos de embalar caixas. Esta <strong>m\u00e1quina de embalagem de caixas<\/strong> geralmente funciona em conjunto com outros equipamentos, tais como uma m\u00e1quina de desembrulho, m\u00e1quina de etiquetagem, m\u00e1quina de codifica\u00e7\u00e3o, etc. Portanto, existe uma m\u00e1quina de selagem de caixas totalmente autom\u00e1tica. A <strong>seladora de caixas<\/strong> \u00e9 amplamente utilizada nas ind\u00fastrias alimentar, bebida, m\u00e9dica, qu\u00edmica, electr\u00f3nica, cabos, tabaco, e muitas outras. Se procura uma solu\u00e7\u00e3o fi\u00e1vel de embalagem de caixas, contacte-nos para uma lista de pre\u00e7os gratuita. <\/p>   <figure class=\"wp-block-embed-youtube wp-block-embed is-type-video is-provider-youtube wp-embed-aspect-16-9 wp-has-aspect-ratio\"><div class=\"lyte-wrapper fourthree\" title=\"M\u00e1quina seladora de papel\u00e3o \u00e0 venda\" style=\"width:960px;max-width:100%;margin:5px auto;\"><div class=\"lyMe hidef\" id=\"WYL_xRSpEOnrlN0\" itemprop=\"video\" itemscope itemtype=\"https:\/\/schema.org\/VideoObject\"><div><meta itemprop=\"thumbnailUrl\" content=\"https:\/\/taizypackaging.com\/wp-content\/plugins\/wp-youtube-lyte\/lyteCache.php?origThumbUrl=https%3A%2F%2Fi.ytimg.com%2Fvi%2FxRSpEOnrlN0%2Fmaxresdefault.jpg\" \/><meta itemprop=\"embedURL\" content=\"https:\/\/www.youtube.com\/embed\/xRSpEOnrlN0\" \/><meta itemprop=\"duration\" content=\"PT52S\" \/><meta itemprop=\"uploadDate\" content=\"2021-08-23T12:46:27Z\" \/><\/div><meta itemprop=\"accessibilityFeature\" content=\"captions\" \/><div id=\"lyte_xRSpEOnrlN0\" data-src=\"https:\/\/taizypackaging.com\/wp-content\/plugins\/wp-youtube-lyte\/lyteCache.php?origThumbUrl=https%3A%2F%2Fi.ytimg.com%2Fvi%2FxRSpEOnrlN0%2Fmaxresdefault.jpg\" class=\"pL\"><div class=\"tC\"><div class=\"tT\" itemprop=\"name\">M\u00e1quina seladora de papel\u00e3o \u00e0 venda<\/div><\/div><div class=\"play\"><\/div><div class=\"ctrl\"><div class=\"Lctrl\"><\/div><div class=\"Rctrl\"><\/div><\/div><\/div><noscript><a href=\"https:\/\/youtu.be\/xRSpEOnrlN0\" rel=\"nofollow noopener\" target=\"_blank\"><img loading=\"lazy\" decoding=\"async\" src=\"https:\/\/taizypackaging.com\/wp-content\/plugins\/wp-youtube-lyte\/lyteCache.php?origThumbUrl=https%3A%2F%2Fi.ytimg.com%2Fvi%2FxRSpEOnrlN0%2F0.jpg\" alt=\"M\u00e1quina seladora de papel\u00e3o \u00e0 venda\" width=\"960\" height=\"700\" \/><br \/>Assista a este v\u00eddeo no YouTube<\/a><\/noscript><meta itemprop=\"description\" content=\"WhatsApp\/Wechat\/Tel:+86 19139754781 Carton sealing machine is mainly applied to the packing of cartons. The sealing machine is generally used in conjunction with cartooning machine and unpacking machine. It can also be connected with labeling, coding, and heat shrink film wrapping machines to form an unmanned automatic packaging line. You can learn more information on: https:\/\/taizypackaging.com\/carton-sealing-machine-for-sale\/\"><\/div><\/div><div class=\"lL\" style=\"max-width:100%;width:960px;margin:5px auto;\"><\/div><figcaption><\/figcaption><\/figure>   <h2 class=\"wp-block-heading\">Vantagens da m\u00e1quina seladora de papel\u00e3o Taizy<\/h2>    <ol class=\"wp-block-list\"> <li>Amplas aplica\u00e7\u00f5es para diferentes tamanhos de caixas<\/li>    <li>Conclua a opera\u00e7\u00e3o de veda\u00e7\u00e3o inferior e superior uma vez e sele com firmeza e suavidade com uma apar\u00eancia bonita<\/li>    <li>Design razo\u00e1vel, material dur\u00e1vel, funcionando perfeitamente, funcionando de forma eficiente<\/li>    <li>Um bot\u00e3o de emerg\u00eancia foi projetado como uma precau\u00e7\u00e3o de seguran\u00e7a<\/li>    <li>Os rolos s\u00e3o dispostos de perto, adequados para diferentes tamanhos de caixas, especialmente caixas pequenas<\/li>    <li>A altura do transportador \u00e9 ajust\u00e1vel de acordo com suas necessidades<\/li>    <li>O componente para fixa\u00e7\u00e3o da fita \u00e9 remov\u00edvel, conveniente para substituir as fitas.<\/li>    <li>Apoie um forte servi\u00e7o OEM<\/li> <\/ol>    <figure class=\"wp-block-image size-full\"><img decoding=\"async\" src=\"https:\/\/taizypackaging.com\/wp-content\/uploads\/2021\/08\/carton-sealing-machine.jpg\" alt=\"m\u00e1quina seladora de papel\u00e3o\" class=\"wp-image-3958\"\/><figcaption class=\"wp-element-caption\">m\u00e1quina seladora de papel\u00e3o<\/figcaption><\/figure>    <h2 class=\"wp-block-heading\" id=\"h-machine-parameters\">Par\u00e2metros da m\u00e1quina seladora de papel\u00e3o Taizy<\/h2>    <figure class=\"wp-block-table\"><table><tbody><tr><td>Modelo<\/td><td>FXJ-4030<\/td><td>FXJ-6050<\/td><\/tr><tr><td>Poder<\/td><td>220V\/50Hz\/180W<\/td><td>220V\/50Hz\/180W<\/td><\/tr><tr><td>Capacidade<\/td><td>1000 caixas\/h<\/td><td>1000 caixas\/h<\/td><\/tr><tr><td>Largura da fita<\/td><td>45mm<\/td><td>45mm<\/td><\/tr><tr><td>Largura de veda\u00e7\u00e3o<\/td><td>80-300mm<\/td><td>250-500 mm<\/td><\/tr><tr><td>Altura de veda\u00e7\u00e3o<\/td><td>90-400mm<\/td><td>180-600mm<\/td><\/tr><tr><td>Altura da mesa<\/td><td>min550mm\/m\u00e1x730mm<\/td><td>min570mm\/m\u00e1x730mm<\/td><\/tr><tr><td>Tamanho da m\u00e1quina<\/td><td>1060*660*1010mm<\/td><td>1000*830*1350mm<\/td><\/tr><\/tbody><\/table><\/figure>    <h2 class=\"wp-block-heading\" id=\"h-how-does-the-carton-sealer-work\">Como funciona a m\u00e1quina seladora de caixas de papel\u00e3o?<\/h2>    <p>O princ\u00edpio de funcionamento da m\u00e1quina seladora de caixas de papel\u00e3o \u00e9 simples, a caixa atrav\u00e9s da correia transportadora \u00e9 transportada para a m\u00e1quina. Sob a m\u00e1quina, por meio do sistema operacional inteligente, conclua o trabalho de veda\u00e7\u00e3o da caixa. O processo espec\u00edfico \u00e9 como o v\u00eddeo a seguir.<\/p>    <h2 class=\"wp-block-heading\" id=\"h-details-of-carton-sealing-machine\">Detalhes da m\u00e1quina seladora de papel\u00e3o Taizy<\/h2>    <p>A m\u00e1quina seladora de caixas para venda consiste em uma plataforma transportadora com rolos girat\u00f3rios, uma longa placa de metal, correias transportadoras esquerda e direita, hastes manuais para ajustar a altura da plataforma transportadora e o dispositivo de selagem superior, rolos de posicionamento de caixas, estrutura de suporte com escala , interruptor de alimenta\u00e7\u00e3o, quatro rodas na parte inferior da m\u00e1quina, bot\u00e3o de emerg\u00eancia, etc. Um sistema de correia ajust\u00e1vel pode lidar com v\u00e1rios tipos de caixas. Al\u00e9m disso, materiais dur\u00e1veis \u200b\u200be tecnologia avan\u00e7ada garantem o bom desempenho de nossas m\u00e1quinas. <\/p>    <div class=\"wp-block-columns is-layout-flex wp-container-core-columns-is-layout-9d6595d7 wp-block-columns-is-layout-flex\"> <div class=\"wp-block-column is-layout-flow wp-block-column-is-layout-flow\"> <figure class=\"wp-block-image size-full\"><img decoding=\"async\" src=\"https:\/\/taizypackaging.com\/wp-content\/uploads\/2021\/08\/\u753b\u677f-6_\u770b\u56fe\u738b-1.jpg\" alt=\"m\u00e1quina seladora de papel\u00e3o em estoque\" class=\"wp-image-2717\"\/><figcaption class=\"wp-element-caption\">m\u00e1quina seladora de papel\u00e3o em estoque<\/figcaption><\/figure> <\/div>    <div class=\"wp-block-column is-layout-flow wp-block-column-is-layout-flow\"> <figure class=\"wp-block-image size-full\"><img decoding=\"async\" src=\"https:\/\/taizypackaging.com\/wp-content\/uploads\/2021\/08\/\u753b\u677f-7_\u770b\u56fe\u738b-2.jpg\" alt=\"correia transportadora seladora de papel\u00e3o\" class=\"wp-image-2718\"\/><figcaption class=\"wp-element-caption\">correia transportadora seladora de papel\u00e3o<\/figcaption><\/figure> <\/div> <\/div>    <h2 class=\"wp-block-heading\" id=\"h-why-do-people-need-a-carton-sealing-machine\">Por que precisamos de uma m\u00e1quina seladora de caixas de papel\u00e3o?<\/h2>    <ul class=\"wp-block-list\"> <li>Adequado para embalagens de tamanho 1 a 12.<\/li>    <li>Esta m\u00e1quina seladora de caixas de papel\u00e3o adota um revestimento de veda\u00e7\u00e3o avan\u00e7ado, que nivela a parte saliente da caixa e faz com que a fita caiba na superf\u00edcie da caixa. O corte \u00e9 suave, a veda\u00e7\u00e3o \u00e9 bonita, firme e f\u00e1cil de usar.<\/li>    <li>A largura e a altura da m\u00e1quina seladora s\u00e3o ajust\u00e1veis, com v\u00e1rios tamanhos de selagem, e as correias transportadoras esquerda e direita podem movimentar caixas mais pesadas.<\/li>    <li>A parte inferior e superior da correia transportadora s\u00e3o equipadas com um motor grande, e o design de motor duplo fornece grande pot\u00eancia para caixas mais pesadas e largas.<\/li>    <li>As rodas ativas e passivas da correia transportadora s\u00e3o cada vez mais grossas, com maior capacidade de carga e melhor efeito de rolamento.<\/li>    <li>A cabe\u00e7a de veda\u00e7\u00e3o superior pode suportar design, mais conveniente para substituir a fita, simples e r\u00e1pida.<\/li>    <li>Forro interno com design fechado, veda\u00e7\u00e3o mais firme e bonita. <\/li> <\/ul>    <h2 class=\"wp-block-heading\" id=\"h-related-machine\">Equipamento de suporte da seladora de caixas<\/h2>    <p class=\"translation-block\">Na <a rel=\"noreferrer noopener\" href=\"https:\/\/taizypackaging.com\/pt\/\" target=\"_blank\">Taizy Company<\/a>, n\u00e3o apenas a m\u00e1quina de selagem de caixas est\u00e1 dispon\u00edvel, mas tamb\u00e9m o equipamento auxiliar (m\u00e1quina de desembrulho, correia transportadora, etc.) est\u00e1 aqui \u00e0 sua escolha. Listado como nas imagens abaixo: <\/p>    <figure class=\"wp-block-image size-full\"><img decoding=\"async\" src=\"https:\/\/taizypackaging.com\/wp-content\/uploads\/2021\/08\/\u753b\u677f-9_\u770b\u56fe\u738b-3.jpg\" alt=\"desempacotador e transportador de caixas\" class=\"wp-image-2719\"\/><figcaption class=\"wp-element-caption\">desempacotador e transportador de caixas<\/figcaption><\/figure>","protected":false},"excerpt":{"rendered":"<p>Carton sealing machine, carton sealer, or box taping machine is mainly applied to the carton packaging. Compared with manual operation, it can greatly enhance your efficiency. In short, it can do better than humans in terms of box packing. This carton packing machine usually works together with other equipment, such as an unpack machine, labeling [&hellip;]<\/p>\n","protected":false},"author":1,"featured_media":2720,"parent":0,"template":"","tags":[604,603,602],"product-type":[668],"class_list":["post-2713","product","type-product","status-publish","has-post-thumbnail","hentry","tag-box-taping-machine","tag-carton-sealer","tag-carton-sealing-machine","product-type-supporting-equipment"],"_links":{"self":[{"href":"https:\/\/taizypackaging.com\/pt\/wp-json\/wp\/v2\/product\/2713","targetHints":{"allow":["GET"]}}],"collection":[{"href":"https:\/\/taizypackaging.com\/pt\/wp-json\/wp\/v2\/product"}],"about":[{"href":"https:\/\/taizypackaging.com\/pt\/wp-json\/wp\/v2\/types\/product"}],"author":[{"embeddable":true,"href":"https:\/\/taizypackaging.com\/pt\/wp-json\/wp\/v2\/users\/1"}],"wp:featuredmedia":[{"embeddable":true,"href":"https:\/\/taizypackaging.com\/pt\/wp-json\/wp\/v2\/media\/2720"}],"wp:attachment":[{"href":"https:\/\/taizypackaging.com\/pt\/wp-json\/wp\/v2\/media?parent=2713"}],"wp:term":[{"taxonomy":"post_tag","embeddable":true,"href":"https:\/\/taizypackaging.com\/pt\/wp-json\/wp\/v2\/tags?post=2713"},{"taxonomy":"product-type","embeddable":true,"href":"https:\/\/taizypackaging.com\/pt\/wp-json\/wp\/v2\/product-type?post=2713"}],"curies":[{"name":"wp","href":"https:\/\/api.w.org\/{rel}","templated":true}]}}