{"id":2740,"date":"2021-08-25T09:54:57","date_gmt":"2021-08-25T09:54:57","guid":{"rendered":"https:\/\/taizypackaging.com\/?p=2740"},"modified":"2024-07-16T16:37:44","modified_gmt":"2024-07-16T08:37:44","slug":"chain-bucket-packing-machine","status":"publish","type":"product","link":"https:\/\/taizypackaging.com\/pt\/chain-bucket-packing-machine\/","title":{"rendered":"M\u00e1quina embaladora de balde de corrente"},"content":{"rendered":"<div class=\"kk-star-ratings kksr-auto kksr-align-left kksr-valign-top\"     data-payload='{&quot;align&quot;:&quot;left&quot;,&quot;id&quot;:&quot;2740&quot;,&quot;slug&quot;:&quot;default&quot;,&quot;valign&quot;:&quot;top&quot;,&quot;ignore&quot;:&quot;&quot;,&quot;reference&quot;:&quot;auto&quot;,&quot;class&quot;:&quot;&quot;,&quot;count&quot;:&quot;6&quot;,&quot;legendonly&quot;:&quot;&quot;,&quot;readonly&quot;:&quot;&quot;,&quot;score&quot;:&quot;4.8&quot;,&quot;starsonly&quot;:&quot;&quot;,&quot;best&quot;:&quot;5&quot;,&quot;gap&quot;:&quot;5&quot;,&quot;greet&quot;:&quot;Rate this product&quot;,&quot;legend&quot;:&quot;4.8\\\/5 - (6 votes)&quot;,&quot;size&quot;:&quot;24&quot;,&quot;title&quot;:&quot;Chain Bucket Packing Machine&quot;,&quot;width&quot;:&quot;136.7&quot;,&quot;_legend&quot;:&quot;{score}\\\/{best} - ({count} {votes})&quot;,&quot;font_factor&quot;:&quot;1.25&quot;}'>              <div class=\"kksr-stars\">      <div class=\"kksr-stars-inactive\">             <div class=\"kksr-star\" data-star=\"1\" style=\"padding-right: 5px\">               <div class=\"kksr-icon\" style=\"width: 24px; height: 24px;\"><\/div>         <\/div>             <div class=\"kksr-star\" data-star=\"2\" style=\"padding-right: 5px\">               <div class=\"kksr-icon\" style=\"width: 24px; height: 24px;\"><\/div>         <\/div>             <div class=\"kksr-star\" data-star=\"3\" style=\"padding-right: 5px\">               <div class=\"kksr-icon\" style=\"width: 24px; height: 24px;\"><\/div>         <\/div>             <div class=\"kksr-star\" data-star=\"4\" style=\"padding-right: 5px\">               <div class=\"kksr-icon\" style=\"width: 24px; height: 24px;\"><\/div>         <\/div>             <div class=\"kksr-star\" data-star=\"5\" style=\"padding-right: 5px\">               <div class=\"kksr-icon\" style=\"width: 24px; height: 24px;\"><\/div>         <\/div>     <\/div>      <div class=\"kksr-stars-active\" style=\"width: 136.7px;\">             <div class=\"kksr-star\" style=\"padding-right: 5px\">               <div class=\"kksr-icon\" style=\"width: 24px; height: 24px;\"><\/div>         <\/div>             <div class=\"kksr-star\" style=\"padding-right: 5px\">               <div class=\"kksr-icon\" style=\"width: 24px; height: 24px;\"><\/div>         <\/div>             <div class=\"kksr-star\" style=\"padding-right: 5px\">               <div class=\"kksr-icon\" style=\"width: 24px; height: 24px;\"><\/div>         <\/div>             <div class=\"kksr-star\" style=\"padding-right: 5px\">               <div class=\"kksr-icon\" style=\"width: 24px; height: 24px;\"><\/div>         <\/div>             <div class=\"kksr-star\" style=\"padding-right: 5px\">               <div class=\"kksr-icon\" style=\"width: 24px; height: 24px;\"><\/div>         <\/div>     <\/div> <\/div>                   <div class=\"kksr-legend\" style=\"font-size: 19.2px;\">             4,8\/5 - (6 votos)    <\/div>     <\/div>  <p class=\"translation-block\"><strong>A m\u00e1quina de embalagem por corrente de balde<\/strong> \u00e9 um equipamento de embalagem de gr\u00e2nulos semi-autom\u00e1tico. Pode completar o processo de enchimento, fabrico de saco, selagem, corte e contagem. Basta introduzir manualmente o material. Uma m\u00e1quina de embalagem de balde tipo corrente \u00e9 adequada para embalar v\u00e1rios materiais em part\u00edculas, tais como lanches, frutos secos, feij\u00f5es, bolachas, gr\u00e3os, cereais, batatas fritas, sab\u00e3o, pregos, peixe, comida congelada, etc. Na pr\u00e1tica, a maior vantagem desta m\u00e1quina de embalagem de gr\u00e2nulos \u00e9 que pode colocar v\u00e1rios materiais totalmente diferentes numa \u00fanica bolsa, como ch\u00e1 aromatizado. Al\u00e9m disso, uma m\u00e1quina de gr\u00e2nulos com corrente de balde pode ser equipada com uma m\u00e1quina de pesagem e enchimento para alcan\u00e7ar automa\u00e7\u00e3o total. Portanto, existe um servi\u00e7o OEM poderoso para satisfazer os seus requisitos espec\u00edficos. Contacte-nos hoje para <strong>uma<\/strong> <strong>lista de pre\u00e7os<\/strong> <strong>gratuita<\/strong>. <\/p>    <h2 class=\"wp-block-heading\" id=\"h-the-workflow-of-the-chain-bucket-packaging-machine\">V\u00eddeo de funcionamento da m\u00e1quina de embalagem com transportador de balde de corrente<\/h2>   <figure class=\"wp-block-embed-youtube wp-block-embed is-type-video is-provider-youtube wp-embed-aspect-16-9 wp-has-aspect-ratio\"><div class=\"lyte-wrapper fourthree\" title=\"M\u00e1quina de embalagem de saco tipo balde de corrente para lanches, nozes, feij\u00e3o, etc.\" style=\"width:960px;max-width:100%;margin:5px auto;\"><div class=\"lyMe hidef\" id=\"WYL_6pbVY3ET1ZM\" itemprop=\"video\" itemscope itemtype=\"https:\/\/schema.org\/VideoObject\"><div><meta itemprop=\"thumbnailUrl\" content=\"https:\/\/taizypackaging.com\/wp-content\/plugins\/wp-youtube-lyte\/lyteCache.php?origThumbUrl=https%3A%2F%2Fi.ytimg.com%2Fvi%2F6pbVY3ET1ZM%2Fmaxresdefault.jpg\" \/><meta itemprop=\"embedURL\" content=\"https:\/\/www.youtube.com\/embed\/6pbVY3ET1ZM\" \/><meta itemprop=\"duration\" content=\"PT2M15S\" \/><meta itemprop=\"uploadDate\" content=\"2022-02-10T07:02:13Z\" \/><\/div><div id=\"lyte_6pbVY3ET1ZM\" data-src=\"https:\/\/taizypackaging.com\/wp-content\/plugins\/wp-youtube-lyte\/lyteCache.php?origThumbUrl=https%3A%2F%2Fi.ytimg.com%2Fvi%2F6pbVY3ET1ZM%2Fmaxresdefault.jpg\" class=\"pL\"><div class=\"tC\"><div class=\"tT\" itemprop=\"name\">M\u00e1quina de embalagem de saco tipo balde de corrente para lanches, nozes, feij\u00e3o, etc.<\/div><\/div><div class=\"play\"><\/div><div class=\"ctrl\"><div class=\"Lctrl\"><\/div><div class=\"Rctrl\"><\/div><\/div><\/div><noscript><a href=\"https:\/\/youtu.be\/6pbVY3ET1ZM\" rel=\"nofollow noopener\" target=\"_blank\"><img loading=\"lazy\" decoding=\"async\" src=\"https:\/\/taizypackaging.com\/wp-content\/plugins\/wp-youtube-lyte\/lyteCache.php?origThumbUrl=https%3A%2F%2Fi.ytimg.com%2Fvi%2F6pbVY3ET1ZM%2F0.jpg\" alt=\"M\u00e1quina de embalagem de saco tipo balde de corrente para lanches, nozes, feij\u00e3o, etc.\" width=\"960\" height=\"700\" \/><br \/>Assista a este v\u00eddeo no YouTube<\/a><\/noscript><meta itemprop=\"description\" content=\"#foodpackingmachine #snackspackaging #packingmachine EMAIL: info@taizypackaging.com TEL\/WHATSAPP: +86 18837171591 USEFUL LINK: https:\/\/taizypackaging.com\/chain-bucket-packing-machine\/ Chain bucket packing machine is a type of granule packing machine. It is suitable for various particles like nuts, snacks, beans, rice, dried fruits, puffed food, trinkets, etc. Our chain bucket packing macine packing speed is from 30 bags to 60 bags per minute. And the bag length is from 30mm to 280mm. Besides, we support custom services to meet your actual requirements. Awesome benefits of Taizy chain bucket packing machine 1. The machine adopts advanced PLC control system, the program is stable, equipped with electronic intelligent touch screen, supporting up to six languages, also can be customized according to customer language, easy to operate. 2. The machine as a whole is made of stainless steel and alloy, contact with the material part of 304 stainless steel, not easy to rust, strong and durable. 3. Intelligent temperature control system ensures the quality of packaging materials, low working noise, clear-cutting patterns, and strong sealing ability. You may also like these granule\/food packing machine videos: Small vertical packing machine: https:\/\/www.youtube.com\/watch?v=RdSqEhdiWzU&amp;t=31s Multihead weigher packing machine: https:\/\/www.youtube.com\/watch?v=mfQQ28r7qzY Granule filling machine: https:\/\/www.youtube.com\/watch?v=_E3hqS6pwhY&amp;t=59s EMAIL: info@taizypackaging.com TEL\/WHATSAPP: +86 18837171591 USEFUL LINK: https:\/\/taizypackaging.com\/chain-bucket-packing-machine\/\"><\/div><\/div><div class=\"lL\" style=\"max-width:100%;width:960px;margin:5px auto;\"><\/div><figcaption><\/figcaption><\/figure>   <h2 class=\"wp-block-heading\" id=\"h-the-brief-introduction-of-the-chain-bucket-packing-machine\">O que \u00e9 uma m\u00e1quina embaladora com balde de corrente? <\/h2>    <p>A m\u00e1quina embaladora de balde de corrente \u00e9 uma solu\u00e7\u00e3o de embalagem semiautom\u00e1tica, pertencente a algum tipo de m\u00e1quina embaladora de gr\u00e2nulos. Comparada com uma m\u00e1quina grande, como uma m\u00e1quina embaladora com balan\u00e7a multicabe\u00e7al totalmente autom\u00e1tica, uma m\u00e1quina embaladora com balde de corrente \u00e9 mais adequada para projetos de pequeno e m\u00e9dio porte. o pre\u00e7o acess\u00edvel da melhoria da efici\u00eancia da produ\u00e7\u00e3o tamb\u00e9m \u00e9 bastante substancial. A m\u00e1quina embaladora com transportador de corrente de ca\u00e7amba suporta muitos tipos de m\u00e9todos de veda\u00e7\u00e3o, como veda\u00e7\u00e3o traseira, veda\u00e7\u00e3o de tr\u00eas lados e veda\u00e7\u00e3o de quatro lados.<\/p>    <figure class=\"wp-block-image size-full\"><img loading=\"lazy\" decoding=\"async\" width=\"720\" height=\"540\" src=\"https:\/\/taizypackaging.com\/wp-content\/uploads\/2021\/08\/chain-bucket-packing-machine.jpg\" alt=\"m\u00e1quina de embalagem de balde de corrente\" class=\"wp-image-3970\" srcset=\"https:\/\/taizypackaging.com\/wp-content\/uploads\/2021\/08\/chain-bucket-packing-machine.jpg 720w, https:\/\/taizypackaging.com\/wp-content\/uploads\/2021\/08\/chain-bucket-packing-machine-300x225.jpg 300w\" sizes=\"auto, (max-width: 720px) 100vw, 720px\" \/><figcaption class=\"wp-element-caption\">m\u00e1quina de embalagem de balde de corrente<\/figcaption><\/figure>    <h2 class=\"wp-block-heading\" id=\"h-the-application-of-the-chain-bucket-packaging-machine\">Aplica\u00e7\u00e3o da m\u00e1quina de embalagem com balde de corrente<\/h2>    <p class=\"translation-block\">A m\u00e1quina de embalagem de gr\u00e2nulos com balde de corrente \u00e9 adequada para embalar v\u00e1rios materiais alimentares e n\u00e3o alimentares, tais como frutos secos, amendoins, gr\u00e3os, sementes, feij\u00f5es, cereais, bolachas, alho, peixe, dumplings, snacks, comida congelada, marisco, arroz, doces, batatas fritas, chips de banana, frutos secos secos, etc. Muitas fun\u00e7\u00f5es numa s\u00f3 m\u00e1quina, fi\u00e1vel e eficiente. Se est\u00e1 \u00e0 procura de uma m\u00e1quina de embalagem como esta, <a href=\"https:\/\/taizypackaging.com\/pt\/contact-us\/\"> contacte-nos agora<\/a> para iniciar o seu neg\u00f3cio. <\/p>    <figure class=\"wp-block-image size-full\"><img decoding=\"async\" src=\"https:\/\/taizypackaging.com\/wp-content\/uploads\/2021\/08\/chain-bucket-packing-machine-applications.jpg\" alt=\"aplica\u00e7\u00f5es de m\u00e1quinas de embalagem de balde de corrente\" class=\"wp-image-3973\"\/><figcaption class=\"wp-element-caption\">aplica\u00e7\u00f5es de m\u00e1quinas de embalagem de balde de corrente<\/figcaption><\/figure>    <h2 class=\"wp-block-heading\" id=\"h-technical-parameters-of-tz-320-chain-granule-packing-machine\">Par\u00e2metros da m\u00e1quina de embalagem de balde de corrente<\/h2>    <figure class=\"wp-block-table is-style-stripes\"><table><tbody><tr><td>Poder<\/td><td>220(380)V\/1200W<\/td><\/tr><tr><td>Velocidade<\/td><td>30~60 sacos\/min<\/td><\/tr><tr><td>Comprimento do saco<\/td><td>30~280mm<\/td><\/tr><tr><td>O di\u00e2metro m\u00e1ximo<\/td><td>\u2264\u03a6350 mm<\/td><\/tr><tr><td>Espessura do filme de embalagem<\/td><td>0,03 ~ 0,1 mm<\/td><\/tr><tr><td>Largura m\u00e1xima do filme<\/td><td>300 mm<\/td><\/tr><tr><td>Peso<\/td><td>400kg<\/td><\/tr><tr><td>Tamanho da m\u00e1quina<\/td><td>870x1350x1850mm<\/td><\/tr><\/tbody><\/table><\/figure>    <p>Nota: Apoie o servi\u00e7o personalizado para atender \u00e0 sua demanda espec\u00edfica.<\/p>    <h2 class=\"wp-block-heading\" id=\"h-the-structure-of-the-chain-granule-packing-machine\">Estrutura da m\u00e1quina de embalagem de gr\u00e2nulos de corrente<\/h2>    <p>A m\u00e1quina embaladora de gr\u00e2nulos de balde de corrente consiste principalmente nessas pe\u00e7as, uma tela de toque PLC, recipiente de material, eixo de filme, formador de saco, rodas, bot\u00e3o de parada de emerg\u00eancia, bot\u00e3o de controle de velocidade, etc. tecnologia avan\u00e7ada e materiais dur\u00e1veis \u200b\u200bpara garantir o bom desempenho de nossas m\u00e1quinas. Al\u00e9m disso, um sistema de controle PLC inteligente facilita a opera\u00e7\u00e3o. <\/p>    <figure class=\"wp-block-image size-full\"><img loading=\"lazy\" decoding=\"async\" width=\"720\" height=\"540\" src=\"https:\/\/taizypackaging.com\/wp-content\/uploads\/2021\/08\/chain-granule-packing-machine-structure.jpg\" alt=\"estrutura da m\u00e1quina de embalagem de gr\u00e2nulos de corrente\" class=\"wp-image-3979\" srcset=\"https:\/\/taizypackaging.com\/wp-content\/uploads\/2021\/08\/chain-granule-packing-machine-structure.jpg 720w, https:\/\/taizypackaging.com\/wp-content\/uploads\/2021\/08\/chain-granule-packing-machine-structure-300x225.jpg 300w\" sizes=\"auto, (max-width: 720px) 100vw, 720px\" \/><figcaption class=\"wp-element-caption\">estrutura da m\u00e1quina de embalagem de gr\u00e2nulos de corrente<\/figcaption><\/figure>    <h2 class=\"wp-block-heading\" id=\"h-details-of-the-chain-granule-packaging-machine\">Detalhes da m\u00e1quina de embalagem de gr\u00e2nulos de corrente<\/h2>    <div class=\"wp-block-columns is-layout-flex wp-container-core-columns-is-layout-9d6595d7 wp-block-columns-is-layout-flex\"> <div class=\"wp-block-column is-layout-flow wp-block-column-is-layout-flow\"> <figure class=\"wp-block-image size-full\"><img decoding=\"async\" src=\"https:\/\/taizypackaging.com\/wp-content\/uploads\/2021\/08\/PLC-touch-screen.jpg\" alt=\"Tela sens\u00edvel ao toque do CLP\" class=\"wp-image-3982\"\/><figcaption class=\"wp-element-caption\">Tela sens\u00edvel ao toque do CLP<\/figcaption><\/figure> <\/div>    <div class=\"wp-block-column is-layout-flow wp-block-column-is-layout-flow\"> <figure class=\"wp-block-image size-full\"><img decoding=\"async\" src=\"https:\/\/taizypackaging.com\/wp-content\/uploads\/2021\/08\/3_02.jpg\" alt=\"rolo de filme\" class=\"wp-image-2746\"\/><figcaption class=\"wp-element-caption\">rolo de filme<\/figcaption><\/figure> <\/div> <\/div>    <div class=\"wp-block-columns is-layout-flex wp-container-core-columns-is-layout-9d6595d7 wp-block-columns-is-layout-flex\"> <div class=\"wp-block-column is-layout-flow wp-block-column-is-layout-flow\"> <figure class=\"wp-block-image size-full\"><img decoding=\"async\" src=\"https:\/\/taizypackaging.com\/wp-content\/uploads\/2021\/08\/3_03.jpg\" alt=\"balde de corrente\" class=\"wp-image-2747\"\/><figcaption class=\"wp-element-caption\">balde de corrente<\/figcaption><\/figure> <\/div>    <div class=\"wp-block-column is-layout-flow wp-block-column-is-layout-flow\"> <figure class=\"wp-block-image size-full\"><img decoding=\"async\" src=\"https:\/\/taizypackaging.com\/wp-content\/uploads\/2021\/08\/3_04.jpg\" alt=\"formador de bolsa\" class=\"wp-image-2748\"\/><figcaption class=\"wp-element-caption\">formador de bolsa<\/figcaption><\/figure> <\/div> <\/div>    <h2 class=\"wp-block-heading\" id=\"h-the-advantages-of-the-chain-bucket-packing-machine\">Vantagens da m\u00e1quina embaladora com balde de corrente<\/h2>    <ul class=\"wp-block-list\"> <li>A m\u00e1quina adota um sistema de controle PLC avan\u00e7ado, o programa \u00e9 est\u00e1vel, equipado com uma tela de toque inteligente eletr\u00f4nica, suporta at\u00e9 seis idiomas, pode ser personalizado de acordo com o idioma do cliente, f\u00e1cil de operar.<\/li>    <li>Controle de microcomputador, sistema de corre\u00e7\u00e3o de rastreamento fotoel\u00e9trico, equipado com motor de passo de alta precis\u00e3o, alta precis\u00e3o na fabrica\u00e7\u00e3o de sacos, um pequeno erro.<\/li>    <li>A m\u00e1quina como um todo \u00e9 feita de a\u00e7o inoxid\u00e1vel e liga, em contato com a parte material de a\u00e7o inoxid\u00e1vel 304, n\u00e3o enferruja facilmente, \u00e9 forte e dur\u00e1vel.<\/li>    <li>A m\u00e1quina pode ser usada sozinha ou em combina\u00e7\u00e3o com outras m\u00e1quinas. Por exemplo, embalagens de saquinhos de ch\u00e1 e outros tipos de mat\u00e9rias-primas mistas podem ser equipadas com dispensadores de mesa para obter produ\u00e7\u00e3o autom\u00e1tica n\u00e3o tripulada.<\/li>    <li>Um sistema inteligente de controle de temperatura garante a qualidade dos materiais de embalagem, baixo ru\u00eddo de trabalho, padr\u00f5es de corte claros e forte capacidade de veda\u00e7\u00e3o.<\/li> <\/ul>    <figure class=\"wp-block-image size-full\"><img loading=\"lazy\" decoding=\"async\" width=\"720\" height=\"540\" src=\"https:\/\/taizypackaging.com\/wp-content\/uploads\/2021\/08\/bucket-chain-conveyor-packing-machine.jpg\" alt=\"m\u00e1quina de embalagem de transportador de corrente de balde\" class=\"wp-image-3995\" srcset=\"https:\/\/taizypackaging.com\/wp-content\/uploads\/2021\/08\/bucket-chain-conveyor-packing-machine.jpg 720w, https:\/\/taizypackaging.com\/wp-content\/uploads\/2021\/08\/bucket-chain-conveyor-packing-machine-300x225.jpg 300w\" sizes=\"auto, (max-width: 720px) 100vw, 720px\" \/><figcaption class=\"wp-element-caption\">m\u00e1quina de embalagem de transportador de corrente de balde<\/figcaption><\/figure>    <h2 class=\"wp-block-heading\" id=\"h-optional-type\">Tipo opcional de m\u00e1quina de embalagem de bolsa tipo balde<\/h2>    <p>Para a embaladora com balde de corrente, o estilo da correia transportadora de alimenta\u00e7\u00e3o \u00e9 personaliz\u00e1vel, dependendo do peso do objeto a ser embalado pelo cliente. O tipo horizontal \u00e9 usado principalmente para embalar itens mais leves, como bolinhos congelados, frutas secas e outros alimentos. O tipo de empurrar inclinado \u00e9 usado para itens de maior qualidade, como acess\u00f3rios de hardware, etc., para economizar m\u00e3o de obra e melhorar a efici\u00eancia da produ\u00e7\u00e3o.<\/p>    <figure class=\"wp-block-image size-full\"><img loading=\"lazy\" decoding=\"async\" width=\"750\" height=\"638\" src=\"https:\/\/taizypackaging.com\/wp-content\/uploads\/2021\/08\/\u94fe\u6597\u5305\u88c5\u673a\u8be6\u60c5_05.jpg\" alt=\"tipo horizontal de m\u00e1quina de embalagem de balde de corrente\" class=\"wp-image-2750\" srcset=\"https:\/\/taizypackaging.com\/wp-content\/uploads\/2021\/08\/\u94fe\u6597\u5305\u88c5\u673a\u8be6\u60c5_05.jpg 750w, https:\/\/taizypackaging.com\/wp-content\/uploads\/2021\/08\/\u94fe\u6597\u5305\u88c5\u673a\u8be6\u60c5_05-300x255.jpg 300w\" sizes=\"auto, (max-width: 750px) 100vw, 750px\" \/><figcaption class=\"wp-element-caption\">tipo horizontal de m\u00e1quina de embalagem de balde de corrente<\/figcaption><\/figure>    <figure class=\"wp-block-image size-full\"><img loading=\"lazy\" decoding=\"async\" width=\"750\" height=\"640\" src=\"https:\/\/taizypackaging.com\/wp-content\/uploads\/2021\/08\/\u94fe\u6597\u5305\u88c5\u673a\u8be6\u60c5_06.jpg\" alt=\"\" class=\"wp-image-2751\" srcset=\"https:\/\/taizypackaging.com\/wp-content\/uploads\/2021\/08\/\u94fe\u6597\u5305\u88c5\u673a\u8be6\u60c5_06.jpg 750w, https:\/\/taizypackaging.com\/wp-content\/uploads\/2021\/08\/\u94fe\u6597\u5305\u88c5\u673a\u8be6\u60c5_06-300x256.jpg 300w\" sizes=\"auto, (max-width: 750px) 100vw, 750px\" \/><figcaption class=\"wp-element-caption\">Tipo de m\u00e1quina de embalagem de balde de corrente com impulso inclinado<\/figcaption><\/figure>","protected":false},"excerpt":{"rendered":"<p>Chain bucket packing machine is a semi-automatic granule packing equipment. It can complete the process of filling, bag making, sealing, cutting, and counting. Just the manual feeding of material is required. A bucket chain-type packing machine is suitable for packaging various particles, such as snacks, nuts, beans, biscuits, grains, cereal, chips, soap, nails, fish, frozen [&hellip;]<\/p>\n","protected":false},"author":1,"featured_media":2752,"parent":0,"template":"","tags":[605,198],"product-type":[659],"class_list":["post-2740","product","type-product","status-publish","has-post-thumbnail","hentry","tag-chain-bucket-packing-machine","tag-granule-packing-machine","product-type-granule-packing-machines"],"_links":{"self":[{"href":"https:\/\/taizypackaging.com\/pt\/wp-json\/wp\/v2\/product\/2740","targetHints":{"allow":["GET"]}}],"collection":[{"href":"https:\/\/taizypackaging.com\/pt\/wp-json\/wp\/v2\/product"}],"about":[{"href":"https:\/\/taizypackaging.com\/pt\/wp-json\/wp\/v2\/types\/product"}],"author":[{"embeddable":true,"href":"https:\/\/taizypackaging.com\/pt\/wp-json\/wp\/v2\/users\/1"}],"wp:featuredmedia":[{"embeddable":true,"href":"https:\/\/taizypackaging.com\/pt\/wp-json\/wp\/v2\/media\/2752"}],"wp:attachment":[{"href":"https:\/\/taizypackaging.com\/pt\/wp-json\/wp\/v2\/media?parent=2740"}],"wp:term":[{"taxonomy":"post_tag","embeddable":true,"href":"https:\/\/taizypackaging.com\/pt\/wp-json\/wp\/v2\/tags?post=2740"},{"taxonomy":"product-type","embeddable":true,"href":"https:\/\/taizypackaging.com\/pt\/wp-json\/wp\/v2\/product-type?post=2740"}],"curies":[{"name":"wp","href":"https:\/\/api.w.org\/{rel}","templated":true}]}}