{"id":2756,"date":"2021-08-25T10:21:49","date_gmt":"2021-08-25T10:21:49","guid":{"rendered":"https:\/\/taizypackaging.com\/?p=2756"},"modified":"2024-07-16T17:50:16","modified_gmt":"2024-07-16T09:50:16","slug":"yogurt-cup-filling-and-sealing-machine","status":"publish","type":"product","link":"https:\/\/taizypackaging.com\/pt\/yogurt-cup-filling-and-sealing-machine\/","title":{"rendered":"M\u00e1quina para encher e selar copos de iogurte"},"content":{"rendered":"<div class=\"kk-star-ratings kksr-auto kksr-align-left kksr-valign-top\"     data-payload='{&quot;align&quot;:&quot;left&quot;,&quot;id&quot;:&quot;2756&quot;,&quot;slug&quot;:&quot;default&quot;,&quot;valign&quot;:&quot;top&quot;,&quot;ignore&quot;:&quot;&quot;,&quot;reference&quot;:&quot;auto&quot;,&quot;class&quot;:&quot;&quot;,&quot;count&quot;:&quot;12&quot;,&quot;legendonly&quot;:&quot;&quot;,&quot;readonly&quot;:&quot;&quot;,&quot;score&quot;:&quot;4.6&quot;,&quot;starsonly&quot;:&quot;&quot;,&quot;best&quot;:&quot;5&quot;,&quot;gap&quot;:&quot;5&quot;,&quot;greet&quot;:&quot;Rate this product&quot;,&quot;legend&quot;:&quot;4.6\\\/5 - (12 votes)&quot;,&quot;size&quot;:&quot;24&quot;,&quot;title&quot;:&quot;Yogurt Cup Filling and Sealing Machine&quot;,&quot;width&quot;:&quot;130.9&quot;,&quot;_legend&quot;:&quot;{score}\\\/{best} - ({count} {votes})&quot;,&quot;font_factor&quot;:&quot;1.25&quot;}'>              <div class=\"kksr-stars\">      <div class=\"kksr-stars-inactive\">             <div class=\"kksr-star\" data-star=\"1\" style=\"padding-right: 5px\">               <div class=\"kksr-icon\" style=\"width: 24px; height: 24px;\"><\/div>         <\/div>             <div class=\"kksr-star\" data-star=\"2\" style=\"padding-right: 5px\">               <div class=\"kksr-icon\" style=\"width: 24px; height: 24px;\"><\/div>         <\/div>             <div class=\"kksr-star\" data-star=\"3\" style=\"padding-right: 5px\">               <div class=\"kksr-icon\" style=\"width: 24px; height: 24px;\"><\/div>         <\/div>             <div class=\"kksr-star\" data-star=\"4\" style=\"padding-right: 5px\">               <div class=\"kksr-icon\" style=\"width: 24px; height: 24px;\"><\/div>         <\/div>             <div class=\"kksr-star\" data-star=\"5\" style=\"padding-right: 5px\">               <div class=\"kksr-icon\" style=\"width: 24px; height: 24px;\"><\/div>         <\/div>     <\/div>      <div class=\"kksr-stars-active\" style=\"width: 130.9px;\">             <div class=\"kksr-star\" style=\"padding-right: 5px\">               <div class=\"kksr-icon\" style=\"width: 24px; height: 24px;\"><\/div>         <\/div>             <div class=\"kksr-star\" style=\"padding-right: 5px\">               <div class=\"kksr-icon\" style=\"width: 24px; height: 24px;\"><\/div>         <\/div>             <div class=\"kksr-star\" style=\"padding-right: 5px\">               <div class=\"kksr-icon\" style=\"width: 24px; height: 24px;\"><\/div>         <\/div>             <div class=\"kksr-star\" style=\"padding-right: 5px\">               <div class=\"kksr-icon\" style=\"width: 24px; height: 24px;\"><\/div>         <\/div>             <div class=\"kksr-star\" style=\"padding-right: 5px\">               <div class=\"kksr-icon\" style=\"width: 24px; height: 24px;\"><\/div>         <\/div>     <\/div> <\/div>                   <div class=\"kksr-legend\" style=\"font-size: 19.2px;\">             4,6\/5 - (12 votos)    <\/div>     <\/div>  <p class=\"translation-block\"><strong>A m\u00e1quina<\/strong> de enchimento e selagem de copos de iogurte aqui \u00e9 usada para embalagem autom\u00e1tica de copos de iogurte. Na verdade, esta m\u00e1quina n\u00e3o \u00e9 apenas adequada para enchimento e selagem de iogurte, mas tamb\u00e9m para muitos outros itens como leite, caf\u00e9, suco, sorvete, gel\u00e9ia e outras bebidas. \u00c9 ideal para pequenos e m\u00e9dios projetos. Esta m\u00e1quina autom\u00e1tica de enchimento e selagem de copos pode completar o processo de movimenta\u00e7\u00e3o, enchimento, selagem e finaliza\u00e7\u00e3o dos produtos. Com o design rotativo e tecnologia avan\u00e7ada, a m\u00e1quina de enchimento e selagem de copos para iogurte tem bom desempenho e alta efici\u00eancia. Al\u00e9m disso, a Taizy Packaging Machinery oferece fortes servi\u00e7os de OEM para atender \u00e0s suas necessidades espec\u00edficas. Deixe nossa mensagem e n\u00f3s retornaremos em breve. <\/p>    <h2 class=\"wp-block-heading\">V\u00eddeo de funcionamento da m\u00e1quina de enchimento de copo de iogurte<\/h2>   <figure class=\"wp-block-embed-youtube wp-block-embed is-type-video is-provider-youtube wp-embed-aspect-16-9 wp-has-aspect-ratio\"><div class=\"lyte-wrapper fourthree\" title=\"M\u00e1quina de enchimento e selagem de copos para tipo rotativo autom\u00e1tico de iogurte fabricado na China\" style=\"width:960px;max-width:100%;margin:5px auto;\"><div class=\"lyMe hidef\" id=\"WYL_-WLq0PyuVQA\" itemprop=\"video\" itemscope itemtype=\"https:\/\/schema.org\/VideoObject\"><div><meta itemprop=\"thumbnailUrl\" content=\"https:\/\/taizypackaging.com\/wp-content\/plugins\/wp-youtube-lyte\/lyteCache.php?origThumbUrl=https%3A%2F%2Fi.ytimg.com%2Fvi%2F-WLq0PyuVQA%2Fmaxresdefault.jpg\" \/><meta itemprop=\"embedURL\" content=\"https:\/\/www.youtube.com\/embed\/-WLq0PyuVQA\" \/><meta itemprop=\"duration\" content=\"PT3M13S\" \/><meta itemprop=\"uploadDate\" content=\"2022-02-24T06:53:35Z\" \/><\/div><div id=\"lyte_-WLq0PyuVQA\" data-src=\"https:\/\/taizypackaging.com\/wp-content\/plugins\/wp-youtube-lyte\/lyteCache.php?origThumbUrl=https%3A%2F%2Fi.ytimg.com%2Fvi%2F-WLq0PyuVQA%2Fmaxresdefault.jpg\" class=\"pL\"><div class=\"tC\"><div class=\"tT\" itemprop=\"name\">M\u00e1quina de enchimento e selagem de copos para tipo rotativo autom\u00e1tico de iogurte fabricado na China<\/div><\/div><div class=\"play\"><\/div><div class=\"ctrl\"><div class=\"Lctrl\"><\/div><div class=\"Rctrl\"><\/div><\/div><\/div><noscript><a href=\"https:\/\/youtu.be\/-WLq0PyuVQA\" rel=\"nofollow noopener\" target=\"_blank\"><img loading=\"lazy\" decoding=\"async\" src=\"https:\/\/taizypackaging.com\/wp-content\/plugins\/wp-youtube-lyte\/lyteCache.php?origThumbUrl=https%3A%2F%2Fi.ytimg.com%2Fvi%2F-WLq0PyuVQA%2F0.jpg\" alt=\"M\u00e1quina de enchimento e selagem de copos para tipo rotativo autom\u00e1tico de iogurte fabricado na China\" width=\"960\" height=\"700\" \/><br \/>Assista a este v\u00eddeo no YouTube<\/a><\/noscript><meta itemprop=\"description\" content=\"#yogurtcupfilling #cupfillingmachine #fillingmachine EMAIL: info@taizypackaging.com TEL\/WHATSAPP: +86 18837171591 USEFUL LINK: https:\/\/taizypackaging.com\/yogurt-cup-filling-and-sealing-machine\/ This cup filling and sealing machine is designed for packing yogurt, water, fruit jams, coffee, dahi, etc. Yogurt filling and sealing machine is a packaging machine designed for beverage cup sealing. It can complete the process of automatic cup dropping, automatic filling, automatic film sealing, and automatic cup discharging. Easy to operate, stable performance, easy to maintain. It can be used as a stand-alone machine or connected to the production line. Automatic rotary filling and sealing machines for Packaging Solutions offer a competitive filling and sealing solution for liquid,semi-liquid and pasty food products. For example, oil, yogurt, fresh milk, milk tea, cosmetics, hair care products, fruit drinks, carbonated drinks, etc. Advantages of automatic rotary filling and sealing machine 1. The automatic rotary filling and sealing machine is fully functional and the smallest fully automatic machine with small space occupation. 2. The whole machine is made of stainless steel and aluminum alloy, sturdy and smooth, not easy to rust. 3. Advanced plc control system with display, support multiple languages. It is easy to understand the operation. 4. The electric eye automatically tracks and corrects the sealing position for precise film printing alignment. 5. The machine will stop automatically when it detects no cups to be filled and will start automatically when the cups are refilled. You may also interested in these videos: Automatic paste\/liquid filling machine: https:\/\/www.youtube.com\/watch?v=EwhasMp_vJI&amp;t=59s Automatic capping machine: https:\/\/www.youtube.com\/watch?v=w6hJUqlY1gk EMAIL: info@taizypackaging.com TEL\/WHATSAPP: +86 18837171591 USEFUL LINK: https:\/\/taizypackaging.com\/yogurt-cup-filling-and-sealing-machine\/\"><\/div><\/div><div class=\"lL\" style=\"max-width:100%;width:960px;margin:5px auto;\"><\/div><figcaption><\/figcaption><\/figure>   <h2 class=\"wp-block-heading\" id=\"h-the-brief-introduction-of-yogurt-cup-filling-and-sealing-machine\">O que \u00e9 uma m\u00e1quina para encher e selar copos de iogurte? <\/h2>    <p>A m\u00e1quina de enchimento e selagem de iogurte \u00e9 projetada para embalagens de copos de iogurte. Al\u00e9m disso, \u00e9 adequado para diversos setores, incluindo bebidas, alimentos e maquiagem. O iogurte tem uma grande procura em todo o mundo. Portanto, a m\u00e1quina de embalagem de iogurte \u00e9 muito procurada e popular. Ele pode completar o processo de queda autom\u00e1tica do copo, enchimento, selagem do filme e descarga do copo. F\u00e1cil opera\u00e7\u00e3o e manuten\u00e7\u00e3o, bom desempenho. a m\u00e1quina de enchimento e selagem de iogurte pode melhorar muito sua efici\u00eancia e beneficiar seu projeto. Se voc\u00ea possui seu pr\u00f3prio neg\u00f3cio de iogurte ou outra bebida, ou \u00e9 um comerciante de m\u00e1quinas de embalagem, a m\u00e1quina para encher e selar copos de iogurte \u00e9 uma \u00f3tima escolha para voc\u00ea. <\/p>    <figure class=\"wp-block-image size-full\"><img decoding=\"async\" src=\"https:\/\/taizypackaging.com\/wp-content\/uploads\/2021\/08\/yougurt-cup-filling-and-sealing-machine.jpg\" alt=\"m\u00e1quina de enchimento e selagem de copo de iogurte\" class=\"wp-image-4009\"\/><figcaption class=\"wp-element-caption\">m\u00e1quina de enchimento e selagem de copos de iogurte<\/figcaption><\/figure>    <h2 class=\"wp-block-heading\" id=\"h-applications-of-yogurt-cup-filling-mad-sealing-machine\">Aplica\u00e7\u00f5es de m\u00e1quina seladora louca para enchimento de copo de iogurte<\/h2>    <p>Esta m\u00e1quina para encher e selar copos n\u00e3o \u00e9 adequada apenas para iogurte, mas tamb\u00e9m para muitos produtos, como \u00f3leo, iogurte, leite fresco, ch\u00e1 com leite, cosm\u00e9ticos, produtos para os cabelos, bebidas de frutas, bebidas carbonatadas, sorvete, gel\u00e9ia, lassi, coalhada , \u00e1gua pura, \u00e1gua mineral, caf\u00e9, suco, molho, gel\u00e9ia, etc. A m\u00e1quina rotativa autom\u00e1tica para encher e selar copos tem uma ampla gama de aplica\u00e7\u00f5es. Pode ser uma \u00f3tima ferramenta para o seu projeto. <\/p>    <figure class=\"wp-block-image size-full\"><img decoding=\"async\" src=\"https:\/\/taizypackaging.com\/wp-content\/uploads\/2021\/08\/cup-filling-sealing-machine-applications.jpg\" alt=\"aplica\u00e7\u00f5es de m\u00e1quinas seladoras de enchimento de copos\" class=\"wp-image-4000\"\/><figcaption class=\"wp-element-caption\">aplica\u00e7\u00f5es de m\u00e1quinas seladoras de enchimento de copos<\/figcaption><\/figure>    <h2 class=\"wp-block-heading\" id=\"h-technical-parameters-of-kis-1800\">Par\u00e2metros da m\u00e1quina de enchimento e selagem de iogurte <\/h2>    <figure class=\"wp-block-table is-style-stripes\"><table><tbody><tr><td>Poder<\/td><td>220V\/1200W<\/td><\/tr><tr><td>Velocidade<\/td><td>800~900 garrafas\/h(1600~1800 garrafas\/h)<\/td><\/tr><tr><td>Press\u00e3o<\/td><td>0,5 MPa-0,75 MPa<\/td><\/tr><tr><td>Consumo m\u00e1ximo de ar<\/td><td>0,45m\u00b3\/m<\/td><\/tr><tr><td>Peso<\/td><td>350kg<\/td><\/tr><tr><td>Tamanho da m\u00e1quina<\/td><td>100*<em>80<\/em>*120 cent\u00edmetros<\/td><\/tr><\/tbody><\/table><\/figure>    <p>Nota: Os par\u00e2metros podem ser personalizados de acordo com suas necessidades espec\u00edficas. <\/p>    <h2 class=\"wp-block-heading\" id=\"h-the-design-features-of-automatic-rotary-filling-and-sealing-machine\">Vantagens da m\u00e1quina rotativa autom\u00e1tica de enchimento e selagem de copos Taizy<\/h2>    <ul class=\"wp-block-list\"> <li>A m\u00e1quina rotativa autom\u00e1tica de enchimento e selagem \u00e9 totalmente funcional e \u00e9 a menor m\u00e1quina totalmente autom\u00e1tica com pequena ocupa\u00e7\u00e3o de espa\u00e7o.<\/li>    <li>Toda a m\u00e1quina \u00e9 feita de a\u00e7o inoxid\u00e1vel e liga de alum\u00ednio, resistente e lisa, n\u00e3o enferruja facilmente.<\/li>    <li>Sistema avan\u00e7ado de controle PLC com display, suporta v\u00e1rios idiomas. \u00c9 f\u00e1cil entender o funcionamento.<\/li>    <li>O olho el\u00e9trico rastreia e corrige automaticamente a posi\u00e7\u00e3o de veda\u00e7\u00e3o para um alinhamento preciso da impress\u00e3o do filme.<\/li>    <li>Quantidade de enchimento precisa, alimenta\u00e7\u00e3o autom\u00e1tica por controle de n\u00edvel de l\u00edquido do tambor de armazenamento, limpeza autom\u00e1tica do tambor e enchimento da tubula\u00e7\u00e3o por CIP. Todas as tubula\u00e7\u00f5es atendem aos regulamentos sanit\u00e1rios de qualidade alimentar.<\/li>    <li>A m\u00e1quina ir\u00e1 parar automaticamente quando n\u00e3o detectar nenhum copo a ser enchido e iniciar\u00e1 automaticamente quando os copos forem recarregados.<\/li> <\/ul>    <h2 class=\"wp-block-heading\">Estrutura da m\u00e1quina seladora de enchimento de copo de iogurte<\/h2>    <p>A m\u00e1quina seladora para enchimento de copos de iogurte \u00e9 composta por um sistema de veda\u00e7\u00e3o, sistema de enchimento, sistema de controle PLC, sistema autom\u00e1tico de queda de copos, sistema de libera\u00e7\u00e3o de filme, sistema de descarga de copos, etc. m\u00e1quina de selagem dispon\u00edvel. Uma grande tela sens\u00edvel ao toque facilita a opera\u00e7\u00e3o e a defini\u00e7\u00e3o de par\u00e2metros. Al\u00e9m disso, o material de a\u00e7o inoxid\u00e1vel dur\u00e1vel e a tecnologia avan\u00e7ada tornam a m\u00e1quina seladora de enchimento de copos com bom desempenho e longa vida \u00fatil. <\/p>    <figure class=\"wp-block-image size-full\"><img decoding=\"async\" src=\"https:\/\/taizypackaging.com\/wp-content\/uploads\/2021\/08\/yogurt-packing-machine-structure.jpg\" alt=\"estrutura da m\u00e1quina de embalagem de iogurte\" class=\"wp-image-4018\"\/><figcaption class=\"wp-element-caption\">estrutura da m\u00e1quina de embalagem de iogurte<\/figcaption><\/figure>    <h2 class=\"wp-block-heading\" id=\"h-about-us\">Fabricante de m\u00e1quina autom\u00e1tica de enchimento e selagem de copos - Taizy Packaging<\/h2>    <p>A m\u00e1quina rotativa de enchimento e selagem de copos \u00e9 uma linha de embalagem de iogurte totalmente autom\u00e1tica que integra alimenta\u00e7\u00e3o, enchimento, selagem e descarga de copos. Esta m\u00e1quina \u00e9 composta por corpo em a\u00e7o inoxid\u00e1vel, que atende aos requisitos sanit\u00e1rios e \u00e9 f\u00e1cil de limpar e lavar. Al\u00e9m disso, \u00e9 adequado para vedar copos de cremes e outros produtos, e para vedar copos pl\u00e1sticos, copos de papel, copos de alum\u00ednio e outros copos e caixas.<\/p>    <p class=\"translation-block\"> Como um poderoso fabricante e fornecedor de m\u00e1quinas de embalagem, nossa s\u00e9rie de produtos tem mais de dez anos de experi\u00eancia em produ\u00e7\u00e3o. Com a tecnologia avan\u00e7ada, toda a m\u00e1quina adota o sistema de controle e componentes pneum\u00e1ticos do Jap\u00e3o, Taiwan e muitas marcas famosas, que possuem caracter\u00edsticas de baixa taxa de falhas, desempenho est\u00e1vel e longa vida \u00fatil. Al\u00e9m disso, fornecemos <a href=\"https:\/\/taizypackaging.com\/pt\/category\/machines-category\/granule-packing-machine\/\" target=\"_blank\" rel=\"noreferrer noopener\">m\u00e1quinas de embalagem de gr\u00e2nulos<\/a>, m\u00e1quinas de embalagem de p\u00f3, <a href=\"https:\/\/taizypackaging.com\/pt\/category\/machines-category\/tea\/\" target=\"_blank\" rel=\"noreferrer noopener\">m\u00e1quinas de embalagem de ch\u00e1<\/a>, etc. Bem-vindo para entrar em contato conosco para um or\u00e7amento gratuito. <\/p>","protected":false},"excerpt":{"rendered":"<p>A m\u00e1quina para encher e selar copos de iogurte \u00e9 usada para embalagem autom\u00e1tica de copos de iogurte. Na verdade, esta m\u00e1quina n\u00e3o \u00e9 adequada apenas para encher e selar iogurte, mas tamb\u00e9m para muitos outros itens como leite, caf\u00e9, suco, sorvete, gel\u00e9ia e outras bebidas.<\/p>","protected":false},"author":1,"featured_media":4881,"parent":0,"template":"","tags":[607,606],"product-type":[662],"class_list":["post-2756","product","type-product","status-publish","has-post-thumbnail","hentry","tag-cup-filling-and-sealing-machine","tag-yogurt-cup-filling-and-sealing-machine","product-type-paste-packing-machines"],"_links":{"self":[{"href":"https:\/\/taizypackaging.com\/pt\/wp-json\/wp\/v2\/product\/2756","targetHints":{"allow":["GET"]}}],"collection":[{"href":"https:\/\/taizypackaging.com\/pt\/wp-json\/wp\/v2\/product"}],"about":[{"href":"https:\/\/taizypackaging.com\/pt\/wp-json\/wp\/v2\/types\/product"}],"author":[{"embeddable":true,"href":"https:\/\/taizypackaging.com\/pt\/wp-json\/wp\/v2\/users\/1"}],"wp:featuredmedia":[{"embeddable":true,"href":"https:\/\/taizypackaging.com\/pt\/wp-json\/wp\/v2\/media\/4881"}],"wp:attachment":[{"href":"https:\/\/taizypackaging.com\/pt\/wp-json\/wp\/v2\/media?parent=2756"}],"wp:term":[{"taxonomy":"post_tag","embeddable":true,"href":"https:\/\/taizypackaging.com\/pt\/wp-json\/wp\/v2\/tags?post=2756"},{"taxonomy":"product-type","embeddable":true,"href":"https:\/\/taizypackaging.com\/pt\/wp-json\/wp\/v2\/product-type?post=2756"}],"curies":[{"name":"wp","href":"https:\/\/api.w.org\/{rel}","templated":true}]}}