{"id":293,"date":"2020-08-27T07:59:15","date_gmt":"2020-08-27T07:59:15","guid":{"rendered":"https:\/\/taizypackaging.com\/?p=293"},"modified":"2024-07-16T16:44:43","modified_gmt":"2024-07-16T08:44:43","slug":"lapel-combination-packaging-machine","status":"publish","type":"product","link":"https:\/\/taizypackaging.com\/pt\/lapel-combination-packaging-machine\/","title":{"rendered":"M\u00e1quina de embalagem de balan\u00e7a Multihead"},"content":{"rendered":"<div class=\"kk-star-ratings kksr-auto kksr-align-left kksr-valign-top\"     data-payload='{&quot;align&quot;:&quot;left&quot;,&quot;id&quot;:&quot;293&quot;,&quot;slug&quot;:&quot;default&quot;,&quot;valign&quot;:&quot;top&quot;,&quot;ignore&quot;:&quot;&quot;,&quot;reference&quot;:&quot;auto&quot;,&quot;class&quot;:&quot;&quot;,&quot;count&quot;:&quot;10&quot;,&quot;legendonly&quot;:&quot;&quot;,&quot;readonly&quot;:&quot;&quot;,&quot;score&quot;:&quot;4.8&quot;,&quot;starsonly&quot;:&quot;&quot;,&quot;best&quot;:&quot;5&quot;,&quot;gap&quot;:&quot;5&quot;,&quot;greet&quot;:&quot;Rate this product&quot;,&quot;legend&quot;:&quot;4.8\\\/5 - (10 votes)&quot;,&quot;size&quot;:&quot;24&quot;,&quot;title&quot;:&quot;Multihead Weigher Packing Machine&quot;,&quot;width&quot;:&quot;136.7&quot;,&quot;_legend&quot;:&quot;{score}\\\/{best} - ({count} {votes})&quot;,&quot;font_factor&quot;:&quot;1.25&quot;}'>              <div class=\"kksr-stars\">      <div class=\"kksr-stars-inactive\">             <div class=\"kksr-star\" data-star=\"1\" style=\"padding-right: 5px\">               <div class=\"kksr-icon\" style=\"width: 24px; height: 24px;\"><\/div>         <\/div>             <div class=\"kksr-star\" data-star=\"2\" style=\"padding-right: 5px\">               <div class=\"kksr-icon\" style=\"width: 24px; height: 24px;\"><\/div>         <\/div>             <div class=\"kksr-star\" data-star=\"3\" style=\"padding-right: 5px\">               <div class=\"kksr-icon\" style=\"width: 24px; height: 24px;\"><\/div>         <\/div>             <div class=\"kksr-star\" data-star=\"4\" style=\"padding-right: 5px\">               <div class=\"kksr-icon\" style=\"width: 24px; height: 24px;\"><\/div>         <\/div>             <div class=\"kksr-star\" data-star=\"5\" style=\"padding-right: 5px\">               <div class=\"kksr-icon\" style=\"width: 24px; height: 24px;\"><\/div>         <\/div>     <\/div>      <div class=\"kksr-stars-active\" style=\"width: 136.7px;\">             <div class=\"kksr-star\" style=\"padding-right: 5px\">               <div class=\"kksr-icon\" style=\"width: 24px; height: 24px;\"><\/div>         <\/div>             <div class=\"kksr-star\" style=\"padding-right: 5px\">               <div class=\"kksr-icon\" style=\"width: 24px; height: 24px;\"><\/div>         <\/div>             <div class=\"kksr-star\" style=\"padding-right: 5px\">               <div class=\"kksr-icon\" style=\"width: 24px; height: 24px;\"><\/div>         <\/div>             <div class=\"kksr-star\" style=\"padding-right: 5px\">               <div class=\"kksr-icon\" style=\"width: 24px; height: 24px;\"><\/div>         <\/div>             <div class=\"kksr-star\" style=\"padding-right: 5px\">               <div class=\"kksr-icon\" style=\"width: 24px; height: 24px;\"><\/div>         <\/div>     <\/div> <\/div>                   <div class=\"kksr-legend\" style=\"font-size: 19.2px;\">             4,8\/5 - (10 votos)    <\/div>     <\/div>  <p class=\"translation-block\"><strong>A m\u00e1quina de embalagem com balan\u00e7a multihead<\/strong> \u00e9 uma solu\u00e7\u00e3o de embalagem super eficiente. Pode ser aplicada tanto a materiais aliment\u00edcios quanto n\u00e3o aliment\u00edcios, como batatas fritas, pipoca, nozes, gr\u00e3os, a\u00e7\u00facar, caf\u00e9, sal, chocolate, hardware, pl\u00e1stico, etc. Com um alto grau de automa\u00e7\u00e3o e f\u00e1cil opera\u00e7\u00e3o, uma m\u00e1quina de embalagem de saco com balan\u00e7a multihead pode aumentar significativamente sua produtividade e beneficiar seu projeto. Al\u00e9m disso, adotamos dispositivos de seguran\u00e7a de emerg\u00eancia para garantir uma opera\u00e7\u00e3o segura. Todas as nossas m\u00e1quinas s\u00e3o feitas de material de a\u00e7o inoxid\u00e1vel, dur\u00e1veis e confi\u00e1veis. Se voc\u00ea possui uma f\u00e1brica de alimentos, uma m\u00e1quina de balan\u00e7a multihead \u00e9 definitivamente uma boa escolha. Entre em contato conosco hoje para mais informa\u00e7\u00f5es.  <\/p>    <h2 class=\"wp-block-heading\" id=\"h-the-working-video-of-the-large-combination-weigher-packaging-machine\">O v\u00eddeo de trabalho da grande m\u00e1quina de embalagem com balan\u00e7a combinada<\/h2>   <figure class=\"wp-block-embed-youtube wp-block-embed is-type-video is-provider-youtube wp-embed-aspect-16-9 wp-has-aspect-ratio\"><div class=\"lyte-wrapper fourthree\" title=\"M\u00e1quina embaladora de balan\u00e7a multicabe\u00e7a para chips | M\u00e1quina autom\u00e1tica de embalagem de chips\" style=\"width:960px;max-width:100%;margin:5px auto;\"><div class=\"lyMe hidef\" id=\"WYL_mfQQ28r7qzY\" itemprop=\"video\" itemscope itemtype=\"https:\/\/schema.org\/VideoObject\"><div><meta itemprop=\"thumbnailUrl\" content=\"https:\/\/taizypackaging.com\/wp-content\/plugins\/wp-youtube-lyte\/lyteCache.php?origThumbUrl=https%3A%2F%2Fi.ytimg.com%2Fvi%2FmfQQ28r7qzY%2Fmaxresdefault.jpg\" \/><meta itemprop=\"embedURL\" content=\"https:\/\/www.youtube.com\/embed\/mfQQ28r7qzY\" \/><meta itemprop=\"duration\" content=\"PT50S\" \/><meta itemprop=\"uploadDate\" content=\"2022-01-25T03:01:53Z\" \/><\/div><div id=\"lyte_mfQQ28r7qzY\" data-src=\"https:\/\/taizypackaging.com\/wp-content\/plugins\/wp-youtube-lyte\/lyteCache.php?origThumbUrl=https%3A%2F%2Fi.ytimg.com%2Fvi%2FmfQQ28r7qzY%2Fmaxresdefault.jpg\" class=\"pL\"><div class=\"tC\"><div class=\"tT\" itemprop=\"name\">M\u00e1quina embaladora de balan\u00e7a multicabe\u00e7a para chips | M\u00e1quina autom\u00e1tica de embalagem de chips<\/div><\/div><div class=\"play\"><\/div><div class=\"ctrl\"><div class=\"Lctrl\"><\/div><div class=\"Rctrl\"><\/div><\/div><\/div><noscript><a href=\"https:\/\/youtu.be\/mfQQ28r7qzY\" rel=\"nofollow noopener\" target=\"_blank\"><img loading=\"lazy\" decoding=\"async\" src=\"https:\/\/taizypackaging.com\/wp-content\/plugins\/wp-youtube-lyte\/lyteCache.php?origThumbUrl=https%3A%2F%2Fi.ytimg.com%2Fvi%2FmfQQ28r7qzY%2F0.jpg\" alt=\"M\u00e1quina embaladora de balan\u00e7a multicabe\u00e7a para chips | M\u00e1quina autom\u00e1tica de embalagem de chips\" width=\"960\" height=\"700\" \/><br \/>Assista a este v\u00eddeo no YouTube<\/a><\/noscript><meta itemprop=\"description\" content=\"#chipspacking #multiheadweigher #packingbusiness EMAIL: info@taizypackaging.com TEL\/WHATSAPP: +86 18837171591 WEBSITE:https:\/\/taizypackaging.com\/lapel-combination-packaging-machine\/ This is a kind of multihead weigher packing machine for chips. It has absolutely a high efficiency and good performance. It can be applied to both food and non-food materials like chips, popcorn, nut, grains, sugar, coffee, salt, chocolate, hardware, plastic, etc. With a high degree of automation level and easy operation, a muli-head weigher pouch packing machine can greatly enhance your productivity and benefit your project. Generally, a multi-head weigher packing machine mainly consists of two parts, a feeding system, and a packaging system. They include a Z-type conveyor, multi head weigher, working platform, packaging machine, and output conveyor. You may also like these videos: Automatic small granule packing machine: https:\/\/www.youtube.com\/watch?v=RdSqEhdiWzU Premade bag packing machine: https:\/\/www.youtube.com\/watch?v=Xqb5_CFb_H8&amp;t=3s EMAIL: info@taizypackaging.com TEL\/WHATSAPP: +86 18837171591\"><\/div><\/div><div class=\"lL\" style=\"max-width:100%;width:960px;margin:5px auto;\"><\/div><figcaption><\/figcaption><\/figure>   <h2 class=\"wp-block-heading\" id=\"h-wide-applications-of-multi-head-weigher-packing-machine\">Amplas aplica\u00e7\u00f5es da m\u00e1quina de embalagem com balan\u00e7a de m\u00faltiplas cabe\u00e7as<\/h2>    <p id=\"h-large-combination-weigher-packaging-machine-from-taizy-machinery-company-is-suitable-for-packaging-it-can-be-used-to-package-puffed-food-potato-chips-french-fries-peanuts-melon-seeds-msg-tea-dried-fruits-biscuits-cereals-hardware-plastics-and-other-granular-flake-strip-irregular-shapes-and-other-objects-it-can-be-wrapped-up-to-2-5-kg-so-how-do-you-pack-a-large-item-you-can-choose-this-machine-this-machine-is-the-first-choice-when-you-pack-fragile-items-for-example-potato-chips-french-fries-nigerian-chinchin-and-other-snacks\" class=\"translation-block\"><strong>Uma m\u00e1quina de embalagem com balan\u00e7a de combina\u00e7\u00e3o multihead<\/strong> \u00e9 adequada para embalar v\u00e1rios itens em gr\u00e2nulos. Pode ser usada para embalar alimentos expandidos, batatas fritas, amendoins, gr\u00e3os, lanches, sementes de mel\u00e3o, ch\u00e1, frutas secas, biscoitos, cereais, hardware, pl\u00e1sticos e muitos outros gr\u00e2nulos. Uma m\u00e1quina de embalagem de saco com balan\u00e7a multihead \u00e9 comumente utilizada na ind\u00fastria aliment\u00edcia. Adotando material de grau aliment\u00edcio e tecnologia avan\u00e7ada, \u00e9 segura e confi\u00e1vel. Enquanto isso, fornecemos v\u00e1rios equipamentos de suporte para atender \u00e0s suas necessidades. Por exemplo, existe um dispositivo de preenchimento de nitrog\u00eanio para manter produtos expandidos frescos e f\u00e1ceis de transportar. <\/p>    <figure class=\"wp-block-image alignnone wp-image-825 size-full\"><img decoding=\"async\" src=\"https:\/\/taizypackaging.com\/wp-content\/uploads\/2020\/08\/packing-snacks-2.jpg\" alt=\"embalagem de lanches\" class=\"wp-image-825\"\/><figcaption class=\"wp-element-caption\">aplica\u00e7\u00e3o de embalagens de alimentos<\/figcaption><\/figure>    <h2 class=\"wp-block-heading\" id=\"h-types-of-multihead-weigher-vffs-packing-machine-for-sale\">Tipos de m\u00e1quinas de embalagem VFFS com balan\u00e7a multicabe\u00e7al para venda <\/h2>    <p class=\"translation-block\">A m\u00e1quina de embalagem com balan\u00e7a multihead \u00e9 diferente de muitas outras <a href=\"https:\/\/taizypackaging.com\/pt\/granule-packaging-machine\/\">m\u00e1quinas de embalagem vertical<\/a>. A m\u00e1quina pode ser equipada com diferentes sistemas de alimenta\u00e7\u00e3o. O que geralmente usamos s\u00e3o 4 cabe\u00e7as de pesagem, 10 cabe\u00e7as de pesagem e 14 cabe\u00e7as de pesagem. Diferentes balan\u00e7as multihead t\u00eam benef\u00edcios e aplica\u00e7\u00f5es diferentes. Por exemplo, uma m\u00e1quina de embalagem com 14 cabe\u00e7as de pesagem \u00e9 mais eficiente do que uma m\u00e1quina de embalagem com 4 cabe\u00e7as de pesagem. No entanto, seu custo \u00e9 relativamente maior. Al\u00e9m disso, existem tr\u00eas tipos de sistemas de embalagem para esta m\u00e1quina, TH-420, TH-520 e TH-720. Eles s\u00e3o adequados para comprimentos de saco, larguras de saco e velocidades de embalagem. Voc\u00ea sabe qual \u00e9 o melhor para o seu projeto? Envie-nos um e-mail ou ligue para n\u00f3s para obter orienta\u00e7\u00e3o profissional sobre compras. <\/p>    <figure class=\"wp-block-image size-large\"><img decoding=\"async\" src=\"https:\/\/taizypackaging.com\/wp-content\/uploads\/2020\/08\/large-combination-weigher-packaging-machine-1.jpg\" alt=\"m\u00e1quina de embalagem de grande balan\u00e7a combinada\" class=\"wp-image-709\"\/><figcaption class=\"wp-element-caption\">M\u00e1quina de embalagem e balan\u00e7a combinada multihead<\/figcaption><\/figure>    <h2 class=\"wp-block-heading\" id=\"taizy-multihead-weigher-machine-parameters\">Par\u00e2metros da m\u00e1quina de pesagem Taizy Multihead<\/h2>    <figure class=\"wp-block-table\"><table><tbody><tr><td>Tipo<\/td><td>TH420<\/td><td>TH520<\/td><td>TH720<\/td><\/tr><tr><td>Comprimento do saco<\/td><td>80-300mm<\/td><td>80-400 mm<\/td><td>100-400 mm<\/td><\/tr><tr><td>Largura da bolsa<\/td><td>50-200mm<\/td><td>80-250 mm<\/td><td>180-350mm<\/td><\/tr><tr><td>Largura m\u00e1xima do filme em rolo<\/td><td>420 mm<\/td><td>520mm<\/td><td>720 mm<\/td><\/tr><tr><td>Velocidade de embalagem<\/td><td>5-30 sacos\/min<\/td><td>5-50 sacos\/min<\/td><td>5-50 sacos\/min<\/td><\/tr><tr><td>Consumo de ar<\/td><td>0,65mpa<\/td><td>0,65mpa<\/td><td>0,65mpa<\/td><\/tr><tr><td>Consumo de g\u00e1s<\/td><td>0,3m\u00b3\/min<\/td><td>0,4m\u00b3\/min<\/td><td>0,4m\u00b3\/min<\/td><\/tr><tr><td>Tens\u00e3o de energia<\/td><td>220 V<\/td><td>220 VCA\/50 Hz<\/td><td>220 VCA\/50 Hz<\/td><\/tr><tr><td>Dimens\u00e3o<\/td><td>(C)1320*(L)950*(A)1360<\/td><td>(C)1150\u00d7(L)1795\u00d7(A)1650mm<\/td><td>(C)1780\u00d7(L)1350\u00d7(A)1950mm<\/td><\/tr><\/tbody><\/table><\/figure>    <h2 class=\"wp-block-heading\" id=\"h-structures-of-multihead-weigher-packaging-machine\">Estruturas da M\u00e1quina de Embalagem Multihead Weigher<\/h2>    <p>Geralmente, uma m\u00e1quina embaladora com balan\u00e7a m\u00faltipla consiste principalmente em duas partes, um sistema de alimenta\u00e7\u00e3o e um sistema de embalagem.  Eles incluem um elevador tipo Z, balan\u00e7a multicabe\u00e7al, plataforma de trabalho, m\u00e1quina de embalagem e transportador de sa\u00edda. Eles s\u00e3o agrupados para realizar o processo autom\u00e1tico de alimenta\u00e7\u00e3o, pesagem, enchimento, selagem e corte. Equipado com uma balan\u00e7a de 10 ou 14 cabe\u00e7as, \u00e9 supereficiente e confi\u00e1vel. Como um forte fabricante de m\u00e1quinas de pesagem multicabe\u00e7as, oferecemos excelente servi\u00e7o de m\u00e1quinas de embalagem padr\u00e3o e personalizadas. Voc\u00ea est\u00e1 interessado nesta m\u00e1quina? Entre em contato conosco para mais informa\u00e7\u00f5es. <\/p>    <figure class=\"wp-block-image size-full\"><img decoding=\"async\" src=\"https:\/\/taizypackaging.com\/wp-content\/uploads\/2020\/08\/multihead-weigher-machine-structure.jpg\" alt=\"estrutura da m\u00e1quina de pesagem multihead\" class=\"wp-image-3298\"\/><figcaption class=\"wp-element-caption\">estrutura da m\u00e1quina de pesagem de m\u00faltiplas cabe\u00e7as<\/figcaption><\/figure>   <h2>Estilos de pacote de m\u00e1quina de embalagem de balan\u00e7a multihead<\/h2> <p>Os estilos de embalagem da grande m\u00e1quina de embalagem com balan\u00e7a combinada vertical s\u00e3o diversificados. Pode ser veda\u00e7\u00e3o traseira, mas h\u00e1 diferen\u00e7as de tamanho.<\/p> <figure id=\"attachment_1126\" aria-describedby=\"caption-attachment-1126\" style=\"width: 720px\" class=\"wp-caption alignnone\"><img loading=\"lazy\" decoding=\"async\" class=\"wp-image-1126 size-full\" src=\"https:\/\/taizypackaging.com\/wp-content\/uploads\/2020\/08\/back-sealing.jpg\" alt=\"veda\u00e7\u00e3o traseira\" width=\"720\" height=\"540\"><figcaption id=\"caption-attachment-1126\" class=\"wp-caption-text\">tipos de bolsa<\/figcaption><\/figure> <h2 id=\"h-the-advantages-of-large-packaging-machine\">Vantagens da m\u00e1quina embaladora de balan\u00e7a multihead<\/h2>   <ol class=\"wp-block-list\" type=\"1\"> <li>Esta m\u00e1quina de embalagem adota um termopar para controlar a temperatura de veda\u00e7\u00e3o horizontal e vertical.<\/li>    <li>Adota um host pneum\u00e1tico com forte pot\u00eancia.<\/li>    <li>A roda puxadora da membrana \u00e9 feita de material de borracha, o que torna a embalagem maior. A roda puxadora do filme \u00e9 feita de material de borracha, o que torna a embalagem mais lisa.<\/li>    <li>A embalagem da m\u00e1quina \u00e9 impec\u00e1vel e est\u00e1vel.<\/li>    <li>O interior do filme de embalagem \u00e9 feito de filme selado a quente, que \u00e9 conveniente para selar.<\/li>    <li>Pode ser equipado com um perfurador para que o saco de embalagem seja adequado para pendurar em supermercados.<\/li>    <li>Pode ser equipado com inflador para embalar itens fr\u00e1geis como batatas fritas, salgadinhos tufados, etc.<\/li> <\/ol>    <h2 class=\"wp-block-heading\" id=\"h-multihead-weigher-working-principle\">Princ\u00edpio de funcionamento da balan\u00e7a multihead <\/h2>    <p>A balan\u00e7a multicabe\u00e7al, ou chamada de balan\u00e7a combinada de computador, geralmente usa cabe\u00e7as de pesagem diferentes para medir o peso preciso do produto. A escala no topo da combina\u00e7\u00e3o de produtos muito depois do equil\u00edbrio dos sistemas de dispers\u00e3o interna come\u00e7ar a funcionar. O sistema distribuir\u00e1 os produtos com a ajuda da placa de alimenta\u00e7\u00e3o linear, diferentes alimentadores lineares transportar\u00e3o os produtos para a tremonha. Por exemplo, se voc\u00ea estiver usando uma m\u00e1quina embaladora com pesagem de 14 cabe\u00e7otes, normalmente haver\u00e1 14 alimentadores lineares para transportar o produto para 14 moegas ap\u00f3s o produto ser transferido para a moega. <\/p>    <h2 class=\"wp-block-heading\" id=\"h-customer-case\">M\u00e1quina embaladora de balan\u00e7a multihead exportada para a Mal\u00e1sia<\/h2>    <p>Temos um cliente na Mal\u00e1sia que usa esta m\u00e1quina para embalar 1,5 kg de sab\u00e3o em p\u00f3. Al\u00e9m disso, ele adicionou um dispositivo que perfura o \u00e2ngulo da ponta. Por ser fornecedor de supermercado, ele embalou sab\u00e3o em p\u00f3 para abastecer o supermercado.<\/p>    <figure class=\"wp-block-image size-full\"><img decoding=\"async\" src=\"https:\/\/taizypackaging.com\/wp-content\/uploads\/2020\/08\/multihead-weigher-packing-machine-factory.jpg\" alt=\"f\u00e1brica de m\u00e1quinas de embalagem de balan\u00e7as multicabe\u00e7as\" class=\"wp-image-3306\"\/><figcaption class=\"wp-element-caption\">f\u00e1brica de m\u00e1quinas de embalagem de balan\u00e7as m\u00faltiplas<\/figcaption><\/figure>    <h2 class=\"wp-block-heading\" id=\"h-conclusion\">Conclus\u00e3o<\/h2>    <p class=\"translation-block\">A m\u00e1quina de embalagem com balan\u00e7a multihead \u00e9 uma \u00f3tima ferramenta de embalagem com alta efici\u00eancia. Pode certamente beneficiar seu neg\u00f3cio de alimentos. Com um material dur\u00e1vel e tecnologia avan\u00e7ada, nossas m\u00e1quinas de balan\u00e7a multihead t\u00eam bom desempenho e longa vida \u00fatil. Al\u00e9m disso, a balan\u00e7a multihead e a <a href=\"https:\/\/taizypackaging.com\/pt\/\">m\u00e1quina de embalagem<\/a> podem ser vendidas separadamente. Oferecemos servi\u00e7os personalizados fortes para atender \u00e0s suas necessidades espec\u00edficas. Voc\u00ea est\u00e1 procurando uma m\u00e1quina de balan\u00e7a multihead de qualidade para obter mais lucro? Deixe seus requisitos e responderemos o mais r\u00e1pido poss\u00edvel. <\/p>","protected":false},"excerpt":{"rendered":"<p>Multihead weigher packing machine is a super-efficient packaging solution. It can be applied to both food and non-food materials like chips, popcorn, nuts, grains, sugar, coffee, salt, chocolate, hardware, plastic, etc. With a high degree of automation level and easy operation, a muli-head weigher pouch packing machine can greatly enhance your productivity and benefit your [&hellip;]<\/p>\n","protected":false},"author":1,"featured_media":710,"parent":0,"template":"","tags":[594,593],"product-type":[659],"class_list":["post-293","product","type-product","status-publish","has-post-thumbnail","hentry","tag-multihead-weigher-machine","tag-multihead-weigher-packing-machine","product-type-granule-packing-machines"],"_links":{"self":[{"href":"https:\/\/taizypackaging.com\/pt\/wp-json\/wp\/v2\/product\/293","targetHints":{"allow":["GET"]}}],"collection":[{"href":"https:\/\/taizypackaging.com\/pt\/wp-json\/wp\/v2\/product"}],"about":[{"href":"https:\/\/taizypackaging.com\/pt\/wp-json\/wp\/v2\/types\/product"}],"author":[{"embeddable":true,"href":"https:\/\/taizypackaging.com\/pt\/wp-json\/wp\/v2\/users\/1"}],"wp:featuredmedia":[{"embeddable":true,"href":"https:\/\/taizypackaging.com\/pt\/wp-json\/wp\/v2\/media\/710"}],"wp:attachment":[{"href":"https:\/\/taizypackaging.com\/pt\/wp-json\/wp\/v2\/media?parent=293"}],"wp:term":[{"taxonomy":"post_tag","embeddable":true,"href":"https:\/\/taizypackaging.com\/pt\/wp-json\/wp\/v2\/tags?post=293"},{"taxonomy":"product-type","embeddable":true,"href":"https:\/\/taizypackaging.com\/pt\/wp-json\/wp\/v2\/product-type?post=293"}],"curies":[{"name":"wp","href":"https:\/\/api.w.org\/{rel}","templated":true}]}}