{"id":392,"date":"2020-09-10T01:59:30","date_gmt":"2020-09-10T01:59:30","guid":{"rendered":"https:\/\/taizypackaging.com\/?p=392"},"modified":"2024-07-17T18:00:41","modified_gmt":"2024-07-17T10:00:41","slug":"vacuum-packing-machine-2","status":"publish","type":"product","link":"https:\/\/taizypackaging.com\/pt\/vacuum-packing-machine\/","title":{"rendered":"M\u00e1quina de embalagem a v\u00e1cuo de mesa"},"content":{"rendered":"<div class=\"kk-star-ratings kksr-auto kksr-align-left kksr-valign-top\"     data-payload='{&quot;align&quot;:&quot;left&quot;,&quot;id&quot;:&quot;392&quot;,&quot;slug&quot;:&quot;default&quot;,&quot;valign&quot;:&quot;top&quot;,&quot;ignore&quot;:&quot;&quot;,&quot;reference&quot;:&quot;auto&quot;,&quot;class&quot;:&quot;&quot;,&quot;count&quot;:&quot;13&quot;,&quot;legendonly&quot;:&quot;&quot;,&quot;readonly&quot;:&quot;&quot;,&quot;score&quot;:&quot;4.7&quot;,&quot;starsonly&quot;:&quot;&quot;,&quot;best&quot;:&quot;5&quot;,&quot;gap&quot;:&quot;5&quot;,&quot;greet&quot;:&quot;Rate this product&quot;,&quot;legend&quot;:&quot;4.7\\\/5 - (13 votes)&quot;,&quot;size&quot;:&quot;24&quot;,&quot;title&quot;:&quot;Desktop Vacuum Packaging Machine&quot;,&quot;width&quot;:&quot;133.8&quot;,&quot;_legend&quot;:&quot;{score}\\\/{best} - ({count} {votes})&quot;,&quot;font_factor&quot;:&quot;1.25&quot;}'>              <div class=\"kksr-stars\">      <div class=\"kksr-stars-inactive\">             <div class=\"kksr-star\" data-star=\"1\" style=\"padding-right: 5px\">               <div class=\"kksr-icon\" style=\"width: 24px; height: 24px;\"><\/div>         <\/div>             <div class=\"kksr-star\" data-star=\"2\" style=\"padding-right: 5px\">               <div class=\"kksr-icon\" style=\"width: 24px; height: 24px;\"><\/div>         <\/div>             <div class=\"kksr-star\" data-star=\"3\" style=\"padding-right: 5px\">               <div class=\"kksr-icon\" style=\"width: 24px; height: 24px;\"><\/div>         <\/div>             <div class=\"kksr-star\" data-star=\"4\" style=\"padding-right: 5px\">               <div class=\"kksr-icon\" style=\"width: 24px; height: 24px;\"><\/div>         <\/div>             <div class=\"kksr-star\" data-star=\"5\" style=\"padding-right: 5px\">               <div class=\"kksr-icon\" style=\"width: 24px; height: 24px;\"><\/div>         <\/div>     <\/div>      <div class=\"kksr-stars-active\" style=\"width: 133.8px;\">             <div class=\"kksr-star\" style=\"padding-right: 5px\">               <div class=\"kksr-icon\" style=\"width: 24px; height: 24px;\"><\/div>         <\/div>             <div class=\"kksr-star\" style=\"padding-right: 5px\">               <div class=\"kksr-icon\" style=\"width: 24px; height: 24px;\"><\/div>         <\/div>             <div class=\"kksr-star\" style=\"padding-right: 5px\">               <div class=\"kksr-icon\" style=\"width: 24px; height: 24px;\"><\/div>         <\/div>             <div class=\"kksr-star\" style=\"padding-right: 5px\">               <div class=\"kksr-icon\" style=\"width: 24px; height: 24px;\"><\/div>         <\/div>             <div class=\"kksr-star\" style=\"padding-right: 5px\">               <div class=\"kksr-icon\" style=\"width: 24px; height: 24px;\"><\/div>         <\/div>     <\/div> <\/div>                   <div class=\"kksr-legend\" style=\"font-size: 19.2px;\">             4,7\/5 - (13 votos)    <\/div>     <\/div>  <p class=\"translation-block\"><strong>M\u00e1quina de embalagem a v\u00e1cuo de mesa<\/strong> tamb\u00e9m chamada de seladora a v\u00e1cuo port\u00e1til. \u00c9 muito conveniente para embalagem a v\u00e1cuo de alimentos para usos comerciais e dom\u00e9sticos. Uma m\u00e1quina de embalagem a v\u00e1cuo de mesa tem caracter\u00edsticas de pequeno tamanho, baixo custo e bom desempenho. Ela pode aumentar significativamente a vida \u00fatil dos alimentos e tamb\u00e9m \u00e9 f\u00e1cil de transportar. Portanto, esta m\u00e1quina \u00e9 bastante ideal para sua pequena f\u00e1brica ou aplica\u00e7\u00f5es dom\u00e9sticas. Al\u00e9m disso, o mercado de m\u00e1quinas de embalagem a v\u00e1cuo est\u00e1 crescendo ano ap\u00f3s ano. Quer come\u00e7ar seu projeto ou ser nosso agente? Entre em contato conosco hoje para mais informa\u00e7\u00f5es. <\/p>    <h2 class=\"wp-block-heading\" id=\"h-applications-of-vacuum-packing-machine\">Aplica\u00e7\u00f5es da m\u00e1quina de embalagem a v\u00e1cuo<\/h2>    <p>A m\u00e1quina de embalagem a v\u00e1cuo de mesa \u00e9 usada principalmente para embalar todos os tipos de alimentos, como coxas de frango, presunto, p\u00e9s de frango, carne, vegetais, frutas, tiras picantes, fil\u00e9s de peixe grelhado, carne seca, salsichas, frutos do mar, l\u00edquidos, pastas, medicamentos, Al\u00e9m disso, tamb\u00e9m pode embalar a v\u00e1cuo materiais, pl\u00e1sticos, etc. Em uma palavra, possui uma ampla gama de aplica\u00e7\u00f5es, tanto para produtos aliment\u00edcios como n\u00e3o aliment\u00edcios. <\/p>    <figure class=\"wp-block-image size-full\"><img decoding=\"async\" src=\"https:\/\/taizypackaging.com\/wp-content\/uploads\/2020\/09\/desktop-vacuum-packing-machine-applications.jpg\" alt=\"aplica\u00e7\u00f5es de m\u00e1quinas de embalagem a v\u00e1cuo de mesa\" class=\"wp-image-4078\"\/><figcaption>aplica\u00e7\u00f5es de m\u00e1quinas de embalagem a v\u00e1cuo de mesa<\/figcaption><\/figure>    <h2 class=\"wp-block-heading\" id=\"h-quality-desktop-vacuum-packaging-machine-for-sale\">M\u00e1quina de embalagem a v\u00e1cuo de mesa de qualidade para venda <\/h2>    <p class=\"translation-block\">A m\u00e1quina de embalagem a v\u00e1cuo est\u00e1 se tornando cada vez mais popular em todo o mundo. Muitas fam\u00edlias a utilizam para selar alimentos a v\u00e1cuo. Assim, os produtos alimentares s\u00e3o f\u00e1ceis de armazenar e t\u00eam uma longa vida \u00fatil. Existem tr\u00eas modelos de m\u00e1quinas de embalagem a v\u00e1cuo de mesa dispon\u00edveis na Taizy Packaging Machinery, DZ-260A, DZ-260B e DZ-260C. Elas t\u00eam diferentes pot\u00eancias de bomba de v\u00e1cuo e tamanhos de c\u00e2mara de v\u00e1cuo. Qual delas \u00e9 adequada deve ser de acordo com sua situa\u00e7\u00e3o real. Al\u00e9m disso, fornecemos excelentes m\u00e1quinas de embalagem a v\u00e1cuo industriais \u00e0 venda, como <a href=\"https:\/\/taizypackaging.com\/pt\/single-chamber-vacuum-packing-machine\/\">seladora a v\u00e1cuo de c\u00e2mara \u00fanica<\/a> e <a href=\"https:\/\/taizypackaging.com\/pt\/double-chamber-vacuum-packing-machine\/\">seladora a v\u00e1cuo de c\u00e2mara dupla<\/a>. Elas t\u00eam alta efici\u00eancia e s\u00e3o nossos seladores a v\u00e1cuo comerciais. Com estrutura simples e design perfeito, s\u00e3o f\u00e1ceis de operar e manter. Envie-nos um e-mail ou ligue para n\u00f3s para obter o melhor or\u00e7amento.<\/p>    <figure class=\"wp-block-image size-full\"><img decoding=\"async\" src=\"https:\/\/taizypackaging.com\/wp-content\/uploads\/2020\/09\/portable-vacuum-packaging-machine.jpg\" alt=\"m\u00e1quina de embalagem a v\u00e1cuo port\u00e1til\" class=\"wp-image-3318\"\/><figcaption>m\u00e1quina de embalagem a v\u00e1cuo port\u00e1til<\/figcaption><\/figure>    <h2 class=\"wp-block-heading\" id=\"h-parameters-of-taizy-desktop-vacuum-packing-machine\">Par\u00e2metros da m\u00e1quina de embalagem a v\u00e1cuo de mesa Taizy<\/h2>    <figure class=\"wp-block-table\"><table><tbody><tr><td>Modelo<\/td><td>DZ-260A<\/td><td>DZ-260B<\/td><td>DZ-260C<\/td><\/tr><tr><td>Fonte de energia<\/td><td>CA220V\/50Hz 110V\/60Hz<\/td><td>CA220V\/50Hz 110V\/60Hz<\/td><td>CA220V\/50Hz 110V\/60Hz<\/td><\/tr><tr><td>Pot\u00eancia da bomba de v\u00e1cuo<\/td><td>180W<\/td><td>180W<\/td><td>120W<\/td><\/tr><tr><td>Poder de selagem t\u00e9rmica<\/td><td>260 W<\/td><td>260 W<\/td><td>260 W<\/td><\/tr><tr><td>Tamanho da sala de v\u00e1cuo<\/td><td>390*285*50mm<\/td><td>390*285*50mm<\/td><td>330*270*50mm<\/td><\/tr><tr><td>Material da sala de v\u00e1cuo<\/td><td>A\u00e7o inoxid\u00e1vel<\/td><td>A\u00e7o inoxid\u00e1vel<\/td><td>A\u00e7o inoxid\u00e1vel<\/td><\/tr><tr><td>Tamanho da m\u00e1quina<\/td><td>490*340*380mm<\/td><td>490*340*380mm<\/td><td>405*320*340mm<\/td><\/tr><\/tbody><\/table><\/figure>    <h2 class=\"wp-block-heading\" id=\"h-structure-details-of-table-top-vacuum-packaging-machine\">Detalhes da estrutura da m\u00e1quina de embalagem a v\u00e1cuo de mesa<\/h2>    <p>Uma m\u00e1quina de embalagem a v\u00e1cuo de mesa consiste principalmente em uma sala de v\u00e1cuo, bomba de v\u00e1cuo, painel de controle, tira de veda\u00e7\u00e3o, corpo de a\u00e7o inoxid\u00e1vel e tampa transparente. Uma estrutura simples e um design razo\u00e1vel garantem o alto desempenho da m\u00e1quina port\u00e1til de embalagem a v\u00e1cuo. <\/p>    <figure class=\"wp-block-image size-full\"><img decoding=\"async\" src=\"https:\/\/taizypackaging.com\/wp-content\/uploads\/2020\/09\/portable-vacuum-packing-machine-details.jpg\" alt=\"detalhes da m\u00e1quina de embalagem a v\u00e1cuo port\u00e1til\" class=\"wp-image-4079\"\/><figcaption>detalhes da m\u00e1quina de embalagem a v\u00e1cuo port\u00e1til<\/figcaption><\/figure>    <h2 class=\"wp-block-heading\" id=\"h-the-working-principle-of-desktop-vacuum-packaging-machine\">O princ\u00edpio de funcionamento da m\u00e1quina de embalagem a v\u00e1cuo de mesa<\/h2>    <p>A principal fun\u00e7\u00e3o da embalagem a v\u00e1cuo \u00e9 remover o oxig\u00eanio para ajudar a prevenir a deteriora\u00e7\u00e3o dos alimentos. Portanto, o princ\u00edpio de uma embalagem a v\u00e1cuo \u00e9 relativamente simples. Como o mofo e o apodrecimento dos alimentos s\u00e3o causados \u200b\u200bprincipalmente por microorganismos, a maioria dos microorganismos (como bolores e leveduras) precisa de oxig\u00eanio para sobreviver. A m\u00e1quina de embalagem a v\u00e1cuo usa esse princ\u00edpio para extrair oxig\u00eanio da embalagem e das c\u00e9lulas dos alimentos, para que os microrganismos percam seu ambiente de vida.<br>Experimentos provaram que quando a concentra\u00e7\u00e3o de oxig\u00eanio na embalagem \u00e9 \u22641%, a velocidade de crescimento e reprodu\u00e7\u00e3o dos microrganismos cair\u00e1 drasticamente. Quando a concentra\u00e7\u00e3o de oxig\u00eanio \u00e9 \u22640,5%, a maioria dos microrganismos inibir\u00e1 e interromper\u00e1 a reprodu\u00e7\u00e3o. Al\u00e9m disso, o pote de esteriliza\u00e7\u00e3o \u00e9 compat\u00edvel com nossa m\u00e1quina de embalagem a v\u00e1cuo. E os produtos ap\u00f3s a embalagem entram no pote de esteriliza\u00e7\u00e3o para posterior esteriliza\u00e7\u00e3o. Assim, pode garantir que os alimentos possam ser armazenados por mais tempo.<\/p>    <h2 class=\"wp-block-heading\" id=\"h-advantages-of-small-vacuum-packing-machine\">Vantagens da pequena m\u00e1quina de embalagem a v\u00e1cuo<\/h2>    <ul class=\"wp-block-list\"><li>O ar (oxig\u00eanio) na embalagem \u00e9 eliminado, o que pode prevenir eficazmente a deteriora\u00e7\u00e3o dos alimentos.<\/li><li>Os materiais de embalagem com excelente estanqueidade, tecnologia de veda\u00e7\u00e3o rigorosa e requisitos podem efetivamente impedir a troca de materiais na embalagem. Al\u00e9m disso, pode evitar a perda de peso e sabor dos alimentos e prevenir a polui\u00e7\u00e3o secund\u00e1ria.<\/li><li>O g\u00e1s dentro do recipiente de embalagem a v\u00e1cuo foi eliminado, o que acelera a transfer\u00eancia de calor. Portanto, pode melhorar a efici\u00eancia da esteriliza\u00e7\u00e3o por calor e evitar que o recipiente da embalagem se rompa devido \u00e0 expans\u00e3o do g\u00e1s durante a esteriliza\u00e7\u00e3o por calor.<\/li><li>A opera\u00e7\u00e3o \u00e9 simples e conveniente, e voc\u00ea pode definir uma data de codifica\u00e7\u00e3o no display.<\/li><\/ul>    <div class=\"wp-block-columns is-layout-flex wp-container-core-columns-is-layout-9d6595d7 wp-block-columns-is-layout-flex\"> <div class=\"wp-block-column is-layout-flow wp-block-column-is-layout-flow\"> <figure class=\"wp-block-image size-full\"><img decoding=\"async\" src=\"https:\/\/taizypackaging.com\/wp-content\/uploads\/2020\/09\/quality-vacuum-pump.jpg\" alt=\"bomba de v\u00e1cuo de qualidade\" class=\"wp-image-4082\"\/><figcaption>bomba de v\u00e1cuo de qualidade<\/figcaption><\/figure> <\/div>    <div class=\"wp-block-column is-layout-flow wp-block-column-is-layout-flow\"> <figure class=\"wp-block-image size-full\"><img decoding=\"async\" src=\"https:\/\/taizypackaging.com\/wp-content\/uploads\/2020\/09\/PLC-control-panel.jpg\" alt=\"Painel de controle CLP\" class=\"wp-image-4083\"\/><figcaption>Painel de controle CLP<\/figcaption><\/figure> <\/div> <\/div>    <div class=\"wp-block-columns is-layout-flex wp-container-core-columns-is-layout-9d6595d7 wp-block-columns-is-layout-flex\"> <div class=\"wp-block-column is-layout-flow wp-block-column-is-layout-flow\"> <figure class=\"wp-block-image size-full\"><img decoding=\"async\" src=\"https:\/\/taizypackaging.com\/wp-content\/uploads\/2020\/09\/portable-size.jpg\" alt=\"tamanho port\u00e1til\" class=\"wp-image-4084\"\/><figcaption>tamanho port\u00e1til<\/figcaption><\/figure> <\/div>    <div class=\"wp-block-column is-layout-flow wp-block-column-is-layout-flow\"> <figure class=\"wp-block-image size-full\"><img decoding=\"async\" src=\"https:\/\/taizypackaging.com\/wp-content\/uploads\/2020\/09\/bag-styles.jpg\" alt=\"estilos de bolsa\" class=\"wp-image-4085\"\/><figcaption>estilos de bolsa<\/figcaption><\/figure> <\/div> <\/div>    <h2 class=\"wp-block-heading\" id=\"h-faq\">Perguntas frequentes<\/h2>    <div class=\"schema-faq wp-block-yoast-faq-block\"><div class=\"schema-faq-section\" id=\"faq-question-1642743549517\"><strong class=\"schema-faq-question\">1. Esta m\u00e1quina \u00e9 totalmente autom\u00e1tica?<\/strong> <p class=\"schema-faq-answer\">N\u00e3o, na verdade, precisamos primeiro colocar os itens no saco a v\u00e1cuo e depois colocar o saco na m\u00e1quina para aspirar o saco com o lacre.<\/p> <\/div> <div class=\"schema-faq-section\" id=\"faq-question-1642743568200\"><strong class=\"schema-faq-question\">2. Todos os tipos de sacolas podem ser embalados?<\/strong> <p class=\"schema-faq-answer\">Obviamente, nossa m\u00e1quina da empresa Taizy \u00e9 adequada para a maioria dos sacos a v\u00e1cuo. Tamb\u00e9m podemos fornecer sacos a v\u00e1cuo, se voc\u00ea precisar deles.<\/p> <\/div> <div class=\"schema-faq-section\" id=\"faq-question-1642743666041\"><strong class=\"schema-faq-question\">3. Existe uma m\u00e1quina de embalagem a v\u00e1cuo mais r\u00e1pida do que esta\uff1f<\/strong> <p class=\"schema-faq-answer\">Sim, temos m\u00e1quinas de embalagem a v\u00e1cuo de c\u00e2mara \u00fanica e c\u00e2mara dupla. Em compara\u00e7\u00e3o, a efici\u00eancia de embalagem dessas duas m\u00e1quinas \u00e9 muito maior do que esta m\u00e1quina. Esta m\u00e1quina \u00e9 mais adequada para produ\u00e7\u00e3o em pequena escala e o pre\u00e7o \u00e9 muito econ\u00f4mico. Se precisar, entre em contato conosco.<\/p> <\/div> <\/div>    <h2 class=\"wp-block-heading\" id=\"h-related-machines\">M\u00e1quinas Relacionadas<\/h2>    <p>Como um fabricante e fornecedor l\u00edder de m\u00e1quina de embalagem a v\u00e1cuo, fornecemos v\u00e1rios tipos de seladoras a v\u00e1cuo para clientes em todo o mundo, m\u00e1quina de embalagem a v\u00e1cuo de mesa dom\u00e9stica, m\u00e1quina de embalagem a v\u00e1cuo comercial para quarto individual e m\u00e1quina de embalagem a v\u00e1cuo comercial para quarto duplo. Eles t\u00eam benef\u00edcios e pre\u00e7os diferentes. Entre em contato conosco agora para obter detalhes. <\/p>    <figure class=\"wp-block-image size-full\"><img decoding=\"async\" src=\"https:\/\/taizypackaging.com\/wp-content\/uploads\/2020\/09\/single-chamber-sealer-and-double-chamber-sealer.jpg\" alt=\"selador de c\u00e2mara \u00fanica e selador de c\u00e2mara dupla\" class=\"wp-image-4075\"\/><figcaption>selador de c\u00e2mara \u00fanica e selador de c\u00e2mara dupla<\/figcaption><\/figure>","protected":false},"excerpt":{"rendered":"<p>As m\u00e1quinas de embalagem a v\u00e1cuo s\u00e3o utilizadas em diversas ind\u00fastrias, a maioria das quais s\u00e3o utilizadas em embalagens na ind\u00fastria aliment\u00edcia. Como embalagem a v\u00e1cuo de carne, embalagem a v\u00e1cuo de ovos refogados, embalagem a v\u00e1cuo de salsichas, embalagem a v\u00e1cuo de pernas de frango, embalagem a v\u00e1cuo de milho, etc. A inova\u00e7\u00e3o tecnol\u00f3gica das m\u00e1quinas de embalagem a v\u00e1cuo melhorou continuamente nossa qualidade de vida.<\/p>","protected":false},"author":1,"featured_media":2629,"parent":0,"template":"","tags":[65,98,99,162,175,203,204,272,390,405,440,443,513],"product-type":[666],"class_list":["post-392","product","type-product","status-publish","has-post-thumbnail","hentry","tag-beef-jerky","tag-chicken-feet","tag-chicken-legs","tag-flowers","tag-fresh-fruits","tag-grilled-fish-fillets","tag-ham","tag-meat","tag-rice","tag-sausages","tag-spiced-corned-egg","tag-spicy-strips","tag-vegetables","product-type-vacuum-packaging-machines"],"_links":{"self":[{"href":"https:\/\/taizypackaging.com\/pt\/wp-json\/wp\/v2\/product\/392","targetHints":{"allow":["GET"]}}],"collection":[{"href":"https:\/\/taizypackaging.com\/pt\/wp-json\/wp\/v2\/product"}],"about":[{"href":"https:\/\/taizypackaging.com\/pt\/wp-json\/wp\/v2\/types\/product"}],"author":[{"embeddable":true,"href":"https:\/\/taizypackaging.com\/pt\/wp-json\/wp\/v2\/users\/1"}],"wp:featuredmedia":[{"embeddable":true,"href":"https:\/\/taizypackaging.com\/pt\/wp-json\/wp\/v2\/media\/2629"}],"wp:attachment":[{"href":"https:\/\/taizypackaging.com\/pt\/wp-json\/wp\/v2\/media?parent=392"}],"wp:term":[{"taxonomy":"post_tag","embeddable":true,"href":"https:\/\/taizypackaging.com\/pt\/wp-json\/wp\/v2\/tags?post=392"},{"taxonomy":"product-type","embeddable":true,"href":"https:\/\/taizypackaging.com\/pt\/wp-json\/wp\/v2\/product-type?post=392"}],"curies":[{"name":"wp","href":"https:\/\/api.w.org\/{rel}","templated":true}]}}