{"id":403,"date":"2020-09-10T07:01:03","date_gmt":"2020-09-10T07:01:03","guid":{"rendered":"https:\/\/taizypackaging.com\/?p=403"},"modified":"2024-07-17T17:44:44","modified_gmt":"2024-07-17T09:44:44","slug":"tea-packaging-machine","status":"publish","type":"product","link":"https:\/\/taizypackaging.com\/pt\/tea-packaging-machine\/","title":{"rendered":"M\u00e1quina de embalagem interna e externa de saquinhos de ch\u00e1"},"content":{"rendered":"<div class=\"kk-star-ratings kksr-auto kksr-align-left kksr-valign-top\"     data-payload='{&quot;align&quot;:&quot;left&quot;,&quot;id&quot;:&quot;403&quot;,&quot;slug&quot;:&quot;default&quot;,&quot;valign&quot;:&quot;top&quot;,&quot;ignore&quot;:&quot;&quot;,&quot;reference&quot;:&quot;auto&quot;,&quot;class&quot;:&quot;&quot;,&quot;count&quot;:&quot;30&quot;,&quot;legendonly&quot;:&quot;&quot;,&quot;readonly&quot;:&quot;&quot;,&quot;score&quot;:&quot;4.8&quot;,&quot;starsonly&quot;:&quot;&quot;,&quot;best&quot;:&quot;5&quot;,&quot;gap&quot;:&quot;5&quot;,&quot;greet&quot;:&quot;Rate this product&quot;,&quot;legend&quot;:&quot;4.8\\\/5 - (30 votes)&quot;,&quot;size&quot;:&quot;24&quot;,&quot;title&quot;:&quot;Inner \\u0026amp; Outer Tea Bag Packing Machine&quot;,&quot;width&quot;:&quot;136.7&quot;,&quot;_legend&quot;:&quot;{score}\\\/{best} - ({count} {votes})&quot;,&quot;font_factor&quot;:&quot;1.25&quot;}'>              <div class=\"kksr-stars\">      <div class=\"kksr-stars-inactive\">             <div class=\"kksr-star\" data-star=\"1\" style=\"padding-right: 5px\">               <div class=\"kksr-icon\" style=\"width: 24px; height: 24px;\"><\/div>         <\/div>             <div class=\"kksr-star\" data-star=\"2\" style=\"padding-right: 5px\">               <div class=\"kksr-icon\" style=\"width: 24px; height: 24px;\"><\/div>         <\/div>             <div class=\"kksr-star\" data-star=\"3\" style=\"padding-right: 5px\">               <div class=\"kksr-icon\" style=\"width: 24px; height: 24px;\"><\/div>         <\/div>             <div class=\"kksr-star\" data-star=\"4\" style=\"padding-right: 5px\">               <div class=\"kksr-icon\" style=\"width: 24px; height: 24px;\"><\/div>         <\/div>             <div class=\"kksr-star\" data-star=\"5\" style=\"padding-right: 5px\">               <div class=\"kksr-icon\" style=\"width: 24px; height: 24px;\"><\/div>         <\/div>     <\/div>      <div class=\"kksr-stars-active\" style=\"width: 136.7px;\">             <div class=\"kksr-star\" style=\"padding-right: 5px\">               <div class=\"kksr-icon\" style=\"width: 24px; height: 24px;\"><\/div>         <\/div>             <div class=\"kksr-star\" style=\"padding-right: 5px\">               <div class=\"kksr-icon\" style=\"width: 24px; height: 24px;\"><\/div>         <\/div>             <div class=\"kksr-star\" style=\"padding-right: 5px\">               <div class=\"kksr-icon\" style=\"width: 24px; height: 24px;\"><\/div>         <\/div>             <div class=\"kksr-star\" style=\"padding-right: 5px\">               <div class=\"kksr-icon\" style=\"width: 24px; height: 24px;\"><\/div>         <\/div>             <div class=\"kksr-star\" style=\"padding-right: 5px\">               <div class=\"kksr-icon\" style=\"width: 24px; height: 24px;\"><\/div>         <\/div>     <\/div> <\/div>                   <div class=\"kksr-legend\" style=\"font-size: 19.2px;\">             4,8\/5 - (30 votos)    <\/div>     <\/div>  <p class=\"translation-block\"><strong>Tea bag packing machines<\/strong> s\u00e3o uma ferramenta indispens\u00e1vel de embalagem para a ind\u00fastria de fabrico de ch\u00e1. Pode libertar m\u00e3o-de-obra e poupar os seus custos. Al\u00e9m disso, sacos de embalagem incr\u00edveis podem atrair mais clientes para o seu neg\u00f3cio de ch\u00e1. Recentemente, o ch\u00e1 tornou-se cada vez mais popular e h\u00e1 uma grande procura por m\u00e1quinas de embalar ch\u00e1. A m\u00e1quina de embalar saquinhos de ch\u00e1 pode embalar a bolsa interna e a bolsa externa de uma s\u00f3 vez e combin\u00e1-las automaticamente num pacote descart\u00e1vel. \u00c9 adequada para embalar v\u00e1rios ch\u00e1s, como ch\u00e1 de citronela, ch\u00e1 preto, ch\u00e1 de flor, ch\u00e1 branco, ch\u00e1 verde, ch\u00e1 de ervas, ch\u00e1 solto e outros ch\u00e1s comuns no mercado. Tamb\u00e9m pode embalar itens granulares pequenos, como ch\u00e1 medicamentoso e ch\u00e1 em p\u00f3. Est\u00e1 \u00e0 procura de uma m\u00e1quina de embalagem de ch\u00e1 fi\u00e1vel para beneficiar o seu projeto? Contacte-nos para mais detalhes. <\/p>    <h2 class=\"wp-block-heading\">V\u00eddeo de trabalho de equipamento de embalagem de ch\u00e1<\/h2>   <figure class=\"wp-block-embed-youtube wp-block-embed is-type-video is-provider-youtube wp-embed-aspect-16-9 wp-has-aspect-ratio\"><div class=\"lyte-wrapper fourthree\" title=\"M\u00e1quina de embalagem de ch\u00e1 | M\u00e1quina de embalagem de ch\u00e1 dentro e fora do saco\" style=\"width:960px;max-width:100%;margin:5px auto;\"><div class=\"lyMe hidef\" id=\"WYL_StbYeKbuokc\" itemprop=\"video\" itemscope itemtype=\"https:\/\/schema.org\/VideoObject\"><div><meta itemprop=\"thumbnailUrl\" content=\"https:\/\/taizypackaging.com\/wp-content\/plugins\/wp-youtube-lyte\/lyteCache.php?origThumbUrl=https%3A%2F%2Fi.ytimg.com%2Fvi%2FStbYeKbuokc%2Fmaxresdefault.jpg\" \/><meta itemprop=\"embedURL\" content=\"https:\/\/www.youtube.com\/embed\/StbYeKbuokc\" \/><meta itemprop=\"duration\" content=\"PT2M19S\" \/><meta itemprop=\"uploadDate\" content=\"2021-08-05T07:13:27Z\" \/><\/div><meta itemprop=\"accessibilityFeature\" content=\"captions\" \/><div id=\"lyte_StbYeKbuokc\" data-src=\"https:\/\/taizypackaging.com\/wp-content\/plugins\/wp-youtube-lyte\/lyteCache.php?origThumbUrl=https%3A%2F%2Fi.ytimg.com%2Fvi%2FStbYeKbuokc%2Fmaxresdefault.jpg\" class=\"pL\"><div class=\"tC\"><div class=\"tT\" itemprop=\"name\">M\u00e1quina de embalagem de ch\u00e1 | M\u00e1quina de embalagem de ch\u00e1 dentro e fora do saco<\/div><\/div><div class=\"play\"><\/div><div class=\"ctrl\"><div class=\"Lctrl\"><\/div><div class=\"Rctrl\"><\/div><\/div><\/div><noscript><a href=\"https:\/\/youtu.be\/StbYeKbuokc\" rel=\"nofollow noopener\" target=\"_blank\"><img loading=\"lazy\" decoding=\"async\" src=\"https:\/\/taizypackaging.com\/wp-content\/plugins\/wp-youtube-lyte\/lyteCache.php?origThumbUrl=https%3A%2F%2Fi.ytimg.com%2Fvi%2FStbYeKbuokc%2F0.jpg\" alt=\"M\u00e1quina de embalagem de ch\u00e1 | M\u00e1quina de embalagem de ch\u00e1 dentro e fora do saco\" width=\"960\" height=\"700\" \/><br \/>Assista a este v\u00eddeo no YouTube<\/a><\/noscript><meta itemprop=\"description\" content=\"WhatsApp\/Wechat\/Tel:+86 19139754781 This machine can pack the inner bag and the outer bag at one time, and automatically combine them into a disposable package.It is suitable for black tea, flower tea, white tea, green tea and other common tea on the market.If you are interested in it,click on:https:\/\/taizypackaging.com\/tea-packaging-machine\/\"><\/div><\/div><div class=\"lL\" style=\"max-width:100%;width:960px;margin:5px auto;\"><\/div><figcaption><\/figcaption><\/figure>   <h2 class=\"wp-block-heading\">Aplica\u00e7\u00f5es da m\u00e1quina autom\u00e1tica de embalagem de saquinhos de ch\u00e1<\/h2>    <p>A m\u00e1quina embaladora de ch\u00e1 tem uma ampla gama de aplica\u00e7\u00f5es. \u00c9 adequada para embalar v\u00e1rios ch\u00e1s como ch\u00e1 verde, ch\u00e1 perfumado, ch\u00e1 de ervas, ch\u00e1 de folhas soltas, ch\u00e1 saud\u00e1vel, ch\u00e1 de capim-lim\u00e3o, ch\u00e1 oolong, ch\u00e1 preto, etc. A m\u00e1quina autom\u00e1tica de embalagem de saquinhos de ch\u00e1 substitui a tradicional embalagem manual. Isso aumenta muito a produtividade. Al\u00e9m disso, \u00e9 mais seguro e higi\u00eanico. Usamos material de m\u00e1quina de qualidade alimentar para garantir a inocuidade aos seres humanos. Se voc\u00ea est\u00e1 envolvido no neg\u00f3cio de ch\u00e1, a m\u00e1quina de embalar ch\u00e1 \u00e9 uma \u00f3tima ferramenta para voc\u00ea. <\/p>    <figure class=\"wp-block-image size-full\"><img loading=\"lazy\" decoding=\"async\" width=\"600\" height=\"450\" src=\"https:\/\/taizypackaging.com\/wp-content\/uploads\/2020\/09\/tea-bag-packing-machine-applications.jpg\" alt=\"aplica\u00e7\u00f5es de m\u00e1quinas de embalagem de saquinhos de ch\u00e1\" class=\"wp-image-3336\" srcset=\"https:\/\/taizypackaging.com\/wp-content\/uploads\/2020\/09\/tea-bag-packing-machine-applications.jpg 600w, https:\/\/taizypackaging.com\/wp-content\/uploads\/2020\/09\/tea-bag-packing-machine-applications-300x225.jpg 300w\" sizes=\"auto, (max-width: 600px) 100vw, 600px\" \/><figcaption class=\"wp-element-caption\">aplica\u00e7\u00f5es de m\u00e1quinas de embalagem de saquinhos de ch\u00e1<\/figcaption><\/figure>    <h2 class=\"wp-block-heading\" id=\"h-features-of-taizy-tea-packing-machine\">Caracter\u00edsticas da m\u00e1quina embaladora de ch\u00e1 Taizy<\/h2>    <ul class=\"wp-block-list\"> <li>O papel de veda\u00e7\u00e3o externo \u00e9 controlado por um motor de passo, com comprimento est\u00e1vel do saco e posicionamento preciso.<\/li>    <li>Adotando um controlador de temperatura de ajuste PID, a temperatura \u00e9 controlada com mais precis\u00e3o.<\/li>    <li>O PLC \u00e9 usado para controlar o movimento de toda a m\u00e1quina, display de interface homem-m\u00e1quina, f\u00e1cil de operar.<\/li>    <li>Todas as pe\u00e7as que podem entrar em contato com o material s\u00e3o fabricadas em a\u00e7o inoxid\u00e1vel SUS304 para garantir a higiene e confiabilidade dos produtos.<\/li>    <li>Parte do cilindro de trabalho adota pe\u00e7as originais importadas para garantir seu trabalho preciso e est\u00e1vel.<\/li>    <li>O dispositivo adicional desta m\u00e1quina, como uma m\u00e1quina de codifica\u00e7\u00e3o, pode completar as fun\u00e7\u00f5es de corte de boca plana, impress\u00e3o de data, boca f\u00e1cil de rasgar, etc.<\/li> <\/ul>    <h2 class=\"wp-block-heading\" id=\"h-what-is-the-cost-of-tea-packing-machine\">Qual \u00e9 o custo da m\u00e1quina de embalar ch\u00e1? <\/h2>    <p>Na verdade, o custo das m\u00e1quinas de embalagem de ch\u00e1 de diferentes fabricantes de m\u00e1quinas de embalagem \u00e9 variado. Porque o pre\u00e7o da m\u00e1quina de embalagem de saquinhos de ch\u00e1 est\u00e1 intimamente relacionado a muitos fatores como material da m\u00e1quina, estrutura da m\u00e1quina, configura\u00e7\u00e3o da m\u00e1quina, custo de envio, etc. Contudo, mesmo o empres\u00e1rio mais astuto pode ser enganado pelos fornecedores. Portanto, \u00e9 claramente importante escolher um fornecedor confi\u00e1vel de m\u00e1quinas de embalar ch\u00e1. Com bom desempenho e pre\u00e7os favor\u00e1veis, as m\u00e1quinas de ensacamento de ch\u00e1 Taizy t\u00eam sido amplamente elogiadas por clientes em todo o mundo. Se voc\u00ea estiver interessado nesta m\u00e1quina, entre em contato conosco agora para obter uma lista de pre\u00e7os gratuita de m\u00e1quinas de embalar ch\u00e1. <\/p>    <figure class=\"wp-block-image size-full is-resized\"><img decoding=\"async\" src=\"https:\/\/taizypackaging.com\/wp-content\/uploads\/2020\/09\/customer-feedback-of-tea-packing-machine-1.jpg\" alt=\"feedback do cliente sobre m\u00e1quina de embalagem de ch\u00e1\" class=\"wp-image-1144\" style=\"aspect-ratio:1.3333333333333333;width:720px;height:auto\"\/><figcaption class=\"wp-element-caption\">feedback do cliente sobre a m\u00e1quina de embalagem de ch\u00e1<\/figcaption><\/figure>    <h2 class=\"wp-block-heading\" id=\"h-technical-parameters-of-tea-bagging-machine\">Par\u00e2metros t\u00e9cnicos da m\u00e1quina de ensacamento de ch\u00e1 <\/h2>    <figure class=\"wp-block-table\"><table><tbody><tr><td>Formul\u00e1rio de veda\u00e7\u00e3o<\/td><td>Veda\u00e7\u00e3o de tr\u00eas lados<\/td><\/tr><tr><td>Faixa de pesagem<\/td><td>1-5 gramas\/saco<\/td><\/tr><tr><td>Tamanho do saco interno<\/td><td>Comprimento: 50-75mm<br>Largura: 50-75mm<\/td><\/tr><tr><td>Tamanho da bolsa externa<\/td><td>Comprimento: 85-120mm<br>Largura: 75-95mm<\/td><\/tr><tr><td>Tamanho da etiqueta<\/td><td>25*25<\/td><\/tr><tr><td>Velocidade de embalagem<\/td><td>30-50 sacos\/min<\/td><\/tr><tr><td>poder<\/td><td>220 V\/50 Hz<\/td><\/tr><tr><td>Poder total<\/td><td>3,7 kW<\/td><\/tr><tr><td>Peso<\/td><td>650KG<\/td><\/tr><tr><td>Tamanho<\/td><td>1050*700*1300<\/td><\/tr><\/tbody><\/table><\/figure>    <h2 class=\"wp-block-heading\" id=\"h-structure-details-of-tea-bag-packaging-machine\">Detalhes da estrutura da m\u00e1quina de embalagem de saquinhos de ch\u00e1<\/h2>    <div class=\"wp-block-columns is-layout-flex wp-container-core-columns-is-layout-9d6595d7 wp-block-columns-is-layout-flex\"> <div class=\"wp-block-column is-layout-flow wp-block-column-is-layout-flow\"> <figure class=\"wp-block-image size-full\"><img decoding=\"async\" src=\"https:\/\/taizypackaging.com\/wp-content\/uploads\/2020\/09\/tea-bag-packing-machine-structure.jpg\" alt=\"estrutura da m\u00e1quina de embalagem de saquinhos de ch\u00e1\" class=\"wp-image-4101\"\/><figcaption class=\"wp-element-caption\">estrutura da m\u00e1quina de embalagem de saquinhos de ch\u00e1<\/figcaption><\/figure> <\/div>    <div class=\"wp-block-column is-layout-flow wp-block-column-is-layout-flow\"> <figure class=\"wp-block-image size-full\"><img decoding=\"async\" src=\"https:\/\/taizypackaging.com\/wp-content\/uploads\/2020\/09\/tea-packing-machine-parts.jpg\" alt=\"pe\u00e7as para m\u00e1quinas de embalagem de ch\u00e1\" class=\"wp-image-4102\"\/><figcaption class=\"wp-element-caption\">pe\u00e7as para m\u00e1quinas de embalagem de ch\u00e1<\/figcaption><\/figure> <\/div> <\/div>    <h2 class=\"wp-block-heading\">O ch\u00e1 \u00e9 um neg\u00f3cio lucrativo? <\/h2>    <p class=\"translation-block\">De acordo com a sondagem de peritos, o<a href=\"https:\/\/en.wikipedia.org\/wiki\/Tea\" target=\"_blank\" rel=\"noopener\"> ch\u00e1<\/a> \u00e9 uma categoria de produto rent\u00e1vel e de baixo custo para os operadores em compara\u00e7\u00e3o com outros tipos de bebidas. De acordo com uma apresenta\u00e7\u00e3o detalhando as margens de lucro para operadores comerciais, \u201cO ch\u00e1 tem uma margem de lucro de 98% e custos mais baixos. Isto compara-se com 81% para o caf\u00e9, 75% para a \u00e1gua e 38% para os refrigerantes. Portanto, a popularidade do ch\u00e1 tem uma raz\u00e3o. E a m\u00e1quina de embalagem de ch\u00e1 tem uma grande procura. \u00c9 um \u00f3timo momento para iniciar o seu projeto de ch\u00e1. <\/p>    <h2 class=\"wp-block-heading\" id=\"h-advantages-of-small-tea-bag-packing-machine\">Vantagens da m\u00e1quina de embalagem de saquinhos de ch\u00e1 pequenos<\/h2>    <ol class=\"wp-block-list\" type=\"1\"> <li>Em termos de efici\u00eancia, \u00e9 mais eficiente que o trabalho manual.<\/li>    <li>Do ponto de vista do custo, \u00e9 inferior \u00e0 embalagem manual.<\/li>    <li>Do ponto de vista da higiene, \u00e9 mais higi\u00eanico que a embalagem manual.<\/li>    <li>A embalagem de produtos mecanizados \u00e9 mais requintada.<\/li> <\/ol>    <h2 class=\"wp-block-heading\" id=\"h-customer-case-from-taizy-packaging-machinery\">Caso de cliente da Taizy Packaging Machinery<\/h2>    <p>Um cliente grego queria uma m\u00e1quina de embalar ch\u00e1 para embalar sacos internos e externos. Nosso gerente comercial recomendou esse modelo, de acordo com a necessidade do cliente. Este cliente originalmente tinha uma m\u00e1quina de embalar ch\u00e1. Mas agora ele quer ampliar a produ\u00e7\u00e3o, ent\u00e3o comprou outra para embalar flores de hibisco.<\/p>    <figure class=\"wp-block-image size-large\"><img decoding=\"async\" src=\"https:\/\/taizypackaging.com\/wp-content\/uploads\/2020\/09\/customer-buy-teabag-packaging-machine.jpg\" alt=\"feedback do nosso cliente na \u00c1frica\" class=\"wp-image-697\"\/><figcaption class=\"wp-element-caption\">feedback do nosso cliente africano<\/figcaption><\/figure>    <h2 class=\"wp-block-heading\">Servi\u00e7os de valor acrescentado<\/h2>    <p>Al\u00e9m de algumas ferramentas pr\u00e1ticas, tamb\u00e9m forneceremos as pe\u00e7as necess\u00e1rias para a m\u00e1quina, como eixo de mistura, fio sensor de temperatura, tubo de aquecimento, etc. Nosso t\u00e9cnico enrolar\u00e1 o fio na embalagem interna diretamente no carretel antes da entrega para sua conveni\u00eancia. Ali\u00e1s, nossa m\u00e1quina pode ser utilizada com uma m\u00e1quina codificadora para facilitar a impress\u00e3o da data de produ\u00e7\u00e3o nas sacolas, caso voc\u00ea tenha essa necessidade pode se comunicar com nosso gerente com anteced\u00eancia.<\/p>    <figure class=\"wp-block-image size-full\"><img decoding=\"async\" src=\"https:\/\/taizypackaging.com\/wp-content\/uploads\/2021\/08\/01.jpg\" alt=\"\" class=\"wp-image-2598\"\/><figcaption class=\"wp-element-caption\">fio de detec\u00e7\u00e3o de temperatura e tubo de aquecimento<\/figcaption><\/figure>    <figure class=\"wp-block-image size-full\"><img decoding=\"async\" src=\"https:\/\/taizypackaging.com\/wp-content\/uploads\/2021\/08\/02.jpg\" alt=\"\" class=\"wp-image-2599\"\/><figcaption class=\"wp-element-caption\">m\u00e1quina de codifica\u00e7\u00e3o dispon\u00edvel<\/figcaption><\/figure>    <h2 class=\"wp-block-heading\">Porque escolher-nos?<\/h2>    <p>A f\u00e1brica de embalagens Taizy emprega engenheiros experientes, versados \u200b\u200bem conhecimento profissional para garantir a qualidade de nossas m\u00e1quinas e fazer constantemente avan\u00e7os e inova\u00e7\u00f5es tecnol\u00f3gicas. Todas as nossas m\u00e1quinas podem ser customizadas de acordo com as necessidades dos clientes. Nos \u00faltimos dez anos, nossa f\u00e1brica formou um processo completo e eficiente desde a produ\u00e7\u00e3o at\u00e9 a entrega. Deixar os clientes satisfeitos \u00e9 a primeira diretriz da nossa empresa Taizy. E recrutamos agentes em todo o mundo. Bem-vindo a se juntar a n\u00f3s para uma jornada de sucesso juntos. <\/p>    <figure class=\"wp-block-image size-full\"><img loading=\"lazy\" decoding=\"async\" width=\"720\" height=\"540\" src=\"https:\/\/taizypackaging.com\/wp-content\/uploads\/2021\/08\/06.jpg\" alt=\"\" class=\"wp-image-2600\" srcset=\"https:\/\/taizypackaging.com\/wp-content\/uploads\/2021\/08\/06.jpg 720w, https:\/\/taizypackaging.com\/wp-content\/uploads\/2021\/08\/06-300x225.jpg 300w\" sizes=\"auto, (max-width: 720px) 100vw, 720px\" \/><figcaption class=\"wp-element-caption\">fotos ao vivo s\u00e3o tiradas da f\u00e1brica<\/figcaption><\/figure>","protected":false},"excerpt":{"rendered":"<p>Nossa m\u00e1quina de embalagem de ch\u00e1 pode realizar embalagens externas, embalagens internas e externas, embalagens de saquinhos de ch\u00e1 com marca de linha, embalagens triangulares de n\u00e1ilon. A Zhengzhou Taizy Packaging Machinery \u00e9 uma empresa moderna que integra P&amp;D, design, fabrica\u00e7\u00e3o, vendas e manuten\u00e7\u00e3o. Lida principalmente com m\u00e1quinas autom\u00e1ticas de embalagem de ch\u00e1, m\u00e1quinas de embalagem de saquinhos de ch\u00e1 e assim por diante.<\/p>","protected":false},"author":1,"featured_media":2565,"parent":0,"template":"","tags":[71,92,146,202,209,249,263,277,396,406,411,466,529],"product-type":[667],"class_list":["post-403","product","type-product","status-publish","has-post-thumbnail","hentry","tag-black-tea","tag-cassia","tag-eight-treasure-tea","tag-green-tea","tag-health-products","tag-lemon-tea","tag-longan","tag-medicines","tag-rose-black-tea","tag-scented-tea","tag-seeds","tag-tartary-buckwheat","tag-white-tea","product-type-tea-packing-machine"],"_links":{"self":[{"href":"https:\/\/taizypackaging.com\/pt\/wp-json\/wp\/v2\/product\/403","targetHints":{"allow":["GET"]}}],"collection":[{"href":"https:\/\/taizypackaging.com\/pt\/wp-json\/wp\/v2\/product"}],"about":[{"href":"https:\/\/taizypackaging.com\/pt\/wp-json\/wp\/v2\/types\/product"}],"author":[{"embeddable":true,"href":"https:\/\/taizypackaging.com\/pt\/wp-json\/wp\/v2\/users\/1"}],"wp:featuredmedia":[{"embeddable":true,"href":"https:\/\/taizypackaging.com\/pt\/wp-json\/wp\/v2\/media\/2565"}],"wp:attachment":[{"href":"https:\/\/taizypackaging.com\/pt\/wp-json\/wp\/v2\/media?parent=403"}],"wp:term":[{"taxonomy":"post_tag","embeddable":true,"href":"https:\/\/taizypackaging.com\/pt\/wp-json\/wp\/v2\/tags?post=403"},{"taxonomy":"product-type","embeddable":true,"href":"https:\/\/taizypackaging.com\/pt\/wp-json\/wp\/v2\/product-type?post=403"}],"curies":[{"name":"wp","href":"https:\/\/api.w.org\/{rel}","templated":true}]}}