{"id":4121,"date":"2022-03-03T09:29:14","date_gmt":"2022-03-03T09:29:14","guid":{"rendered":"https:\/\/taizypackaging.com\/?p=4121"},"modified":"2024-07-16T16:35:58","modified_gmt":"2024-07-16T08:35:58","slug":"jumbo-bag-filling-machine","status":"publish","type":"product","link":"https:\/\/taizypackaging.com\/pt\/jumbo-bag-filling-machine\/","title":{"rendered":"M\u00e1quina de enchimento de sacos enormes"},"content":{"rendered":"<div class=\"kk-star-ratings kksr-auto kksr-align-left kksr-valign-top\"     data-payload='{&quot;align&quot;:&quot;left&quot;,&quot;id&quot;:&quot;4121&quot;,&quot;slug&quot;:&quot;default&quot;,&quot;valign&quot;:&quot;top&quot;,&quot;ignore&quot;:&quot;&quot;,&quot;reference&quot;:&quot;auto&quot;,&quot;class&quot;:&quot;&quot;,&quot;count&quot;:&quot;29&quot;,&quot;legendonly&quot;:&quot;&quot;,&quot;readonly&quot;:&quot;&quot;,&quot;score&quot;:&quot;4.5&quot;,&quot;starsonly&quot;:&quot;&quot;,&quot;best&quot;:&quot;5&quot;,&quot;gap&quot;:&quot;5&quot;,&quot;greet&quot;:&quot;Rate this product&quot;,&quot;legend&quot;:&quot;4.5\\\/5 - (29 votes)&quot;,&quot;size&quot;:&quot;24&quot;,&quot;title&quot;:&quot;Jumbo Bag Filling Machine&quot;,&quot;width&quot;:&quot;128&quot;,&quot;_legend&quot;:&quot;{score}\\\/{best} - ({count} {votes})&quot;,&quot;font_factor&quot;:&quot;1.25&quot;}'>              <div class=\"kksr-stars\">      <div class=\"kksr-stars-inactive\">             <div class=\"kksr-star\" data-star=\"1\" style=\"padding-right: 5px\">               <div class=\"kksr-icon\" style=\"width: 24px; height: 24px;\"><\/div>         <\/div>             <div class=\"kksr-star\" data-star=\"2\" style=\"padding-right: 5px\">               <div class=\"kksr-icon\" style=\"width: 24px; height: 24px;\"><\/div>         <\/div>             <div class=\"kksr-star\" data-star=\"3\" style=\"padding-right: 5px\">               <div class=\"kksr-icon\" style=\"width: 24px; height: 24px;\"><\/div>         <\/div>             <div class=\"kksr-star\" data-star=\"4\" style=\"padding-right: 5px\">               <div class=\"kksr-icon\" style=\"width: 24px; height: 24px;\"><\/div>         <\/div>             <div class=\"kksr-star\" data-star=\"5\" style=\"padding-right: 5px\">               <div class=\"kksr-icon\" style=\"width: 24px; height: 24px;\"><\/div>         <\/div>     <\/div>      <div class=\"kksr-stars-active\" style=\"width: 128px;\">             <div class=\"kksr-star\" style=\"padding-right: 5px\">               <div class=\"kksr-icon\" style=\"width: 24px; height: 24px;\"><\/div>         <\/div>             <div class=\"kksr-star\" style=\"padding-right: 5px\">               <div class=\"kksr-icon\" style=\"width: 24px; height: 24px;\"><\/div>         <\/div>             <div class=\"kksr-star\" style=\"padding-right: 5px\">               <div class=\"kksr-icon\" style=\"width: 24px; height: 24px;\"><\/div>         <\/div>             <div class=\"kksr-star\" style=\"padding-right: 5px\">               <div class=\"kksr-icon\" style=\"width: 24px; height: 24px;\"><\/div>         <\/div>             <div class=\"kksr-star\" style=\"padding-right: 5px\">               <div class=\"kksr-icon\" style=\"width: 24px; height: 24px;\"><\/div>         <\/div>     <\/div> <\/div>                   <div class=\"kksr-legend\" style=\"font-size: 19.2px;\">             4,5\/5 - (29 votos)    <\/div>     <\/div>  <p class=\"translation-block\"><strong>M\u00e1quina de enchimento de sacos jumbo<\/strong>, ou m\u00e1quina de embalagem de sacos ton, \u00e9 um tipo de equipamento inteligente de pesagem e embalagem para a demanda de sacos jumbo. \u00c9 uma solu\u00e7\u00e3o de embalagem multifuncional com fun\u00e7\u00f5es de pesagem el\u00e9trica, enchimento autom\u00e1tico, selagem, remo\u00e7\u00e3o de sacos e limpeza de poeira. Al\u00e9m disso, a m\u00e1quina de enchimento de sacos jumbo da Taizy tem as vantagens de estrutura razo\u00e1vel, desempenho est\u00e1vel, f\u00e1cil opera\u00e7\u00e3o e alta precis\u00e3o. <\/p>    <p class=\"translation-block\">Al\u00e9m disso, esta <strong>m\u00e1quina de embalagem de sacos grandes<\/strong> tem uma ampla gama de aplica\u00e7\u00f5es. Aplica-se a todos os setores, como produtos minerais, qu\u00edmica, pellets, materiais de constru\u00e7\u00e3o, minera\u00e7\u00e3o, ra\u00e7\u00e3o e a ind\u00fastria aliment\u00edcia. Se voc\u00ea est\u00e1 procurando uma m\u00e1quina de embalagem de sacos jumbo confi\u00e1vel, envie uma consulta e n\u00f3s retornaremos em breve. \u00a0\u00a0<\/p>    <h2 class=\"wp-block-heading\">V\u00eddeo de funcionamento da m\u00e1quina de enchimento de big bag<\/h2>   <figure class=\"wp-block-embed-youtube wp-block-embed is-type-video is-provider-youtube wp-embed-aspect-16-9 wp-has-aspect-ratio\"><div class=\"lyte-wrapper fourthree\" title=\"M\u00e1quina de enchimento de sacos jumbo | Sistema de enchimento de Big Bag de alta efici\u00eancia e desempenho est\u00e1vel\" style=\"width:960px;max-width:100%;margin:5px auto;\"><div class=\"lyMe hidef\" id=\"WYL_hsMUZb38lFk\" itemprop=\"video\" itemscope itemtype=\"https:\/\/schema.org\/VideoObject\"><div><meta itemprop=\"thumbnailUrl\" content=\"https:\/\/taizypackaging.com\/wp-content\/plugins\/wp-youtube-lyte\/lyteCache.php?origThumbUrl=https%3A%2F%2Fi.ytimg.com%2Fvi%2FhsMUZb38lFk%2Fmaxresdefault.jpg\" \/><meta itemprop=\"embedURL\" content=\"https:\/\/www.youtube.com\/embed\/hsMUZb38lFk\" \/><meta itemprop=\"duration\" content=\"PT7M21S\" \/><meta itemprop=\"uploadDate\" content=\"2022-03-10T06:28:56Z\" \/><\/div><meta itemprop=\"accessibilityFeature\" content=\"captions\" \/><div id=\"lyte_hsMUZb38lFk\" data-src=\"https:\/\/taizypackaging.com\/wp-content\/plugins\/wp-youtube-lyte\/lyteCache.php?origThumbUrl=https%3A%2F%2Fi.ytimg.com%2Fvi%2FhsMUZb38lFk%2Fmaxresdefault.jpg\" class=\"pL\"><div class=\"tC\"><div class=\"tT\" itemprop=\"name\">M\u00e1quina de enchimento de sacos jumbo | Sistema de enchimento de Big Bag de alta efici\u00eancia e desempenho est\u00e1vel<\/div><\/div><div class=\"play\"><\/div><div class=\"ctrl\"><div class=\"Lctrl\"><\/div><div class=\"Rctrl\"><\/div><\/div><\/div><noscript><a href=\"https:\/\/youtu.be\/hsMUZb38lFk\" rel=\"nofollow noopener\" target=\"_blank\"><img loading=\"lazy\" decoding=\"async\" src=\"https:\/\/taizypackaging.com\/wp-content\/plugins\/wp-youtube-lyte\/lyteCache.php?origThumbUrl=https%3A%2F%2Fi.ytimg.com%2Fvi%2FhsMUZb38lFk%2F0.jpg\" alt=\"M\u00e1quina de enchimento de sacos jumbo | Sistema de enchimento de Big Bag de alta efici\u00eancia e desempenho est\u00e1vel\" width=\"960\" height=\"700\" \/><br \/>Assista a este v\u00eddeo no YouTube<\/a><\/noscript><meta itemprop=\"description\" content=\"#jumbobagfilling #bigbagpacking #fillingmachine Email: info@taizypackaging.com WeChat\/ WhatsApp: +86 18837171591 Useful link: https:\/\/taizypackaging.com\/jumbo-bag-filling-machine\/ This jumbo bag filling machine is designed for big bag packing. It applies to all walks of life like mineral products, chemistry, pellets, building materials, mining, feed, and the food industry. It is a multifunctional packaging solution with functions of electric weighing, automatic filling, sealing, bag removing, and dust cleaning. Performance features of Taizy Jumbo bag filling machine 1. Jumbo bag packing machine for sale is designed and manufactured according to different requirements of customers. The machine uses international standards and advance technology. 2. This machine adopts LCD touch screen to set parameters, easy to operate. 3. A big bag filling machine can equip with a feeding machine and conveyor to realize fully automatic control, which greatly improves efficiency and save cost. 4. We use durable stainless steel material as the machine body structure to ensure long service life. 5. The weighing and filling process of this ton bag packing machine has a high packing precision at high packing speed. 6. Multifunctional. It can packaging both particles and powder products, and is widely used in various industries. You may be also interested in these videos: Powder filling machine 10kg: https:\/\/www.youtube.com\/watch?v=6j2Dz4i-eWY&amp;t=9s Powder filling machine 50kg: https:\/\/www.youtube.com\/watch?v=F5tlcnSb8q4 Granule filling machine 50kg: https:\/\/www.youtube.com\/watch?v=_E3hqS6pwhY Email: info@taizypackaging.com WeChat\/ WhatsApp: +86 18837171591 Useful link: https:\/\/taizypackaging.com\/jumbo-bag-filling-machine\/\"><\/div><\/div><div class=\"lL\" style=\"max-width:100%;width:960px;margin:5px auto;\"><\/div><figcaption><\/figcaption><\/figure>   <h2 class=\"wp-block-heading\">Caracter\u00edsticas de desempenho da m\u00e1quina de enchimento de sacos Taizy Jumbo<\/h2>    <ol class=\"wp-block-list\" type=\"1\"> <li>A m\u00e1quina embaladora de sacos Jumbo para venda \u00e9 projetada e fabricada de acordo com as diferentes necessidades dos clientes. A m\u00e1quina utiliza padr\u00f5es internacionais e tecnologia avan\u00e7ada.<\/li>    <li>Esta m\u00e1quina adota tela de toque LCD para definir par\u00e2metros, f\u00e1cil de operar.<\/li>    <li>Uma m\u00e1quina de enchimento de big bag pode ser equipada com uma m\u00e1quina de alimenta\u00e7\u00e3o e um transportador para realizar um controle totalmente autom\u00e1tico, o que melhora muito a efici\u00eancia e economiza custos.<\/li>    <li>Usamos material de a\u00e7o inoxid\u00e1vel dur\u00e1vel como estrutura do corpo da m\u00e1quina para garantir uma longa vida \u00fatil.<\/li>    <li>O processo de pesagem e enchimento desta m\u00e1quina embaladora de sacos de toneladas tem alta precis\u00e3o de embalagem em alta velocidade de embalagem.<\/li>    <li>Multifuncional. Pode embalar part\u00edculas e produtos em p\u00f3 e \u00e9 amplamente utilizado em diversas ind\u00fastrias.<\/li> <\/ol>    <figure class=\"wp-block-image size-full\"><img loading=\"lazy\" decoding=\"async\" width=\"720\" height=\"540\" src=\"https:\/\/taizypackaging.com\/wp-content\/uploads\/2022\/03\/Jumbo-bag-packing-machine-factory.jpg\" alt=\"F\u00e1brica de m\u00e1quinas de embalagem de sacos enormes\" class=\"wp-image-4127\" srcset=\"https:\/\/taizypackaging.com\/wp-content\/uploads\/2022\/03\/Jumbo-bag-packing-machine-factory.jpg 720w, https:\/\/taizypackaging.com\/wp-content\/uploads\/2022\/03\/Jumbo-bag-packing-machine-factory-300x225.jpg 300w\" sizes=\"auto, (max-width: 720px) 100vw, 720px\" \/><figcaption class=\"wp-element-caption\">F\u00e1brica de m\u00e1quinas de embalagem de sacos enormes<\/figcaption><\/figure>    <h2 class=\"wp-block-heading\">Par\u00e2metros da m\u00e1quina de enchimento de sacos enormes<\/h2>    <figure class=\"wp-block-table\"><table><tbody><tr><td>Modelo<\/td><td><strong>ph-2000T<\/strong><\/td><td><strong>ph-2000T<\/strong><\/td><\/tr><tr><td>Formul\u00e1rios<\/td><td>Part\u00edculas<\/td><td>p\u00f3<\/td><\/tr><tr><td>Faixa de pesagem<\/td><td>200-1000kg<\/td><td>200-1500kg<\/td><\/tr><tr><td>Grau de precis\u00e3o<\/td><td>\u00b10,2%<\/td><td>\u00b10,5%<\/td><\/tr><tr><td>Velocidade de embalagem<\/td><td>Por saco\/2~3min<\/td><td>Min 15 sacos\/hora<\/td><\/tr><tr><td>M\u00e9todo de alimenta\u00e7\u00e3o<\/td><td>Alimenta\u00e7\u00e3o por gravidade<\/td><td>Alimenta\u00e7\u00e3o sem-fim<\/td><\/tr><tr><td>&nbsp;Press\u00e3o do ar<\/td><td>0,6-0,8Mpa<\/td><td>0,8Mpa<\/td><\/tr><tr><td>Consumo de ar<\/td><td>1 m3\/h<\/td><td>1 m3\/h<\/td><\/tr><tr><td>Consumo de energia<\/td><td>380V\/8KW<\/td><td>380 V\/8 KW, 50 Hz<\/td><\/tr><tr><td>Tamanho da m\u00e1quina (mm)<\/td><td>2.000\u00d72.000\u00d73.000<\/td><td>2.000\u00d72.000\u00d73.400<\/td><\/tr><\/tbody><\/table><\/figure>    <h2 class=\"wp-block-heading\">Aplica\u00e7\u00f5es da m\u00e1quina de embalagem de sacos jumbo para venda<\/h2>    <p>Como uma m\u00e1quina de enchimento de big bag, \u00e9 adequada para embalagens quantitativas de n\u00edvel de 200kg ~ 1500kg. Esta m\u00e1quina de envase de sacos jumbo \u00e9 ideal para v\u00e1rios gr\u00e2nulos e p\u00f3s, como farinha, especiarias, leite em p\u00f3, detergente em p\u00f3, p\u00f3 mineral, p\u00f3 fino, p\u00f3 de cobre, p\u00f3 de PVC, p\u00f3 qu\u00edmico, ra\u00e7\u00e3o animal, ra\u00e7\u00e3o para c\u00e3es, ra\u00e7\u00e3o para gatos, ra\u00e7\u00e3o , feij\u00e3o, gr\u00e3os, sementes, arroz, paletes de madeira, paletes de pl\u00e1stico, farinha de peixe, farinha de milho, amido, etc. &nbsp;<\/p>    <h2 class=\"wp-block-heading\">Sacos de tonelada<\/h2>    <p> Este saco a granel resistente foi projetado para a m\u00e1quina de enchimento de sacos jumbo. Possui caracter\u00edsticas de material dur\u00e1vel e bom desempenho. O big bag aberto \u00e0 venda da Taizy usa polipropileno virgem (PP) 100%, que possui excelente car\u00e1ter de resist\u00eancia. \u00c9 forte e confi\u00e1vel. Os sacos jumbo adotam material de qualidade alimentar, podem ser usados \u200b\u200bpara alimentos, feij\u00f5es, gr\u00e3os, nozes, constru\u00e7\u00e3o, reciclagem, agricultura, minerais, fertilizantes e ind\u00fastria de ra\u00e7\u00f5es. <\/p>    <figure class=\"wp-block-image size-full\"><img decoding=\"async\" src=\"https:\/\/taizypackaging.com\/wp-content\/uploads\/2022\/03\/ton-bags.jpg\" alt=\"sacos de tonelada\" class=\"wp-image-4135\"\/><figcaption class=\"wp-element-caption\">sacos a granel de toneladas<\/figcaption><\/figure>    <h2 class=\"wp-block-heading\">Estruturas da m\u00e1quina de embalagem de sacos de toneladas <\/h2>    <p>As estruturas principais de uma m\u00e1quina envasadora de sacos jumbo consistem em um sistema de envase autom\u00e1tico, porta-sacos, transportador rolante, sistema de controle inteligente, gabinete de controle el\u00e9trico, balan\u00e7a de pesagem autom\u00e1tica, cabe\u00e7a de enchimento, estrutura de suporte, mesa vibrat\u00f3ria, etc. facilita a opera\u00e7\u00e3o e a manuten\u00e7\u00e3o.<\/p>    <figure class=\"wp-block-image size-full\"><img loading=\"lazy\" decoding=\"async\" width=\"720\" height=\"540\" src=\"https:\/\/taizypackaging.com\/wp-content\/uploads\/2022\/03\/big-bag-filling-machine-parts.jpg\" alt=\"pe\u00e7as para m\u00e1quinas de enchimento de big bags\" class=\"wp-image-4128\" srcset=\"https:\/\/taizypackaging.com\/wp-content\/uploads\/2022\/03\/big-bag-filling-machine-parts.jpg 720w, https:\/\/taizypackaging.com\/wp-content\/uploads\/2022\/03\/big-bag-filling-machine-parts-300x225.jpg 300w\" sizes=\"auto, (max-width: 720px) 100vw, 720px\" \/><figcaption class=\"wp-element-caption\">pe\u00e7as para m\u00e1quinas de enchimento de big bags<\/figcaption><\/figure>    <h2 class=\"wp-block-heading\">Processo de trabalho<\/h2>    <ol class=\"wp-block-list\" type=\"1\"> <li>Saco pr\u00e9-fabricado e fixado manualmente<\/li>    <li>Enchimento autom\u00e1tico<\/li>    <li>Pesagem autom\u00e1tica<\/li>    <li>Transportador autom\u00e1tico de sacos acabados<\/li> <\/ol>    <h2 class=\"wp-block-heading\">Fabricante de m\u00e1quina de envase de sacos jumbo - Taizy Packaging <\/h2>    <p class=\"translation-block\">Como um <a href=\"https:\/\/taizypackaging.com\/pt\/\">fornecedor l\u00edder de solu\u00e7\u00f5es de embalagem<\/a> na China, nosso objetivo \u00e9 desenvolver <a href=\"https:\/\/taizypackaging.com\/pt\/machines-category\/\">m\u00e1quinas de embalagem<\/a> confi\u00e1veis e competitivas para beneficiar pequenas empresas globais. Projetamos e fabricamos v\u00e1rias m\u00e1quinas de enchimento de sacos jumbo para atender diferentes requisitos dos clientes. Al\u00e9m disso, fornecemos um forte servi\u00e7o de OEM para realmente atender \u00e0s suas necessidades. Al\u00e9m disso, h\u00e1 uma gama completa de equipamentos de embalagem dispon\u00edveis na f\u00e1brica da Taizy. Sinta-se \u00e0 vontade para nos informar suas necessidades, e faremos o nosso melhor para beneficiar o seu neg\u00f3cio. <\/p>","protected":false},"excerpt":{"rendered":"<p>Jumbo bag filling machine, or ton bag packing machine, is a kind of intelligent heavy weigh and packing equipment for jumbo bags demand. It is a multifunctional packaging solution with functions of electric weighing, automatic filling, sealing, bag removing, and dust cleaning. Besides, Taizy jumbo bag filling machine has the advantages of reasonable structure, stable [&hellip;]<\/p>\n","protected":false},"author":1,"featured_media":4125,"parent":0,"template":"","tags":[621,620],"product-type":[659],"class_list":["post-4121","product","type-product","status-publish","has-post-thumbnail","hentry","tag-big-bag-filling-machine","tag-jumbo-bag-packing-machine","product-type-granule-packing-machines"],"_links":{"self":[{"href":"https:\/\/taizypackaging.com\/pt\/wp-json\/wp\/v2\/product\/4121","targetHints":{"allow":["GET"]}}],"collection":[{"href":"https:\/\/taizypackaging.com\/pt\/wp-json\/wp\/v2\/product"}],"about":[{"href":"https:\/\/taizypackaging.com\/pt\/wp-json\/wp\/v2\/types\/product"}],"author":[{"embeddable":true,"href":"https:\/\/taizypackaging.com\/pt\/wp-json\/wp\/v2\/users\/1"}],"wp:featuredmedia":[{"embeddable":true,"href":"https:\/\/taizypackaging.com\/pt\/wp-json\/wp\/v2\/media\/4125"}],"wp:attachment":[{"href":"https:\/\/taizypackaging.com\/pt\/wp-json\/wp\/v2\/media?parent=4121"}],"wp:term":[{"taxonomy":"post_tag","embeddable":true,"href":"https:\/\/taizypackaging.com\/pt\/wp-json\/wp\/v2\/tags?post=4121"},{"taxonomy":"product-type","embeddable":true,"href":"https:\/\/taizypackaging.com\/pt\/wp-json\/wp\/v2\/product-type?post=4121"}],"curies":[{"name":"wp","href":"https:\/\/api.w.org\/{rel}","templated":true}]}}