{"id":4178,"date":"2022-03-08T09:38:23","date_gmt":"2022-03-08T09:38:23","guid":{"rendered":"https:\/\/taizypackaging.com\/?p=4178"},"modified":"2024-07-10T18:39:46","modified_gmt":"2024-07-10T10:39:46","slug":"automatic-can-sealing-machine","status":"publish","type":"product","link":"https:\/\/taizypackaging.com\/pt\/automatic-can-sealing-machine\/","title":{"rendered":"M\u00e1quina seladora autom\u00e1tica de latas"},"content":{"rendered":"<div class=\"kk-star-ratings kksr-auto kksr-align-left kksr-valign-top\"     data-payload='{&quot;align&quot;:&quot;left&quot;,&quot;id&quot;:&quot;4178&quot;,&quot;slug&quot;:&quot;default&quot;,&quot;valign&quot;:&quot;top&quot;,&quot;ignore&quot;:&quot;&quot;,&quot;reference&quot;:&quot;auto&quot;,&quot;class&quot;:&quot;&quot;,&quot;count&quot;:&quot;13&quot;,&quot;legendonly&quot;:&quot;&quot;,&quot;readonly&quot;:&quot;&quot;,&quot;score&quot;:&quot;4.8&quot;,&quot;starsonly&quot;:&quot;&quot;,&quot;best&quot;:&quot;5&quot;,&quot;gap&quot;:&quot;5&quot;,&quot;greet&quot;:&quot;Rate this product&quot;,&quot;legend&quot;:&quot;4.8\\\/5 - (13 votes)&quot;,&quot;size&quot;:&quot;24&quot;,&quot;title&quot;:&quot;Automatic Can Sealing Machine&quot;,&quot;width&quot;:&quot;136.7&quot;,&quot;_legend&quot;:&quot;{score}\\\/{best} - ({count} {votes})&quot;,&quot;font_factor&quot;:&quot;1.25&quot;}'>              <div class=\"kksr-stars\">      <div class=\"kksr-stars-inactive\">             <div class=\"kksr-star\" data-star=\"1\" style=\"padding-right: 5px\">               <div class=\"kksr-icon\" style=\"width: 24px; height: 24px;\"><\/div>         <\/div>             <div class=\"kksr-star\" data-star=\"2\" style=\"padding-right: 5px\">               <div class=\"kksr-icon\" style=\"width: 24px; height: 24px;\"><\/div>         <\/div>             <div class=\"kksr-star\" data-star=\"3\" style=\"padding-right: 5px\">               <div class=\"kksr-icon\" style=\"width: 24px; height: 24px;\"><\/div>         <\/div>             <div class=\"kksr-star\" data-star=\"4\" style=\"padding-right: 5px\">               <div class=\"kksr-icon\" style=\"width: 24px; height: 24px;\"><\/div>         <\/div>             <div class=\"kksr-star\" data-star=\"5\" style=\"padding-right: 5px\">               <div class=\"kksr-icon\" style=\"width: 24px; height: 24px;\"><\/div>         <\/div>     <\/div>      <div class=\"kksr-stars-active\" style=\"width: 136.7px;\">             <div class=\"kksr-star\" style=\"padding-right: 5px\">               <div class=\"kksr-icon\" style=\"width: 24px; height: 24px;\"><\/div>         <\/div>             <div class=\"kksr-star\" style=\"padding-right: 5px\">               <div class=\"kksr-icon\" style=\"width: 24px; height: 24px;\"><\/div>         <\/div>             <div class=\"kksr-star\" style=\"padding-right: 5px\">               <div class=\"kksr-icon\" style=\"width: 24px; height: 24px;\"><\/div>         <\/div>             <div class=\"kksr-star\" style=\"padding-right: 5px\">               <div class=\"kksr-icon\" style=\"width: 24px; height: 24px;\"><\/div>         <\/div>             <div class=\"kksr-star\" style=\"padding-right: 5px\">               <div class=\"kksr-icon\" style=\"width: 24px; height: 24px;\"><\/div>         <\/div>     <\/div> <\/div>                   <div class=\"kksr-legend\" style=\"font-size: 19.2px;\">             4,8\/5 - (13 votos)    <\/div>     <\/div>  <p class=\"translation-block\"><strong>M\u00e1quina autom\u00e1tica de veda\u00e7\u00e3o de latas<\/strong> \u00e9 adequada para v\u00e1rias latas de metal, como latas de estanho, latas de alum\u00ednio, etc. \u00c9 amplamente utilizada na ind\u00fastria de alimentos e bebidas, ind\u00fastria qu\u00edmica e ind\u00fastria farmac\u00eautica. Na verdade, \u00e9 um tipo de m\u00e1quina de veda\u00e7\u00e3o de latas inteligente. A m\u00e1quina de veda\u00e7\u00e3o de latas utiliza um sistema de detec\u00e7\u00e3o autom\u00e1tico, sem latas, sem veda\u00e7\u00e3o. Al\u00e9m disso, adotando um sistema de controlo PLC e uma grande tela sens\u00edvel ao toque, a m\u00e1quina autom\u00e1tica de veda\u00e7\u00e3o de latas \u00e9 f\u00e1cil de operar. Em compara\u00e7\u00e3o com uma m\u00e1quina vedadora de latas manual, a produtividade desta vedadora de latas \u00e9 3 vezes superior. Acreditamos que vai melhorar muito a sua efici\u00eancia e beneficiar o seu neg\u00f3cio. Envie-nos uma consulta para obter um or\u00e7amento gratuito hoje.<\/p>    <h2 class=\"wp-block-heading\">V\u00eddeo de funcionamento da m\u00e1quina de costura autom\u00e1tica de latas<\/h2>   <figure class=\"wp-block-embed-youtube wp-block-embed is-type-video is-provider-youtube wp-embed-aspect-16-9 wp-has-aspect-ratio\"><div class=\"lyte-wrapper fourthree\" title=\"M\u00e1quina autom\u00e1tica seladora de latas de metal | M\u00e1quina de costura de lata de alum\u00ednio\/estanho industrial para alimentos e bebidas\" style=\"width:960px;max-width:100%;margin:5px auto;\"><div class=\"lyMe hidef\" id=\"WYL_hNiEN74gmak\" itemprop=\"video\" itemscope itemtype=\"https:\/\/schema.org\/VideoObject\"><div><meta itemprop=\"thumbnailUrl\" content=\"https:\/\/taizypackaging.com\/wp-content\/plugins\/wp-youtube-lyte\/lyteCache.php?origThumbUrl=https%3A%2F%2Fi.ytimg.com%2Fvi%2FhNiEN74gmak%2Fmaxresdefault.jpg\" \/><meta itemprop=\"embedURL\" content=\"https:\/\/www.youtube.com\/embed\/hNiEN74gmak\" \/><meta itemprop=\"duration\" content=\"PT2M30S\" \/><meta itemprop=\"uploadDate\" content=\"2022-03-09T07:04:03Z\" \/><\/div><div id=\"lyte_hNiEN74gmak\" data-src=\"https:\/\/taizypackaging.com\/wp-content\/plugins\/wp-youtube-lyte\/lyteCache.php?origThumbUrl=https%3A%2F%2Fi.ytimg.com%2Fvi%2FhNiEN74gmak%2Fmaxresdefault.jpg\" class=\"pL\"><div class=\"tC\"><div class=\"tT\" itemprop=\"name\">M\u00e1quina autom\u00e1tica seladora de latas de metal | M\u00e1quina de costura de lata de alum\u00ednio\/estanho industrial para alimentos e bebidas<\/div><\/div><div class=\"play\"><\/div><div class=\"ctrl\"><div class=\"Lctrl\"><\/div><div class=\"Rctrl\"><\/div><\/div><\/div><noscript><a href=\"https:\/\/youtu.be\/hNiEN74gmak\" rel=\"nofollow noopener\" target=\"_blank\"><img loading=\"lazy\" decoding=\"async\" src=\"https:\/\/taizypackaging.com\/wp-content\/plugins\/wp-youtube-lyte\/lyteCache.php?origThumbUrl=https%3A%2F%2Fi.ytimg.com%2Fvi%2FhNiEN74gmak%2F0.jpg\" alt=\"M\u00e1quina autom\u00e1tica seladora de latas de metal | M\u00e1quina de costura de lata de alum\u00ednio\/estanho industrial para alimentos e bebidas\" width=\"960\" height=\"700\" \/><br \/>Assista a este v\u00eddeo no YouTube<\/a><\/noscript><meta itemprop=\"description\" content=\"#cansealer #canseamer #cansealingmachine Email: info@taizypackaging.com WeChat\/ WhatsApp: +86 18837171591 Useful link: https:\/\/taizypackaging.com\/automatic-can-sealing-machine\/ --------------------------------------------------------------------------------------------------------------------- This automatic can sealing machine is designed for various round metal cans, such as tin cans, aluminum cans, etc. And it is widely applied in food&amp;beverage industry, chemical industry, and pharmaceutical industry. Automatic can sealing machine or automatic can seamer machine is applied for sealing various metal cans. It is suitable for sealing containers made up of plastic, tin, aluminum, glass, jar, pot, PET, paperboard, and others. Different from manual can sealer machine that needs a push-button or footswitch for operation, this fully automatic can sealing machine does not need any manual operation. Automatic can sealer is essential for factories with large production requirements. They need this machine for much higher efficiency and lower cost. ------------------------------------------------------------------------------------------------------------------------ You may also like these videos: Automatic round bottle labeling machine: https:\/\/www.youtube.com\/watch?v=CCdx5K88i5Q Automatic carton\/box packing machine: https:\/\/www.youtube.com\/watch?v=SpZuuzjcpSs&amp;t=3s ------------------------------------------------------------------------------------------------------------------------ Email: info@taizypackaging.com WeChat\/ WhatsApp: +86 18837171591 Useful link: https:\/\/taizypackaging.com\/automatic-can-sealing-machine\/\"><\/div><\/div><div class=\"lL\" style=\"max-width:100%;width:960px;margin:5px auto;\"><\/div><figcaption><\/figcaption><\/figure>   <h2 class=\"wp-block-heading\">Caracter\u00edsticas de desempenho da m\u00e1quina seladora autom\u00e1tica de latas Taizy<\/h2>    <ol class=\"wp-block-list\" type=\"1\"> <li>Sistema de detec\u00e7\u00e3o inteligente. Somente quando a m\u00e1quina encontrar as latas ela funcionar\u00e1. E sem latas, sem lacre.<\/li>    <li>Opera\u00e7\u00e3o f\u00e1cil. A m\u00e1quina seladora autom\u00e1tica de latas usa um sistema de controle inteligente e uma grande tela sens\u00edvel ao toque, f\u00e1cil de operar e manter. <\/li>    <li>Forte capacidade de produ\u00e7\u00e3o. Alto n\u00edvel de automa\u00e7\u00e3o, \u00e9 um equipamento adequado para enchimento da linha de produ\u00e7\u00e3o de selagem.<\/li>    <li>A roda de veda\u00e7\u00e3o importada de Taiwan possui alta dureza, boa resist\u00eancia ao desgaste, sem ferrugem e excelente desempenho de veda\u00e7\u00e3o.<\/li>    <li>Estrutura do corpo em a\u00e7o inoxid\u00e1vel. \u00c9 dur\u00e1vel e tem uma longa vida \u00fatil.<\/li>    <li>Amplas aplica\u00e7\u00f5es. O selador de latas industrial \u00e9 ideal para v\u00e1rias latas, latas de alum\u00ednio e todos os tipos de latas redondas de metal.<\/li>    <li>Servi\u00e7o OEM\/ODM. Temos uma poderosa capacidade de fornecer servi\u00e7os de personaliza\u00e7\u00e3o para atender \u00e0s necessidades dos clientes.<\/li> <\/ol>    <figure class=\"wp-block-image size-full\"><img decoding=\"async\" src=\"https:\/\/taizypackaging.com\/wp-content\/uploads\/2022\/03\/can-sealing-machine-factory.jpg\" alt=\"f\u00e1brica de m\u00e1quinas de selagem de latas\" class=\"wp-image-4183\"\/><figcaption class=\"wp-element-caption\">f\u00e1brica de m\u00e1quinas de selagem de latas<\/figcaption><\/figure>    <h2 class=\"wp-block-heading\">Par\u00e2metros autom\u00e1ticos da m\u00e1quina seladora de latas<\/h2>    <figure class=\"wp-block-table\"><table><tbody><tr><td>Modelo<\/td><td>LT1035<\/td><td>AT-FG<\/td><\/tr><tr><td>Poder<\/td><td>220 V, 50-60 Hz<\/td><td>220 V, 50-60 Hz, 1,5 KW<\/td><\/tr><tr><td>Velocidade de produ\u00e7\u00e3o<\/td><td>30-60 latas\/min<\/td><td>25-35 latas\/min<\/td><\/tr><tr><td>Tamanho de garrafa aplic\u00e1vel<\/td><td>\u03c6: 70-130mm<br>A: 60-190mm<\/td><td>\u03c6:50-130mm<br>H:\u226470mm, 70-200mm<\/td><\/tr><tr><td>Peso<\/td><td>350kg<\/td><td>500kg<\/td><\/tr><tr><td>Dimens\u00e3o<\/td><td>3000*1000*1500mm<\/td><td>3000*900*1800<\/td><\/tr><\/tbody><\/table><\/figure>    <p>Nota: O servi\u00e7o OEM\/ODM est\u00e1 dispon\u00edvel<\/p>    <h2 class=\"wp-block-heading\">Marcas de acess\u00f3rios famosas da nossa m\u00e1quina seladora de latas<\/h2>    <figure class=\"wp-block-table\"><table><tbody><tr><td>V\u00e1lvula solenoide<\/td><td>AirTAC<\/td><\/tr><tr><td>Retransmiss\u00e3o<\/td><td>Schneider<\/td><\/tr><tr><td>Contator CA<\/td><td>AUT\u00d4NICOS<\/td><\/tr><tr><td>Sensor de proximidade<\/td><td>AUT\u00d4NICOS<\/td><\/tr><tr><td>Interruptor fotoel\u00e9trico<\/td><td>AUT\u00d4NICOS<\/td><\/tr><tr><td>Cilindro<\/td><td>AirTAC<\/td><\/tr><tr><td>Bot\u00e3o<\/td><td>Schneider<\/td><\/tr><\/tbody><\/table><\/figure>    <h2 class=\"wp-block-heading\">O que \u00e9 uma m\u00e1quina seladora autom\u00e1tica de latas?<\/h2>    <p>A m\u00e1quina seladora autom\u00e1tica de latas ou a m\u00e1quina seladora autom\u00e1tica de latas \u00e9 aplicada para selar v\u00e1rias latas de metal. \u00c9 indicado para vedar recipientes de pl\u00e1stico, estanho, alum\u00ednio, vidro, pote, pote, PET, papel\u00e3o, entre outros. Diferente de uma seladora de latas manual\u00a0que precisa de um bot\u00e3o ou pedal para opera\u00e7\u00e3o, esta seladora de latas totalmente autom\u00e1tica n\u00e3o precisa de nenhuma opera\u00e7\u00e3o manual.<\/p>    <p>A seladora autom\u00e1tica de latas \u00e9 essencial para f\u00e1bricas com grandes necessidades de produ\u00e7\u00e3o. Eles precisam desta m\u00e1quina para uma efici\u00eancia muito maior e custos mais baixos. Al\u00e9m disso, esta m\u00e1quina pode trabalhar com m\u00e1quinas de enchimento e embalagem juntas para uma linha de produ\u00e7\u00e3o completa.<\/p>    <figure class=\"wp-block-image size-full\"><img decoding=\"async\" src=\"https:\/\/taizypackaging.com\/wp-content\/uploads\/2022\/03\/automatic-can-sealer-applications.jpg\" alt=\"aplica\u00e7\u00f5es autom\u00e1ticas de seladoras de latas\" class=\"wp-image-4184\"\/><figcaption class=\"wp-element-caption\">aplica\u00e7\u00f5es autom\u00e1ticas de seladoras de latas<\/figcaption><\/figure>    <h2 class=\"wp-block-heading\">Personalizando sua m\u00e1quina recravadora autom\u00e1tica de latas<\/h2>    <p class=\"translation-block\">Como um dos principais fabricantes de solu\u00e7\u00f5es de embalagem na China, <a href=\"https:\/\/taizypackaging.com\/pt\/\">Taizy Packaging Machinery<\/a> tem uma forte capacidade de OEM\/ODM para fornecer excelentes seladoras de latas que beneficiam o seu projeto. Antes de iniciar o seu neg\u00f3cio, \u00e9 necess\u00e1rio que o ajudemos a entender as suas necessidades. Por exemplo, quais produtos e material de embalagens voc\u00ea deseja embalar? Qual \u00e9 a demanda de produ\u00e7\u00e3o da sua f\u00e1brica? Qual \u00e9 a estrutura da sua planta? E os seus outros requisitos especiais. Contacte-nos agora para iniciar o seu projeto. &nbsp;<\/p>","protected":false},"excerpt":{"rendered":"<p>Automatic can sealing machine is suitable for various metal cans, such as tin cans, aluminum cans, etc. It is widely applied in food&amp;beverage industry, chemical industry, and pharmaceutical industry. Actually, it is a kind of intelligent can sealing machine. The can sealing machine uses an automatic detection system, no cans no sealing. Besides, adopting a [&hellip;]<\/p>\n","protected":false},"author":1,"featured_media":4890,"parent":0,"template":"","tags":[612,548],"product-type":[663],"class_list":["post-4178","product","type-product","status-publish","has-post-thumbnail","hentry","tag-can-sealing-machine","tag-sealing-machine","product-type-bottle-filling-production-line"],"_links":{"self":[{"href":"https:\/\/taizypackaging.com\/pt\/wp-json\/wp\/v2\/product\/4178","targetHints":{"allow":["GET"]}}],"collection":[{"href":"https:\/\/taizypackaging.com\/pt\/wp-json\/wp\/v2\/product"}],"about":[{"href":"https:\/\/taizypackaging.com\/pt\/wp-json\/wp\/v2\/types\/product"}],"author":[{"embeddable":true,"href":"https:\/\/taizypackaging.com\/pt\/wp-json\/wp\/v2\/users\/1"}],"wp:featuredmedia":[{"embeddable":true,"href":"https:\/\/taizypackaging.com\/pt\/wp-json\/wp\/v2\/media\/4890"}],"wp:attachment":[{"href":"https:\/\/taizypackaging.com\/pt\/wp-json\/wp\/v2\/media?parent=4178"}],"wp:term":[{"taxonomy":"post_tag","embeddable":true,"href":"https:\/\/taizypackaging.com\/pt\/wp-json\/wp\/v2\/tags?post=4178"},{"taxonomy":"product-type","embeddable":true,"href":"https:\/\/taizypackaging.com\/pt\/wp-json\/wp\/v2\/product-type?post=4178"}],"curies":[{"name":"wp","href":"https:\/\/api.w.org\/{rel}","templated":true}]}}