{"id":4229,"date":"2022-03-11T09:42:24","date_gmt":"2022-03-11T09:42:24","guid":{"rendered":"https:\/\/taizypackaging.com\/?p=4229"},"modified":"2024-07-10T18:38:17","modified_gmt":"2024-07-10T10:38:17","slug":"bottle-washing-machine","status":"publish","type":"product","link":"https:\/\/taizypackaging.com\/pt\/bottle-washing-machine\/","title":{"rendered":"M\u00e1quina de lavar garrafas"},"content":{"rendered":"<div class=\"kk-star-ratings kksr-auto kksr-align-left kksr-valign-top\"     data-payload='{&quot;align&quot;:&quot;left&quot;,&quot;id&quot;:&quot;4229&quot;,&quot;slug&quot;:&quot;default&quot;,&quot;valign&quot;:&quot;top&quot;,&quot;ignore&quot;:&quot;&quot;,&quot;reference&quot;:&quot;auto&quot;,&quot;class&quot;:&quot;&quot;,&quot;count&quot;:&quot;20&quot;,&quot;legendonly&quot;:&quot;&quot;,&quot;readonly&quot;:&quot;&quot;,&quot;score&quot;:&quot;4.6&quot;,&quot;starsonly&quot;:&quot;&quot;,&quot;best&quot;:&quot;5&quot;,&quot;gap&quot;:&quot;5&quot;,&quot;greet&quot;:&quot;Rate this product&quot;,&quot;legend&quot;:&quot;4.6\\\/5 - (20 votes)&quot;,&quot;size&quot;:&quot;24&quot;,&quot;title&quot;:&quot;Bottle Washing Machine&quot;,&quot;width&quot;:&quot;130.9&quot;,&quot;_legend&quot;:&quot;{score}\\\/{best} - ({count} {votes})&quot;,&quot;font_factor&quot;:&quot;1.25&quot;}'>              <div class=\"kksr-stars\">      <div class=\"kksr-stars-inactive\">             <div class=\"kksr-star\" data-star=\"1\" style=\"padding-right: 5px\">               <div class=\"kksr-icon\" style=\"width: 24px; height: 24px;\"><\/div>         <\/div>             <div class=\"kksr-star\" data-star=\"2\" style=\"padding-right: 5px\">               <div class=\"kksr-icon\" style=\"width: 24px; height: 24px;\"><\/div>         <\/div>             <div class=\"kksr-star\" data-star=\"3\" style=\"padding-right: 5px\">               <div class=\"kksr-icon\" style=\"width: 24px; height: 24px;\"><\/div>         <\/div>             <div class=\"kksr-star\" data-star=\"4\" style=\"padding-right: 5px\">               <div class=\"kksr-icon\" style=\"width: 24px; height: 24px;\"><\/div>         <\/div>             <div class=\"kksr-star\" data-star=\"5\" style=\"padding-right: 5px\">               <div class=\"kksr-icon\" style=\"width: 24px; height: 24px;\"><\/div>         <\/div>     <\/div>      <div class=\"kksr-stars-active\" style=\"width: 130.9px;\">             <div class=\"kksr-star\" style=\"padding-right: 5px\">               <div class=\"kksr-icon\" style=\"width: 24px; height: 24px;\"><\/div>         <\/div>             <div class=\"kksr-star\" style=\"padding-right: 5px\">               <div class=\"kksr-icon\" style=\"width: 24px; height: 24px;\"><\/div>         <\/div>             <div class=\"kksr-star\" style=\"padding-right: 5px\">               <div class=\"kksr-icon\" style=\"width: 24px; height: 24px;\"><\/div>         <\/div>             <div class=\"kksr-star\" style=\"padding-right: 5px\">               <div class=\"kksr-icon\" style=\"width: 24px; height: 24px;\"><\/div>         <\/div>             <div class=\"kksr-star\" style=\"padding-right: 5px\">               <div class=\"kksr-icon\" style=\"width: 24px; height: 24px;\"><\/div>         <\/div>     <\/div> <\/div>                   <div class=\"kksr-legend\" style=\"font-size: 19.2px;\">             4,6\/5 - (20 votos)    <\/div>     <\/div>  <p class=\"translation-block\"><strong>Machine de lavagem de garrafas<\/strong> ou <strong>lavadora de garrafas<\/strong> \u00e9 desenhada para limpar garrafas antes de encher. \u00c9 amplamente utilizada em f\u00e1bricas de \u00e1gua, bebidas, f\u00e1bricas de vinho, plantas cosm\u00e9ticas, f\u00e1bricas farmac\u00eauticas e outras linhas de produ\u00e7\u00e3o. Al\u00e9m disso, a <strong>m\u00e1quina de limpeza de garrafas<\/strong> \u00e9 adequada para v\u00e1rios tipos de garrafas, tais como garrafas de pl\u00e1stico, garrafas de vidro, garrafas PET, garrafas de leite, garrafas de cerveja, garrafas de \u00e1gua, garrafas de vinho, garrafas de refrigerante, etc. Consegue tratar dezenas de garrafas de uma s\u00f3 vez, de forma eficiente e fi\u00e1vel. E a capacidade de produ\u00e7\u00e3o pode chegar a 3000 garrafas por hora. Os lavadores de garrafas s\u00e3o equipamentos essenciais para muitas grandes ind\u00fastrias de fabrico. Pode melhorar significativamente a sua efici\u00eancia e beneficiar o seu neg\u00f3cio. &nbsp;<\/p>    <h2 class=\"wp-block-heading\">Recursos de desempenho<\/h2>    <ol class=\"wp-block-list\" type=\"1\"><li>Adote sistema pneum\u00e1tico e bomba de \u00e1gua quente em a\u00e7o inoxid\u00e1vel, limpo e higi\u00eanico, sem polui\u00e7\u00e3o.<\/li><li>O tanque de \u00e1gua pode ser aquecido a vapor ou el\u00e9trico, controle autom\u00e1tico de temperatura, sistema de controle PLC, tempo de limpeza ultrass\u00f4nica pode ser definido livremente.<\/li><li>O m\u00e9todo de limpeza de placa plana proporciona baixa taxa de danos \u00e0s garrafas.<\/li><li>A bandeja de garrafas cheia de ampola pode ser colocada diretamente no forno de esteriliza\u00e7\u00e3o sem virar.<\/li><li>O tubo de pulveriza\u00e7\u00e3o pode ser ajustado para cima e para baixo, adequado para limpar garrafas de vidro e garrafas pl\u00e1sticas de diferentes alturas, qualidade de limpeza de acordo com os requisitos do padr\u00e3o GMP.<\/li><li>Ambos os lados do trilho-guia do guarda-corpo podem ser ajustados para a esquerda e para a direita, adequados para limpar diferentes tamanhos de garrafas de vidro e garrafas de pl\u00e1stico.<\/li><li>Com dispositivo de remo\u00e7\u00e3o de \u00e1gua residual, pode economizar recursos h\u00eddricos para f\u00e1bricas.<\/li><\/ol>    <h2 class=\"wp-block-heading\">V\u00eddeo de funcionamento da m\u00e1quina de lavar garrafas <\/h2>   <figure class=\"wp-block-embed-youtube wp-block-embed is-type-video is-provider-youtube wp-embed-aspect-16-9 wp-has-aspect-ratio\"><div class=\"lyte-wrapper fourthree\" title=\"M\u00e1quina autom\u00e1tica de limpeza e lavagem de garrafas | Lavadora de garrafas para \u00e1gua, cerveja, refrigerante, vinho, leite\" style=\"width:960px;max-width:100%;margin:5px auto;\"><div class=\"lyMe hidef\" id=\"WYL_Y02hdzKkCXo\" itemprop=\"video\" itemscope itemtype=\"https:\/\/schema.org\/VideoObject\"><div><meta itemprop=\"thumbnailUrl\" content=\"https:\/\/taizypackaging.com\/wp-content\/plugins\/wp-youtube-lyte\/lyteCache.php?origThumbUrl=https%3A%2F%2Fi.ytimg.com%2Fvi%2FY02hdzKkCXo%2Fmaxresdefault.jpg\" \/><meta itemprop=\"embedURL\" content=\"https:\/\/www.youtube.com\/embed\/Y02hdzKkCXo\" \/><meta itemprop=\"duration\" content=\"PT1M41S\" \/><meta itemprop=\"uploadDate\" content=\"2022-03-22T07:24:52Z\" \/><\/div><div id=\"lyte_Y02hdzKkCXo\" data-src=\"https:\/\/taizypackaging.com\/wp-content\/plugins\/wp-youtube-lyte\/lyteCache.php?origThumbUrl=https%3A%2F%2Fi.ytimg.com%2Fvi%2FY02hdzKkCXo%2Fmaxresdefault.jpg\" class=\"pL\"><div class=\"tC\"><div class=\"tT\" itemprop=\"name\">M\u00e1quina autom\u00e1tica de limpeza e lavagem de garrafas | Lavadora de garrafas para \u00e1gua, cerveja, refrigerante, vinho, leite<\/div><\/div><div class=\"play\"><\/div><div class=\"ctrl\"><div class=\"Lctrl\"><\/div><div class=\"Rctrl\"><\/div><\/div><\/div><noscript><a href=\"https:\/\/youtu.be\/Y02hdzKkCXo\" rel=\"nofollow noopener\" target=\"_blank\"><img loading=\"lazy\" decoding=\"async\" src=\"https:\/\/taizypackaging.com\/wp-content\/plugins\/wp-youtube-lyte\/lyteCache.php?origThumbUrl=https%3A%2F%2Fi.ytimg.com%2Fvi%2FY02hdzKkCXo%2F0.jpg\" alt=\"M\u00e1quina autom\u00e1tica de limpeza e lavagem de garrafas | Lavadora de garrafas para \u00e1gua, cerveja, refrigerante, vinho, leite\" width=\"960\" height=\"700\" \/><br \/>Assista a este v\u00eddeo no YouTube<\/a><\/noscript><meta itemprop=\"description\" content=\"#bottlewasher #bottlecleaningmachine #bottlerinsing Email: info@taizypackaging.com WhatsApp\/ WeChat: +86 18837171591 Useful link: https:\/\/taizypackaging.com\/bottle-washing-machine\/ ---------------------------------------------- Bottle washing machine is the equipment used for bottle cleaning and rinsing. We supply three types of bottle washers. One is equipped with 32 bottle placing positions. It occupied a small space, suitable for small and middle plants. When using the bottle cleaning machine, placing bottles upside down, bottles will rotate followed by a turntable. It will spray water into the bottles when the bottle reaches the spraying nozzles. The second type of water rinsing machine has 54 bottle holders. They are linked by a chain. Starting the bottle washer, the bottle holders will spin around two toothed gears. When the bottles are conveyed to spouts, it will spraying water into bottles. Besides, waters will drip on the bottles through the curtain above. The other one is an integrated cleaning and drying machine. As the name implies, it can complete the process of rinsing and drying automatically through multiple processes of washing. And the angel of rinsing is adjustable. The equipment can highly improve production efficiency. ---------------------------------------------- You may be also interested in these videos: Automatic bottle unscrambler machine: https:\/\/www.youtube.com\/watch?v=PGWp2gb0pns Automatic bottle filling machine: https:\/\/www.youtube.com\/watch?v=wRSdydlCgJM&amp;t=98s ---------------------------------------------- Email: info@taizypackaging.com WhatsApp\/ WeChat: +86 18837171591 Useful link: https:\/\/taizypackaging.com\/bottle-washing-machine\/\"><\/div><\/div><div class=\"lL\" style=\"max-width:100%;width:960px;margin:5px auto;\"><\/div><figcaption><\/figcaption><\/figure>   <h2 class=\"wp-block-heading\">Tipo de m\u00e1quina de lavar garrafas \u00e0 venda<\/h2>    <p class=\"translation-block\">Existem dois tipos de m\u00e1quina de lavagem de garrafas para venda na <a href=\"https:\/\/taizypackaging.com\/pt\/\">Taizy Machinery Co., Ltd<\/a>, uma pequena m\u00e1quina de lavagem de garrafas rotativa e uma m\u00e1quina de lavagem de garrafas em linha com 54 cabe\u00e7as. T\u00eam caracter\u00edsticas de desempenho e vantagens diferentes.<\/p>    <h3 class=\"wp-block-heading\">Tipo um: M\u00e1quina de lavar pequena garrafa rotativa<\/h3>    <p>Esta m\u00e1quina de lavar garrafas rotativa \u00e9 um tipo pequeno de lavadora de garrafas. Tem as vantagens do tamanho pequeno e do pre\u00e7o favor\u00e1vel. A capacidade de produ\u00e7\u00e3o pode chegar a 2.300 garrafas por hora. \u00c9 adequado para pequenos projetos. Uma m\u00e1quina rotativa de limpeza de garrafas cobre uma pequena \u00e1rea de sua f\u00e1brica. Al\u00e9m disso, o pre\u00e7o da m\u00e1quina de limpeza de garrafas pequenas \u00e9 acess\u00edvel.<\/p>    <figure class=\"wp-block-image size-full\"><img decoding=\"async\" src=\"https:\/\/taizypackaging.com\/wp-content\/uploads\/2022\/03\/rotary-bottle-washing-machine.jpg\" alt=\"m\u00e1quina de lavar garrafas rotativa\" class=\"wp-image-4234\"\/><figcaption>m\u00e1quina de lavar garrafas rotativa<\/figcaption><\/figure>    <h3 class=\"wp-block-heading\">Tipo dois: m\u00e1quina de lavar garrafas em linha com 54 cabe\u00e7as<\/h3>    <p>Esta m\u00e1quina tem uma efici\u00eancia maior do que a m\u00e1quina rotativa de limpeza de garrafas. Pode lavar 54 cabe\u00e7as de uma vez. A capacidade de produ\u00e7\u00e3o pode chegar a 3.000 garrafas em uma hora. \u00c9 adequado para grandes projetos. A faixa de altura da garrafa \u00e9 de 120 mm a 300 mm, e o di\u00e2metro da garrafa \u00e9 de 40 mm a 90 mm. Al\u00e9m disso, oferecemos suporte a um forte servi\u00e7o OEM para atender com precis\u00e3o \u00e0s suas necessidades.<\/p>    <figure class=\"wp-block-image size-full\"><img loading=\"lazy\" decoding=\"async\" width=\"720\" height=\"540\" src=\"https:\/\/taizypackaging.com\/wp-content\/uploads\/2022\/03\/bottle-cleaning-machine.jpg\" alt=\"m\u00e1quina de limpeza de garrafas\" class=\"wp-image-4233\" srcset=\"https:\/\/taizypackaging.com\/wp-content\/uploads\/2022\/03\/bottle-cleaning-machine.jpg 720w, https:\/\/taizypackaging.com\/wp-content\/uploads\/2022\/03\/bottle-cleaning-machine-300x225.jpg 300w\" sizes=\"auto, (max-width: 720px) 100vw, 720px\" \/><figcaption>m\u00e1quina de limpeza de garrafas<\/figcaption><\/figure>    <h2 class=\"wp-block-heading\">Vantagens da m\u00e1quina de limpeza de garrafas Taizy <\/h2>    <ol class=\"wp-block-list\" type=\"1\"><li>Amplas aplica\u00e7\u00f5es. Esta m\u00e1quina de lavar garrafas \u00e9 ideal para limpar garrafas de pl\u00e1stico, garrafas de vidro, etc.<\/li><li>Material dur\u00e1vel. Toda a estrutura de suporte da m\u00e1quina \u00e9 feita de a\u00e7o inoxid\u00e1vel 304.<\/li><li>Estrutura simples e design razo\u00e1vel. \u00c9 f\u00e1cil de operar e manter.<\/li><li>A m\u00e1quina de lavar garrafas est\u00e1 equipada com roda universal para facilitar a movimenta\u00e7\u00e3o da oficina.<\/li><li>Boa performance. Tem um desempenho muito melhor do que as lavadoras de garrafas tradicionais.<\/li><li>Esta m\u00e1quina \u00e9 usada como dispositivo de controle de temperatura, o equipamento durante o uso de controle de temperatura uniforme, o efeito de esteriliza\u00e7\u00e3o \u00e9 bom.<\/li><li>A m\u00e1quina de lavar garrafas adota um dispositivo conversor de frequ\u00eancia, equipamento que usa velocidade conveniente, opera\u00e7\u00e3o simples, protege efetivamente o motor e prolonga a vida \u00fatil do motor.<\/li><li>Servi\u00e7o OEM. Projetamos e fabricamos m\u00e1quinas de limpeza de garrafas de acordo com suas necessidades espec\u00edficas.<\/li><\/ol>    <h2 class=\"wp-block-heading\">Princ\u00edpio de funcionamento da m\u00e1quina de lavar garrafas <\/h2>    <p>As garrafas s\u00e3o carregadas na se\u00e7\u00e3o de indexa\u00e7\u00e3o subsequente da plataforma e limpas atrav\u00e9s de uma s\u00e9rie de opera\u00e7\u00f5es. S\u00e3o fornecidos porta-garrafas especialmente projetados para segurar garrafas com di\u00e2metro de gargalo. As garrafas s\u00e3o colocadas de cabe\u00e7a para baixo nesses suportes em forma de copo. Pulverize para limpar a parte externa da garrafa. V\u00e1lvulas solen\u00f3ides s\u00e3o fornecidas para regular o tempo de limpeza. Pulverize \u00e1gua quando a garrafa parar, garanta a conserva\u00e7\u00e3o da \u00e1gua e a sequ\u00eancia de v\u00e1rios meios de limpeza para atender a requisitos espec\u00edficos.<\/p>    <figure class=\"wp-block-image size-full\"><img decoding=\"async\" src=\"https:\/\/taizypackaging.com\/wp-content\/uploads\/2022\/03\/Taizy-bottle-washers-factory.jpg\" alt=\"F\u00e1brica de lavadoras de garrafas Taizy\" class=\"wp-image-4248\"\/><figcaption>F\u00e1brica de lavadoras de garrafas Taizy<\/figcaption><\/figure>    <h2 class=\"wp-block-heading\">Comece seu neg\u00f3cio<\/h2>    <p class=\"translation-block\">Estas duas m\u00e1quinas de lavagem de garrafas semiautom\u00e1ticas t\u00eam caracter\u00edsticas e benef\u00edcios diferentes. E s\u00e3o adequadas para ambientes de trabalho e condi\u00e7\u00f5es diferentes. A m\u00e1quina de limpeza de garrafas funciona sempre em conjunto com outros equipamentos, como m\u00e1quina de enchimento de garrafas, <a href=\"https:\/\/taizypackaging.com\/pt\/machines-category\/capping\/\">m\u00e1quina de tampagem de garrafas<\/a>, m\u00e1quina de rotulagem de garrafas. \u00c9 uma parte importante de uma <a href=\"https:\/\/taizypackaging.com\/pt\/machines-category\/bottle-filling-production-line\/\">linha de produ\u00e7\u00e3o de l\u00edquidos<\/a> completa. Se estiver interessado nestas m\u00e1quinas, contacte-nos para uma lista de pre\u00e7os gratuita. <\/p>","protected":false},"excerpt":{"rendered":"<p>Bottle washing machine or bottle washer is designed for cleaning bottles before filling. It is widely used in water, beverage factories, wine factories, cosmetic plants, pharmaceutical factories, and other production lines. Besides, the bottle cleaning machine is suitable for various bottle types, such as plastic bottles, glass bottles, PET bottles, milk bottles, beer bottles, water [&hellip;]<\/p>\n","protected":false},"author":1,"featured_media":4232,"parent":0,"template":"","tags":[618,191,619],"product-type":[663],"class_list":["post-4229","product","type-product","status-publish","has-post-thumbnail","hentry","tag-bottle-washing-machine","tag-glass-bottle","tag-plastic-bottle","product-type-bottle-filling-production-line"],"_links":{"self":[{"href":"https:\/\/taizypackaging.com\/pt\/wp-json\/wp\/v2\/product\/4229","targetHints":{"allow":["GET"]}}],"collection":[{"href":"https:\/\/taizypackaging.com\/pt\/wp-json\/wp\/v2\/product"}],"about":[{"href":"https:\/\/taizypackaging.com\/pt\/wp-json\/wp\/v2\/types\/product"}],"author":[{"embeddable":true,"href":"https:\/\/taizypackaging.com\/pt\/wp-json\/wp\/v2\/users\/1"}],"wp:featuredmedia":[{"embeddable":true,"href":"https:\/\/taizypackaging.com\/pt\/wp-json\/wp\/v2\/media\/4232"}],"wp:attachment":[{"href":"https:\/\/taizypackaging.com\/pt\/wp-json\/wp\/v2\/media?parent=4229"}],"wp:term":[{"taxonomy":"post_tag","embeddable":true,"href":"https:\/\/taizypackaging.com\/pt\/wp-json\/wp\/v2\/tags?post=4229"},{"taxonomy":"product-type","embeddable":true,"href":"https:\/\/taizypackaging.com\/pt\/wp-json\/wp\/v2\/product-type?post=4229"}],"curies":[{"name":"wp","href":"https:\/\/api.w.org\/{rel}","templated":true}]}}