{"id":4257,"date":"2022-03-15T07:30:21","date_gmt":"2022-03-15T07:30:21","guid":{"rendered":"https:\/\/taizypackaging.com\/?p=4257"},"modified":"2024-07-10T18:37:19","modified_gmt":"2024-07-10T10:37:19","slug":"pet-bottle-blowing-machine","status":"publish","type":"product","link":"https:\/\/taizypackaging.com\/pt\/pet-bottle-blowing-machine\/","title":{"rendered":"M\u00e1quina sopradora de garrafas PET"},"content":{"rendered":"<div class=\"kk-star-ratings kksr-auto kksr-align-left kksr-valign-top\"     data-payload='{&quot;align&quot;:&quot;left&quot;,&quot;id&quot;:&quot;4257&quot;,&quot;slug&quot;:&quot;default&quot;,&quot;valign&quot;:&quot;top&quot;,&quot;ignore&quot;:&quot;&quot;,&quot;reference&quot;:&quot;auto&quot;,&quot;class&quot;:&quot;&quot;,&quot;count&quot;:&quot;16&quot;,&quot;legendonly&quot;:&quot;&quot;,&quot;readonly&quot;:&quot;&quot;,&quot;score&quot;:&quot;4.7&quot;,&quot;starsonly&quot;:&quot;&quot;,&quot;best&quot;:&quot;5&quot;,&quot;gap&quot;:&quot;5&quot;,&quot;greet&quot;:&quot;Rate this product&quot;,&quot;legend&quot;:&quot;4.7\\\/5 - (16 votes)&quot;,&quot;size&quot;:&quot;24&quot;,&quot;title&quot;:&quot;PET Bottle Blowing Machine&quot;,&quot;width&quot;:&quot;133.8&quot;,&quot;_legend&quot;:&quot;{score}\\\/{best} - ({count} {votes})&quot;,&quot;font_factor&quot;:&quot;1.25&quot;}'>              <div class=\"kksr-stars\">      <div class=\"kksr-stars-inactive\">             <div class=\"kksr-star\" data-star=\"1\" style=\"padding-right: 5px\">               <div class=\"kksr-icon\" style=\"width: 24px; height: 24px;\"><\/div>         <\/div>             <div class=\"kksr-star\" data-star=\"2\" style=\"padding-right: 5px\">               <div class=\"kksr-icon\" style=\"width: 24px; height: 24px;\"><\/div>         <\/div>             <div class=\"kksr-star\" data-star=\"3\" style=\"padding-right: 5px\">               <div class=\"kksr-icon\" style=\"width: 24px; height: 24px;\"><\/div>         <\/div>             <div class=\"kksr-star\" data-star=\"4\" style=\"padding-right: 5px\">               <div class=\"kksr-icon\" style=\"width: 24px; height: 24px;\"><\/div>         <\/div>             <div class=\"kksr-star\" data-star=\"5\" style=\"padding-right: 5px\">               <div class=\"kksr-icon\" style=\"width: 24px; height: 24px;\"><\/div>         <\/div>     <\/div>      <div class=\"kksr-stars-active\" style=\"width: 133.8px;\">             <div class=\"kksr-star\" style=\"padding-right: 5px\">               <div class=\"kksr-icon\" style=\"width: 24px; height: 24px;\"><\/div>         <\/div>             <div class=\"kksr-star\" style=\"padding-right: 5px\">               <div class=\"kksr-icon\" style=\"width: 24px; height: 24px;\"><\/div>         <\/div>             <div class=\"kksr-star\" style=\"padding-right: 5px\">               <div class=\"kksr-icon\" style=\"width: 24px; height: 24px;\"><\/div>         <\/div>             <div class=\"kksr-star\" style=\"padding-right: 5px\">               <div class=\"kksr-icon\" style=\"width: 24px; height: 24px;\"><\/div>         <\/div>             <div class=\"kksr-star\" style=\"padding-right: 5px\">               <div class=\"kksr-icon\" style=\"width: 24px; height: 24px;\"><\/div>         <\/div>     <\/div> <\/div>                   <div class=\"kksr-legend\" style=\"font-size: 19.2px;\">             4,7\/5 - (16 votos)    <\/div>     <\/div>  <p class=\"translation-block\">A <strong>m\u00e1quina de moldagem por sopro de garrafas PET<\/strong> \u00e9 ideal para fabricar garrafas PET\/PE\/PC de diferentes formas e tamanhos. \u00c9 a solu\u00e7\u00e3o de maior desempenho em termos de custo para requisitos de produ\u00e7\u00e3o em larga escala de garrafas de pl\u00e1stico. Esta <strong>m\u00e1quina de moldagem de garrafas PET<\/strong> \u00e9 bastante adequada para projetos de pequena e m\u00e9dia escala. \u00c9 amplamente utilizada em muitas ind\u00fastrias, como \u00e1gua mineral, ind\u00fastria de \u00e1gua pura, ind\u00fastria de bebidas, ind\u00fastria cosm\u00e9tica, ind\u00fastria farmac\u00eautica, ind\u00fastria de \u00f3leo de cozinha, ind\u00fastria de detergentes l\u00edquidos, etc. Uma m\u00e1quina de moldagem por sopro de garrafas \u00e9 um equipamento essencial para uma linha de produ\u00e7\u00e3o completa em muitas ind\u00fastrias. <\/p>    <h2 class=\"wp-block-heading\">V\u00eddeo de funcionamento da m\u00e1quina de moldagem de garrafas PET semiautom\u00e1tica<\/h2>   <figure class=\"wp-block-embed-youtube wp-block-embed is-type-video is-provider-youtube wp-embed-aspect-16-9 wp-has-aspect-ratio\"><div class=\"lyte-wrapper fourthree\" title=\"Alta velocidade nova de sopro do projeto da m\u00e1quina semi autom\u00e1tica da garrafa do ANIMAL DE ESTIMA\u00c7\u00c3O\" style=\"width:960px;max-width:100%;margin:5px auto;\"><div class=\"lyMe hidef\" id=\"WYL_v7ah4l_6rIQ\" itemprop=\"video\" itemscope itemtype=\"https:\/\/schema.org\/VideoObject\"><div><meta itemprop=\"thumbnailUrl\" content=\"https:\/\/taizypackaging.com\/wp-content\/plugins\/wp-youtube-lyte\/lyteCache.php?origThumbUrl=https%3A%2F%2Fi.ytimg.com%2Fvi%2Fv7ah4l_6rIQ%2Fmaxresdefault.jpg\" \/><meta itemprop=\"embedURL\" content=\"https:\/\/www.youtube.com\/embed\/v7ah4l_6rIQ\" \/><meta itemprop=\"duration\" content=\"PT3M36S\" \/><meta itemprop=\"uploadDate\" content=\"2022-04-06T06:51:11Z\" \/><\/div><div id=\"lyte_v7ah4l_6rIQ\" data-src=\"https:\/\/taizypackaging.com\/wp-content\/plugins\/wp-youtube-lyte\/lyteCache.php?origThumbUrl=https%3A%2F%2Fi.ytimg.com%2Fvi%2Fv7ah4l_6rIQ%2Fmaxresdefault.jpg\" class=\"pL\"><div class=\"tC\"><div class=\"tT\" itemprop=\"name\">Alta velocidade nova de sopro do projeto da m\u00e1quina semi autom\u00e1tica da garrafa do ANIMAL DE ESTIMA\u00c7\u00c3O<\/div><\/div><div class=\"play\"><\/div><div class=\"ctrl\"><div class=\"Lctrl\"><\/div><div class=\"Rctrl\"><\/div><\/div><\/div><noscript><a href=\"https:\/\/youtu.be\/v7ah4l_6rIQ\" rel=\"nofollow noopener\" target=\"_blank\"><img loading=\"lazy\" decoding=\"async\" src=\"https:\/\/taizypackaging.com\/wp-content\/plugins\/wp-youtube-lyte\/lyteCache.php?origThumbUrl=https%3A%2F%2Fi.ytimg.com%2Fvi%2Fv7ah4l_6rIQ%2F0.jpg\" alt=\"Alta velocidade nova de sopro do projeto da m\u00e1quina semi autom\u00e1tica da garrafa do ANIMAL DE ESTIMA\u00c7\u00c3O\" width=\"960\" height=\"700\" \/><br \/>Assista a este v\u00eddeo no YouTube<\/a><\/noscript><meta itemprop=\"description\" content=\"#petbottle #bottleblowingmachine #bottlemouldingmachine Email: info@taizypackaging.com WhatsApp: +86 18837171591 Useful link: https:\/\/taizypackaging.com\/pet-bottle-blowing-machine\/ ---------------------------------------------------- PET bottle blowing machine is ideal to manufacture different shapes and sizes of PET\/PE\/PC bottles. It is the most high-cost performance solution for large production requirements of plastic bottles And this pet bottle molding machine is quite suitable for small and medium-scale projects. It is widely used in lots of industries, such as mineral water, pure water industry, beverage industry, cosmetic industry, pharmaceutical industry, cooking oil industry, liquid detergent industry, etc. A bottle blow machine is essential equipment for a complete manufacturing line in many industries. There are fully and semi automatic plastic bottle blowing machine available from Taizy machinery. They are suitable for different working requirements and working conditions. ---------------------------------------------------- You may also like these videos: Automatic bottle washing machine: https:\/\/www.youtube.com\/watch?v=Y02hdzKkCXo Fully automatic pet bottle filling line: https:\/\/youtu.be\/wRSdydlCgJM ---------------------------------------------------- Email: info@taizypackaging.com WhatsApp: +86 18837171591 Useful link: https:\/\/taizypackaging.com\/pet-bottle-blowing-machine\/\"><\/div><\/div><div class=\"lL\" style=\"max-width:100%;width:960px;margin:5px auto;\"><\/div><figcaption><\/figcaption><\/figure>   <h2 class=\"wp-block-heading\">O que \u00e9 soprar garrafa PET?<\/h2>    <p>Geralmente, existe um processo de sopro de garrafa PET na fabrica\u00e7\u00e3o de uma garrafa pl\u00e1stica. E esse processo geralmente \u00e9 finalizado por uma m\u00e1quina sopradora de garrafas. E h\u00e1 uma m\u00e1quina sopradora de garrafas PET semiautom\u00e1tica e uma m\u00e1quina sopradora de garrafas PET totalmente autom\u00e1tica. Essas m\u00e1quinas podem completar o processo de alongamento e sopro. Eles t\u00eam caracter\u00edsticas e vantagens diferentes. Se voc\u00ea est\u00e1 procurando uma m\u00e1quina de moldagem de garrafas confi\u00e1vel, \u00e9 necess\u00e1rio que voc\u00ea esclare\u00e7a suas necessidades.<\/p>    <figure class=\"wp-block-image size-full\"><img decoding=\"async\" src=\"https:\/\/taizypackaging.com\/wp-content\/uploads\/2022\/03\/two-stage-bottle-moulding-machine.jpg\" alt=\"m\u00e1quina de moldagem de garrafas de dois est\u00e1gios\" class=\"wp-image-4266\"\/><figcaption class=\"wp-element-caption\">m\u00e1quina de moldagem de garrafas de dois est\u00e1gios<\/figcaption><\/figure>    <h2 class=\"wp-block-heading\">Caracter\u00edsticas de desempenho da m\u00e1quina sopradora de garrafas PET Taizy<\/h2>    <ul class=\"wp-block-list\" type=\"1\"> <li>A luz infravermelha \u00e9 misturada ao pr\u00e9-aquecedor para garantir que a pr\u00e9-forma da garrafa PET seja aquecida uniformemente.<\/li>    <li>Os bra\u00e7os mec\u00e2nicos s\u00e3o sedados para garantir que o molde fique bem fechado sob altas temperaturas.<\/li> <\/ul>    <ul class=\"wp-block-list\"> <li>O sistema pneum\u00e1tico consiste em duas partes: a parte de atua\u00e7\u00e3o pneum\u00e1tica e a parte da garrafa de sopro, para atender aos diferentes requisitos de atua\u00e7\u00e3o e sopro, fornece alta press\u00e3o est\u00e1vel suficiente para sopro. Fornece alta press\u00e3o est\u00e1vel para soprar garrafas grandes com formatos irregulares.<\/li>    <li>\u00c9 equipado com silenciador e sistema de lubrifica\u00e7\u00e3o para lubrifica\u00e7\u00e3o das partes mec\u00e2nicas da m\u00e1quina.<\/li>    <li>Design e estrutura razo\u00e1veis. A m\u00e1quina sopradora de garrafas pl\u00e1sticas \u00e9 f\u00e1cil de operar e manter.<\/li>    <li>Amplas aplica\u00e7\u00f5es. Pode fabricar v\u00e1rias garrafas PET substituindo diferentes moldes. \u00a0<\/li> <\/ul>    <h2 class=\"wp-block-heading\">Par\u00e2metros da m\u00e1quina sopradora de garrafas PET<\/h2>    <figure class=\"wp-block-table is-style-regular\" style=\"font-size:12px\"><table><tbody><tr><td>TIPO<\/td><td>ITEM<\/td><td>MEDI\u00c7\u00c3O<\/td><td>HZ-880 Tipo combinado<\/td><td>Tipo padr\u00e3o HZ-880<\/td><\/tr><tr><td>PRODUTO FINAL<\/td><td>Material<\/td><td>\/<\/td><td>PET\/PP\/PE\/PC<\/td><td>PET\/PP\/PE\/PC<\/td><\/tr><tr><td>&nbsp;<\/td><td>Volume<\/td><td>eu<\/td><td>0,05-2,5(2 cavidades)3-6(1 cavidade)<\/td><td>0,05-2,5 (2 cavidades) 3-6 (1 cavidade)<\/td><\/tr><tr><td>&nbsp;<\/td><td>Produ\u00e7\u00e3o te\u00f3rica<\/td><td>Unidades\/h<\/td><td>0,05-2,5L\/17003-6L\/800<\/td><td>0,05-2,5L\/8503-6L\/400<\/td><\/tr><tr><td>&nbsp;<\/td><td>m\u00e1x. di\u00e2metro<\/td><td>mil\u00edmetros<\/td><td>360<\/td><td>360<\/td><\/tr><tr><td>&nbsp;<\/td><td>M\u00e1x. placa de molde<br>dimens\u00e3o (L\u00d7H)<\/td><td>mil\u00edmetros<\/td><td>180<\/td><td>180<\/td><\/tr><tr><td>PLACA DE MOLDE<\/td><td>M\u00e1x. espessura do molde<\/td><td>mil\u00edmetros<\/td><td>420\u00d7500<\/td><td>420\u00d7500<\/td><\/tr><tr><td>&nbsp;<\/td><td>Curso de abertura do molde (ajust\u00e1vel)<\/td><td>mil\u00edmetros<\/td><td>160-240<\/td><td>160-240<\/td><\/tr><tr><td>&nbsp;<\/td><td>For\u00e7a de aperto<\/td><td>KN<\/td><td>90<\/td><td>90<\/td><\/tr><tr><td>&nbsp;<\/td><td>Compressor\u00a0de alta press\u00e3o \u00a0M3\/Mpa<\/td><td>mil\u00edmetros<\/td><td>200<\/td><td>200<\/td><\/tr><tr><td>AUXILIAR<\/td><td>Tens\u00e3o\/Frequ\u00eancia<\/td><td>KW<\/td><td>&gt;=0,70\/3,0\u00d71conjunto 22<\/td><td>&gt;=0,7\/3,0\u00d72 conjuntos 22<\/td><\/tr><tr><td>&nbsp;<\/td><td>Filtros de ar de precis\u00e3o<\/td><td>M3\/Mpa<\/td><td>&gt;=1,0\/3,0\u00d72 unidades<\/td><td>&gt;=1,0\/3,0\u00d72 unidades<\/td><\/tr><tr><td>ELETRICIDADE DA M\u00c1QUINA PRINCIPAL<\/td><td>Poder<\/td><td>KW<\/td><td>12<\/td><td>12<\/td><\/tr><tr><td><\/td><td>Voltae\/Frequ\u00eancia<\/td><td>V\/Hz<\/td><td>220-380\/50-60<\/td><td><\/td><\/tr><tr><td>TAMANHO DA M\u00c1QUINA<br>E PESO<\/td><td>Dimens\u00e3o do corpo principal (C\u00d7L\u00d7A)<\/td><td>M<\/td><td>1,45\u00d70,6\u00d71,75<\/td><td>1,45\u00d70,6\u00d71,75<\/td><\/tr><tr><td>&nbsp;<\/td><td>Peso corporal principal<\/td><td>T<\/td><td>0.6<\/td><td>0.6<\/td><\/tr><tr><td>&nbsp;<\/td><td>Dimens\u00e3o do transportador (L*W*H)<\/td><td>M<\/td><td>1,40\u00d70,62\u00d71,25<\/td><td>1,40\u00d70,62\u00d71,25<\/td><\/tr><tr><td>&nbsp;<\/td><td>Peso do transportador<\/td><td>T<\/td><td>0.22<\/td><td>0.22<\/td><\/tr><\/tbody><\/table><\/figure>    <h2 class=\"wp-block-heading\">Uma breve introdu\u00e7\u00e3o \u00e0s garrafas pl\u00e1sticas<\/h2>    <p>Hoje, mais de 80% de garrafas produzidas s\u00e3o para a ind\u00fastria de bebidas, a grande maioria das quais \u00e9 feita com tecnologia de dois est\u00e1gios.\u00a0Os 15% a 20% restantes podem escolher qualquer um dos processos e muitas das decis\u00f5es s\u00e3o, na verdade, orientadas por pre\u00e7os de ferramentas inferiores a 200 (a produ\u00e7\u00e3o de m\/ano \u00e9 tantas aplica\u00e7\u00f5es personalizadas), e at\u00e9 mesmo comprar ferramentas de est\u00e1gio \u00fanico de quatro cavidades para comprar o desempenho da garrafa \u00e9 tamb\u00e9m \u00e9 dif\u00edcil provar sua racionalidade e funcionar com cavidade dupla e o motor precisa de menos gastos de capital. Nos \u00faltimos 10 anos, o n\u00famero de garrafas dispon\u00edveis em tarugo aumentou dramaticamente\u00a0em todo o mundo.\u00a0Como o desempenho \u00e9 diferente das garrafas, seu custo de transporte \u00e9 econ\u00f4mico.<\/p>    <figure class=\"wp-block-image size-full\"><img decoding=\"async\" src=\"https:\/\/taizypackaging.com\/wp-content\/uploads\/2022\/03\/plastic-bottles.jpg\" alt=\"garrafas pl\u00e1sticas\" class=\"wp-image-4263\"\/><figcaption class=\"wp-element-caption\">garrafas pl\u00e1sticas<\/figcaption><\/figure>    <h2 class=\"wp-block-heading\">Como funcionam as m\u00e1quinas sopradoras de PET?<\/h2>    <p>Resumindo, uma m\u00e1quina sopradora autom\u00e1tica de garrafas PET \u00e9 inteligente. Atualmente, na m\u00e1quina de moldagem por sopro linear de duas etapas, todo o processo de moldagem por sopro \u00e9 dividido em pr\u00e9-aquecimento e moldagem por sopro. O princ\u00edpio de funcionamento espec\u00edfico \u00e9 o seguinte.<\/p>    <ol class=\"wp-block-list\"> <li>Todo o alimentador autom\u00e1tico de transfer\u00eancia de garrafas carrega a garrafa na posi\u00e7\u00e3o de fixa\u00e7\u00e3o, e o dispositivo de fixa\u00e7\u00e3o retira a garrafa e entra no forno de aquecimento. &nbsp;<\/li>    <li>Atrav\u00e9s da corrente transportadora. O forno infravermelho possui duas fileiras de l\u00e2mpadas horizontais com linhas vermelhas. A temperatura de cada tubo pode ser ajustada pelo microcontrolador PLC. As l\u00e2mpadas da linha vermelha superior e inferior s\u00e3o est\u00e1veis \u200b\u200bsob temperatura constante, mas a altura \u00e9 diferente. Ao mesmo tempo, devido ao ambiente de alta temperatura, a temperatura do meio da garrafa at\u00e9 o fundo da garrafa \u00e9 controlada por temperatura constante atrav\u00e9s do tubo de dispers\u00e3o no resfriador. \u00c0 medida que o ar quente evapora para cima, a temperatura do fundo da garrafa \u00e9 relativamente baixa.<\/li>    <li>Soprando na garrafa. Pr\u00e9-forma aquecida no dispositivo de fixa\u00e7\u00e3o para soprar a pr\u00e9-forma de garrafa quente no tarugo de vidraria do dispositivo de fixa\u00e7\u00e3o. Com o sopro, a garrafa realiza alongamento na parte inferior da haste, soprando at\u00e9 certo ponto, soprando em baixa press\u00e3o e soprando em alta press\u00e3o ao mesmo tempo. Em um per\u00edodo muito curto de tempo, moldagem instant\u00e2nea da garrafa e sopro da garrafa. Antes de soprar o g\u00e1s, geralmente \u00e9 instalado por uma pessoa. O g\u00e1s passa pelo filtro para filtrar a \u00e1gua do ar e o \u00f3leo na lubrifica\u00e7\u00e3o do equipamento. O g\u00e1s est\u00e1 limpo e a garrafa formada n\u00e3o tem cheiro de \u00f3leo. Al\u00e9m disso, a garrafa quente no dispositivo de fechamento do molde aumentar\u00e1 a temperatura no molde, afetando assim a garrafa e o equipamento.<\/li>    <li>Recicle o g\u00e1s de alta e baixa press\u00e3o na garrafa de g\u00e1s em excesso ap\u00f3s soprar uma vez, a exaust\u00e3o do g\u00e1s causar\u00e1 desperd\u00edcio de energia e aumentar\u00e1 o consumo de energia instalando o dispositivo de recupera\u00e7\u00e3o de g\u00e1s, soprando e soprando atrav\u00e9s da v\u00e1lvula unidirecional em o tanque de armazenamento de g\u00e1s pode economizar 25% do consumo de energia. \u00a0\u00a0\u00a0<\/li> <\/ol>    <figure class=\"wp-block-image size-full\"><img decoding=\"async\" src=\"https:\/\/taizypackaging.com\/wp-content\/uploads\/2022\/03\/plastic-bottle-blow-machine-working-process.jpg\" alt=\"processo de trabalho da m\u00e1quina sopradora de garrafas de pl\u00e1stico\" class=\"wp-image-4262\"\/><figcaption class=\"wp-element-caption\">processo de trabalho da m\u00e1quina sopradora de garrafas de pl\u00e1stico<\/figcaption><\/figure>    <h2 class=\"wp-block-heading\">Contate-nos para um or\u00e7amento gratuito<\/h2>    <p class=\"translation-block\">Existem m\u00e1quinas de moldagem por sopro de pl\u00e1stico totalmente autom\u00e1ticas e semiautom\u00e1ticas dispon\u00edveis na Taizy Machinery. S\u00e3o adequadas para diferentes requisitos de trabalho e condi\u00e7\u00f5es de trabalho. Geralmente, uma m\u00e1quina de moldagem por sopro de garrafas \u00e9 uma parte importante de uma linha de produ\u00e7\u00e3o completa de bebidas. Pode reduzir significativamente os seus custos e melhorar a sua produtividade. Como fornecedor l\u00edder de solu\u00e7\u00f5es de embalagem, fornecemos muitos outros equipamentos para atender \u00e0 sua demanda, como m\u00e1quinas de arruma\u00e7\u00e3o, m\u00e1quinas de enchimento de l\u00edquidos <a href=\"https:\/\/taizypackaging.com\/pt\/automatic-liquid-filling-machine\/\">liquid bottle filling machine<\/a>s, m\u00e1quinas de rotulagem de garrafas e m\u00e1quinas de tampar <a href=\"https:\/\/taizypackaging.com\/pt\/machines-category\/capping\/\">capping machine<\/a>s. Se tiver interesse, contacte-nos para obter uma lista de pre\u00e7os gratuita. <\/p>","protected":false},"excerpt":{"rendered":"<p>PET bottle blowing machine is ideal for manufacturing different shapes and sizes of PET\/PE\/PC bottles. It is the most high-cost performance solution for large production requirements of plastic bottles. This pet bottle molding machine is quite suitable for small and medium-scale projects. It is widely used in lots of industries, such as mineral water, pure [&hellip;]<\/p>\n","protected":false},"author":1,"featured_media":4261,"parent":0,"template":"","tags":[623,622],"product-type":[663],"class_list":["post-4257","product","type-product","status-publish","has-post-thumbnail","hentry","tag-bottle-blowing-machine","tag-pet-bottle","product-type-bottle-filling-production-line"],"_links":{"self":[{"href":"https:\/\/taizypackaging.com\/pt\/wp-json\/wp\/v2\/product\/4257","targetHints":{"allow":["GET"]}}],"collection":[{"href":"https:\/\/taizypackaging.com\/pt\/wp-json\/wp\/v2\/product"}],"about":[{"href":"https:\/\/taizypackaging.com\/pt\/wp-json\/wp\/v2\/types\/product"}],"author":[{"embeddable":true,"href":"https:\/\/taizypackaging.com\/pt\/wp-json\/wp\/v2\/users\/1"}],"wp:featuredmedia":[{"embeddable":true,"href":"https:\/\/taizypackaging.com\/pt\/wp-json\/wp\/v2\/media\/4261"}],"wp:attachment":[{"href":"https:\/\/taizypackaging.com\/pt\/wp-json\/wp\/v2\/media?parent=4257"}],"wp:term":[{"taxonomy":"post_tag","embeddable":true,"href":"https:\/\/taizypackaging.com\/pt\/wp-json\/wp\/v2\/tags?post=4257"},{"taxonomy":"product-type","embeddable":true,"href":"https:\/\/taizypackaging.com\/pt\/wp-json\/wp\/v2\/product-type?post=4257"}],"curies":[{"name":"wp","href":"https:\/\/api.w.org\/{rel}","templated":true}]}}