{"id":4278,"date":"2022-03-16T09:06:47","date_gmt":"2022-03-16T09:06:47","guid":{"rendered":"https:\/\/taizypackaging.com\/?p=4278"},"modified":"2024-07-17T16:57:10","modified_gmt":"2024-07-17T08:57:10","slug":"water-treatment-equipment","status":"publish","type":"product","link":"https:\/\/taizypackaging.com\/pt\/water-treatment-equipment\/","title":{"rendered":"Equipamento de tratamento de \u00e1gua"},"content":{"rendered":"<div class=\"kk-star-ratings kksr-auto kksr-align-left kksr-valign-top\"     data-payload='{&quot;align&quot;:&quot;left&quot;,&quot;id&quot;:&quot;4278&quot;,&quot;slug&quot;:&quot;default&quot;,&quot;valign&quot;:&quot;top&quot;,&quot;ignore&quot;:&quot;&quot;,&quot;reference&quot;:&quot;auto&quot;,&quot;class&quot;:&quot;&quot;,&quot;count&quot;:&quot;25&quot;,&quot;legendonly&quot;:&quot;&quot;,&quot;readonly&quot;:&quot;&quot;,&quot;score&quot;:&quot;4.8&quot;,&quot;starsonly&quot;:&quot;&quot;,&quot;best&quot;:&quot;5&quot;,&quot;gap&quot;:&quot;5&quot;,&quot;greet&quot;:&quot;Rate this product&quot;,&quot;legend&quot;:&quot;4.8\\\/5 - (25 votes)&quot;,&quot;size&quot;:&quot;24&quot;,&quot;title&quot;:&quot;Water Treatment Equipment&quot;,&quot;width&quot;:&quot;136.7&quot;,&quot;_legend&quot;:&quot;{score}\\\/{best} - ({count} {votes})&quot;,&quot;font_factor&quot;:&quot;1.25&quot;}'>              <div class=\"kksr-stars\">      <div class=\"kksr-stars-inactive\">             <div class=\"kksr-star\" data-star=\"1\" style=\"padding-right: 5px\">               <div class=\"kksr-icon\" style=\"width: 24px; height: 24px;\"><\/div>         <\/div>             <div class=\"kksr-star\" data-star=\"2\" style=\"padding-right: 5px\">               <div class=\"kksr-icon\" style=\"width: 24px; height: 24px;\"><\/div>         <\/div>             <div class=\"kksr-star\" data-star=\"3\" style=\"padding-right: 5px\">               <div class=\"kksr-icon\" style=\"width: 24px; height: 24px;\"><\/div>         <\/div>             <div class=\"kksr-star\" data-star=\"4\" style=\"padding-right: 5px\">               <div class=\"kksr-icon\" style=\"width: 24px; height: 24px;\"><\/div>         <\/div>             <div class=\"kksr-star\" data-star=\"5\" style=\"padding-right: 5px\">               <div class=\"kksr-icon\" style=\"width: 24px; height: 24px;\"><\/div>         <\/div>     <\/div>      <div class=\"kksr-stars-active\" style=\"width: 136.7px;\">             <div class=\"kksr-star\" style=\"padding-right: 5px\">               <div class=\"kksr-icon\" style=\"width: 24px; height: 24px;\"><\/div>         <\/div>             <div class=\"kksr-star\" style=\"padding-right: 5px\">               <div class=\"kksr-icon\" style=\"width: 24px; height: 24px;\"><\/div>         <\/div>             <div class=\"kksr-star\" style=\"padding-right: 5px\">               <div class=\"kksr-icon\" style=\"width: 24px; height: 24px;\"><\/div>         <\/div>             <div class=\"kksr-star\" style=\"padding-right: 5px\">               <div class=\"kksr-icon\" style=\"width: 24px; height: 24px;\"><\/div>         <\/div>             <div class=\"kksr-star\" style=\"padding-right: 5px\">               <div class=\"kksr-icon\" style=\"width: 24px; height: 24px;\"><\/div>         <\/div>     <\/div> <\/div>                   <div class=\"kksr-legend\" style=\"font-size: 19.2px;\">             4,8\/5 - (25 votos)    <\/div>     <\/div>  <p class=\"translation-block\"><strong>Equipamento de tratamento de \u00e1gua<\/strong> aqui \u00e9 um sistema comercial de osmose reversa. O <strong>sistema de osmose reversa<\/strong> \u00e9 muito popular e \u00e9 o melhor sistema de tratamento de \u00e1gua. Consiste em um filtro de areia de quartzo, filtro de carv\u00e3o ativado, filtro de resina, RO osmose reversa, bomba de alta press\u00e3o e filtro de seguran\u00e7a. O <strong>equipamento de purifica\u00e7\u00e3o de \u00e1gua<\/strong> tem uma ampla gama de aplica\u00e7\u00f5es. \u00c9 ideal para f\u00e1bricas de manufatura, f\u00e1bricas de alimentos e bebidas, restaurantes, escolas, fazendas, hospitais, hot\u00e9is, apartamentos, etc. Al\u00e9m disso, este <strong>sistema industrial de tratamento de \u00e1gua<\/strong> utiliza tecnologia avan\u00e7ada e material dur\u00e1vel, o que garante bom desempenho e longa vida \u00fatil.<\/p>    <h2 class=\"wp-block-heading\">\u00c1rea de aplica\u00e7\u00e3o do equipamento de tratamento de \u00e1gua Taizy <\/h2>    <ol class=\"wp-block-list\" type=\"1\"> <li>Hot\u00e9is, apartamentos, restaurantes e outros locais comerciais<\/li>    <li>Alimentos, \u00e1gua pot\u00e1vel dom\u00e9stica, \u00e1gua pot\u00e1vel de f\u00e1brica, \u00e1gua pot\u00e1vel engarrafada<\/li>    <li>Tratamento de \u00e1guas residuais da ind\u00fastria<\/li>    <li>Escola, hospital, tratamento de superf\u00edcie, laborat\u00f3rio, caldeira industrial, teste hidr\u00e1ulico, tratamento de \u00e1gua de caldeira de alta press\u00e3o, caldeira de central el\u00e9trica<\/li>    <li>Tratamento de \u00e1gua na ind\u00fastria eletr\u00f4nica<\/li>    <li>Vida di\u00e1ria, \u00e1gua qu\u00edmica, ind\u00fastria agr\u00edcola<\/li> <\/ol>    <figure class=\"wp-block-image size-full\"><img decoding=\"async\" src=\"https:\/\/taizypackaging.com\/wp-content\/uploads\/2022\/03\/water-treatment-equipment-application.jpg\" alt=\"aplica\u00e7\u00e3o de equipamento de tratamento de \u00e1gua\" class=\"wp-image-4297\"\/><figcaption class=\"wp-element-caption\">aplica\u00e7\u00e3o de equipamento de tratamento de \u00e1gua<\/figcaption><\/figure>    <h2 class=\"wp-block-heading\">Recursos de desempenho <\/h2>    <ol class=\"wp-block-list\" type=\"1\"> <li>Alta taxa de rejei\u00e7\u00e3o de sal superior a 99%<\/li>    <li>Estrutura simples, design perfeito, f\u00e1cil de operar e manter<\/li>    <li>Tecnologia avan\u00e7ada e material de a\u00e7o inoxid\u00e1vel dur\u00e1vel, longa vida \u00fatil e desempenho est\u00e1vel<\/li>    <li>Economia de energia e baixo custo de manuten\u00e7\u00e3o<\/li>    <li>O sistema de controle autom\u00e1tico, tamanho pequeno<\/li>    <li>Amplas aplica\u00e7\u00f5es. \u00c9 adequado para v\u00e1rios setores<\/li> <\/ol>    <h2 class=\"wp-block-heading\">Por que escolher a m\u00e1quina de tratamento de \u00e1gua Taizy como sua primeira escolha?<\/h2>    <p class=\"translation-block\">Como um famoso fabricante e exportador de equipamentos de purifica\u00e7\u00e3o de \u00e1gua, <a href=\"https:\/\/taizypackaging.com\/pt\/\">Taizy Machinery<\/a> fornece excelentes equipamentos de tratamento por osmose reversa \u00e0 venda. Aqui est\u00e3o algumas raz\u00f5es para escolher o sistema comercial de tratamento de \u00e1gua da Taizy como sua melhor escolha.<\/p>    <ol class=\"wp-block-list\" type=\"1\"> <li>Economiza dinheiro. Com o equipamento de purifica\u00e7\u00e3o de \u00e1gua Taizy, voc\u00ea pode parar de comprar \u00e1gua engarrafada e ocultar o fornecimento de \u00e1gua. Nossa m\u00e1quina multifuncional de purifica\u00e7\u00e3o de \u00e1gua pode ajudar muito a economizar seu dinheiro.<\/li>    <li>Melhore o sabor. O sistema de tratamento de \u00e1gua Taizy melhora o sabor, a apar\u00eancia e o odor da \u00e1gua.<\/li>    <li>Remove impurezas. Nosso sistema RO remove poluentes da \u00e1gua, incluindo pesticidas, niteatos, sulfatos e muito mais. Um filtro RO tamb\u00e9m remove cloraminas e cloro.<\/li>    <li>Manuten\u00e7\u00e3o simples. O sistema de filtro de \u00e1gua por osmose reversa e poucas pe\u00e7as substitu\u00edveis ou m\u00f3veis facilitam a opera\u00e7\u00e3o e a manuten\u00e7\u00e3o.<\/li> <\/ol>    <figure class=\"wp-block-image size-full\"><img decoding=\"async\" src=\"https:\/\/taizypackaging.com\/wp-content\/uploads\/2022\/03\/water-treatment-machine-factory.jpg\" alt=\"f\u00e1brica de m\u00e1quinas de tratamento de \u00e1gua\" class=\"wp-image-4287\"\/><figcaption class=\"wp-element-caption\">f\u00e1brica de m\u00e1quinas de tratamento de \u00e1gua<\/figcaption><\/figure>    <h2 class=\"wp-block-heading\">Princ\u00edpio de funcionamento do sistema de tratamento de \u00e1gua <\/h2>    <ul class=\"wp-block-list\" type=\"1\"> <li>Pr\u00e9-tratamento da primeira fase. (filtro de areia)<\/li> <\/ul>    <p>Adote filtro de areia de quartzo multim\u00e9dio, o objetivo principal \u00e9 remover \u00e1gua contendo precipitados, mangan\u00eas, ferrugem, subst\u00e2ncias coloidais, impurezas mec\u00e2nicas, s\u00f3lidos em suspens\u00e3o e outras part\u00edculas com mais de 20 UM prejudiciais \u00e0 sa\u00fade.<\/p>    <ul class=\"wp-block-list\"> <li>Pr\u00e9-tratamento de segunda etapa (filtro de carbono)<\/li> <\/ul>    <p>Filtros de carv\u00e3o ativado s\u00e3o usados \u200b\u200bpara remover pigmentos, odores e um grande n\u00famero de organismos qu\u00edmicos e biol\u00f3gicos da \u00e1gua e reduzir o valor residual da \u00e1gua e poluentes nocivos, como a polui\u00e7\u00e3o por pesticidas.<\/p>    <ul class=\"wp-block-list\"> <li>Pr\u00e9-tratamento de terceiro est\u00e1gio (filtro de carbono)<\/li> <\/ul>    <p>Os trocadores de \u00edons s\u00e3o usados \u200b\u200bpara amaciar a \u00e1gua, principalmente para remover a dureza da \u00e1gua. Prevenindo assim eficazmente a polui\u00e7\u00e3o da membrana de osmose reversa. O sistema pode recuar automaticamente.<\/p>    <ul class=\"wp-block-list\"> <li>Pr\u00e9-tratamento de quarta etapa (filtro de precis\u00e3o)<\/li> <\/ul>    <p>O tamanho das part\u00edculas pode remover as pequenas part\u00edculas da \u00e1gua, um filtro de areia pode remover as pequenas part\u00edculas coloidais da \u00e1gua para que a turbidez atinja 1 grau.<\/p>    <ul class=\"wp-block-list\"> <li>Sistema RO<\/li> <\/ul>    <p>O equipamento central da bomba \u00e9 importado e a membrana \u00e9 importada da HYDRAutics USA. Equipado com um conjunto completo de unidades de limpeza. Possui caracter\u00edsticas de estrutura simples, opera\u00e7\u00e3o conveniente e alto n\u00edvel t\u00e9cnico.<\/p>    <h2 class=\"wp-block-heading\">Servi\u00e7o p\u00f3s-venda<\/h2>    <ol class=\"wp-block-list\" type=\"1\"> <li>Enviamos engenheiros para ajudar na instala\u00e7\u00e3o, treinamento e manuten\u00e7\u00e3o, se necess\u00e1rio.<\/li>    <li>Servi\u00e7o on-line 24 horas\/7 dias.<\/li>    <li>Fornecemos os documentos necess\u00e1rios com a m\u00e1quina como os seguintes: <ol class=\"wp-block-list\"> <li>diagrama de eletricidade<\/li>    <li>Layout da m\u00e1quina<\/li>    <li>Manual<\/li>    <li>Certificado de m\u00e1quina<\/li> <\/ol> <\/li>    <li>Ap\u00f3s um ano de garantia, oferecemos servi\u00e7o de visita t\u00e9cnica paga e pe\u00e7as de reposi\u00e7\u00e3o.<\/li> <\/ol>    <h2 class=\"wp-block-heading\">Conclus\u00e3o <\/h2>    <p class=\"translation-block\">Como uma empresa de maquin\u00e1rio forte com um poderoso servi\u00e7o OEM, fornecemos excelentes equipamentos de tratamento de \u00e1gua \u00e0 venda para clientes em todo o mundo. Al\u00e9m da m\u00e1quina de tratamento de \u00e1gua, h\u00e1 uma <a href=\"https:\/\/taizypackaging.com\/pt\/bottle-filling-machine\/\">linha de enchimento de garrafas de \u00e1gua<\/a> completa dispon\u00edvel em nossa f\u00e1brica. Al\u00e9m disso, fornecemos v\u00e1rias <a href=\"https:\/\/taizypackaging.com\/pt\/machines-category\/capping\/\">m\u00e1quinas de tampagem de garrafas<\/a> e m\u00e1quinas de rotulagem de garrafas. Se estiver interessado, entre em contato conosco para uma lista de pre\u00e7os gratuita. <\/p>","protected":false},"excerpt":{"rendered":"<p>Water treatment equipment here is a commercial revere osmosis system. The reverse osmosis system is very popular and it is the best water treatment system. It consists of a quartz sand filter, activated carbon filter, resin filter, RO reverse osmosis, high-pressure pump, and security filter. Water purification equipment has a wide range of applications. It [&hellip;]<\/p>\n","protected":false},"author":1,"featured_media":4284,"parent":0,"template":"","tags":[624,625],"product-type":[663],"class_list":["post-4278","product","type-product","status-publish","has-post-thumbnail","hentry","tag-water-treatment","tag-water-treatment-equipment","product-type-bottle-filling-production-line"],"_links":{"self":[{"href":"https:\/\/taizypackaging.com\/pt\/wp-json\/wp\/v2\/product\/4278","targetHints":{"allow":["GET"]}}],"collection":[{"href":"https:\/\/taizypackaging.com\/pt\/wp-json\/wp\/v2\/product"}],"about":[{"href":"https:\/\/taizypackaging.com\/pt\/wp-json\/wp\/v2\/types\/product"}],"author":[{"embeddable":true,"href":"https:\/\/taizypackaging.com\/pt\/wp-json\/wp\/v2\/users\/1"}],"wp:featuredmedia":[{"embeddable":true,"href":"https:\/\/taizypackaging.com\/pt\/wp-json\/wp\/v2\/media\/4284"}],"wp:attachment":[{"href":"https:\/\/taizypackaging.com\/pt\/wp-json\/wp\/v2\/media?parent=4278"}],"wp:term":[{"taxonomy":"post_tag","embeddable":true,"href":"https:\/\/taizypackaging.com\/pt\/wp-json\/wp\/v2\/tags?post=4278"},{"taxonomy":"product-type","embeddable":true,"href":"https:\/\/taizypackaging.com\/pt\/wp-json\/wp\/v2\/product-type?post=4278"}],"curies":[{"name":"wp","href":"https:\/\/api.w.org\/{rel}","templated":true}]}}