{"id":4356,"date":"2022-03-18T10:26:08","date_gmt":"2022-03-18T10:26:08","guid":{"rendered":"https:\/\/taizypackaging.com\/?p=4356"},"modified":"2024-07-16T18:16:08","modified_gmt":"2024-07-16T10:16:08","slug":"rotary-premade-pouch-packing-machine","status":"publish","type":"product","link":"https:\/\/taizypackaging.com\/pt\/rotary-premade-pouch-packing-machine\/","title":{"rendered":"M\u00e1quina rotativa de embalagem de bolsas pr\u00e9-fabricadas"},"content":{"rendered":"<div class=\"kk-star-ratings kksr-auto kksr-align-left kksr-valign-top\"     data-payload='{&quot;align&quot;:&quot;left&quot;,&quot;id&quot;:&quot;4356&quot;,&quot;slug&quot;:&quot;default&quot;,&quot;valign&quot;:&quot;top&quot;,&quot;ignore&quot;:&quot;&quot;,&quot;reference&quot;:&quot;auto&quot;,&quot;class&quot;:&quot;&quot;,&quot;count&quot;:&quot;6&quot;,&quot;legendonly&quot;:&quot;&quot;,&quot;readonly&quot;:&quot;&quot;,&quot;score&quot;:&quot;4.8&quot;,&quot;starsonly&quot;:&quot;&quot;,&quot;best&quot;:&quot;5&quot;,&quot;gap&quot;:&quot;5&quot;,&quot;greet&quot;:&quot;Rate this product&quot;,&quot;legend&quot;:&quot;4.8\\\/5 - (6 votes)&quot;,&quot;size&quot;:&quot;24&quot;,&quot;title&quot;:&quot;Rotary Premade Pouch Packing Machine&quot;,&quot;width&quot;:&quot;136.7&quot;,&quot;_legend&quot;:&quot;{score}\\\/{best} - ({count} {votes})&quot;,&quot;font_factor&quot;:&quot;1.25&quot;}'>              <div class=\"kksr-stars\">      <div class=\"kksr-stars-inactive\">             <div class=\"kksr-star\" data-star=\"1\" style=\"padding-right: 5px\">               <div class=\"kksr-icon\" style=\"width: 24px; height: 24px;\"><\/div>         <\/div>             <div class=\"kksr-star\" data-star=\"2\" style=\"padding-right: 5px\">               <div class=\"kksr-icon\" style=\"width: 24px; height: 24px;\"><\/div>         <\/div>             <div class=\"kksr-star\" data-star=\"3\" style=\"padding-right: 5px\">               <div class=\"kksr-icon\" style=\"width: 24px; height: 24px;\"><\/div>         <\/div>             <div class=\"kksr-star\" data-star=\"4\" style=\"padding-right: 5px\">               <div class=\"kksr-icon\" style=\"width: 24px; height: 24px;\"><\/div>         <\/div>             <div class=\"kksr-star\" data-star=\"5\" style=\"padding-right: 5px\">               <div class=\"kksr-icon\" style=\"width: 24px; height: 24px;\"><\/div>         <\/div>     <\/div>      <div class=\"kksr-stars-active\" style=\"width: 136.7px;\">             <div class=\"kksr-star\" style=\"padding-right: 5px\">               <div class=\"kksr-icon\" style=\"width: 24px; height: 24px;\"><\/div>         <\/div>             <div class=\"kksr-star\" style=\"padding-right: 5px\">               <div class=\"kksr-icon\" style=\"width: 24px; height: 24px;\"><\/div>         <\/div>             <div class=\"kksr-star\" style=\"padding-right: 5px\">               <div class=\"kksr-icon\" style=\"width: 24px; height: 24px;\"><\/div>         <\/div>             <div class=\"kksr-star\" style=\"padding-right: 5px\">               <div class=\"kksr-icon\" style=\"width: 24px; height: 24px;\"><\/div>         <\/div>             <div class=\"kksr-star\" style=\"padding-right: 5px\">               <div class=\"kksr-icon\" style=\"width: 24px; height: 24px;\"><\/div>         <\/div>     <\/div> <\/div>                   <div class=\"kksr-legend\" style=\"font-size: 19.2px;\">             4,8\/5 - (6 votos)    <\/div>     <\/div>  <p class=\"translation-block\"><strong>A m\u00e1quina rotativa de embalagem de bolsas prontas<\/strong> aqui est\u00e1 concebida para uma procura de produ\u00e7\u00e3o m\u00e9dia a grande. Possui um elevado n\u00edvel de automa\u00e7\u00e3o e super efici\u00eancia. Esta <strong>m\u00e1quina de enchimento e selagem de bolsas prontas<\/strong> pode completar automaticamente o processo de retirar a bolsa, abrir a bolsa, encher, selar, imprimir a data e sa\u00edda. A <strong>m\u00e1quina rotativa de embalagem de bolsas prontas<\/strong> tem a mais recente tecnologia, um sistema de controlo PLC, um motor famoso, uma estrutura mec\u00e2nica, f\u00e1cil opera\u00e7\u00e3o, manuten\u00e7\u00e3o e desempenho est\u00e1vel. Al\u00e9m disso, a m\u00e1quina de embalagem de bolsas prontas \u00e0 venda a partir da nossa f\u00e1brica tem um pre\u00e7o bastante competitivo. Sinta-se \u00e0 vontade para contactar-nos para uma lista de pre\u00e7os gratuita.<\/p>    <h2 class=\"wp-block-heading\">V\u00eddeo de funcionamento da m\u00e1quina de embalagem rotativa de bolsas pr\u00e9-fabricadas<\/h2>   <figure class=\"wp-block-embed-youtube wp-block-embed is-type-video is-provider-youtube wp-embed-aspect-16-9 wp-has-aspect-ratio\"><div class=\"lyte-wrapper fourthree\" title=\"M\u00e1quina de enchimento e selagem de sacos pr\u00e9-fabricados | M\u00e1quina ensacadora rotativa - excelente solu\u00e7\u00e3o para embalagem de alimentos\" style=\"width:960px;max-width:100%;margin:5px auto;\"><div class=\"lyMe hidef\" id=\"WYL_2SdTCor5Un4\" itemprop=\"video\" itemscope itemtype=\"https:\/\/schema.org\/VideoObject\"><div><meta itemprop=\"thumbnailUrl\" content=\"https:\/\/taizypackaging.com\/wp-content\/plugins\/wp-youtube-lyte\/lyteCache.php?origThumbUrl=https%3A%2F%2Fi.ytimg.com%2Fvi%2F2SdTCor5Un4%2Fmaxresdefault.jpg\" \/><meta itemprop=\"embedURL\" content=\"https:\/\/www.youtube.com\/embed\/2SdTCor5Un4\" \/><meta itemprop=\"duration\" content=\"PT2M11S\" \/><meta itemprop=\"uploadDate\" content=\"2022-02-22T08:53:55Z\" \/><\/div><meta itemprop=\"accessibilityFeature\" content=\"captions\" \/><div id=\"lyte_2SdTCor5Un4\" data-src=\"https:\/\/taizypackaging.com\/wp-content\/plugins\/wp-youtube-lyte\/lyteCache.php?origThumbUrl=https%3A%2F%2Fi.ytimg.com%2Fvi%2F2SdTCor5Un4%2Fmaxresdefault.jpg\" class=\"pL\"><div class=\"tC\"><div class=\"tT\" itemprop=\"name\">M\u00e1quina de enchimento e selagem de sacos pr\u00e9-fabricados | M\u00e1quina ensacadora rotativa - excelente solu\u00e7\u00e3o para embalagem de alimentos<\/div><\/div><div class=\"play\"><\/div><div class=\"ctrl\"><div class=\"Lctrl\"><\/div><div class=\"Rctrl\"><\/div><\/div><\/div><noscript><a href=\"https:\/\/youtu.be\/2SdTCor5Un4\" rel=\"nofollow noopener\" target=\"_blank\"><img loading=\"lazy\" decoding=\"async\" src=\"https:\/\/taizypackaging.com\/wp-content\/plugins\/wp-youtube-lyte\/lyteCache.php?origThumbUrl=https%3A%2F%2Fi.ytimg.com%2Fvi%2F2SdTCor5Un4%2F0.jpg\" alt=\"M\u00e1quina de enchimento e selagem de sacos pr\u00e9-fabricados | M\u00e1quina ensacadora rotativa - excelente solu\u00e7\u00e3o para embalagem de alimentos\" width=\"960\" height=\"700\" \/><br \/>Assista a este v\u00eddeo no YouTube<\/a><\/noscript><meta itemprop=\"description\" content=\"#premadebagmachine #foodpackaging #fillingsealingmachine #packingmachine EMAIL: info@taizypackaging.com TEL\/WHATSAPP: +86 18837171591 USEFUL LINK: https:\/\/taizypackaging.com\/horizontal-bag-feeding-machine\/ This premade bag filling and sealing machine is suitable for various products and bag styles. It has a very wide range of applications. Performance features of this premade pouch feeding machine 1. PLC intelligent control system, support multi-language, parameter setting, machine control are particularly convenient. 2. The long dragging plate at the seal is also made of stainless steel, which is not only beautiful as a whole but also plays a role in buffering the packaged items to a certain extent. 3. The equipment meets the sanitary standards of food processing machinery, and the parts of the equipment in contact with materials are processed with 304 stainless steel or other materials that meet the requirements of food hygiene. Besides, it is designed in line with GMP standards. 4. Intelligent alarm system, when the plastic bag sealing place is melted by high temperature, stick to the copper block when the machine will automatically alarm and stop operation timely. This premade pouch feeding machine has multi-function by changing feeding systems. This machine can be divided into a horizontal bag feeding machine for granules, a horizontal bag feeding machine for powders, horizontal bag feeding machine for liquids. You may also like these videos about food packaging: 14-head multihead weigher packing machine: https:\/\/www.youtube.com\/watch?v=GtA66u8XLv8 Premade bag feeding machine with 10-head multihead weigher: https:\/\/www.youtube.com\/watch?v=Xqb5_CFb_H8&amp;t=42s EMAIL: info@taizypackaging.com TEL\/WHATSAPP: +86 18837171591 USEFUL LINK: https:\/\/taizypackaging.com\/horizontal-bag-feeding-machine\/\"><\/div><\/div><div class=\"lL\" style=\"max-width:100%;width:960px;margin:5px auto;\"><\/div><figcaption><\/figcaption><\/figure>   <h2 class=\"wp-block-heading\">Caracter\u00edsticas de desempenho da m\u00e1quina de embalagem de bolsas pr\u00e9-fabricadas<\/h2>    <ol class=\"wp-block-list\" type=\"1\"> <li>Excelente design. Pode garantir a estabilidade da opera\u00e7\u00e3o do equipamento, reduzir a perda de material e estender a taxa reduzida de defeitos.<\/li>    <li>Adote sistema de controle el\u00e9trico avan\u00e7ado PLC + POD (tela sens\u00edvel ao toque), f\u00e1cil e conveniente de operar.<\/li>    <li>Ampla gama de aplica\u00e7\u00f5es. \u00c9 uma m\u00e1quina de embalagem rotativa de alta velocidade para diversos produtos, como l\u00edquidos, pastas, gr\u00e2nulos, p\u00f3 e s\u00f3lidos. Diferentes sistemas de alimenta\u00e7\u00e3o e sistemas de embalagem para diferentes requisitos espec\u00edficos de embalagem.<\/li>    <li>A largura da bolsa pode ser ajustada automaticamente com um bot\u00e3o.<\/li>    <li>Dispositivos precisos de controle de temperatura, aquecimento modular e falhas de aquecimento possuem avisos de alarme.<\/li>    <li>Todo o material de a\u00e7o inoxid\u00e1vel dur\u00e1vel, material de qualidade alimentar. &nbsp;&nbsp;<\/li> <\/ol>    <figure class=\"wp-block-image size-full\"><img decoding=\"async\" src=\"https:\/\/taizypackaging.com\/wp-content\/uploads\/2022\/03\/premade-pouch-packing-machine-applications.jpg\" alt=\"aplica\u00e7\u00f5es de m\u00e1quinas de embalagem de bolsas pr\u00e9-fabricadas\" class=\"wp-image-4365\"\/><figcaption class=\"wp-element-caption\">aplica\u00e7\u00f5es de m\u00e1quinas de embalagem de bolsas pr\u00e9-fabricadas<\/figcaption><\/figure>    <h2 class=\"wp-block-heading\">Detalhes da estrutura da m\u00e1quina de enchimento de sacos pr\u00e9-fabricados<\/h2>    <p>A m\u00e1quina embaladora rotativa de bolsas pr\u00e9-fabricadas consiste principalmente em uma plataforma de trabalho, balan\u00e7a de m\u00faltiplas cabe\u00e7as, talha de material, m\u00e1quina de detec\u00e7\u00e3o de metais, alimentador vibrat\u00f3rio, elevador, inversor, sistema de controle PLC, bomba de v\u00e1cuo, cilindro, dispositivo de abertura de saco, controlador de temperatura, sistema de sa\u00edda, Al\u00e9m disso, o uso de a\u00e7o inoxid\u00e1vel 304 como material principal da estrutura do corpo garante uma longa vida \u00fatil e \u00e9 f\u00e1cil de limpar.<\/p>    <h2 class=\"wp-block-heading\">Por que voc\u00ea precisa de uma m\u00e1quina para encher e selar sacos pr\u00e9-fabricados?<\/h2>    <p>A m\u00e1quina de enchimento e selagem de bolsas pr\u00e9-fabricadas \u00e9 uma grande inova\u00e7\u00e3o na ind\u00fastria de embalagens. Possui caracter\u00edsticas e benef\u00edcios incompar\u00e1veis \u200b\u200bem compara\u00e7\u00e3o com uma m\u00e1quina de embalagem de bolsas ou m\u00e1quina de envase comum.<\/p>    <h3 class=\"wp-block-heading\"># Grande atra\u00e7\u00e3o para consumidores<\/h3>    <p>As embalagens stand-up pouch conquistaram grande participa\u00e7\u00e3o de mercado nas prateleiras dos supermercados durante esses anos. Esse tipo de sacola \u00e9 ideal para diversos produtos como salgadinhos, pipoca, salgadinhos, sucos, molhos e muitos outros produtos aliment\u00edcios e bebidas. Al\u00e9m disso, estas bolsas flex\u00edveis tamb\u00e9m s\u00e3o mais ecol\u00f3gicas do que os recipientes r\u00edgidos. Requer menos recursos e energia para fabricar e permite um produto atraente para o usu\u00e1rio final.<\/p>    <h3 class=\"wp-block-heading\">Flexibilidade # para fabricantes<\/h3>    <p class=\"translation-block\">Com caracter\u00edsticas e estruturas \u00fanicas, esta m\u00e1quina rotativa de enchimento de bolsas prontas \u00e9 muito flex\u00edvel para fabricantes de m\u00e1quinas de empacotamento. Qual \u00e9 o motivo? Porque esta m\u00e1quina se comp\u00f5e principalmente de duas partes, um sistema de enchimento e um sistema de selagem. O sistema de enchimento pode ser de v\u00e1rios tipos. Por exemplo, se quiser embalar batatas fritas, existe <a href=\"https:\/\/taizypackaging.com\/pt\/lapel-combination-packaging-machine\/\">uma dosadora de cabe\u00e7a m\u00faltipla<\/a> dispon\u00edvel com alta velocidade e super efici\u00eancia. E se quiser embalar sumo ou \u00f3leo, existe uma bomba de l\u00edquido dispon\u00edvel para satisfazer a sua demanda. Assim, esta m\u00e1quina de bolsas prontas pode atender \u00e0s suas diferentes necessidades.<\/p>    <figure class=\"wp-block-image size-full\"><img decoding=\"async\" src=\"https:\/\/taizypackaging.com\/wp-content\/uploads\/2022\/03\/premade-bag-filling-machine.jpg\" alt=\"m\u00e1quina de enchimento de sacos pr\u00e9-fabricados\" class=\"wp-image-4363\"\/><figcaption class=\"wp-element-caption\">m\u00e1quina de enchimento de sacos pr\u00e9-fabricados<\/figcaption><\/figure>    <h2 class=\"wp-block-heading\">Tipos de sacos da m\u00e1quina de enchimento de sacos pr\u00e9-fabricados<\/h2>    <p>Saco vertical, saco com z\u00edper, saco port\u00e1til, saco com selagem de 3 lados, saco com selagem de 4 lados e todos os tipos de sacos compostos.<\/p>    <h2 class=\"wp-block-heading\">Processo de trabalho<\/h2>    <ol class=\"wp-block-list\" type=\"1\"> <li>Alimenta\u00e7\u00e3o de saco<\/li>    <li>Impress\u00e3o de data<\/li>    <li>Abertura da bolsa<\/li>    <li>Enchimento<\/li>    <li>Enchimento<\/li>    <li>Selagem por calor<\/li>    <li>Formando<\/li>    <li>Produtos de sa\u00edda<\/li> <\/ol>    <h2 class=\"wp-block-heading\">Dispositivo de seguran\u00e7a da m\u00e1quina de embalagem rotativa de sacos pr\u00e9-fabricados Taizy<\/h2>    <ol class=\"wp-block-list\" type=\"1\"> <li>Sem bolsa ou sem enchimento, sem veda\u00e7\u00e3o<\/li>    <li>Sem fita de codifica\u00e7\u00e3o, parada de emerg\u00eancia e alarme<\/li>    <li>A\u00a0anomalia\u00a0da\u00a0temperatura\u00a0de\u00a0selagem,\u00a0alarme<\/li>    <li>Sem bolsa ou erro aberto, sem enchimento<\/li>    <li>A press\u00e3o do ar n\u00e3o \u00e9 suficiente e o alarme<\/li>    <li>Sem bolsa ou erro aberto, sem enchimento<\/li> <\/ol>","protected":false},"excerpt":{"rendered":"<p>The rotary premade pouch packing machine here is designed for medium and large production demand. It has a high automation level and super efficiency. This premade pouch fill and seal machine can automatically complete the process of taking the bag, opening the bag, filling, sealing, date printing, and output. The rotary premade bag packing machine [&hellip;]<\/p>\n","protected":false},"author":1,"featured_media":4361,"parent":0,"template":"","tags":[628,630,629],"product-type":[665],"class_list":["post-4356","product","type-product","status-publish","has-post-thumbnail","hentry","tag-premade-bag","tag-premade-bag-packing-machine","tag-premade-pouch","product-type-premade-pouch-packing-machine"],"_links":{"self":[{"href":"https:\/\/taizypackaging.com\/pt\/wp-json\/wp\/v2\/product\/4356","targetHints":{"allow":["GET"]}}],"collection":[{"href":"https:\/\/taizypackaging.com\/pt\/wp-json\/wp\/v2\/product"}],"about":[{"href":"https:\/\/taizypackaging.com\/pt\/wp-json\/wp\/v2\/types\/product"}],"author":[{"embeddable":true,"href":"https:\/\/taizypackaging.com\/pt\/wp-json\/wp\/v2\/users\/1"}],"wp:featuredmedia":[{"embeddable":true,"href":"https:\/\/taizypackaging.com\/pt\/wp-json\/wp\/v2\/media\/4361"}],"wp:attachment":[{"href":"https:\/\/taizypackaging.com\/pt\/wp-json\/wp\/v2\/media?parent=4356"}],"wp:term":[{"taxonomy":"post_tag","embeddable":true,"href":"https:\/\/taizypackaging.com\/pt\/wp-json\/wp\/v2\/tags?post=4356"},{"taxonomy":"product-type","embeddable":true,"href":"https:\/\/taizypackaging.com\/pt\/wp-json\/wp\/v2\/product-type?post=4356"}],"curies":[{"name":"wp","href":"https:\/\/api.w.org\/{rel}","templated":true}]}}