{"id":4396,"date":"2022-03-24T10:36:10","date_gmt":"2022-03-24T10:36:10","guid":{"rendered":"https:\/\/taizypackaging.com\/?p=4396"},"modified":"2024-07-16T16:47:18","modified_gmt":"2024-07-16T08:47:18","slug":"face-mask-packing-machine","status":"publish","type":"product","link":"https:\/\/taizypackaging.com\/pt\/face-mask-packing-machine\/","title":{"rendered":"M\u00e1quina de embalagem de m\u00e1scara facial"},"content":{"rendered":"<div class=\"kk-star-ratings kksr-auto kksr-align-left kksr-valign-top\"     data-payload='{&quot;align&quot;:&quot;left&quot;,&quot;id&quot;:&quot;4396&quot;,&quot;slug&quot;:&quot;default&quot;,&quot;valign&quot;:&quot;top&quot;,&quot;ignore&quot;:&quot;&quot;,&quot;reference&quot;:&quot;auto&quot;,&quot;class&quot;:&quot;&quot;,&quot;count&quot;:&quot;24&quot;,&quot;legendonly&quot;:&quot;&quot;,&quot;readonly&quot;:&quot;&quot;,&quot;score&quot;:&quot;4.7&quot;,&quot;starsonly&quot;:&quot;&quot;,&quot;best&quot;:&quot;5&quot;,&quot;gap&quot;:&quot;5&quot;,&quot;greet&quot;:&quot;Rate this product&quot;,&quot;legend&quot;:&quot;4.7\\\/5 - (24 votes)&quot;,&quot;size&quot;:&quot;24&quot;,&quot;title&quot;:&quot;Face Mask Packing Machine&quot;,&quot;width&quot;:&quot;133.8&quot;,&quot;_legend&quot;:&quot;{score}\\\/{best} - ({count} {votes})&quot;,&quot;font_factor&quot;:&quot;1.25&quot;}'>              <div class=\"kksr-stars\">      <div class=\"kksr-stars-inactive\">             <div class=\"kksr-star\" data-star=\"1\" style=\"padding-right: 5px\">               <div class=\"kksr-icon\" style=\"width: 24px; height: 24px;\"><\/div>         <\/div>             <div class=\"kksr-star\" data-star=\"2\" style=\"padding-right: 5px\">               <div class=\"kksr-icon\" style=\"width: 24px; height: 24px;\"><\/div>         <\/div>             <div class=\"kksr-star\" data-star=\"3\" style=\"padding-right: 5px\">               <div class=\"kksr-icon\" style=\"width: 24px; height: 24px;\"><\/div>         <\/div>             <div class=\"kksr-star\" data-star=\"4\" style=\"padding-right: 5px\">               <div class=\"kksr-icon\" style=\"width: 24px; height: 24px;\"><\/div>         <\/div>             <div class=\"kksr-star\" data-star=\"5\" style=\"padding-right: 5px\">               <div class=\"kksr-icon\" style=\"width: 24px; height: 24px;\"><\/div>         <\/div>     <\/div>      <div class=\"kksr-stars-active\" style=\"width: 133.8px;\">             <div class=\"kksr-star\" style=\"padding-right: 5px\">               <div class=\"kksr-icon\" style=\"width: 24px; height: 24px;\"><\/div>         <\/div>             <div class=\"kksr-star\" style=\"padding-right: 5px\">               <div class=\"kksr-icon\" style=\"width: 24px; height: 24px;\"><\/div>         <\/div>             <div class=\"kksr-star\" style=\"padding-right: 5px\">               <div class=\"kksr-icon\" style=\"width: 24px; height: 24px;\"><\/div>         <\/div>             <div class=\"kksr-star\" style=\"padding-right: 5px\">               <div class=\"kksr-icon\" style=\"width: 24px; height: 24px;\"><\/div>         <\/div>             <div class=\"kksr-star\" style=\"padding-right: 5px\">               <div class=\"kksr-icon\" style=\"width: 24px; height: 24px;\"><\/div>         <\/div>     <\/div> <\/div>                   <div class=\"kksr-legend\" style=\"font-size: 19.2px;\">             4,7\/5 - (24 votos)    <\/div>     <\/div>  <p class=\"translation-block\"><strong>M\u00e1quina de embalagem de m\u00e1scaras faciais<\/strong> \u00e9 de import\u00e2ncia vital na ind\u00fastria de fabrico de m\u00e1scaras. Na verdade, a m\u00e1quina de embalagem de m\u00e1scaras faciais aqui \u00e9 uma m\u00e1quina de embalar por fluxo horizontal. Pode completar automaticamente o processo de entrega de m\u00e1scaras, embrulho, corte, selagem e acabamento dos produtos. Ao adotar tecnologia avan\u00e7ada e pe\u00e7as de qualidade, esta m\u00e1quina de embalagem de saquetas de m\u00e1scaras pode melhorar muito a sua efici\u00eancia e poupar custos de m\u00e3o de obra. Al\u00e9m disso, todas as nossas m\u00e1quinas s\u00e3o desenhadas e fabricadas de acordo com as normas internacionais CE e ISO. Com uma experi\u00eancia extremamente vasta na ind\u00fastria de embalagem, fornecemos m\u00e1quinas de embalagem padr\u00e3o excelentes e sob medida para m\u00e1scaras m\u00e9dicas para clientes em todo o mundo.<\/p>    <h2 class=\"wp-block-heading\">V\u00eddeo de funcionamento da m\u00e1quina de embalagem de m\u00e1scara facial<\/h2>   <figure class=\"wp-block-embed-youtube wp-block-embed is-type-video is-provider-youtube wp-embed-aspect-16-9 wp-has-aspect-ratio\"><div class=\"lyte-wrapper fourthree\" title=\"M\u00e1quina autom\u00e1tica de embalagem de m\u00e1scaras faciais | Superefici\u00eancia da solu\u00e7\u00e3o de embalagem de m\u00e1scara facial descart\u00e1vel\" style=\"width:960px;max-width:100%;margin:5px auto;\"><div class=\"lyMe hidef\" id=\"WYL_2l5oCE_eUDE\" itemprop=\"video\" itemscope itemtype=\"https:\/\/schema.org\/VideoObject\"><div><meta itemprop=\"thumbnailUrl\" content=\"https:\/\/taizypackaging.com\/wp-content\/plugins\/wp-youtube-lyte\/lyteCache.php?origThumbUrl=https%3A%2F%2Fi.ytimg.com%2Fvi%2F2l5oCE_eUDE%2Fmaxresdefault.jpg\" \/><meta itemprop=\"embedURL\" content=\"https:\/\/www.youtube.com\/embed\/2l5oCE_eUDE\" \/><meta itemprop=\"duration\" content=\"PT1M4S\" \/><meta itemprop=\"uploadDate\" content=\"2022-03-03T06:55:37Z\" \/><\/div><meta itemprop=\"accessibilityFeature\" content=\"captions\" \/><div id=\"lyte_2l5oCE_eUDE\" data-src=\"https:\/\/taizypackaging.com\/wp-content\/plugins\/wp-youtube-lyte\/lyteCache.php?origThumbUrl=https%3A%2F%2Fi.ytimg.com%2Fvi%2F2l5oCE_eUDE%2Fmaxresdefault.jpg\" class=\"pL\"><div class=\"tC\"><div class=\"tT\" itemprop=\"name\">M\u00e1quina autom\u00e1tica de embalagem de m\u00e1scaras faciais | Superefici\u00eancia da solu\u00e7\u00e3o de embalagem de m\u00e1scara facial descart\u00e1vel<\/div><\/div><div class=\"play\"><\/div><div class=\"ctrl\"><div class=\"Lctrl\"><\/div><div class=\"Rctrl\"><\/div><\/div><\/div><noscript><a href=\"https:\/\/youtu.be\/2l5oCE_eUDE\" rel=\"nofollow noopener\" target=\"_blank\"><img loading=\"lazy\" decoding=\"async\" src=\"https:\/\/taizypackaging.com\/wp-content\/plugins\/wp-youtube-lyte\/lyteCache.php?origThumbUrl=https%3A%2F%2Fi.ytimg.com%2Fvi%2F2l5oCE_eUDE%2F0.jpg\" alt=\"M\u00e1quina autom\u00e1tica de embalagem de m\u00e1scaras faciais | Superefici\u00eancia da solu\u00e7\u00e3o de embalagem de m\u00e1scara facial descart\u00e1vel\" width=\"960\" height=\"700\" \/><br \/>Assista a este v\u00eddeo no YouTube<\/a><\/noscript><meta itemprop=\"description\" content=\"#facemaskpacking #maskpackaging #facemaskmachine EMAIL: info@taizypackaging.com WECHAT\/WHATSAPP: +86 18837171591 USEFUL LINK: https:\/\/taizypackaging.com\/horizontal-packing-machine\/ This face mask packing machine is ideal for single or multiple mask packaging. It is cleaner and hygienic than manual packaging, and its speed is many times faster than that of manual packaging. It meets the National Health standards Performance features of the efficient face mask packaging machine 1. It&#039;s widely used for many kinds of products, such as Disposable mask packaging, N95 mask packaging, medical masks, N95 \/ kn95 masks, biscuits, rice noodles, snow cakes, egg yolk pie, chocolate, bread, instant noodles, moon cake medicine, daily necessities, industrial parts, cartons or trays, and other regular objects. 2. The control and drive core is composed of servo motor, programmable controller, and large color touch LCD, which greatly improves the control accuracy, speed range, reliability, and intelligence of the whole machine; the locking of bag forming, cutting length, sealing temperature and other parameters is more accurate. 3. The servo motor drive realizes the feeding, film feeding, longitudinal sealing, transverse sealing, and output of the packaging machine, simplifies the mechanical transmission system, makes the packaging machine run stably and reliably, and significantly reduces the mechanical noise and mechanical failure rate. 4. Adopting double drive vertical seal and advanced horizontal seal heating technology, the longitudinal sealing temperature is low, so as to minimize the possibility of scalding film in the process of operation and shutdown; moreover, it is well sealed with smooth and beautiful lines. 5. The user can set the packaging parameters of various products in the control panel, and only need to transfer the corresponding data from the memory and execute it, so that the packaging operation can be carried out, and the professional skills of operators are reduced. With super efficiency and good quality, the face mask packing machine can greatly improve your productivity and benefit your project. You may also like these videos about the horizontal flow wrap machine: Soap packing machine: https:\/\/www.youtube.com\/watch?v=omb3vEXZlIE Shisha charcoal packing machine: https:\/\/www.youtube.com\/watch?v=isZgH2NxMVs&amp;t=13s EMAIL: info@taizypackaging.com WECHAT\/WHATSAPP: +86 18837171591 USEFUL LINK: https:\/\/taizypackaging.com\/horizontal-packing-machine\/\"><\/div><\/div><div class=\"lL\" style=\"max-width:100%;width:960px;margin:5px auto;\"><\/div><figcaption><\/figcaption><\/figure>   <h2 class=\"wp-block-heading\">Qual m\u00e1quina \u00e9 usada para embalar m\u00e1scaras?<\/h2>    <p class=\"translation-block\">Na pr\u00e1tica, existem muitas solu\u00e7\u00f5es de embalagem de m\u00e1scaras faciais a n\u00edvel global. No entanto, acreditamos que uma <a href=\"https:\/\/taizypackaging.com\/pt\/horizontal-packing-machine\/\">m\u00e1quina de embalagem tipo almofada<\/a> \u00e9 o equipamento mais adequado para a embalagem de m\u00e1scaras. Como todos sabemos, uma m\u00e1scara facial descart\u00e1vel de n\u00e3o tecido \u00e9 macia e f\u00e1cil de deformar. Uma m\u00e1quina de embalagem tipo almofada pode resolver perfeitamente este problema. Al\u00e9m disso, esta m\u00e1quina tem desempenho est\u00e1vel e alta efici\u00eancia. E resolve excelentemente a quest\u00e3o da velocidade de embalagem e do desempenho de embalagem. Sem d\u00favida, uma m\u00e1quina de embalar por fluxo horizontal \u00e9 uma excelente solu\u00e7\u00e3o para embalar m\u00e1scaras. &nbsp;<\/p>    <figure class=\"wp-block-image size-full\"><img loading=\"lazy\" decoding=\"async\" width=\"720\" height=\"540\" src=\"https:\/\/taizypackaging.com\/wp-content\/uploads\/2022\/03\/face-mask-packing-machine-1.jpg\" alt=\"m\u00e1quina de embalagem de m\u00e1scara facial\" class=\"wp-image-4408\" srcset=\"https:\/\/taizypackaging.com\/wp-content\/uploads\/2022\/03\/face-mask-packing-machine-1.jpg 720w, https:\/\/taizypackaging.com\/wp-content\/uploads\/2022\/03\/face-mask-packing-machine-1-300x225.jpg 300w\" sizes=\"auto, (max-width: 720px) 100vw, 720px\" \/><figcaption class=\"wp-element-caption\">m\u00e1quina de embalagem de m\u00e1scara facial<\/figcaption><\/figure>    <h2 class=\"wp-block-heading\">Que tipo de m\u00e1scara \u00e9 adequada para esta m\u00e1quina de embalagem?<\/h2>    <p>Esta m\u00e1quina embaladora de m\u00e1scaras faciais tipo travesseiro \u00e9 ideal para manusear v\u00e1rias m\u00e1scaras, como m\u00e1scaras faciais descart\u00e1veis \u200b\u200b\u200b\u200bn\u00e3o tecidas, m\u00e1scaras cir\u00fargicas, m\u00e1scaras N95, m\u00e1scaras m\u00e9dicas, m\u00e1scaras simples, m\u00e1scaras de 3 camadas, etc. v\u00e1rios tipos de m\u00e1scaras. Al\u00e9m disso, apoiamos um forte servi\u00e7o personalizado para atender \u00e0s suas necessidades espec\u00edficas.<\/p>    <figure class=\"wp-block-image size-full\"><img decoding=\"async\" src=\"https:\/\/taizypackaging.com\/wp-content\/uploads\/2022\/03\/disposable-face-masks.jpg\" alt=\"m\u00e1scaras faciais descart\u00e1veis\" class=\"wp-image-4413\"\/><figcaption class=\"wp-element-caption\">m\u00e1scaras faciais descart\u00e1veis<\/figcaption><\/figure>    <h2 class=\"wp-block-heading\">Caracter\u00edsticas de desempenho da m\u00e1quina de embalagem de m\u00e1scara Taizy<\/h2>    <ol class=\"wp-block-list\"> <li>Estrutura simples e compacta. F\u00e1cil de instalar, operar e manter <\/li>    <li>Sistema de controle PLC avan\u00e7ado e grande tela sens\u00edvel ao toque, par\u00e2metros f\u00e1ceis de definir e desempenho est\u00e1vel<\/li>    <li>Corpo da estrutura da m\u00e1quina em a\u00e7o inoxid\u00e1vel, apar\u00eancia dur\u00e1vel e elegante<\/li>    <li>Amplas aplica\u00e7\u00f5es. N\u00e3o s\u00f3 ideal para m\u00e1scaras faciais, mas tamb\u00e9m adequado para vegetais, frutas, carv\u00e3o shisha, biscoitos, p\u00e3o, chocolate, etc.<\/li>    <li>Controle de temperatura de veda\u00e7\u00e3o de forma independente, adequado para v\u00e1rios materiais de embalagem<\/li>    <li>Sistema de rastreamento de gr\u00e1fico de cores fotoel\u00e9trico de alto sensor, posi\u00e7\u00e3o de corte precisa <\/li>    <li>Controlador conversor de frequ\u00eancia dupla, bom desempenho, economizando tempo e filme<\/li>    <li>Alto n\u00edvel de automa\u00e7\u00e3o, super efici\u00eancia, economia de custos de m\u00e3o de obra e projeto de benef\u00edcios<\/li> <\/ol>    <h2 class=\"wp-block-heading\">Onde encontrar o melhor fabricante de m\u00e1quinas de embalagem de m\u00e1scaras faciais?<\/h2>    <p class=\"translation-block\">De facto, uma m\u00e1quina de embalar por fluxo horizontal \u00e9 o equipamento mais adequado para embalar m\u00e1scaras faciais. Tem as vantagens de bom desempenho, alta efici\u00eancia e opera\u00e7\u00e3o f\u00e1cil. Como <a href=\"https:\/\/taizypackaging.com\/pt\/\">fabricante profissional de m\u00e1quinas de embalagem<\/a> e fornecedor na China, temos pessoal altamente qualificado para assegurar a boa qualidade e a r\u00e1pida entrega das nossas m\u00e1quinas. Os nossos produtos t\u00eam sido exportados com sucesso para mais de 80 pa\u00edses e regi\u00f5es. Al\u00e9m disso, todo o nosso equipamento de embalagem \u00e9 concebido e produzido de acordo com padr\u00f5es internacionais. O nosso objetivo \u00e9 ajudar os pequenos empres\u00e1rios a desenvolverem-se melhor. E ajudar mais pessoas a obter mais benef\u00edcios com as nossas m\u00e1quinas. <\/p>    <figure class=\"wp-block-image size-full\"><img decoding=\"async\" src=\"https:\/\/taizypackaging.com\/wp-content\/uploads\/2022\/03\/flow-wrapping-machine-factory.jpg\" alt=\"f\u00e1brica de m\u00e1quinas de embalagem de fluxo\" class=\"wp-image-4409\"\/><figcaption class=\"wp-element-caption\">f\u00e1brica de m\u00e1quinas de embalagem de fluxo<\/figcaption><\/figure>    <h2 class=\"wp-block-heading\">Benef\u00edcios e aplica\u00e7\u00f5es da m\u00e1quina de embalagem de m\u00e1scaras<\/h2>    <p>Uma m\u00e1quina de embalagem de m\u00e1scaras \u00e9 um dispositivo usado para embalar m\u00e1scaras, normalmente m\u00e1scaras cir\u00fargicas ou respirat\u00f3rias. Essas m\u00e1quinas s\u00e3o projetadas para trabalhar com uma variedade de tipos e tamanhos de m\u00e1scaras e podem ser usadas para embalar m\u00e1scaras em sacos individuais ou a granel. Algumas caracter\u00edsticas comuns das m\u00e1quinas de embalagem de m\u00e1scaras incluem contagem e enchimento autom\u00e1ticos, a capacidade de selar os sacos e a capacidade de imprimir informa\u00e7\u00f5es como datas de validade na embalagem. As aplica\u00e7\u00f5es para m\u00e1quinas de embalagem de m\u00e1scaras incluem sa\u00fade, fabrica\u00e7\u00e3o e distribui\u00e7\u00e3o de m\u00e1scaras.<\/p>    <h2 class=\"wp-block-heading\">Qual \u00e9 o pre\u00e7o da m\u00e1quina de embalagem de m\u00e1scaras?<\/h2>    <p>O pre\u00e7o da m\u00e1quina de embalagem de m\u00e1scaras est\u00e1 pr\u00f3ximo de muitos fatores, como marca, motores, material da estrutura corporal, modelos, custo de envio, etc. Cada fator pode impactar muito o pre\u00e7o da m\u00e1quina de embalagem de m\u00e1scaras faciais. Na verdade, n\u00e3o podemos sacrificar a qualidade para economizar custos quando escolhemos uma m\u00e1quina para embalar m\u00e1scaras. Devemos ter certeza da boa qualidade de uma m\u00e1quina, esta \u00e9 a melhor forma de economizar custos e energia. Assim voc\u00ea n\u00e3o precisa gastar muito tempo na substitui\u00e7\u00e3o e manuten\u00e7\u00e3o de uma m\u00e1quina.<\/p>","protected":false},"excerpt":{"rendered":"<p>Face mask packing machine is vitally important in the mask manufacturing industry. Actually, the face mask packaging machine here is a horizontal type flow wrap machine. It can automatically complete the process of mask delivering, wrapping, cutting, sealing, and finishing products. Adopting advanced technology and quality parts, this mask pouch packing machine can highly improve [&hellip;]<\/p>\n","protected":false},"author":1,"featured_media":4408,"parent":0,"template":"","tags":[633,269,635,634],"product-type":[664],"class_list":["post-4396","product","type-product","status-publish","has-post-thumbnail","hentry","tag-face-mask","tag-mask","tag-medical-mask","tag-surgical-mask","product-type-horizontal-flow-wrapping-machines"],"_links":{"self":[{"href":"https:\/\/taizypackaging.com\/pt\/wp-json\/wp\/v2\/product\/4396","targetHints":{"allow":["GET"]}}],"collection":[{"href":"https:\/\/taizypackaging.com\/pt\/wp-json\/wp\/v2\/product"}],"about":[{"href":"https:\/\/taizypackaging.com\/pt\/wp-json\/wp\/v2\/types\/product"}],"author":[{"embeddable":true,"href":"https:\/\/taizypackaging.com\/pt\/wp-json\/wp\/v2\/users\/1"}],"wp:featuredmedia":[{"embeddable":true,"href":"https:\/\/taizypackaging.com\/pt\/wp-json\/wp\/v2\/media\/4408"}],"wp:attachment":[{"href":"https:\/\/taizypackaging.com\/pt\/wp-json\/wp\/v2\/media?parent=4396"}],"wp:term":[{"taxonomy":"post_tag","embeddable":true,"href":"https:\/\/taizypackaging.com\/pt\/wp-json\/wp\/v2\/tags?post=4396"},{"taxonomy":"product-type","embeddable":true,"href":"https:\/\/taizypackaging.com\/pt\/wp-json\/wp\/v2\/product-type?post=4396"}],"curies":[{"name":"wp","href":"https:\/\/api.w.org\/{rel}","templated":true}]}}