{"id":4997,"date":"2023-12-12T13:45:24","date_gmt":"2023-12-12T05:45:24","guid":{"rendered":"https:\/\/taizypackaging.com\/?post_type=product&#038;p=4997"},"modified":"2024-07-16T17:59:50","modified_gmt":"2024-07-16T09:59:50","slug":"multi-lane-stick-pack-machine","status":"publish","type":"product","link":"https:\/\/taizypackaging.com\/pt\/multi-lane-stick-pack-machine\/","title":{"rendered":"M\u00e1quina Multi Lane Stick Pack para p\u00f3, l\u00edquido e gr\u00e2nulos"},"content":{"rendered":"<div class=\"kk-star-ratings kksr-auto kksr-align-left kksr-valign-top\"     data-payload='{&quot;align&quot;:&quot;left&quot;,&quot;id&quot;:&quot;4997&quot;,&quot;slug&quot;:&quot;default&quot;,&quot;valign&quot;:&quot;top&quot;,&quot;ignore&quot;:&quot;&quot;,&quot;reference&quot;:&quot;auto&quot;,&quot;class&quot;:&quot;&quot;,&quot;count&quot;:&quot;25&quot;,&quot;legendonly&quot;:&quot;&quot;,&quot;readonly&quot;:&quot;&quot;,&quot;score&quot;:&quot;4.7&quot;,&quot;starsonly&quot;:&quot;&quot;,&quot;best&quot;:&quot;5&quot;,&quot;gap&quot;:&quot;5&quot;,&quot;greet&quot;:&quot;Rate this product&quot;,&quot;legend&quot;:&quot;4.7\\\/5 - (25 votes)&quot;,&quot;size&quot;:&quot;24&quot;,&quot;title&quot;:&quot;Multi Lane Stick Pack Machine for Powder, Liquid, Granules&quot;,&quot;width&quot;:&quot;133.8&quot;,&quot;_legend&quot;:&quot;{score}\\\/{best} - ({count} {votes})&quot;,&quot;font_factor&quot;:&quot;1.25&quot;}'>              <div class=\"kksr-stars\">      <div class=\"kksr-stars-inactive\">             <div class=\"kksr-star\" data-star=\"1\" style=\"padding-right: 5px\">               <div class=\"kksr-icon\" style=\"width: 24px; height: 24px;\"><\/div>         <\/div>             <div class=\"kksr-star\" data-star=\"2\" style=\"padding-right: 5px\">               <div class=\"kksr-icon\" style=\"width: 24px; height: 24px;\"><\/div>         <\/div>             <div class=\"kksr-star\" data-star=\"3\" style=\"padding-right: 5px\">               <div class=\"kksr-icon\" style=\"width: 24px; height: 24px;\"><\/div>         <\/div>             <div class=\"kksr-star\" data-star=\"4\" style=\"padding-right: 5px\">               <div class=\"kksr-icon\" style=\"width: 24px; height: 24px;\"><\/div>         <\/div>             <div class=\"kksr-star\" data-star=\"5\" style=\"padding-right: 5px\">               <div class=\"kksr-icon\" style=\"width: 24px; height: 24px;\"><\/div>         <\/div>     <\/div>      <div class=\"kksr-stars-active\" style=\"width: 133.8px;\">             <div class=\"kksr-star\" style=\"padding-right: 5px\">               <div class=\"kksr-icon\" style=\"width: 24px; height: 24px;\"><\/div>         <\/div>             <div class=\"kksr-star\" style=\"padding-right: 5px\">               <div class=\"kksr-icon\" style=\"width: 24px; height: 24px;\"><\/div>         <\/div>             <div class=\"kksr-star\" style=\"padding-right: 5px\">               <div class=\"kksr-icon\" style=\"width: 24px; height: 24px;\"><\/div>         <\/div>             <div class=\"kksr-star\" style=\"padding-right: 5px\">               <div class=\"kksr-icon\" style=\"width: 24px; height: 24px;\"><\/div>         <\/div>             <div class=\"kksr-star\" style=\"padding-right: 5px\">               <div class=\"kksr-icon\" style=\"width: 24px; height: 24px;\"><\/div>         <\/div>     <\/div> <\/div>                   <div class=\"kksr-legend\" style=\"font-size: 19.2px;\">             4,7\/5 - (25 votos)    <\/div>     <\/div>  <p>M\u00e1quina de embalagem de m\u00faltiplas pistas para embalagem r\u00e1pida e eficiente de p\u00f3s, gr\u00e2nulos e materiais l\u00edquidos. O tamanho final desta m\u00e1quina de embalagem pode ser ajustado entre 50-150 de comprimento e 15-80 de largura. A seguir, apresentaremos esta m\u00e1quina em detalhes.<\/p>   <div class=\"wp-block-image\"> <figure class=\"aligncenter size-full\"><img loading=\"lazy\" decoding=\"async\" width=\"720\" height=\"540\" src=\"https:\/\/taizypackaging.com\/wp-content\/uploads\/2023\/12\/stick-pack-machine.webp\" alt=\"m\u00e1quina de embalagem de palitos\" class=\"wp-image-5010\" srcset=\"https:\/\/taizypackaging.com\/wp-content\/uploads\/2023\/12\/stick-pack-machine.webp 720w, https:\/\/taizypackaging.com\/wp-content\/uploads\/2023\/12\/stick-pack-machine-300x225.webp 300w\" sizes=\"auto, (max-width: 720px) 100vw, 720px\" \/><figcaption class=\"wp-element-caption\">m\u00e1quina de embalagem de palitos<\/figcaption><\/figure> <\/div>   <h2 class=\"wp-block-heading\">O que \u00e9 uma m\u00e1quina de embalagem de stick multipista?<\/h2>    <p class=\"translation-block\">A m\u00e1quina de embalagem em stick pack de m\u00faltiplas faixas \u00e9 um tipo de equipamento de embalagem automatizado utilizado em ind\u00fastrias como alimentos, <a href=\"https:\/\/en.wikipedia.org\/wiki\/Pharmaceutical_industry\" target=\"_blank\" rel=\"noopener\">farmac\u00eautica<\/a>, bens de consumo e cosm\u00e9ticos. \u00c9 capaz de embalar simultaneamente m\u00faltiplos produtos em sacos ao mesmo tempo com precis\u00e3o. O design da m\u00e1quina de enchimento em stick pack de m\u00faltiplas faixas pode ser ajustado conforme necess\u00e1rio para acomodar produtos com diferentes especifica\u00e7\u00f5es, tamanhos e requisitos de embalagem.<\/p>    <p>Comparada a uma m\u00e1quina de embalagem de pista \u00fanica, esta m\u00e1quina de envase de embalagens stick de m\u00faltiplas pistas tem uma grande vantagem em termos de capacidade de produ\u00e7\u00e3o e velocidade de produ\u00e7\u00e3o. Al\u00e9m disso, esta m\u00e1quina \u00e9 mais funcional.<\/p>   <div class=\"wp-block-image\"> <figure class=\"aligncenter size-full\"><img loading=\"lazy\" decoding=\"async\" width=\"720\" height=\"540\" src=\"https:\/\/taizypackaging.com\/wp-content\/uploads\/2023\/12\/multi-lane-stick-sachet-packing-machine.webp\" alt=\"m\u00e1quina de embalagem de sach\u00eas de m\u00faltiplas pistas\" class=\"wp-image-5005\" srcset=\"https:\/\/taizypackaging.com\/wp-content\/uploads\/2023\/12\/multi-lane-stick-sachet-packing-machine.webp 720w, https:\/\/taizypackaging.com\/wp-content\/uploads\/2023\/12\/multi-lane-stick-sachet-packing-machine-300x225.webp 300w\" sizes=\"auto, (max-width: 720px) 100vw, 720px\" \/><figcaption class=\"wp-element-caption\">m\u00e1quina de embalagem de sach\u00eas de m\u00faltiplas pistas<\/figcaption><\/figure> <\/div>   <h2 class=\"wp-block-heading\">Como funcionam as m\u00e1quinas de embalagem de stick multivias?<\/h2>    <p>Uma m\u00e1quina de embalagem multipista funciona combinando v\u00e1rias unidades de trabalho de embalagem para manusear v\u00e1rios produtos ao mesmo tempo e embal\u00e1-los em produtos acabados. Seu princ\u00edpio de funcionamento inclui as seguintes etapas principais:<\/p>    <h3 class=\"wp-block-heading\">Alimentando<\/h3>    <p>Primeiramente, os produtos s\u00e3o alimentados na \u00e1rea de trabalho da m\u00e1quina de embalagem com palitos de m\u00faltiplas pistas atrav\u00e9s de um alimentador a v\u00e1cuo. Isto envolve o transporte de produtos em p\u00f3, l\u00edquidos ou granulados da \u00e1rea de armazenamento para a esta\u00e7\u00e3o de trabalho de embalagem.<\/p>    <h3 class=\"wp-block-heading\">Prepara\u00e7\u00e3o de saco\/recipiente<\/h3>    <p>Na esta\u00e7\u00e3o de embalagem, a m\u00e1quina prepara os sacos a serem utilizados. O fabricante de sacolas cria sacolas do tamanho certo para os requisitos do produto para garantir o carregamento do produto a ser embalado.<\/p>    <h3 class=\"wp-block-heading\">Enchimento e selagem<\/h3>    <p>Depois de preparado, o produto \u00e9 colocado com precis\u00e3o no saco. Este processo envolve dosagem precisa para garantir que a quantidade de produto em cada unidade de embalagem seja precisa. O saco \u00e9 ent\u00e3o selado para garantir que o produto esteja selado e seguro.<\/p>    <h3 class=\"wp-block-heading\">Descarga<\/h3>    <p>Por fim, o produto embalado \u00e9 descarregado na sa\u00edda e depois pela sa\u00edda.<\/p>    <h3 class=\"wp-block-heading\">Outras fun\u00e7\u00f5es adicionais<\/h3>    <p>Al\u00e9m de encher e selar, dependendo da configura\u00e7\u00e3o da m\u00e1quina embaladora multipista, diversas fun\u00e7\u00f5es adicionais s\u00e3o executadas, como impress\u00e3o de etiquetas, codifica\u00e7\u00e3o, etiquetagem, etc., para fornecer identifica\u00e7\u00e3o e informa\u00e7\u00f5es sobre o produto embalado.<\/p>    <figure class=\"wp-block-gallery has-nested-images columns-default is-cropped wp-block-gallery-2 is-layout-flex wp-block-gallery-is-layout-flex\"> <figure class=\"wp-block-image size-large\"><img loading=\"lazy\" decoding=\"async\" width=\"720\" height=\"540\" data-id=\"5014\" src=\"https:\/\/taizypackaging.com\/wp-content\/uploads\/2023\/12\/working-process.webp\" alt=\"processo de trabalho\" class=\"wp-image-5014\" srcset=\"https:\/\/taizypackaging.com\/wp-content\/uploads\/2023\/12\/working-process.webp 720w, https:\/\/taizypackaging.com\/wp-content\/uploads\/2023\/12\/working-process-300x225.webp 300w\" sizes=\"auto, (max-width: 720px) 100vw, 720px\" \/><figcaption class=\"wp-element-caption\">processo de trabalho<\/figcaption><\/figure>    <figure class=\"wp-block-image size-large\"><img loading=\"lazy\" decoding=\"async\" width=\"720\" height=\"540\" data-id=\"5009\" src=\"https:\/\/taizypackaging.com\/wp-content\/uploads\/2023\/12\/ribbon-coding-machine.webp\" alt=\"m\u00e1quina de codifica\u00e7\u00e3o de fita\" class=\"wp-image-5009\" srcset=\"https:\/\/taizypackaging.com\/wp-content\/uploads\/2023\/12\/ribbon-coding-machine.webp 720w, https:\/\/taizypackaging.com\/wp-content\/uploads\/2023\/12\/ribbon-coding-machine-300x225.webp 300w\" sizes=\"auto, (max-width: 720px) 100vw, 720px\" \/><figcaption class=\"wp-element-caption\">m\u00e1quina de codifica\u00e7\u00e3o de fita<\/figcaption><\/figure>    <figure class=\"wp-block-image size-large\"><img loading=\"lazy\" decoding=\"async\" width=\"720\" height=\"540\" data-id=\"5007\" src=\"https:\/\/taizypackaging.com\/wp-content\/uploads\/2023\/12\/outlet.webp\" alt=\"tomada\" class=\"wp-image-5007\" srcset=\"https:\/\/taizypackaging.com\/wp-content\/uploads\/2023\/12\/outlet.webp 720w, https:\/\/taizypackaging.com\/wp-content\/uploads\/2023\/12\/outlet-300x225.webp 300w\" sizes=\"auto, (max-width: 720px) 100vw, 720px\" \/><figcaption class=\"wp-element-caption\">tomada<\/figcaption><\/figure> <\/figure>    <h2 class=\"wp-block-heading\">Estrutura flex\u00edvel da m\u00e1quina de embalagem de sach\u00eas de m\u00faltiplas pistas<\/h2>    <p>A estrutura de uma m\u00e1quina de embalagem de sach\u00eas de m\u00faltiplas pistas inclui uma bomba de l\u00edquido ou enchimento de rosca para diferentes materiais, estrutura de tens\u00e3o guia de desenrolamento de filme, formador, selador vertical, selador horizontal\/unidade de tra\u00e7\u00e3o de filme, unidade de entalhe f\u00e1cil de rasgar, cortador de canto redondo, rodas m\u00f3veis , carretel motorizado para puxar filme e IHM com tela sens\u00edvel ao toque.<\/p>   <div class=\"wp-block-image\"> <figure class=\"aligncenter size-full\"><img loading=\"lazy\" decoding=\"async\" width=\"720\" height=\"540\" src=\"https:\/\/taizypackaging.com\/wp-content\/uploads\/2023\/12\/machine-structure.webp\" alt=\"estrutura da m\u00e1quina\" class=\"wp-image-5001\" srcset=\"https:\/\/taizypackaging.com\/wp-content\/uploads\/2023\/12\/machine-structure.webp 720w, https:\/\/taizypackaging.com\/wp-content\/uploads\/2023\/12\/machine-structure-300x225.webp 300w\" sizes=\"auto, (max-width: 720px) 100vw, 720px\" \/><figcaption class=\"wp-element-caption\">estrutura da m\u00e1quina<\/figcaption><\/figure> <\/div>   <h2 class=\"wp-block-heading\">Tr\u00eas op\u00e7\u00f5es de corte diferentes<\/h2>    <p>Nossa m\u00e1quina de embalagem multipista oferece tr\u00eas op\u00e7\u00f5es de corte diferentes para atender a diferentes tipos e formatos de necessidades de embalagem. Essas tr\u00eas op\u00e7\u00f5es de corte incluem corte reto, corte redondo e corte em zigue-zague.<\/p>   <div class=\"wp-block-image\"> <figure class=\"aligncenter size-full\"><img loading=\"lazy\" decoding=\"async\" width=\"510\" height=\"630\" src=\"https:\/\/taizypackaging.com\/wp-content\/uploads\/2023\/12\/three-different-cutting-option.webp\" alt=\"tr\u00eas op\u00e7\u00f5es de corte diferentes\" class=\"wp-image-5012\" srcset=\"https:\/\/taizypackaging.com\/wp-content\/uploads\/2023\/12\/three-different-cutting-option.webp 510w, https:\/\/taizypackaging.com\/wp-content\/uploads\/2023\/12\/three-different-cutting-option-243x300.webp 243w\" sizes=\"auto, (max-width: 510px) 100vw, 510px\" \/><figcaption class=\"wp-element-caption\">tr\u00eas op\u00e7\u00f5es de corte diferentes<\/figcaption><\/figure> <\/div>   <h2 class=\"wp-block-heading\">Dados t\u00e9cnicos de tr\u00eas m\u00e1quinas embaladoras multivias<\/h2>    <figure class=\"wp-block-table\"><table><tbody><tr><td>N\u00famero do modelo<\/td><td>WP-480Y<\/td><td>WP-680Y<\/td><td>WP-880Y<\/td><\/tr><tr><td>Capacidade (saco\/min)<\/td><td colspan=\"3\">25-35 batimentos\/min<\/td><\/tr><tr><td>Faixa de medi\u00e7\u00e3o(g)<\/td><td colspan=\"3\">1-20g (de acordo com o tamanho do produto)<\/td><\/tr><tr><td>Tamanho do saco (mm)<\/td><td colspan=\"3\">(L)50-150 (W)15-80<\/td><\/tr><tr><td>Pot\u00eancia (W)<\/td><td>4200 W<\/td><td>5200 W<\/td><td>5800 W<\/td><\/tr><tr><td>Tens\u00e3o da fonte<\/td><td colspan=\"3\">380 V\/50 Hz 220 V\/50-60 Hz<\/td><\/tr><tr><td>Material de empacotamento<\/td><td colspan=\"3\">Filme laminado PE, alum\u00ednio puro, n\u00e1ilon revestido de alum\u00ednio, etc.<\/td><\/tr><tr><td>Peso da embalagem (kg)<\/td><td>850kg<\/td><td>950kg<\/td><td>1050kg<\/td><\/tr><tr><td>Dimens\u00e3o total<\/td><td>1670x1320x2720mm<\/td><td>1670x1420x2720mm<\/td><td>1670x1520x2720mm<\/td><\/tr><\/tbody><\/table><\/figure>    <p>Estes s\u00e3o apenas os par\u00e2metros t\u00e9cnicos de 3 m\u00e1quinas de grande venda. Al\u00e9m dessas tr\u00eas m\u00e1quinas, tamb\u00e9m temos \u00e0 venda outros modelos de embaladoras multipista. Para informa\u00e7\u00f5es mais espec\u00edficas n\u00e3o hesite em contactar-nos.<\/p>   <div class=\"wp-block-image\"> <figure class=\"aligncenter size-full\"><img loading=\"lazy\" decoding=\"async\" width=\"720\" height=\"540\" src=\"https:\/\/taizypackaging.com\/wp-content\/uploads\/2023\/12\/multi-lane-stick-pack-machine.webp\" alt=\"m\u00e1quina de embalagem de bast\u00e3o multipista\" class=\"wp-image-5003\" srcset=\"https:\/\/taizypackaging.com\/wp-content\/uploads\/2023\/12\/multi-lane-stick-pack-machine.webp 720w, https:\/\/taizypackaging.com\/wp-content\/uploads\/2023\/12\/multi-lane-stick-pack-machine-300x225.webp 300w\" sizes=\"auto, (max-width: 720px) 100vw, 720px\" \/><figcaption class=\"wp-element-caption\">m\u00e1quina de embalagem de bast\u00e3o multipista<\/figcaption><\/figure> <\/div>   <h2 class=\"wp-block-heading\">Escopo de aplica\u00e7\u00e3o da m\u00e1quina de embalagem de stick multipista<\/h2>    <p class=\"translation-block\"><strong>Ind\u00fastria de alimentos<\/strong>: utilizado para embalagem de alimentos em p\u00f3, granulares ou l\u00edquidos, como farinha, leite em p\u00f3, caf\u00e9 em p\u00f3, glicose, a\u00e7\u00facar, aromatizantes, etc.<\/p>    <p class=\"translation-block\"><strong>Ind\u00fastria farmac\u00eautica<\/strong>: para a embalagem de produtos farmac\u00eauticos, p\u00f3s herbais e outros medicamentos granulares ou l\u00edquidos.<\/p>    <p class=\"translation-block\"><strong>Cosm\u00e9ticos e produtos de cuidados pessoais<\/strong>: Usado para a embalagem de xampu, gel de banho, produtos de cuidados com a pele e outros produtos.<\/p>    <p class=\"translation-block\"><strong>Produtos industriais e qu\u00edmicos<\/strong>: Podem ser usados para a embalagem de produtos qu\u00edmicos, tintas, e assim por diante.<\/p>    <p class=\"translation-block\"><strong>Campo agr\u00edcola<\/strong>: Usado para embalagem de produtos agr\u00edcolas como sementes, fertilizantes, pesticidas, etc.<\/p>   <div class=\"wp-block-image\"> <figure class=\"aligncenter size-full\"><img loading=\"lazy\" decoding=\"async\" width=\"720\" height=\"540\" src=\"https:\/\/taizypackaging.com\/wp-content\/uploads\/2023\/12\/packaging-product-display.webp\" alt=\"exibi\u00e7\u00e3o de produtos de embalagem\" class=\"wp-image-5008\" srcset=\"https:\/\/taizypackaging.com\/wp-content\/uploads\/2023\/12\/packaging-product-display.webp 720w, https:\/\/taizypackaging.com\/wp-content\/uploads\/2023\/12\/packaging-product-display-300x225.webp 300w\" sizes=\"auto, (max-width: 720px) 100vw, 720px\" \/><figcaption class=\"wp-element-caption\">exibi\u00e7\u00e3o de produtos de embalagem<\/figcaption><\/figure> <\/div>   <h2 class=\"wp-block-heading\">Vantagens da m\u00e1quina de embalagem de sach\u00eas multipista<\/h2>    <ol class=\"wp-block-list\"> <li>Produ\u00e7\u00e3o eficiente: as m\u00e1quinas embaladoras de sach\u00eas multipistas podem lidar com v\u00e1rias unidades de trabalho de embalagem simultaneamente, permitindo que o processo de embalagem seja paralelizado.<\/li>    <li>Versatilidade: A m\u00e1quina pode acomodar diferentes formatos, tamanhos e tipos de embalagens de produtos. V\u00e1rias configura\u00e7\u00f5es e op\u00e7\u00f5es de personaliza\u00e7\u00e3o est\u00e3o dispon\u00edveis para atender \u00e0s necessidades de diferentes produtos.<\/li>    <li>Dosagem precisa: as m\u00e1quinas de embalagem em bast\u00e3o de m\u00faltiplas pistas possuem capacidades precisas de enchimento e dosagem para garantir que a quantidade de produto em cada unidade de embalagem seja precisa.<\/li>    <li>Padr\u00f5es de higiene: A estrutura da m\u00e1quina foi projetada para atender aos requisitos de higiene. Toda a m\u00e1quina \u00e9 feita de a\u00e7o inoxid\u00e1vel 304. Portanto, a m\u00e1quina pode se adaptar aos rigorosos requisitos de higiene de alimentos, medicamentos e outros padr\u00f5es da ind\u00fastria.<\/li>    <li>Flexibilidade: A m\u00e1quina pode atender a diferentes necessidades de embalagem. Uma variedade de op\u00e7\u00f5es de corte, veda\u00e7\u00e3o e marca\u00e7\u00e3o est\u00e3o dispon\u00edveis para diferentes designs e requisitos de embalagens de produtos.<\/li>    <li>Controle de automa\u00e7\u00e3o: A m\u00e1quina adota um conjunto completo de sistemas de controle Siemens, como controle de programa PLC, que pode realizar opera\u00e7\u00e3o automatizada e controle preciso de embalagem.<\/li> <\/ol>    <h2 class=\"wp-block-heading\">Venda m\u00e1quina de embalagem de bast\u00e3o multipista<\/h2>    <p class=\"translation-block\">Na <a href=\"https:\/\/taizypackaging.com\/pt\/\">Taizy Packaging Machinery<\/a>, temos uma ampla gama de m\u00e1quinas de enchimento em stick pack de m\u00faltiplas faixas \u00e0 venda. Os clientes costumam comprar m\u00e1quinas de 4 e 8 fileiras. Tamb\u00e9m h\u00e1 alguns clientes que compram m\u00e1quinas de enchimento em stick pack de 12 colunas. Se voc\u00ea tiver outros requisitos de colunas, podemos fornecer servi\u00e7os de personaliza\u00e7\u00e3o exclusivos. Por favor, acredite que faremos o nosso melhor para atender \u00e0s suas necessidades.<\/p>   <div class=\"wp-block-image\"> <figure class=\"aligncenter size-full\"><img loading=\"lazy\" decoding=\"async\" width=\"720\" height=\"540\" src=\"https:\/\/taizypackaging.com\/wp-content\/uploads\/2023\/12\/stock-of-stick-pack-filling-machine.webp\" alt=\"estoque de m\u00e1quina de enchimento de stick pack\" class=\"wp-image-5011\" srcset=\"https:\/\/taizypackaging.com\/wp-content\/uploads\/2023\/12\/stock-of-stick-pack-filling-machine.webp 720w, https:\/\/taizypackaging.com\/wp-content\/uploads\/2023\/12\/stock-of-stick-pack-filling-machine-300x225.webp 300w\" sizes=\"auto, (max-width: 720px) 100vw, 720px\" \/><figcaption class=\"wp-element-caption\">estoque de m\u00e1quina de enchimento de stick pack<\/figcaption><\/figure> <\/div>   <h2 class=\"wp-block-heading\">Fabricante confi\u00e1vel de m\u00e1quina de embalagem com bast\u00e3o multipista na China<\/h2>    <p class=\"translation-block\">A Taizy Packaging Machinery \u00e9 um fabricante de m\u00e1quinas de embalagem bem conhecido na China. Al\u00e9m da m\u00e1quina de embalagem em stick pack de m\u00faltiplas faixas, tamb\u00e9m temos <a href=\"https:\/\/taizypackaging.com\/pt\/tea-packing-machine-sold-to-sri-lanka\/\">m\u00e1quinas de embalagem de ch\u00e1<\/a>, <a href=\"https:\/\/taizypackaging.com\/pt\/fully-automatic-paste-filling-machine-for-100-5000ml\/\">m\u00e1quina de embalagem de pasta<\/a>, <a href=\"https:\/\/taizypackaging.com\/pt\/how-to-package-chinchin-snacks\/\">m\u00e1quina de embalagem de chin chin<\/a>, <a href=\"https:\/\/taizypackaging.com\/pt\/sugar-sachet-packing-machine-performance-features-and-advantages\/\">m\u00e1quina de embalagem de sach\u00ea de a\u00e7\u00facar<\/a>, <a href=\"https:\/\/taizypackaging.com\/pt\/meat-vacuum-packaging-machine-exported-to-ghana\/\">m\u00e1quina de embalagem a v\u00e1cuo<\/a>, e assim por diante. Voc\u00ea pode escolher a m\u00e1quina certa de acordo com suas necessidades. <\/p>   <div class=\"wp-block-image\"> <figure class=\"aligncenter size-full\"><img loading=\"lazy\" decoding=\"async\" width=\"720\" height=\"540\" src=\"https:\/\/taizypackaging.com\/wp-content\/uploads\/2023\/12\/our-certifications.webp\" alt=\"nossas certifica\u00e7\u00f5es\" class=\"wp-image-5006\" srcset=\"https:\/\/taizypackaging.com\/wp-content\/uploads\/2023\/12\/our-certifications.webp 720w, https:\/\/taizypackaging.com\/wp-content\/uploads\/2023\/12\/our-certifications-300x225.webp 300w\" sizes=\"auto, (max-width: 720px) 100vw, 720px\" \/><figcaption class=\"wp-element-caption\">nossas certifica\u00e7\u00f5es<\/figcaption><\/figure> <\/div>   <p>At\u00e9 agora, as nossas m\u00e1quinas foram exportadas para Canad\u00e1, Alemanha, Senegal, Nova Zel\u00e2ndia, Espanha, Nig\u00e9ria, Jap\u00e3o, Gr\u00e9cia e muitos outros pa\u00edses. Portanto, voc\u00ea pode confiar plenamente na qualidade de nossas m\u00e1quinas. Nossa rica experi\u00eancia em exporta\u00e7\u00e3o tamb\u00e9m nos permite entregar as m\u00e1quinas o mais r\u00e1pido poss\u00edvel. O que voc\u00ea est\u00e1 esperando? Entre em contato conosco rapidamente!<\/p>","protected":false},"excerpt":{"rendered":"<p>Multi lane stick pack machine for efficient and fast packaging of powders, granules, and liquid materials. The finished size of this packaging machine can be adjusted between 50-150 in length and 15-80 in width. Next, we will introduce this machine to you in detail. What is multi lane stick pack machine? Multi lane stick pack [&hellip;]<\/p>\n","protected":false},"author":1,"featured_media":5002,"parent":0,"template":"","tags":[],"product-type":[660],"class_list":["post-4997","product","type-product","status-publish","has-post-thumbnail","hentry","product-type-powder-packing-machines"],"_links":{"self":[{"href":"https:\/\/taizypackaging.com\/pt\/wp-json\/wp\/v2\/product\/4997","targetHints":{"allow":["GET"]}}],"collection":[{"href":"https:\/\/taizypackaging.com\/pt\/wp-json\/wp\/v2\/product"}],"about":[{"href":"https:\/\/taizypackaging.com\/pt\/wp-json\/wp\/v2\/types\/product"}],"author":[{"embeddable":true,"href":"https:\/\/taizypackaging.com\/pt\/wp-json\/wp\/v2\/users\/1"}],"wp:featuredmedia":[{"embeddable":true,"href":"https:\/\/taizypackaging.com\/pt\/wp-json\/wp\/v2\/media\/5002"}],"wp:attachment":[{"href":"https:\/\/taizypackaging.com\/pt\/wp-json\/wp\/v2\/media?parent=4997"}],"wp:term":[{"taxonomy":"post_tag","embeddable":true,"href":"https:\/\/taizypackaging.com\/pt\/wp-json\/wp\/v2\/tags?post=4997"},{"taxonomy":"product-type","embeddable":true,"href":"https:\/\/taizypackaging.com\/pt\/wp-json\/wp\/v2\/product-type?post=4997"}],"curies":[{"name":"wp","href":"https:\/\/api.w.org\/{rel}","templated":true}]}}