{"id":5071,"date":"2024-07-11T10:49:10","date_gmt":"2024-07-11T02:49:10","guid":{"rendered":"https:\/\/taizypackaging.com\/?post_type=product&#038;p=5071"},"modified":"2024-07-11T14:06:01","modified_gmt":"2024-07-11T06:06:01","slug":"heat-shrink-wrap-machine","status":"publish","type":"product","link":"https:\/\/taizypackaging.com\/pt\/heat-shrink-wrap-machine\/","title":{"rendered":"M\u00e1quina de embalagem termorretr\u00e1til LC-560B"},"content":{"rendered":"<div class=\"kk-star-ratings kksr-auto kksr-align-left kksr-valign-top\"     data-payload='{&quot;align&quot;:&quot;left&quot;,&quot;id&quot;:&quot;5071&quot;,&quot;slug&quot;:&quot;default&quot;,&quot;valign&quot;:&quot;top&quot;,&quot;ignore&quot;:&quot;&quot;,&quot;reference&quot;:&quot;auto&quot;,&quot;class&quot;:&quot;&quot;,&quot;count&quot;:&quot;26&quot;,&quot;legendonly&quot;:&quot;&quot;,&quot;readonly&quot;:&quot;&quot;,&quot;score&quot;:&quot;4.9&quot;,&quot;starsonly&quot;:&quot;&quot;,&quot;best&quot;:&quot;5&quot;,&quot;gap&quot;:&quot;5&quot;,&quot;greet&quot;:&quot;Rate this product&quot;,&quot;legend&quot;:&quot;4.9\\\/5 - (26 votes)&quot;,&quot;size&quot;:&quot;24&quot;,&quot;title&quot;:&quot;LC-560B Heat Shrink Wrap Machine&quot;,&quot;width&quot;:&quot;139.6&quot;,&quot;_legend&quot;:&quot;{score}\\\/{best} - ({count} {votes})&quot;,&quot;font_factor&quot;:&quot;1.25&quot;}'>              <div class=\"kksr-stars\">      <div class=\"kksr-stars-inactive\">             <div class=\"kksr-star\" data-star=\"1\" style=\"padding-right: 5px\">               <div class=\"kksr-icon\" style=\"width: 24px; height: 24px;\"><\/div>         <\/div>             <div class=\"kksr-star\" data-star=\"2\" style=\"padding-right: 5px\">               <div class=\"kksr-icon\" style=\"width: 24px; height: 24px;\"><\/div>         <\/div>             <div class=\"kksr-star\" data-star=\"3\" style=\"padding-right: 5px\">               <div class=\"kksr-icon\" style=\"width: 24px; height: 24px;\"><\/div>         <\/div>             <div class=\"kksr-star\" data-star=\"4\" style=\"padding-right: 5px\">               <div class=\"kksr-icon\" style=\"width: 24px; height: 24px;\"><\/div>         <\/div>             <div class=\"kksr-star\" data-star=\"5\" style=\"padding-right: 5px\">               <div class=\"kksr-icon\" style=\"width: 24px; height: 24px;\"><\/div>         <\/div>     <\/div>      <div class=\"kksr-stars-active\" style=\"width: 139.6px;\">             <div class=\"kksr-star\" style=\"padding-right: 5px\">               <div class=\"kksr-icon\" style=\"width: 24px; height: 24px;\"><\/div>         <\/div>             <div class=\"kksr-star\" style=\"padding-right: 5px\">               <div class=\"kksr-icon\" style=\"width: 24px; height: 24px;\"><\/div>         <\/div>             <div class=\"kksr-star\" style=\"padding-right: 5px\">               <div class=\"kksr-icon\" style=\"width: 24px; height: 24px;\"><\/div>         <\/div>             <div class=\"kksr-star\" style=\"padding-right: 5px\">               <div class=\"kksr-icon\" style=\"width: 24px; height: 24px;\"><\/div>         <\/div>             <div class=\"kksr-star\" style=\"padding-right: 5px\">               <div class=\"kksr-icon\" style=\"width: 24px; height: 24px;\"><\/div>         <\/div>     <\/div> <\/div>                   <div class=\"kksr-legend\" style=\"font-size: 19.2px;\">             4,9\/5 - (26 votos)    <\/div>     <\/div>  <p>A m\u00e1quina de embalagem termorretr\u00e1til envolve completamente o produto com um filme termorretr\u00e1til para proteger e embelezar o produto. <\/p>    <p>A m\u00e1quina de embalagem termorretr\u00e1til totalmente selada desenvolvida de forma independente por nossa empresa \u00e9 amplamente utilizada na embalagem de produtos em ind\u00fastrias como bebidas, alimentos, medicamentos e produtos qu\u00edmicos.<\/p>   <figure class=\"wp-block-embed-youtube wp-block-embed is-type-video is-provider-youtube wp-embed-aspect-16-9 wp-has-aspect-ratio\"><div class=\"lyte-wrapper fourthree\" title=\"M\u00e1quina autom\u00e1tica de embalagem retr\u00e1til | Cortador termorretr\u00e1til autom\u00e1tico\" style=\"width:960px;max-width:100%;margin:5px auto;\"><div class=\"lyMe hidef\" id=\"WYL_dyFayXTAn-s\" itemprop=\"video\" itemscope itemtype=\"https:\/\/schema.org\/VideoObject\"><div><meta itemprop=\"thumbnailUrl\" content=\"https:\/\/taizypackaging.com\/wp-content\/plugins\/wp-youtube-lyte\/lyteCache.php?origThumbUrl=https%3A%2F%2Fi.ytimg.com%2Fvi%2FdyFayXTAn-s%2Fmaxresdefault.jpg\" \/><meta itemprop=\"embedURL\" content=\"https:\/\/www.youtube.com\/embed\/dyFayXTAn-s\" \/><meta itemprop=\"duration\" content=\"PT1M52S\" \/><meta itemprop=\"uploadDate\" content=\"2021-07-28T09:46:36Z\" \/><\/div><meta itemprop=\"accessibilityFeature\" content=\"captions\" \/><div id=\"lyte_dyFayXTAn-s\" data-src=\"https:\/\/taizypackaging.com\/wp-content\/plugins\/wp-youtube-lyte\/lyteCache.php?origThumbUrl=https%3A%2F%2Fi.ytimg.com%2Fvi%2FdyFayXTAn-s%2Fmaxresdefault.jpg\" class=\"pL\"><div class=\"tC\"><div class=\"tT\" itemprop=\"name\">M\u00e1quina autom\u00e1tica de embalagem retr\u00e1til | Cortador termorretr\u00e1til autom\u00e1tico<\/div><\/div><div class=\"play\"><\/div><div class=\"ctrl\"><div class=\"Lctrl\"><\/div><div class=\"Rctrl\"><\/div><\/div><\/div><noscript><a href=\"https:\/\/youtu.be\/dyFayXTAn-s\" rel=\"nofollow noopener\" target=\"_blank\"><img loading=\"lazy\" decoding=\"async\" src=\"https:\/\/taizypackaging.com\/wp-content\/plugins\/wp-youtube-lyte\/lyteCache.php?origThumbUrl=https%3A%2F%2Fi.ytimg.com%2Fvi%2FdyFayXTAn-s%2F0.jpg\" alt=\"M\u00e1quina autom\u00e1tica de embalagem retr\u00e1til | Cortador termorretr\u00e1til autom\u00e1tico\" width=\"960\" height=\"700\" \/><br \/>Assista a este v\u00eddeo no YouTube<\/a><\/noscript><meta itemprop=\"description\" content=\"WhatsApp\/Wechat\/Tel:+86 19139754781 Our company&#039;s automatic shrink wrap machine is an L-type heat shrink film wrapping machine, widely used for mass production packaging flowing operation. You can learn more information on :https:\/\/taizypackaging.com\/automatic-shrink-wrap-machine\/\"><\/div><\/div><div class=\"lL\" style=\"max-width:100%;width:960px;margin:5px auto;\"><\/div><figcaption>o v\u00eddeo de trabalho da m\u00e1quina autom\u00e1tica de embalagem retr\u00e1til<\/figcaption><\/figure>   <h2 class=\"wp-block-heading\">Vantagens da m\u00e1quina de embalagem termorretr\u00e1til<\/h2>    <ol class=\"wp-block-list\"> <li>Alta qualidade. Toda a m\u00e1quina de embalagem de filme termorretr\u00e1til \u00e9 feita de a\u00e7o de alta qualidade e a\u00e7o inoxid\u00e1vel.<\/li>    <li>Ajust\u00e1vel na estrutura de circula\u00e7\u00e3o de ar quente. Esta m\u00e1quina de embalagem de filme retr\u00e1til aplica-se \u00e0 variedade existente de filme termoencolh\u00edvel (incluindo impress\u00e3o em cores).<\/li>    <li>O alto grau de automa\u00e7\u00e3o. Nossa m\u00e1quina de embalagem termorretr\u00e1til com veda\u00e7\u00e3o total \u00e9 equipada com alimenta\u00e7\u00e3o autom\u00e1tica, selagem autom\u00e1tica, corte autom\u00e1tico de filme e outras fun\u00e7\u00f5es.<\/li>    <li>Ampla gama de aplica\u00e7\u00f5es. Adequado para alimentos, bebidas, medicamentos, necessidades di\u00e1rias, produtos eletr\u00f4nicos e outras ind\u00fastrias.<\/li>    <li>Opera\u00e7\u00e3o f\u00e1cil. O equipamento est\u00e1 equipado com um sistema de controle inteligente.<\/li>    <li>Alta efici\u00eancia e economia de energia. O sistema de aquecimento com economia de energia pode atingir rapidamente a temperatura de trabalho para reduzir o consumo de energia.<\/li> <\/ol>    <h2 class=\"wp-block-heading\">Faixa de aplica\u00e7\u00e3o da m\u00e1quina de embalagem termorretr\u00e1til<\/h2>    <ul class=\"wp-block-list\"> <li>Ind\u00fastria aliment\u00edcia: biscoitos, <a href=\"https:\/\/en.wikipedia.org\/wiki\/Chocolate\" target=\"_blank\" rel=\"noopener\">chocolate<\/a>, p\u00e3o, refrigerantes, \u00e1gua mineral, refrigerante, macarr\u00e3o instant\u00e2neo embalado.<\/li>    <li>Necessidades di\u00e1rias: shampoo, gel de banho, creme facial, sab\u00e3o em p\u00f3, detergente para lou\u00e7a.<\/li>    <li>Ind\u00fastria farmac\u00eautica: frascos de medicamentos, caixas de medicamentos, seringas, kits de testes.<\/li>    <li>Produtos eletr\u00f4nicos: cole\u00e7\u00e3o, controle remoto, etc.<\/li>    <li>Livros: revistas, livros did\u00e1ticos, cadernos, etc.<\/li> <\/ul>    <h2 class=\"wp-block-heading\">Par\u00e2metros do equipamento de embalagem retr\u00e1til Taizy<\/h2>    <figure class=\"wp-block-table\"><table><tbody><tr><td>Modelo<\/td><td>LC-560B<\/td><\/tr><tr><td>Tipo de veda\u00e7\u00e3o<\/td><td>Totalmente fechado<\/td><\/tr><tr><td>Fonte de energia<\/td><td>380V \/ 50 \u4e00 60Hz\/trif\u00e1sico<\/td><\/tr><tr><td>Capacidade m\u00e1xima de embalagem<\/td><td>35 sacos\/min (depende do tamanho do produto)<\/td><\/tr><tr><td>Altura de veda\u00e7\u00e3o<\/td><td>\u2264125 mm<\/td><\/tr><tr><td>Largura da embalagem<\/td><td>\u2264350 mm<\/td><\/tr><tr><td>Tamanho do produto acabado<\/td><td>Largura + altura\u2264400mmComprimento + altura\u2264480mm<\/td><\/tr><tr><td>Tipo de filme<\/td><td>Filme de poliolefina dobrado centralmente (POF)<\/td><\/tr><tr><td>Poder total<\/td><td>1,5 kW<\/td><\/tr><tr><td>Altura de trabalho<\/td><td>780-850mm<\/td><\/tr><tr><td>Press\u00e3o do ar<\/td><td>\u22640,5MPa\uff085bar\uff09<\/td><\/tr><tr><td>Sistema de veda\u00e7\u00e3o<\/td><td>Sistema de aquecimento de temperatura constante<\/td><\/tr><tr><td>Material da m\u00e1quina<\/td><td>A\u00e7o carbono<\/td><\/tr><tr><td>Peso<\/td><td>300kg<\/td><\/tr><\/tbody><\/table><figcaption class=\"wp-element-caption\">equipamento de embalagem retr\u00e1til<\/figcaption><\/figure>    <p>Na tabela acima voc\u00ea pode ver os dados t\u00e9cnicos do modelo LC-560B. Se voc\u00ea quiser saber mais sobre esta m\u00e1quina de embalagem termorretr\u00e1til, n\u00e3o hesite em nos contatar.<\/p>    <h2 class=\"wp-block-heading\">Processo de trabalho da m\u00e1quina de embalagem termorretr\u00e1til<\/h2>    <p>Primeiro, a garrafa a ser embalada precisa ser colocada no mecanismo de transporte da garrafa. Em seguida, a caixa da embalagem atinge o defletor da garrafa ao longo do canal formado pelo mecanismo de separa\u00e7\u00e3o da garrafa.<\/p>    <p>Em seguida, a cabe\u00e7a de detec\u00e7\u00e3o fotoel\u00e9trica na parte superior da m\u00e1quina de embalagem termorretr\u00e1til emitir\u00e1 um sinal para parar a m\u00e1quina de transporte.<\/p>    <p>Em seguida, o defletor se move para tr\u00e1s para liberar a press\u00e3o do transporte e da produ\u00e7\u00e3o de extrus\u00e3o. Em seguida, a divis\u00f3ria sobe para separar a garrafa (caixa) de embalagem da garrafa (caixa) a ser embalada.<\/p>    <p>Em seguida, o mecanismo de transporte da m\u00e1quina avan\u00e7ar\u00e1 para fazer a garrafa de embalagem (caixa) ao longo do mecanismo de guia da garrafa (caixa) junto com o filme para alcan\u00e7ar a posi\u00e7\u00e3o de veda\u00e7\u00e3o e corte.<\/p>    <p>Ao mesmo tempo, o dispositivo de transporte empurrar\u00e1 a garrafa de embalagem que foi filmada na frente para a correia transportadora na m\u00e1quina de embalagem de filme termorretr\u00e1til. Neste momento, o mecanismo de alimenta\u00e7\u00e3o do filme tamb\u00e9m funciona ao mesmo tempo.<\/p>    <p>Em seguida, o cortador de selagem a quente se move para baixo para completar a fun\u00e7\u00e3o de selagem e corte.<\/p>    <p>A garrafa de embalagem empurrada para a correia transportadora de alta temperatura avan\u00e7ar\u00e1 no equipamento termorretr\u00e1til enquanto completa a fun\u00e7\u00e3o termorretr\u00e1til.<\/p>    <p>Por fim, o produto embalado chegar\u00e1 ao transportador de produtos acabados ap\u00f3s ser resfriado e encolhido pelo ar frio.<\/p>    <h2 class=\"wp-block-heading\">Contate-nos<\/h2>    <p class=\"translation-block\">A Taizy Machinery \u00e9 um fabricante profissional de m\u00e1quinas de embalagem. Para al\u00e9m de m\u00e1quinas autom\u00e1ticas de termoencolhimento, tamb\u00e9m temos m\u00e1quinas de embalagem de p\u00f3, m\u00e1quinas de enchimento de l\u00edquidos, m\u00e1quinas de embalagem a v\u00e1cuo e m\u00e1quinas de embalagem de granulados para venda. <\/p>    <p>Se voc\u00ea est\u00e1 procurando m\u00e1quinas de embalagem de filme retr\u00e1til de alta qualidade, n\u00e3o hesite em nos contatar.<\/p>","protected":false},"excerpt":{"rendered":"<p>A m\u00e1quina de embalagem termorretr\u00e1til \u00e9 amplamente utilizada na embalagem de produtos em ind\u00fastrias como bebidas, alimentos, medicamentos e produtos qu\u00edmicos.<\/p>","protected":false},"author":1,"featured_media":5073,"parent":0,"template":"","tags":[672],"product-type":[668],"class_list":["post-5071","product","type-product","status-publish","has-post-thumbnail","hentry","tag-heat-shrink","product-type-supporting-equipment"],"_links":{"self":[{"href":"https:\/\/taizypackaging.com\/pt\/wp-json\/wp\/v2\/product\/5071","targetHints":{"allow":["GET"]}}],"collection":[{"href":"https:\/\/taizypackaging.com\/pt\/wp-json\/wp\/v2\/product"}],"about":[{"href":"https:\/\/taizypackaging.com\/pt\/wp-json\/wp\/v2\/types\/product"}],"author":[{"embeddable":true,"href":"https:\/\/taizypackaging.com\/pt\/wp-json\/wp\/v2\/users\/1"}],"wp:featuredmedia":[{"embeddable":true,"href":"https:\/\/taizypackaging.com\/pt\/wp-json\/wp\/v2\/media\/5073"}],"wp:attachment":[{"href":"https:\/\/taizypackaging.com\/pt\/wp-json\/wp\/v2\/media?parent=5071"}],"wp:term":[{"taxonomy":"post_tag","embeddable":true,"href":"https:\/\/taizypackaging.com\/pt\/wp-json\/wp\/v2\/tags?post=5071"},{"taxonomy":"product-type","embeddable":true,"href":"https:\/\/taizypackaging.com\/pt\/wp-json\/wp\/v2\/product-type?post=5071"}],"curies":[{"name":"wp","href":"https:\/\/api.w.org\/{rel}","templated":true}]}}