{"id":5080,"date":"2024-07-11T14:05:51","date_gmt":"2024-07-11T06:05:51","guid":{"rendered":"https:\/\/taizypackaging.com\/?post_type=product&#038;p=5080"},"modified":"2024-07-11T14:12:25","modified_gmt":"2024-07-11T06:12:25","slug":"shrink-packing-machine","status":"publish","type":"product","link":"https:\/\/taizypackaging.com\/pt\/shrink-packing-machine\/","title":{"rendered":"M\u00e1quina de embalagem retr\u00e1til de travesseiro LC-590"},"content":{"rendered":"<div class=\"kk-star-ratings kksr-auto kksr-align-left kksr-valign-top\"     data-payload='{&quot;align&quot;:&quot;left&quot;,&quot;id&quot;:&quot;5080&quot;,&quot;slug&quot;:&quot;default&quot;,&quot;valign&quot;:&quot;top&quot;,&quot;ignore&quot;:&quot;&quot;,&quot;reference&quot;:&quot;auto&quot;,&quot;class&quot;:&quot;&quot;,&quot;count&quot;:&quot;5&quot;,&quot;legendonly&quot;:&quot;&quot;,&quot;readonly&quot;:&quot;&quot;,&quot;score&quot;:&quot;4.8&quot;,&quot;starsonly&quot;:&quot;&quot;,&quot;best&quot;:&quot;5&quot;,&quot;gap&quot;:&quot;5&quot;,&quot;greet&quot;:&quot;Rate this product&quot;,&quot;legend&quot;:&quot;4.8\\\/5 - (5 votes)&quot;,&quot;size&quot;:&quot;24&quot;,&quot;title&quot;:&quot;LC-590 Pillow Shrink Packing Machine&quot;,&quot;width&quot;:&quot;136.7&quot;,&quot;_legend&quot;:&quot;{score}\\\/{best} - ({count} {votes})&quot;,&quot;font_factor&quot;:&quot;1.25&quot;}'>              <div class=\"kksr-stars\">      <div class=\"kksr-stars-inactive\">             <div class=\"kksr-star\" data-star=\"1\" style=\"padding-right: 5px\">               <div class=\"kksr-icon\" style=\"width: 24px; height: 24px;\"><\/div>         <\/div>             <div class=\"kksr-star\" data-star=\"2\" style=\"padding-right: 5px\">               <div class=\"kksr-icon\" style=\"width: 24px; height: 24px;\"><\/div>         <\/div>             <div class=\"kksr-star\" data-star=\"3\" style=\"padding-right: 5px\">               <div class=\"kksr-icon\" style=\"width: 24px; height: 24px;\"><\/div>         <\/div>             <div class=\"kksr-star\" data-star=\"4\" style=\"padding-right: 5px\">               <div class=\"kksr-icon\" style=\"width: 24px; height: 24px;\"><\/div>         <\/div>             <div class=\"kksr-star\" data-star=\"5\" style=\"padding-right: 5px\">               <div class=\"kksr-icon\" style=\"width: 24px; height: 24px;\"><\/div>         <\/div>     <\/div>      <div class=\"kksr-stars-active\" style=\"width: 136.7px;\">             <div class=\"kksr-star\" style=\"padding-right: 5px\">               <div class=\"kksr-icon\" style=\"width: 24px; height: 24px;\"><\/div>         <\/div>             <div class=\"kksr-star\" style=\"padding-right: 5px\">               <div class=\"kksr-icon\" style=\"width: 24px; height: 24px;\"><\/div>         <\/div>             <div class=\"kksr-star\" style=\"padding-right: 5px\">               <div class=\"kksr-icon\" style=\"width: 24px; height: 24px;\"><\/div>         <\/div>             <div class=\"kksr-star\" style=\"padding-right: 5px\">               <div class=\"kksr-icon\" style=\"width: 24px; height: 24px;\"><\/div>         <\/div>             <div class=\"kksr-star\" style=\"padding-right: 5px\">               <div class=\"kksr-icon\" style=\"width: 24px; height: 24px;\"><\/div>         <\/div>     <\/div> <\/div>                   <div class=\"kksr-legend\" style=\"font-size: 19.2px;\">             4,8\/5 - (5 votos)    <\/div>     <\/div>  <p>As m\u00e1quinas de embalagem retr\u00e1til de travesseiro s\u00e3o amplamente utilizadas nas ind\u00fastrias farmac\u00eautica, aliment\u00edcia, cosm\u00e9tica, de produtos culturais, de produtos eletr\u00f4nicos, de necessidades di\u00e1rias e de brinquedos. <\/p>    <p>A m\u00e1quina n\u00e3o necessita de bandejas e caixas durante o processo de embalagem. Quer o produto seja quadrado, redondo ou plano, esta m\u00e1quina de embalagem retr\u00e1til de alta velocidade pode embal\u00e1-lo perfeitamente.<\/p>    <h2 class=\"wp-block-heading\">Caracter\u00edsticas da m\u00e1quina de embalagem retr\u00e1til de travesseiro<\/h2>    <ol class=\"wp-block-list\"> <li>A m\u00e1quina possui um dispositivo de embreagem de seguran\u00e7a anti-corte. Isto pode evitar danos aos produtos embalados.<\/li>    <li>O dispositivo exclusivo de reciclagem de res\u00edduos pode deixar a embalagem mais bonita. Ao mesmo tempo, tamb\u00e9m economiza cerca de 3%-10% de materiais em compara\u00e7\u00e3o com m\u00e1quinas de embalagem tradicionais.<\/li>    <li>O sistema de controle com tela de toque colorida torna a m\u00e1quina mais f\u00e1cil de operar. E o controle PLC torna o sistema mais est\u00e1vel.<\/li>    <li>O comprimento da embalagem, a velocidade da embalagem e a temperatura podem ser ajustados separadamente.<\/li>    <li>A m\u00e1quina de embalagem retr\u00e1til de alta velocidade pode ser equipada com uma m\u00e1quina de codifica\u00e7\u00e3o ou uma impressora jato de tinta. Nenhuma opera\u00e7\u00e3o manual \u00e9 necess\u00e1ria durante o processo de embalagem.<\/li>    <li>Com o controle do freio motor, o equipamento \u00e9 sens\u00edvel \u00e0 resposta.<\/li>    <li>O eficiente sistema de circula\u00e7\u00e3o de ar quente e o sistema de controle autom\u00e1tico de temperatura podem garantir a qualidade do encolhimento.<\/li> <\/ol>    <h2 class=\"wp-block-heading\">Dados t\u00e9cnicos da m\u00e1quina de embalagem retr\u00e1til de travesseiro<\/h2>    <figure class=\"wp-block-table\"><table><tbody><tr><td>Modelo<\/td><td>LC-590<\/td><\/tr><tr><td>Velocidade de embalagem<\/td><td>30-135 sacos\/min<\/td><\/tr><tr><td>Avaliado <a href=\"https:\/\/en.wikipedia.org\/wiki\/Power_(physics)\" target=\"_blank\" rel=\"noopener\">poder<\/a><\/td><td>3,6(KW)+16,5(KW)<\/td><\/tr><tr><td>Fonte de energia<\/td><td>M\u00e1quina principal: 220V, 50HZ; m\u00e1quina de encolhimento: 380V, 50HZ<\/td><\/tr><tr><td>Tamanho<\/td><td>M\u00e1quina principal: 5000x965x1450mm; m\u00e1quina de encolhimento 2600x600x1750mm<\/td><\/tr><tr><td>Peso<\/td><td>M\u00e1quina principal: 1000kg; m\u00e1quina de encolhimento: 600kg<\/td><\/tr><\/tbody><\/table><figcaption class=\"wp-element-caption\">par\u00e2metros da m\u00e1quina de embalagem retr\u00e1til<\/figcaption><\/figure>    <p>A velocidade de embalagem desta m\u00e1quina de embalagem retr\u00e1til de alta velocidade \u00e9 de 30-135 sacos\/min. Isso pode se adaptar \u00e0 maioria das necessidades de embalagem. O tamanho da m\u00e1quina principal \u00e9 5000x965x1450mm e o tamanho da m\u00e1quina de embalagem \u00e9 2600x600x1750mm.<\/p>    <h2 class=\"wp-block-heading\">Contate-nos para obter a cota\u00e7\u00e3o mais recente<\/h2>    <p class=\"translation-block\">Voc\u00ea est\u00e1 procurando uma m\u00e1quina de embalagem retr\u00e1til eficiente? A Taizy Machinery \u00e9 uma boa escolha. Como fabricante profissional de m\u00e1quinas de embalagem retr\u00e1til, tamb\u00e9m temos <a href=\"https:\/\/taizypackaging.com\/pt\/bottle-filling-machine\/\">m\u00e1quinas de enchimento de garrafas<\/a>, <a href=\"https:\/\/taizypackaging.com\/pt\/powder-filling-machine\/\">m\u00e1quinas de enchimento de p\u00f3<\/a>, <a href=\"https:\/\/taizypackaging.com\/pt\/double-chamber-vacuum-packing-machine\/\">m\u00e1quinas de embalagem a v\u00e1cuo<\/a> e <a href=\"https:\/\/taizypackaging.com\/pt\/multi-lane-stick-pack-machine\/\">m\u00e1quinas de embalagem stick multi-lane<\/a> \u00e0 venda. Se voc\u00ea precisar, sinta-se \u00e0 vontade para nos contatar atrav\u00e9s da janela pop-up no canto inferior direito.<\/p>","protected":false},"excerpt":{"rendered":"<p>As m\u00e1quinas de embalagem retr\u00e1til de travesseiro s\u00e3o amplamente utilizadas em produtos farmac\u00eauticos, aliment\u00edcios, cosm\u00e9ticos, produtos culturais, produtos eletr\u00f4nicos, necessidades di\u00e1rias, etc. <\/p>","protected":false},"author":1,"featured_media":5082,"parent":0,"template":"","tags":[672],"product-type":[668],"class_list":["post-5080","product","type-product","status-publish","has-post-thumbnail","hentry","tag-heat-shrink","product-type-supporting-equipment"],"_links":{"self":[{"href":"https:\/\/taizypackaging.com\/pt\/wp-json\/wp\/v2\/product\/5080","targetHints":{"allow":["GET"]}}],"collection":[{"href":"https:\/\/taizypackaging.com\/pt\/wp-json\/wp\/v2\/product"}],"about":[{"href":"https:\/\/taizypackaging.com\/pt\/wp-json\/wp\/v2\/types\/product"}],"author":[{"embeddable":true,"href":"https:\/\/taizypackaging.com\/pt\/wp-json\/wp\/v2\/users\/1"}],"wp:featuredmedia":[{"embeddable":true,"href":"https:\/\/taizypackaging.com\/pt\/wp-json\/wp\/v2\/media\/5082"}],"wp:attachment":[{"href":"https:\/\/taizypackaging.com\/pt\/wp-json\/wp\/v2\/media?parent=5080"}],"wp:term":[{"taxonomy":"post_tag","embeddable":true,"href":"https:\/\/taizypackaging.com\/pt\/wp-json\/wp\/v2\/tags?post=5080"},{"taxonomy":"product-type","embeddable":true,"href":"https:\/\/taizypackaging.com\/pt\/wp-json\/wp\/v2\/product-type?post=5080"}],"curies":[{"name":"wp","href":"https:\/\/api.w.org\/{rel}","templated":true}]}}