{"id":536,"date":"2020-10-15T06:01:20","date_gmt":"2020-10-15T06:01:20","guid":{"rendered":"https:\/\/taizypackaging.com\/?p=536"},"modified":"2024-07-17T17:34:53","modified_gmt":"2024-07-17T09:34:53","slug":"incense-stick-counting-and-packing-machine","status":"publish","type":"product","link":"https:\/\/taizypackaging.com\/pt\/incense-stick-counting-and-packing-machine\/","title":{"rendered":"M\u00e1quina de contagem e embalagem de bast\u00f5es de incenso"},"content":{"rendered":"<div class=\"kk-star-ratings kksr-auto kksr-align-left kksr-valign-top\"     data-payload='{&quot;align&quot;:&quot;left&quot;,&quot;id&quot;:&quot;536&quot;,&quot;slug&quot;:&quot;default&quot;,&quot;valign&quot;:&quot;top&quot;,&quot;ignore&quot;:&quot;&quot;,&quot;reference&quot;:&quot;auto&quot;,&quot;class&quot;:&quot;&quot;,&quot;count&quot;:&quot;15&quot;,&quot;legendonly&quot;:&quot;&quot;,&quot;readonly&quot;:&quot;&quot;,&quot;score&quot;:&quot;4.8&quot;,&quot;starsonly&quot;:&quot;&quot;,&quot;best&quot;:&quot;5&quot;,&quot;gap&quot;:&quot;5&quot;,&quot;greet&quot;:&quot;Rate this product&quot;,&quot;legend&quot;:&quot;4.8\\\/5 - (15 votes)&quot;,&quot;size&quot;:&quot;24&quot;,&quot;title&quot;:&quot;Incense Stick Counting and Packaging Machine&quot;,&quot;width&quot;:&quot;136.7&quot;,&quot;_legend&quot;:&quot;{score}\\\/{best} - ({count} {votes})&quot;,&quot;font_factor&quot;:&quot;1.25&quot;}'>              <div class=\"kksr-stars\">      <div class=\"kksr-stars-inactive\">             <div class=\"kksr-star\" data-star=\"1\" style=\"padding-right: 5px\">               <div class=\"kksr-icon\" style=\"width: 24px; height: 24px;\"><\/div>         <\/div>             <div class=\"kksr-star\" data-star=\"2\" style=\"padding-right: 5px\">               <div class=\"kksr-icon\" style=\"width: 24px; height: 24px;\"><\/div>         <\/div>             <div class=\"kksr-star\" data-star=\"3\" style=\"padding-right: 5px\">               <div class=\"kksr-icon\" style=\"width: 24px; height: 24px;\"><\/div>         <\/div>             <div class=\"kksr-star\" data-star=\"4\" style=\"padding-right: 5px\">               <div class=\"kksr-icon\" style=\"width: 24px; height: 24px;\"><\/div>         <\/div>             <div class=\"kksr-star\" data-star=\"5\" style=\"padding-right: 5px\">               <div class=\"kksr-icon\" style=\"width: 24px; height: 24px;\"><\/div>         <\/div>     <\/div>      <div class=\"kksr-stars-active\" style=\"width: 136.7px;\">             <div class=\"kksr-star\" style=\"padding-right: 5px\">               <div class=\"kksr-icon\" style=\"width: 24px; height: 24px;\"><\/div>         <\/div>             <div class=\"kksr-star\" style=\"padding-right: 5px\">               <div class=\"kksr-icon\" style=\"width: 24px; height: 24px;\"><\/div>         <\/div>             <div class=\"kksr-star\" style=\"padding-right: 5px\">               <div class=\"kksr-icon\" style=\"width: 24px; height: 24px;\"><\/div>         <\/div>             <div class=\"kksr-star\" style=\"padding-right: 5px\">               <div class=\"kksr-icon\" style=\"width: 24px; height: 24px;\"><\/div>         <\/div>             <div class=\"kksr-star\" style=\"padding-right: 5px\">               <div class=\"kksr-icon\" style=\"width: 24px; height: 24px;\"><\/div>         <\/div>     <\/div> <\/div>                   <div class=\"kksr-legend\" style=\"font-size: 19.2px;\">             4,8\/5 - (15 votos)    <\/div>     <\/div>  <p class=\"translation-block\">A <strong>maquina de embalagem de varetas de incenso<\/strong> tamb\u00e9m \u00e9 chamada de agarbatti packing machine. Produzimos esta m\u00e1quina de contagem e selagem de agarbatti de acordo com as caracter\u00edsticas de v\u00e1rias fragr\u00e2ncias do mundo. Agora, temos uma m\u00e1quina de embalagem de varetas de incenso, m\u00e1quina de embalagem de sach\u00eas de agarbatti, a agarbatti packing machine da Indiamart, m\u00e1quina de contagem e embalagem de agarbatti, m\u00e1quina de embalagem autom\u00e1tica de agarbatti, etc.<\/p>    <p class=\"translation-block\">Uma s\u00e9rie de m\u00e1quinas de embalagem de incensos que produzimos a partir da <a href=\"https:\/\/taizypackaging.com\/pt\/\" target=\"_blank\" rel=\"noreferrer noopener\">Taizy company<\/a> pode ser utilizada para contar e embalar incensos como incenso Buda, incenso mosquitos, incenso longo, incenso de mosca, incenso de seis gera\u00e7\u00f5es, incenso de haste, incenso de vara de bambu, etc.<\/p>    <figure class=\"wp-block-image size-large\"><img decoding=\"async\" src=\"https:\/\/taizypackaging.com\/wp-content\/uploads\/2020\/10\/various-incenses-in-the-world.jpg\" alt=\"v\u00e1rios incensos no mundo\" class=\"wp-image-666\"\/><figcaption>v\u00e1rios incensos no mundo<\/figcaption><\/figure>    <h2 class=\"wp-block-heading\" id=\"h-the-features-and-characteristics-of-agarbatti-incense-stick-packing-machine\">Os recursos e caracter\u00edsticas da m\u00e1quina de embalagem de bast\u00e3o de incenso Agarbatti<\/h2>    <ul class=\"wp-block-list\"><li>Esta m\u00e1quina adota controle de tela de toque e controle inteligente do circuito de controle principal plc. E tem medi\u00e7\u00e3o precisa.<\/li><\/ul>    <ul class=\"wp-block-list\"><li>Ele pode detectar falhas automaticamente. Por isso tem uma opera\u00e7\u00e3o simples e ajuste conveniente.<\/li><li>A m\u00e1quina adota uma estrutura de servo duplo de alta qualidade e \u00e9 f\u00e1cil de manter. Tem menos desgaste e tem uma vida longa.<\/li><\/ul>    <ul class=\"wp-block-list\"><li>A m\u00e1quina de embalagem de bast\u00e3o de incenso adota uma detec\u00e7\u00e3o de fibra \u00f3ptica de alta precis\u00e3o. Portanto a embalagem \u00e9 precisa e confi\u00e1vel.<\/li><li>O comprimento do saco n\u00e3o precisa ser definido manualmente, mas sim pela m\u00e1quina.<\/li><li>A veda\u00e7\u00e3o final possui uma estrutura ajust\u00e1vel que pode deixar a veda\u00e7\u00e3o bonita e elimina o fen\u00f4meno do saco de corte.<\/li><li>A m\u00e1quina hospedeira \u00e9 pulverizada com tinta pl\u00e1stica. Al\u00e9m disso, pode ser fabricado totalmente em a\u00e7o inoxid\u00e1vel de acordo com a necessidade do cliente.<\/li><li>A linha de montagem de embalagens \u00e9 totalmente automatizada com controle simples, alta estabilidade e baixo \u00edndice de refugo. Economiza muito trabalho e melhora a efici\u00eancia da produ\u00e7\u00e3o.<\/li><\/ul>    <ul class=\"wp-block-list\"><li>Alta efici\u00eancia de embalagem, desempenho est\u00e1vel, opera\u00e7\u00e3o e manuten\u00e7\u00e3o convenientes e baixa taxa de falhas.<\/li><\/ul>    <figure class=\"wp-block-image size-large\"><img decoding=\"async\" src=\"https:\/\/taizypackaging.com\/wp-content\/uploads\/2020\/10\/the-structure-incense-stick-packing-machine.jpg\" alt=\"a estrutura da m\u00e1quina de embalagem de bast\u00e3o de incenso\" class=\"wp-image-667\"\/><figcaption>a estrutura da m\u00e1quina de embalagem de bast\u00e3o de incenso<\/figcaption><\/figure>    <h2 class=\"wp-block-heading\" id=\"h-technical-parameters\">Par\u00e2metros da m\u00e1quina de embalagem de bast\u00e3o de incenso<\/h2>    <figure class=\"wp-block-table\"><table><tbody><tr><td>Modelo<\/td><td>CX-300<\/td><td>CX-500<\/td><\/tr><tr><td>M\u00e9todo de veda\u00e7\u00e3o <\/td><td>Veda\u00e7\u00e3o traseira <\/td><td>Veda\u00e7\u00e3o traseira<\/td><\/tr><tr><td>Velocidade de embalagem <\/td><td>20-50 sacos\/min <\/td><td>20-70 sacos\/min<\/td><\/tr><tr><td>Espessura do filme de embalagem<\/td><td>2,0-5,2um<\/td><td>1,0-2,2 hum<\/td><\/tr><tr><td>Largura do filme de embalagem<\/td><td>300 mm<\/td><td>300 mm<\/td><\/tr><tr><td>Comprimento do saco <\/td><td>300-600mm <\/td><td>300-600mm<\/td><\/tr><tr><td>Largura da bolsa <\/td><td>10-150mm<\/td><td>10-150mm<\/td><\/tr><tr><td>Materiais de filme de saco <\/td><td>BOPP, PE\/OPP<\/td><td>BOPP<\/td><\/tr><\/tbody><\/table><\/figure>    <h2 class=\"wp-block-heading\" id=\"h-the-advantages-of-incense-stick-packaging-machine\">As vantagens da m\u00e1quina de embalagem de bast\u00e3o de incenso<\/h2>    <p>Pode funcionar continuamente por um longo tempo.<\/p>    <p>Bom desempenho de veda\u00e7\u00e3o e belo efeito de embalagem.<\/p>    <p>Tamb\u00e9m pode imprimir a data de produ\u00e7\u00e3o, perfurando furos (furos redondos, furos triangulares, etc.) simultaneamente.<\/p>    <p>Ampla gama de embalagens: a gama de utiliza\u00e7\u00e3o \u00e9 adequada para embalagens de incenso de Buda, incenso longo (1-100 pe\u00e7as).<\/p>    <p>Digite os par\u00e2metros e contados e embalados automaticamente<\/p>    <figure class=\"wp-block-image size-large\"><img decoding=\"async\" src=\"https:\/\/taizypackaging.com\/wp-content\/uploads\/2020\/10\/pack-display-of-Counting-Agarbatti-Incense-Stick-Packing-Machine-.jpg\" alt=\"exibi\u00e7\u00e3o de pacote da m\u00e1quina de embalagem de bast\u00e3o de incenso contando Agarbatti\" class=\"wp-image-668\"\/><figcaption>exibi\u00e7\u00e3o de pacote da m\u00e1quina de embalagem de bast\u00e3o de incenso contando Agarbatti<\/figcaption><\/figure>    <h2 class=\"wp-block-heading\" id=\"h-the-incense-stick-packing-machine-manufacturer\">O fabricante da m\u00e1quina de embalagem de bast\u00e3o de incenso<\/h2>    <p class=\"translation-block\">Somos o fabricante da m\u00e1quina de embalagem. Somos uma empresa especializada na pesquisa e venda de m\u00e1quinas de embalagem. Agora as nossas principais m\u00e1quinas de embalagem incluem <a href=\"https:\/\/taizypackaging.com\/pt\/granule-packaging-machine\/\" target=\"_blank\" rel=\"noreferrer noopener\">m\u00e1quina de embalagem de gr\u00e2nulos<\/a>, m\u00e1quina de embalagem de p\u00f3, m\u00e1quina de pasta, <a href=\"https:\/\/taizypackaging.com\/pt\/machines-category\/vpm\/\" target=\"_blank\" rel=\"noreferrer noopener\">maquina de embalagem a v\u00e1cuo<\/a>, m\u00e1quina de embalagem de incenso, e assim por diante.<\/p>    <h2 class=\"wp-block-heading\" id=\"h-customer-case\">Caso do cliente<\/h2>    <p>Os clientes argentinos compraram este tipo de m\u00e1quina de embalagem de incenso de outras empresas em 2017 e nos contataram em outubro deste ano para comprar uma m\u00e1quina de embalagem mais avan\u00e7ada. Assim, nosso consultor de vendas enviou ao cliente a foto da embaladora autom\u00e1tica de agarbatti e os par\u00e2metros. O cliente ficou muito satisfeito e decidiu nos pagar primeiro um dep\u00f3sito de 50%. O cliente nos enviou feedback em v\u00eddeo ap\u00f3s receber a m\u00e1quina, e a m\u00e1quina est\u00e1 funcionando muito bem.<\/p>","protected":false},"excerpt":{"rendered":"<p>The incense stick packaging machine is also called agarbatti packing machine. We have produced this agarbatti counting and sealing packaging machine according to the characteristics of various incense in the world. Now, we have&nbsp;an incense stick packing machine, agarbatti pouch packing machine, Indiamart agarbatti packing machine, agarbatti counting and packing machine, automatic agarbatti packing machine, [&hellip;]<\/p>\n","protected":false},"author":1,"featured_media":670,"parent":0,"template":"","tags":[],"product-type":[668],"class_list":["post-536","product","type-product","status-publish","has-post-thumbnail","hentry","product-type-supporting-equipment"],"_links":{"self":[{"href":"https:\/\/taizypackaging.com\/pt\/wp-json\/wp\/v2\/product\/536","targetHints":{"allow":["GET"]}}],"collection":[{"href":"https:\/\/taizypackaging.com\/pt\/wp-json\/wp\/v2\/product"}],"about":[{"href":"https:\/\/taizypackaging.com\/pt\/wp-json\/wp\/v2\/types\/product"}],"author":[{"embeddable":true,"href":"https:\/\/taizypackaging.com\/pt\/wp-json\/wp\/v2\/users\/1"}],"wp:featuredmedia":[{"embeddable":true,"href":"https:\/\/taizypackaging.com\/pt\/wp-json\/wp\/v2\/media\/670"}],"wp:attachment":[{"href":"https:\/\/taizypackaging.com\/pt\/wp-json\/wp\/v2\/media?parent=536"}],"wp:term":[{"taxonomy":"post_tag","embeddable":true,"href":"https:\/\/taizypackaging.com\/pt\/wp-json\/wp\/v2\/tags?post=536"},{"taxonomy":"product-type","embeddable":true,"href":"https:\/\/taizypackaging.com\/pt\/wp-json\/wp\/v2\/product-type?post=536"}],"curies":[{"name":"wp","href":"https:\/\/api.w.org\/{rel}","templated":true}]}}