{"id":772,"date":"2020-11-21T06:47:00","date_gmt":"2020-11-21T06:47:00","guid":{"rendered":"https:\/\/taizypackaging.com\/?p=772"},"modified":"2024-07-17T17:58:18","modified_gmt":"2024-07-17T09:58:18","slug":"single-chamber-vacuum-packing-machine","status":"publish","type":"product","link":"https:\/\/taizypackaging.com\/pt\/single-chamber-vacuum-packing-machine\/","title":{"rendered":"M\u00e1quina de embalagem a v\u00e1cuo de c\u00e2mara \u00fanica"},"content":{"rendered":"<div class=\"kk-star-ratings kksr-auto kksr-align-left kksr-valign-top\"     data-payload='{&quot;align&quot;:&quot;left&quot;,&quot;id&quot;:&quot;772&quot;,&quot;slug&quot;:&quot;default&quot;,&quot;valign&quot;:&quot;top&quot;,&quot;ignore&quot;:&quot;&quot;,&quot;reference&quot;:&quot;auto&quot;,&quot;class&quot;:&quot;&quot;,&quot;count&quot;:&quot;8&quot;,&quot;legendonly&quot;:&quot;&quot;,&quot;readonly&quot;:&quot;&quot;,&quot;score&quot;:&quot;4.8&quot;,&quot;starsonly&quot;:&quot;&quot;,&quot;best&quot;:&quot;5&quot;,&quot;gap&quot;:&quot;5&quot;,&quot;greet&quot;:&quot;Rate this product&quot;,&quot;legend&quot;:&quot;4.8\\\/5 - (8 votes)&quot;,&quot;size&quot;:&quot;24&quot;,&quot;title&quot;:&quot;Single Chamber Vacuum Packing Machine&quot;,&quot;width&quot;:&quot;136.7&quot;,&quot;_legend&quot;:&quot;{score}\\\/{best} - ({count} {votes})&quot;,&quot;font_factor&quot;:&quot;1.25&quot;}'>              <div class=\"kksr-stars\">      <div class=\"kksr-stars-inactive\">             <div class=\"kksr-star\" data-star=\"1\" style=\"padding-right: 5px\">               <div class=\"kksr-icon\" style=\"width: 24px; height: 24px;\"><\/div>         <\/div>             <div class=\"kksr-star\" data-star=\"2\" style=\"padding-right: 5px\">               <div class=\"kksr-icon\" style=\"width: 24px; height: 24px;\"><\/div>         <\/div>             <div class=\"kksr-star\" data-star=\"3\" style=\"padding-right: 5px\">               <div class=\"kksr-icon\" style=\"width: 24px; height: 24px;\"><\/div>         <\/div>             <div class=\"kksr-star\" data-star=\"4\" style=\"padding-right: 5px\">               <div class=\"kksr-icon\" style=\"width: 24px; height: 24px;\"><\/div>         <\/div>             <div class=\"kksr-star\" data-star=\"5\" style=\"padding-right: 5px\">               <div class=\"kksr-icon\" style=\"width: 24px; height: 24px;\"><\/div>         <\/div>     <\/div>      <div class=\"kksr-stars-active\" style=\"width: 136.7px;\">             <div class=\"kksr-star\" style=\"padding-right: 5px\">               <div class=\"kksr-icon\" style=\"width: 24px; height: 24px;\"><\/div>         <\/div>             <div class=\"kksr-star\" style=\"padding-right: 5px\">               <div class=\"kksr-icon\" style=\"width: 24px; height: 24px;\"><\/div>         <\/div>             <div class=\"kksr-star\" style=\"padding-right: 5px\">               <div class=\"kksr-icon\" style=\"width: 24px; height: 24px;\"><\/div>         <\/div>             <div class=\"kksr-star\" style=\"padding-right: 5px\">               <div class=\"kksr-icon\" style=\"width: 24px; height: 24px;\"><\/div>         <\/div>             <div class=\"kksr-star\" style=\"padding-right: 5px\">               <div class=\"kksr-icon\" style=\"width: 24px; height: 24px;\"><\/div>         <\/div>     <\/div> <\/div>                   <div class=\"kksr-legend\" style=\"font-size: 19.2px;\">             4,8\/5 - (8 votos)    <\/div>     <\/div>  <p class=\"translation-block\"><strong>Aparelho de embalar a v\u00e1cuo de c\u00e2mara \u00fanica<\/strong> refere-se a seladoras a v\u00e1cuo com uma \u00fanica c\u00e2mara. As m\u00e1quinas de embalar a v\u00e1cuo s\u00e3o amplamente utilizadas na ind\u00fastria alimentar, como carne, legumes, fruta, milho, arroz, salsichas, etc. Pode extrair automaticamente o ar do saco e completar o processo de selagem. Tamb\u00e9m pode ser preenchida com nitrog\u00e9nio ou outras misturas de g\u00e1s para concluir o processo de selagem. Ap\u00f3s a embalada a v\u00e1cuo, o alimento pode ficar anti-oxidante, atingindo assim o objetivo de preserva\u00e7\u00e3o a longo prazo. Uma m\u00e1quina de embalar a v\u00e1cuo de c\u00e2mara \u00fanica \u00e9 uma seladora a v\u00e1cuo pequena e port\u00e1til. \u00c9 adequada tanto para uso dom\u00e9stico como industrial.  <\/p>    <h2 class=\"wp-block-heading\" id=\"h-how-does-this-kind-of-vacuum-packing-machine-work\">Como funciona a m\u00e1quina embaladora a v\u00e1cuo para ambiente \u00fanico?<\/h2>   <figure class=\"wp-block-embed-youtube wp-block-embed is-type-video is-provider-youtube wp-embed-aspect-16-9 wp-has-aspect-ratio\"><div class=\"lyte-wrapper fourthree\" title=\"M\u00e1quina embaladora a v\u00e1cuo de c\u00e2mara \u00fanica | Efici\u00eancia elevada comercial da m\u00e1quina de embalagem a v\u00e1cuo\" style=\"width:960px;max-width:100%;margin:5px auto;\"><div class=\"lyMe hidef\" id=\"WYL_ogHoh9d3IKc\" itemprop=\"video\" itemscope itemtype=\"https:\/\/schema.org\/VideoObject\"><div><meta itemprop=\"thumbnailUrl\" content=\"https:\/\/taizypackaging.com\/wp-content\/plugins\/wp-youtube-lyte\/lyteCache.php?origThumbUrl=https%3A%2F%2Fi.ytimg.com%2Fvi%2FogHoh9d3IKc%2Fmaxresdefault.jpg\" \/><meta itemprop=\"embedURL\" content=\"https:\/\/www.youtube.com\/embed\/ogHoh9d3IKc\" \/><meta itemprop=\"duration\" content=\"PT47S\" \/><meta itemprop=\"uploadDate\" content=\"2021-08-13T00:52:06Z\" \/><\/div><div id=\"lyte_ogHoh9d3IKc\" data-src=\"https:\/\/taizypackaging.com\/wp-content\/plugins\/wp-youtube-lyte\/lyteCache.php?origThumbUrl=https%3A%2F%2Fi.ytimg.com%2Fvi%2FogHoh9d3IKc%2Fmaxresdefault.jpg\" class=\"pL\"><div class=\"tC\"><div class=\"tT\" itemprop=\"name\">M\u00e1quina embaladora a v\u00e1cuo de c\u00e2mara \u00fanica | Efici\u00eancia elevada comercial da m\u00e1quina de embalagem a v\u00e1cuo<\/div><\/div><div class=\"play\"><\/div><div class=\"ctrl\"><div class=\"Lctrl\"><\/div><div class=\"Rctrl\"><\/div><\/div><\/div><noscript><a href=\"https:\/\/youtu.be\/ogHoh9d3IKc\" rel=\"nofollow noopener\" target=\"_blank\"><img loading=\"lazy\" decoding=\"async\" src=\"https:\/\/taizypackaging.com\/wp-content\/plugins\/wp-youtube-lyte\/lyteCache.php?origThumbUrl=https%3A%2F%2Fi.ytimg.com%2Fvi%2FogHoh9d3IKc%2F0.jpg\" alt=\"M\u00e1quina embaladora a v\u00e1cuo de c\u00e2mara \u00fanica | Efici\u00eancia elevada comercial da m\u00e1quina de embalagem a v\u00e1cuo\" width=\"960\" height=\"700\" \/><br \/>Assista a este v\u00eddeo no YouTube<\/a><\/noscript><meta itemprop=\"description\" content=\"#vacuumpacking #vacuumsealer #vacuumpacker Email: info@taizypackaging.com WhatsApp\/Wechat\/Tel:+86 18837171591 Useful link: https:\/\/taizypackaging.com\/single-chamber-vacuum-packing-machine\/ ---------------------------------------------------- This vacuum packaging machine has only one vacuum chamber to work. It is mainly used for packaging all kinds of snack foods, such as chicken legs, ham, chicken feet, spiced corned egg, spicy strips, grilled fish fillets, beef jerky, sausages, meat, etc. Compared with a double chamber vacuum packing machine, it has a smaller size and a cheaper price. Single chamber vacuum packaging machine is a small and portable vacuum sealer. It is both suitable for home and industrial applications. Taizy is a professional vacuum sealer manufacturer and exporter, providing various vacuum packing machines for sale. Contact us today for the best quote. You may also like this video: Double chamber vacuum packing machine: https:\/\/www.youtube.com\/watch?v=aPYp44oAyio ---------------------------------------------------- Email: info@taizypackaging.com WhatsApp\/Wechat\/Tel:+86 18837171591 Useful link: https:\/\/taizypackaging.com\/single-chamber-vacuum-packing-machine\/\"><\/div><\/div><div class=\"lL\" style=\"max-width:100%;width:960px;margin:5px auto;\"><\/div><figcaption><\/figcaption><\/figure>   <h2 class=\"wp-block-heading\" id=\"h-what-can-single-chamber-vacuum-packaging-machine-pack\">O que a m\u00e1quina de embalagem a v\u00e1cuo de c\u00e2mara \u00fanica pode embalar? <\/h2>    <p>Uma m\u00e1quina de embalagem a v\u00e1cuo de c\u00e2mara \u00fanica \u00e9 adequada para embalar v\u00e1rios alimentos usando v\u00e1rias membranas compostas de pl\u00e1stico ou folha de alum\u00ednio. Pode embalar alimentos l\u00edquidos, semifluidos, granulados s\u00f3lidos, em p\u00f3, pastosos, frutas frescas, vegetais, arroz, flores, produtos qu\u00edmicos, materiais medicinais valiosos, caligrafia e pintura valiosas, componentes eletr\u00f4nicos, v\u00e1rios anti-tra\u00e7a, anti-corros\u00e3o , produtos \u00e0 prova de umidade, antimofo e antioxidantes.<\/p>    <figure class=\"wp-block-image size-full\"><img decoding=\"async\" src=\"https:\/\/taizypackaging.com\/wp-content\/uploads\/2020\/11\/single-chamber-vacuum-sealer-applications.jpg\" alt=\"aplica\u00e7\u00f5es de seladora a v\u00e1cuo de c\u00e2mara \u00fanica\" class=\"wp-image-4089\"\/><figcaption class=\"wp-element-caption\">aplica\u00e7\u00f5es de seladora a v\u00e1cuo de c\u00e2mara \u00fanica<\/figcaption><\/figure>    <h2 class=\"wp-block-heading\" id=\"h-technical-parameters\">Par\u00e2metros t\u00e9cnicos da seladora a v\u00e1cuo de c\u00e2mara \u00fanica<\/h2>    <figure class=\"wp-block-table\"><table><tbody><tr><td>Modelo<\/td><td>DZ400\/2E<\/td><td>DZ500\/2E<\/td><td>DZ600\/2E<\/td><\/tr><tr><td>Poder<\/td><td>220V\/110V<\/td><td>220V\/110V<\/td><td>220V\/110V<\/td><\/tr><tr><td>Pot\u00eancia da bomba de v\u00e1cuo<\/td><td>900 W<\/td><td>900 W<\/td><td>1800 W<\/td><\/tr><tr><td>Poder de selagem<\/td><td>600W<\/td><td>750 W<\/td><td>1200 W<\/td><\/tr><tr><td>Press\u00e3o absoluta mais baixa<\/td><td>1Kpa<\/td><td>1Kpa<\/td><td>1Kpa<\/td><\/tr><tr><td>Fita selante<\/td><td>2<\/td><td>2<\/td><td>2<\/td><\/tr><tr><td>Tamanho da c\u00e2mara de v\u00e1cuo<\/td><td>430*<em>420<\/em>*75mm<\/td><td>530*<em>520<\/em>*75mm<\/td><td>650*<em>620<\/em>*100mm<\/td><\/tr><tr><td>Tamanho de veda\u00e7\u00e3o<\/td><td>400*10mm<\/td><td>500*10mm<\/td><td>600*10mm<\/td><\/tr><tr><td>Peso<\/td><td>80kg<\/td><td>100kg<\/td><td>150kg<\/td><\/tr><tr><td>Tamanho da m\u00e1quina<\/td><td>540*<em>500<\/em>*950mm<\/td><td>580*<em>630<\/em>*1000mm<\/td><td>750*<em>710<\/em>*1000mm<\/td><\/tr><\/tbody><\/table><\/figure>    <h2 class=\"wp-block-heading\">M\u00e1quina de embalagem a v\u00e1cuo de c\u00e2mara \u00fanica VS de c\u00e2mara dupla<\/h2>    <h3 class=\"wp-block-heading\">Semelhan\u00e7as<\/h3>    <p>M\u00e1quinas de embalagem a v\u00e1cuo de c\u00e2mara \u00fanica e m\u00e1quinas de embalagem a v\u00e1cuo de c\u00e2mara dupla s\u00e3o os dois principais seladores a v\u00e1cuo comumente usados. Como o nome sugere, a m\u00e1quina de embalagem a v\u00e1cuo de c\u00e2mara \u00fanica possui apenas uma sala, e a m\u00e1quina de c\u00e2mara dupla possui duas salas. Eles t\u00eam o mesmo princ\u00edpio de funcionamento e finalidade. Todo o produto \u00e9 colocado na m\u00e1quina dentro do saco pl\u00e1stico, lacrado, e a tampa com uma potente bomba de v\u00e1cuo para retirar o ar, uma vez retirado todo o ar. Em seguida, abra a tampa e retire o produto acabado.<\/p>    <h3 class=\"wp-block-heading\">Diferen\u00e7as<\/h3>    <p>A diferen\u00e7a entre as duas seladoras a v\u00e1cuo n\u00e3o est\u00e1 na forma de veda\u00e7\u00e3o, mas na capacidade de veda\u00e7\u00e3o. As m\u00e1quinas a v\u00e1cuo de c\u00e2mara \u00fanica s\u00e3o mais adequadas para a demanda de embalagens de m\u00e9dio e baixo volume porque mais do que um determinado tamanho de embalagem n\u00e3o ser\u00e1 capaz de caber adequadamente na m\u00e1quina de c\u00e2mara \u00fanica. Enquanto isso, como o nome sugere, as seladoras a v\u00e1cuo de duas c\u00e2maras t\u00eam maior capacidade e tamanho maior para selar itens, e s\u00e3o utilizadas para embalagens de m\u00e9dia capacidade. \u00c9 comumente usado para embalar latic\u00ednios, carnes, latas e itens de confeitaria. <\/p>    <p>Em termos de desempenho, ambos est\u00e3o bem. Qual \u00e9 o ideal para o seu projeto depende apenas do tamanho dos itens que voc\u00ea precisa selar. Se voc\u00ea n\u00e3o tiver certeza sobre suas necessidades, pe\u00e7a conselhos \u00fateis \u00e0 nossa equipe qualificada. <\/p>    <figure class=\"wp-block-image size-full\"><img loading=\"lazy\" decoding=\"async\" width=\"720\" height=\"540\" src=\"https:\/\/taizypackaging.com\/wp-content\/uploads\/2020\/11\/single-chamber-vacuum-packaging-machine-2.jpg\" alt=\"m\u00e1quina de embalagem a v\u00e1cuo de c\u00e2mara \u00fanica\" class=\"wp-image-4087\" srcset=\"https:\/\/taizypackaging.com\/wp-content\/uploads\/2020\/11\/single-chamber-vacuum-packaging-machine-2.jpg 720w, https:\/\/taizypackaging.com\/wp-content\/uploads\/2020\/11\/single-chamber-vacuum-packaging-machine-2-300x225.jpg 300w\" sizes=\"auto, (max-width: 720px) 100vw, 720px\" \/><figcaption class=\"wp-element-caption\">m\u00e1quina de embalagem a v\u00e1cuo de c\u00e2mara \u00fanica<\/figcaption><\/figure>    <h2 class=\"wp-block-heading\" id=\"h-what-are-the-advantages-of-the-single-chamber-vacuum-packaging-machine\">Vantagens da m\u00e1quina de embalagem a v\u00e1cuo de c\u00e2mara \u00fanica<\/h2>    <ul class=\"wp-block-list\"> <li>O sistema de controle do microcomputador \u00e9 adotado para tornar a configura\u00e7\u00e3o dos par\u00e2metros da embalagem mais precisa e a opera\u00e7\u00e3o \u00e9 conveniente<\/li>    <li>As m\u00e1quinas de embalagem a v\u00e1cuo de alimentos para carne podem definir o tempo de aspira\u00e7\u00e3o e o tempo de selagem da embalagem para se adaptar a embalagens de diferentes especifica\u00e7\u00f5es e materiais.<\/li>    <li>Nossa m\u00e1quina \u00e9 equipada com bomba de v\u00e1cuo de alta pot\u00eancia, para que a embalagem possa obter um grande v\u00e1cuo em um curto per\u00edodo de tempo, o que melhora a efici\u00eancia de funcionamento do equipamento.<\/li>    <li>Todo o material da m\u00e1quina de embalagem a v\u00e1cuo \u00e9 de a\u00e7o inoxid\u00e1vel 304, que tem efeito anticorrosivo quando usado em ambientes severamente corrosivos.<\/li>    <li>A c\u00e2mara de v\u00e1cuo adota a tira de veda\u00e7\u00e3o em forma de V feita de materiais de alta densidade para garantir a estanqueidade do equipamento no trabalho di\u00e1rio, a resist\u00eancia \u00e0 press\u00e3o e ao desgaste do material e prolongar a vida \u00fatil da tira de veda\u00e7\u00e3o.<\/li> <\/ul>    <h2 class=\"wp-block-heading\" id=\"h-related-machine\">M\u00e1quinas relacionadas sobre seladora a v\u00e1cuo de c\u00e2mara \u00fanica<\/h2>    <p class=\"translation-block\">Para al\u00e9m da m\u00e1quina de embalar a v\u00e1cuo de c\u00e2mara \u00fanica, existem m\u00e1quinas de embalar a v\u00e1cuo de bancada e m\u00e1quinas de embalar a v\u00e1cuo de c\u00e2mara dupla dispon\u00edveis na f\u00e1brica Taizy. A m\u00e1quina de embalar a v\u00e1cuo de bancada \u00e9 uma esp\u00e9cie de pequeno selador a v\u00e1cuo, ideal para uso dom\u00e9stico devido ao seu tamanho reduzido e baixo custo. E a <a href=\"https:\/\/taizypackaging.com\/pt\/double-chamber-vacuum-packing-machine\/\">m\u00e1quina de embalar a v\u00e1cuo de c\u00e2mara dupla<\/a> \u00e9 adequada para aplica\u00e7\u00e3o comercial. Porque possui alta efici\u00eancia e bom desempenho. Estes tr\u00eas tipos de m\u00e1quinas de embalar a v\u00e1cuo \u00e0 venda por n\u00f3s t\u00eam caracter\u00edsticas e pre\u00e7os diferentes. Est\u00e1 interessado neles? Contacte-nos para mais informa\u00e7\u00f5es \u00fateis. <\/p>    <figure class=\"wp-block-image size-full\"><img decoding=\"async\" src=\"https:\/\/taizypackaging.com\/wp-content\/uploads\/2021\/08\/\u753b\u677f-11.jpg\" alt=\"seladora a v\u00e1cuo de mesa e seladora a v\u00e1cuo de c\u00e2mara dupla\" class=\"wp-image-2654\"\/><figcaption class=\"wp-element-caption\">seladora a v\u00e1cuo de mesa e seladora a v\u00e1cuo de c\u00e2mara dupla<\/figcaption><\/figure>    <h2 class=\"wp-block-heading\" id=\"h-about-us\">Por que nos escolher como seu principal fabricante de m\u00e1quinas de embalagem a v\u00e1cuo? <\/h2>    <p class=\"translation-block\">A empresa Taizy tem vindo a centrar-se na <a href=\"https:\/\/taizypackaging.com\/pt\/\">ind\u00fastria de m\u00e1quinas de embalagem<\/a> h\u00e1 mais de 10 anos. Temos atra\u00eddo clientes de todo o mundo com a nossa boa reputa\u00e7\u00e3o, produtos de alta qualidade e pre\u00e7os acess\u00edveis. A f\u00e1brica reuniu engenheiros seniores e t\u00e9cnicos de primeira classe para controlar rigidamente a qualidade dos produtos. Al\u00e9m disso, o nosso gerente de vendas ir\u00e1 apresentar-lhe a m\u00e1quina em todos os aspetos atrav\u00e9s de v\u00e1rias formas, como v\u00eddeos, fotos, e recomendar a m\u00e1quina mais adequada de acordo com as suas necessidades. <\/p>    <p>Caso necessite, voc\u00ea pode avisar o gerente com anteced\u00eancia, e nossa equipe t\u00e9cnica customizar\u00e1 a m\u00e1quina para o seu projeto. E nossa empresa mant\u00e9m coopera\u00e7\u00e3o de longo prazo com grandes empresas de transporte nacional para garantir que suas mercadorias sejam enviadas com o m\u00ednimo de perdas desnecess\u00e1rias. Ao mesmo tempo, ap\u00f3s o recebimento da mercadoria, nossa equipe de p\u00f3s-venda est\u00e1 sempre pronta para responder \u00e0s suas d\u00favidas e aconselhar sobre a manuten\u00e7\u00e3o e cuidados com a m\u00e1quina. <\/p>    <figure class=\"wp-block-image size-full\"><img decoding=\"async\" src=\"https:\/\/taizypackaging.com\/wp-content\/uploads\/2021\/08\/\u753b\u677f-10-1.jpg\" alt=\"m\u00e1quina de embalagem a v\u00e1cuo de c\u00e2mara \u00fanica em estoque\" class=\"wp-image-2655\"\/><figcaption class=\"wp-element-caption\">m\u00e1quina de embalagem a v\u00e1cuo de c\u00e2mara \u00fanica em estoque<\/figcaption><\/figure>    <figure class=\"wp-block-image size-full\"><img decoding=\"async\" src=\"https:\/\/taizypackaging.com\/wp-content\/uploads\/2021\/08\/\u753b\u677f-9-2.jpg\" alt=\"f\u00e1brica de seladoras a v\u00e1cuo de c\u00e2mara \u00fanica\" class=\"wp-image-2656\"\/><figcaption class=\"wp-element-caption\">f\u00e1brica de seladoras a v\u00e1cuo de c\u00e2mara \u00fanica<\/figcaption><\/figure>","protected":false},"excerpt":{"rendered":"<p>De acordo com os diferentes requisitos de rendimento de embalagem, voc\u00ea pode escolher uma m\u00e1quina de embalagem a v\u00e1cuo de tipo \u00fanico ou uma m\u00e1quina de embalagem a v\u00e1cuo de c\u00e2mara dupla.<\/p>","protected":false},"author":1,"featured_media":2660,"parent":0,"template":"","tags":[],"product-type":[666],"class_list":["post-772","product","type-product","status-publish","has-post-thumbnail","hentry","product-type-vacuum-packaging-machines"],"_links":{"self":[{"href":"https:\/\/taizypackaging.com\/pt\/wp-json\/wp\/v2\/product\/772","targetHints":{"allow":["GET"]}}],"collection":[{"href":"https:\/\/taizypackaging.com\/pt\/wp-json\/wp\/v2\/product"}],"about":[{"href":"https:\/\/taizypackaging.com\/pt\/wp-json\/wp\/v2\/types\/product"}],"author":[{"embeddable":true,"href":"https:\/\/taizypackaging.com\/pt\/wp-json\/wp\/v2\/users\/1"}],"wp:featuredmedia":[{"embeddable":true,"href":"https:\/\/taizypackaging.com\/pt\/wp-json\/wp\/v2\/media\/2660"}],"wp:attachment":[{"href":"https:\/\/taizypackaging.com\/pt\/wp-json\/wp\/v2\/media?parent=772"}],"wp:term":[{"taxonomy":"post_tag","embeddable":true,"href":"https:\/\/taizypackaging.com\/pt\/wp-json\/wp\/v2\/tags?post=772"},{"taxonomy":"product-type","embeddable":true,"href":"https:\/\/taizypackaging.com\/pt\/wp-json\/wp\/v2\/product-type?post=772"}],"curies":[{"name":"wp","href":"https:\/\/api.w.org\/{rel}","templated":true}]}}