{"id":16,"date":"2020-08-20T03:18:08","date_gmt":"2020-08-20T03:18:08","guid":{"rendered":"https:\/\/taizypackaging.com\/?page_id=16"},"modified":"2025-12-05T13:18:53","modified_gmt":"2025-12-05T05:18:53","slug":"contact-us","status":"publish","type":"page","link":"https:\/\/taizypackaging.com\/tr\/contact-us\/","title":{"rendered":"Bize Ula\u015f\u0131n"},"content":{"rendered":"<div class=\"wp-block-columns is-layout-flex wp-container-core-columns-is-layout-9d6595d7 wp-block-columns-is-layout-flex\"> <div class=\"wp-block-column is-layout-flow wp-block-column-is-layout-flow\"> <h2 class=\"wp-block-heading\">Ne Al\u0131rs\u0131n\u0131z<\/h2>    <ul class=\"wp-block-list\"> <li>Paketleme uzman\u0131m\u0131zdan zaman\u0131nda yan\u0131t<\/li>    <li>Projeniz i\u00e7in detayl\u0131 paketleme \u00e7\u00f6z\u00fcmleri ve teklif <\/li>    <li>Daha ince ayr\u0131nt\u0131lar\u0131 tart\u0131\u015fmak i\u00e7in bir \u00e7a\u011fr\u0131 veya g\u00f6r\u00fcnt\u00fcl\u00fc toplant\u0131 <\/li>    <li>100% gizlilik garantilidir, bilgileriniz g\u00fcvende ve korunur<\/li> <\/ul> <\/div>    <div class=\"wp-block-column is-layout-flow wp-block-column-is-layout-flow\"> <h2 class=\"wp-block-heading\" id=\"h-contact-information\">\u0130leti\u015fim bilgileri<\/h2>    <ul class=\"wp-block-list\"> <li>Zhengzhou Taizy Machinery Co, Ltd<\/li>    <li>WhatsApp\/Tel: + 86 15838192276<\/li>    <li>E-posta: info@taizypackaging.com<\/li>    <li>Adres: Hanghai Yolu Do\u011fu, Ekonomik ve Teknolojik Kalk\u0131nma B\u00f6lgesi, Zhengzhou \u015fehri, \u00c7in<\/li> <\/ul> <\/div> <\/div>","protected":false},"excerpt":{"rendered":"<p>Ne Al\u0131rs\u0131n\u0131z \u0130leti\u015fim Bilgileri<\/p>","protected":false},"author":1,"featured_media":0,"parent":0,"menu_order":0,"comment_status":"closed","ping_status":"closed","template":"","meta":{"footnotes":""},"class_list":["post-16","page","type-page","status-publish","hentry"],"_links":{"self":[{"href":"https:\/\/taizypackaging.com\/tr\/wp-json\/wp\/v2\/pages\/16","targetHints":{"allow":["GET"]}}],"collection":[{"href":"https:\/\/taizypackaging.com\/tr\/wp-json\/wp\/v2\/pages"}],"about":[{"href":"https:\/\/taizypackaging.com\/tr\/wp-json\/wp\/v2\/types\/page"}],"author":[{"embeddable":true,"href":"https:\/\/taizypackaging.com\/tr\/wp-json\/wp\/v2\/users\/1"}],"replies":[{"embeddable":true,"href":"https:\/\/taizypackaging.com\/tr\/wp-json\/wp\/v2\/comments?post=16"}],"version-history":[{"count":0,"href":"https:\/\/taizypackaging.com\/tr\/wp-json\/wp\/v2\/pages\/16\/revisions"}],"wp:attachment":[{"href":"https:\/\/taizypackaging.com\/tr\/wp-json\/wp\/v2\/media?parent=16"}],"curies":[{"name":"wp","href":"https:\/\/api.w.org\/{rel}","templated":true}]}}