{"id":18,"date":"2020-08-20T03:18:31","date_gmt":"2020-08-20T03:18:31","guid":{"rendered":"https:\/\/taizypackaging.com\/?page_id=18"},"modified":"2026-02-13T11:43:23","modified_gmt":"2026-02-13T03:43:23","slug":"about-us","status":"publish","type":"page","link":"https:\/\/taizypackaging.com\/tr\/about-us\/","title":{"rendered":"Hakk\u0131m\u0131zda"},"content":{"rendered":"<div class=\"wp-block-group alignfull\"><div class=\"wp-block-group__inner-container is-layout-flow wp-block-group-is-layout-flow\"> <div class=\"wp-block-columns alignwide are-vertically-aligned-center is-layout-flex wp-container-core-columns-is-layout-9d6595d7 wp-block-columns-is-layout-flex\"> <div class=\"wp-block-column is-layout-flow wp-block-column-is-layout-flow\" style=\"flex-basis:50%\"> <p class=\"has-text-color translation-block\" style=\"color:#000000;font-size:30px;line-height:1.1\"><strong> Taizy Machinery <\/strong><\/p> <\/div>    <div class=\"wp-block-column is-layout-flow wp-block-column-is-layout-flow\" style=\"flex-basis:50%\"> <hr class=\"wp-block-separator has-text-color has-css-opacity has-background is-style-wide\" style=\"background-color:#000000;color:#000000\"\/> <\/div> <\/div>    <div class=\"wp-block-columns alignwide is-layout-flex wp-container-core-columns-is-layout-9d6595d7 wp-block-columns-is-layout-flex\"> <div class=\"wp-block-column is-layout-flow wp-block-column-is-layout-flow\"> <figure class=\"wp-block-image size-full\"><img loading=\"lazy\" decoding=\"async\" width=\"720\" height=\"540\" src=\"https:\/\/taizypackaging.com\/wp-content\/uploads\/2026\/02\/Shuliy-packaging-machine-factory.webp\" alt=\"Shuliy paketleme makinesi fabrikas\u0131\" class=\"wp-image-5160\" srcset=\"https:\/\/taizypackaging.com\/wp-content\/uploads\/2026\/02\/Shuliy-packaging-machine-factory.webp 720w, https:\/\/taizypackaging.com\/wp-content\/uploads\/2026\/02\/Shuliy-packaging-machine-factory-300x225.webp 300w, https:\/\/taizypackaging.com\/wp-content\/uploads\/2026\/02\/Shuliy-packaging-machine-factory-16x12.webp 16w\" sizes=\"auto, (max-width: 720px) 100vw, 720px\" \/><figcaption class=\"wp-element-caption\">Shuliy paketleme makinesi fabrikas\u0131<\/figcaption><\/figure> <\/div>    <div class=\"wp-block-column is-layout-flow wp-block-column-is-layout-flow\"> <p class=\"translation-block\">Taizy Paketleme Makinalar\u0131 A.\u015e., Shuliy Grubu \u00e7at\u0131s\u0131 alt\u0131nda Taizy markas\u0131yla, g\u0131da i\u015fleme ekipmanlar\u0131 ve paketleme makinelerinin tasar\u0131m\u0131, \u00fcretimi ve ihracat\u0131nda uzmanla\u015fm\u0131\u015f bir \u015firkettir. Kendi fabrikas\u0131 ve geli\u015fmi\u015f \u00fcretim imkanlar\u0131yla, Taizy, toz dolduruculardan baharat paketleme makinelerine, s\u0131v\u0131, gran\u00fcl ve torba paketleme sistemlerine kadar geni\u015f bir \u00fcr\u00fcn yelpazesi sunar ve \u00e7e\u015fitli \u00fcr\u00fcn gereksinimlerine uygun \u00f6zel anahtar teslim paketleme \u00e7\u00f6z\u00fcmleri sa\u011flayabilir.<\/p> <\/div> <\/div> <\/div><\/div>    <p>Taizy, on y\u0131l\u0131 a\u015fk\u0131n sekt\u00f6r deneyimi ve g\u00fc\u00e7l\u00fc m\u00fchendislik ekibiyle, k\u00fcresel pazar ihtiya\u00e7lar\u0131n\u0131 kar\u015f\u0131lamak i\u00e7in \u00fcr\u00fcn hatlar\u0131n\u0131 s\u00fcrekli yenileyerek kat\u0131 kalite kontrol\u00fc ve g\u00fcvenilir \u00fcretim performans\u0131 sa\u011flar.<\/p>    <figure class=\"wp-block-gallery has-nested-images columns-2 is-cropped wp-block-gallery-2 is-layout-flex wp-block-gallery-is-layout-flex\"> <figure class=\"wp-block-image size-large\"><img loading=\"lazy\" decoding=\"async\" width=\"720\" height=\"540\" data-id=\"5169\" src=\"https:\/\/taizypackaging.com\/wp-content\/uploads\/2026\/02\/large-packaging-machines.webp\" alt=\"B\u00fcy\u00fck paketleme makineleri\" class=\"wp-image-5169\" srcset=\"https:\/\/taizypackaging.com\/wp-content\/uploads\/2026\/02\/large-packaging-machines.webp 720w, https:\/\/taizypackaging.com\/wp-content\/uploads\/2026\/02\/large-packaging-machines-300x225.webp 300w, https:\/\/taizypackaging.com\/wp-content\/uploads\/2026\/02\/large-packaging-machines-16x12.webp 16w\" sizes=\"auto, (max-width: 720px) 100vw, 720px\" \/><figcaption class=\"wp-element-caption\">B\u00fcy\u00fck paketleme makineleri<\/figcaption><\/figure>    <figure class=\"wp-block-image size-large\"><img loading=\"lazy\" decoding=\"async\" width=\"720\" height=\"540\" data-id=\"5170\" src=\"https:\/\/taizypackaging.com\/wp-content\/uploads\/2026\/02\/Taizy-packaging-machine-factory.webp\" alt=\"Taizy paketleme makinesi fabrikas\u0131\" class=\"wp-image-5170\" srcset=\"https:\/\/taizypackaging.com\/wp-content\/uploads\/2026\/02\/Taizy-packaging-machine-factory.webp 720w, https:\/\/taizypackaging.com\/wp-content\/uploads\/2026\/02\/Taizy-packaging-machine-factory-300x225.webp 300w, https:\/\/taizypackaging.com\/wp-content\/uploads\/2026\/02\/Taizy-packaging-machine-factory-16x12.webp 16w\" sizes=\"auto, (max-width: 720px) 100vw, 720px\" \/><figcaption class=\"wp-element-caption\">Taizy paketleme makinesi fabrikas\u0131<\/figcaption><\/figure>    <figure class=\"wp-block-image size-large\"><img loading=\"lazy\" decoding=\"async\" width=\"720\" height=\"540\" data-id=\"5171\" src=\"https:\/\/taizypackaging.com\/wp-content\/uploads\/2026\/02\/various-packing-machines-are-available.webp\" alt=\"Farkl\u0131 paketleme makineleri mevcuttur\" class=\"wp-image-5171\" srcset=\"https:\/\/taizypackaging.com\/wp-content\/uploads\/2026\/02\/various-packing-machines-are-available.webp 720w, https:\/\/taizypackaging.com\/wp-content\/uploads\/2026\/02\/various-packing-machines-are-available-300x225.webp 300w, https:\/\/taizypackaging.com\/wp-content\/uploads\/2026\/02\/various-packing-machines-are-available-16x12.webp 16w\" sizes=\"auto, (max-width: 720px) 100vw, 720px\" \/><figcaption class=\"wp-element-caption\">Farkl\u0131 paketleme makineleri mevcuttur<\/figcaption><\/figure>    <figure class=\"wp-block-image size-large\"><img loading=\"lazy\" decoding=\"async\" width=\"720\" height=\"540\" data-id=\"5172\" src=\"https:\/\/taizypackaging.com\/wp-content\/uploads\/2026\/02\/packaging-machine-manufacture-workshop.webp\" alt=\"Paketleme makinesi \u00fcretim at\u00f6lyesi\" class=\"wp-image-5172\" srcset=\"https:\/\/taizypackaging.com\/wp-content\/uploads\/2026\/02\/packaging-machine-manufacture-workshop.webp 720w, https:\/\/taizypackaging.com\/wp-content\/uploads\/2026\/02\/packaging-machine-manufacture-workshop-300x225.webp 300w, https:\/\/taizypackaging.com\/wp-content\/uploads\/2026\/02\/packaging-machine-manufacture-workshop-16x12.webp 16w\" sizes=\"auto, (max-width: 720px) 100vw, 720px\" \/><figcaption class=\"wp-element-caption\">Paketleme makinesi \u00fcretim at\u00f6lyesi<\/figcaption><\/figure> <\/figure>    <p>\u0130yi kurulmu\u015f ihracat a\u011f\u0131 ve uluslararas\u0131 ortakl\u0131klar sayesinde, Taizy\u2019nin paketleme makineleri bir\u00e7ok \u00fclke ve b\u00f6lgeye sevk edilmi\u015ftir, bu da markan\u0131n k\u00fcresel ihracat kapasitesini ve \u00fcretim g\u00fcc\u00fcn\u00fc g\u00f6stermektedir. <\/p>    <p>\u015eu anda makinelerimiz Kenya, G\u00fcney Afrika, Gana, Kongo, Etiyopya, Namibya, Fas, Botsvana, Zimbabve, Uganda, Cezayir, Kamerun, Avustralya, Amerika Birle\u015fik Devletleri, Birle\u015fik Krall\u0131k vb. \u00fclkelere ihra\u00e7 edilmi\u015ftir.<\/p>    <figure class=\"wp-block-gallery has-nested-images columns-default is-cropped wp-block-gallery-3 is-layout-flex wp-block-gallery-is-layout-flex\"> <figure class=\"wp-block-image size-large\"><img loading=\"lazy\" decoding=\"async\" width=\"720\" height=\"540\" data-id=\"5173\" src=\"https:\/\/taizypackaging.com\/wp-content\/uploads\/2026\/02\/customer-visit-for-ten-head-potato-chips-packing-machine.webp\" alt=\"On ba\u015fl\u0131 patates cipsi paketleme makinesi m\u00fc\u015fteri ziyareti\" class=\"wp-image-5173\" srcset=\"https:\/\/taizypackaging.com\/wp-content\/uploads\/2026\/02\/customer-visit-for-ten-head-potato-chips-packing-machine.webp 720w, https:\/\/taizypackaging.com\/wp-content\/uploads\/2026\/02\/customer-visit-for-ten-head-potato-chips-packing-machine-300x225.webp 300w, https:\/\/taizypackaging.com\/wp-content\/uploads\/2026\/02\/customer-visit-for-ten-head-potato-chips-packing-machine-16x12.webp 16w\" sizes=\"auto, (max-width: 720px) 100vw, 720px\" \/><figcaption class=\"wp-element-caption\">On ba\u015fl\u0131 patates cipsi paketleme makinesi m\u00fc\u015fteri ziyareti<\/figcaption><\/figure>    <figure class=\"wp-block-image size-large\"><img loading=\"lazy\" decoding=\"async\" width=\"540\" height=\"720\" data-id=\"5174\" src=\"https:\/\/taizypackaging.com\/wp-content\/uploads\/2026\/02\/Japanese-customer-visiting.webp\" alt=\"Japon m\u00fc\u015fteri ziyareti\" class=\"wp-image-5174\" srcset=\"https:\/\/taizypackaging.com\/wp-content\/uploads\/2026\/02\/Japanese-customer-visiting.webp 540w, https:\/\/taizypackaging.com\/wp-content\/uploads\/2026\/02\/Japanese-customer-visiting-225x300.webp 225w, https:\/\/taizypackaging.com\/wp-content\/uploads\/2026\/02\/Japanese-customer-visiting-9x12.webp 9w\" sizes=\"auto, (max-width: 540px) 100vw, 540px\" \/><figcaption class=\"wp-element-caption\">Japon m\u00fc\u015fteri ziyareti<\/figcaption><\/figure>    <figure class=\"wp-block-image size-large\"><img loading=\"lazy\" decoding=\"async\" width=\"540\" height=\"720\" data-id=\"5175\" src=\"https:\/\/taizypackaging.com\/wp-content\/uploads\/2026\/02\/Zimbabwean-customer-visiting.webp\" alt=\"Zimbabveli m\u00fc\u015fteri ziyareti\" class=\"wp-image-5175\" srcset=\"https:\/\/taizypackaging.com\/wp-content\/uploads\/2026\/02\/Zimbabwean-customer-visiting.webp 540w, https:\/\/taizypackaging.com\/wp-content\/uploads\/2026\/02\/Zimbabwean-customer-visiting-225x300.webp 225w, https:\/\/taizypackaging.com\/wp-content\/uploads\/2026\/02\/Zimbabwean-customer-visiting-9x12.webp 9w\" sizes=\"auto, (max-width: 540px) 100vw, 540px\" \/><figcaption class=\"wp-element-caption\">Zimbabveli m\u00fc\u015fteri ziyareti<\/figcaption><\/figure>    <figure class=\"wp-block-image size-large\"><img loading=\"lazy\" decoding=\"async\" width=\"720\" height=\"540\" data-id=\"5176\" src=\"https:\/\/taizypackaging.com\/wp-content\/uploads\/2026\/02\/South-African-customer-visiting.webp\" alt=\"G\u00fcney Afrika m\u00fc\u015fterisi ziyareti\" class=\"wp-image-5176\" srcset=\"https:\/\/taizypackaging.com\/wp-content\/uploads\/2026\/02\/South-African-customer-visiting.webp 720w, https:\/\/taizypackaging.com\/wp-content\/uploads\/2026\/02\/South-African-customer-visiting-300x225.webp 300w, https:\/\/taizypackaging.com\/wp-content\/uploads\/2026\/02\/South-African-customer-visiting-16x12.webp 16w\" sizes=\"auto, (max-width: 720px) 100vw, 720px\" \/><figcaption class=\"wp-element-caption\">G\u00fcney Afrika m\u00fc\u015fterisi ziyareti<\/figcaption><\/figure>    <figure class=\"wp-block-image size-large\"><img loading=\"lazy\" decoding=\"async\" width=\"720\" height=\"540\" data-id=\"5178\" src=\"https:\/\/taizypackaging.com\/wp-content\/uploads\/2026\/02\/customer-visit-for-french-fries-packaging-machine.webp\" alt=\"Frans\u0131z patates k\u0131zartmas\u0131 paketleme makinesi m\u00fc\u015fteri ziyareti\" class=\"wp-image-5178\" srcset=\"https:\/\/taizypackaging.com\/wp-content\/uploads\/2026\/02\/customer-visit-for-french-fries-packaging-machine.webp 720w, https:\/\/taizypackaging.com\/wp-content\/uploads\/2026\/02\/customer-visit-for-french-fries-packaging-machine-300x225.webp 300w, https:\/\/taizypackaging.com\/wp-content\/uploads\/2026\/02\/customer-visit-for-french-fries-packaging-machine-16x12.webp 16w\" sizes=\"auto, (max-width: 720px) 100vw, 720px\" \/><figcaption class=\"wp-element-caption\">Frans\u0131z patates k\u0131zartmas\u0131 paketleme makinesi m\u00fc\u015fteri ziyareti<\/figcaption><\/figure>    <figure class=\"wp-block-image size-large\"><img loading=\"lazy\" decoding=\"async\" width=\"720\" height=\"540\" data-id=\"5179\" src=\"https:\/\/taizypackaging.com\/wp-content\/uploads\/2026\/02\/customer-visit-for-vacuum-packaging-machine.webp\" alt=\"Vakum paketleme makinesi m\u00fc\u015fteri ziyareti\" class=\"wp-image-5179\" srcset=\"https:\/\/taizypackaging.com\/wp-content\/uploads\/2026\/02\/customer-visit-for-vacuum-packaging-machine.webp 720w, https:\/\/taizypackaging.com\/wp-content\/uploads\/2026\/02\/customer-visit-for-vacuum-packaging-machine-300x225.webp 300w, https:\/\/taizypackaging.com\/wp-content\/uploads\/2026\/02\/customer-visit-for-vacuum-packaging-machine-16x12.webp 16w\" sizes=\"auto, (max-width: 720px) 100vw, 720px\" \/><figcaption class=\"wp-element-caption\">Vakum paketleme makinesi m\u00fc\u015fteri ziyareti<\/figcaption><\/figure>    <figure class=\"wp-block-image size-large\"><img loading=\"lazy\" decoding=\"async\" width=\"720\" height=\"540\" data-id=\"5177\" src=\"https:\/\/taizypackaging.com\/wp-content\/uploads\/2026\/02\/customer-visit-for-coffee-powder-packing-machine.webp\" alt=\"Kahve tozu paketleme makinesi m\u00fc\u015fteri ziyareti\" class=\"wp-image-5177\" srcset=\"https:\/\/taizypackaging.com\/wp-content\/uploads\/2026\/02\/customer-visit-for-coffee-powder-packing-machine.webp 720w, https:\/\/taizypackaging.com\/wp-content\/uploads\/2026\/02\/customer-visit-for-coffee-powder-packing-machine-300x225.webp 300w, https:\/\/taizypackaging.com\/wp-content\/uploads\/2026\/02\/customer-visit-for-coffee-powder-packing-machine-16x12.webp 16w\" sizes=\"auto, (max-width: 720px) 100vw, 720px\" \/><figcaption class=\"wp-element-caption\">Kahve tozu paketleme makinesi m\u00fc\u015fteri ziyareti<\/figcaption><\/figure>    <figure class=\"wp-block-image size-large\"><img loading=\"lazy\" decoding=\"async\" width=\"720\" height=\"540\" data-id=\"5180\" src=\"https:\/\/taizypackaging.com\/wp-content\/uploads\/2026\/02\/customer-visit-for-horizontal-packing-machine.webp\" alt=\"Yatay paketleme makinesi m\u00fc\u015fteri ziyareti\" class=\"wp-image-5180\" srcset=\"https:\/\/taizypackaging.com\/wp-content\/uploads\/2026\/02\/customer-visit-for-horizontal-packing-machine.webp 720w, https:\/\/taizypackaging.com\/wp-content\/uploads\/2026\/02\/customer-visit-for-horizontal-packing-machine-300x225.webp 300w, https:\/\/taizypackaging.com\/wp-content\/uploads\/2026\/02\/customer-visit-for-horizontal-packing-machine-16x12.webp 16w\" sizes=\"auto, (max-width: 720px) 100vw, 720px\" \/><figcaption class=\"wp-element-caption\">Yatay paketleme makinesi m\u00fc\u015fteri ziyareti<\/figcaption><\/figure> <\/figure>    <p>Taizy, m\u00fc\u015fteri odakl\u0131 hizmete de \u00f6nem verir ve teknik dan\u0131\u015fmanl\u0131k, \u00f6zelle\u015ftirilmi\u015f tasar\u0131m \u00e7\u00f6z\u00fcmleri ve s\u00fcrekli operasyonel rehberlik dahil olmak \u00fczere kapsaml\u0131 sat\u0131\u015f sonras\u0131 destek sa\u011flar, b\u00f6ylece m\u00fc\u015fterilerin \u00fcretimi optimize etmelerine ve uzun vadeli makine performans\u0131n\u0131 sa\u011flamalar\u0131na yard\u0131mc\u0131 olur.<\/p>   <div class=\"wp-block-image\"> <figure class=\"aligncenter size-full\"><img loading=\"lazy\" decoding=\"async\" width=\"720\" height=\"540\" src=\"https:\/\/taizypackaging.com\/wp-content\/uploads\/2026\/02\/Welcome-to-visit-Taizy-packing-machine-factory.webp\" alt=\"Taizy paketleme makinesi fabrikam\u0131z\u0131 ziyaret etmeye ho\u015fgeldiniz\" class=\"wp-image-5181\" srcset=\"https:\/\/taizypackaging.com\/wp-content\/uploads\/2026\/02\/Welcome-to-visit-Taizy-packing-machine-factory.webp 720w, https:\/\/taizypackaging.com\/wp-content\/uploads\/2026\/02\/Welcome-to-visit-Taizy-packing-machine-factory-300x225.webp 300w, https:\/\/taizypackaging.com\/wp-content\/uploads\/2026\/02\/Welcome-to-visit-Taizy-packing-machine-factory-16x12.webp 16w\" sizes=\"auto, (max-width: 720px) 100vw, 720px\" \/><figcaption class=\"wp-element-caption\">Taizy paketleme makinesi fabrikam\u0131z\u0131 ziyaret etmeye ho\u015fgeldiniz<\/figcaption><\/figure> <\/div>   <div class=\"wp-block-columns alignfull has-text-color is-layout-flex wp-container-core-columns-is-layout-9d6595d7 wp-block-columns-is-layout-flex\" style=\"color:#000000\"> <div class=\"wp-block-column is-layout-flow wp-block-column-is-layout-flow\"> <h3 class=\"wp-block-heading\" style=\"font-size:24px;line-height:1.3\"><strong>Profesyonel \u2197<\/strong><\/h3>    <p>\u015eu anda 20'den fazla bilimsel ve teknik personelimiz var ve bir\u00e7ok \u00fcniversiteyle i\u015fbirli\u011fi yap\u0131yoruz. Teknoloji a\u00e7\u0131s\u0131ndan sekt\u00f6r\u00fcn \u00f6n saflar\u0131nda yer almas\u0131 garantidir.<\/p> <\/div>    <div class=\"wp-block-column is-layout-flow wp-block-column-is-layout-flow\"> <h3 class=\"wp-block-heading\" style=\"font-size:24px;line-height:1.3\"><strong>G\u00fcvenilir \u2197<\/strong><\/h3>    <p>On y\u0131l\u0131 a\u015fk\u0131n s\u00fcredir paketleme makineleri \u00fcretmeye odakland\u0131k. Art\u0131k paketleme makinesi tipleri tamamland\u0131 ve m\u00fc\u015fteri ihtiya\u00e7lar\u0131na g\u00f6re \u00f6zelle\u015ftirilebilir.<\/p> <\/div>    <div class=\"wp-block-column is-layout-flow wp-block-column-is-layout-flow\"> <h3 class=\"wp-block-heading\" style=\"font-size:24px;line-height:1.3\"><strong> \u00d6nce M\u00fc\u015fteri\u2197<\/strong><\/h3>    <p>Her \u015fey m\u00fc\u015fterilerin ihtiya\u00e7lar\u0131na odaklanmaktad\u0131r ve profesyonellik ve aral\u0131ks\u0131z \u00e7abalarla m\u00fc\u015fterilerimize maksimum ekonomik fayda sa\u011flamay\u0131 umuyoruz.<\/p> <\/div> <\/div>    <h2 class=\"wp-block-heading\">Bize ula\u015fmak ve paketleme makinesi fabrikam\u0131z\u0131 ziyaret etmek i\u00e7in ho\u015fgeldiniz<\/h2>    <p class=\"translation-block\">We warmly welcome customers worldwide to send us inquiries and visit our factory to see our packaging machines in operation. Around <strong>90% of our best-selling models are available in stock<\/strong>, ensuring fast delivery and minimal waiting time. Even for customized machines, we can complete production and arrange shipment within <strong>15 days<\/strong> to meet urgent project schedules.<\/p>    <p class=\"translation-block\">Sevkiyat sonras\u0131, ekipman durumunu net bir \u015fekilde takip edebilmeniz i\u00e7in lojistik bilgileri zaman\u0131nda g\u00fcncelleriz. Makine geldi\u011finde, teknik ekibimiz detayl\u0131 kurulum ve kullan\u0131m k\u0131lavuzlar\u0131n\u0131 hemen g\u00f6nderir ve ayr\u0131ca <strong>\u00e7evrimi\u00e7i rehberlik ve uzaktan destek<\/strong> sunar, b\u00f6ylece devreye alma sorunsuz olur ve \u00fcretim verimli hale gelir.<\/p>    <figure class=\"wp-block-gallery has-nested-images columns-2 is-cropped wp-block-gallery-4 is-layout-flex wp-block-gallery-is-layout-flex\"> <figure class=\"wp-block-image size-large\"><img loading=\"lazy\" decoding=\"async\" width=\"720\" height=\"540\" data-id=\"5185\" src=\"https:\/\/taizypackaging.com\/wp-content\/uploads\/2026\/02\/packaging-machine-with-wooden-box-packing.jpg\" alt=\"Ah\u015fap kutu paketleme ile paketleme makinesi\" class=\"wp-image-5185\" srcset=\"https:\/\/taizypackaging.com\/wp-content\/uploads\/2026\/02\/packaging-machine-with-wooden-box-packing.jpg 720w, https:\/\/taizypackaging.com\/wp-content\/uploads\/2026\/02\/packaging-machine-with-wooden-box-packing-300x225.jpg 300w, https:\/\/taizypackaging.com\/wp-content\/uploads\/2026\/02\/packaging-machine-with-wooden-box-packing-16x12.jpg 16w\" sizes=\"auto, (max-width: 720px) 100vw, 720px\" \/><figcaption class=\"wp-element-caption\">Ah\u015fap kutu paketleme ile paketleme makinesi<\/figcaption><\/figure>    <figure class=\"wp-block-image size-large\"><img loading=\"lazy\" decoding=\"async\" width=\"720\" height=\"540\" data-id=\"5186\" src=\"https:\/\/taizypackaging.com\/wp-content\/uploads\/2026\/02\/granule-packaging-machine-for-shipping.jpg\" alt=\"G\u00f6nderim i\u00e7in gran\u00fcl paketleme makinesi\" class=\"wp-image-5186\" srcset=\"https:\/\/taizypackaging.com\/wp-content\/uploads\/2026\/02\/granule-packaging-machine-for-shipping.jpg 720w, https:\/\/taizypackaging.com\/wp-content\/uploads\/2026\/02\/granule-packaging-machine-for-shipping-300x225.jpg 300w, https:\/\/taizypackaging.com\/wp-content\/uploads\/2026\/02\/granule-packaging-machine-for-shipping-16x12.jpg 16w\" sizes=\"auto, (max-width: 720px) 100vw, 720px\" \/><figcaption class=\"wp-element-caption\">G\u00f6nderim i\u00e7in gran\u00fcl paketleme makinesi<\/figcaption><\/figure>    <figure class=\"wp-block-image size-large\"><img loading=\"lazy\" decoding=\"async\" width=\"720\" height=\"540\" data-id=\"5184\" src=\"https:\/\/taizypackaging.com\/wp-content\/uploads\/2026\/02\/packaging-machine-exporting.jpg\" alt=\"Paketleme makinesi ihracat\u0131\" class=\"wp-image-5184\" srcset=\"https:\/\/taizypackaging.com\/wp-content\/uploads\/2026\/02\/packaging-machine-exporting.jpg 720w, https:\/\/taizypackaging.com\/wp-content\/uploads\/2026\/02\/packaging-machine-exporting-300x225.jpg 300w, https:\/\/taizypackaging.com\/wp-content\/uploads\/2026\/02\/packaging-machine-exporting-16x12.jpg 16w\" sizes=\"auto, (max-width: 720px) 100vw, 720px\" \/><figcaption class=\"wp-element-caption\">Paketleme makinesi ihracat\u0131<\/figcaption><\/figure>    <figure class=\"wp-block-image size-large\"><img loading=\"lazy\" decoding=\"async\" width=\"720\" height=\"540\" data-id=\"5187\" src=\"https:\/\/taizypackaging.com\/wp-content\/uploads\/2026\/02\/packing-machine-delivery.jpg\" alt=\"Paketleme makinesi teslimat\u0131\" class=\"wp-image-5187\" srcset=\"https:\/\/taizypackaging.com\/wp-content\/uploads\/2026\/02\/packing-machine-delivery.jpg 720w, https:\/\/taizypackaging.com\/wp-content\/uploads\/2026\/02\/packing-machine-delivery-300x225.jpg 300w, https:\/\/taizypackaging.com\/wp-content\/uploads\/2026\/02\/packing-machine-delivery-16x12.jpg 16w\" sizes=\"auto, (max-width: 720px) 100vw, 720px\" \/><figcaption class=\"wp-element-caption\">Paketleme makinesi teslimat\u0131<\/figcaption><\/figure> <\/figure>    <p>Bug\u00fcn bizimle ileti\u015fime ge\u00e7in, profesyonel teklif ve \u00f6zel paketleme \u00e7\u00f6z\u00fcmleri al\u0131n \u2014 uzun vadeli ortakl\u0131k kurmay\u0131 d\u00f6rt g\u00f6zle bekliyoruz.<\/p>","protected":false},"excerpt":{"rendered":"<p>Taizy Machinery Taizy Packaging Machinery Co. LTD is the Taizy brand under the umbrella of Shuliy Group, specializing in the design, manufacture, and export of food processing equipment and packaging machinery. With its own factory and advanced production capabilities, Taizy offers a complete range of packaging machines \u2014 from powder fillers and spice packing machines [&hellip;]<\/p>\n","protected":false},"author":1,"featured_media":0,"parent":0,"menu_order":0,"comment_status":"closed","ping_status":"closed","template":"","meta":{"footnotes":""},"class_list":["post-18","page","type-page","status-publish","hentry"],"_links":{"self":[{"href":"https:\/\/taizypackaging.com\/tr\/wp-json\/wp\/v2\/pages\/18","targetHints":{"allow":["GET"]}}],"collection":[{"href":"https:\/\/taizypackaging.com\/tr\/wp-json\/wp\/v2\/pages"}],"about":[{"href":"https:\/\/taizypackaging.com\/tr\/wp-json\/wp\/v2\/types\/page"}],"author":[{"embeddable":true,"href":"https:\/\/taizypackaging.com\/tr\/wp-json\/wp\/v2\/users\/1"}],"replies":[{"embeddable":true,"href":"https:\/\/taizypackaging.com\/tr\/wp-json\/wp\/v2\/comments?post=18"}],"version-history":[{"count":8,"href":"https:\/\/taizypackaging.com\/tr\/wp-json\/wp\/v2\/pages\/18\/revisions"}],"predecessor-version":[{"id":5190,"href":"https:\/\/taizypackaging.com\/tr\/wp-json\/wp\/v2\/pages\/18\/revisions\/5190"}],"wp:attachment":[{"href":"https:\/\/taizypackaging.com\/tr\/wp-json\/wp\/v2\/media?parent=18"}],"curies":[{"name":"wp","href":"https:\/\/api.w.org\/{rel}","templated":true}]}}