{"id":1099,"date":"2021-02-05T09:44:16","date_gmt":"2021-02-05T09:44:16","guid":{"rendered":"https:\/\/taizypackaging.com\/?p=1099"},"modified":"2024-07-17T17:42:13","modified_gmt":"2024-07-17T09:42:13","slug":"dip-tea-bags-packing-machine","status":"publish","type":"product","link":"https:\/\/taizypackaging.com\/tr\/dip-tea-bags-packing-machine\/","title":{"rendered":"\u0130pli ve Etiketli \u00c7ay Po\u015feti Paketleme Makinas\u0131"},"content":{"rendered":"<div class=\"kk-star-ratings kksr-auto kksr-align-left kksr-valign-top\"     data-payload='{&quot;align&quot;:&quot;left&quot;,&quot;id&quot;:&quot;1099&quot;,&quot;slug&quot;:&quot;default&quot;,&quot;valign&quot;:&quot;top&quot;,&quot;ignore&quot;:&quot;&quot;,&quot;reference&quot;:&quot;auto&quot;,&quot;class&quot;:&quot;&quot;,&quot;count&quot;:&quot;19&quot;,&quot;legendonly&quot;:&quot;&quot;,&quot;readonly&quot;:&quot;&quot;,&quot;score&quot;:&quot;4.8&quot;,&quot;starsonly&quot;:&quot;&quot;,&quot;best&quot;:&quot;5&quot;,&quot;gap&quot;:&quot;5&quot;,&quot;greet&quot;:&quot;Rate this product&quot;,&quot;legend&quot;:&quot;4.8\\\/5 - (19 votes)&quot;,&quot;size&quot;:&quot;24&quot;,&quot;title&quot;:&quot;Tea Pouch Packing Machine with String and Tag&quot;,&quot;width&quot;:&quot;136.7&quot;,&quot;_legend&quot;:&quot;{score}\\\/{best} - ({count} {votes})&quot;,&quot;font_factor&quot;:&quot;1.25&quot;}'>              <div class=\"kksr-stars\">      <div class=\"kksr-stars-inactive\">             <div class=\"kksr-star\" data-star=\"1\" style=\"padding-right: 5px\">               <div class=\"kksr-icon\" style=\"width: 24px; height: 24px;\"><\/div>         <\/div>             <div class=\"kksr-star\" data-star=\"2\" style=\"padding-right: 5px\">               <div class=\"kksr-icon\" style=\"width: 24px; height: 24px;\"><\/div>         <\/div>             <div class=\"kksr-star\" data-star=\"3\" style=\"padding-right: 5px\">               <div class=\"kksr-icon\" style=\"width: 24px; height: 24px;\"><\/div>         <\/div>             <div class=\"kksr-star\" data-star=\"4\" style=\"padding-right: 5px\">               <div class=\"kksr-icon\" style=\"width: 24px; height: 24px;\"><\/div>         <\/div>             <div class=\"kksr-star\" data-star=\"5\" style=\"padding-right: 5px\">               <div class=\"kksr-icon\" style=\"width: 24px; height: 24px;\"><\/div>         <\/div>     <\/div>      <div class=\"kksr-stars-active\" style=\"width: 136.7px;\">             <div class=\"kksr-star\" style=\"padding-right: 5px\">               <div class=\"kksr-icon\" style=\"width: 24px; height: 24px;\"><\/div>         <\/div>             <div class=\"kksr-star\" style=\"padding-right: 5px\">               <div class=\"kksr-icon\" style=\"width: 24px; height: 24px;\"><\/div>         <\/div>             <div class=\"kksr-star\" style=\"padding-right: 5px\">               <div class=\"kksr-icon\" style=\"width: 24px; height: 24px;\"><\/div>         <\/div>             <div class=\"kksr-star\" style=\"padding-right: 5px\">               <div class=\"kksr-icon\" style=\"width: 24px; height: 24px;\"><\/div>         <\/div>             <div class=\"kksr-star\" style=\"padding-right: 5px\">               <div class=\"kksr-icon\" style=\"width: 24px; height: 24px;\"><\/div>         <\/div>     <\/div> <\/div>                   <div class=\"kksr-legend\" style=\"font-size: 19.2px;\">             4.8\/5 - (19 oy)    <\/div>     <\/div>  <p class=\"translation-block\"><strong>\u00c7ay<\/strong> po\u015feti paketleme makinesi, ip ve etiket ile entegre \u00e7ay po\u015feti paketlemeyi ger\u00e7ekle\u015ftirir. Bu etiketli dip \u00e7ay po\u015feti paketleme makinesi, \u00e7ay i\u00e7 ve d\u0131\u015f po\u015fet paketleme makinesinden farkl\u0131d\u0131r ve bu makine i\u00e7 po\u015feti ve d\u0131\u015f po\u015feti paketleyebilir. Bu makine, yeni bir \u0131s\u0131 kayna\u011f\u0131 t\u00fcr\u00fc ile otomatik \u00e7ok fonksiyonlu i\u00e7 \u00e7ay po\u015feti paketleme ekipman\u0131d\u0131r. \u0130p ve etiket, i\u00e7 po\u015fete bir \u0131s\u0131 kayna\u011f\u0131 cihaz\u0131 arac\u0131l\u0131\u011f\u0131yla ba\u011flan\u0131r. \u0130p ve etiket olu\u015fturma i\u015flemi ayn\u0131 anda tamamlan\u0131r, bu da paketleme malzemesi ile do\u011frudan temas\u0131 \u00f6nler ve \u00e7al\u0131\u015fma verimlili\u011fini art\u0131r\u0131r.<\/p>    <h2 class=\"wp-block-heading\" id=\"tea-packaging-machine-with-string-and-tag-working-video\">\u0130pli ve etiketli \u00e7ay paketleme makinesi \u00e7al\u0131\u015fma videosu<\/h2>   <figure class=\"wp-block-embed-youtube wp-block-embed is-type-video is-provider-youtube wp-embed-aspect-16-9 wp-has-aspect-ratio\"><div class=\"lyte-wrapper fourthree\" title=\"K\u00fc\u00e7\u00fck \u0130\u015fletmeler i\u00e7in Otomatik \u0130pli ve Etiketli \u00c7ay Po\u015feti Paketleme Makinesi\" style=\"width:960px;max-width:100%;margin:5px auto;\"><div class=\"lyMe hidef\" id=\"WYL_LG-3fs_L1ks\" itemprop=\"video\" itemscope itemtype=\"https:\/\/schema.org\/VideoObject\"><div><meta itemprop=\"thumbnailUrl\" content=\"https:\/\/taizypackaging.com\/wp-content\/plugins\/wp-youtube-lyte\/lyteCache.php?origThumbUrl=https%3A%2F%2Fi.ytimg.com%2Fvi%2FLG-3fs_L1ks%2Fmaxresdefault.jpg\" \/><meta itemprop=\"embedURL\" content=\"https:\/\/www.youtube.com\/embed\/LG-3fs_L1ks\" \/><meta itemprop=\"duration\" content=\"PT1M30S\" \/><meta itemprop=\"uploadDate\" content=\"2022-02-17T07:24:12Z\" \/><\/div><div id=\"lyte_LG-3fs_L1ks\" data-src=\"https:\/\/taizypackaging.com\/wp-content\/plugins\/wp-youtube-lyte\/lyteCache.php?origThumbUrl=https%3A%2F%2Fi.ytimg.com%2Fvi%2FLG-3fs_L1ks%2Fmaxresdefault.jpg\" class=\"pL\"><div class=\"tC\"><div class=\"tT\" itemprop=\"name\">K\u00fc\u00e7\u00fck \u0130\u015fletmeler i\u00e7in Otomatik \u0130pli ve Etiketli \u00c7ay Po\u015feti Paketleme Makinesi<\/div><\/div><div class=\"play\"><\/div><div class=\"ctrl\"><div class=\"Lctrl\"><\/div><div class=\"Rctrl\"><\/div><\/div><\/div><noscript><a href=\"https:\/\/youtu.be\/LG-3fs_L1ks\" rel=\"nofollow noopener\" target=\"_blank\"><img loading=\"lazy\" decoding=\"async\" src=\"https:\/\/taizypackaging.com\/wp-content\/plugins\/wp-youtube-lyte\/lyteCache.php?origThumbUrl=https%3A%2F%2Fi.ytimg.com%2Fvi%2FLG-3fs_L1ks%2F0.jpg\" alt=\"K\u00fc\u00e7\u00fck \u0130\u015fletmeler i\u00e7in Otomatik \u0130pli ve Etiketli \u00c7ay Po\u015feti Paketleme Makinesi\" width=\"960\" height=\"700\" \/><br \/>Bu videoyu YouTube'da izleyin<\/a><\/noscript><meta itemprop=\"description\" content=\"#teabagpacking #teapackingmachine EMAIL: info@taizypackaging.com TEL\/WHATSAPP: +86 18837171591 USEFUL LINK: https:\/\/taizypackaging.com\/dip-tea-bags-packing-machine\/ This tea bag packing machine with string and tag is a great tea pouch packaging solution. This machine realizes the integrated tea bag packing with string and tag. This machine is an automatic multi-functional inner tea bag packaging equipment with a new heat sealing type. The string and tag are connected to the inner bag through a heat sealing device. The string and tag forming are finished at the same time, which avoids direct contact with the packing material and improves working efficiency. This kind of tea pouch packing machine with string and tag mainly consists of two systems, a feeding system, and a packaging system. It is suitable for automatic packaging of lemongrass tea, broken tea, herbal tea, coffee, plant scented tea, green tea, black tea, grain tea, barley tea, rose tea, health care tea, loose tea, etc. You may also like these videos about tea packaging equipment: Pyramid tea bag packing machine: https:\/\/www.youtube.com\/watch?v=kbEO73W2QQQ Tea packing machine with outer bag: https:\/\/www.youtube.com\/watch?v=StbYeKbuokc EMAIL: info@taizypackaging.com TEL\/WHATSAPP: +86 18837171591 USEFUL LINK: https:\/\/taizypackaging.com\/dip-tea-bags-packing-machine\/\"><\/div><\/div><div class=\"lL\" style=\"max-width:100%;width:960px;margin:5px auto;\"><\/div><figcaption><\/figcaption><\/figure>   <h2 class=\"wp-block-heading\" id=\"h-application-of-tea-inner-bag-packing-machine-with-tag\">\u00c7ay po\u015feti paketleme makinesinin ip ve etiketle uygulanmas\u0131<\/h2>    <p>Limon otu \u00e7ay\u0131, k\u0131r\u0131k \u00e7ay, bitkisel \u00e7ay, kahve, bitki kokulu \u00e7ay, ye\u015fil \u00e7ay, siyah \u00e7ay, tah\u0131l \u00e7ay\u0131, arpa \u00e7ay\u0131, g\u00fcl \u00e7ay\u0131, sa\u011fl\u0131k \u00e7ay\u0131, gev\u015fek \u00e7ay vb.'nin otomatik paketlenmesi i\u00e7in uygundur.<\/p>    <figure class=\"wp-block-image size-full\"><img decoding=\"async\" src=\"https:\/\/taizypackaging.com\/wp-content\/uploads\/2021\/08\/\u5185\u888b\u7ebf\u8336\u53f6\u5305\u88c5\u673a_02.jpg\" alt=\"\u00e7ay po\u015feti paketleme makinesi uygulamalar\u0131\" class=\"wp-image-2587\"\/><figcaption class=\"wp-element-caption\">\u00e7ay po\u015feti paketleme makinesi uygulamalar\u0131<\/figcaption><\/figure>    <h2 class=\"wp-block-heading\" id=\"h-technical-parameters\">Bu \u00e7ay paketleme makinesinin teknik parametreleri<\/h2>    <figure class=\"wp-block-table\"><table><tbody><tr><td>Kapsam\u0131 \u00f6l\u00e7\u00fcn<\/td><td>1-10g<\/td><\/tr><tr><td>\u00e7anta boyutu<\/td><td>50-80mm (U), 45-80mm(G)<\/td><\/tr><tr><td>Etiket boyutu<\/td><td>(U*G) 20*28mm\/ 20*25mm \/ 20*20mm<\/td><\/tr><tr><td>Paketleme h\u0131z\u0131<\/td><td>30-60 torba\/dak<\/td><\/tr><tr><td>Boyut (U*G*Y)<\/td><td>1250*750*1750mm<\/td><\/tr><tr><td>A\u011f\u0131rl\u0131k<\/td><td>380kg<\/td><\/tr><tr><td>Toplam g\u00fc\u00e7<\/td><td>AC 220V50HZ 1.6KW<\/td><\/tr><\/tbody><\/table><\/figure>    <h2 class=\"wp-block-heading\" id=\"h-the-details-of-tea-inner-bag-packing-machine-with-tag\">Etiketli ve ipli \u00e7ay po\u015feti paketleme makinesinin avantajlar\u0131<\/h2>    <ol class=\"wp-block-list\"> <li>Ak\u0131ll\u0131 kontrol paneli, kolay kullan\u0131m, hassas kontrol, g\u00fcvenli ve kullan\u0131\u015fl\u0131<\/li>    <li>Besleme, tartma, doldurma, kapatma ve kesme i\u015flemlerini otomatik olarak tamamlay\u0131n.<\/li>    <li>304 paslanmaz \u00e7elik g\u0131daya uygun malzeme, hijyen ve g\u00fcvenilir<\/li>    <li>Operat\u00f6rlerin g\u00fcvenli\u011fini sa\u011flamak i\u00e7in acil durdurma sistemi<\/li>    <li>Standart ve \u00f6zel hizmetler mevcuttur <\/li> <\/ol>    <figure class=\"wp-block-image size-full\"><img decoding=\"async\" src=\"https:\/\/taizypackaging.com\/wp-content\/uploads\/2021\/08\/\u5185\u888b\u7ebf\u8336\u53f6\u5305\u88c5\u673a_05.jpg\" alt=\"\u00e7ay po\u015feti paketleme makinesi detaylar\u0131\" class=\"wp-image-2589\"\/><figcaption class=\"wp-element-caption\">\u00e7ay po\u015feti paketleme makinesi detaylar\u0131<\/figcaption><\/figure>    <h2 class=\"wp-block-heading\" id=\"h-measurement-method\">\u00d6l\u00e7\u00fcm y\u00f6ntemleri<\/h2>    <p>Hacimsel y\u00f6ntem. \u00d6l\u00e7\u00fcm kab\u0131, dayan\u0131kl\u0131 ve g\u00fcvenilir olan 304 paslanmaz \u00e7elik malzemeden yap\u0131lm\u0131\u015ft\u0131r. <\/p>   <div class=\"wp-block-image wp-image-1103 size-full\"> <figure class=\"aligncenter\"><img decoding=\"async\" src=\"https:\/\/taizypackaging.com\/wp-content\/uploads\/2021\/02\/tea-packing-machine-with-string-and-tag.jpg\" alt=\"dize ve etiket ile \u00e7ay paketleme makinesi\" class=\"wp-image-3397\"\/><figcaption class=\"wp-element-caption\">dize ve etiket ile \u00e7ay paketleme makinesi<\/figcaption><\/figure> <\/div>   <h2 class=\"wp-block-heading\" id=\"h-faq-of-tea-bags-packing-machine\">\u00c7ay po\u015feti doldurma ve kapatma makinesi hakk\u0131nda SSS<\/h2>    <ul class=\"wp-block-list\"> <li>Uygun bir \u00e7ay po\u015feti paketleme makinesi nas\u0131l bulunur? <\/li> <\/ul>    <p>\u00dcr\u00fcn detaylar\u0131n\u0131z\u0131 bize bildirin: Ne t\u00fcr malzemeler paketlemeniz gerekiyor, Malzemelerinizin boyutu (bana resim verebilirsiniz).<\/p>    <ul class=\"wp-block-list\"> <li>Fabrika veya ticaret \u015firketi misiniz?<\/li> <\/ul>    <p>Biz fabrikay\u0131z ve \u00f6zellikle Ar-Ge'yiz. Ayr\u0131ca \u00e7e\u015fitli paketleme makinelerinin imalat\u0131n\u0131 ve sat\u0131\u015f\u0131n\u0131 da yapmaktay\u0131z. \u015eu anda sat\u0131\u015f\u0131n\u0131 yapt\u0131\u011f\u0131m\u0131z be\u015f \u00e7e\u015fit paketleme makinesi mevcut olup, ayr\u0131ca toz paketleme makinelerimiz, gran\u00fcl paketleme makinelerimiz, s\u0131v\u0131 paketleme makinelerimiz, macun paketleme vb. \u00fcr\u00fcnlerimiz de bulunmaktad\u0131r.<\/p>    <ul class=\"wp-block-list\" start=\"3\"> <li>\u00d6deme y\u00f6nteminiz nedir?<\/li> <\/ul>    <p>\u015eu anda makinelerimiz t\u00fcm d\u00fcnyaya ihra\u00e7 ediliyor, bu nedenle \u00e7e\u015fitli \u00f6deme y\u00f6ntemlerini destekliyoruz.<\/p>    <ul class=\"wp-block-list\" start=\"4\"> <li>Sipari\u015fi verdikten sonra makinenin kalitesinden nas\u0131l emin olabiliriz?<\/li> <\/ul>    <p>Teslimattan \u00f6nce makinenin kalitesini test etmeniz i\u00e7in size resim ve videolar g\u00f6nderece\u011fiz. Ayr\u0131ca \u00c7in'deki arkada\u015flar\u0131n\u0131z\u0131n da kontrol etmesini sa\u011flayabilirsiniz.<\/p>    <ul class=\"wp-block-list\" start=\"5\"> <li>Neden \u015firketinizi se\u00e7meliyiz?<\/li> <\/ul>    <p>10 y\u0131l\u0131 a\u015fk\u0131n s\u00fcredir paketleme makinelerinde profesyoneliz ve daha iyi sat\u0131\u015f sonras\u0131 hizmet sunuyoruz. Anla\u015fmam\u0131z i\u00e7in hi\u00e7bir risk olmad\u0131\u011f\u0131n\u0131 garanti ediyoruz.<\/p>    <ul class=\"wp-block-list\"> <li>\u00c7ay i\u00e7 po\u015fet paketleme makinesi fiyat\u0131 nas\u0131l?<\/li> <\/ul>    <p>Yukar\u0131da belirtildi\u011fi gibi, \u015fu anda Taizy Company'den bir\u00e7ok t\u00fcrde dald\u0131rma \u00e7ay po\u015feti paketleme makinesi sat\u0131yoruz, bu nedenle fiyatlar farkl\u0131l\u0131k g\u00f6steriyor. Ayr\u0131ca internette i\u015faretledi\u011fimiz fiyatlar ayn\u0131 zamanda referans fiyatlard\u0131r. \u00c7\u00fcnk\u00fc ambalaj malzemeleri ve ambalaj\u0131n a\u011f\u0131rl\u0131k aral\u0131\u011f\u0131 makinenin fiyat\u0131n\u0131 belirleyecektir. \u00c7ay paketleme makinesi almay\u0131 d\u00fc\u015f\u00fcn\u00fcyorsan\u0131z teknik m\u00fcd\u00fcr\u00fcm\u00fczle ileti\u015fime ge\u00e7in. \u0130htiya\u00e7lar\u0131n\u0131za g\u00f6re size bir teklif verecektir.<\/p>    <h2 class=\"wp-block-heading\" id=\"structures-of-tea-packing-machine-with-string-and-tag\">\u0130p ve etiketli \u00e7ay paketleme makinesinin yap\u0131lar\u0131<\/h2>    <p>Bu t\u00fcr ipli ve etiketli \u00e7ay po\u015feti paketleme makinesi esas olarak iki sistemden, bir besleme sisteminden ve bir paketleme sisteminden olu\u015fur. Otomatik \u00e7ay paketleme i\u015flemini tamamlamak i\u00e7in besleme hunisi, d\u00f6ner besleme tepsisi, kontrol paneli, torba olu\u015fturucu, konvey\u00f6r vb. gibi birlikte \u00e7al\u0131\u015fan bir\u00e7ok par\u00e7a vard\u0131r. Ayr\u0131ca \u00e7ay \u00fcretim hatt\u0131n\u0131n tamam\u0131n\u0131 bitirmek i\u00e7in baz\u0131 hammaddelere ihtiyac\u0131m\u0131z var. \u00e7ay, etiketler ve ambalaj malzemeleri gibi. <\/p>    <figure class=\"wp-block-image size-full\"><img decoding=\"async\" src=\"https:\/\/taizypackaging.com\/wp-content\/uploads\/2021\/08\/\u5185\u888b\u7ebf\u8336\u53f6\u5305\u88c5\u673a_03.jpg\" alt=\"dize ve etiket yap\u0131s\u0131na sahip \u00e7ay paketleme makinesi\" class=\"wp-image-2586\"\/><figcaption class=\"wp-element-caption\">dize ve etiket yap\u0131s\u0131na sahip \u00e7ay paketleme makinesi<\/figcaption><\/figure>    <h2 class=\"wp-block-heading\" id=\"h-customer-case\">M\u00fc\u015fteri vakas\u0131<\/h2>    <p class=\"translation-block\">Bir Afrikal\u0131 m\u00fc\u015fteri, gev\u015fek yaprak \u00e7aylar\u0131 paketlemek i\u00e7in bizden bir \u00e7ay po\u015feti paketleme makinesi sipari\u015f etti. Kendi i\u015fine ba\u015flamak istiyordu. Paketleme detaylar\u0131 hakk\u0131nda teknik y\u00f6neticimizle ileti\u015fim kurduktan sonra sipari\u015fi verdi. Makineyi ald\u0131ktan sonra, m\u00fc\u015fteri bir test makinesi ger\u00e7ekle\u015ftirdi. Ayr\u0131ca, paketleme etkisinin \u00e7ok iyi oldu\u011funu s\u00f6yledi. Paketledi\u011fi d\u0131\u015f zarf ile birlikte olan \u00e7ay po\u015feti, piyasada \u00e7ok pop\u00fcler. Sonunda, m\u00fc\u015fteri mevcut i\u015finin stabil hale geldi\u011finde, i\u015fini geni\u015fletmek i\u00e7in bizden ba\u015fka bir <a href=\"https:\/\/taizypackaging.com\/tr\/tea-packaging-machine\/\">\u00e7ay i\u00e7 ve d\u0131\u015f po\u015fet paketleme makinesi<\/a> sipari\u015fi verece\u011fini s\u00f6yledi.<\/p>    <figure class=\"wp-block-image size-full\"><img decoding=\"async\" src=\"https:\/\/taizypackaging.com\/wp-content\/uploads\/2021\/02\/customer-feedback-of-quality-tea-bag-packing-equipment.jpg\" alt=\"kaliteli \u00e7ay po\u015feti paketleme ekipman\u0131n\u0131n m\u00fc\u015fteri geri bildirimi\" class=\"wp-image-3398\"\/><figcaption class=\"wp-element-caption\">Kaliteli \u00e7ay po\u015feti paketleme ekipman\u0131 hakk\u0131nda m\u00fc\u015fteri geri bildirimi<\/figcaption><\/figure>    <h2 class=\"wp-block-heading\" id=\"contact-us-today-to-start-your-tea-project\">\u00c7ay projenize ba\u015flamak i\u00e7in bug\u00fcn bizimle ileti\u015fime ge\u00e7in!<\/h2>    <p class=\"translation-block\">Dip \u00e7ay, kahve ve s\u00fctl\u00fc \u00e7ay kadar pop\u00fclerdir. Bu, \u00e7ay paketleme i\u015fi i\u00e7in harika bir f\u0131rsatt\u0131r. \u0130p ve etiketli \u00e7ay po\u015feti paketleme makinesi, \u00e7ay paketleme \u00e7\u00f6z\u00fcm\u00fcn\u00fcn ana t\u00fcr\u00fcd\u00fcr. K\u00fc\u00e7\u00fck boyutu ve d\u00fc\u015f\u00fck maliyeti nedeniyle, k\u00fc\u00e7\u00fck i\u015fletmeniz i\u00e7in olduk\u00e7a uygundur. Ayr\u0131ca, <a href=\"https:\/\/taizypackaging.com\/tr\/pyramid-tea-bag-packing-machine-price\/\">piramit \u00e7ay paketleme makineleri<\/a> ve <a href=\"https:\/\/taizypackaging.com\/tr\/\">Taizy Paketleme Makineleri<\/a> \u015firketinden i\u00e7 ve d\u0131\u015f \u00e7ay paketleme makineleri bulunmaktad\u0131r. G\u00fcvenilir bir \u00e7ay paketleme makinesi ar\u0131yorsan\u0131z, daha fazla yard\u0131mc\u0131 bilgi i\u00e7in bizimle ileti\u015fime ge\u00e7in. <\/p>","protected":false},"excerpt":{"rendered":"<p>The tea pouch packing machine realizes the integrated tea bag packing with string and tag. This dip tea bag packing machine with tag unity is different from the tea inner and outer bag packaging machine, and the latter can package the inner bag and the outer bag. This machine is an automatic multi-functional inner tea [&hellip;]<\/p>\n","protected":false},"author":1,"featured_media":2584,"parent":0,"template":"","tags":[470,482,563],"product-type":[667],"class_list":["post-1099","product","type-product","status-publish","has-post-thumbnail","hentry","tag-tea-bag-packing-machine","tag-tea-packing-machine","tag-tea-pouch-packing-machine","product-type-tea-packing-machine"],"_links":{"self":[{"href":"https:\/\/taizypackaging.com\/tr\/wp-json\/wp\/v2\/product\/1099","targetHints":{"allow":["GET"]}}],"collection":[{"href":"https:\/\/taizypackaging.com\/tr\/wp-json\/wp\/v2\/product"}],"about":[{"href":"https:\/\/taizypackaging.com\/tr\/wp-json\/wp\/v2\/types\/product"}],"author":[{"embeddable":true,"href":"https:\/\/taizypackaging.com\/tr\/wp-json\/wp\/v2\/users\/1"}],"wp:featuredmedia":[{"embeddable":true,"href":"https:\/\/taizypackaging.com\/tr\/wp-json\/wp\/v2\/media\/2584"}],"wp:attachment":[{"href":"https:\/\/taizypackaging.com\/tr\/wp-json\/wp\/v2\/media?parent=1099"}],"wp:term":[{"taxonomy":"post_tag","embeddable":true,"href":"https:\/\/taizypackaging.com\/tr\/wp-json\/wp\/v2\/tags?post=1099"},{"taxonomy":"product-type","embeddable":true,"href":"https:\/\/taizypackaging.com\/tr\/wp-json\/wp\/v2\/product-type?post=1099"}],"curies":[{"name":"wp","href":"https:\/\/api.w.org\/{rel}","templated":true}]}}