{"id":1146,"date":"2021-03-08T10:41:07","date_gmt":"2021-03-08T10:41:07","guid":{"rendered":"https:\/\/taizypackaging.com\/?p=1146"},"modified":"2024-07-17T17:38:54","modified_gmt":"2024-07-17T09:38:54","slug":"pyramid-tea-bag-packing-machine-price","status":"publish","type":"product","link":"https:\/\/taizypackaging.com\/tr\/pyramid-tea-bag-packing-machine-price\/","title":{"rendered":"Piramit \u00c7ay Po\u015feti Paketleme Makinas\u0131"},"content":{"rendered":"<div class=\"kk-star-ratings kksr-auto kksr-align-left kksr-valign-top\"     data-payload='{&quot;align&quot;:&quot;left&quot;,&quot;id&quot;:&quot;1146&quot;,&quot;slug&quot;:&quot;default&quot;,&quot;valign&quot;:&quot;top&quot;,&quot;ignore&quot;:&quot;&quot;,&quot;reference&quot;:&quot;auto&quot;,&quot;class&quot;:&quot;&quot;,&quot;count&quot;:&quot;11&quot;,&quot;legendonly&quot;:&quot;&quot;,&quot;readonly&quot;:&quot;&quot;,&quot;score&quot;:&quot;4.9&quot;,&quot;starsonly&quot;:&quot;&quot;,&quot;best&quot;:&quot;5&quot;,&quot;gap&quot;:&quot;5&quot;,&quot;greet&quot;:&quot;Rate this product&quot;,&quot;legend&quot;:&quot;4.9\\\/5 - (11 votes)&quot;,&quot;size&quot;:&quot;24&quot;,&quot;title&quot;:&quot;Pyramid Tea Bag Packing Machine&quot;,&quot;width&quot;:&quot;139.6&quot;,&quot;_legend&quot;:&quot;{score}\\\/{best} - ({count} {votes})&quot;,&quot;font_factor&quot;:&quot;1.25&quot;}'>              <div class=\"kksr-stars\">      <div class=\"kksr-stars-inactive\">             <div class=\"kksr-star\" data-star=\"1\" style=\"padding-right: 5px\">               <div class=\"kksr-icon\" style=\"width: 24px; height: 24px;\"><\/div>         <\/div>             <div class=\"kksr-star\" data-star=\"2\" style=\"padding-right: 5px\">               <div class=\"kksr-icon\" style=\"width: 24px; height: 24px;\"><\/div>         <\/div>             <div class=\"kksr-star\" data-star=\"3\" style=\"padding-right: 5px\">               <div class=\"kksr-icon\" style=\"width: 24px; height: 24px;\"><\/div>         <\/div>             <div class=\"kksr-star\" data-star=\"4\" style=\"padding-right: 5px\">               <div class=\"kksr-icon\" style=\"width: 24px; height: 24px;\"><\/div>         <\/div>             <div class=\"kksr-star\" data-star=\"5\" style=\"padding-right: 5px\">               <div class=\"kksr-icon\" style=\"width: 24px; height: 24px;\"><\/div>         <\/div>     <\/div>      <div class=\"kksr-stars-active\" style=\"width: 139.6px;\">             <div class=\"kksr-star\" style=\"padding-right: 5px\">               <div class=\"kksr-icon\" style=\"width: 24px; height: 24px;\"><\/div>         <\/div>             <div class=\"kksr-star\" style=\"padding-right: 5px\">               <div class=\"kksr-icon\" style=\"width: 24px; height: 24px;\"><\/div>         <\/div>             <div class=\"kksr-star\" style=\"padding-right: 5px\">               <div class=\"kksr-icon\" style=\"width: 24px; height: 24px;\"><\/div>         <\/div>             <div class=\"kksr-star\" style=\"padding-right: 5px\">               <div class=\"kksr-icon\" style=\"width: 24px; height: 24px;\"><\/div>         <\/div>             <div class=\"kksr-star\" style=\"padding-right: 5px\">               <div class=\"kksr-icon\" style=\"width: 24px; height: 24px;\"><\/div>         <\/div>     <\/div> <\/div>                   <div class=\"kksr-legend\" style=\"font-size: 19.2px;\">             4.9\/5 - (11 oy)    <\/div>     <\/div>  <p class=\"translation-block\"><strong>Pyramid tea bag packing machine<\/strong>, or nylon triangle tea packing machine, is designed for packing products like green tea, black tea, loose tea, flower tea, Chinese herb tea, etc. It can automatically finish the feeding, weighing, filling, sealing, and cutting process, efficiently and safely. <\/p>    <h2 class=\"wp-block-heading\">Piramit \u00c7ay Po\u015feti Paketleme Makinesinin \u00c7al\u0131\u015fma Videosu<\/h2>   <figure class=\"wp-block-embed-youtube wp-block-embed is-type-video is-provider-youtube wp-embed-aspect-16-9 wp-has-aspect-ratio\"><div class=\"lyte-wrapper fourthree\" title=\"Piramit \u00e7ay paketleme makinesi\" style=\"width:960px;max-width:100%;margin:5px auto;\"><div class=\"lyMe hidef\" id=\"WYL_kbEO73W2QQQ\" itemprop=\"video\" itemscope itemtype=\"https:\/\/schema.org\/VideoObject\"><div><meta itemprop=\"thumbnailUrl\" content=\"https:\/\/taizypackaging.com\/wp-content\/plugins\/wp-youtube-lyte\/lyteCache.php?origThumbUrl=https%3A%2F%2Fi.ytimg.com%2Fvi%2FkbEO73W2QQQ%2Fmaxresdefault.jpg\" \/><meta itemprop=\"embedURL\" content=\"https:\/\/www.youtube.com\/embed\/kbEO73W2QQQ\" \/><meta itemprop=\"duration\" content=\"PT59S\" \/><meta itemprop=\"uploadDate\" content=\"2021-08-07T11:00:08Z\" \/><\/div><div id=\"lyte_kbEO73W2QQQ\" data-src=\"https:\/\/taizypackaging.com\/wp-content\/plugins\/wp-youtube-lyte\/lyteCache.php?origThumbUrl=https%3A%2F%2Fi.ytimg.com%2Fvi%2FkbEO73W2QQQ%2Fmaxresdefault.jpg\" class=\"pL\"><div class=\"tC\"><div class=\"tT\" itemprop=\"name\">Piramit \u00e7ay paketleme makinesi<\/div><\/div><div class=\"play\"><\/div><div class=\"ctrl\"><div class=\"Lctrl\"><\/div><div class=\"Rctrl\"><\/div><\/div><\/div><noscript><a href=\"https:\/\/youtu.be\/kbEO73W2QQQ\" rel=\"nofollow noopener\" target=\"_blank\"><img loading=\"lazy\" decoding=\"async\" src=\"https:\/\/taizypackaging.com\/wp-content\/plugins\/wp-youtube-lyte\/lyteCache.php?origThumbUrl=https%3A%2F%2Fi.ytimg.com%2Fvi%2FkbEO73W2QQQ%2F0.jpg\" alt=\"Piramit \u00e7ay paketleme makinesi\" width=\"960\" height=\"700\" \/><br \/>Bu videoyu YouTube'da izleyin<\/a><\/noscript><meta itemprop=\"description\" content=\"WhatsApp\/Wechat\/Tel:+86 19139754781 The nylon triangle tea bag is a popular style recently, and nowadays, pyramid tea bags can be purchased in various stores around the world. As its name suggests, when you take the teabag out of the box and place it on the counter, the teabag is like a triangular pyramid. It is very suitable for brewing a cup of tea quickly. Also, there is a convenient string for drinking from the cup.If you want to learn more:https:\/\/taizypackaging.com\/pyramid-tea-bag-packing-machine-price\/\"><\/div><\/div><div class=\"lL\" style=\"max-width:100%;width:960px;margin:5px auto;\"><\/div><figcaption><\/figcaption><\/figure>   <h2 class=\"wp-block-heading\" id=\"h-applicable-materials-of-nylon-triangle-tea-packaging-machine\">Piramit \u00c7ay Po\u015feti Paketleme Makinesi Uygulamalar\u0131<\/h2>    <p>Paketleme makinesi limon otu \u00e7ay\u0131, ye\u015fil \u00e7ay, siyah \u00e7ay, kokulu \u00e7ay, kahve, \u00c7in \u00e7ay\u0131, sa\u011fl\u0131kl\u0131 \u00e7ay, bitki \u00e7ay\u0131, oolong \u00e7ay\u0131, \u00e7i\u00e7ek \u00e7ay\u0131, gran\u00fcller vb. paketleyebilir. Ak\u0131ll\u0131 PLC kontrol cihaz\u0131 ile k\u00fc\u00e7\u00fck \u00e7ay paketleme makinesinin kullan\u0131m\u0131 ve bak\u0131m\u0131 \u00e7ok kolayd\u0131r. \u00dcstelik k\u00fc\u00e7\u00fck boyutu ve uygun fiyat\u0131 var. K\u0131sacas\u0131 d\u00fc\u015f\u00fck maliyet ve y\u00fcksek getiri. <\/p>    <figure class=\"wp-block-image size-full\"><img decoding=\"async\" src=\"https:\/\/taizypackaging.com\/wp-content\/uploads\/2021\/08\/\u4e09\u89d2\u5305\u8336\u53f6\u5305\u88c5\u673a_02.jpg\" alt=\"piramit \u00e7ay po\u015feti paketleme makinesi kullan\u0131r\" class=\"wp-image-2604\"\/><figcaption class=\"wp-element-caption\">piramit \u00e7ay po\u015feti paketleme makinesi kullan\u0131r<\/figcaption><\/figure>    <h2 class=\"wp-block-heading\" id=\"h-the-design-features-of-pyramid-tea-bag-machine\">Piramit \u00c7ay Po\u015feti Makinas\u0131n\u0131n Tasar\u0131m \u00d6zellikleri<\/h2>    <ul class=\"wp-block-list\"> <li>Ad\u0131ndan da anla\u015f\u0131laca\u011f\u0131 \u00fczere piramit \u00e7ay po\u015feti \u00fc\u00e7gen piramite benzemektedir. Ayr\u0131ca \u00e7ay yapmak i\u00e7in b\u00fczme ipi vard\u0131r. \u00c7ay yaparken etiketi barda\u011f\u0131n d\u0131\u015f\u0131na as\u0131n. G\u00f6r\u00fcn\u00fcm a\u00e7\u0131s\u0131ndan \u00fc\u00e7gen \u00e7ay po\u015feti gen\u00e7 t\u00fcketiciler i\u00e7in daha \u00e7ekicidir.<\/li>    <li>\u00dc\u00e7gen \u00e7ay po\u015feti daha iyi bir performansa sahiptir. Bunu ayn\u0131 hacme sahip iki \u00e7ay po\u015feti i\u00e7in \u00f6zel olarak hesaplayabiliriz. \u00dc\u00e7gen \u00e7ay po\u015feti s\u0131cak su ile temasta daha geni\u015f bir y\u00fczey alan\u0131na sahiptir. Geleneksel \u00e7ay po\u015feti temas alan\u0131n\u0131n yaln\u0131zca yakla\u015f\u0131k 1\/2'sine sahip olabilirken, \u00fc\u00e7gen \u00e7ay po\u015feti temas alan\u0131n\u0131n 3\/4'\u00fcne ula\u015fabilir. Bu paketleme \u00e7\u00f6z\u00fcm\u00fc \u00e7ay tad\u0131n\u0131n sal\u0131n\u0131m etkisini daha iyi hale getirir. Ve k\u0131sa s\u00fcrede \u00e7ay yapmak daha kolayd\u0131r. Ayr\u0131ca i\u00e7ecek d\u00fckkan\u0131n\u0131n \u00e7ay\u0131 h\u0131zl\u0131 bir \u015fekilde \u00e7\u0131karmas\u0131 daha uygundur.<\/li>    <li>Daha uzun \u00e7ay yapma s\u00fcreci. Piramit \u00e7ay po\u015feti, geleneksel \u00e7ay po\u015fetine g\u00f6re g\u00f6r\u00fcn\u00fcm a\u00e7\u0131s\u0131ndan bariz bir avantaja sahiptir. \u00c7ay, \u00fc\u00e7gen \u00e7ay po\u015fetinin i\u00e7indedir, b\u00f6ylece demleyen ki\u015fi \u00e7ay\u0131n tad\u0131n\u0131n ve s\u0131cak suyun zarif dalgas\u0131n\u0131 hissedebilir. Ve s\u0131radan \u00e7ay paketlemesinden daha \u015f\u0131k bir \u00e7ay yapma deneyimi.<\/li> <\/ul>   <div class=\"wp-block-image wp-image-1160 size-full\"> <figure class=\"aligncenter\"><img decoding=\"async\" src=\"https:\/\/taizypackaging.com\/wp-content\/uploads\/2021\/03\/pyramid-tea-bag-packing-machine.jpg\" alt=\"piramit \u00e7ay po\u015feti paketleme makinesi\" class=\"wp-image-3419\"\/><figcaption class=\"wp-element-caption\">piramit \u00e7ay po\u015feti paketleme makinesi<\/figcaption><\/figure> <\/div>   <h2 class=\"wp-block-heading\" id=\"h-the-details-of-pyramid-tea-packing-machine\">Piramit \u00c7ay Paketleme Makinas\u0131n\u0131n Yap\u0131 Detaylar\u0131<\/h2>    <p>Bir piramit \u00e7ay po\u015feti paketleme makinesi esas olarak \u00fc\u00e7 sistemden olu\u015fur: bir otomasyon kontrol sistemi, bir hassas mekanizma iletim sistemi ve bir pn\u00f6matik iletim sistemi. <\/p>    <figure class=\"wp-block-image size-full\"><img loading=\"lazy\" decoding=\"async\" width=\"720\" height=\"540\" src=\"https:\/\/taizypackaging.com\/wp-content\/uploads\/2021\/03\/pyramid-tea-bag-packing-machine-parts.jpg\" alt=\"piramit \u00e7ay po\u015feti paketleme makinesi par\u00e7alar\u0131piramit \u00e7ay po\u015feti paketleme makinesi par\u00e7alar\u0131\" class=\"wp-image-4094\" srcset=\"https:\/\/taizypackaging.com\/wp-content\/uploads\/2021\/03\/pyramid-tea-bag-packing-machine-parts.jpg 720w, https:\/\/taizypackaging.com\/wp-content\/uploads\/2021\/03\/pyramid-tea-bag-packing-machine-parts-300x225.jpg 300w\" sizes=\"auto, (max-width: 720px) 100vw, 720px\" \/><figcaption class=\"wp-element-caption\">piramit \u00e7ay po\u015feti paketleme makinesi par\u00e7alar\u0131<\/figcaption><\/figure>    <h2 class=\"wp-block-heading\" id=\"h-packaging-form-and-materials\">Ambalaj \u015eekli ve Malzemeleri<\/h2>    <p class=\"translation-block\"><strong>Packaging forms:<\/strong> It can be used for flat bag packing, triangular packaging, etc.<\/p>    <p class=\"translation-block\"><strong>Packaging materials:<\/strong> nylon, PET, non-woven fabric, corn fiber.<\/p>    <figure class=\"wp-block-gallery has-nested-images columns-3 is-cropped wp-block-gallery-2 is-layout-flex wp-block-gallery-is-layout-flex\"> <figure class=\"wp-block-image size-large\"><a href=\"https:\/\/taizypackaging.com\/wp-content\/uploads\/2021\/03\/Nylon-filter-bag.jpg\"><img decoding=\"async\" data-id=\"1158\" src=\"https:\/\/taizypackaging.com\/wp-content\/uploads\/2021\/03\/Nylon-filter-bag.jpg\" alt=\"Naylon filtre torbas\u0131\" class=\"wp-image-1158\"\/><\/a><\/figure>    <figure class=\"wp-block-image size-large\"><a href=\"https:\/\/taizypackaging.com\/wp-content\/uploads\/2021\/03\/nylon-tea-bag-2.jpg\"><img decoding=\"async\" data-id=\"1157\" src=\"https:\/\/taizypackaging.com\/wp-content\/uploads\/2021\/03\/nylon-tea-bag-2.jpg\" alt=\"naylon-\u00e7ay-po\u015feti-2\" class=\"wp-image-1157\"\/><\/a><\/figure>    <figure class=\"wp-block-image size-large\"><a href=\"https:\/\/taizypackaging.com\/wp-content\/uploads\/2021\/03\/nylon-tea-bag.jpg\"><img decoding=\"async\" data-id=\"1156\" src=\"https:\/\/taizypackaging.com\/wp-content\/uploads\/2021\/03\/nylon-tea-bag.jpg\" alt=\"naylon \u00e7ay po\u015feti\" class=\"wp-image-1156\"\/><\/a><\/figure> <\/figure>    <h2 class=\"wp-block-heading\" id=\"h-technical-parameters\">Piramit \u00c7ay Paketleme Makinas\u0131n\u0131n Teknik Parametreleri<\/h2>    <figure class=\"wp-block-table is-style-stripes\"><table><tbody><tr><td>\u00c7anta geni\u015fli\u011fi<\/td><td>60-80mm<\/td><\/tr><tr><td>\u00c7anta uzunlu\u011fu<\/td><td>&nbsp;40-80mm<\/td><\/tr><tr><td>Paketleme h\u0131z\u0131<\/td><td>20, 40, 60 torba\/dak<\/td><\/tr><tr><td>Tart\u0131m aral\u0131\u011f\u0131<\/td><td>1-7g<\/td><\/tr><tr><td>G\u00fc\u00e7<\/td><td>220V\/2KW<\/td><\/tr><tr><td>Hava bas\u0131nc\u0131<\/td><td>hava pompas\u0131<\/td><\/tr><tr><td>Hava t\u00fcketimi<\/td><td>0,6m3\/dak<\/td><\/tr><tr><td>Toplam a\u011f\u0131rl\u0131k<\/td><td>400kg<\/td><\/tr><tr><td>Boyut<\/td><td>&nbsp;1200*920*2060mm<\/td><\/tr><\/tbody><\/table><\/figure>    <h2 class=\"wp-block-heading\" id=\"h-difference-between-a-labeled-tea-bag-and-a-nylon-triangle-tea-bag\">Etiketli \u00c7ay Po\u015feti ile Naylon \u00dc\u00e7gen \u00c7ay Po\u015feti Aras\u0131ndaki Farklar<\/h2>    <p>Piramit \u00e7ay paketleme makinesi taraf\u0131ndan paketlenen bitmi\u015f \u00fcr\u00fcn, di\u011fer \u00e7ay paketleme makinelerinden farkl\u0131d\u0131r. Etiketli \u00e7ay po\u015fetleri standart dikd\u00f6rtgen \u00e7ay po\u015fetleridir. \u00c7ay yapraklar\u0131yla doldurulur, \u00fcst\u00fcne bir b\u00fczme ipi dikilir ve b\u00fczme ipinin di\u011fer ucuna k\u00fc\u00e7\u00fck bir etiket \u00e7ak\u0131l\u0131r. Bardakta demlenmeye uygundur. Bu \u00e7ay po\u015fetleri genellikle m\u00fcmk\u00fcn oldu\u011fu kadar taze olmas\u0131 i\u00e7in kapal\u0131 bir ka\u011f\u0131t torba veya kutu i\u00e7inde ayr\u0131 ayr\u0131 paketlenir.<\/p>    <p>Naylon \u00fc\u00e7gen \u00e7ay po\u015feti son zamanlarda pop\u00fcler bir tarzd\u0131r ve g\u00fcn\u00fcm\u00fczde piramit \u00e7ay po\u015fetleri d\u00fcnya \u00e7ap\u0131nda \u00e7e\u015fitli ma\u011fazalardan sat\u0131n al\u0131nabilmektedir. Ad\u0131ndan da anla\u015f\u0131laca\u011f\u0131 gibi \u00e7ay po\u015fetini kutudan \u00e7\u0131kar\u0131p tezgaha koydu\u011funuzda \u00e7ay po\u015feti \u00fc\u00e7gen bir piramit gibidir. H\u0131zl\u0131 bir \u015fekilde \u00e7ay demlemek i\u00e7in olduk\u00e7a uygundur. Ayr\u0131ca bardaktan i\u00e7mek i\u00e7in uygun bir ip bulunmaktad\u0131r.<\/p>   <div class=\"wp-block-image wp-image-1147 size-full\"> <figure class=\"aligncenter\"><img decoding=\"async\" src=\"https:\/\/taizypackaging.com\/wp-content\/uploads\/2021\/03\/nylon-triangle-tea-bag.jpg\" alt=\"naylon \u00fc\u00e7gen \u00e7ay po\u015feti\" class=\"wp-image-1147\"\/><figcaption class=\"wp-element-caption\">naylon \u00fc\u00e7gen \u00e7ay po\u015feti<\/figcaption><\/figure> <\/div>   <h2 class=\"wp-block-heading\" id=\"h-pyramid-tea-bag-packing-machine-price\">Piramit \u00c7ay Po\u015feti Paketleme Makinas\u0131 Fiyat\u0131 Nedir? <\/h2>    <p>Piramit \u00e7ay po\u015feti paketleme makinesi fiyat\u0131, farkl\u0131 konfig\u00fcrasyonlardan dolay\u0131 olduk\u00e7a farkl\u0131d\u0131r. \u00c7ay \u00fc\u00e7gen po\u015fet paketleme makinesini tart\u0131 terazileri ile donat\u0131yoruz. \u015eu anda iki terazili piramit \u00e7ay paketleme makinemiz, d\u00f6rt terazili \u00e7ay \u00fc\u00e7gen paketleme makinemiz ve alt\u0131 terazili naylon \u00fc\u00e7gen \u00e7ay paketleme makinemiz bulunmaktad\u0131r.<\/p>    <p>Bu nedenle paketleme h\u0131zlar\u0131 farkl\u0131d\u0131r.  Ayr\u0131ca piramit \u00e7ay paketleme makinesi fiyat\u0131, makine malzemesi, motor markas\u0131, nakliye maliyeti vb. bir\u00e7ok fakt\u00f6re ba\u011fl\u0131d\u0131r. Dolay\u0131s\u0131yla \u00e7ay \u00fc\u00e7gen paketleme makinesinin fiyat\u0131 sabit de\u011fildir. Detayl\u0131 fiyat listesini \u00f6\u011frenmek istiyorsan\u0131z hemen bizimle ileti\u015fime ge\u00e7in. Ger\u00e7ek ihtiya\u00e7lar\u0131n\u0131z i\u00e7in do\u011fru bir \u00e7ay paketleme makinesi \u00f6nerece\u011fiz.<\/p>    <h2 class=\"wp-block-heading\" id=\"h-why-choose-a-nylon-triangle-tea-packaging-machine\">Neden Naylon \u00dc\u00e7gen \u00c7ay Paketleme Makinesini Se\u00e7melisiniz?<\/h2>    <ul class=\"wp-block-list\"> <li>\u00dc\u00e7 boyutlu bir etki yaratabilir. Ve orijinal \u00e7ay, bitki \u00e7ay\u0131, ginseng \u00e7ay\u0131, meyve \u00e7ay\u0131 vb. gibi hammaddelerin tamamen a\u00e7\u0131lmas\u0131 ve lezzet yaymas\u0131 i\u00e7in yer vard\u0131r.<\/li>    <li>Orijinal \u00e7aydan tam anlam\u0131yla faydalanabilmek i\u00e7in defalarca ve uzun s\u00fcre demlenebilir.<\/li>    <li>K\u0131sa s\u00fcrede \u00e7ay tad\u0131n\u0131 \u00e7\u0131karacakt\u0131r.<\/li>    <li>Y\u00fcksek kaliteli \u00e7ay po\u015fetlerinin g\u00f6r\u00fcnt\u00fcs\u00fcn\u00fc olu\u015fturmak i\u00e7in herhangi bir iz b\u0131rakmadan m\u00fch\u00fcrlemek i\u00e7in ultrasonik dalgay\u0131 kullan\u0131r.<\/li>    <li>\u015eeffaft\u0131r, t\u00fcketici i\u00e7indeki ambalaj malzemelerini net bir \u015fekilde g\u00f6rebilir.<\/li> <\/ul>    <figure class=\"wp-block-image size-full\"><img decoding=\"async\" src=\"https:\/\/taizypackaging.com\/wp-content\/uploads\/2021\/03\/pyramid-tea-bag-machine.jpg\" alt=\"piramit \u00e7ay po\u015feti makinesi\" class=\"wp-image-3422\"\/><figcaption class=\"wp-element-caption\">piramit \u00e7ay po\u015feti makinesi<\/figcaption><\/figure>    <h2 class=\"wp-block-heading\" id=\"h-our-service\">Hangi Hizmetleri Sunuyoruz? <\/h2>    <p>\u00c7in'in \u00f6nde gelen paketleme makinesi \u00fcreticilerinden biriyiz. Makinelerimizin y\u00fcksek kalitesi ve uygun fiyat\u0131n\u0131n yan\u0131 s\u0131ra bu hizmetleri de vermekteyiz. <\/p>    <ol class=\"wp-block-list\"> <li><strong>Kalite Kontrol:<\/strong>  S\u0131k\u0131 bir kalite kontrol sistemimiz var. Sevkiyattan \u00f6nce sizin i\u00e7in foto\u011fraf ve video \u00e7ekece\u011fiz.<\/li>    <li><strong>Sat\u0131\u015f sonras\u0131 servis:<\/strong> 24 saat \u00e7evrimi\u00e7i, \u00f6m\u00fcr boyu bak\u0131m. \u0130ngilizce K\u0131lavuzu ve video \u00f6\u011fretimi.<\/li>    <li><strong>\u00dcretim s\u00fcresi:<\/strong> 10-20 g\u00fcn.<\/li>    <li><strong>Gerilim:<\/strong> \u00dclkeniz i\u00e7in voltaj\u0131 \u00f6zelle\u015ftirin.  <\/li> <\/ol>","protected":false},"excerpt":{"rendered":"<p>Pyramid tea bag packing machine, or nylon triangle tea packing machine, is designed for packing products like green tea, black tea, loose tea, flower tea, Chinese herb tea, etc. It can automatically finish the feeding, weighing, filling, sealing, and cutting process, efficiently and safely. Working Video of Pyramid Tea Bag Packing Machine Applications of Pyramid [&hellip;]<\/p>\n","protected":false},"author":1,"featured_media":2602,"parent":0,"template":"","tags":[307,309,383,385],"product-type":[667],"class_list":["post-1146","product","type-product","status-publish","has-post-thumbnail","hentry","tag-nylon-triangle-tea","tag-nylon-triangle-tea-packaging","tag-pyramid-tea-bag","tag-pyramid-tea-packing","product-type-tea-packing-machine"],"_links":{"self":[{"href":"https:\/\/taizypackaging.com\/tr\/wp-json\/wp\/v2\/product\/1146","targetHints":{"allow":["GET"]}}],"collection":[{"href":"https:\/\/taizypackaging.com\/tr\/wp-json\/wp\/v2\/product"}],"about":[{"href":"https:\/\/taizypackaging.com\/tr\/wp-json\/wp\/v2\/types\/product"}],"author":[{"embeddable":true,"href":"https:\/\/taizypackaging.com\/tr\/wp-json\/wp\/v2\/users\/1"}],"wp:featuredmedia":[{"embeddable":true,"href":"https:\/\/taizypackaging.com\/tr\/wp-json\/wp\/v2\/media\/2602"}],"wp:attachment":[{"href":"https:\/\/taizypackaging.com\/tr\/wp-json\/wp\/v2\/media?parent=1146"}],"wp:term":[{"taxonomy":"post_tag","embeddable":true,"href":"https:\/\/taizypackaging.com\/tr\/wp-json\/wp\/v2\/tags?post=1146"},{"taxonomy":"product-type","embeddable":true,"href":"https:\/\/taizypackaging.com\/tr\/wp-json\/wp\/v2\/product-type?post=1146"}],"curies":[{"name":"wp","href":"https:\/\/api.w.org\/{rel}","templated":true}]}}