{"id":1495,"date":"2021-05-05T01:39:03","date_gmt":"2021-05-05T01:39:03","guid":{"rendered":"https:\/\/taizypackaging.com\/?p=1495"},"modified":"2023-10-24T16:54:02","modified_gmt":"2023-10-24T08:54:02","slug":"liquid-pouch-packing-machine","status":"publish","type":"product","link":"https:\/\/taizypackaging.com\/tr\/liquid-pouch-packing-machine\/","title":{"rendered":"S\u0131v\u0131 Kese Paketleme Makinas\u0131"},"content":{"rendered":"<div class=\"kk-star-ratings kksr-auto kksr-align-left kksr-valign-top\"     data-payload='{&quot;align&quot;:&quot;left&quot;,&quot;id&quot;:&quot;1495&quot;,&quot;slug&quot;:&quot;default&quot;,&quot;valign&quot;:&quot;top&quot;,&quot;ignore&quot;:&quot;&quot;,&quot;reference&quot;:&quot;auto&quot;,&quot;class&quot;:&quot;&quot;,&quot;count&quot;:&quot;9&quot;,&quot;legendonly&quot;:&quot;&quot;,&quot;readonly&quot;:&quot;&quot;,&quot;score&quot;:&quot;4.5&quot;,&quot;starsonly&quot;:&quot;&quot;,&quot;best&quot;:&quot;5&quot;,&quot;gap&quot;:&quot;5&quot;,&quot;greet&quot;:&quot;Rate this product&quot;,&quot;legend&quot;:&quot;4.5\\\/5 - (9 votes)&quot;,&quot;size&quot;:&quot;24&quot;,&quot;title&quot;:&quot;Liquid Pouch Packing Machine&quot;,&quot;width&quot;:&quot;128&quot;,&quot;_legend&quot;:&quot;{score}\\\/{best} - ({count} {votes})&quot;,&quot;font_factor&quot;:&quot;1.25&quot;}'>              <div class=\"kksr-stars\">      <div class=\"kksr-stars-inactive\">             <div class=\"kksr-star\" data-star=\"1\" style=\"padding-right: 5px\">               <div class=\"kksr-icon\" style=\"width: 24px; height: 24px;\"><\/div>         <\/div>             <div class=\"kksr-star\" data-star=\"2\" style=\"padding-right: 5px\">               <div class=\"kksr-icon\" style=\"width: 24px; height: 24px;\"><\/div>         <\/div>             <div class=\"kksr-star\" data-star=\"3\" style=\"padding-right: 5px\">               <div class=\"kksr-icon\" style=\"width: 24px; height: 24px;\"><\/div>         <\/div>             <div class=\"kksr-star\" data-star=\"4\" style=\"padding-right: 5px\">               <div class=\"kksr-icon\" style=\"width: 24px; height: 24px;\"><\/div>         <\/div>             <div class=\"kksr-star\" data-star=\"5\" style=\"padding-right: 5px\">               <div class=\"kksr-icon\" style=\"width: 24px; height: 24px;\"><\/div>         <\/div>     <\/div>      <div class=\"kksr-stars-active\" style=\"width: 128px;\">             <div class=\"kksr-star\" style=\"padding-right: 5px\">               <div class=\"kksr-icon\" style=\"width: 24px; height: 24px;\"><\/div>         <\/div>             <div class=\"kksr-star\" style=\"padding-right: 5px\">               <div class=\"kksr-icon\" style=\"width: 24px; height: 24px;\"><\/div>         <\/div>             <div class=\"kksr-star\" style=\"padding-right: 5px\">               <div class=\"kksr-icon\" style=\"width: 24px; height: 24px;\"><\/div>         <\/div>             <div class=\"kksr-star\" style=\"padding-right: 5px\">               <div class=\"kksr-icon\" style=\"width: 24px; height: 24px;\"><\/div>         <\/div>             <div class=\"kksr-star\" style=\"padding-right: 5px\">               <div class=\"kksr-icon\" style=\"width: 24px; height: 24px;\"><\/div>         <\/div>     <\/div> <\/div>                   <div class=\"kksr-legend\" style=\"font-size: 19.2px;\">             4.5\/5 - (9 oy)    <\/div>     <\/div>  <p class=\"translation-block\"><strong>Liquid pouch packing machine<\/strong> i\u015fte otomatik s\u0131v\u0131 dolum kapatma makinesi t\u00fcr\u00fcd\u00fcr. Su, meyve suyu, ya\u011f, s\u00fct, deterjan, gazoz, kahve, antiseptik vb. \u00e7e\u015fitli s\u0131v\u0131 \u00fcr\u00fcnlerin ambalajlanmas\u0131 i\u00e7in uygundur. <strong>liquid sachet packing machine<\/strong> otomatik olarak film olu\u015fumu, \u00f6l\u00e7\u00fcm, dolum, kapama, kesme, say\u0131m ve bask\u0131 s\u00fcre\u00e7lerini tamamlar. Basit bir yap\u0131 ve ak\u0131ll\u0131 PLC kontrol dokunmatik ekran\u0131yla kullan\u0131m\u0131 \u00e7ok kolayd\u0131r. Ayr\u0131ca, <strong>liquid packaging equipment<\/strong> enerji tasarruflu olacak \u015fekilde tasarlanm\u0131\u015ft\u0131r. Taizy Machinery, kaliteli s\u0131v\u0131 paketleme makineleri ve s\u0131v\u0131 doldurma makineleri konusunda zengin deneyime sahiptir. \u0130lginiz varsa, en iyi fiyat i\u00e7in bizimle ileti\u015fime ge\u00e7in. <\/p>   <figure class=\"wp-block-embed-youtube wp-block-embed is-type-video is-provider-youtube wp-embed-aspect-16-9 wp-has-aspect-ratio\"><div class=\"lyte-wrapper fourthree\" title=\"Su, S\u00fct, Ya\u011f, Meyve Suyu, Dolum Kapama Makinesi i\u00e7in Otomatik S\u0131v\u0131 Kese Paketleme Makinesi\" style=\"width:960px;max-width:100%;margin:5px auto;\"><div class=\"lyMe hidef\" id=\"WYL_LPHOoR0sagI\" itemprop=\"video\" itemscope itemtype=\"https:\/\/schema.org\/VideoObject\"><div><meta itemprop=\"thumbnailUrl\" content=\"https:\/\/taizypackaging.com\/wp-content\/plugins\/wp-youtube-lyte\/lyteCache.php?origThumbUrl=https%3A%2F%2Fi.ytimg.com%2Fvi%2FLPHOoR0sagI%2Fmaxresdefault.jpg\" \/><meta itemprop=\"embedURL\" content=\"https:\/\/www.youtube.com\/embed\/LPHOoR0sagI\" \/><meta itemprop=\"duration\" content=\"PT2M7S\" \/><meta itemprop=\"uploadDate\" content=\"2022-01-18T04:01:43Z\" \/><\/div><div id=\"lyte_LPHOoR0sagI\" data-src=\"https:\/\/taizypackaging.com\/wp-content\/plugins\/wp-youtube-lyte\/lyteCache.php?origThumbUrl=https%3A%2F%2Fi.ytimg.com%2Fvi%2FLPHOoR0sagI%2Fmaxresdefault.jpg\" class=\"pL\"><div class=\"tC\"><div class=\"tT\" itemprop=\"name\">Su, S\u00fct, Ya\u011f, Meyve Suyu, Dolum Kapama Makinesi i\u00e7in Otomatik S\u0131v\u0131 Kese Paketleme Makinesi<\/div><\/div><div class=\"play\"><\/div><div class=\"ctrl\"><div class=\"Lctrl\"><\/div><div class=\"Rctrl\"><\/div><\/div><\/div><noscript><a href=\"https:\/\/youtu.be\/LPHOoR0sagI\" rel=\"nofollow noopener\" target=\"_blank\"><img loading=\"lazy\" decoding=\"async\" src=\"https:\/\/taizypackaging.com\/wp-content\/plugins\/wp-youtube-lyte\/lyteCache.php?origThumbUrl=https%3A%2F%2Fi.ytimg.com%2Fvi%2FLPHOoR0sagI%2F0.jpg\" alt=\"Su, S\u00fct, Ya\u011f, Meyve Suyu, Dolum Kapama Makinesi i\u00e7in Otomatik S\u0131v\u0131 Kese Paketleme Makinesi\" width=\"960\" height=\"700\" \/><br \/>Bu videoyu YouTube'da izleyin<\/a><\/noscript><meta itemprop=\"description\" content=\"Email: info@taizypackaging.com Tel\/ WhatsApp: +86 18837171591 Website: https:\/\/taizypackaging.com\/liquid-packaging-machine-liquid-pouch-packing-machine\/ Automatic liquid pouch packing machine is designed and manufactured for pure water, mineral water, oil, juice, etc. It is a type of small vertical form filling sealing machine. With small size and affordable price, liquid pouch packing machine is absolutely suitable for your small business. The liquid packaging machine is suitable for packing milk, soy milk, soy sauce, vinegar, butter, and various liquids. The machine can automatically complete film-forming, measuring, filling, sealing, cutting, counting, and printing the production date. Stainless steel is used for the contact part of the machine and the material. The packaging form is back seal. The metering method adopts valve plug pump filling. The packaging film is sterilized. The finished bag is beautifully packed, safe, and hygienic. The packaging material adopts heat-sealable plastic film such as polyethylene or PE. Are you looking for a quality liquid sachet packing machine to benefit your factory? This automatic liquid pouch packing machine may be ideal for your project. Welcome to leave your comment to discuss with us or contact us for more details. Email: info@taizypackaging.com Tel\/ WhatsApp: +86 18837171591\"><\/div><\/div><div class=\"lL\" style=\"max-width:100%;width:960px;margin:5px auto;\"><\/div><figcaption><\/figcaption><\/figure>   <h2 class=\"wp-block-heading\" id=\"applications-of-liquid-pouch-packing-machine\">S\u0131v\u0131 kese paketleme makinesinin uygulamalar\u0131<\/h2>    <p class=\"translation-block\">Liquid pouch packing machine, temiz su, mineralli su, ya\u011f, meyve suyu, s\u00fct, bal, ket\u00e7ap vb. s\u0131v\u0131 end\u00fcstrisinde geni\u015f \u00e7apta kullan\u0131l\u0131r. Y\u00fcksek verimlilik ve iyi performans ile verimlili\u011finizi \u00f6nemli \u00f6l\u00e7\u00fcde art\u0131rabilir. Ayr\u0131ca, <a href=\"https:\/\/taizypackaging.com\/tr\/bottle-filling-machine\/\">bottle liquid filling line<\/a> ihtiyac\u0131n\u0131z varsa bizim taraf\u0131m\u0131zdan temin edilebilir. Daha faydal\u0131 bilgiler i\u00e7in bize ula\u015f\u0131n. <\/p>    <figure class=\"wp-block-image size-full\"><img loading=\"lazy\" decoding=\"async\" width=\"600\" height=\"450\" src=\"https:\/\/taizypackaging.com\/wp-content\/uploads\/2021\/05\/liquid-packing-machine-applications.jpg\" alt=\"s\u0131v\u0131 paketleme makinesi uygulamalar\u0131\" class=\"wp-image-3472\" srcset=\"https:\/\/taizypackaging.com\/wp-content\/uploads\/2021\/05\/liquid-packing-machine-applications.jpg 600w, https:\/\/taizypackaging.com\/wp-content\/uploads\/2021\/05\/liquid-packing-machine-applications-300x225.jpg 300w\" sizes=\"auto, (max-width: 600px) 100vw, 600px\" \/><figcaption class=\"wp-element-caption\">s\u0131v\u0131 paketleme makinesi uygulamalar\u0131<\/figcaption><\/figure>    <h2 class=\"wp-block-heading\" id=\"h-main-structures-of-liquid-packing-machine\">Otomatik s\u0131v\u0131 po\u015fet paketleme makinesinin yap\u0131 \u00f6zellikleri<\/h2>    <p>Otomatik s\u0131v\u0131 po\u015fet paketleme makinesi esas olarak torba olu\u015fturucu, dikey kapatma cihaz\u0131, film \u00e7ekme, alt paleti bo\u015faltma, kontrol paneli, paslanmaz \u00e7elik g\u00f6vde, s\u0131v\u0131 pompas\u0131ndan olu\u015fur. Makinenin ve malzemenin temas k\u0131sm\u0131nda paslanmaz \u00e7elik kullan\u0131lm\u0131\u015ft\u0131r. Ambalaj \u015fekli arka m\u00fch\u00fcrd\u00fcr. \u00d6l\u00e7\u00fcm y\u00f6ntemi, valf tapas\u0131 pompa dolumunu benimser. Ambalaj filmi sterilize edilmi\u015ftir. Bitmi\u015f \u00e7anta g\u00fczelce paketlenmi\u015f, g\u00fcvenli ve hijyeniktir. Ambalaj malzemesi polietilen veya PE gibi \u0131s\u0131yla kapat\u0131labilen plastik filmi kullan\u0131r.<\/p>    <figure class=\"wp-block-image size-full\"><img loading=\"lazy\" decoding=\"async\" width=\"600\" height=\"450\" src=\"https:\/\/taizypackaging.com\/wp-content\/uploads\/2021\/05\/liquid-pouch-packing-machine-structure.jpg\" alt=\"s\u0131v\u0131 kese paketleme makinesi yap\u0131s\u0131\" class=\"wp-image-3471\" srcset=\"https:\/\/taizypackaging.com\/wp-content\/uploads\/2021\/05\/liquid-pouch-packing-machine-structure.jpg 600w, https:\/\/taizypackaging.com\/wp-content\/uploads\/2021\/05\/liquid-pouch-packing-machine-structure-300x225.jpg 300w\" sizes=\"auto, (max-width: 600px) 100vw, 600px\" \/><figcaption class=\"wp-element-caption\">s\u0131v\u0131 kese paketleme makinesi yap\u0131s\u0131<\/figcaption><\/figure>    <p>Film olu\u015fturucu, d\u00fcz plastik filmi \u00fcr\u00fcn ambalaj\u0131na katlayabilir.\u00a0Dikey m\u00fch\u00fcr, ambalaj filmini arka m\u00fch\u00fcr stiline d\u00f6n\u00fc\u015ft\u00fcr\u00fcr. Daha sonra, film \u00e7ekme i\u015flemi plastik filmi sabit bir \u015fekilde iletebilir. Paketlenmi\u015f s\u0131v\u0131 torbas\u0131, \u00fcr\u00fcn\u00fcn yer \u00e7ekimini azaltabilen ve hasar\u0131 \u00f6nleyebilen bo\u015faltma alt paletinden \u00e7\u0131kar. Kontrol paneli kapatma s\u0131cakl\u0131\u011f\u0131n\u0131, \u0131s\u0131tmay\u0131, sterilizasyonu ve say\u0131m\u0131 kontrol edebilir. Anahtar\u0131 ihtiya\u00e7lar\u0131n\u0131za g\u00f6re ayarlayabilirsiniz. S\u0131v\u0131 malzemeler niceliksel olarak ta\u015f\u0131nabilir.\u00a0Ta\u015f\u0131nan s\u0131v\u0131n\u0131n a\u011f\u0131rl\u0131\u011f\u0131 do\u011frudur.\u00a0Pompan\u0131n geri ak\u0131\u015f etkisi vard\u0131r. Makine \u00e7al\u0131\u015f\u0131rken valf a\u00e7\u0131kt\u0131r ve fazla s\u0131v\u0131 geri akacakt\u0131r. <\/p>    <figure class=\"wp-block-gallery has-nested-images columns-default is-cropped wp-block-gallery-2 is-layout-flex wp-block-gallery-is-layout-flex\"> <figure class=\"wp-block-image size-large\"><img decoding=\"async\" data-id=\"2188\" src=\"https:\/\/taizypackaging.com\/wp-content\/uploads\/2021\/05\/sachet-water.jpg\" alt=\"po\u015fet su\" class=\"wp-image-2188\"\/><figcaption class=\"wp-element-caption\">po\u015fet su<\/figcaption><\/figure>    <figure class=\"wp-block-image size-large\"><img decoding=\"async\" data-id=\"2187\" src=\"https:\/\/taizypackaging.com\/wp-content\/uploads\/2021\/05\/bagged-milk-1.jpg\" alt=\"torbalanm\u0131\u015f s\u00fct\" class=\"wp-image-2187\"\/><figcaption class=\"wp-element-caption\">torbalanm\u0131\u015f s\u00fct<\/figcaption><\/figure> <\/figure>    <h2 class=\"wp-block-heading\" id=\"h-parameter-of-liquid-pouch-packing-machine\">S\u0131v\u0131 kese paketleme makinesi parametreleri<\/h2>    <figure class=\"wp-block-table\"><table><tbody><tr><td>Modeli <strong><\/strong><\/td><td>AS-1000<strong><\/strong><\/td><\/tr><tr><td>\u00c7anta uzunlu\u011fu<strong><\/strong><\/td><td>50-150mm<strong><\/strong><\/td><\/tr><tr><td>\u00c7anta geni\u015fli\u011fi<strong><\/strong><\/td><td>40-150mm<strong><\/strong><\/td><\/tr><tr><td>Ambalaj filmi geni\u015fli\u011fi<strong><\/strong><\/td><td>100-320mm<strong><\/strong><\/td><\/tr><tr><td>Paketleme kapasitesi<strong><\/strong><\/td><td>50-500mm<strong><\/strong><\/td><\/tr><tr><td>Paketleme h\u0131z\u0131<strong><\/strong><\/td><td>2000-2200mm<strong><\/strong><\/td><\/tr><tr><td>g\u00fc\u00e7<strong><\/strong><\/td><td>1.6kw<strong><\/strong><\/td><\/tr><tr><td>Boyutlar<strong><\/strong><\/td><td>880*760*1800mm<strong><\/strong><\/td><\/tr><tr><td>Genel Kalite<strong><\/strong><\/td><td>275kg<strong><\/strong><\/td><\/tr><\/tbody><\/table><\/figure>    <h2 class=\"wp-block-heading\" id=\"h-features-of-liquid-packer\"><strong> <\/strong>Otomatik s\u0131v\u0131 kese paketleme makinesi \u00e7al\u0131\u015fma s\u00fcreci<\/h2>    <p>S\u0131v\u0131 po\u015fet paketleme makinesinin t\u00fcm \u00e7al\u0131\u015fma s\u00fcreci: film da\u011f\u0131t\u0131m\u0131-ultraviyole sterilizasyon-torba yap\u0131m\u0131-doldurma ve doldurma-torba kesme-bitmi\u015f \u00fcr\u00fcn.<\/p>    <figure class=\"wp-block-image size-large is-resized\"><img decoding=\"async\" src=\"https:\/\/taizypackaging.com\/wp-content\/uploads\/2021\/05\/working-process-of-liquid-packing-machine-2.jpg\" alt=\"s\u0131v\u0131 paketleme makinesinin \u00e7al\u0131\u015fma s\u00fcreci\" class=\"wp-image-1589\" style=\"width:720px;height:400px\"\/><figcaption class=\"wp-element-caption\">s\u0131v\u0131 paketleme makinesinin \u00e7al\u0131\u015fma s\u00fcreci<\/figcaption><\/figure>    <h2 class=\"wp-block-heading\" id=\"features-of-automatic-liquid-packaging-machine\">Otomatik s\u0131v\u0131 paketleme makinesinin \u00f6zellikleri<\/h2>    <ol class=\"wp-block-list\"> <li>S\u0131v\u0131 paketleme makinesi, torba olu\u015fturma, \u00f6l\u00e7me, doldurma, m\u00fch\u00fcrleme, kesme, sayma ve tarih yazd\u0131rma i\u015flemlerini otomatik olarak tamamlayabilir. Ayn\u0131 zamanda m\u00fc\u015fteri ihtiya\u00e7lar\u0131na g\u00f6re \u00f6zelle\u015ftirilebilir.<\/li>    <li>Bu makine iyi bir performansa ve kolay kullan\u0131ma sahiptir.<\/li>    <li> S\u0131v\u0131 kese paketleme makinesi ile s\u0131v\u0131 aras\u0131ndaki t\u00fcm temas par\u00e7alar\u0131 304 paslanmaz \u00e7elik kullan\u0131r. \u00dcstelik bu makine, g\u0131da ve ila\u00e7 sanitasyon lisans\u0131 standartlar\u0131n\u0131 da kar\u015f\u0131l\u0131yor. UV sterilizasyonu ile donat\u0131labilir.<\/li>    <li>\u00d6l\u00e7\u00fcm y\u00f6ntemi, doldurma ve \u00f6l\u00e7\u00fcm i\u00e7in pistonlu pozitif deplasmanl\u0131 pompay\u0131 kullan\u0131r. Ayarlama ve \u00f6l\u00e7\u00fcm basittir.<\/li>    <li>Geli\u015fmi\u015f tasar\u0131m, makinenin farkl\u0131 end\u00fcstrilere uygun olmas\u0131n\u0131 sa\u011flar. Kullan\u0131ld\u0131\u011f\u0131nda ayarlanmas\u0131, \u00e7al\u0131\u015ft\u0131r\u0131lmas\u0131 ve bak\u0131m\u0131 \u00e7ok uygundur. Yurt i\u00e7i ve yurt d\u0131\u015f\u0131nda \u00e7e\u015fitli otomatik \u00f6l\u00e7\u00fcm ekipmanlar\u0131yla kullan\u0131labilir.<\/li> <\/ol>    <h2 class=\"wp-block-heading\" id=\"how-much-does-a-liquid-filling-packing-machine-cost\">S\u0131v\u0131 dolum paketleme makinesinin maliyeti ne kadard\u0131r? <\/h2>    <p>Piyasada pek \u00e7ok \u00e7e\u015fit s\u0131v\u0131 po\u015fet paketleme makinesi bulunmaktad\u0131r. Farkl\u0131 paketleme makinesi \u00fcreticilerinin ayn\u0131 s\u0131v\u0131 paketleme makinesinin fiyat\u0131 200usd ile 600usd aras\u0131nda farkl\u0131l\u0131k g\u00f6sterebilir. Bu nedenle m\u00fc\u015fteriler i\u00e7in do\u011fru makineyi se\u00e7mek zordur. Sadece maliyete bakarak makine al\u0131rsan\u0131z ald\u0131\u011f\u0131n\u0131z makine g\u00fcvenilir olmayabilir. Kalite ve hizmet ciddi \u015fekilde dikkate al\u0131nmal\u0131d\u0131r. S\u0131v\u0131 kese paketleme makinesi fiyat\u0131 ise de\u011ferine g\u00f6re belirlenir. K\u0131sacas\u0131 kalite ve hizmet \u00f6nceliklidir. \u00c7\u00fcnk\u00fc paketleme makinesini ne kadar uzun s\u00fcre kullan\u0131rsan\u0131z maliyeti de o kadar d\u00fc\u015f\u00fck olur. <\/p>    <figure class=\"wp-block-image size-full\"><img decoding=\"async\" src=\"https:\/\/taizypackaging.com\/wp-content\/uploads\/2021\/05\/liquid-packing-machine-factory.jpg\" alt=\"s\u0131v\u0131 paketleme makinesi fabrikas\u0131\" class=\"wp-image-3473\"\/><figcaption class=\"wp-element-caption\">s\u0131v\u0131 paketleme makinesi fabrikas\u0131<\/figcaption><\/figure>    <h2 class=\"wp-block-heading\" id=\"h-advantages-of-automatic-liquid-packing-machine\">Otomatik s\u0131v\u0131 po\u015fet paketleme makinesinin avantajlar\u0131<\/h2>    <ol class=\"wp-block-list\"> <li>Geni\u015f ambalaj yelpazesi: \u00e7e\u015fitli durum ve \u00f6zelliklerdeki s\u0131v\u0131lar i\u00e7in uygundur;<\/li>    <li>Rahat kullan\u0131m: PLC kontrol\u00fc ve insan-makine aray\u00fcz\u00fc i\u015fletim sistemi, i\u015flemi sezgisel ve kullan\u0131\u015fl\u0131 hale getirir;<\/li>    <li>Farkl\u0131 tipte ambalaj po\u015fetleri i\u00e7in uygundur;<\/li>    <li>Verim oran\u0131n\u0131 sa\u011flamak ve torbalar\u0131 ve malzemeleri israf etmemek i\u00e7in m\u00fckemmel enerji durdurma sistemi;<\/li>    <li>Makinenin paketleme k\u0131sm\u0131, malzemelerin sanitasyonunu sa\u011flamak ve GMP standartlar\u0131na uymak i\u00e7in paslanmaz \u00e7elik malzemeleri benimser;<\/li>    <li>Y\u00fcksek derecede otomasyon: tart\u0131m ve paketleme s\u00fcrecinin tamam\u0131nda insans\u0131z, bir ar\u0131za meydana geldi\u011finde otomatik alarm;<\/li>    <li>S\u0131v\u0131 paketleme makinesi su ge\u00e7irmez bir tasar\u0131m\u0131 benimser. Suyla y\u0131kayabilirsiniz. bak\u0131m zorlu\u011funu azaltacak ve makinenin servis \u00f6mr\u00fcn\u00fc art\u0131racakt\u0131r.<\/li> <\/ol>    <figure class=\"wp-block-image size-large\"><img decoding=\"async\" src=\"https:\/\/taizypackaging.com\/wp-content\/uploads\/2021\/05\/liquid-packing-machine-details.jpg\" alt=\"s\u0131v\u0131 paketleme makinesi detaylar\u0131\" class=\"wp-image-1586\"\/><figcaption class=\"wp-element-caption\">s\u0131v\u0131 paketleme makinesi detaylar\u0131<\/figcaption><\/figure>    <h2 class=\"wp-block-heading\" id=\"h-working-principle-of-liquid-packaging-euipment\">Otomatik s\u0131v\u0131 paketleme makinesinin \u00e7al\u0131\u015fma prensibi <\/h2>    <p>S\u0131v\u0131 malzeme besleme kutusundan paketleme makinesinin \u00fcst k\u0131sm\u0131ndan ge\u00e7er. S\u0131v\u0131 malzeme \u00f6l\u00e7\u00fcld\u00fckten sonra besleme haznesine akacakt\u0131r.\u00a0Rulo \u00fczerindeki ambalaj malzemesi (polipropilen film gibi), \u00fc\u00e7 \u00e7eki\u015f silindiri taraf\u0131ndan besleme silindirinin d\u0131\u015f duvar\u0131na y\u00f6nlendirilir. Daha sonra, yaka torbas\u0131 olu\u015fturucusu ve uzunlamas\u0131na kapat\u0131c\u0131 \u00fczerinde bir \u00e7ift s\u00fcrekli ters d\u00f6n\u00fc\u015f ile yava\u015f yava\u015f biti\u015fik silindire sar\u0131l\u0131r. D\u00f6nen uzunlamas\u0131na yap\u0131\u015ft\u0131rma rulosu, uzunlamas\u0131na y\u00f6nde s\u0131k\u0131ca \u0131s\u0131yla yap\u0131\u015ft\u0131rmak i\u00e7in al\u0131n ekleminde \u0131s\u0131t\u0131l\u0131r ve bas\u0131n\u00e7 uygulan\u0131r.<\/p>    <p>Boyuna s\u0131zd\u0131rmazl\u0131k silindiri, \u0131s\u0131 yal\u0131t\u0131m\u0131n\u0131n rol\u00fcn\u00fc oynayabilir. Ayr\u0131ca filmi ayn\u0131 anda \u00e7ekip besleyebilir.\u00a0Paketlenecek malzeme, besleme olu\u011fu ve bu olu\u011fun i\u00e7 duvar\u0131ndan olu\u015fan dolum silindiri arac\u0131l\u0131\u011f\u0131yla plastik torban\u0131n i\u00e7ine beslenir. Enine \u0131s\u0131 yal\u0131t\u0131m\u0131 enine bir yal\u0131t\u0131m olu\u015fturabilir. Kesme cihaz\u0131ndaki d\u00f6ner kesici sabit kesiciye temas etti\u011finde enine conta merkez \u00e7izgisi boyunca kesilir. Ambalaj po\u015fetinin \u00fcst contas\u0131n\u0131 ve bir sonraki po\u015fetin alt contas\u0131n\u0131 tamamlamay\u0131 ama\u00e7lamaktad\u0131r. Alttan s\u0131zd\u0131rmaz paketleme torbas\u0131 do\u011frudan torbaya beslenebilir ve daha sonra \u00fcst s\u0131zd\u0131rmazl\u0131\u011f\u0131 tamamlamak i\u00e7in bir istasyona ta\u015f\u0131nabilir. Daha sonra paketleme i\u015flemini tamamlamak i\u00e7in kesme cihaz\u0131n\u0131 kesin. Son olarak ta\u015f\u0131ma cihaz\u0131 \u00fcr\u00fcn\u00fc ta\u015f\u0131r.\u00a0Paketleme s\u00fcrecinin tamam\u0131 tamamen otomatik ve s\u00fcreklidir.<\/p>    <h2 class=\"wp-block-heading\" id=\"h-f-q\">S\u0131v\u0131 paketleme makinesi hakk\u0131nda S\u0131k\u00e7a Sorulan Sorular<\/h2>    <ol class=\"wp-block-list\"> <li>Bu makine gazl\u0131 i\u00e7ecekleri paketleyebilir mi?<br>S\u0131v\u0131 torba paketleme makinesi gazl\u0131 i\u00e7ecekleri paketleyemez. Gazl\u0131 i\u00e7ecekleri paketlemek istiyorsan\u0131z, bir tane sat\u0131n alabilirsiniz. <a href=\"https:\/\/taizypackaging.com\/tr\/automatic-liquid-filling-machine\/\" target=\"_blank\" rel=\"noreferrer noopener\">s\u0131v\u0131 dolum makinas\u0131<\/a>.<\/li>    <li>S\u0131v\u0131 paketleme makinesi tarih basabilir mi?<br>Evet. Bu makine, \u00fcretim tarihi kodlamas\u0131n\u0131 ger\u00e7ekle\u015ftirmek i\u00e7in bir kodlama cihaz\u0131 ile donat\u0131lm\u0131\u015ft\u0131r. Kodlama format\u0131 \u00e7elik damga kodlamas\u0131d\u0131r.<\/li>    <li>S\u0131v\u0131 torba paketleme makinesi ne kadar?<br>Makinenin farkl\u0131 modelleri bulunmaktad\u0131r. Ayr\u0131ca makine ihtiya\u00e7lar\u0131n\u0131za g\u00f6re \u00f6zelle\u015ftirilebilir. Yani fiyat farkl\u0131. Daha detayl\u0131 bilgi i\u00e7in bizimle ileti\u015fime ge\u00e7ebilirsiniz.<\/li>    <li>Bu makinenin UV sterilizasyon fonksiyonu var m\u0131?<br>Evet, ultraviyole \u0131\u015f\u0131nlar ambalaj filmini sterilize eder.<\/li>    <li>S\u0131v\u0131 paketleme makinesi tam olarak nas\u0131l y\u00fckleniyor? Hava kompres\u00f6r\u00fcne mi ihtiyac\u0131n\u0131z var?<br>Pompa y\u00fckleme malzemesini \u00e7eker ve boru hatt\u0131ndan i\u00e7eri akar. Hava kompres\u00f6r\u00fcne gerek yoktur.<\/li>    <li>Ambalaj a\u011f\u0131rl\u0131\u011f\u0131 ve torba uzunlu\u011fu ayarlanabilir mi?<br>Kutunun arkas\u0131nda ayar blo\u011fu bulunmaktad\u0131r. Ve ambalaj a\u011f\u0131rl\u0131\u011f\u0131n\u0131 ve ambalaj uzunlu\u011funu ayarlayabilir.<\/li> <\/ol>","protected":false},"excerpt":{"rendered":"<p>Liquid pouch packing machine here is a type of automatic liquid filling sealing machine. It is suitable for packaging various liquid products, such as water, juice, oil, milk, detergent, soda, coffee, antiseptic, etc. The liquid sachet packing machine can automatically complete the process of film-forming, measuring, filling, sealing, cutting, counting, and printing. With a simple [&hellip;]<\/p>\n","protected":false},"author":1,"featured_media":4050,"parent":0,"template":"","tags":[592,258,591],"product-type":[661],"class_list":["post-1495","product","type-product","status-publish","has-post-thumbnail","hentry","tag-automatic-liquid-packing-machine","tag-liquid-packing-machine","tag-liquid-pouch-packing-machine","product-type-liquid-packing-machines"],"_links":{"self":[{"href":"https:\/\/taizypackaging.com\/tr\/wp-json\/wp\/v2\/product\/1495","targetHints":{"allow":["GET"]}}],"collection":[{"href":"https:\/\/taizypackaging.com\/tr\/wp-json\/wp\/v2\/product"}],"about":[{"href":"https:\/\/taizypackaging.com\/tr\/wp-json\/wp\/v2\/types\/product"}],"author":[{"embeddable":true,"href":"https:\/\/taizypackaging.com\/tr\/wp-json\/wp\/v2\/users\/1"}],"wp:featuredmedia":[{"embeddable":true,"href":"https:\/\/taizypackaging.com\/tr\/wp-json\/wp\/v2\/media\/4050"}],"wp:attachment":[{"href":"https:\/\/taizypackaging.com\/tr\/wp-json\/wp\/v2\/media?parent=1495"}],"wp:term":[{"taxonomy":"post_tag","embeddable":true,"href":"https:\/\/taizypackaging.com\/tr\/wp-json\/wp\/v2\/tags?post=1495"},{"taxonomy":"product-type","embeddable":true,"href":"https:\/\/taizypackaging.com\/tr\/wp-json\/wp\/v2\/product-type?post=1495"}],"curies":[{"name":"wp","href":"https:\/\/api.w.org\/{rel}","templated":true}]}}