{"id":1651,"date":"2021-05-13T07:20:10","date_gmt":"2021-05-13T07:20:10","guid":{"rendered":"https:\/\/taizypackaging.com\/?p=1651"},"modified":"2024-07-16T16:40:42","modified_gmt":"2024-07-16T08:40:42","slug":"bread-packing-machine-4","status":"publish","type":"product","link":"https:\/\/taizypackaging.com\/tr\/bread-packing-machine\/","title":{"rendered":"Ekmek Paketleme Makinas\u0131"},"content":{"rendered":"<div class=\"kk-star-ratings kksr-auto kksr-align-left kksr-valign-top\"     data-payload='{&quot;align&quot;:&quot;left&quot;,&quot;id&quot;:&quot;1651&quot;,&quot;slug&quot;:&quot;default&quot;,&quot;valign&quot;:&quot;top&quot;,&quot;ignore&quot;:&quot;&quot;,&quot;reference&quot;:&quot;auto&quot;,&quot;class&quot;:&quot;&quot;,&quot;count&quot;:&quot;29&quot;,&quot;legendonly&quot;:&quot;&quot;,&quot;readonly&quot;:&quot;&quot;,&quot;score&quot;:&quot;4.7&quot;,&quot;starsonly&quot;:&quot;&quot;,&quot;best&quot;:&quot;5&quot;,&quot;gap&quot;:&quot;5&quot;,&quot;greet&quot;:&quot;Rate this product&quot;,&quot;legend&quot;:&quot;4.7\\\/5 - (29 votes)&quot;,&quot;size&quot;:&quot;24&quot;,&quot;title&quot;:&quot;Bread Packing Machine&quot;,&quot;width&quot;:&quot;133.8&quot;,&quot;_legend&quot;:&quot;{score}\\\/{best} - ({count} {votes})&quot;,&quot;font_factor&quot;:&quot;1.25&quot;}'>              <div class=\"kksr-stars\">      <div class=\"kksr-stars-inactive\">             <div class=\"kksr-star\" data-star=\"1\" style=\"padding-right: 5px\">               <div class=\"kksr-icon\" style=\"width: 24px; height: 24px;\"><\/div>         <\/div>             <div class=\"kksr-star\" data-star=\"2\" style=\"padding-right: 5px\">               <div class=\"kksr-icon\" style=\"width: 24px; height: 24px;\"><\/div>         <\/div>             <div class=\"kksr-star\" data-star=\"3\" style=\"padding-right: 5px\">               <div class=\"kksr-icon\" style=\"width: 24px; height: 24px;\"><\/div>         <\/div>             <div class=\"kksr-star\" data-star=\"4\" style=\"padding-right: 5px\">               <div class=\"kksr-icon\" style=\"width: 24px; height: 24px;\"><\/div>         <\/div>             <div class=\"kksr-star\" data-star=\"5\" style=\"padding-right: 5px\">               <div class=\"kksr-icon\" style=\"width: 24px; height: 24px;\"><\/div>         <\/div>     <\/div>      <div class=\"kksr-stars-active\" style=\"width: 133.8px;\">             <div class=\"kksr-star\" style=\"padding-right: 5px\">               <div class=\"kksr-icon\" style=\"width: 24px; height: 24px;\"><\/div>         <\/div>             <div class=\"kksr-star\" style=\"padding-right: 5px\">               <div class=\"kksr-icon\" style=\"width: 24px; height: 24px;\"><\/div>         <\/div>             <div class=\"kksr-star\" style=\"padding-right: 5px\">               <div class=\"kksr-icon\" style=\"width: 24px; height: 24px;\"><\/div>         <\/div>             <div class=\"kksr-star\" style=\"padding-right: 5px\">               <div class=\"kksr-icon\" style=\"width: 24px; height: 24px;\"><\/div>         <\/div>             <div class=\"kksr-star\" style=\"padding-right: 5px\">               <div class=\"kksr-icon\" style=\"width: 24px; height: 24px;\"><\/div>         <\/div>     <\/div> <\/div>                   <div class=\"kksr-legend\" style=\"font-size: 19.2px;\">             4.7\/5 - (29 oy)    <\/div>     <\/div>  <p class=\"translation-block\"><strong>Ekmek paketleme makinesi<\/strong>, yatay ak\u0131\u015f sarma makinelerinden biridir, bu y\u00fczden <strong>ekmek sarma makinesi<\/strong> olarak da adland\u0131r\u0131l\u0131r. Besleme, torba yapma, m\u00fch\u00fcrleme ve kesme s\u00fcre\u00e7lerini otomatik olarak tamamlayabilir. Otomatik ekmek paketleme makinemiz verimlili\u011finizi b\u00fcy\u00fck \u00f6l\u00e7\u00fcde art\u0131rabilir ve projenize fayda sa\u011flayabilir. <\/p>    <p class=\"translation-block\">\u00c7e\u015fitli g\u0131da ve g\u0131da d\u0131\u015f\u0131 \u00fcr\u00fcnlerin paketlenmesi i\u00e7in uygundur; ekmek, f\u0131r\u0131n \u00fcr\u00fcnleri, bisk\u00fcvi, sebze, meyve, y\u00fcz maskeleri, \u00e7ikolata ve bir\u00e7ok di\u011fer \u00fcr\u00fcn. Taizy Packaging Machinery LTD, zengin deneyime sahip profesyonel bir <strong>ekmek paketleme makinesi<\/strong> \u00fcreticisidir. En iyi fiyat i\u00e7in bizimle ileti\u015fime ge\u00e7mekten memnuniyet duyar\u0131z. <\/p>   <figure class=\"wp-block-embed-youtube wp-block-embed is-type-video is-provider-youtube wp-embed-aspect-16-9 wp-has-aspect-ratio\"><div class=\"lyte-wrapper fourthree\" title=\"ekmek paketleme makinesi\/pasta paketleme makinesi\/ekmek paketleme makinesi\/otomatik ekmek paketleme makinesi\" style=\"width:960px;max-width:100%;margin:5px auto;\"><div class=\"lyMe hidef\" id=\"WYL_KB7bKQwdDSI\" itemprop=\"video\" itemscope itemtype=\"https:\/\/schema.org\/VideoObject\"><div><meta itemprop=\"thumbnailUrl\" content=\"https:\/\/taizypackaging.com\/wp-content\/plugins\/wp-youtube-lyte\/lyteCache.php?origThumbUrl=https%3A%2F%2Fi.ytimg.com%2Fvi%2FKB7bKQwdDSI%2Fhqdefault.jpg\" \/><meta itemprop=\"embedURL\" content=\"https:\/\/www.youtube.com\/embed\/KB7bKQwdDSI\" \/><meta itemprop=\"duration\" content=\"PT1M32S\" \/><meta itemprop=\"uploadDate\" content=\"2020-12-08T07:36:08Z\" \/><\/div><div id=\"lyte_KB7bKQwdDSI\" data-src=\"https:\/\/taizypackaging.com\/wp-content\/plugins\/wp-youtube-lyte\/lyteCache.php?origThumbUrl=https%3A%2F%2Fi.ytimg.com%2Fvi%2FKB7bKQwdDSI%2Fhqdefault.jpg\" class=\"pL\"><div class=\"tC\"><div class=\"tT\" itemprop=\"name\">ekmek paketleme makinesi\/pasta paketleme makinesi\/ekmek paketleme makinesi\/otomatik ekmek paketleme makinesi<\/div><\/div><div class=\"play\"><\/div><div class=\"ctrl\"><div class=\"Lctrl\"><\/div><div class=\"Rctrl\"><\/div><\/div><\/div><noscript><a href=\"https:\/\/youtu.be\/KB7bKQwdDSI\" rel=\"nofollow noopener\" target=\"_blank\"><img loading=\"lazy\" decoding=\"async\" src=\"https:\/\/taizypackaging.com\/wp-content\/plugins\/wp-youtube-lyte\/lyteCache.php?origThumbUrl=https%3A%2F%2Fi.ytimg.com%2Fvi%2FKB7bKQwdDSI%2F0.jpg\" alt=\"ekmek paketleme makinesi\/pasta paketleme makinesi\/ekmek paketleme makinesi\/otomatik ekmek paketleme makinesi\" width=\"960\" height=\"700\" \/><br \/>Bu videoyu YouTube'da izleyin<\/a><\/noscript><meta itemprop=\"description\" content=\"Website: https:\/\/taizypackaging.com\/ WhatsApp for factory price: +8617320158259 This bread packing machine can pack all kinds of bread, long loaf, sliced bread, small bread, pastry, sachima. and many more. According to your own packaging, you can configure date printing, inflation, brush and so on.\"><\/div><\/div><div class=\"lL\" style=\"max-width:100%;width:960px;margin:5px auto;\"><\/div><figcaption>ekmek paketleme makinesi videosu<\/figcaption><\/figure>   <h2 class=\"wp-block-heading\" id=\"what-is-bread-packing-machine\">Ekmek paketleme makinesi nedir? <\/h2>    <p class=\"translation-block\">Taizy ekmek paketleme makinesi, bir t\u00fcr yast\u0131k paketleme makinesidir. Ekmek yumu\u015fakt\u0131r, bu y\u00fczden s\u0131radan paketleme makineleri ekme\u011fi bireysel olarak paketleyemez. Benzersiz ve mant\u0131kl\u0131 yap\u0131s\u0131 sayesinde, Yast\u0131k paketleme makinesi ekme\u011fin tamamen otomatik paketlemesini tamamlayabilir. Ve \u015fekline zarar vermez. Ak\u0131ll\u0131 <a href=\"https:\/\/en.wikipedia.org\/wiki\/Programmable_logic_controller\" target=\"_blank\" rel=\"noopener\">PLC<\/a> kontrol sistemi ve geli\u015fmi\u015f teknoloji ile, yast\u0131k ak\u0131\u015f sarma makinesi \u00e7ok kolay \u00e7al\u0131\u015ft\u0131r\u0131labilir. Bu, i\u015f g\u00fcc\u00fc maliyetlerinizi b\u00fcy\u00fck \u00f6l\u00e7\u00fcde tasarruf ettirebilir. <\/p>    <figure class=\"wp-block-image size-full\"><img loading=\"lazy\" decoding=\"async\" width=\"750\" height=\"500\" src=\"https:\/\/taizypackaging.com\/wp-content\/uploads\/2021\/05\/bread-packing-machine-2.jpg\" alt=\"ekmek paketleme makinesi\" class=\"wp-image-3486\" srcset=\"https:\/\/taizypackaging.com\/wp-content\/uploads\/2021\/05\/bread-packing-machine-2.jpg 750w, https:\/\/taizypackaging.com\/wp-content\/uploads\/2021\/05\/bread-packing-machine-2-300x200.jpg 300w\" sizes=\"auto, (max-width: 750px) 100vw, 750px\" \/><figcaption class=\"wp-element-caption\">ekmek paketleme makinesi<\/figcaption><\/figure>    <h2 class=\"wp-block-heading\" id=\"h-packaging-sample-of-the-horizontal-packing-machine\">Ekmek paketleme makinesinin uygulamalar\u0131<\/h2>    <p>Bu makine ekmek, \u00e7ikolata, bisk\u00fcvi, sebze, meyve vb. g\u0131da ambalajlar\u0131nda yayg\u0131n olarak kullan\u0131lmaktad\u0131r. Ayr\u0131ca metal ba\u011flant\u0131 par\u00e7alar\u0131, g\u00fcnl\u00fck ihtiya\u00e7lar, plastikler ve di\u011fer alanlar gibi di\u011fer \u00fcr\u00fcnler i\u00e7in de uygundur. <\/p>    <figure class=\"wp-block-image size-large\"><img decoding=\"async\" src=\"https:\/\/taizypackaging.com\/wp-content\/uploads\/2021\/05\/packing-sample.jpg\" alt=\"ambalaj \u00f6rne\u011fi\" class=\"wp-image-1664\"\/><figcaption class=\"wp-element-caption\">ambalaj \u00f6rne\u011fi<\/figcaption><\/figure>    <h2 class=\"wp-block-heading\" id=\"h-the-structure-of-the-bread-packaging-machine\">Ekmek paketleme makinesinin yap\u0131lar\u0131<\/h2>    <p>Yatay paketleme makinesi bir \u0130ngiliz kontrol alan\u0131, ba\u011flant\u0131 rulosu film mili, ger\u00e7ek zamanl\u0131 kontrol edilebilir s\u0131cakl\u0131k, kapatma alan\u0131 ve tarih yaz\u0131c\u0131s\u0131ndan olu\u015fur. Her par\u00e7a farkl\u0131 i\u015flevleri kontrol eder. Ekmek paketleme makinesinin k\u0131sa tan\u0131t\u0131m\u0131 a\u015fa\u011f\u0131daki gibidir.<\/p>    <ol class=\"wp-block-list\"> <li><strong>\u0130ngilizce Dili Mevcuttur<\/strong><br>Ekmek paketleme makinemiz geni\u015f bir dokunmatik ekrana sahiptir, giri\u015f y\u00f6ntemi \u00c7ince ve \u0130ngilizce anahtarlama modunu benimser<\/li>    <li><strong> Ba\u011flant\u0131 Rulosu Film Mili<\/strong><br>Ba\u011flant\u0131l\u0131 rulo film \u015faft\u0131, tek rulo film \u015faft\u0131ndan daha iyi \u00e7al\u0131\u015f\u0131r. \u00c7\u00fcnk\u00fc film i\u00e7in bir\u00e7ok \u00e7e\u015fit malzeme var<\/li>    <li><strong>S\u0131cakl\u0131k Ger\u00e7ek Zamanl\u0131 Kontrol Edilebilir<\/strong><br>Yast\u0131k paketleme makinesi paketlemeye ba\u015flad\u0131\u011f\u0131nda, film malzemesinin \u00f6zelliklerine g\u00f6re, iyi bir s\u0131zd\u0131rmazl\u0131k etkisi sa\u011flamak i\u00e7in s\u0131cakl\u0131\u011f\u0131n yakla\u015f\u0131k 125 santigrat dereceye ayarlanmas\u0131n\u0131 \u00f6neririz.<\/li>    <li> <strong>S\u0131zd\u0131rmazl\u0131k Alan\u0131<\/strong><br>Rulo film, \u0131s\u0131yla kapat\u0131lm\u0131\u015f alan arac\u0131l\u0131\u011f\u0131yla \u00f6nceden paketlenir. \u0130ki silindire film s\u0131zd\u0131rmazl\u0131k tekerle\u011fi ad\u0131 verilir.<\/li>    <li><strong>Tarih Yaz\u0131c\u0131s\u0131\u00a0<\/strong><br>Yaz\u0131c\u0131 cihaz\u0131 tarihi, \u00fcretim seri numaras\u0131n\u0131, QR kodunu vb. yazd\u0131rabilir.<\/li> <\/ol>    <figure class=\"wp-block-image size-full\"><img decoding=\"async\" src=\"https:\/\/taizypackaging.com\/wp-content\/uploads\/2021\/05\/bread-packaging-machine-structure.jpg\" alt=\"ekmek paketleme makinesi yap\u0131s\u0131\" class=\"wp-image-3489\"\/><figcaption class=\"wp-element-caption\">ekmek paketleme makinesi yap\u0131s\u0131<\/figcaption><\/figure>    <h2 class=\"wp-block-heading\" id=\"h-the-working-principle-of-the-bread-packaging-machine\">Ekmek sarma makinas\u0131n\u0131n \u00e7al\u0131\u015fma prensibi<\/h2>    <ul class=\"wp-block-list\"> <li>Ekmek paketleme makinesi, g\u0131da ve g\u0131da d\u0131\u015f\u0131 \u00fcr\u00fcnlerin \u00e7e\u015fitli \u00f6zelliklerine uygun, g\u00fc\u00e7l\u00fc paketleme kapasitesine sahip s\u00fcrekli bir paketleme makinesidir.<\/li>    <li>Yast\u0131k paketleme makinesi kesme ve y\u00fcr\u00fcme y\u00f6ntemlerini benimser ve y\u00fcksek hassasiyetli fotoelektrik g\u00f6z takibi bo\u015f torbalar\u0131 kapatmaz veya \u00e7apraz olarak kesmez.<\/li>    <li>Yatay paketleme makinesi, ayn\u0131 anda zamandan ve filmden tasarruf sa\u011flayan \u00e7ift frekansl\u0131 d\u00f6n\u00fc\u015ft\u00fcr\u00fcc\u00fc kontrol\u00fcn\u00fc benimser<\/li>    <li>Operasyonda insan-makine kontrol aray\u00fcz\u00fc ve otomatik te\u015fhis fonksiyonu benimsenmi\u015ftir ve ekipman ar\u0131zas\u0131n\u0131n tespit edilmesi kolayd\u0131r.<\/li> <\/ul>    <h2 class=\"wp-block-heading\" id=\"h-power-equipment-of-the-bread-packing-machine\">Ekmek paketleme makinesinin g\u00fc\u00e7 sistemi<\/h2>    <p>Ekmek paketleme makinesinin kulland\u0131\u011f\u0131 g\u00fc\u00e7 bir motordur. \u00c7o\u011fu paketleme makinesi genellikle de\u011fi\u015fken frekansl\u0131 motorlar kullan\u0131r ve servo motorlar da kullan\u0131labilir. Bir makinenin iki motoru vard\u0131r. B\u00fcy\u00fck motor giri\u015fteki konvey\u00f6r band\u0131n\u0131, \u00e7\u0131k\u0131\u015ftaki konvey\u00f6r\u00fc ve kesiciyi kontrol eder. K\u00fc\u00e7\u00fck bir motor film rulosunu kontrol eder.<\/p>    <p>D\u00fczensiz uzunluktaki \u00fcr\u00fcnlerin ambalajlar\u0131n\u0131n kesilmesinde servo motorlar kullan\u0131labilir. Servo motor, kesme hatalar\u0131n\u0131 \u00f6nlemek i\u00e7in nesnenin kesme uzunlu\u011funu otomatik olarak alg\u0131layabilir. \u00d6rne\u011fin eri\u015fte, sebze, meyve ve di\u011fer \u00fcr\u00fcnleri paketlerken servo motor en iyi se\u00e7imdir \u00e7\u00fcnk\u00fc bu \u00fcr\u00fcnlerin paketleme uzunlu\u011fu sabit de\u011fildir.<\/p>    <figure class=\"wp-block-gallery has-nested-images columns-default is-cropped wp-block-gallery-2 is-layout-flex wp-block-gallery-is-layout-flex\"> <figure class=\"wp-block-image size-large\"><img loading=\"lazy\" decoding=\"async\" width=\"720\" height=\"540\" data-id=\"1828\" src=\"https:\/\/taizypackaging.com\/wp-content\/uploads\/2021\/05\/variable-frequency-motor.jpg\" alt=\"de\u011fi\u015fken frekansl\u0131 motor\" class=\"wp-image-1828\" srcset=\"https:\/\/taizypackaging.com\/wp-content\/uploads\/2021\/05\/variable-frequency-motor.jpg 720w, https:\/\/taizypackaging.com\/wp-content\/uploads\/2021\/05\/variable-frequency-motor-300x225.jpg 300w\" sizes=\"auto, (max-width: 720px) 100vw, 720px\" \/><figcaption class=\"wp-element-caption\">de\u011fi\u015fken frekansl\u0131 motor<\/figcaption><\/figure>    <figure class=\"wp-block-image size-large\"><img loading=\"lazy\" decoding=\"async\" width=\"720\" height=\"540\" data-id=\"1827\" src=\"https:\/\/taizypackaging.com\/wp-content\/uploads\/2021\/05\/servo-motor.jpg\" alt=\"servo motor\" class=\"wp-image-1827\" srcset=\"https:\/\/taizypackaging.com\/wp-content\/uploads\/2021\/05\/servo-motor.jpg 720w, https:\/\/taizypackaging.com\/wp-content\/uploads\/2021\/05\/servo-motor-300x225.jpg 300w\" sizes=\"auto, (max-width: 720px) 100vw, 720px\" \/><figcaption class=\"wp-element-caption\">servo motor<\/figcaption><\/figure> <\/figure>    <h2 class=\"wp-block-heading\" id=\"h-main-performance-and-structural-characteristics\">Ana avantajlar ve yap\u0131sal \u00f6zellikler<\/h2>    <ol class=\"wp-block-list\"> <li>\u00c7ift invert\u00f6r kontrol\u00fc, torba uzunlu\u011fu hemen ayarlan\u0131r ve kesilir, bo\u015f \u00e7al\u0131\u015fmay\u0131 ayarlamaya gerek yoktur, tek ad\u0131m yerinde, zamandan ve filmden tasarruf sa\u011flar.<\/li>    <li>\u0130nsan-makine aray\u00fcz\u00fc, rahat ve h\u0131zl\u0131 parametre ayar\u0131.<\/li>    <li>Ar\u0131za kendi kendine te\u015fhis fonksiyonu, net ar\u0131za ekran\u0131.<\/li>    <li>Y\u00fcksek hassasiyetli fotoelektrik g\u00f6z rengi i\u015fareti izleme, dijital olarak giri\u015f yap\u0131\u015ft\u0131rma ve kesme konumu, yap\u0131\u015ft\u0131rma ve kesme konumunu daha do\u011fru hale getirir.<\/li>    <li>S\u0131cakl\u0131ktan ba\u011f\u0131ms\u0131z PID kontrol\u00fc, \u00e7e\u015fitli ambalaj malzemeleri i\u00e7in daha uygundur.<\/li>    <li>Konumland\u0131rma durdurma fonksiyonu, yap\u0131\u015fmayan b\u0131\u00e7ak yok, at\u0131k film yok.<\/li>    <li>Basit iletim sistemi, daha g\u00fcvenilir \u00e7al\u0131\u015fma ve daha uygun bak\u0131m.<\/li>    <li>T\u00fcm kontroller, i\u015flev ayarlamas\u0131 ve teknoloji y\u00fckseltmesi i\u00e7in uygun olan ve asla gecikmeyen yaz\u0131l\u0131m taraf\u0131ndan ger\u00e7ekle\u015ftirilir.<\/li> <\/ol>    <h2 class=\"wp-block-heading\">Ekmek paketleme makinas\u0131 fiyat\u0131<\/h2>    <p>Ekmek paketleme makinesinin maliyetini merak m\u0131 ediyorsunuz? Ekmek paketleme makinesinin fiyat\u0131, \u00f6zellikleri, kapasitesi, markas\u0131 gibi fakt\u00f6rlere g\u00f6re de\u011fi\u015fiklik g\u00f6sterebilir. En iyi teklifi bulmak i\u00e7in \u00f6zel ambalaj ihtiya\u00e7lar\u0131n\u0131z\u0131 g\u00f6z \u00f6n\u00fcnde bulundurun ve sayg\u0131n tedarik\u00e7ilerin se\u00e7eneklerini kar\u015f\u0131la\u015ft\u0131r\u0131n.<\/p>    <p>\u0130ster k\u00fc\u00e7\u00fck bir f\u0131r\u0131n ister b\u00fcy\u00fck \u00f6l\u00e7ekli bir \u00fcretim i\u015fletiyor olun, verimli ekmek paketleme ekipmanlar\u0131na yat\u0131r\u0131m yapmak i\u015f ak\u0131\u015f\u0131n\u0131z\u0131 optimize etmek i\u00e7in \u00e7ok \u00f6nemlidir. Ekmek paketleme ekipmanlar\u0131n\u0131n fiyat\u0131n\u0131 etkileyen fakt\u00f6rleri ke\u015ffetmek ve i\u015fletmeniz i\u00e7in bilin\u00e7li bir karar vermek i\u00e7in kapsaml\u0131 k\u0131lavuzumuzu ke\u015ffedin.<\/p>    <h2 class=\"wp-block-heading\" id=\"h-two-types-of-tz-450-horizontal-packaging-machines\">\u0130ki tip TZ-450 ekmek paketleme makinesi<\/h2>    <p>Ekmek paketleme makinesinin rulo filminin \u00fcst besleme ve alt besleme olmak \u00fczere iki ta\u015f\u0131ma modu vard\u0131r. Rulo film, \u00fcst besleyici i\u00e7in makinenin \u00fcst k\u0131sm\u0131ndad\u0131r, ilkine ince ayar yap\u0131labilir ve dikey kesici makinenin i\u00e7indedir. <\/p>    <p>A\u015fa\u011f\u0131 beslemeli ka\u011f\u0131t paketleme makinesi, film rulosu makinenin alt\u0131ndad\u0131r ve eski ayarlanamaz. Kesme geni\u015fli\u011fini de\u011fi\u015ftirmek i\u00e7in farkl\u0131 \u015fekillendiriciler sat\u0131n alabilirsiniz. Motorun kullan\u0131ld\u0131\u011f\u0131 s\u00fcre\u00e7te makinenin kesme geni\u015fli\u011fini ihtiya\u00e7lar\u0131n\u0131za g\u00f6re ayarlayabilirsiniz. TZ-450'nin maksimum kesme \u00e7evresi 450 mm'dir.<\/p>    <figure class=\"wp-block-image size-large\"><img decoding=\"async\" src=\"https:\/\/taizypackaging.com\/wp-content\/uploads\/2021\/05\/horizontal-packing-machine.jpg\" alt=\"yatay paketleme makinesi\" class=\"wp-image-1665\"\/><figcaption class=\"wp-element-caption\">yatay paketleme makinesi<\/figcaption><\/figure>    <h2 class=\"wp-block-heading\" id=\"h-parameters-of-the-bread-packing-machine\">Ekmek paketleme makinesinin parametreleri<\/h2>    <figure class=\"wp-block-table\"><table><tbody><tr><td>Modeli<\/td><td>TH-450<\/td><\/tr><tr><td>Film geni\u015fli\u011fi<\/td><td>Maks. 450mm<\/td><\/tr><tr><td>\u00c7anta uzunlu\u011fu<\/td><td>130-450mm<\/td><\/tr><tr><td>\u00c7anta yap\u0131m geni\u015fli\u011fi<\/td><td>50-180mm<\/td><\/tr><tr><td>\u00dcr\u00fcn y\u00fcksekli\u011fi<\/td><td>Maks.70mm<\/td><\/tr><tr><td>Film rulosu \u00e7ap\u0131<\/td><td>Maks. 320 mm<\/td><\/tr><tr><td>Paketleme h\u0131z\u0131<\/td><td>30-180 torba\/dak<\/td><\/tr><tr><td>G\u00fc\u00e7 \u00d6zellikleri<\/td><td>220V,50\/60HZ,2.6KVA<\/td><\/tr><tr><td>Makine boyutu<\/td><td>(U)4020\u00d7(G)820\u00d7(Y)1450<\/td><\/tr><tr><td>Makine kalitesi<\/td><td>900Kg<\/td><\/tr><tr><td>Notlar<\/td><td>\u00f6zelle\u015ftirebilmek&nbsp;<\/td><\/tr><\/tbody><\/table><figcaption class=\"wp-element-caption\">ekmek paketleme makinesi<\/figcaption><\/figure>    <p>Model TH-450 ekmek paketleme makinas\u0131 dakikada 30-180 paket \u00fcr\u00fcn paketleme yapabilmektedir. Makinenin boyutu 4020x820x1450mm'dir. Baz\u0131 \u00f6zel ihtiya\u00e7lar\u0131n\u0131z var m\u0131, sizin i\u00e7in benzersiz bir ki\u015fiselle\u015ftirme hizmeti sa\u011flayabiliriz. En son teklif i\u00e7in bizimle ileti\u015fime ge\u00e7mekten memnuniyet duyar\u0131z.<\/p>    <p class=\"translation-block\">\u015eirketimizde ayr\u0131ca <a href=\"https:\/\/taizypackaging.com\/tr\/vacuum-packing-machine\/\">vakum paketleme makineleri<\/a>, <a href=\"https:\/\/taizypackaging.com\/tr\/spice-packing-machine\/\">toz paketleme makineleri<\/a> ve benzeri di\u011fer paketleme makineleri de sat\u0131l\u0131kt\u0131r.<\/p>    <h2 class=\"wp-block-heading\" id=\"h-machine-accessories-or-toolbox\">Ara\u00e7 kutusu ekran\u0131<\/h2>    <p>Bu yatay paketleme makinesi bir alet kutusuyla donat\u0131lm\u0131\u015ft\u0131r. Alet kutusunda \u0130ngiliz anahtarlar\u0131, tornavidalar, 9 boyutta Allen anahtar\u0131, kesiciler, motor kay\u0131\u015flar\u0131 ve iki \u0131s\u0131tma kablosu bulunur. Makineyi talimatlara g\u00f6re kurabilir ve \u00e7al\u0131\u015ft\u0131rabilirsiniz. Ekmek paketleme makinesinin kurulumu ve \u00e7al\u0131\u015ft\u0131r\u0131lmas\u0131 kolayd\u0131r. Taizy Machinery \u015firketi teknik personelimiz size her zaman rehberlik sa\u011flayacakt\u0131r.<\/p>    <figure class=\"wp-block-image size-large\"><img decoding=\"async\" src=\"https:\/\/taizypackaging.com\/wp-content\/uploads\/2021\/05\/toolbox.jpg\" alt=\"alet kutusu\" class=\"wp-image-1666\"\/><figcaption class=\"wp-element-caption\">alet kutusu<\/figcaption><\/figure>","protected":false},"excerpt":{"rendered":"<p>TZ-450 paketleme makinesi yatay paketleme makinesinin bir modelidir. Ekmek, eri\u015fte, sebze, t\u0131bbi \u00fcr\u00fcnler vb. ambalajlar\u0131 da dahil olmak \u00fczere \u00e7e\u015fitli alanlarda geni\u015f bir uygulama alan\u0131na sahiptir.<\/p>","protected":false},"author":1,"featured_media":4892,"parent":0,"template":"","tags":[78,183,259,304,513],"product-type":[659],"class_list":["post-1651","product","type-product","status-publish","has-post-thumbnail","hentry","tag-bread","tag-fruits","tag-loaf","tag-noodles","tag-vegetables","product-type-granule-packing-machines"],"_links":{"self":[{"href":"https:\/\/taizypackaging.com\/tr\/wp-json\/wp\/v2\/product\/1651","targetHints":{"allow":["GET"]}}],"collection":[{"href":"https:\/\/taizypackaging.com\/tr\/wp-json\/wp\/v2\/product"}],"about":[{"href":"https:\/\/taizypackaging.com\/tr\/wp-json\/wp\/v2\/types\/product"}],"author":[{"embeddable":true,"href":"https:\/\/taizypackaging.com\/tr\/wp-json\/wp\/v2\/users\/1"}],"wp:featuredmedia":[{"embeddable":true,"href":"https:\/\/taizypackaging.com\/tr\/wp-json\/wp\/v2\/media\/4892"}],"wp:attachment":[{"href":"https:\/\/taizypackaging.com\/tr\/wp-json\/wp\/v2\/media?parent=1651"}],"wp:term":[{"taxonomy":"post_tag","embeddable":true,"href":"https:\/\/taizypackaging.com\/tr\/wp-json\/wp\/v2\/tags?post=1651"},{"taxonomy":"product-type","embeddable":true,"href":"https:\/\/taizypackaging.com\/tr\/wp-json\/wp\/v2\/product-type?post=1651"}],"curies":[{"name":"wp","href":"https:\/\/api.w.org\/{rel}","templated":true}]}}