{"id":1722,"date":"2021-05-14T09:51:35","date_gmt":"2021-05-14T09:51:35","guid":{"rendered":"https:\/\/taizypackaging.com\/?p=1722"},"modified":"2024-07-16T16:52:46","modified_gmt":"2024-07-16T08:52:46","slug":"vegetable-packing-machine","status":"publish","type":"product","link":"https:\/\/taizypackaging.com\/tr\/vegetable-packing-machine\/","title":{"rendered":"Sebze Paketleme Makinas\u0131"},"content":{"rendered":"<div class=\"kk-star-ratings kksr-auto kksr-align-left kksr-valign-top\"     data-payload='{&quot;align&quot;:&quot;left&quot;,&quot;id&quot;:&quot;1722&quot;,&quot;slug&quot;:&quot;default&quot;,&quot;valign&quot;:&quot;top&quot;,&quot;ignore&quot;:&quot;&quot;,&quot;reference&quot;:&quot;auto&quot;,&quot;class&quot;:&quot;&quot;,&quot;count&quot;:&quot;5&quot;,&quot;legendonly&quot;:&quot;&quot;,&quot;readonly&quot;:&quot;&quot;,&quot;score&quot;:&quot;4.7&quot;,&quot;starsonly&quot;:&quot;&quot;,&quot;best&quot;:&quot;5&quot;,&quot;gap&quot;:&quot;5&quot;,&quot;greet&quot;:&quot;Rate this product&quot;,&quot;legend&quot;:&quot;4.7\\\/5 - (5 votes)&quot;,&quot;size&quot;:&quot;24&quot;,&quot;title&quot;:&quot;Vegetable Packing Machine&quot;,&quot;width&quot;:&quot;133.8&quot;,&quot;_legend&quot;:&quot;{score}\\\/{best} - ({count} {votes})&quot;,&quot;font_factor&quot;:&quot;1.25&quot;}'>              <div class=\"kksr-stars\">      <div class=\"kksr-stars-inactive\">             <div class=\"kksr-star\" data-star=\"1\" style=\"padding-right: 5px\">               <div class=\"kksr-icon\" style=\"width: 24px; height: 24px;\"><\/div>         <\/div>             <div class=\"kksr-star\" data-star=\"2\" style=\"padding-right: 5px\">               <div class=\"kksr-icon\" style=\"width: 24px; height: 24px;\"><\/div>         <\/div>             <div class=\"kksr-star\" data-star=\"3\" style=\"padding-right: 5px\">               <div class=\"kksr-icon\" style=\"width: 24px; height: 24px;\"><\/div>         <\/div>             <div class=\"kksr-star\" data-star=\"4\" style=\"padding-right: 5px\">               <div class=\"kksr-icon\" style=\"width: 24px; height: 24px;\"><\/div>         <\/div>             <div class=\"kksr-star\" data-star=\"5\" style=\"padding-right: 5px\">               <div class=\"kksr-icon\" style=\"width: 24px; height: 24px;\"><\/div>         <\/div>     <\/div>      <div class=\"kksr-stars-active\" style=\"width: 133.8px;\">             <div class=\"kksr-star\" style=\"padding-right: 5px\">               <div class=\"kksr-icon\" style=\"width: 24px; height: 24px;\"><\/div>         <\/div>             <div class=\"kksr-star\" style=\"padding-right: 5px\">               <div class=\"kksr-icon\" style=\"width: 24px; height: 24px;\"><\/div>         <\/div>             <div class=\"kksr-star\" style=\"padding-right: 5px\">               <div class=\"kksr-icon\" style=\"width: 24px; height: 24px;\"><\/div>         <\/div>             <div class=\"kksr-star\" style=\"padding-right: 5px\">               <div class=\"kksr-icon\" style=\"width: 24px; height: 24px;\"><\/div>         <\/div>             <div class=\"kksr-star\" style=\"padding-right: 5px\">               <div class=\"kksr-icon\" style=\"width: 24px; height: 24px;\"><\/div>         <\/div>     <\/div> <\/div>                   <div class=\"kksr-legend\" style=\"font-size: 19.2px;\">             4.7\/5 - (5 oy)    <\/div>     <\/div>  <p class=\"translation-block\"><strong>Sebze paketleme makinesi<\/strong>, meyve ve sebzeleri otomatik olarak paketlemek i\u00e7in tasarlanm\u0131\u015ft\u0131r. Sebze sarma makinesi olarak da adland\u0131r\u0131lan bir t\u00fcr ak\u0131\u015fl\u0131 paketleme makinesidir. Sebze paketleme makineleri torba olu\u015fturma, torba paketleme, s\u0131zd\u0131rmazl\u0131k ve kesme i\u015flemlerini tamamlayabilir. S\u00fcpermarketler i\u00e7in \u00e7e\u015fitli meyve ve sebzeler i\u00e7in son derece verimli bir paketleme arac\u0131d\u0131r. Geli\u015fmi\u015f bir kontrol sistemine ve marka motora sahip Taizy sat\u0131l\u0131k sebze paketleme makinesi olduk\u00e7a y\u00fcksek performansa ve iyi kaliteye sahiptir. Ayr\u0131ca, tam paslanmaz \u00e7elik yap\u0131y\u0131 benimsemesi dayan\u0131kl\u0131 ve g\u00fcvenilirdir. En iyi fiyat i\u00e7in bizimle ileti\u015fime ge\u00e7ebilirsiniz. <\/p>    <h2 class=\"wp-block-heading\" id=\"h-working-video-of-the-frozen-food-packing-machine\">Sebze paketleme makinesinin \u00e7al\u0131\u015fma videosu<\/h2>   <figure class=\"wp-block-embed-youtube wp-block-embed is-type-video is-provider-youtube wp-embed-aspect-16-9 wp-has-aspect-ratio\"><div class=\"lyte-wrapper fourthree\" title=\"S\u00fcpermarket i\u00e7in Otomatik Meyve ve Sebze Paketleme Makinas\u0131 | G\u0131da Ak\u0131\u015f\u0131 Paketleme Makinesi\" style=\"width:960px;max-width:100%;margin:5px auto;\"><div class=\"lyMe hidef\" id=\"WYL_PKEaxerS08Q\" itemprop=\"video\" itemscope itemtype=\"https:\/\/schema.org\/VideoObject\"><div><meta itemprop=\"thumbnailUrl\" content=\"https:\/\/taizypackaging.com\/wp-content\/plugins\/wp-youtube-lyte\/lyteCache.php?origThumbUrl=https%3A%2F%2Fi.ytimg.com%2Fvi%2FPKEaxerS08Q%2Fmaxresdefault.jpg\" \/><meta itemprop=\"embedURL\" content=\"https:\/\/www.youtube.com\/embed\/PKEaxerS08Q\" \/><meta itemprop=\"duration\" content=\"PT2M4S\" \/><meta itemprop=\"uploadDate\" content=\"2022-01-25T06:45:27Z\" \/><\/div><div id=\"lyte_PKEaxerS08Q\" data-src=\"https:\/\/taizypackaging.com\/wp-content\/plugins\/wp-youtube-lyte\/lyteCache.php?origThumbUrl=https%3A%2F%2Fi.ytimg.com%2Fvi%2FPKEaxerS08Q%2Fmaxresdefault.jpg\" class=\"pL\"><div class=\"tC\"><div class=\"tT\" itemprop=\"name\">S\u00fcpermarket i\u00e7in Otomatik Meyve ve Sebze Paketleme Makinas\u0131 | G\u0131da Ak\u0131\u015f\u0131 Paketleme Makinesi<\/div><\/div><div class=\"play\"><\/div><div class=\"ctrl\"><div class=\"Lctrl\"><\/div><div class=\"Rctrl\"><\/div><\/div><\/div><noscript><a href=\"https:\/\/youtu.be\/PKEaxerS08Q\" rel=\"nofollow noopener\" target=\"_blank\"><img loading=\"lazy\" decoding=\"async\" src=\"https:\/\/taizypackaging.com\/wp-content\/plugins\/wp-youtube-lyte\/lyteCache.php?origThumbUrl=https%3A%2F%2Fi.ytimg.com%2Fvi%2FPKEaxerS08Q%2F0.jpg\" alt=\"S\u00fcpermarket i\u00e7in Otomatik Meyve ve Sebze Paketleme Makinas\u0131 | G\u0131da Ak\u0131\u015f\u0131 Paketleme Makinesi\" width=\"960\" height=\"700\" \/><br \/>Bu videoyu YouTube'da izleyin<\/a><\/noscript><meta itemprop=\"description\" content=\"#vegetablepacking #foodpacking #flowwrapping EMAIL: info@taizypackaging.com TEL\/WHATSAPP: +86 18837171591 USEFUL REFERENCE: https:\/\/taizypackaging.com\/vegetable-packing-machine\/ In fact, this kind of fruit and vegetable packing machine is a horizontal flow wrapping machine. This machine is suitable for packing various food products, such as fruits, vegetables, biscuits, bread, frozen food, etc. Besides, it can also package non-food products like a face mask, soap, etc. Features of Fruits and Vegetable Packing Machine 1. Good performance, low maintenance; 2. Improve the production efficiency, so as to bring more profits; 3. Advanced technology, elegant appearance, high reputation; 4. Manual is replaced by the mechanical, so that reduce the workforce cost; 5. Intelligent PLC control system, easy to operate. You may also like these videos from us: Food vacuum sealer: https:\/\/www.youtube.com\/watch?v=aPYp44oAyio Super-efficient snacks packing machine: https:\/\/www.youtube.com\/watch?v=mfQQ28r7qzY EMAIL: info@taizypackaging.com TEL\/WHATSAPP: +86 18837171591 Click here for more details: https:\/\/taizypackaging.com\/vegetable-packing-machine\/\"><\/div><\/div><div class=\"lL\" style=\"max-width:100%;width:960px;margin:5px auto;\"><\/div><figcaption><\/figcaption><\/figure>   <h2 class=\"wp-block-heading\" id=\"vegetable-packaging-effect-display\">Sebze paketleme efekti ekran\u0131 <\/h2>    <p class=\"translation-block\">Bu sebze paketleme makinesi seti, ye\u015fillikler, <a href=\"https:\/\/en.wikipedia.org\/wiki\/Tomato\" target=\"_blank\" rel=\"noopener\">domates<\/a>, salatal\u0131k, b\u00f6r\u00fclce gibi \u00e7e\u015fitli meyve ve sebzeler i\u00e7in uygundur. Ayr\u0131ca ekmek, bisk\u00fcvi, \u015feker, \u00e7ikolata, makarna gibi di\u011fer g\u0131da \u00fcr\u00fcnleri i\u00e7in de idealdir. Bu t\u00fcr makine yaln\u0131zca arka s\u0131zd\u0131rmazl\u0131k y\u00f6ntemini destekler. <\/p>    <figure class=\"wp-block-image size-large\"><img decoding=\"async\" src=\"https:\/\/taizypackaging.com\/wp-content\/uploads\/2021\/05\/Fruits-and-frozen-food-packaging.jpg\" alt=\"Meyve ve dondurulmu\u015f g\u0131da ambalajlar\u0131\" class=\"wp-image-1741\"\/><figcaption class=\"wp-element-caption\">Meyve ve dondurulmu\u015f g\u0131da ambalajlar\u0131<\/figcaption><\/figure>    <h2 class=\"wp-block-heading\" id=\"h-working-process-of-the-frozen-food-packing-machine\">Sebze paketleme makinesinin \u00e7al\u0131\u015fma s\u00fcreci<\/h2>    <p>1. Film platformu yiyecek ta\u015f\u0131ma sorumlulu\u011funu \u00fcstlenir.<br>2. Film, film rulosu cihaz\u0131na tak\u0131l\u0131r. \u00dcr\u00fcnler geldi\u011finde \u00fcr\u00fcnleri sabit bir \u015fekilde sarabilir.<br>3. \u015eekillendirme k\u0131sm\u0131 \u00fcr\u00fcn ambalaj\u0131n\u0131 kontrol eder. Dikey kesici, yatay kesici ve \u0131s\u0131tma borusuyla son bulur. Paketleme i\u015fleminin en \u00f6nemli k\u0131sm\u0131d\u0131r.<br>5. Son olarak, bitmi\u015f \u00fcr\u00fcn ta\u015f\u0131ma band\u0131ndan \u00e7\u0131kar\u0131l\u0131r.<\/p>    <figure class=\"wp-block-image size-large\"><img decoding=\"async\" src=\"https:\/\/taizypackaging.com\/wp-content\/uploads\/2021\/05\/components-of-the-horizontal-packing-machine.jpg\" alt=\"yatay paketleme makinesinin bile\u015fenleri\" class=\"wp-image-1768\"\/><figcaption class=\"wp-element-caption\">yatay paketleme makinesinin bile\u015fenleri<\/figcaption><\/figure>    <h2 class=\"wp-block-heading\" id=\"h-technical-parameters\">Taizy sebze paketleme makinesinin teknik parametreleri<\/h2>    <figure class=\"wp-block-table\"><table><tbody><tr><td>Modeli<\/td><td>TH-250<\/td><td>TH-350<\/td><td>TH-450<\/td><td>TH-600<\/td><\/tr><tr><td>\u00c7anta uzunlu\u011fu<\/td><td>100-600mm<\/td><td>100-600mm<\/td><td>100-600mm<\/td><td>120-600mm<\/td><\/tr><tr><td>\u00c7anta geni\u015fli\u011fi<\/td><td>50-110mm<\/td><td>50-160mm<\/td><td>50-210mm<\/td><td>50-280mm<\/td><\/tr><tr><td>\u00c7anta Y\u00fcksekli\u011fi<\/td><td>Maksimum 40mm<\/td><td>Maksimum 100 mm<\/td><td>Maksimum 100 mm<\/td><td>Maksimum 100 mm<\/td><\/tr><tr><td>Paketleme h\u0131z\u0131<\/td><td>5-200 torba\/dak<\/td><td>5-200 torba\/dak<\/td><td>5-200 torba\/dak<\/td><td>30-180 torba\/dak<\/td><\/tr><tr><td>G\u00fc\u00e7<\/td><td>220V, 50\/60Hz, 2,4KVA<\/td><td>220V, 50\/60Hz, 2,4KVA<\/td><td>220V, 50\/60Hz, 2,6KVA<\/td><td>220V, 50\/60Hz, 3,4KVA<\/td><\/tr><tr><td>Makine boyutu<\/td><td>(U)4020*(G)720*(Y)1450mm<\/td><td>(U)4020*(G)720*(Y)1450mm<\/td><td>(U)4020*(G)720*(Y)1450mm<\/td><td>(U)4380*(G)970*(Y)1500mm<\/td><\/tr><tr><td>A\u011f\u0131rl\u0131k<\/td><td>800Kg<\/td><td>800Kg<\/td><td>900Kg<\/td><td>960Kg<\/td><\/tr><\/tbody><\/table><\/figure>    <p>Taizy Paketleme Makineleri'nde \u00e7e\u015fitli modellerde sebze paketleme makinelerimiz mevcuttur. Her makinenin paketleme h\u0131zlar\u0131, boyutlar\u0131 vs. farkl\u0131d\u0131r. \u0130htiya\u00e7lar\u0131n\u0131za g\u00f6re se\u00e7im yapabilirsiniz.<\/p>    <h2 class=\"wp-block-heading\" id=\"h-features-and-advantages-of-the-frozen-food-packing-machine\">Meyve ve sebze paketleme makinesinin \u00f6zellikleri ve avantajlar\u0131<\/h2>    <p>1. \u0130\u015fletim panelini farkl\u0131 ambalaj malzemelerine g\u00f6re ayarlayabilirsiniz.<br>2. Yatay sebze paketleme makinesi, kesme i\u00e7in tek b\u0131\u00e7ak, \u00e7ift b\u0131\u00e7ak ve \u00fc\u00e7 b\u0131\u00e7akla donat\u0131labilir.<br>3. Ak\u0131ll\u0131 bir PLC kontrol sistemi ile parametreleri ayarlamak uygundur. <br>4. Y\u00fcksek hassasiyetli imle\u00e7 takibi ve yap\u0131\u015ft\u0131rma ve kesme pozisyonunun dijital giri\u015fi, yap\u0131\u015ft\u0131rma ve kesme pozisyonunu daha do\u011fru hale getirir.<br>5. \u0130letim sistemi basittir, i\u015flem daha g\u00fcvenilirdir ve bak\u0131m daha uygundur.<br>6. Yatay yast\u0131k paketleme makinesinde ar\u0131za kendi kendine te\u015fhis fonksiyonu vard\u0131r, bu nedenle ar\u0131za bir bak\u0131\u015fta g\u00f6r\u00fcnt\u00fclenir.<br>7. \u00c7ift invert\u00f6r kontrol\u00fc ile torba uzunlu\u011fu ayarlan\u0131p hemen kesilir. Bo\u015f \u00e7al\u0131\u015fmay\u0131 ayarlamaya gerek yoktur ve tek ad\u0131m mevcuttur. T\u00fcm paketleme s\u00fcreci zamandan ve filmden tasarruf sa\u011flar.<br>8. Ba\u011f\u0131ms\u0131z bir PID, \u00e7e\u015fitli ambalaj malzemeleri i\u00e7in daha uygun olan s\u0131cakl\u0131\u011f\u0131 kontrol eder.<\/p>    <figure class=\"wp-block-image size-full\"><img loading=\"lazy\" decoding=\"async\" width=\"750\" height=\"500\" src=\"https:\/\/taizypackaging.com\/wp-content\/uploads\/2021\/05\/bread-packing-machine-2.jpg\" alt=\"ekmek paketleme makinesi\" class=\"wp-image-3486\" srcset=\"https:\/\/taizypackaging.com\/wp-content\/uploads\/2021\/05\/bread-packing-machine-2.jpg 750w, https:\/\/taizypackaging.com\/wp-content\/uploads\/2021\/05\/bread-packing-machine-2-300x200.jpg 300w\" sizes=\"auto, (max-width: 750px) 100vw, 750px\" \/><figcaption class=\"wp-element-caption\">yatay yast\u0131k paketleme makinesi<\/figcaption><\/figure>    <h2 class=\"wp-block-heading\" id=\"what-is-the-common-packaging-materials-for-vegetables\">Sebzeler i\u00e7in yayg\u0131n ambalaj malzemeleri nelerdir?<\/h2>    <p class=\"translation-block\"><strong>Plastik<\/strong> torbalar (polietilen film), meyve ve sebzeler i\u00e7in yayg\u0131n paketleme malzemeleridir. Plastiklerin sadece d\u00fc\u015f\u00fck maliyeti de\u011fil, ayn\u0131 zamanda \u015feffaf \u00f6zellikleri ve i\u00e7eri\u011fin kolay denetimi de vard\u0131r. M\u00fc\u015fteriler i\u00e7in daha \u00e7ekicidir. Ayr\u0131ca, otomatik torbalama makineleri maliyetleri daha da d\u00fc\u015f\u00fcrebilir. Ve sebze <a href=\"https:\/\/taizypackaging.com\/tr\/single-chamber-vacuum-packing-machine\/\">vakum paketleme makineleri<\/a> ve hava \u015farj sistemleri gibi destek makineleri ile donat\u0131ld\u0131\u011f\u0131nda, farkl\u0131 \u00f6zel paketleme gereksinimlerine uyum sa\u011flayabilirler. \u00c7al\u0131\u015fmalar, bu t\u00fcr paketlemenin taze \u00fcr\u00fcnlerin raf \u00f6mr\u00fcn\u00fc \u00f6nemli \u00f6l\u00e7\u00fcde uzatt\u0131\u011f\u0131n\u0131 g\u00f6stermi\u015ftir. \u00d6nceden kesilmi\u015f \u00fcr\u00fcnlerin patlamas\u0131, geli\u015ftirilmi\u015f atmosfer paketlemesinin kullan\u0131labilirli\u011finden kaynaklanmaktad\u0131r.<\/p>    <h2 class=\"wp-block-heading\" id=\"h-why-should-we-pack-products-by-packing-machines\">Neden otomatik sebze paketleme makinesine ihtiyac\u0131n\u0131z var?<\/h2>    <ol class=\"wp-block-list\"> <li>\u0130lk ba\u015fta \u00fcr\u00fcn\u00fcn ambalaj\u0131 sadece ta\u015f\u0131nabilirlik ve ta\u015f\u0131ma ama\u00e7l\u0131yd\u0131.<\/li>    <li>\u0130nsanlar\u0131n ya\u015fam standartlar\u0131n\u0131n iyile\u015ftirilmesiyle birlikte \u00fcr\u00fcn\u00fcn daha g\u00fczel ve daha keyifli g\u00f6r\u00fcnmesi i\u00e7in s\u00fcrekli olarak g\u00fczellik unsurlar\u0131 eklenmektedir.<\/li>    <li>Pazar rekabeti giderek daha \u015fiddetli hale geliyor ve t\u00fcketicilerin dikkatini \u00e7ekmek i\u00e7in her a\u00e7\u0131dan farkl\u0131la\u015fman\u0131n aranmas\u0131 gerekiyor. Ambalaj, farkl\u0131la\u015fman\u0131n \u00f6nemli bir arac\u0131 haline geldi.<\/li>    <li>Ambalaj marka unsurlar\u0131n\u0131 ekler ve marka imaj\u0131n\u0131 sergilemek i\u00e7in \u00f6nemli bir ta\u015f\u0131y\u0131c\u0131 haline gelir.<\/li>    <li>\u0130nternetin ortaya \u00e7\u0131k\u0131\u015f\u0131, sat\u0131n alma i\u015flemlerini daha kolay hale getirdi ve ayn\u0131 zamanda t\u00fcketicilerin ge\u00e7i\u015f yapmas\u0131n\u0131 da kolayla\u015ft\u0131rd\u0131. \u00dcr\u00fcn ambalaj\u0131n\u0131n ileti\u015fim i\u015flevi giderek daha belirgin hale geliyor.<\/li> <\/ol>    <h2 class=\"wp-block-heading\" id=\"why-choose-us\">Neden bizi se\u00e7melisiniz? <\/h2>    <p class=\"translation-block\">Kaliteli sebze paketleme makinelerinin tasar\u0131m, ara\u015ft\u0131rma, \u00fcretim ve tedarikinde zengin deneyime sahip Taizy, bir\u00e7ok k\u00fc\u00e7\u00fck i\u015fletme sahibinin projelerine ba\u015flamas\u0131na yard\u0131mc\u0131 oldu. <a href=\"https:\/\/taizypackaging.com\/tr\/horizontal-packing-machine\/\">Yatay ak\u0131\u015fl\u0131 paketleme makinelerimiz<\/a> 30'dan fazla \u00fclkeye ve b\u00f6lgeye ba\u015far\u0131yla ihra\u00e7 edilmi\u015ftir. Taizy paketleme makineleri neden bu kadar pop\u00fcler? Sadece rekabet\u00e7i fiyatlar nedeniyle de\u011fil, ayn\u0131 zamanda m\u00fckemmel kalite ve samimi hizmet nedeniyle oldu\u011funa inan\u0131yoruz. T\u00fcm bunlar Taizy'yi g\u00fc\u00e7l\u00fc ve g\u00fcvenilir bir paketleme makinesi markas\u0131 haline getiriyor. Sebze paketleme projenize ba\u015flamak istiyorsan\u0131z, faydal\u0131 bilgiler i\u00e7in bizimle ileti\u015fime ge\u00e7ebilirsiniz. <\/p>    <figure class=\"wp-block-image size-large\"><img loading=\"lazy\" decoding=\"async\" width=\"720\" height=\"540\" src=\"https:\/\/taizypackaging.com\/wp-content\/uploads\/2021\/05\/machine-display.jpg\" alt=\"sebze paketleme makinesi fabrikas\u0131\" class=\"wp-image-1743\" srcset=\"https:\/\/taizypackaging.com\/wp-content\/uploads\/2021\/05\/machine-display.jpg 720w, https:\/\/taizypackaging.com\/wp-content\/uploads\/2021\/05\/machine-display-300x225.jpg 300w\" sizes=\"auto, (max-width: 720px) 100vw, 720px\" \/><figcaption class=\"wp-element-caption\">sebze paketleme makinesi fabrikas\u0131<\/figcaption><\/figure>    <h2 class=\"wp-block-heading\" id=\"h-cases\">ABD'ye sat\u0131lan sebze paketleme makineleri<\/h2>    <p>Ge\u00e7ti\u011fimiz ekim ay\u0131nda ABD'den bir m\u00fc\u015fterimiz uzun fasulye paketlemek istedi\u011fini s\u00f6yledi. Kendisine bu sebze paketleme makinelerini tavsiye ettik. Mallar\u0131 ald\u0131ktan sonra makinenin paketleme etkisinden ve paketleme verimlili\u011finden \u00e7ok memnun kald\u0131. Paketleme makinesini kullanmaya ba\u015flad\u0131ktan sonra \u00fcr\u00fcnlerinin eskisinden daha iyi sat\u0131ld\u0131\u011f\u0131n\u0131 s\u00f6yledi.<\/p>    <figure class=\"wp-block-image size-large\"><img decoding=\"async\" src=\"https:\/\/taizypackaging.com\/wp-content\/uploads\/2021\/05\/packinging-machine-shipment.jpg\" alt=\"paketleme makinesi sevkiyat\u0131\" class=\"wp-image-1747\"\/><figcaption class=\"wp-element-caption\">paketleme makinesi sevkiyat\u0131<\/figcaption><\/figure>","protected":false},"excerpt":{"rendered":"<p>Vegetable packing machine is designed for automatically packaging fruits and vegetables. It is a kind of flow wrap machine, also called a vegetable wrapping machine. Vegetable packaging machines can complete these tasks, bag forming, bag packing, sealing, and cutting process. It is a terribly super-efficient packaging tool for various fruits and vegetables for supermarkets. With [&hellip;]<\/p>\n","protected":false},"author":1,"featured_media":4148,"parent":0,"template":"","tags":[571,570,569],"product-type":[664],"class_list":["post-1722","product","type-product","status-publish","has-post-thumbnail","hentry","tag-vegetable-packaging-machine","tag-vegetable-wrapping-machine","tag-vegetbale-packing-machine","product-type-horizontal-flow-wrapping-machines"],"_links":{"self":[{"href":"https:\/\/taizypackaging.com\/tr\/wp-json\/wp\/v2\/product\/1722","targetHints":{"allow":["GET"]}}],"collection":[{"href":"https:\/\/taizypackaging.com\/tr\/wp-json\/wp\/v2\/product"}],"about":[{"href":"https:\/\/taizypackaging.com\/tr\/wp-json\/wp\/v2\/types\/product"}],"author":[{"embeddable":true,"href":"https:\/\/taizypackaging.com\/tr\/wp-json\/wp\/v2\/users\/1"}],"wp:featuredmedia":[{"embeddable":true,"href":"https:\/\/taizypackaging.com\/tr\/wp-json\/wp\/v2\/media\/4148"}],"wp:attachment":[{"href":"https:\/\/taizypackaging.com\/tr\/wp-json\/wp\/v2\/media?parent=1722"}],"wp:term":[{"taxonomy":"post_tag","embeddable":true,"href":"https:\/\/taizypackaging.com\/tr\/wp-json\/wp\/v2\/tags?post=1722"},{"taxonomy":"product-type","embeddable":true,"href":"https:\/\/taizypackaging.com\/tr\/wp-json\/wp\/v2\/product-type?post=1722"}],"curies":[{"name":"wp","href":"https:\/\/api.w.org\/{rel}","templated":true}]}}