{"id":1848,"date":"2021-05-19T10:36:19","date_gmt":"2021-05-19T10:36:19","guid":{"rendered":"https:\/\/taizypackaging.com\/?p=1848"},"modified":"2024-08-07T09:52:30","modified_gmt":"2024-08-07T01:52:30","slug":"milk-powder-packing-machine","status":"publish","type":"product","link":"https:\/\/taizypackaging.com\/tr\/milk-powder-packing-machine\/","title":{"rendered":"S\u00fct Tozu Paketleme Makinas\u0131"},"content":{"rendered":"<div class=\"kk-star-ratings kksr-auto kksr-align-left kksr-valign-top\"     data-payload='{&quot;align&quot;:&quot;left&quot;,&quot;id&quot;:&quot;1848&quot;,&quot;slug&quot;:&quot;default&quot;,&quot;valign&quot;:&quot;top&quot;,&quot;ignore&quot;:&quot;&quot;,&quot;reference&quot;:&quot;auto&quot;,&quot;class&quot;:&quot;&quot;,&quot;count&quot;:&quot;23&quot;,&quot;legendonly&quot;:&quot;&quot;,&quot;readonly&quot;:&quot;&quot;,&quot;score&quot;:&quot;4.9&quot;,&quot;starsonly&quot;:&quot;&quot;,&quot;best&quot;:&quot;5&quot;,&quot;gap&quot;:&quot;5&quot;,&quot;greet&quot;:&quot;Rate this product&quot;,&quot;legend&quot;:&quot;4.9\\\/5 - (23 votes)&quot;,&quot;size&quot;:&quot;24&quot;,&quot;title&quot;:&quot;Milk Powder Packing Machine&quot;,&quot;width&quot;:&quot;139.6&quot;,&quot;_legend&quot;:&quot;{score}\\\/{best} - ({count} {votes})&quot;,&quot;font_factor&quot;:&quot;1.25&quot;}'>              <div class=\"kksr-stars\">      <div class=\"kksr-stars-inactive\">             <div class=\"kksr-star\" data-star=\"1\" style=\"padding-right: 5px\">               <div class=\"kksr-icon\" style=\"width: 24px; height: 24px;\"><\/div>         <\/div>             <div class=\"kksr-star\" data-star=\"2\" style=\"padding-right: 5px\">               <div class=\"kksr-icon\" style=\"width: 24px; height: 24px;\"><\/div>         <\/div>             <div class=\"kksr-star\" data-star=\"3\" style=\"padding-right: 5px\">               <div class=\"kksr-icon\" style=\"width: 24px; height: 24px;\"><\/div>         <\/div>             <div class=\"kksr-star\" data-star=\"4\" style=\"padding-right: 5px\">               <div class=\"kksr-icon\" style=\"width: 24px; height: 24px;\"><\/div>         <\/div>             <div class=\"kksr-star\" data-star=\"5\" style=\"padding-right: 5px\">               <div class=\"kksr-icon\" style=\"width: 24px; height: 24px;\"><\/div>         <\/div>     <\/div>      <div class=\"kksr-stars-active\" style=\"width: 139.6px;\">             <div class=\"kksr-star\" style=\"padding-right: 5px\">               <div class=\"kksr-icon\" style=\"width: 24px; height: 24px;\"><\/div>         <\/div>             <div class=\"kksr-star\" style=\"padding-right: 5px\">               <div class=\"kksr-icon\" style=\"width: 24px; height: 24px;\"><\/div>         <\/div>             <div class=\"kksr-star\" style=\"padding-right: 5px\">               <div class=\"kksr-icon\" style=\"width: 24px; height: 24px;\"><\/div>         <\/div>             <div class=\"kksr-star\" style=\"padding-right: 5px\">               <div class=\"kksr-icon\" style=\"width: 24px; height: 24px;\"><\/div>         <\/div>             <div class=\"kksr-star\" style=\"padding-right: 5px\">               <div class=\"kksr-icon\" style=\"width: 24px; height: 24px;\"><\/div>         <\/div>     <\/div> <\/div>                   <div class=\"kksr-legend\" style=\"font-size: 19.2px;\">             4.9\/5 - (23 oy)    <\/div>     <\/div>  <p class=\"translation-block\">Taizy <strong>S\u00fct tozu paketleme makinesi<\/strong>, bir t\u00fcr otomatik po\u015fet paketleme makinesidir. Bu <strong>otomatik toz paketleme makinesi<\/strong> tartma, doldurma, torba yapma, m\u00fch\u00fcrleme, kesme ve tarih yazd\u0131rma i\u015flemlerinin tamam\u0131n\u0131 ger\u00e7ekle\u015ftirebilir. <\/p>    <p>Ak\u0131ll\u0131 kontrol paneli ile kullan\u0131m\u0131 olduk\u00e7a kolayd\u0131r. \u00dcstelik s\u00fct tozu paketleme makinas\u0131n\u0131n fiyat\u0131 olduk\u00e7a d\u00fc\u015f\u00fck ve avantajl\u0131d\u0131r. <\/p>    <p>K\u00fc\u00e7\u00fck boyutu ve uygun fiyat\u0131yla kuru s\u00fct tozu paketleme makinesi, k\u00fc\u00e7\u00fck projenize ba\u015flamak i\u00e7in harika bir paketleme arac\u0131d\u0131r. <\/p>   <figure class=\"wp-block-embed-youtube wp-block-embed is-type-video is-provider-youtube wp-embed-aspect-16-9 wp-has-aspect-ratio\"><div class=\"lyte-wrapper fourthree\" title=\"Verimli Toz Paketleme Makinesi: \u00c7e\u015fitli Toz Malzemeler i\u00e7in Paketleme \u0130\u015flemi\" style=\"width:960px;max-width:100%;margin:5px auto;\"><div class=\"lyMe hidef\" id=\"WYL_qpBoN7O74Ws\" itemprop=\"video\" itemscope itemtype=\"https:\/\/schema.org\/VideoObject\"><div><meta itemprop=\"thumbnailUrl\" content=\"https:\/\/taizypackaging.com\/wp-content\/plugins\/wp-youtube-lyte\/lyteCache.php?origThumbUrl=https%3A%2F%2Fi.ytimg.com%2Fvi%2FqpBoN7O74Ws%2Fmaxresdefault.jpg\" \/><meta itemprop=\"embedURL\" content=\"https:\/\/www.youtube.com\/embed\/qpBoN7O74Ws\" \/><meta itemprop=\"duration\" content=\"PT2M12S\" \/><meta itemprop=\"uploadDate\" content=\"2023-05-23T07:46:19Z\" \/><\/div><div id=\"lyte_qpBoN7O74Ws\" data-src=\"https:\/\/taizypackaging.com\/wp-content\/plugins\/wp-youtube-lyte\/lyteCache.php?origThumbUrl=https%3A%2F%2Fi.ytimg.com%2Fvi%2FqpBoN7O74Ws%2Fmaxresdefault.jpg\" class=\"pL\"><div class=\"tC\"><div class=\"tT\" itemprop=\"name\">Verimli Toz Paketleme Makinesi: \u00c7e\u015fitli Toz Malzemeler i\u00e7in Paketleme \u0130\u015flemi<\/div><\/div><div class=\"play\"><\/div><div class=\"ctrl\"><div class=\"Lctrl\"><\/div><div class=\"Rctrl\"><\/div><\/div><\/div><noscript><a href=\"https:\/\/youtu.be\/qpBoN7O74Ws\" rel=\"nofollow noopener\" target=\"_blank\"><img loading=\"lazy\" decoding=\"async\" src=\"https:\/\/taizypackaging.com\/wp-content\/plugins\/wp-youtube-lyte\/lyteCache.php?origThumbUrl=https%3A%2F%2Fi.ytimg.com%2Fvi%2FqpBoN7O74Ws%2F0.jpg\" alt=\"Verimli Toz Paketleme Makinesi: \u00c7e\u015fitli Toz Malzemeler i\u00e7in Paketleme \u0130\u015flemi\" width=\"960\" height=\"700\" \/><br \/>Bu videoyu YouTube'da izleyin<\/a><\/noscript><meta itemprop=\"description\" content=\"#powderpackingmachine #spice #spicepackingmachine #packing #packagingmachine Website: https:\/\/packingmachineforsale.com\/spice-packing-machine\/ Email: info@packingmachineforsale.com WhatsApp: +86 19139754781 In this YouTube video, we showcase an efficient powder packing machine as it flawlessly packages different powder materials. Witness the seamless packaging process and discover how this machine revolutionizes the powder packaging industry. Website: https:\/\/packingmachineforsale.com\/spice-packing-machine\/ Email: info@packingmachineforsale.com WhatsApp: +86 19139754781\"><\/div><\/div><div class=\"lL\" style=\"max-width:100%;width:960px;margin:5px auto;\"><\/div><figcaption>s\u00fct tozu torbalama makinesinin videosu<\/figcaption><\/figure>   <h2 class=\"wp-block-heading\" id=\"h-advantages-and-characteristics-of-milk-powder-packaging-machine\">Otomatik s\u00fct tozu paketleme ekipman\u0131n\u0131n avantajlar\u0131<\/h2>    <ol class=\"wp-block-list\"> <li>Makinenin tamam\u0131 yap\u0131lm\u0131\u015ft\u0131r <strong>paslanmaz \u00e7elik<\/strong>, sa\u011flam ve dayan\u0131kl\u0131d\u0131r.<\/li>    <li>Burgu ekibi toz paketleme makinesi \u015funlar\u0131 yapabilir: <strong>\u00d6l\u00e7me, doldurma, m\u00fch\u00fcrleme ve kesme i\u015flemini otomatik olarak tamamlay\u0131n<\/strong>.<\/li>    <li>Bu makine bir ile donat\u0131lm\u0131\u015ft\u0131r <strong>PLC kontroll\u00fc dokunmatik ekran ve \u0130ngilizce ekran alan\u0131<\/strong>, dolay\u0131s\u0131yla \u00e7al\u0131\u015fma aray\u00fcz\u00fc dostudur.<\/li>    <li>Bu e\u011fimli toz paketleme makinesi bir ile donat\u0131lm\u0131\u015ft\u0131r <strong>otomatik fotoelektrik alg\u0131lama sistemi<\/strong>ve kesim do\u011frudur.<\/li>    <li>Benimser<strong> e\u011fik vida besleme y\u00f6ntemi<\/strong>Paketleme i\u015flemi s\u0131ras\u0131nda ambalaj a\u011f\u0131rl\u0131\u011f\u0131n\u0131 do\u011frudan ayarlayabilen.<\/li>    <li>Yapabiliriz <strong>ekipman\u0131 bir kodlama makinesi, havaland\u0131rma cihaz\u0131, egzoz cihaz\u0131, toz giderme makinesi ile donat\u0131n<\/strong>ve ihtiya\u00e7lar\u0131n\u0131za g\u00f6re di\u011fer cihazlar.<\/li> <\/ol>    <figure class=\"wp-block-gallery has-nested-images columns-default is-cropped wp-block-gallery-2 is-layout-flex wp-block-gallery-is-layout-flex\"> <figure class=\"wp-block-image size-large\"><img loading=\"lazy\" decoding=\"async\" width=\"540\" height=\"720\" data-id=\"4954\" src=\"https:\/\/taizypackaging.com\/wp-content\/uploads\/2023\/09\/inner-structure.webp\" alt=\"i\u00e7 yap\u0131\" class=\"wp-image-4954\" srcset=\"https:\/\/taizypackaging.com\/wp-content\/uploads\/2023\/09\/inner-structure.webp 540w, https:\/\/taizypackaging.com\/wp-content\/uploads\/2023\/09\/inner-structure-225x300.webp 225w\" sizes=\"auto, (max-width: 540px) 100vw, 540px\" \/><figcaption class=\"wp-element-caption\">i\u00e7 yap\u0131<\/figcaption><\/figure>    <figure class=\"wp-block-image size-large\"><img loading=\"lazy\" decoding=\"async\" width=\"720\" height=\"540\" data-id=\"4955\" src=\"https:\/\/taizypackaging.com\/wp-content\/uploads\/2023\/09\/motor.webp\" alt=\"motor\" class=\"wp-image-4955\" srcset=\"https:\/\/taizypackaging.com\/wp-content\/uploads\/2023\/09\/motor.webp 720w, https:\/\/taizypackaging.com\/wp-content\/uploads\/2023\/09\/motor-300x225.webp 300w\" sizes=\"auto, (max-width: 720px) 100vw, 720px\" \/><figcaption class=\"wp-element-caption\">motor<\/figcaption><\/figure> <\/figure>    <h2 class=\"wp-block-heading\" id=\"h-technical-parameters\">Toz paketleme makinesinin teknik parametreleri<\/h2>    <figure class=\"wp-block-table\"><table><tbody><tr><td>Modeli<\/td><td>TZ-320<\/td><\/tr><tr><td>Paketleme stili (\u00e7anta stili)<\/td><td>3 tarafl\u0131 conta\/arka conta\/4 tarafl\u0131 conta<\/td><\/tr><tr><td>Paketleme h\u0131z\u0131<\/td><td>20-80 torba\/dak<\/td><\/tr><tr><td>G\u00fc\u00e7 t\u00fcketimi<\/td><td>1.8kw<\/td><\/tr><tr><td>Malzeme<\/td><td>304 paslanmaz \u00e7elik<\/td><\/tr><tr><td>A\u011f\u0131rl\u0131k<\/td><td>250kg<\/td><\/tr><tr><td>Boyutlar<\/td><td>650*1050*1950mm<\/td><\/tr><tr><td>Ambalaj a\u011f\u0131rl\u0131\u011f\u0131<\/td><td>0-80g<\/td><\/tr><tr><td>\u00c7anta geni\u015fli\u011fi<\/td><td>20-150mm<\/td><\/tr><tr><td>\u00c7anta uzunlu\u011fu<\/td><td>30-180mm<\/td><\/tr><\/tbody><\/table><figcaption class=\"wp-element-caption\">sat\u0131l\u0131k s\u00fct tozu paketleme makinesi<\/figcaption><\/figure>    <p>TZ-320 s\u00fct tozu paketleme makinesi dakikada 20-80 torba s\u00fct tozu paketleyebilir. Ambalaj a\u011f\u0131rl\u0131\u011f\u0131 0-80gr aras\u0131nda ayarlanabilir. <\/p>    <p>\u00dc\u00e7 taraf\u0131 yap\u0131\u015ft\u0131rma, d\u00f6rt taraf\u0131 kapatma ve arkadan yap\u0131\u015ft\u0131rma gibi \u00e7e\u015fitli paketleme y\u00f6ntemleri aras\u0131ndan se\u00e7im yapabilirsiniz. <\/p>    <p>S\u00fct tozu i\u00e7in y\u00fcksek kaliteli bir paketleme makinesine mi ihtiyac\u0131n\u0131z var? En son teklif i\u00e7in l\u00fctfen bizimle ileti\u015fime ge\u00e7in.<\/p>   <div class=\"wp-block-image\"> <figure class=\"aligncenter size-large\"><img loading=\"lazy\" decoding=\"async\" width=\"720\" height=\"540\" src=\"https:\/\/taizypackaging.com\/wp-content\/uploads\/2021\/05\/machine-display-3.jpg\" alt=\"s\u00fct tozu paketleme makineleri ekran\u0131\" class=\"wp-image-1980\" srcset=\"https:\/\/taizypackaging.com\/wp-content\/uploads\/2021\/05\/machine-display-3.jpg 720w, https:\/\/taizypackaging.com\/wp-content\/uploads\/2021\/05\/machine-display-3-300x225.jpg 300w\" sizes=\"auto, (max-width: 720px) 100vw, 720px\" \/><figcaption class=\"wp-element-caption\">s\u00fct tozu paketleme makineleri ekran\u0131<\/figcaption><\/figure> <\/div>   <h2 class=\"wp-block-heading\" id=\"h-the-application-area-of-the-milk-powder-packaging-machine\">Kuru s\u00fct tozu paketleme makinesinin uygulamalar\u0131<\/h2>    <p>Kuru s\u00fct tozu paketleme makinesi, otomatik toz dolum kapatma makinesidir. Serbest ak\u0131\u015fl\u0131 tozlar\u0131n paketlenmesi i\u00e7in uygundur ve maksimum paketleme a\u011f\u0131rl\u0131\u011f\u0131 80 gramd\u0131r.<\/p>    <p>S\u00fct tozu torbas\u0131 ambalaj\u0131na ek olarak, deterjan tozu, baharat tozu, k\u0131rm\u0131z\u0131 biber tozu, zencefil tozu, zerde\u00e7al tozu, boyama tozu, baharat tozu, un, kahve tozu, k\u00f6ri tozu gibi \u00e7e\u015fitli kuru toz \u00fcr\u00fcnlerinin paketlenmesi i\u00e7in de uygulanabilir. , kakao tozu, masala tozu, bitki tozu, kimyasal toz vb. <\/p>   <div class=\"wp-block-image\"> <figure class=\"aligncenter size-large\"><img decoding=\"async\" src=\"https:\/\/taizypackaging.com\/wp-content\/uploads\/2021\/05\/application-of-the-powder-packing-machine.jpg\" alt=\"toz paketleme makinesinin uygulanmas\u0131\" class=\"wp-image-1857\"\/><figcaption class=\"wp-element-caption\">toz paketleme makinesinin uygulanmas\u0131<\/figcaption><\/figure> <\/div>   <h2 class=\"wp-block-heading\" id=\"h-structure-of-the-milk-powder-packing-machine\">Otomatik s\u00fct tozu paketleme makinesinin yap\u0131s\u0131<\/h2>    <p>S\u00fct tozu paketleme makinesi esas olarak bir hazne, bir kal\u0131p, bir vidal\u0131 besleme cihaz\u0131, bir otomatik tart\u0131m cihaz\u0131, bir kapatma cihaz\u0131, bir \u0130ngiliz PLC ekran\u0131 ve bir elektrikli g\u00f6z izleme sisteminden olu\u015fur.<\/p>   <div class=\"wp-block-image\"> <figure class=\"aligncenter size-full\"><img decoding=\"async\" src=\"https:\/\/taizypackaging.com\/wp-content\/uploads\/2021\/05\/milk-powder-packing-machine-structure.jpg\" alt=\"s\u00fct tozu paketleme makinesi yap\u0131s\u0131\" class=\"wp-image-3549\"\/><figcaption class=\"wp-element-caption\">s\u00fct tozu paketleme makinesi yap\u0131s\u0131<\/figcaption><\/figure> <\/div>   <h2 class=\"wp-block-heading\" id=\"h-optional-devices-for-milk-powder-packing-machine\">S\u00fct tozu po\u015fet paketleme makinesi i\u00e7in iste\u011fe ba\u011fl\u0131 cihazlar<\/h2>    <ol class=\"wp-block-list\"> <li><strong>Kodlama makinesi<\/strong>. \u015eerit kodlama makinesi net bir \u015fekilde bask\u0131 yapar ve silinmesi kolay de\u011fildir. Hijyenik ve temizdir. M\u00fcrekkep kirlili\u011fi konusunda endi\u015felenmemize gerek yok.<\/li>    <li>Yapabiliriz <strong>g\u00f6zya\u015f\u0131 ekle<\/strong> Torban\u0131n y\u0131rt\u0131lmas\u0131n\u0131 kolayla\u015ft\u0131rmak i\u00e7in torba contas\u0131nda.<\/li>    <li><strong>Delme cihaz\u0131<\/strong>. \u00c7antan\u0131n kenar\u0131na, rafa as\u0131lmas\u0131 ve sergilenmesi kolay olan \u00e7e\u015fitli \u015fekillerde delikler a\u00e7\u0131n.<\/li>    <li><strong>\u00c7anta ba\u011flama cihaz\u0131.<\/strong> Cihaz, t\u00fcketici talebini kar\u015f\u0131lamak \u00fczere herhangi bir say\u0131da torban\u0131n ba\u011flanmas\u0131yla kurulabilir.<\/li> <\/ol>   <div class=\"wp-block-image\"> <figure class=\"aligncenter size-large\"><img decoding=\"async\" src=\"https:\/\/taizypackaging.com\/wp-content\/uploads\/2021\/05\/packing-sample-1.jpg\" alt=\"ambalaj \u00f6rne\u011fi\" class=\"wp-image-1982\"\/><figcaption class=\"wp-element-caption\">ambalaj \u00f6rne\u011fi<\/figcaption><\/figure> <\/div>   <h2 class=\"wp-block-heading\" id=\"how-do-you-package-milk-powder\">S\u00fct tozunu nas\u0131l paketliyorsunuz?<\/h2>   <div id=\"rank-math-howto\" class=\"rank-math-block\" > <div class=\"rank-math-howto-description\">  <\/div>  <div class=\"rank-math-steps\"> <div id=\"howto-step-1722928890591\" class=\"rank-math-step\"> <h3 class=\"rank-math-step-title\">Ambalaj filminin tak\u0131lmas\u0131<\/h3> <div class=\"rank-math-step-content\"><p>Ambalaj filmini makinenin belirlenen konumuna tak\u0131n.<\/p> <\/div> <\/div> <div id=\"howto-step-1722928838177\" class=\"rank-math-step\"> <h3 class=\"rank-math-step-title\">Makine parametrelerinin ayarlanmas\u0131<\/h3> <div class=\"rank-math-step-content\"><p>Ambalaj a\u011f\u0131rl\u0131\u011f\u0131, torba boyutu vb. gibi makinenin parametrelerini gerekti\u011fi gibi ayarlay\u0131n.<\/p> <\/div> <\/div> <div id=\"howto-step-1722928933063\" class=\"rank-math-step\"> <h3 class=\"rank-math-step-title\">S\u00fct tozunun doldurulmas\u0131<\/h3> <div class=\"rank-math-step-content\"><p>S\u00fct tozunu toz paketleme makinesinin haznesine d\u00f6k\u00fcn.<\/p> <\/div> <\/div> <div id=\"howto-step-1722928950168\" class=\"rank-math-step\"> <h3 class=\"rank-math-step-title\">Makineyi ba\u015flatma<\/h3> <div class=\"rank-math-step-content\"><p>Makineyi \u00e7al\u0131\u015ft\u0131rmak i\u00e7in toz paketleme makinesini \u00e7al\u0131\u015ft\u0131r\u0131n.<\/p> <\/div> <\/div> <div id=\"howto-step-1722994807072\" class=\"rank-math-step\"> <h3 class=\"rank-math-step-title\">S\u00fct tozunun ambalajlanmas\u0131<\/h3> <div class=\"rank-math-step-content\"><p>Makine s\u00fct tozunu ayarlanan boyuta ve a\u011f\u0131rl\u0131\u011fa g\u00f6re paketleyecektir.<\/p> <\/div> <\/div> <div id=\"howto-step-1722928998080\" class=\"rank-math-step\"> <h3 class=\"rank-math-step-title\">Paketlenmi\u015f s\u00fct tozunun toplanmas\u0131<\/h3> <div class=\"rank-math-step-content\"><p>Paketlenmi\u015f s\u00fct tozunu kartonla\u015ft\u0131r\u0131p ta\u015f\u0131maya haz\u0131rlay\u0131n.<\/p> <\/div> <\/div> <\/div> <\/div>       <h2 class=\"wp-block-heading\" id=\"h-toolboxes\">K\u00fc\u00e7\u00fck toz paketleme makinesinin alet kutular\u0131<\/h2>    <p>Bu toz paketleme makinesi bir alet kutusuyla donat\u0131lm\u0131\u015ft\u0131r. Alet kutusunda bir kesici, bir \u0131s\u0131tma borusu, bir s\u0131cakl\u0131k alg\u0131lama hatt\u0131, bir r\u00f6le ve bir film \u00e7ekme tekerle\u011fi bulunur. <\/p>    <p>Is\u0131tma borular\u0131, termokupllar, tornavidalar, ayarlanabilir anahtarlar, pirin\u00e7 f\u0131r\u00e7alar, s\u0131radan f\u0131r\u00e7alar, alt\u0131gen anahtarlar, tornavidalar ve di\u011fer aksesuarlar da taraf\u0131n\u0131za teslim edilecektir.<\/p>   <div class=\"wp-block-image\"> <figure class=\"aligncenter size-large\"><img decoding=\"async\" src=\"https:\/\/taizypackaging.com\/wp-content\/uploads\/2021\/05\/toolbox-1.jpg\" alt=\"alet kutusu\" class=\"wp-image-1859\"\/><figcaption class=\"wp-element-caption\">alet kutusu<\/figcaption><\/figure> <\/div>   <h2 class=\"wp-block-heading\" id=\"milk-powder-packing-machine-exported-to-pakistan\">S\u00fct tozu paketleme makinesi Pakistan'a ihra\u00e7 edildi <\/h2>    <p>Ocak ay\u0131nda toz po\u015fet paketleme makinemiz Pakistan\u2019a sat\u0131ld\u0131. M\u00fc\u015fteri makineyi test etti ve \u00e7al\u0131\u015ft\u0131rd\u0131. Makinenin verimlili\u011finden ve paketleme etkisinden olduk\u00e7a memnun. Bize i\u00e7tenlikle te\u015fekk\u00fcrlerini iletti. <\/p>    <p>M\u00fc\u015fterilere en tatmin edici sat\u0131n alma hizmeti deneyimini sunaca\u011f\u0131m\u0131za s\u00f6z veriyoruz. Kullan\u0131mda sorunla kar\u015f\u0131la\u015f\u0131rsan\u0131z diledi\u011finiz zaman bizimle ileti\u015fime ge\u00e7ebilirsiniz. <\/p>    <p>Yetenekli teknisyenlerimiz sizin i\u00e7in profesyonel \u00e7\u00f6z\u00fcmler \u00f6nerecektir. \u00dcstelik 10 y\u0131ld\u0131r paketleme makinesi ihracat\u0131 yap\u0131yoruz ve profesyonel ve g\u00fcveniliriz.<\/p>   <div class=\"wp-block-image\"> <figure class=\"aligncenter size-large\"><img loading=\"lazy\" decoding=\"async\" width=\"720\" height=\"540\" src=\"https:\/\/taizypackaging.com\/wp-content\/uploads\/2021\/05\/customer-feedback.jpg\" alt=\"m\u00fc\u015fteri geribildirimi\" class=\"wp-image-1860\" srcset=\"https:\/\/taizypackaging.com\/wp-content\/uploads\/2021\/05\/customer-feedback.jpg 720w, https:\/\/taizypackaging.com\/wp-content\/uploads\/2021\/05\/customer-feedback-300x225.jpg 300w\" sizes=\"auto, (max-width: 720px) 100vw, 720px\" \/><figcaption class=\"wp-element-caption\">m\u00fc\u015fteri geribildirimi<\/figcaption><\/figure> <\/div>   <h2 class=\"wp-block-heading\">M\u00fc\u015fteriler neden toz paketleme makinemizi se\u00e7iyor?<\/h2>    <p>Fabrikam\u0131zdaki i\u015f\u00e7ilerin hepsi vas\u0131fl\u0131 uzmanlard\u0131r ve makinenin her par\u00e7as\u0131n\u0131n yap\u0131s\u0131n\u0131 daha iyi anl\u0131yorlar. Ayr\u0131ca profesyonel kaynak teknolojisi konusunda iyi bir ustal\u0131\u011fa sahipler. <\/p>    <p>Profesyonel \u00fcr\u00fcn kalite denet\u00e7imiz, i\u015fin ilerlemesini ve i\u015f sonu\u00e7lar\u0131n\u0131 kontrol etmek i\u00e7in zaman zaman i\u015f\u00e7inin makinesini ziyaret edecektir.<\/p>    <p>Ayr\u0131ca kaynak ve kaplama prosed\u00fcrlerini de kontrol edecekler. Kontrol sonras\u0131nda makinelerin muayene sonu\u00e7lar\u0131n\u0131 kay\u0131t alt\u0131na alacaklar. Makine, nitelikli oldu\u011fu de\u011ferlendirilene kadar depoya kald\u0131r\u0131lmayacakt\u0131r.<\/p>    <p>Bu nedenle satt\u0131\u011f\u0131m\u0131z her makine s\u0131k\u0131 bir \u015fekilde denetlenmektedir. D\u00fc\u015f\u00fck ar\u0131za oran\u0131 ve uzun servis \u00f6mr\u00fc ile karakterizedir.<\/p>   <div class=\"wp-block-image\"> <figure class=\"aligncenter size-large\"><img decoding=\"async\" src=\"https:\/\/taizypackaging.com\/wp-content\/uploads\/2021\/05\/factory.jpg\" alt=\"paketleme makinesi fabrikam\u0131z\" class=\"wp-image-1861\"\/><figcaption class=\"wp-element-caption\">paketleme makinesi fabrikam\u0131z<\/figcaption><\/figure> <\/div>   <h2 class=\"wp-block-heading\" id=\"h-q-a\">Toz paketleme makinemiz hakk\u0131nda SSS<\/h2>   <div id=\"rank-math-faq\" class=\"rank-math-block\"> <div class=\"rank-math-list\"> <div id=\"faq-question-1722930814042\" class=\"rank-math-list-item\"> <h3 class=\"rank-math-question\">S\u00fct tozu paketleme makinesinde sorun varsa nas\u0131l \u00e7\u00f6z\u00fcl\u00fcr?<\/h3> <div class=\"rank-math-answer\">  <p>Bize bir geri bildirim videosu sa\u011flars\u0131n\u0131z, ne oldu\u011funu kontrol ederiz.<br \/>Hatal\u0131 kullan\u0131m nedeniyle makinede bir sorun ortaya \u00e7\u0131kt\u0131\u011f\u0131nda, par\u00e7alar\u0131 sizin i\u00e7in orijinal fiyat\u0131na sa\u011fl\u0131yoruz. <br \/>\u0130nsani bir suiistimal de\u011filse, par\u00e7alar\u0131 \u00fccretsiz sa\u011flayaca\u011f\u0131z.<\/p>  <\/div> <\/div> <div id=\"faq-question-1722930906361\" class=\"rank-math-list-item\"> <h3 class=\"rank-math-question\">Sevkiyatta makinenin paketleme \u015fekli nas\u0131ld\u0131r?<\/h3> <div class=\"rank-math-answer\">  <p>Makine, ambalajlamadan \u00f6nce plastik filmle sar\u0131l\u0131r; bu, denizdeki nemi \u00f6nlemek i\u00e7indir.<br \/>Gerekirse makineyi metal tel ile kapl\u0131, f\u00fcmigasyondan ar\u0131nd\u0131r\u0131lm\u0131\u015f bir tahta kutuya koyaca\u011f\u0131z.<br \/>S\u0131k\u0131 bir kalite kontrol sistemimiz var. Sevkiyattan \u00f6nce sizin i\u00e7in foto\u011fraf ve video \u00e7ekece\u011fiz.<\/p>  <\/div> <\/div> <div id=\"faq-question-1722930984396\" class=\"rank-math-list-item\"> <h3 class=\"rank-math-question\">S\u00fct helezonu toz paketleme makinesinin voltaj\u0131 nedir?<\/h3> <div class=\"rank-math-answer\">  <p>Voltaj\u0131 ihtiya\u00e7lar\u0131n\u0131za g\u00f6re \u00f6zelle\u015ftirece\u011fiz.<\/p>  <\/div> <\/div> <div id=\"faq-question-1722931008913\" class=\"rank-math-list-item\"> <h3 class=\"rank-math-question\">Garanti s\u00fcresi ne kadard\u0131r?<\/h3> <div class=\"rank-math-answer\">  <p>24 ay kalite garantisi veriyoruz. Ayn\u0131 zamanda \u00f6m\u00fcr boyu bak\u0131m sa\u011fl\u0131yoruz.<\/p>  <\/div> <\/div> <div id=\"faq-question-1722931030793\" class=\"rank-math-list-item\"> <h3 class=\"rank-math-question\">S\u00fct tozu paketleme makinesi nas\u0131l kurulur ve \u00e7al\u0131\u015ft\u0131r\u0131l\u0131r?<br><\/h3> <div class=\"rank-math-answer\">  <p>\u0130ngilizce k\u0131lavuzlar ve video e\u011fitimleri makineyi \u00e7al\u0131\u015ft\u0131rman\u0131za yard\u0131mc\u0131 olacakt\u0131r. Ayr\u0131ca size yard\u0131mc\u0131 olmas\u0131 i\u00e7in teknik \u00e7al\u0131\u015fanlar\u0131m\u0131zla ileti\u015fime ge\u00e7ebilirsiniz.<\/p>  <\/div> <\/div> <div id=\"faq-question-1722931096745\" class=\"rank-math-list-item\"> <h3 class=\"rank-math-question\">\u00d6deme yap\u0131ld\u0131ktan sonra makineyi ne kadar s\u00fcrede alabilirim?<\/h3> <div class=\"rank-math-answer\">  <p>Bu toz paketleme makinesinin stoklar\u0131 doludur. \u00d6demenizin ard\u0131ndan makineleri size g\u00f6nderece\u011fiz.<\/p>  <\/div> <\/div> <\/div> <\/div>   <h2 class=\"wp-block-heading\" id=\"conclusion\">\u00dccretsiz fiyat teklifi i\u00e7in bizimle ileti\u015fime ge\u00e7in!<\/h2>    <p>\u00c7in'in \u00f6nde gelen toz paketleme makinesi \u00fcreticilerinden biri olarak, \u00e7ok \u00e7e\u015fitli toz paketleme makineleri sunuyoruz. <\/p>    <p class=\"translation-block\">S\u00fct tozu paketleme makinesinin yan\u0131 s\u0131ra Taizy fabrikas\u0131nda <a href=\"https:\/\/taizypackaging.com\/tr\/spices-packing-machine-powder-packing-machine-type2\/\">baharat paketleme makinesi<\/a>, un paketleme makinesi ve <a href=\"https:\/\/taizypackaging.com\/tr\/semi-automatic-powder-packaging-machine-auger-filling-machine\/\">yar\u0131 otomatik toz doldurma makinesi<\/a> de sat\u0131lmaktad\u0131r. <\/p>    <p>Paketleme makinalar\u0131m\u0131z\u0131n tamam\u0131 uluslararas\u0131 standartlara g\u00f6re tasarlan\u0131p \u00fcretilmektedir. Projenize ba\u015flamak i\u00e7in bug\u00fcn bizimle ileti\u015fime ge\u00e7in!<\/p>","protected":false},"excerpt":{"rendered":"<p>Bu e\u011fimli toz paketleme makinesi, s\u00fct tozu, soya s\u00fct\u00fc tozu, susam ezmesi, nil\u00fcfer k\u00f6k\u00fc tozu vb. tozlar\u0131n otomatik \u00f6l\u00e7\u00fcm\u00fcn\u00fc ve paketlenmesini tamamlayabilir. En b\u00fcy\u00fck ambalaj a\u011f\u0131rl\u0131\u011f\u0131 80 gramd\u0131r. E\u011fimli toz paketleme tak\u0131mlar\u0131 k\u00fc\u00e7\u00fck po\u015fet ambalajlama i\u00e7in uygundur. <\/p>","protected":false},"author":1,"featured_media":3557,"parent":0,"template":"","tags":[264,275,283,375,409,436,454,457,478],"product-type":[660],"class_list":["post-1848","product","type-product","status-publish","has-post-thumbnail","hentry","tag-lotcus-root-powder","tag-medical-powder","tag-milk-powder","tag-powder-packing","tag-seasoning-powder","tag-spice","tag-suffron","tag-sulfur-powder","tag-tea-milk-powder","product-type-powder-packing-machines"],"_links":{"self":[{"href":"https:\/\/taizypackaging.com\/tr\/wp-json\/wp\/v2\/product\/1848","targetHints":{"allow":["GET"]}}],"collection":[{"href":"https:\/\/taizypackaging.com\/tr\/wp-json\/wp\/v2\/product"}],"about":[{"href":"https:\/\/taizypackaging.com\/tr\/wp-json\/wp\/v2\/types\/product"}],"author":[{"embeddable":true,"href":"https:\/\/taizypackaging.com\/tr\/wp-json\/wp\/v2\/users\/1"}],"wp:featuredmedia":[{"embeddable":true,"href":"https:\/\/taizypackaging.com\/tr\/wp-json\/wp\/v2\/media\/3557"}],"wp:attachment":[{"href":"https:\/\/taizypackaging.com\/tr\/wp-json\/wp\/v2\/media?parent=1848"}],"wp:term":[{"taxonomy":"post_tag","embeddable":true,"href":"https:\/\/taizypackaging.com\/tr\/wp-json\/wp\/v2\/tags?post=1848"},{"taxonomy":"product-type","embeddable":true,"href":"https:\/\/taizypackaging.com\/tr\/wp-json\/wp\/v2\/product-type?post=1848"}],"curies":[{"name":"wp","href":"https:\/\/api.w.org\/{rel}","templated":true}]}}